{"id":242,"date":"2025-01-31T14:36:13","date_gmt":"2025-01-31T13:36:13","guid":{"rendered":"https:\/\/www.szexshopbelvaros.com\/termek\/analdugo-barna-rokafarokkal-butt-plug-with-brown-fox-tail\/"},"modified":"2026-04-10T15:58:31","modified_gmt":"2026-04-10T13:58:31","slug":"analdugo-barna-rokafarokkal-butt-plug-with-brown-fox-tail","status":"publish","type":"product","link":"https:\/\/www.szexshopbelvaros.com\/en\/product\/analdugo-barna-rokafarokkal-butt-plug-with-brown-fox-tail\/","title":{"rendered":"Obsidian Fox \u2013 The wild instinct that starts from the back. \ud83e\udd8a"},"content":{"rendered":"<p>&nbsp;<\/p>\n<p data-start=\"313\" data-end=\"849\">This black fox tail butt plug is more than just a sex toy \u2013 it\u2019s an entrance to another world where you\u2019re the fox\u2026 or the hunter. The 6.3 cm long, 2.2 cm diameter metal plug is anatomically tapered to allow for easy penetration, while the narrow shaft ensures comfort even when left in for extended periods. The flared base is not only secure, but stylish too \u2013 especially when the 40 cm long, fluffy, black faux fur tail wags behind it as a warning that something different is happening tonight.<\/p>\n<p data-start=\"851\" data-end=\"1237\">This non-vibrating, fully mechanical anal dilator contains no electrical parts, making it easy to clean, and can be used with any lubricant \u2014 water-based, silicone, hybrid, whatever your fox desires. A unisex sex toy that both women and men can enjoy, whether it&#039;s for cosplay, dominance play, or just an extra tail-snapping experience that won&#039;t leave anyone indifferent.<\/p>\n<p data-start=\"1239\" data-end=\"1335\">Because it's <em data-start=\"1247\" data-end=\"1261\">Obsidian Fox<\/em> , he doesn't ask if you're ready \u2014 he just slips in and the story starts to happen.<\/p>","protected":false},"excerpt":{"rendered":"<p>&nbsp; Ez a fekete r\u00f3kafarokkal ell\u00e1tott an\u00e1ldug\u00f3 nem csak egy szexj\u00e1t\u00e9k \u2013 ez egy bel\u00e9p\u0151 egy m\u00e1sik vil\u00e1gba, ahol te vagy a r\u00f3ka\u2026 vagy \u00e9pp a vad\u00e1sz. A 6,3 cm hossz\u00fa, 2,2 cm \u00e1tm\u00e9r\u0151j\u0171, f\u00e9m dug\u00f3 anat\u00f3miailag k\u00fap form\u00e1j\u00fa, hogy k\u00f6nnyed behatol\u00e1st biztos\u00edtson, a keskeny t\u0151 pedig garant\u00e1lja a komfortos visel\u00e9st akkor is, ha hosszabb [&#8230;]\n","protected":false},"featured_media":1647,"comment_status":"closed","ping_status":"closed","template":"","meta":[],"product_brand":[],"product_cat":[135,86],"product_tag":[289,684,418,676,694,1392,1393,424,1985,1984,1982,1981,1986,1983,1381,1318,698,695,1904,1980],"class_list":{"0":"post-242","1":"product","2":"type-product","3":"status-publish","4":"has-post-thumbnail","6":"product_cat-anal","7":"product_cat-analdugok-prosztata-masszirozok","8":"product_tag-allatos-szerepjatek","9":"product_tag-anal-dugo","10":"product_tag-anal-jatek","11":"product_tag-anal-play","12":"product_tag-anal-plug","13":"product_tag-anal-stimulacio","14":"product_tag-anal-stimulation","15":"product_tag-anal-toy","16":"product_tag-animal-roleplay","17":"product_tag-black-fox-tail","18":"product_tag-cosplay-kiegeszito","19":"product_tag-fekete-rokafarok","20":"product_tag-fetish-costume-accessory","21":"product_tag-fox-tail-plug","22":"product_tag-hatso-jatek","23":"product_tag-intimate-toy","24":"product_tag-p-spot-toy","25":"product_tag-prostate-massager","26":"product_tag-prosztata-masszirozo","27":"product_tag-rokafarok","29":"first","30":"outofstock","31":"taxable","32":"shipping-taxable","33":"purchasable","34":"product-type-simple"},"yoast_head":"<!-- This site is optimized with the Yoast SEO plugin v27.4 - https:\/\/yoast.com\/product\/yoast-seo-wordpress\/ -->\n<title>Obsidian Fox \u2013 A vad \u00f6szt\u00f6n, ami h\u00e1ts\u00f3b\u00f3l indul. \ud83e\udd8a - Szexshop Belvaros<\/title>\n<meta name=\"robots\" content=\"index, follow, max-snippet:-1, max-image-preview:large, max-video-preview:-1\" \/>\n<link rel=\"canonical\" href=\"https:\/\/www.szexshopbelvaros.com\/en\/product\/analdugo-barna-rokafarokkal-butt-plug-with-brown-fox-tail\/\" \/>\n<meta property=\"og:locale\" content=\"en_US\" \/>\n<meta property=\"og:type\" content=\"article\" \/>\n<meta property=\"og:title\" content=\"Obsidian Fox \u2013 A vad \u00f6szt\u00f6n, ami h\u00e1ts\u00f3b\u00f3l indul. \ud83e\udd8a - Szexshop Belvaros\" \/>\n<meta property=\"og:description\" content=\"&nbsp; Ez a fekete r\u00f3kafarokkal ell\u00e1tott an\u00e1ldug\u00f3 nem csak egy szexj\u00e1t\u00e9k \u2013 ez egy bel\u00e9p\u0151 egy m\u00e1sik vil\u00e1gba, ahol te vagy a r\u00f3ka\u2026 vagy \u00e9pp a vad\u00e1sz. A 6,3 cm hossz\u00fa, 2,2 cm \u00e1tm\u00e9r\u0151j\u0171, f\u00e9m dug\u00f3 anat\u00f3miailag k\u00fap form\u00e1j\u00fa, hogy k\u00f6nnyed behatol\u00e1st biztos\u00edtson, a keskeny t\u0151 pedig garant\u00e1lja a komfortos visel\u00e9st akkor is, ha hosszabb [...]\" \/>\n<meta property=\"og:url\" content=\"https:\/\/www.szexshopbelvaros.com\/en\/product\/analdugo-barna-rokafarokkal-butt-plug-with-brown-fox-tail\/\" \/>\n<meta property=\"og:site_name\" content=\"Szexshop Belvaros\" \/>\n<meta property=\"article:publisher\" content=\"https:\/\/www.facebook.com\/belvarossecrets\/\" \/>\n<meta property=\"article:modified_time\" content=\"2026-04-10T13:58:31+00:00\" \/>\n<meta name=\"twitter:card\" content=\"summary_large_image\" \/>\n<meta name=\"twitter:site\" content=\"@belvarossecrets\" \/>\n<meta name=\"twitter:label1\" content=\"Est. reading time\" \/>\n\t<meta name=\"twitter:data1\" content=\"2 minutes\" \/>\n<script type=\"application\/ld+json\" class=\"yoast-schema-graph\">{\"@context\":\"https:\\\/\\\/schema.org\",\"@graph\":[{\"@type\":\"WebPage\",\"@id\":\"https:\\\/\\\/www.szexshopbelvaros.com\\\/termek\\\/analdugo-barna-rokafarokkal-butt-plug-with-brown-fox-tail\\\/\",\"url\":\"https:\\\/\\\/www.szexshopbelvaros.com\\\/termek\\\/analdugo-barna-rokafarokkal-butt-plug-with-brown-fox-tail\\\/\",\"name\":\"Obsidian Fox \u2013 A vad \u00f6szt\u00f6n, ami h\u00e1ts\u00f3b\u00f3l indul. \ud83e\udd8a - Szexshop Belvaros\",\"isPartOf\":{\"@id\":\"https:\\\/\\\/www.szexshopbelvaros.com\\\/#website\"},\"primaryImageOfPage\":{\"@id\":\"https:\\\/\\\/www.szexshopbelvaros.com\\\/termek\\\/analdugo-barna-rokafarokkal-butt-plug-with-brown-fox-tail\\\/#primaryimage\"},\"image\":{\"@id\":\"https:\\\/\\\/www.szexshopbelvaros.com\\\/termek\\\/analdugo-barna-rokafarokkal-butt-plug-with-brown-fox-tail\\\/#primaryimage\"},\"thumbnailUrl\":\"https:\\\/\\\/www.szexshopbelvaros.com\\\/wp-content\\\/uploads\\\/2025\\\/01\\\/67be23c1f4c0e01be071a49a.avif\",\"datePublished\":\"2025-01-31T13:36:13+00:00\",\"dateModified\":\"2026-04-10T13:58:31+00:00\",\"breadcrumb\":{\"@id\":\"https:\\\/\\\/www.szexshopbelvaros.com\\\/termek\\\/analdugo-barna-rokafarokkal-butt-plug-with-brown-fox-tail\\\/#breadcrumb\"},\"inLanguage\":\"en-US\",\"potentialAction\":[{\"@type\":\"ReadAction\",\"target\":[\"https:\\\/\\\/www.szexshopbelvaros.com\\\/termek\\\/analdugo-barna-rokafarokkal-butt-plug-with-brown-fox-tail\\\/\"]}]},{\"@type\":\"ImageObject\",\"inLanguage\":\"en-US\",\"@id\":\"https:\\\/\\\/www.szexshopbelvaros.com\\\/termek\\\/analdugo-barna-rokafarokkal-butt-plug-with-brown-fox-tail\\\/#primaryimage\",\"url\":\"https:\\\/\\\/www.szexshopbelvaros.com\\\/wp-content\\\/uploads\\\/2025\\\/01\\\/67be23c1f4c0e01be071a49a.avif\",\"contentUrl\":\"https:\\\/\\\/www.szexshopbelvaros.com\\\/wp-content\\\/uploads\\\/2025\\\/01\\\/67be23c1f4c0e01be071a49a.avif\",\"width\":1200,\"height\":675},{\"@type\":\"BreadcrumbList\",\"@id\":\"https:\\\/\\\/www.szexshopbelvaros.com\\\/termek\\\/analdugo-barna-rokafarokkal-butt-plug-with-brown-fox-tail\\\/#breadcrumb\",\"itemListElement\":[{\"@type\":\"ListItem\",\"position\":1,\"name\":\"Home\",\"item\":\"https:\\\/\\\/www.szexshopbelvaros.com\\\/\"},{\"@type\":\"ListItem\",\"position\":2,\"name\":\"\u00c1ruh\u00e1z\",\"item\":\"https:\\\/\\\/www.szexshopbelvaros.com\\\/uzlet\\\/\"},{\"@type\":\"ListItem\",\"position\":3,\"name\":\"Obsidian Fox \u2013 A vad \u00f6szt\u00f6n, ami h\u00e1ts\u00f3b\u00f3l indul. \ud83e\udd8a\"}]},{\"@type\":\"WebSite\",\"@id\":\"https:\\\/\\\/www.szexshopbelvaros.com\\\/#website\",\"url\":\"https:\\\/\\\/www.szexshopbelvaros.com\\\/\",\"name\":\"Szexshop Belv\u00e1ros\",\"description\":\"\ud83d\udd25 A szex olyan, mint a p\u00e9nz; csak a t\u00fal sok el\u00e9g!\u2122 Titkok a belv\u00e1rosb\u00f3l \ud83d\udc8b | Secrets from Budapest \ud83d\udc8e Feln\u0151tt j\u00e1t\u00e9kok \u2022 Erotika \u2022 Szexshop Belvaros\",\"publisher\":{\"@id\":\"https:\\\/\\\/www.szexshopbelvaros.com\\\/#organization\"},\"potentialAction\":[{\"@type\":\"SearchAction\",\"target\":{\"@type\":\"EntryPoint\",\"urlTemplate\":\"https:\\\/\\\/www.szexshopbelvaros.com\\\/?s={search_term_string}\"},\"query-input\":{\"@type\":\"PropertyValueSpecification\",\"valueRequired\":true,\"valueName\":\"search_term_string\"}}],\"inLanguage\":\"en-US\"},{\"@type\":\"Organization\",\"@id\":\"https:\\\/\\\/www.szexshopbelvaros.com\\\/#organization\",\"name\":\"Szexshop Belv\u00e1ros\",\"alternateName\":\"szexshopbelvaros.com\",\"url\":\"https:\\\/\\\/www.szexshopbelvaros.com\\\/\",\"logo\":{\"@type\":\"ImageObject\",\"inLanguage\":\"en-US\",\"@id\":\"https:\\\/\\\/www.szexshopbelvaros.com\\\/#\\\/schema\\\/logo\\\/image\\\/\",\"url\":\"https:\\\/\\\/www.szexshopbelvaros.com\\\/wp-content\\\/uploads\\\/2025\\\/09\\\/1Szexshopbelvaroslogo_blurred_stronger.jpg\",\"contentUrl\":\"https:\\\/\\\/www.szexshopbelvaros.com\\\/wp-content\\\/uploads\\\/2025\\\/09\\\/1Szexshopbelvaroslogo_blurred_stronger.jpg\",\"width\":1024,\"height\":1024,\"caption\":\"Szexshop Belv\u00e1ros\"},\"image\":{\"@id\":\"https:\\\/\\\/www.szexshopbelvaros.com\\\/#\\\/schema\\\/logo\\\/image\\\/\"},\"sameAs\":[\"https:\\\/\\\/www.facebook.com\\\/belvarossecrets\\\/\",\"https:\\\/\\\/x.com\\\/belvarossecrets\",\"https:\\\/\\\/www.instagram.com\\\/belvarossecrets\\\/\",\"https:\\\/\\\/www.tiktok.com\\\/@belvarossecrets\"]}]}<\/script>\n<!-- \/ Yoast SEO plugin. -->","yoast_head_json":{"title":"Obsidian Fox \u2013 The wild instinct that starts from the back. \ud83e\udd8a - Szexshop Belvaros","robots":{"index":"index","follow":"follow","max-snippet":"max-snippet:-1","max-image-preview":"max-image-preview:large","max-video-preview":"max-video-preview:-1"},"canonical":"https:\/\/www.szexshopbelvaros.com\/en\/product\/analdugo-barna-rokafarokkal-butt-plug-with-brown-fox-tail\/","og_locale":"en_US","og_type":"article","og_title":"Obsidian Fox \u2013 A vad \u00f6szt\u00f6n, ami h\u00e1ts\u00f3b\u00f3l indul. \ud83e\udd8a - Szexshop Belvaros","og_description":"&nbsp; Ez a fekete r\u00f3kafarokkal ell\u00e1tott an\u00e1ldug\u00f3 nem csak egy szexj\u00e1t\u00e9k \u2013 ez egy bel\u00e9p\u0151 egy m\u00e1sik vil\u00e1gba, ahol te vagy a r\u00f3ka\u2026 vagy \u00e9pp a vad\u00e1sz. A 6,3 cm hossz\u00fa, 2,2 cm \u00e1tm\u00e9r\u0151j\u0171, f\u00e9m dug\u00f3 anat\u00f3miailag k\u00fap form\u00e1j\u00fa, hogy k\u00f6nnyed behatol\u00e1st biztos\u00edtson, a keskeny t\u0151 pedig garant\u00e1lja a komfortos visel\u00e9st akkor is, ha hosszabb [...]","og_url":"https:\/\/www.szexshopbelvaros.com\/en\/product\/analdugo-barna-rokafarokkal-butt-plug-with-brown-fox-tail\/","og_site_name":"Szexshop Belvaros","article_publisher":"https:\/\/www.facebook.com\/belvarossecrets\/","article_modified_time":"2026-04-10T13:58:31+00:00","twitter_card":"summary_large_image","twitter_site":"@belvarossecrets","twitter_misc":{"Est. reading time":"2 minutes"},"schema":{"@context":"https:\/\/schema.org","@graph":[{"@type":"WebPage","@id":"https:\/\/www.szexshopbelvaros.com\/termek\/analdugo-barna-rokafarokkal-butt-plug-with-brown-fox-tail\/","url":"https:\/\/www.szexshopbelvaros.com\/termek\/analdugo-barna-rokafarokkal-butt-plug-with-brown-fox-tail\/","name":"Obsidian Fox \u2013 The wild instinct that starts from the back. \ud83e\udd8a - Szexshop Belvaros","isPartOf":{"@id":"https:\/\/www.szexshopbelvaros.com\/#website"},"primaryImageOfPage":{"@id":"https:\/\/www.szexshopbelvaros.com\/termek\/analdugo-barna-rokafarokkal-butt-plug-with-brown-fox-tail\/#primaryimage"},"image":{"@id":"https:\/\/www.szexshopbelvaros.com\/termek\/analdugo-barna-rokafarokkal-butt-plug-with-brown-fox-tail\/#primaryimage"},"thumbnailUrl":"https:\/\/www.szexshopbelvaros.com\/wp-content\/uploads\/2025\/01\/67be23c1f4c0e01be071a49a.avif","datePublished":"2025-01-31T13:36:13+00:00","dateModified":"2026-04-10T13:58:31+00:00","breadcrumb":{"@id":"https:\/\/www.szexshopbelvaros.com\/termek\/analdugo-barna-rokafarokkal-butt-plug-with-brown-fox-tail\/#breadcrumb"},"inLanguage":"en-US","potentialAction":[{"@type":"ReadAction","target":["https:\/\/www.szexshopbelvaros.com\/termek\/analdugo-barna-rokafarokkal-butt-plug-with-brown-fox-tail\/"]}]},{"@type":"ImageObject","inLanguage":"en-US","@id":"https:\/\/www.szexshopbelvaros.com\/termek\/analdugo-barna-rokafarokkal-butt-plug-with-brown-fox-tail\/#primaryimage","url":"https:\/\/www.szexshopbelvaros.com\/wp-content\/uploads\/2025\/01\/67be23c1f4c0e01be071a49a.avif","contentUrl":"https:\/\/www.szexshopbelvaros.com\/wp-content\/uploads\/2025\/01\/67be23c1f4c0e01be071a49a.avif","width":1200,"height":675},{"@type":"BreadcrumbList","@id":"https:\/\/www.szexshopbelvaros.com\/termek\/analdugo-barna-rokafarokkal-butt-plug-with-brown-fox-tail\/#breadcrumb","itemListElement":[{"@type":"ListItem","position":1,"name":"Home","item":"https:\/\/www.szexshopbelvaros.com\/"},{"@type":"ListItem","position":2,"name":"\u00c1ruh\u00e1z","item":"https:\/\/www.szexshopbelvaros.com\/uzlet\/"},{"@type":"ListItem","position":3,"name":"Obsidian Fox \u2013 A vad \u00f6szt\u00f6n, ami h\u00e1ts\u00f3b\u00f3l indul. \ud83e\udd8a"}]},{"@type":"WebSite","@id":"https:\/\/www.szexshopbelvaros.com\/#website","url":"https:\/\/www.szexshopbelvaros.com\/","name":"at our Szexshop Belv\u00e1ros","description":"\ud83d\udd25 Sex is like money; only too much is enough!\u2122 Secrets from the city center \ud83d\udc8b | Secrets from Budapest \ud83d\udc8e Adult games \u2022 Erotica \u2022 Sex shop Belvaros","publisher":{"@id":"https:\/\/www.szexshopbelvaros.com\/#organization"},"potentialAction":[{"@type":"SearchAction","target":{"@type":"EntryPoint","urlTemplate":"https:\/\/www.szexshopbelvaros.com\/?s={search_term_string}"},"query-input":{"@type":"PropertyValueSpecification","valueRequired":true,"valueName":"search_term_string"}}],"inLanguage":"en-US"},{"@type":"Organization","@id":"https:\/\/www.szexshopbelvaros.com\/#organization","name":"at our Szexshop Belv\u00e1ros","alternateName":"szexshopbelvaros.com","url":"https:\/\/www.szexshopbelvaros.com\/","logo":{"@type":"ImageObject","inLanguage":"en-US","@id":"https:\/\/www.szexshopbelvaros.com\/#\/schema\/logo\/image\/","url":"https:\/\/www.szexshopbelvaros.com\/wp-content\/uploads\/2025\/09\/1Szexshopbelvaroslogo_blurred_stronger.jpg","contentUrl":"https:\/\/www.szexshopbelvaros.com\/wp-content\/uploads\/2025\/09\/1Szexshopbelvaroslogo_blurred_stronger.jpg","width":1024,"height":1024,"caption":"Szexshop Belv\u00e1ros"},"image":{"@id":"https:\/\/www.szexshopbelvaros.com\/#\/schema\/logo\/image\/"},"sameAs":["https:\/\/www.facebook.com\/belvarossecrets\/","https:\/\/x.com\/belvarossecrets","https:\/\/www.instagram.com\/belvarossecrets\/","https:\/\/www.tiktok.com\/@belvarossecrets"]}]}},"_links":{"self":[{"href":"https:\/\/www.szexshopbelvaros.com\/en\/wp-json\/wp\/v2\/product\/242","targetHints":{"allow":["GET"]}}],"collection":[{"href":"https:\/\/www.szexshopbelvaros.com\/en\/wp-json\/wp\/v2\/product"}],"about":[{"href":"https:\/\/www.szexshopbelvaros.com\/en\/wp-json\/wp\/v2\/types\/product"}],"replies":[{"embeddable":true,"href":"https:\/\/www.szexshopbelvaros.com\/en\/wp-json\/wp\/v2\/comments?post=242"}],"wp:featuredmedia":[{"embeddable":true,"href":"https:\/\/www.szexshopbelvaros.com\/en\/wp-json\/wp\/v2\/media\/1647"}],"wp:attachment":[{"href":"https:\/\/www.szexshopbelvaros.com\/en\/wp-json\/wp\/v2\/media?parent=242"}],"wp:term":[{"taxonomy":"product_brand","embeddable":true,"href":"https:\/\/www.szexshopbelvaros.com\/en\/wp-json\/wp\/v2\/product_brand?post=242"},{"taxonomy":"product_cat","embeddable":true,"href":"https:\/\/www.szexshopbelvaros.com\/en\/wp-json\/wp\/v2\/product_cat?post=242"},{"taxonomy":"product_tag","embeddable":true,"href":"https:\/\/www.szexshopbelvaros.com\/en\/wp-json\/wp\/v2\/product_tag?post=242"}],"curies":[{"name":"wp","href":"https:\/\/api.w.org\/{rel}","templated":true}]}}