{"id":244,"date":"2025-01-31T14:36:13","date_gmt":"2025-01-31T13:36:13","guid":{"rendered":"https:\/\/www.szexshopbelvaros.com\/termek\/nyitott-szaj-piros-szajpocok-open-mouth-gag-red\/"},"modified":"2026-04-27T14:10:21","modified_gmt":"2026-04-27T12:10:21","slug":"nyitott-szaj-piros-szajpocok-open-mouth-gag-red","status":"publish","type":"product","link":"https:\/\/www.szexshopbelvaros.com\/en\/product\/nyitott-szaj-piros-szajpocok-open-mouth-gag-red\/","title":{"rendered":"\ud83d\ude32 Red Wide Open \u2013 When Your Mouth Has No Say"},"content":{"rendered":"<p data-start=\"259\" data-end=\"864\">This is not just a mouthpiece, this is a <em data-start=\"356\" data-end=\"406\">silenced obedient commander<\/em>! The Red Wide Open mouthpiece is a blood-curdling red color, 4 cm in diameter, made of  ABS that not only leaves your partner's mouth wide open, but also makes the hole as exposed as the evening desires. With the adjustable strap, you can adjust it to fit like a perverted shoelace, and the dominance game can begin, where you are the master, and they just keep their mouth open... A classic BDSM and fetish accessory for those who don't want to ask questions, but to command.<\/p>\n<p data-start=\"866\" data-end=\"1010\">Red Wide Open is available at <a class=\"\" href=\"https:\/\/www.szexshopbelvaros.com\/en\/\" target=\"_new\" rel=\"noopener\" data-start=\"901\" data-end=\"953\">szexshopbelvaros.com.<\/a> \u2013 where openness takes on a whole new meaning.<\/p>\n<p>&nbsp;<\/p>","protected":false},"excerpt":{"rendered":"<p>Ez nem csak egy sz\u00e1jpecek, ez egy hangtomp\u00edt\u00f3val felszerelt engedelmess\u00e9gi parancs! A Red Wide Open nyitott sz\u00e1jp\u00f6c\u00f6k egy v\u00e9rpezsd\u00edt\u0151en piros, 4 cm \u00e1tm\u00e9r\u0151j\u0171 ABS cucc, ami nem csak t\u00e1tva hagyja a partnered sz\u00e1j\u00e1t, de pont annyira szabadd\u00e1 is teszi a lyukat, amennyire az este k\u00edv\u00e1nja. Az \u00e1ll\u00edthat\u00f3 p\u00e1nttal \u00fagy m\u00e9retre szabod, mint egy perverz cip\u0151f\u0171z\u0151t, [&#8230;]\n","protected":false},"featured_media":245,"comment_status":"closed","ping_status":"closed","template":"","meta":[],"product_brand":[],"product_cat":[52,2006],"product_tag":[309,321,1410,372,316,308,389,2008,733,317,715,1625,2013],"class_list":{"0":"post-244","1":"product","2":"type-product","3":"status-publish","4":"has-post-thumbnail","6":"product_cat-bdsm","7":"product_cat-dominancia-alavetettseg","8":"product_tag-alavetettseg","9":"product_tag-bdsm","10":"product_tag-bdsm-toy","11":"product_tag-bondage","12":"product_tag-dominance","13":"product_tag-dominancia","14":"product_tag-felnott-jatek","15":"product_tag-kink","16":"product_tag-power-exchange","17":"product_tag-submission","18":"product_tag-szadomazo-kellek","19":"product_tag-szerepjatek","20":"product_tag-uralom","22":"first","23":"instock","24":"taxable","25":"shipping-taxable","26":"purchasable","27":"product-type-simple"},"yoast_head":"<!-- This site is optimized with the Yoast SEO plugin v27.5 - https:\/\/yoast.com\/product\/yoast-seo-wordpress\/ -->\n<title>\ud83d\ude32 Red Wide Open \u2013 Amikor a Sz\u00e1dnak Nincs Belesz\u00f3l\u00e1sa - Szexshop Belvaros<\/title>\n<meta name=\"robots\" content=\"index, follow, max-snippet:-1, max-image-preview:large, max-video-preview:-1\" \/>\n<link rel=\"canonical\" href=\"https:\/\/www.szexshopbelvaros.com\/en\/product\/nyitott-szaj-piros-szajpocok-open-mouth-gag-red\/\" \/>\n<meta property=\"og:locale\" content=\"en_US\" \/>\n<meta property=\"og:type\" content=\"article\" \/>\n<meta property=\"og:title\" content=\"\ud83d\ude32 Red Wide Open \u2013 Amikor a Sz\u00e1dnak Nincs Belesz\u00f3l\u00e1sa - Szexshop Belvaros\" \/>\n<meta property=\"og:description\" content=\"Ez nem csak egy sz\u00e1jpecek, ez egy hangtomp\u00edt\u00f3val felszerelt engedelmess\u00e9gi parancs! A Red Wide Open nyitott sz\u00e1jp\u00f6c\u00f6k egy v\u00e9rpezsd\u00edt\u0151en piros, 4 cm \u00e1tm\u00e9r\u0151j\u0171 ABS cucc, ami nem csak t\u00e1tva hagyja a partnered sz\u00e1j\u00e1t, de pont annyira szabadd\u00e1 is teszi a lyukat, amennyire az este k\u00edv\u00e1nja. Az \u00e1ll\u00edthat\u00f3 p\u00e1nttal \u00fagy m\u00e9retre szabod, mint egy perverz cip\u0151f\u0171z\u0151t, [...]\" \/>\n<meta property=\"og:url\" content=\"https:\/\/www.szexshopbelvaros.com\/en\/product\/nyitott-szaj-piros-szajpocok-open-mouth-gag-red\/\" \/>\n<meta property=\"og:site_name\" content=\"Szexshop Belvaros\" \/>\n<meta property=\"article:publisher\" content=\"https:\/\/www.facebook.com\/belvarossecrets\/\" \/>\n<meta property=\"article:modified_time\" content=\"2026-04-27T12:10:21+00:00\" \/>\n<meta property=\"og:image\" content=\"https:\/\/www.szexshopbelvaros.com\/wp-content\/uploads\/2025\/01\/4b8c0066-852e-11ee-8de2-8691292f2281_ew0033.jpg\" \/>\n\t<meta property=\"og:image:width\" content=\"1200\" \/>\n\t<meta property=\"og:image:height\" content=\"675\" \/>\n\t<meta property=\"og:image:type\" content=\"image\/jpeg\" \/>\n<meta name=\"twitter:card\" content=\"summary_large_image\" \/>\n<meta name=\"twitter:site\" content=\"@belvarossecrets\" \/>\n<meta name=\"twitter:label1\" content=\"Est. reading time\" \/>\n\t<meta name=\"twitter:data1\" content=\"1 minute\" \/>\n<script type=\"application\/ld+json\" class=\"yoast-schema-graph\">{\"@context\":\"https:\\\/\\\/schema.org\",\"@graph\":[{\"@type\":\"WebPage\",\"@id\":\"https:\\\/\\\/www.szexshopbelvaros.com\\\/termek\\\/nyitott-szaj-piros-szajpocok-open-mouth-gag-red\\\/\",\"url\":\"https:\\\/\\\/www.szexshopbelvaros.com\\\/termek\\\/nyitott-szaj-piros-szajpocok-open-mouth-gag-red\\\/\",\"name\":\"\ud83d\ude32 Red Wide Open \u2013 Amikor a Sz\u00e1dnak Nincs Belesz\u00f3l\u00e1sa - Szexshop Belvaros\",\"isPartOf\":{\"@id\":\"https:\\\/\\\/www.szexshopbelvaros.com\\\/#website\"},\"primaryImageOfPage\":{\"@id\":\"https:\\\/\\\/www.szexshopbelvaros.com\\\/termek\\\/nyitott-szaj-piros-szajpocok-open-mouth-gag-red\\\/#primaryimage\"},\"image\":{\"@id\":\"https:\\\/\\\/www.szexshopbelvaros.com\\\/termek\\\/nyitott-szaj-piros-szajpocok-open-mouth-gag-red\\\/#primaryimage\"},\"thumbnailUrl\":\"https:\\\/\\\/www.szexshopbelvaros.com\\\/wp-content\\\/uploads\\\/2025\\\/01\\\/4b8c0066-852e-11ee-8de2-8691292f2281_ew0033.jpg\",\"datePublished\":\"2025-01-31T13:36:13+00:00\",\"dateModified\":\"2026-04-27T12:10:21+00:00\",\"breadcrumb\":{\"@id\":\"https:\\\/\\\/www.szexshopbelvaros.com\\\/termek\\\/nyitott-szaj-piros-szajpocok-open-mouth-gag-red\\\/#breadcrumb\"},\"inLanguage\":\"en-US\",\"potentialAction\":[{\"@type\":\"ReadAction\",\"target\":[\"https:\\\/\\\/www.szexshopbelvaros.com\\\/termek\\\/nyitott-szaj-piros-szajpocok-open-mouth-gag-red\\\/\"]}]},{\"@type\":\"ImageObject\",\"inLanguage\":\"en-US\",\"@id\":\"https:\\\/\\\/www.szexshopbelvaros.com\\\/termek\\\/nyitott-szaj-piros-szajpocok-open-mouth-gag-red\\\/#primaryimage\",\"url\":\"https:\\\/\\\/www.szexshopbelvaros.com\\\/wp-content\\\/uploads\\\/2025\\\/01\\\/4b8c0066-852e-11ee-8de2-8691292f2281_ew0033.jpg\",\"contentUrl\":\"https:\\\/\\\/www.szexshopbelvaros.com\\\/wp-content\\\/uploads\\\/2025\\\/01\\\/4b8c0066-852e-11ee-8de2-8691292f2281_ew0033.jpg\",\"width\":1200,\"height\":675},{\"@type\":\"BreadcrumbList\",\"@id\":\"https:\\\/\\\/www.szexshopbelvaros.com\\\/termek\\\/nyitott-szaj-piros-szajpocok-open-mouth-gag-red\\\/#breadcrumb\",\"itemListElement\":[{\"@type\":\"ListItem\",\"position\":1,\"name\":\"Home\",\"item\":\"https:\\\/\\\/www.szexshopbelvaros.com\\\/\"},{\"@type\":\"ListItem\",\"position\":2,\"name\":\"\u00c1ruh\u00e1z\",\"item\":\"https:\\\/\\\/www.szexshopbelvaros.com\\\/uzlet\\\/\"},{\"@type\":\"ListItem\",\"position\":3,\"name\":\"\ud83d\ude32 Red Wide Open \u2013 Amikor a Sz\u00e1dnak Nincs Belesz\u00f3l\u00e1sa\"}]},{\"@type\":\"WebSite\",\"@id\":\"https:\\\/\\\/www.szexshopbelvaros.com\\\/#website\",\"url\":\"https:\\\/\\\/www.szexshopbelvaros.com\\\/\",\"name\":\"Szexshop Belv\u00e1ros\",\"description\":\"\ud83d\udd25 A szex olyan, mint a p\u00e9nz; csak a t\u00fal sok el\u00e9g!\u2122 Titkok a belv\u00e1rosb\u00f3l \ud83d\udc8b | Secrets from Budapest \ud83d\udc8e Feln\u0151tt j\u00e1t\u00e9kok \u2022 Erotika \u2022 Szexshop Belvaros\",\"publisher\":{\"@id\":\"https:\\\/\\\/www.szexshopbelvaros.com\\\/#organization\"},\"potentialAction\":[{\"@type\":\"SearchAction\",\"target\":{\"@type\":\"EntryPoint\",\"urlTemplate\":\"https:\\\/\\\/www.szexshopbelvaros.com\\\/?s={search_term_string}\"},\"query-input\":{\"@type\":\"PropertyValueSpecification\",\"valueRequired\":true,\"valueName\":\"search_term_string\"}}],\"inLanguage\":\"en-US\"},{\"@type\":\"Organization\",\"@id\":\"https:\\\/\\\/www.szexshopbelvaros.com\\\/#organization\",\"name\":\"Szexshop Belv\u00e1ros\",\"alternateName\":\"szexshopbelvaros.com\",\"url\":\"https:\\\/\\\/www.szexshopbelvaros.com\\\/\",\"logo\":{\"@type\":\"ImageObject\",\"inLanguage\":\"en-US\",\"@id\":\"https:\\\/\\\/www.szexshopbelvaros.com\\\/#\\\/schema\\\/logo\\\/image\\\/\",\"url\":\"https:\\\/\\\/www.szexshopbelvaros.com\\\/wp-content\\\/uploads\\\/2025\\\/09\\\/1Szexshopbelvaroslogo_blurred_stronger.jpg\",\"contentUrl\":\"https:\\\/\\\/www.szexshopbelvaros.com\\\/wp-content\\\/uploads\\\/2025\\\/09\\\/1Szexshopbelvaroslogo_blurred_stronger.jpg\",\"width\":1024,\"height\":1024,\"caption\":\"Szexshop Belv\u00e1ros\"},\"image\":{\"@id\":\"https:\\\/\\\/www.szexshopbelvaros.com\\\/#\\\/schema\\\/logo\\\/image\\\/\"},\"sameAs\":[\"https:\\\/\\\/www.facebook.com\\\/belvarossecrets\\\/\",\"https:\\\/\\\/x.com\\\/belvarossecrets\",\"https:\\\/\\\/www.instagram.com\\\/belvarossecrets\\\/\",\"https:\\\/\\\/www.tiktok.com\\\/@belvarossecrets\"]}]}<\/script>\n<!-- \/ Yoast SEO plugin. -->","yoast_head_json":{"title":"\ud83d\ude32 Red Wide Open \u2013 When the Mouth Has No Say - Sexshop Belvaros","robots":{"index":"index","follow":"follow","max-snippet":"max-snippet:-1","max-image-preview":"max-image-preview:large","max-video-preview":"max-video-preview:-1"},"canonical":"https:\/\/www.szexshopbelvaros.com\/en\/product\/nyitott-szaj-piros-szajpocok-open-mouth-gag-red\/","og_locale":"en_US","og_type":"article","og_title":"\ud83d\ude32 Red Wide Open \u2013 Amikor a Sz\u00e1dnak Nincs Belesz\u00f3l\u00e1sa - Szexshop Belvaros","og_description":"Ez nem csak egy sz\u00e1jpecek, ez egy hangtomp\u00edt\u00f3val felszerelt engedelmess\u00e9gi parancs! A Red Wide Open nyitott sz\u00e1jp\u00f6c\u00f6k egy v\u00e9rpezsd\u00edt\u0151en piros, 4 cm \u00e1tm\u00e9r\u0151j\u0171 ABS cucc, ami nem csak t\u00e1tva hagyja a partnered sz\u00e1j\u00e1t, de pont annyira szabadd\u00e1 is teszi a lyukat, amennyire az este k\u00edv\u00e1nja. Az \u00e1ll\u00edthat\u00f3 p\u00e1nttal \u00fagy m\u00e9retre szabod, mint egy perverz cip\u0151f\u0171z\u0151t, [...]","og_url":"https:\/\/www.szexshopbelvaros.com\/en\/product\/nyitott-szaj-piros-szajpocok-open-mouth-gag-red\/","og_site_name":"Szexshop Belvaros","article_publisher":"https:\/\/www.facebook.com\/belvarossecrets\/","article_modified_time":"2026-04-27T12:10:21+00:00","og_image":[{"width":1200,"height":675,"url":"https:\/\/www.szexshopbelvaros.com\/wp-content\/uploads\/2025\/01\/4b8c0066-852e-11ee-8de2-8691292f2281_ew0033.jpg","type":"image\/jpeg"}],"twitter_card":"summary_large_image","twitter_site":"@belvarossecrets","twitter_misc":{"Est. reading time":"1 minute"},"schema":{"@context":"https:\/\/schema.org","@graph":[{"@type":"WebPage","@id":"https:\/\/www.szexshopbelvaros.com\/termek\/nyitott-szaj-piros-szajpocok-open-mouth-gag-red\/","url":"https:\/\/www.szexshopbelvaros.com\/termek\/nyitott-szaj-piros-szajpocok-open-mouth-gag-red\/","name":"\ud83d\ude32 Red Wide Open \u2013 When the Mouth Has No Say - Sexshop Belvaros","isPartOf":{"@id":"https:\/\/www.szexshopbelvaros.com\/#website"},"primaryImageOfPage":{"@id":"https:\/\/www.szexshopbelvaros.com\/termek\/nyitott-szaj-piros-szajpocok-open-mouth-gag-red\/#primaryimage"},"image":{"@id":"https:\/\/www.szexshopbelvaros.com\/termek\/nyitott-szaj-piros-szajpocok-open-mouth-gag-red\/#primaryimage"},"thumbnailUrl":"https:\/\/www.szexshopbelvaros.com\/wp-content\/uploads\/2025\/01\/4b8c0066-852e-11ee-8de2-8691292f2281_ew0033.jpg","datePublished":"2025-01-31T13:36:13+00:00","dateModified":"2026-04-27T12:10:21+00:00","breadcrumb":{"@id":"https:\/\/www.szexshopbelvaros.com\/termek\/nyitott-szaj-piros-szajpocok-open-mouth-gag-red\/#breadcrumb"},"inLanguage":"en-US","potentialAction":[{"@type":"ReadAction","target":["https:\/\/www.szexshopbelvaros.com\/termek\/nyitott-szaj-piros-szajpocok-open-mouth-gag-red\/"]}]},{"@type":"ImageObject","inLanguage":"en-US","@id":"https:\/\/www.szexshopbelvaros.com\/termek\/nyitott-szaj-piros-szajpocok-open-mouth-gag-red\/#primaryimage","url":"https:\/\/www.szexshopbelvaros.com\/wp-content\/uploads\/2025\/01\/4b8c0066-852e-11ee-8de2-8691292f2281_ew0033.jpg","contentUrl":"https:\/\/www.szexshopbelvaros.com\/wp-content\/uploads\/2025\/01\/4b8c0066-852e-11ee-8de2-8691292f2281_ew0033.jpg","width":1200,"height":675},{"@type":"BreadcrumbList","@id":"https:\/\/www.szexshopbelvaros.com\/termek\/nyitott-szaj-piros-szajpocok-open-mouth-gag-red\/#breadcrumb","itemListElement":[{"@type":"ListItem","position":1,"name":"Home","item":"https:\/\/www.szexshopbelvaros.com\/"},{"@type":"ListItem","position":2,"name":"\u00c1ruh\u00e1z","item":"https:\/\/www.szexshopbelvaros.com\/uzlet\/"},{"@type":"ListItem","position":3,"name":"\ud83d\ude32 Red Wide Open \u2013 Amikor a Sz\u00e1dnak Nincs Belesz\u00f3l\u00e1sa"}]},{"@type":"WebSite","@id":"https:\/\/www.szexshopbelvaros.com\/#website","url":"https:\/\/www.szexshopbelvaros.com\/","name":"at our Szexshop Belv\u00e1ros","description":"\ud83d\udd25 Sex is like money; only too much is enough!\u2122 Secrets from the city center \ud83d\udc8b | Secrets from Budapest \ud83d\udc8e Adult games \u2022 Erotica \u2022 Sex shop Belvaros","publisher":{"@id":"https:\/\/www.szexshopbelvaros.com\/#organization"},"potentialAction":[{"@type":"SearchAction","target":{"@type":"EntryPoint","urlTemplate":"https:\/\/www.szexshopbelvaros.com\/?s={search_term_string}"},"query-input":{"@type":"PropertyValueSpecification","valueRequired":true,"valueName":"search_term_string"}}],"inLanguage":"en-US"},{"@type":"Organization","@id":"https:\/\/www.szexshopbelvaros.com\/#organization","name":"at our Szexshop Belv\u00e1ros","alternateName":"szexshopbelvaros.com","url":"https:\/\/www.szexshopbelvaros.com\/","logo":{"@type":"ImageObject","inLanguage":"en-US","@id":"https:\/\/www.szexshopbelvaros.com\/#\/schema\/logo\/image\/","url":"https:\/\/www.szexshopbelvaros.com\/wp-content\/uploads\/2025\/09\/1Szexshopbelvaroslogo_blurred_stronger.jpg","contentUrl":"https:\/\/www.szexshopbelvaros.com\/wp-content\/uploads\/2025\/09\/1Szexshopbelvaroslogo_blurred_stronger.jpg","width":1024,"height":1024,"caption":"Szexshop Belv\u00e1ros"},"image":{"@id":"https:\/\/www.szexshopbelvaros.com\/#\/schema\/logo\/image\/"},"sameAs":["https:\/\/www.facebook.com\/belvarossecrets\/","https:\/\/x.com\/belvarossecrets","https:\/\/www.instagram.com\/belvarossecrets\/","https:\/\/www.tiktok.com\/@belvarossecrets"]}]}},"_links":{"self":[{"href":"https:\/\/www.szexshopbelvaros.com\/en\/wp-json\/wp\/v2\/product\/244","targetHints":{"allow":["GET"]}}],"collection":[{"href":"https:\/\/www.szexshopbelvaros.com\/en\/wp-json\/wp\/v2\/product"}],"about":[{"href":"https:\/\/www.szexshopbelvaros.com\/en\/wp-json\/wp\/v2\/types\/product"}],"replies":[{"embeddable":true,"href":"https:\/\/www.szexshopbelvaros.com\/en\/wp-json\/wp\/v2\/comments?post=244"}],"wp:featuredmedia":[{"embeddable":true,"href":"https:\/\/www.szexshopbelvaros.com\/en\/wp-json\/wp\/v2\/media\/245"}],"wp:attachment":[{"href":"https:\/\/www.szexshopbelvaros.com\/en\/wp-json\/wp\/v2\/media?parent=244"}],"wp:term":[{"taxonomy":"product_brand","embeddable":true,"href":"https:\/\/www.szexshopbelvaros.com\/en\/wp-json\/wp\/v2\/product_brand?post=244"},{"taxonomy":"product_cat","embeddable":true,"href":"https:\/\/www.szexshopbelvaros.com\/en\/wp-json\/wp\/v2\/product_cat?post=244"},{"taxonomy":"product_tag","embeddable":true,"href":"https:\/\/www.szexshopbelvaros.com\/en\/wp-json\/wp\/v2\/product_tag?post=244"}],"curies":[{"name":"wp","href":"https:\/\/api.w.org\/{rel}","templated":true}]}}