{"id":248,"date":"2025-01-31T14:36:13","date_gmt":"2025-01-31T13:36:13","guid":{"rendered":"https:\/\/www.szexshopbelvaros.com\/termek\/bound-rope-gold\/"},"modified":"2026-03-15T12:37:34","modified_gmt":"2026-03-15T11:37:34","slug":"bound-rope-gold","status":"publish","type":"product","link":"https:\/\/www.szexshopbelvaros.com\/en\/product\/bound-rope-gold\/","title":{"rendered":"Bound Rope \u2013 Gold 7.62 m \u2013 because sometimes power is not black, but glitters in gold"},"content":{"rendered":"<p data-start=\"89\" data-end=\"748\">This <strong data-start=\"94\" data-end=\"135\">7.62 meter gold bondage rope.<\/strong> It doesn&#039;t just captivate your body \u2013 it also captivates your sense of style. <strong data-start=\"194\" data-end=\"226\">A luxury piece from the Bound collection.<\/strong> It's made for those who aren't satisfied with a simple \"come, I'll tie you up\" scene. Every inch shouts <strong data-start=\"332\" data-end=\"346\">of polyester and exclaims<\/strong> : <em data-start=\"359\" data-end=\"386\">I&#039;m expensive, but I&#039;m worth it.<\/em>The soft yet strong material sits on your skin like a promise you're sure to break, while ensuring that you <strong data-start=\"505\" data-end=\"536\">let the feeling of freedom evaporate<\/strong>and only the sexual tension remains. Ideal <strong data-start=\"587\" data-end=\"633\">for limbs, torso, BDSM role play<\/strong>, or if someone said, \"I only accept gold jewelry,\" and you slyly reply: <em data-start=\"729\" data-end=\"745\">Here you go, wear it.<\/em>.<\/p>\n<hr data-start=\"750\" data-end=\"753\" \/>\n<p data-start=\"755\" data-end=\"918\" data-is-last-node=\"\" data-is-only-node=\"\">This isn&#039;t just rope. This is power, control, and perversion, wrapped in 280 inches, polished to a nice shine.<\/p>\n<p>&nbsp;<\/p>","protected":false},"excerpt":{"rendered":"<p>Ez a 7,62 m\u00e9teres aranysz\u00edn\u0171 bondage k\u00f6t\u00e9l nem csak megbilincseli a tested \u2013 a st\u00edlus\u00e9rz\u00e9kedet is. A Bound kollekci\u00f3 luxusdarabja azoknak k\u00e9sz\u00fclt, akik nem el\u00e9gszenek meg egy sima kis \u201cgyere, megk\u00f6t\u00f6zlek\u201d jelenettel \u2013 itt minden centi poli\u00e9szter azt \u00fcv\u00f6lti: dr\u00e1ga vagyok, de meg\u00e9rlek. A puha, de er\u0151s anyag \u00fagy simul a b\u0151rre, mint egy \u00edg\u00e9ret, [&#8230;]\n","protected":false},"featured_media":2808,"comment_status":"closed","ping_status":"closed","template":"","meta":[],"product_brand":[177],"product_cat":[52,2005],"product_tag":[321,1410,1416,372,1561,389,1415,2008,2021,1407,2022,2020,715],"class_list":{"0":"post-248","1":"product","2":"type-product","3":"status-publish","4":"has-post-thumbnail","6":"product_brand-ns-novelties","7":"product_cat-bdsm","8":"product_cat-kotozes-rogzites","9":"product_tag-bdsm","10":"product_tag-bdsm-toy","11":"product_tag-bilincs","12":"product_tag-bondage","13":"product_tag-bondage-rope","14":"product_tag-felnott-jatek","15":"product_tag-handcuffs","16":"product_tag-kink","17":"product_tag-kotelfetis","18":"product_tag-kotozes","19":"product_tag-restraints","20":"product_tag-rogzites","21":"product_tag-szadomazo-kellek","23":"first","24":"instock","25":"taxable","26":"shipping-taxable","27":"purchasable","28":"product-type-simple"},"yoast_head":"<!-- This site is optimized with the Yoast SEO plugin v27.4 - https:\/\/yoast.com\/product\/yoast-seo-wordpress\/ -->\n<title>Bound Rope \u2013 Gold 7,62 m \u2013 mert n\u00e9ha a hatalom nem fekete, hanem aranyban csillog - Szexshop Belvaros<\/title>\n<meta name=\"robots\" content=\"index, follow, max-snippet:-1, max-image-preview:large, max-video-preview:-1\" \/>\n<link rel=\"canonical\" href=\"https:\/\/www.szexshopbelvaros.com\/en\/product\/bound-rope-gold\/\" \/>\n<meta property=\"og:locale\" content=\"en_US\" \/>\n<meta property=\"og:type\" content=\"article\" \/>\n<meta property=\"og:title\" content=\"Bound Rope \u2013 Gold 7,62 m \u2013 mert n\u00e9ha a hatalom nem fekete, hanem aranyban csillog - Szexshop Belvaros\" \/>\n<meta property=\"og:description\" content=\"Ez a 7,62 m\u00e9teres aranysz\u00edn\u0171 bondage k\u00f6t\u00e9l nem csak megbilincseli a tested \u2013 a st\u00edlus\u00e9rz\u00e9kedet is. A Bound kollekci\u00f3 luxusdarabja azoknak k\u00e9sz\u00fclt, akik nem el\u00e9gszenek meg egy sima kis \u201cgyere, megk\u00f6t\u00f6zlek\u201d jelenettel \u2013 itt minden centi poli\u00e9szter azt \u00fcv\u00f6lti: dr\u00e1ga vagyok, de meg\u00e9rlek. A puha, de er\u0151s anyag \u00fagy simul a b\u0151rre, mint egy \u00edg\u00e9ret, [...]\" \/>\n<meta property=\"og:url\" content=\"https:\/\/www.szexshopbelvaros.com\/en\/product\/bound-rope-gold\/\" \/>\n<meta property=\"og:site_name\" content=\"Szexshop Belvaros\" \/>\n<meta property=\"article:publisher\" content=\"https:\/\/www.facebook.com\/belvarossecrets\/\" \/>\n<meta property=\"article:modified_time\" content=\"2026-03-15T11:37:34+00:00\" \/>\n<meta property=\"og:image\" content=\"https:\/\/www.szexshopbelvaros.com\/wp-content\/uploads\/2025\/01\/69b6995be046ea747bcf6cdb-scaled.png\" \/>\n\t<meta property=\"og:image:width\" content=\"2560\" \/>\n\t<meta property=\"og:image:height\" content=\"1440\" \/>\n\t<meta property=\"og:image:type\" content=\"image\/png\" \/>\n<meta name=\"twitter:card\" content=\"summary_large_image\" \/>\n<meta name=\"twitter:site\" content=\"@belvarossecrets\" \/>\n<meta name=\"twitter:label1\" content=\"Est. reading time\" \/>\n\t<meta name=\"twitter:data1\" content=\"1 minute\" \/>\n<script type=\"application\/ld+json\" class=\"yoast-schema-graph\">{\"@context\":\"https:\\\/\\\/schema.org\",\"@graph\":[{\"@type\":\"WebPage\",\"@id\":\"https:\\\/\\\/www.szexshopbelvaros.com\\\/termek\\\/bound-rope-gold\\\/\",\"url\":\"https:\\\/\\\/www.szexshopbelvaros.com\\\/termek\\\/bound-rope-gold\\\/\",\"name\":\"Bound Rope \u2013 Gold 7,62 m \u2013 mert n\u00e9ha a hatalom nem fekete, hanem aranyban csillog - Szexshop Belvaros\",\"isPartOf\":{\"@id\":\"https:\\\/\\\/www.szexshopbelvaros.com\\\/#website\"},\"primaryImageOfPage\":{\"@id\":\"https:\\\/\\\/www.szexshopbelvaros.com\\\/termek\\\/bound-rope-gold\\\/#primaryimage\"},\"image\":{\"@id\":\"https:\\\/\\\/www.szexshopbelvaros.com\\\/termek\\\/bound-rope-gold\\\/#primaryimage\"},\"thumbnailUrl\":\"https:\\\/\\\/www.szexshopbelvaros.com\\\/wp-content\\\/uploads\\\/2025\\\/01\\\/69b6995be046ea747bcf6cdb-scaled.png\",\"datePublished\":\"2025-01-31T13:36:13+00:00\",\"dateModified\":\"2026-03-15T11:37:34+00:00\",\"breadcrumb\":{\"@id\":\"https:\\\/\\\/www.szexshopbelvaros.com\\\/termek\\\/bound-rope-gold\\\/#breadcrumb\"},\"inLanguage\":\"en-US\",\"potentialAction\":[{\"@type\":\"ReadAction\",\"target\":[\"https:\\\/\\\/www.szexshopbelvaros.com\\\/termek\\\/bound-rope-gold\\\/\"]}]},{\"@type\":\"ImageObject\",\"inLanguage\":\"en-US\",\"@id\":\"https:\\\/\\\/www.szexshopbelvaros.com\\\/termek\\\/bound-rope-gold\\\/#primaryimage\",\"url\":\"https:\\\/\\\/www.szexshopbelvaros.com\\\/wp-content\\\/uploads\\\/2025\\\/01\\\/69b6995be046ea747bcf6cdb-scaled.png\",\"contentUrl\":\"https:\\\/\\\/www.szexshopbelvaros.com\\\/wp-content\\\/uploads\\\/2025\\\/01\\\/69b6995be046ea747bcf6cdb-scaled.png\",\"width\":2560,\"height\":1440},{\"@type\":\"BreadcrumbList\",\"@id\":\"https:\\\/\\\/www.szexshopbelvaros.com\\\/termek\\\/bound-rope-gold\\\/#breadcrumb\",\"itemListElement\":[{\"@type\":\"ListItem\",\"position\":1,\"name\":\"Home\",\"item\":\"https:\\\/\\\/www.szexshopbelvaros.com\\\/\"},{\"@type\":\"ListItem\",\"position\":2,\"name\":\"\u00c1ruh\u00e1z\",\"item\":\"https:\\\/\\\/www.szexshopbelvaros.com\\\/uzlet\\\/\"},{\"@type\":\"ListItem\",\"position\":3,\"name\":\"Bound Rope \u2013 Gold 7,62 m \u2013 mert n\u00e9ha a hatalom nem fekete, hanem aranyban csillog\"}]},{\"@type\":\"WebSite\",\"@id\":\"https:\\\/\\\/www.szexshopbelvaros.com\\\/#website\",\"url\":\"https:\\\/\\\/www.szexshopbelvaros.com\\\/\",\"name\":\"Szexshop Belv\u00e1ros\",\"description\":\"\ud83d\udd25 A szex olyan, mint a p\u00e9nz; csak a t\u00fal sok el\u00e9g!\u2122 Titkok a belv\u00e1rosb\u00f3l \ud83d\udc8b | Secrets from Budapest \ud83d\udc8e Feln\u0151tt j\u00e1t\u00e9kok \u2022 Erotika \u2022 Szexshop Belvaros\",\"publisher\":{\"@id\":\"https:\\\/\\\/www.szexshopbelvaros.com\\\/#organization\"},\"potentialAction\":[{\"@type\":\"SearchAction\",\"target\":{\"@type\":\"EntryPoint\",\"urlTemplate\":\"https:\\\/\\\/www.szexshopbelvaros.com\\\/?s={search_term_string}\"},\"query-input\":{\"@type\":\"PropertyValueSpecification\",\"valueRequired\":true,\"valueName\":\"search_term_string\"}}],\"inLanguage\":\"en-US\"},{\"@type\":\"Organization\",\"@id\":\"https:\\\/\\\/www.szexshopbelvaros.com\\\/#organization\",\"name\":\"Szexshop Belv\u00e1ros\",\"alternateName\":\"szexshopbelvaros.com\",\"url\":\"https:\\\/\\\/www.szexshopbelvaros.com\\\/\",\"logo\":{\"@type\":\"ImageObject\",\"inLanguage\":\"en-US\",\"@id\":\"https:\\\/\\\/www.szexshopbelvaros.com\\\/#\\\/schema\\\/logo\\\/image\\\/\",\"url\":\"https:\\\/\\\/www.szexshopbelvaros.com\\\/wp-content\\\/uploads\\\/2025\\\/09\\\/1Szexshopbelvaroslogo_blurred_stronger.jpg\",\"contentUrl\":\"https:\\\/\\\/www.szexshopbelvaros.com\\\/wp-content\\\/uploads\\\/2025\\\/09\\\/1Szexshopbelvaroslogo_blurred_stronger.jpg\",\"width\":1024,\"height\":1024,\"caption\":\"Szexshop Belv\u00e1ros\"},\"image\":{\"@id\":\"https:\\\/\\\/www.szexshopbelvaros.com\\\/#\\\/schema\\\/logo\\\/image\\\/\"},\"sameAs\":[\"https:\\\/\\\/www.facebook.com\\\/belvarossecrets\\\/\",\"https:\\\/\\\/x.com\\\/belvarossecrets\",\"https:\\\/\\\/www.instagram.com\\\/belvarossecrets\\\/\",\"https:\\\/\\\/www.tiktok.com\\\/@belvarossecrets\"]}]}<\/script>\n<!-- \/ Yoast SEO plugin. -->","yoast_head_json":{"title":"Bound Rope \u2013 Gold 7.62 m \u2013 because sometimes power is not black, but shines in gold - Szexshop Belvaros","robots":{"index":"index","follow":"follow","max-snippet":"max-snippet:-1","max-image-preview":"max-image-preview:large","max-video-preview":"max-video-preview:-1"},"canonical":"https:\/\/www.szexshopbelvaros.com\/en\/product\/bound-rope-gold\/","og_locale":"en_US","og_type":"article","og_title":"Bound Rope \u2013 Gold 7,62 m \u2013 mert n\u00e9ha a hatalom nem fekete, hanem aranyban csillog - Szexshop Belvaros","og_description":"Ez a 7,62 m\u00e9teres aranysz\u00edn\u0171 bondage k\u00f6t\u00e9l nem csak megbilincseli a tested \u2013 a st\u00edlus\u00e9rz\u00e9kedet is. A Bound kollekci\u00f3 luxusdarabja azoknak k\u00e9sz\u00fclt, akik nem el\u00e9gszenek meg egy sima kis \u201cgyere, megk\u00f6t\u00f6zlek\u201d jelenettel \u2013 itt minden centi poli\u00e9szter azt \u00fcv\u00f6lti: dr\u00e1ga vagyok, de meg\u00e9rlek. A puha, de er\u0151s anyag \u00fagy simul a b\u0151rre, mint egy \u00edg\u00e9ret, [...]","og_url":"https:\/\/www.szexshopbelvaros.com\/en\/product\/bound-rope-gold\/","og_site_name":"Szexshop Belvaros","article_publisher":"https:\/\/www.facebook.com\/belvarossecrets\/","article_modified_time":"2026-03-15T11:37:34+00:00","og_image":[{"width":2560,"height":1440,"url":"https:\/\/www.szexshopbelvaros.com\/wp-content\/uploads\/2025\/01\/69b6995be046ea747bcf6cdb-scaled.png","type":"image\/png"}],"twitter_card":"summary_large_image","twitter_site":"@belvarossecrets","twitter_misc":{"Est. reading time":"1 minute"},"schema":{"@context":"https:\/\/schema.org","@graph":[{"@type":"WebPage","@id":"https:\/\/www.szexshopbelvaros.com\/termek\/bound-rope-gold\/","url":"https:\/\/www.szexshopbelvaros.com\/termek\/bound-rope-gold\/","name":"Bound Rope \u2013 Gold 7.62 m \u2013 because sometimes power is not black, but shines in gold - Szexshop Belvaros","isPartOf":{"@id":"https:\/\/www.szexshopbelvaros.com\/#website"},"primaryImageOfPage":{"@id":"https:\/\/www.szexshopbelvaros.com\/termek\/bound-rope-gold\/#primaryimage"},"image":{"@id":"https:\/\/www.szexshopbelvaros.com\/termek\/bound-rope-gold\/#primaryimage"},"thumbnailUrl":"https:\/\/www.szexshopbelvaros.com\/wp-content\/uploads\/2025\/01\/69b6995be046ea747bcf6cdb-scaled.png","datePublished":"2025-01-31T13:36:13+00:00","dateModified":"2026-03-15T11:37:34+00:00","breadcrumb":{"@id":"https:\/\/www.szexshopbelvaros.com\/termek\/bound-rope-gold\/#breadcrumb"},"inLanguage":"en-US","potentialAction":[{"@type":"ReadAction","target":["https:\/\/www.szexshopbelvaros.com\/termek\/bound-rope-gold\/"]}]},{"@type":"ImageObject","inLanguage":"en-US","@id":"https:\/\/www.szexshopbelvaros.com\/termek\/bound-rope-gold\/#primaryimage","url":"https:\/\/www.szexshopbelvaros.com\/wp-content\/uploads\/2025\/01\/69b6995be046ea747bcf6cdb-scaled.png","contentUrl":"https:\/\/www.szexshopbelvaros.com\/wp-content\/uploads\/2025\/01\/69b6995be046ea747bcf6cdb-scaled.png","width":2560,"height":1440},{"@type":"BreadcrumbList","@id":"https:\/\/www.szexshopbelvaros.com\/termek\/bound-rope-gold\/#breadcrumb","itemListElement":[{"@type":"ListItem","position":1,"name":"Home","item":"https:\/\/www.szexshopbelvaros.com\/"},{"@type":"ListItem","position":2,"name":"\u00c1ruh\u00e1z","item":"https:\/\/www.szexshopbelvaros.com\/uzlet\/"},{"@type":"ListItem","position":3,"name":"Bound Rope \u2013 Gold 7,62 m \u2013 mert n\u00e9ha a hatalom nem fekete, hanem aranyban csillog"}]},{"@type":"WebSite","@id":"https:\/\/www.szexshopbelvaros.com\/#website","url":"https:\/\/www.szexshopbelvaros.com\/","name":"at our Szexshop Belv\u00e1ros","description":"\ud83d\udd25 Sex is like money; only too much is enough!\u2122 Secrets from the city center \ud83d\udc8b | Secrets from Budapest \ud83d\udc8e Adult games \u2022 Erotica \u2022 Sex shop Belvaros","publisher":{"@id":"https:\/\/www.szexshopbelvaros.com\/#organization"},"potentialAction":[{"@type":"SearchAction","target":{"@type":"EntryPoint","urlTemplate":"https:\/\/www.szexshopbelvaros.com\/?s={search_term_string}"},"query-input":{"@type":"PropertyValueSpecification","valueRequired":true,"valueName":"search_term_string"}}],"inLanguage":"en-US"},{"@type":"Organization","@id":"https:\/\/www.szexshopbelvaros.com\/#organization","name":"at our Szexshop Belv\u00e1ros","alternateName":"szexshopbelvaros.com","url":"https:\/\/www.szexshopbelvaros.com\/","logo":{"@type":"ImageObject","inLanguage":"en-US","@id":"https:\/\/www.szexshopbelvaros.com\/#\/schema\/logo\/image\/","url":"https:\/\/www.szexshopbelvaros.com\/wp-content\/uploads\/2025\/09\/1Szexshopbelvaroslogo_blurred_stronger.jpg","contentUrl":"https:\/\/www.szexshopbelvaros.com\/wp-content\/uploads\/2025\/09\/1Szexshopbelvaroslogo_blurred_stronger.jpg","width":1024,"height":1024,"caption":"Szexshop Belv\u00e1ros"},"image":{"@id":"https:\/\/www.szexshopbelvaros.com\/#\/schema\/logo\/image\/"},"sameAs":["https:\/\/www.facebook.com\/belvarossecrets\/","https:\/\/x.com\/belvarossecrets","https:\/\/www.instagram.com\/belvarossecrets\/","https:\/\/www.tiktok.com\/@belvarossecrets"]}]}},"_links":{"self":[{"href":"https:\/\/www.szexshopbelvaros.com\/en\/wp-json\/wp\/v2\/product\/248","targetHints":{"allow":["GET"]}}],"collection":[{"href":"https:\/\/www.szexshopbelvaros.com\/en\/wp-json\/wp\/v2\/product"}],"about":[{"href":"https:\/\/www.szexshopbelvaros.com\/en\/wp-json\/wp\/v2\/types\/product"}],"replies":[{"embeddable":true,"href":"https:\/\/www.szexshopbelvaros.com\/en\/wp-json\/wp\/v2\/comments?post=248"}],"wp:featuredmedia":[{"embeddable":true,"href":"https:\/\/www.szexshopbelvaros.com\/en\/wp-json\/wp\/v2\/media\/2808"}],"wp:attachment":[{"href":"https:\/\/www.szexshopbelvaros.com\/en\/wp-json\/wp\/v2\/media?parent=248"}],"wp:term":[{"taxonomy":"product_brand","embeddable":true,"href":"https:\/\/www.szexshopbelvaros.com\/en\/wp-json\/wp\/v2\/product_brand?post=248"},{"taxonomy":"product_cat","embeddable":true,"href":"https:\/\/www.szexshopbelvaros.com\/en\/wp-json\/wp\/v2\/product_cat?post=248"},{"taxonomy":"product_tag","embeddable":true,"href":"https:\/\/www.szexshopbelvaros.com\/en\/wp-json\/wp\/v2\/product_tag?post=248"}],"curies":[{"name":"wp","href":"https:\/\/api.w.org\/{rel}","templated":true}]}}