{"id":250,"date":"2025-01-31T14:36:13","date_gmt":"2025-01-31T13:36:13","guid":{"rendered":"https:\/\/www.szexshopbelvaros.com\/termek\/bound-rope-red-76-m\/"},"modified":"2026-04-14T20:01:42","modified_gmt":"2026-04-14T18:01:42","slug":"bound-rope-red-76-m","status":"publish","type":"product","link":"https:\/\/www.szexshopbelvaros.com\/en\/product\/bound-rope-red-76-m\/","title":{"rendered":"Bound Rope \u2013 7.62 m \u2013 if freedom is overrated and you would rather tie someone up"},"content":{"rendered":"<p data-start=\"93\" data-end=\"771\">This <strong data-start=\"98\" data-end=\"141\">7.62 meters long, blood red Bound rope<\/strong> It's not about compromises, it's about the fact that starting tomorrow, your partner isn't going anywhere, at least not until you say so. <strong data-start=\"273\" data-end=\"293\">Made of polyester material<\/strong> so it glides pleasantly on the skin, yet holds it firmly, and has just that delicate little <em data-start=\"367\" data-end=\"382\">feeling of captivity<\/em> , which really elevates erotic role-playing games or <strong data-start=\"427\" data-end=\"443\">bondage sex<\/strong> ... if not the bedsheet, then at least the libido. Whether you wrap it around your hands, feet, or your entire body, this rope <strong data-start=\"584\" data-end=\"616\">reduces the feeling of freedom<\/strong>, increases confidence (and blood pressure), while the <strong data-start=\"666\" data-end=\"685\">Bound collection<\/strong> of Its elegance and design ensure that even rough sex is stylish.<\/p>\n<hr data-start=\"773\" data-end=\"776\" \/>\n<p data-start=\"778\" data-end=\"1026\" data-is-last-node=\"\" data-is-only-node=\"\">Ideal <strong data-start=\"786\" data-end=\"827\">bondage rope for beginners and advanced users<\/strong>, <strong data-start=\"829\" data-end=\"855\">for intimate role-playing games<\/strong>, or if you just want someone to finally <em data-start=\"900\" data-end=\"916\">listen to you<\/em>. This is not just a rope \u2013 this is power in red.<\/p>\n<p>&nbsp;<\/p>","protected":false},"excerpt":{"rendered":"<p>Ez a 7,62 m\u00e9ter hossz\u00fa, v\u00e9rv\u00f6r\u00f6s Bound k\u00f6t\u00e9l nem a kompromisszumokr\u00f3l sz\u00f3l, hanem arr\u00f3l, hogy holnapt\u00f3l a partner nem megy sehov\u00e1 \u2013 legal\u00e1bbis addig, am\u00edg te azt nem mondod. A poli\u00e9szter anyag kellemesen cs\u00faszik a b\u0151r\u00f6n, m\u00e9gis stabilan tart, \u00e9s pont azt a finom kis fogs\u00e1g\u00e9rzetet adja, amit\u0151l az erotikus szerepj\u00e1t\u00e9kok vagy k\u00f6t\u00f6z\u0151s szex igaz\u00e1n [&#8230;]\n","protected":false},"featured_media":251,"comment_status":"closed","ping_status":"closed","template":"","meta":[],"product_brand":[177],"product_cat":[52,2005],"product_tag":[321,1410,1416,372,1561,389,1415,2008,2021,1407,2022,2020,715],"class_list":{"0":"post-250","1":"product","2":"type-product","3":"status-publish","4":"has-post-thumbnail","6":"product_brand-ns-novelties","7":"product_cat-bdsm","8":"product_cat-kotozes-rogzites","9":"product_tag-bdsm","10":"product_tag-bdsm-toy","11":"product_tag-bilincs","12":"product_tag-bondage","13":"product_tag-bondage-rope","14":"product_tag-felnott-jatek","15":"product_tag-handcuffs","16":"product_tag-kink","17":"product_tag-kotelfetis","18":"product_tag-kotozes","19":"product_tag-restraints","20":"product_tag-rogzites","21":"product_tag-szadomazo-kellek","23":"first","24":"instock","25":"taxable","26":"shipping-taxable","27":"purchasable","28":"product-type-simple"},"yoast_head":"<!-- This site is optimized with the Yoast SEO plugin v27.4 - https:\/\/yoast.com\/product\/yoast-seo-wordpress\/ -->\n<title>Bound Rope \u2013 7,62 m \u2013 ha a szabads\u00e1g t\u00fal overrated, \u00e9s ink\u00e1bb megk\u00f6t\u00f6zn\u00e9l valakit - Szexshop Belvaros<\/title>\n<meta name=\"robots\" content=\"index, follow, max-snippet:-1, max-image-preview:large, max-video-preview:-1\" \/>\n<link rel=\"canonical\" href=\"https:\/\/www.szexshopbelvaros.com\/en\/product\/bound-rope-red-76-m\/\" \/>\n<meta property=\"og:locale\" content=\"en_US\" \/>\n<meta property=\"og:type\" content=\"article\" \/>\n<meta property=\"og:title\" content=\"Bound Rope \u2013 7,62 m \u2013 ha a szabads\u00e1g t\u00fal overrated, \u00e9s ink\u00e1bb megk\u00f6t\u00f6zn\u00e9l valakit - Szexshop Belvaros\" \/>\n<meta property=\"og:description\" content=\"Ez a 7,62 m\u00e9ter hossz\u00fa, v\u00e9rv\u00f6r\u00f6s Bound k\u00f6t\u00e9l nem a kompromisszumokr\u00f3l sz\u00f3l, hanem arr\u00f3l, hogy holnapt\u00f3l a partner nem megy sehov\u00e1 \u2013 legal\u00e1bbis addig, am\u00edg te azt nem mondod. A poli\u00e9szter anyag kellemesen cs\u00faszik a b\u0151r\u00f6n, m\u00e9gis stabilan tart, \u00e9s pont azt a finom kis fogs\u00e1g\u00e9rzetet adja, amit\u0151l az erotikus szerepj\u00e1t\u00e9kok vagy k\u00f6t\u00f6z\u0151s szex igaz\u00e1n [...]\" \/>\n<meta property=\"og:url\" content=\"https:\/\/www.szexshopbelvaros.com\/en\/product\/bound-rope-red-76-m\/\" \/>\n<meta property=\"og:site_name\" content=\"Szexshop Belvaros\" \/>\n<meta property=\"article:publisher\" content=\"https:\/\/www.facebook.com\/belvarossecrets\/\" \/>\n<meta property=\"article:modified_time\" content=\"2026-04-14T18:01:42+00:00\" \/>\n<meta property=\"og:image\" content=\"https:\/\/www.szexshopbelvaros.com\/wp-content\/uploads\/2025\/01\/7cf8d6fc-8d25-11ee-91c7-5e7fc14216ed_nstoys1048.jpg\" \/>\n\t<meta property=\"og:image:width\" content=\"1200\" \/>\n\t<meta property=\"og:image:height\" content=\"675\" \/>\n\t<meta property=\"og:image:type\" content=\"image\/jpeg\" \/>\n<meta name=\"twitter:card\" content=\"summary_large_image\" \/>\n<meta name=\"twitter:site\" content=\"@belvarossecrets\" \/>\n<meta name=\"twitter:label1\" content=\"Est. reading time\" \/>\n\t<meta name=\"twitter:data1\" content=\"1 minute\" \/>\n<script type=\"application\/ld+json\" class=\"yoast-schema-graph\">{\"@context\":\"https:\\\/\\\/schema.org\",\"@graph\":[{\"@type\":\"WebPage\",\"@id\":\"https:\\\/\\\/www.szexshopbelvaros.com\\\/termek\\\/bound-rope-red-76-m\\\/\",\"url\":\"https:\\\/\\\/www.szexshopbelvaros.com\\\/termek\\\/bound-rope-red-76-m\\\/\",\"name\":\"Bound Rope \u2013 7,62 m \u2013 ha a szabads\u00e1g t\u00fal overrated, \u00e9s ink\u00e1bb megk\u00f6t\u00f6zn\u00e9l valakit - Szexshop Belvaros\",\"isPartOf\":{\"@id\":\"https:\\\/\\\/www.szexshopbelvaros.com\\\/#website\"},\"primaryImageOfPage\":{\"@id\":\"https:\\\/\\\/www.szexshopbelvaros.com\\\/termek\\\/bound-rope-red-76-m\\\/#primaryimage\"},\"image\":{\"@id\":\"https:\\\/\\\/www.szexshopbelvaros.com\\\/termek\\\/bound-rope-red-76-m\\\/#primaryimage\"},\"thumbnailUrl\":\"https:\\\/\\\/www.szexshopbelvaros.com\\\/wp-content\\\/uploads\\\/2025\\\/01\\\/7cf8d6fc-8d25-11ee-91c7-5e7fc14216ed_nstoys1048.jpg\",\"datePublished\":\"2025-01-31T13:36:13+00:00\",\"dateModified\":\"2026-04-14T18:01:42+00:00\",\"breadcrumb\":{\"@id\":\"https:\\\/\\\/www.szexshopbelvaros.com\\\/termek\\\/bound-rope-red-76-m\\\/#breadcrumb\"},\"inLanguage\":\"en-US\",\"potentialAction\":[{\"@type\":\"ReadAction\",\"target\":[\"https:\\\/\\\/www.szexshopbelvaros.com\\\/termek\\\/bound-rope-red-76-m\\\/\"]}]},{\"@type\":\"ImageObject\",\"inLanguage\":\"en-US\",\"@id\":\"https:\\\/\\\/www.szexshopbelvaros.com\\\/termek\\\/bound-rope-red-76-m\\\/#primaryimage\",\"url\":\"https:\\\/\\\/www.szexshopbelvaros.com\\\/wp-content\\\/uploads\\\/2025\\\/01\\\/7cf8d6fc-8d25-11ee-91c7-5e7fc14216ed_nstoys1048.jpg\",\"contentUrl\":\"https:\\\/\\\/www.szexshopbelvaros.com\\\/wp-content\\\/uploads\\\/2025\\\/01\\\/7cf8d6fc-8d25-11ee-91c7-5e7fc14216ed_nstoys1048.jpg\",\"width\":1200,\"height\":675},{\"@type\":\"BreadcrumbList\",\"@id\":\"https:\\\/\\\/www.szexshopbelvaros.com\\\/termek\\\/bound-rope-red-76-m\\\/#breadcrumb\",\"itemListElement\":[{\"@type\":\"ListItem\",\"position\":1,\"name\":\"Home\",\"item\":\"https:\\\/\\\/www.szexshopbelvaros.com\\\/\"},{\"@type\":\"ListItem\",\"position\":2,\"name\":\"\u00c1ruh\u00e1z\",\"item\":\"https:\\\/\\\/www.szexshopbelvaros.com\\\/uzlet\\\/\"},{\"@type\":\"ListItem\",\"position\":3,\"name\":\"Bound Rope \u2013 7,62 m \u2013 ha a szabads\u00e1g t\u00fal overrated, \u00e9s ink\u00e1bb megk\u00f6t\u00f6zn\u00e9l valakit\"}]},{\"@type\":\"WebSite\",\"@id\":\"https:\\\/\\\/www.szexshopbelvaros.com\\\/#website\",\"url\":\"https:\\\/\\\/www.szexshopbelvaros.com\\\/\",\"name\":\"Szexshop Belv\u00e1ros\",\"description\":\"\ud83d\udd25 A szex olyan, mint a p\u00e9nz; csak a t\u00fal sok el\u00e9g!\u2122 Titkok a belv\u00e1rosb\u00f3l \ud83d\udc8b | Secrets from Budapest \ud83d\udc8e Feln\u0151tt j\u00e1t\u00e9kok \u2022 Erotika \u2022 Szexshop Belvaros\",\"publisher\":{\"@id\":\"https:\\\/\\\/www.szexshopbelvaros.com\\\/#organization\"},\"potentialAction\":[{\"@type\":\"SearchAction\",\"target\":{\"@type\":\"EntryPoint\",\"urlTemplate\":\"https:\\\/\\\/www.szexshopbelvaros.com\\\/?s={search_term_string}\"},\"query-input\":{\"@type\":\"PropertyValueSpecification\",\"valueRequired\":true,\"valueName\":\"search_term_string\"}}],\"inLanguage\":\"en-US\"},{\"@type\":\"Organization\",\"@id\":\"https:\\\/\\\/www.szexshopbelvaros.com\\\/#organization\",\"name\":\"Szexshop Belv\u00e1ros\",\"alternateName\":\"szexshopbelvaros.com\",\"url\":\"https:\\\/\\\/www.szexshopbelvaros.com\\\/\",\"logo\":{\"@type\":\"ImageObject\",\"inLanguage\":\"en-US\",\"@id\":\"https:\\\/\\\/www.szexshopbelvaros.com\\\/#\\\/schema\\\/logo\\\/image\\\/\",\"url\":\"https:\\\/\\\/www.szexshopbelvaros.com\\\/wp-content\\\/uploads\\\/2025\\\/09\\\/1Szexshopbelvaroslogo_blurred_stronger.jpg\",\"contentUrl\":\"https:\\\/\\\/www.szexshopbelvaros.com\\\/wp-content\\\/uploads\\\/2025\\\/09\\\/1Szexshopbelvaroslogo_blurred_stronger.jpg\",\"width\":1024,\"height\":1024,\"caption\":\"Szexshop Belv\u00e1ros\"},\"image\":{\"@id\":\"https:\\\/\\\/www.szexshopbelvaros.com\\\/#\\\/schema\\\/logo\\\/image\\\/\"},\"sameAs\":[\"https:\\\/\\\/www.facebook.com\\\/belvarossecrets\\\/\",\"https:\\\/\\\/x.com\\\/belvarossecrets\",\"https:\\\/\\\/www.instagram.com\\\/belvarossecrets\\\/\",\"https:\\\/\\\/www.tiktok.com\\\/@belvarossecrets\"]}]}<\/script>\n<!-- \/ Yoast SEO plugin. -->","yoast_head_json":{"title":"Bound Rope \u2013 7.62 m \u2013 if freedom is too overrated and you would rather tie someone up - Szexshop Belvaros","robots":{"index":"index","follow":"follow","max-snippet":"max-snippet:-1","max-image-preview":"max-image-preview:large","max-video-preview":"max-video-preview:-1"},"canonical":"https:\/\/www.szexshopbelvaros.com\/en\/product\/bound-rope-red-76-m\/","og_locale":"en_US","og_type":"article","og_title":"Bound Rope \u2013 7,62 m \u2013 ha a szabads\u00e1g t\u00fal overrated, \u00e9s ink\u00e1bb megk\u00f6t\u00f6zn\u00e9l valakit - Szexshop Belvaros","og_description":"Ez a 7,62 m\u00e9ter hossz\u00fa, v\u00e9rv\u00f6r\u00f6s Bound k\u00f6t\u00e9l nem a kompromisszumokr\u00f3l sz\u00f3l, hanem arr\u00f3l, hogy holnapt\u00f3l a partner nem megy sehov\u00e1 \u2013 legal\u00e1bbis addig, am\u00edg te azt nem mondod. A poli\u00e9szter anyag kellemesen cs\u00faszik a b\u0151r\u00f6n, m\u00e9gis stabilan tart, \u00e9s pont azt a finom kis fogs\u00e1g\u00e9rzetet adja, amit\u0151l az erotikus szerepj\u00e1t\u00e9kok vagy k\u00f6t\u00f6z\u0151s szex igaz\u00e1n [...]","og_url":"https:\/\/www.szexshopbelvaros.com\/en\/product\/bound-rope-red-76-m\/","og_site_name":"Szexshop Belvaros","article_publisher":"https:\/\/www.facebook.com\/belvarossecrets\/","article_modified_time":"2026-04-14T18:01:42+00:00","og_image":[{"width":1200,"height":675,"url":"https:\/\/www.szexshopbelvaros.com\/wp-content\/uploads\/2025\/01\/7cf8d6fc-8d25-11ee-91c7-5e7fc14216ed_nstoys1048.jpg","type":"image\/jpeg"}],"twitter_card":"summary_large_image","twitter_site":"@belvarossecrets","twitter_misc":{"Est. reading time":"1 minute"},"schema":{"@context":"https:\/\/schema.org","@graph":[{"@type":"WebPage","@id":"https:\/\/www.szexshopbelvaros.com\/termek\/bound-rope-red-76-m\/","url":"https:\/\/www.szexshopbelvaros.com\/termek\/bound-rope-red-76-m\/","name":"Bound Rope \u2013 7.62 m \u2013 if freedom is too overrated and you would rather tie someone up - Szexshop Belvaros","isPartOf":{"@id":"https:\/\/www.szexshopbelvaros.com\/#website"},"primaryImageOfPage":{"@id":"https:\/\/www.szexshopbelvaros.com\/termek\/bound-rope-red-76-m\/#primaryimage"},"image":{"@id":"https:\/\/www.szexshopbelvaros.com\/termek\/bound-rope-red-76-m\/#primaryimage"},"thumbnailUrl":"https:\/\/www.szexshopbelvaros.com\/wp-content\/uploads\/2025\/01\/7cf8d6fc-8d25-11ee-91c7-5e7fc14216ed_nstoys1048.jpg","datePublished":"2025-01-31T13:36:13+00:00","dateModified":"2026-04-14T18:01:42+00:00","breadcrumb":{"@id":"https:\/\/www.szexshopbelvaros.com\/termek\/bound-rope-red-76-m\/#breadcrumb"},"inLanguage":"en-US","potentialAction":[{"@type":"ReadAction","target":["https:\/\/www.szexshopbelvaros.com\/termek\/bound-rope-red-76-m\/"]}]},{"@type":"ImageObject","inLanguage":"en-US","@id":"https:\/\/www.szexshopbelvaros.com\/termek\/bound-rope-red-76-m\/#primaryimage","url":"https:\/\/www.szexshopbelvaros.com\/wp-content\/uploads\/2025\/01\/7cf8d6fc-8d25-11ee-91c7-5e7fc14216ed_nstoys1048.jpg","contentUrl":"https:\/\/www.szexshopbelvaros.com\/wp-content\/uploads\/2025\/01\/7cf8d6fc-8d25-11ee-91c7-5e7fc14216ed_nstoys1048.jpg","width":1200,"height":675},{"@type":"BreadcrumbList","@id":"https:\/\/www.szexshopbelvaros.com\/termek\/bound-rope-red-76-m\/#breadcrumb","itemListElement":[{"@type":"ListItem","position":1,"name":"Home","item":"https:\/\/www.szexshopbelvaros.com\/"},{"@type":"ListItem","position":2,"name":"\u00c1ruh\u00e1z","item":"https:\/\/www.szexshopbelvaros.com\/uzlet\/"},{"@type":"ListItem","position":3,"name":"Bound Rope \u2013 7,62 m \u2013 ha a szabads\u00e1g t\u00fal overrated, \u00e9s ink\u00e1bb megk\u00f6t\u00f6zn\u00e9l valakit"}]},{"@type":"WebSite","@id":"https:\/\/www.szexshopbelvaros.com\/#website","url":"https:\/\/www.szexshopbelvaros.com\/","name":"at our Szexshop Belv\u00e1ros","description":"\ud83d\udd25 Sex is like money; only too much is enough!\u2122 Secrets from the city center \ud83d\udc8b | Secrets from Budapest \ud83d\udc8e Adult games \u2022 Erotica \u2022 Sex shop Belvaros","publisher":{"@id":"https:\/\/www.szexshopbelvaros.com\/#organization"},"potentialAction":[{"@type":"SearchAction","target":{"@type":"EntryPoint","urlTemplate":"https:\/\/www.szexshopbelvaros.com\/?s={search_term_string}"},"query-input":{"@type":"PropertyValueSpecification","valueRequired":true,"valueName":"search_term_string"}}],"inLanguage":"en-US"},{"@type":"Organization","@id":"https:\/\/www.szexshopbelvaros.com\/#organization","name":"at our Szexshop Belv\u00e1ros","alternateName":"szexshopbelvaros.com","url":"https:\/\/www.szexshopbelvaros.com\/","logo":{"@type":"ImageObject","inLanguage":"en-US","@id":"https:\/\/www.szexshopbelvaros.com\/#\/schema\/logo\/image\/","url":"https:\/\/www.szexshopbelvaros.com\/wp-content\/uploads\/2025\/09\/1Szexshopbelvaroslogo_blurred_stronger.jpg","contentUrl":"https:\/\/www.szexshopbelvaros.com\/wp-content\/uploads\/2025\/09\/1Szexshopbelvaroslogo_blurred_stronger.jpg","width":1024,"height":1024,"caption":"Szexshop Belv\u00e1ros"},"image":{"@id":"https:\/\/www.szexshopbelvaros.com\/#\/schema\/logo\/image\/"},"sameAs":["https:\/\/www.facebook.com\/belvarossecrets\/","https:\/\/x.com\/belvarossecrets","https:\/\/www.instagram.com\/belvarossecrets\/","https:\/\/www.tiktok.com\/@belvarossecrets"]}]}},"_links":{"self":[{"href":"https:\/\/www.szexshopbelvaros.com\/en\/wp-json\/wp\/v2\/product\/250","targetHints":{"allow":["GET"]}}],"collection":[{"href":"https:\/\/www.szexshopbelvaros.com\/en\/wp-json\/wp\/v2\/product"}],"about":[{"href":"https:\/\/www.szexshopbelvaros.com\/en\/wp-json\/wp\/v2\/types\/product"}],"replies":[{"embeddable":true,"href":"https:\/\/www.szexshopbelvaros.com\/en\/wp-json\/wp\/v2\/comments?post=250"}],"wp:featuredmedia":[{"embeddable":true,"href":"https:\/\/www.szexshopbelvaros.com\/en\/wp-json\/wp\/v2\/media\/251"}],"wp:attachment":[{"href":"https:\/\/www.szexshopbelvaros.com\/en\/wp-json\/wp\/v2\/media?parent=250"}],"wp:term":[{"taxonomy":"product_brand","embeddable":true,"href":"https:\/\/www.szexshopbelvaros.com\/en\/wp-json\/wp\/v2\/product_brand?post=250"},{"taxonomy":"product_cat","embeddable":true,"href":"https:\/\/www.szexshopbelvaros.com\/en\/wp-json\/wp\/v2\/product_cat?post=250"},{"taxonomy":"product_tag","embeddable":true,"href":"https:\/\/www.szexshopbelvaros.com\/en\/wp-json\/wp\/v2\/product_tag?post=250"}],"curies":[{"name":"wp","href":"https:\/\/api.w.org\/{rel}","templated":true}]}}