{"id":252,"date":"2025-01-31T14:36:58","date_gmt":"2025-01-31T13:36:58","guid":{"rendered":"https:\/\/www.szexshopbelvaros.com\/termek\/bondage-couture-paddle-blue\/"},"modified":"2026-03-15T13:10:24","modified_gmt":"2026-03-15T12:10:24","slug":"bondage-couture-paddle-blue","status":"publish","type":"product","link":"https:\/\/www.szexshopbelvaros.com\/en\/product\/bondage-couture-paddle-blue\/","title":{"rendered":"Bondage Couture Paddle \u2013 If you want a well-groomed butt, but in style!"},"content":{"rendered":"<p>Blue as a feather after saying the safe word wrong three times in a row \u2013 this 39cm Bondage paddle is not just a simple fetish accessory, but an elegant, leather-wrapped slap on the border of good taste and perversion. There is a place in every BDSM role-playing game where spanking is not a game, but an exercise in trust \u2013 and this leather spanker snaps just as if the whole Szexshopbelvaros, Budapest were waking up to it. The carefully crafted details are not only the trademarks of Bondage Couture, but visual orgasms of dominance. With a diameter of 6.7cm, it is big enough to feel, narrow enough to hit exactly where it needs to. An adult accessory, role-playing tool, but most of all a BDSM sex toy that will make every submissive moan like they have never encountered the side of a paddle before.<\/p>","protected":false},"excerpt":{"rendered":"<p>K\u00e9k, mint a lelked, miut\u00e1n h\u00e1romszor egym\u00e1s ut\u00e1n is rosszul mondtad a safe word\u00f6t \u2013 ez a 39 centis Bondage paddle nem csak egy sima f\u00e9tis kieg\u00e9sz\u00edt\u0151, hanem egy eleg\u00e1ns, m\u0171b\u0151rbe csomagolt pofon a j\u00f3 \u00edzl\u00e9s \u00e9s a perverzi\u00f3 hat\u00e1r\u00e1n. Minden BDSM szerepj\u00e1t\u00e9k sor\u00e1n ott a helye, ahol a paskol\u00e1s nem j\u00e1t\u00e9k, hanem bizalmi gyakorlat [&#8230;]\n","protected":false},"featured_media":2817,"comment_status":"closed","ping_status":"closed","template":"","meta":[],"product_brand":[102],"product_cat":[52,1999],"product_tag":[321,1410,372,389,718,2001,732,2008,716,717,730,731,715,1412],"class_list":{"0":"post-252","1":"product","2":"type-product","3":"status-publish","4":"has-post-thumbnail","6":"product_brand-ns-toys","7":"product_cat-bdsm","8":"product_cat-ostorok-paskolok","9":"product_tag-bdsm","10":"product_tag-bdsm-toy","11":"product_tag-bondage","12":"product_tag-felnott-jatek","13":"product_tag-flogger","14":"product_tag-impact-jatek","15":"product_tag-impact-play","16":"product_tag-kink","17":"product_tag-korbacs","18":"product_tag-ostor","19":"product_tag-paddle","20":"product_tag-paskolo","21":"product_tag-szadomazo-kellek","22":"product_tag-whip","24":"first","25":"instock","26":"taxable","27":"shipping-taxable","28":"purchasable","29":"product-type-simple"},"yoast_head":"<!-- This site is optimized with the Yoast SEO plugin v27.4 - https:\/\/yoast.com\/product\/yoast-seo-wordpress\/ -->\n<title>Bondage Couture Paddle \u2013 Ha j\u00f3l nevelt fen\u00e9kre v\u00e1gysz, de st\u00edlusosan! - Szexshop Belvaros<\/title>\n<meta name=\"robots\" content=\"index, follow, max-snippet:-1, max-image-preview:large, max-video-preview:-1\" \/>\n<link rel=\"canonical\" href=\"https:\/\/www.szexshopbelvaros.com\/en\/product\/bondage-couture-paddle-blue\/\" \/>\n<meta property=\"og:locale\" content=\"en_US\" \/>\n<meta property=\"og:type\" content=\"article\" \/>\n<meta property=\"og:title\" content=\"Bondage Couture Paddle \u2013 Ha j\u00f3l nevelt fen\u00e9kre v\u00e1gysz, de st\u00edlusosan! - Szexshop Belvaros\" \/>\n<meta property=\"og:description\" content=\"K\u00e9k, mint a lelked, miut\u00e1n h\u00e1romszor egym\u00e1s ut\u00e1n is rosszul mondtad a safe word\u00f6t \u2013 ez a 39 centis Bondage paddle nem csak egy sima f\u00e9tis kieg\u00e9sz\u00edt\u0151, hanem egy eleg\u00e1ns, m\u0171b\u0151rbe csomagolt pofon a j\u00f3 \u00edzl\u00e9s \u00e9s a perverzi\u00f3 hat\u00e1r\u00e1n. Minden BDSM szerepj\u00e1t\u00e9k sor\u00e1n ott a helye, ahol a paskol\u00e1s nem j\u00e1t\u00e9k, hanem bizalmi gyakorlat [...]\" \/>\n<meta property=\"og:url\" content=\"https:\/\/www.szexshopbelvaros.com\/en\/product\/bondage-couture-paddle-blue\/\" \/>\n<meta property=\"og:site_name\" content=\"Szexshop Belvaros\" \/>\n<meta property=\"article:publisher\" content=\"https:\/\/www.facebook.com\/belvarossecrets\/\" \/>\n<meta property=\"article:modified_time\" content=\"2026-03-15T12:10:24+00:00\" \/>\n<meta property=\"og:image\" content=\"https:\/\/www.szexshopbelvaros.com\/wp-content\/uploads\/2025\/01\/Untitled-design-49.png\" \/>\n\t<meta property=\"og:image:width\" content=\"1736\" \/>\n\t<meta property=\"og:image:height\" content=\"932\" \/>\n\t<meta property=\"og:image:type\" content=\"image\/png\" \/>\n<meta name=\"twitter:card\" content=\"summary_large_image\" \/>\n<meta name=\"twitter:site\" content=\"@belvarossecrets\" \/>\n<meta name=\"twitter:label1\" content=\"Est. reading time\" \/>\n\t<meta name=\"twitter:data1\" content=\"1 minute\" \/>\n<script type=\"application\/ld+json\" class=\"yoast-schema-graph\">{\"@context\":\"https:\\\/\\\/schema.org\",\"@graph\":[{\"@type\":\"WebPage\",\"@id\":\"https:\\\/\\\/www.szexshopbelvaros.com\\\/termek\\\/bondage-couture-paddle-blue\\\/\",\"url\":\"https:\\\/\\\/www.szexshopbelvaros.com\\\/termek\\\/bondage-couture-paddle-blue\\\/\",\"name\":\"Bondage Couture Paddle \u2013 Ha j\u00f3l nevelt fen\u00e9kre v\u00e1gysz, de st\u00edlusosan! - Szexshop Belvaros\",\"isPartOf\":{\"@id\":\"https:\\\/\\\/www.szexshopbelvaros.com\\\/#website\"},\"primaryImageOfPage\":{\"@id\":\"https:\\\/\\\/www.szexshopbelvaros.com\\\/termek\\\/bondage-couture-paddle-blue\\\/#primaryimage\"},\"image\":{\"@id\":\"https:\\\/\\\/www.szexshopbelvaros.com\\\/termek\\\/bondage-couture-paddle-blue\\\/#primaryimage\"},\"thumbnailUrl\":\"https:\\\/\\\/www.szexshopbelvaros.com\\\/wp-content\\\/uploads\\\/2025\\\/01\\\/Untitled-design-49.png\",\"datePublished\":\"2025-01-31T13:36:58+00:00\",\"dateModified\":\"2026-03-15T12:10:24+00:00\",\"breadcrumb\":{\"@id\":\"https:\\\/\\\/www.szexshopbelvaros.com\\\/termek\\\/bondage-couture-paddle-blue\\\/#breadcrumb\"},\"inLanguage\":\"en-US\",\"potentialAction\":[{\"@type\":\"ReadAction\",\"target\":[\"https:\\\/\\\/www.szexshopbelvaros.com\\\/termek\\\/bondage-couture-paddle-blue\\\/\"]}]},{\"@type\":\"ImageObject\",\"inLanguage\":\"en-US\",\"@id\":\"https:\\\/\\\/www.szexshopbelvaros.com\\\/termek\\\/bondage-couture-paddle-blue\\\/#primaryimage\",\"url\":\"https:\\\/\\\/www.szexshopbelvaros.com\\\/wp-content\\\/uploads\\\/2025\\\/01\\\/Untitled-design-49.png\",\"contentUrl\":\"https:\\\/\\\/www.szexshopbelvaros.com\\\/wp-content\\\/uploads\\\/2025\\\/01\\\/Untitled-design-49.png\",\"width\":1736,\"height\":932},{\"@type\":\"BreadcrumbList\",\"@id\":\"https:\\\/\\\/www.szexshopbelvaros.com\\\/termek\\\/bondage-couture-paddle-blue\\\/#breadcrumb\",\"itemListElement\":[{\"@type\":\"ListItem\",\"position\":1,\"name\":\"Home\",\"item\":\"https:\\\/\\\/www.szexshopbelvaros.com\\\/\"},{\"@type\":\"ListItem\",\"position\":2,\"name\":\"\u00c1ruh\u00e1z\",\"item\":\"https:\\\/\\\/www.szexshopbelvaros.com\\\/uzlet\\\/\"},{\"@type\":\"ListItem\",\"position\":3,\"name\":\"Bondage Couture Paddle \u2013 Ha j\u00f3l nevelt fen\u00e9kre v\u00e1gysz, de st\u00edlusosan!\"}]},{\"@type\":\"WebSite\",\"@id\":\"https:\\\/\\\/www.szexshopbelvaros.com\\\/#website\",\"url\":\"https:\\\/\\\/www.szexshopbelvaros.com\\\/\",\"name\":\"Szexshop Belv\u00e1ros\",\"description\":\"\ud83d\udd25 A szex olyan, mint a p\u00e9nz; csak a t\u00fal sok el\u00e9g!\u2122 Titkok a belv\u00e1rosb\u00f3l \ud83d\udc8b | Secrets from Budapest \ud83d\udc8e Feln\u0151tt j\u00e1t\u00e9kok \u2022 Erotika \u2022 Szexshop Belvaros\",\"publisher\":{\"@id\":\"https:\\\/\\\/www.szexshopbelvaros.com\\\/#organization\"},\"potentialAction\":[{\"@type\":\"SearchAction\",\"target\":{\"@type\":\"EntryPoint\",\"urlTemplate\":\"https:\\\/\\\/www.szexshopbelvaros.com\\\/?s={search_term_string}\"},\"query-input\":{\"@type\":\"PropertyValueSpecification\",\"valueRequired\":true,\"valueName\":\"search_term_string\"}}],\"inLanguage\":\"en-US\"},{\"@type\":\"Organization\",\"@id\":\"https:\\\/\\\/www.szexshopbelvaros.com\\\/#organization\",\"name\":\"Szexshop Belv\u00e1ros\",\"alternateName\":\"szexshopbelvaros.com\",\"url\":\"https:\\\/\\\/www.szexshopbelvaros.com\\\/\",\"logo\":{\"@type\":\"ImageObject\",\"inLanguage\":\"en-US\",\"@id\":\"https:\\\/\\\/www.szexshopbelvaros.com\\\/#\\\/schema\\\/logo\\\/image\\\/\",\"url\":\"https:\\\/\\\/www.szexshopbelvaros.com\\\/wp-content\\\/uploads\\\/2025\\\/09\\\/1Szexshopbelvaroslogo_blurred_stronger.jpg\",\"contentUrl\":\"https:\\\/\\\/www.szexshopbelvaros.com\\\/wp-content\\\/uploads\\\/2025\\\/09\\\/1Szexshopbelvaroslogo_blurred_stronger.jpg\",\"width\":1024,\"height\":1024,\"caption\":\"Szexshop Belv\u00e1ros\"},\"image\":{\"@id\":\"https:\\\/\\\/www.szexshopbelvaros.com\\\/#\\\/schema\\\/logo\\\/image\\\/\"},\"sameAs\":[\"https:\\\/\\\/www.facebook.com\\\/belvarossecrets\\\/\",\"https:\\\/\\\/x.com\\\/belvarossecrets\",\"https:\\\/\\\/www.instagram.com\\\/belvarossecrets\\\/\",\"https:\\\/\\\/www.tiktok.com\\\/@belvarossecrets\"]}]}<\/script>\n<!-- \/ Yoast SEO plugin. -->","yoast_head_json":{"title":"Bondage Couture Paddle \u2013 If you want a well-groomed butt, but in style! - Szexshop Belvaros","robots":{"index":"index","follow":"follow","max-snippet":"max-snippet:-1","max-image-preview":"max-image-preview:large","max-video-preview":"max-video-preview:-1"},"canonical":"https:\/\/www.szexshopbelvaros.com\/en\/product\/bondage-couture-paddle-blue\/","og_locale":"en_US","og_type":"article","og_title":"Bondage Couture Paddle \u2013 Ha j\u00f3l nevelt fen\u00e9kre v\u00e1gysz, de st\u00edlusosan! - Szexshop Belvaros","og_description":"K\u00e9k, mint a lelked, miut\u00e1n h\u00e1romszor egym\u00e1s ut\u00e1n is rosszul mondtad a safe word\u00f6t \u2013 ez a 39 centis Bondage paddle nem csak egy sima f\u00e9tis kieg\u00e9sz\u00edt\u0151, hanem egy eleg\u00e1ns, m\u0171b\u0151rbe csomagolt pofon a j\u00f3 \u00edzl\u00e9s \u00e9s a perverzi\u00f3 hat\u00e1r\u00e1n. Minden BDSM szerepj\u00e1t\u00e9k sor\u00e1n ott a helye, ahol a paskol\u00e1s nem j\u00e1t\u00e9k, hanem bizalmi gyakorlat [...]","og_url":"https:\/\/www.szexshopbelvaros.com\/en\/product\/bondage-couture-paddle-blue\/","og_site_name":"Szexshop Belvaros","article_publisher":"https:\/\/www.facebook.com\/belvarossecrets\/","article_modified_time":"2026-03-15T12:10:24+00:00","og_image":[{"width":1736,"height":932,"url":"https:\/\/www.szexshopbelvaros.com\/wp-content\/uploads\/2025\/01\/Untitled-design-49.png","type":"image\/png"}],"twitter_card":"summary_large_image","twitter_site":"@belvarossecrets","twitter_misc":{"Est. reading time":"1 minute"},"schema":{"@context":"https:\/\/schema.org","@graph":[{"@type":"WebPage","@id":"https:\/\/www.szexshopbelvaros.com\/termek\/bondage-couture-paddle-blue\/","url":"https:\/\/www.szexshopbelvaros.com\/termek\/bondage-couture-paddle-blue\/","name":"Bondage Couture Paddle \u2013 If you want a well-groomed butt, but in style! - Szexshop Belvaros","isPartOf":{"@id":"https:\/\/www.szexshopbelvaros.com\/#website"},"primaryImageOfPage":{"@id":"https:\/\/www.szexshopbelvaros.com\/termek\/bondage-couture-paddle-blue\/#primaryimage"},"image":{"@id":"https:\/\/www.szexshopbelvaros.com\/termek\/bondage-couture-paddle-blue\/#primaryimage"},"thumbnailUrl":"https:\/\/www.szexshopbelvaros.com\/wp-content\/uploads\/2025\/01\/Untitled-design-49.png","datePublished":"2025-01-31T13:36:58+00:00","dateModified":"2026-03-15T12:10:24+00:00","breadcrumb":{"@id":"https:\/\/www.szexshopbelvaros.com\/termek\/bondage-couture-paddle-blue\/#breadcrumb"},"inLanguage":"en-US","potentialAction":[{"@type":"ReadAction","target":["https:\/\/www.szexshopbelvaros.com\/termek\/bondage-couture-paddle-blue\/"]}]},{"@type":"ImageObject","inLanguage":"en-US","@id":"https:\/\/www.szexshopbelvaros.com\/termek\/bondage-couture-paddle-blue\/#primaryimage","url":"https:\/\/www.szexshopbelvaros.com\/wp-content\/uploads\/2025\/01\/Untitled-design-49.png","contentUrl":"https:\/\/www.szexshopbelvaros.com\/wp-content\/uploads\/2025\/01\/Untitled-design-49.png","width":1736,"height":932},{"@type":"BreadcrumbList","@id":"https:\/\/www.szexshopbelvaros.com\/termek\/bondage-couture-paddle-blue\/#breadcrumb","itemListElement":[{"@type":"ListItem","position":1,"name":"Home","item":"https:\/\/www.szexshopbelvaros.com\/"},{"@type":"ListItem","position":2,"name":"\u00c1ruh\u00e1z","item":"https:\/\/www.szexshopbelvaros.com\/uzlet\/"},{"@type":"ListItem","position":3,"name":"Bondage Couture Paddle \u2013 Ha j\u00f3l nevelt fen\u00e9kre v\u00e1gysz, de st\u00edlusosan!"}]},{"@type":"WebSite","@id":"https:\/\/www.szexshopbelvaros.com\/#website","url":"https:\/\/www.szexshopbelvaros.com\/","name":"at our Szexshop Belv\u00e1ros","description":"\ud83d\udd25 Sex is like money; only too much is enough!\u2122 Secrets from the city center \ud83d\udc8b | Secrets from Budapest \ud83d\udc8e Adult games \u2022 Erotica \u2022 Sex shop Belvaros","publisher":{"@id":"https:\/\/www.szexshopbelvaros.com\/#organization"},"potentialAction":[{"@type":"SearchAction","target":{"@type":"EntryPoint","urlTemplate":"https:\/\/www.szexshopbelvaros.com\/?s={search_term_string}"},"query-input":{"@type":"PropertyValueSpecification","valueRequired":true,"valueName":"search_term_string"}}],"inLanguage":"en-US"},{"@type":"Organization","@id":"https:\/\/www.szexshopbelvaros.com\/#organization","name":"at our Szexshop Belv\u00e1ros","alternateName":"szexshopbelvaros.com","url":"https:\/\/www.szexshopbelvaros.com\/","logo":{"@type":"ImageObject","inLanguage":"en-US","@id":"https:\/\/www.szexshopbelvaros.com\/#\/schema\/logo\/image\/","url":"https:\/\/www.szexshopbelvaros.com\/wp-content\/uploads\/2025\/09\/1Szexshopbelvaroslogo_blurred_stronger.jpg","contentUrl":"https:\/\/www.szexshopbelvaros.com\/wp-content\/uploads\/2025\/09\/1Szexshopbelvaroslogo_blurred_stronger.jpg","width":1024,"height":1024,"caption":"Szexshop Belv\u00e1ros"},"image":{"@id":"https:\/\/www.szexshopbelvaros.com\/#\/schema\/logo\/image\/"},"sameAs":["https:\/\/www.facebook.com\/belvarossecrets\/","https:\/\/x.com\/belvarossecrets","https:\/\/www.instagram.com\/belvarossecrets\/","https:\/\/www.tiktok.com\/@belvarossecrets"]}]}},"_links":{"self":[{"href":"https:\/\/www.szexshopbelvaros.com\/en\/wp-json\/wp\/v2\/product\/252","targetHints":{"allow":["GET"]}}],"collection":[{"href":"https:\/\/www.szexshopbelvaros.com\/en\/wp-json\/wp\/v2\/product"}],"about":[{"href":"https:\/\/www.szexshopbelvaros.com\/en\/wp-json\/wp\/v2\/types\/product"}],"replies":[{"embeddable":true,"href":"https:\/\/www.szexshopbelvaros.com\/en\/wp-json\/wp\/v2\/comments?post=252"}],"wp:featuredmedia":[{"embeddable":true,"href":"https:\/\/www.szexshopbelvaros.com\/en\/wp-json\/wp\/v2\/media\/2817"}],"wp:attachment":[{"href":"https:\/\/www.szexshopbelvaros.com\/en\/wp-json\/wp\/v2\/media?parent=252"}],"wp:term":[{"taxonomy":"product_brand","embeddable":true,"href":"https:\/\/www.szexshopbelvaros.com\/en\/wp-json\/wp\/v2\/product_brand?post=252"},{"taxonomy":"product_cat","embeddable":true,"href":"https:\/\/www.szexshopbelvaros.com\/en\/wp-json\/wp\/v2\/product_cat?post=252"},{"taxonomy":"product_tag","embeddable":true,"href":"https:\/\/www.szexshopbelvaros.com\/en\/wp-json\/wp\/v2\/product_tag?post=252"}],"curies":[{"name":"wp","href":"https:\/\/api.w.org\/{rel}","templated":true}]}}