{"id":254,"date":"2025-01-31T14:36:58","date_gmt":"2025-01-31T13:36:58","guid":{"rendered":"https:\/\/www.szexshopbelvaros.com\/termek\/orion-wrist-ankle-restraints-fekete-kotozo\/"},"modified":"2026-04-14T20:00:30","modified_gmt":"2026-04-14T18:00:30","slug":"orion-wrist-ankle-restraints-fekete-kotozo","status":"publish","type":"product","link":"https:\/\/www.szexshopbelvaros.com\/en\/product\/orion-wrist-ankle-restraints-fekete-kotozo\/","title":{"rendered":"Hands and Feet Up! \u2013 Black Binding Set for Full Assault"},"content":{"rendered":"<p>This <strong data-start=\"402\" data-end=\"438\">black wrist-ankle bondage set<\/strong> which is exactly what you need to completely immobilize someone in an instant \u2014 preferably voluntarily and with a smile. Adjustable size (71\u2013100 cm), <strong data-start=\"586\" data-end=\"612\">polyamide fetish binding<\/strong>, that you can use on your wrist and ankle at the same time, so not only will the feeling of freedom disappear, but control will also be in your hands.<br data-start=\"754\" data-end=\"757\" \/>Ideal <strong data-start=\"765\" data-end=\"780\">S\/M for sex<\/strong>, <strong data-start=\"782\" data-end=\"802\">for role-playing games<\/strong>, or if your partner is simply fiddling around too much.<br data-start=\"854\" data-end=\"857\" \/>It's a practical yet comfortable <strong data-start=\"896\" data-end=\"932\">sexual role play accessory<\/strong> It's a perfect choice for beginners, advanced, doms and those who want every body part to stay where it is tied.<br data-start=\"1070\" data-end=\"1073\" \/>Our <strong data-start=\"1075\" data-end=\"1101\">wrist ankle restraints<\/strong>, <strong data-start=\"1103\" data-end=\"1130\">adjustable bondage set<\/strong>, <strong data-start=\"1132\" data-end=\"1154\">black BDSM bondage<\/strong> and <strong data-start=\"1158\" data-end=\"1175\">fetish accessory<\/strong> words will be mandatory not only in search engines but also in the bedroom from now on.<\/p>","protected":false},"excerpt":{"rendered":"<p>Ez a fekete wrist-ankle bondage szett pontosan arra val\u00f3, hogy valakit pillanatok alatt teljesen mozg\u00e1sk\u00e9ptelenn\u00e9 tegy\u00e9l \u2014 lehet\u0151leg \u00f6nk\u00e9nt \u00e9s vigyorogva. \u00c1ll\u00edthat\u00f3 m\u00e9ret\u0171 (71\u2013100 cm), poliamid fetish k\u00f6t\u00f6z\u0151, amit egyszerre haszn\u00e1lhatsz csukl\u00f3ra \u00e9s bok\u00e1ra, \u00edgy garant\u00e1ltan nem csak a szabads\u00e1g\u00e9rzet sz\u0171nik meg, de az ir\u00e1ny\u00edt\u00e1s is a te kezedbe ker\u00fcl.Ide\u00e1lis S\/M szexhez, szerepj\u00e1t\u00e9kokhoz, vagy ha [&#8230;]\n","protected":false},"featured_media":2798,"comment_status":"closed","ping_status":"closed","template":"","meta":[],"product_brand":[79],"product_cat":[52,2005],"product_tag":[321,1410,1416,372,1561,389,1415,2008,2021,1407,2022,2020,715],"class_list":{"0":"post-254","1":"product","2":"type-product","3":"status-publish","4":"has-post-thumbnail","6":"product_brand-orion","7":"product_cat-bdsm","8":"product_cat-kotozes-rogzites","9":"product_tag-bdsm","10":"product_tag-bdsm-toy","11":"product_tag-bilincs","12":"product_tag-bondage","13":"product_tag-bondage-rope","14":"product_tag-felnott-jatek","15":"product_tag-handcuffs","16":"product_tag-kink","17":"product_tag-kotelfetis","18":"product_tag-kotozes","19":"product_tag-restraints","20":"product_tag-rogzites","21":"product_tag-szadomazo-kellek","23":"first","24":"instock","25":"taxable","26":"shipping-taxable","27":"purchasable","28":"product-type-simple"},"yoast_head":"<!-- This site is optimized with the Yoast SEO plugin v27.4 - https:\/\/yoast.com\/product\/yoast-seo-wordpress\/ -->\n<title>Kezeket \u00e9s L\u00e1bakat Fel! \u2013 Fekete K\u00f6t\u00f6z\u0151szett Teljes Let\u00e1mad\u00e1shoz - Szexshop Belvaros<\/title>\n<meta name=\"robots\" content=\"index, follow, max-snippet:-1, max-image-preview:large, max-video-preview:-1\" \/>\n<link rel=\"canonical\" href=\"https:\/\/www.szexshopbelvaros.com\/en\/product\/orion-wrist-ankle-restraints-fekete-kotozo\/\" \/>\n<meta property=\"og:locale\" content=\"en_US\" \/>\n<meta property=\"og:type\" content=\"article\" \/>\n<meta property=\"og:title\" content=\"Kezeket \u00e9s L\u00e1bakat Fel! \u2013 Fekete K\u00f6t\u00f6z\u0151szett Teljes Let\u00e1mad\u00e1shoz - Szexshop Belvaros\" \/>\n<meta property=\"og:description\" content=\"Ez a fekete wrist-ankle bondage szett pontosan arra val\u00f3, hogy valakit pillanatok alatt teljesen mozg\u00e1sk\u00e9ptelenn\u00e9 tegy\u00e9l \u2014 lehet\u0151leg \u00f6nk\u00e9nt \u00e9s vigyorogva. \u00c1ll\u00edthat\u00f3 m\u00e9ret\u0171 (71\u2013100 cm), poliamid fetish k\u00f6t\u00f6z\u0151, amit egyszerre haszn\u00e1lhatsz csukl\u00f3ra \u00e9s bok\u00e1ra, \u00edgy garant\u00e1ltan nem csak a szabads\u00e1g\u00e9rzet sz\u0171nik meg, de az ir\u00e1ny\u00edt\u00e1s is a te kezedbe ker\u00fcl.Ide\u00e1lis S\/M szexhez, szerepj\u00e1t\u00e9kokhoz, vagy ha [...]\" \/>\n<meta property=\"og:url\" content=\"https:\/\/www.szexshopbelvaros.com\/en\/product\/orion-wrist-ankle-restraints-fekete-kotozo\/\" \/>\n<meta property=\"og:site_name\" content=\"Szexshop Belvaros\" \/>\n<meta property=\"article:publisher\" content=\"https:\/\/www.facebook.com\/belvarossecrets\/\" \/>\n<meta property=\"article:modified_time\" content=\"2026-04-14T18:00:30+00:00\" \/>\n<meta property=\"og:image\" content=\"https:\/\/www.szexshopbelvaros.com\/wp-content\/uploads\/2025\/01\/69b69244e046ea747bcf6cd0-scaled.png\" \/>\n\t<meta property=\"og:image:width\" content=\"2560\" \/>\n\t<meta property=\"og:image:height\" content=\"1440\" \/>\n\t<meta property=\"og:image:type\" content=\"image\/png\" \/>\n<meta name=\"twitter:card\" content=\"summary_large_image\" \/>\n<meta name=\"twitter:site\" content=\"@belvarossecrets\" \/>\n<meta name=\"twitter:label1\" content=\"Est. reading time\" \/>\n\t<meta name=\"twitter:data1\" content=\"1 minute\" \/>\n<script type=\"application\/ld+json\" class=\"yoast-schema-graph\">{\"@context\":\"https:\\\/\\\/schema.org\",\"@graph\":[{\"@type\":\"WebPage\",\"@id\":\"https:\\\/\\\/www.szexshopbelvaros.com\\\/termek\\\/orion-wrist-ankle-restraints-fekete-kotozo\\\/\",\"url\":\"https:\\\/\\\/www.szexshopbelvaros.com\\\/termek\\\/orion-wrist-ankle-restraints-fekete-kotozo\\\/\",\"name\":\"Kezeket \u00e9s L\u00e1bakat Fel! \u2013 Fekete K\u00f6t\u00f6z\u0151szett Teljes Let\u00e1mad\u00e1shoz - Szexshop Belvaros\",\"isPartOf\":{\"@id\":\"https:\\\/\\\/www.szexshopbelvaros.com\\\/#website\"},\"primaryImageOfPage\":{\"@id\":\"https:\\\/\\\/www.szexshopbelvaros.com\\\/termek\\\/orion-wrist-ankle-restraints-fekete-kotozo\\\/#primaryimage\"},\"image\":{\"@id\":\"https:\\\/\\\/www.szexshopbelvaros.com\\\/termek\\\/orion-wrist-ankle-restraints-fekete-kotozo\\\/#primaryimage\"},\"thumbnailUrl\":\"https:\\\/\\\/www.szexshopbelvaros.com\\\/wp-content\\\/uploads\\\/2025\\\/01\\\/69b69244e046ea747bcf6cd0-scaled.png\",\"datePublished\":\"2025-01-31T13:36:58+00:00\",\"dateModified\":\"2026-04-14T18:00:30+00:00\",\"breadcrumb\":{\"@id\":\"https:\\\/\\\/www.szexshopbelvaros.com\\\/termek\\\/orion-wrist-ankle-restraints-fekete-kotozo\\\/#breadcrumb\"},\"inLanguage\":\"en-US\",\"potentialAction\":[{\"@type\":\"ReadAction\",\"target\":[\"https:\\\/\\\/www.szexshopbelvaros.com\\\/termek\\\/orion-wrist-ankle-restraints-fekete-kotozo\\\/\"]}]},{\"@type\":\"ImageObject\",\"inLanguage\":\"en-US\",\"@id\":\"https:\\\/\\\/www.szexshopbelvaros.com\\\/termek\\\/orion-wrist-ankle-restraints-fekete-kotozo\\\/#primaryimage\",\"url\":\"https:\\\/\\\/www.szexshopbelvaros.com\\\/wp-content\\\/uploads\\\/2025\\\/01\\\/69b69244e046ea747bcf6cd0-scaled.png\",\"contentUrl\":\"https:\\\/\\\/www.szexshopbelvaros.com\\\/wp-content\\\/uploads\\\/2025\\\/01\\\/69b69244e046ea747bcf6cd0-scaled.png\",\"width\":2560,\"height\":1440},{\"@type\":\"BreadcrumbList\",\"@id\":\"https:\\\/\\\/www.szexshopbelvaros.com\\\/termek\\\/orion-wrist-ankle-restraints-fekete-kotozo\\\/#breadcrumb\",\"itemListElement\":[{\"@type\":\"ListItem\",\"position\":1,\"name\":\"Home\",\"item\":\"https:\\\/\\\/www.szexshopbelvaros.com\\\/\"},{\"@type\":\"ListItem\",\"position\":2,\"name\":\"\u00c1ruh\u00e1z\",\"item\":\"https:\\\/\\\/www.szexshopbelvaros.com\\\/uzlet\\\/\"},{\"@type\":\"ListItem\",\"position\":3,\"name\":\"Kezeket \u00e9s L\u00e1bakat Fel! \u2013 Fekete K\u00f6t\u00f6z\u0151szett Teljes Let\u00e1mad\u00e1shoz\"}]},{\"@type\":\"WebSite\",\"@id\":\"https:\\\/\\\/www.szexshopbelvaros.com\\\/#website\",\"url\":\"https:\\\/\\\/www.szexshopbelvaros.com\\\/\",\"name\":\"Szexshop Belv\u00e1ros\",\"description\":\"\ud83d\udd25 A szex olyan, mint a p\u00e9nz; csak a t\u00fal sok el\u00e9g!\u2122 Titkok a belv\u00e1rosb\u00f3l \ud83d\udc8b | Secrets from Budapest \ud83d\udc8e Feln\u0151tt j\u00e1t\u00e9kok \u2022 Erotika \u2022 Szexshop Belvaros\",\"publisher\":{\"@id\":\"https:\\\/\\\/www.szexshopbelvaros.com\\\/#organization\"},\"potentialAction\":[{\"@type\":\"SearchAction\",\"target\":{\"@type\":\"EntryPoint\",\"urlTemplate\":\"https:\\\/\\\/www.szexshopbelvaros.com\\\/?s={search_term_string}\"},\"query-input\":{\"@type\":\"PropertyValueSpecification\",\"valueRequired\":true,\"valueName\":\"search_term_string\"}}],\"inLanguage\":\"en-US\"},{\"@type\":\"Organization\",\"@id\":\"https:\\\/\\\/www.szexshopbelvaros.com\\\/#organization\",\"name\":\"Szexshop Belv\u00e1ros\",\"alternateName\":\"szexshopbelvaros.com\",\"url\":\"https:\\\/\\\/www.szexshopbelvaros.com\\\/\",\"logo\":{\"@type\":\"ImageObject\",\"inLanguage\":\"en-US\",\"@id\":\"https:\\\/\\\/www.szexshopbelvaros.com\\\/#\\\/schema\\\/logo\\\/image\\\/\",\"url\":\"https:\\\/\\\/www.szexshopbelvaros.com\\\/wp-content\\\/uploads\\\/2025\\\/09\\\/1Szexshopbelvaroslogo_blurred_stronger.jpg\",\"contentUrl\":\"https:\\\/\\\/www.szexshopbelvaros.com\\\/wp-content\\\/uploads\\\/2025\\\/09\\\/1Szexshopbelvaroslogo_blurred_stronger.jpg\",\"width\":1024,\"height\":1024,\"caption\":\"Szexshop Belv\u00e1ros\"},\"image\":{\"@id\":\"https:\\\/\\\/www.szexshopbelvaros.com\\\/#\\\/schema\\\/logo\\\/image\\\/\"},\"sameAs\":[\"https:\\\/\\\/www.facebook.com\\\/belvarossecrets\\\/\",\"https:\\\/\\\/x.com\\\/belvarossecrets\",\"https:\\\/\\\/www.instagram.com\\\/belvarossecrets\\\/\",\"https:\\\/\\\/www.tiktok.com\\\/@belvarossecrets\"]}]}<\/script>\n<!-- \/ Yoast SEO plugin. -->","yoast_head_json":{"title":"Hands and Feet Up! \u2013 Black Bondage Set for Full Assault - Szexshop Belvaros","robots":{"index":"index","follow":"follow","max-snippet":"max-snippet:-1","max-image-preview":"max-image-preview:large","max-video-preview":"max-video-preview:-1"},"canonical":"https:\/\/www.szexshopbelvaros.com\/en\/product\/orion-wrist-ankle-restraints-fekete-kotozo\/","og_locale":"en_US","og_type":"article","og_title":"Kezeket \u00e9s L\u00e1bakat Fel! \u2013 Fekete K\u00f6t\u00f6z\u0151szett Teljes Let\u00e1mad\u00e1shoz - Szexshop Belvaros","og_description":"Ez a fekete wrist-ankle bondage szett pontosan arra val\u00f3, hogy valakit pillanatok alatt teljesen mozg\u00e1sk\u00e9ptelenn\u00e9 tegy\u00e9l \u2014 lehet\u0151leg \u00f6nk\u00e9nt \u00e9s vigyorogva. \u00c1ll\u00edthat\u00f3 m\u00e9ret\u0171 (71\u2013100 cm), poliamid fetish k\u00f6t\u00f6z\u0151, amit egyszerre haszn\u00e1lhatsz csukl\u00f3ra \u00e9s bok\u00e1ra, \u00edgy garant\u00e1ltan nem csak a szabads\u00e1g\u00e9rzet sz\u0171nik meg, de az ir\u00e1ny\u00edt\u00e1s is a te kezedbe ker\u00fcl.Ide\u00e1lis S\/M szexhez, szerepj\u00e1t\u00e9kokhoz, vagy ha [...]","og_url":"https:\/\/www.szexshopbelvaros.com\/en\/product\/orion-wrist-ankle-restraints-fekete-kotozo\/","og_site_name":"Szexshop Belvaros","article_publisher":"https:\/\/www.facebook.com\/belvarossecrets\/","article_modified_time":"2026-04-14T18:00:30+00:00","og_image":[{"width":2560,"height":1440,"url":"https:\/\/www.szexshopbelvaros.com\/wp-content\/uploads\/2025\/01\/69b69244e046ea747bcf6cd0-scaled.png","type":"image\/png"}],"twitter_card":"summary_large_image","twitter_site":"@belvarossecrets","twitter_misc":{"Est. reading time":"1 minute"},"schema":{"@context":"https:\/\/schema.org","@graph":[{"@type":"WebPage","@id":"https:\/\/www.szexshopbelvaros.com\/termek\/orion-wrist-ankle-restraints-fekete-kotozo\/","url":"https:\/\/www.szexshopbelvaros.com\/termek\/orion-wrist-ankle-restraints-fekete-kotozo\/","name":"Hands and Feet Up! \u2013 Black Bondage Set for Full Assault - Szexshop Belvaros","isPartOf":{"@id":"https:\/\/www.szexshopbelvaros.com\/#website"},"primaryImageOfPage":{"@id":"https:\/\/www.szexshopbelvaros.com\/termek\/orion-wrist-ankle-restraints-fekete-kotozo\/#primaryimage"},"image":{"@id":"https:\/\/www.szexshopbelvaros.com\/termek\/orion-wrist-ankle-restraints-fekete-kotozo\/#primaryimage"},"thumbnailUrl":"https:\/\/www.szexshopbelvaros.com\/wp-content\/uploads\/2025\/01\/69b69244e046ea747bcf6cd0-scaled.png","datePublished":"2025-01-31T13:36:58+00:00","dateModified":"2026-04-14T18:00:30+00:00","breadcrumb":{"@id":"https:\/\/www.szexshopbelvaros.com\/termek\/orion-wrist-ankle-restraints-fekete-kotozo\/#breadcrumb"},"inLanguage":"en-US","potentialAction":[{"@type":"ReadAction","target":["https:\/\/www.szexshopbelvaros.com\/termek\/orion-wrist-ankle-restraints-fekete-kotozo\/"]}]},{"@type":"ImageObject","inLanguage":"en-US","@id":"https:\/\/www.szexshopbelvaros.com\/termek\/orion-wrist-ankle-restraints-fekete-kotozo\/#primaryimage","url":"https:\/\/www.szexshopbelvaros.com\/wp-content\/uploads\/2025\/01\/69b69244e046ea747bcf6cd0-scaled.png","contentUrl":"https:\/\/www.szexshopbelvaros.com\/wp-content\/uploads\/2025\/01\/69b69244e046ea747bcf6cd0-scaled.png","width":2560,"height":1440},{"@type":"BreadcrumbList","@id":"https:\/\/www.szexshopbelvaros.com\/termek\/orion-wrist-ankle-restraints-fekete-kotozo\/#breadcrumb","itemListElement":[{"@type":"ListItem","position":1,"name":"Home","item":"https:\/\/www.szexshopbelvaros.com\/"},{"@type":"ListItem","position":2,"name":"\u00c1ruh\u00e1z","item":"https:\/\/www.szexshopbelvaros.com\/uzlet\/"},{"@type":"ListItem","position":3,"name":"Kezeket \u00e9s L\u00e1bakat Fel! \u2013 Fekete K\u00f6t\u00f6z\u0151szett Teljes Let\u00e1mad\u00e1shoz"}]},{"@type":"WebSite","@id":"https:\/\/www.szexshopbelvaros.com\/#website","url":"https:\/\/www.szexshopbelvaros.com\/","name":"at our Szexshop Belv\u00e1ros","description":"\ud83d\udd25 Sex is like money; only too much is enough!\u2122 Secrets from the city center \ud83d\udc8b | Secrets from Budapest \ud83d\udc8e Adult games \u2022 Erotica \u2022 Sex shop Belvaros","publisher":{"@id":"https:\/\/www.szexshopbelvaros.com\/#organization"},"potentialAction":[{"@type":"SearchAction","target":{"@type":"EntryPoint","urlTemplate":"https:\/\/www.szexshopbelvaros.com\/?s={search_term_string}"},"query-input":{"@type":"PropertyValueSpecification","valueRequired":true,"valueName":"search_term_string"}}],"inLanguage":"en-US"},{"@type":"Organization","@id":"https:\/\/www.szexshopbelvaros.com\/#organization","name":"at our Szexshop Belv\u00e1ros","alternateName":"szexshopbelvaros.com","url":"https:\/\/www.szexshopbelvaros.com\/","logo":{"@type":"ImageObject","inLanguage":"en-US","@id":"https:\/\/www.szexshopbelvaros.com\/#\/schema\/logo\/image\/","url":"https:\/\/www.szexshopbelvaros.com\/wp-content\/uploads\/2025\/09\/1Szexshopbelvaroslogo_blurred_stronger.jpg","contentUrl":"https:\/\/www.szexshopbelvaros.com\/wp-content\/uploads\/2025\/09\/1Szexshopbelvaroslogo_blurred_stronger.jpg","width":1024,"height":1024,"caption":"Szexshop Belv\u00e1ros"},"image":{"@id":"https:\/\/www.szexshopbelvaros.com\/#\/schema\/logo\/image\/"},"sameAs":["https:\/\/www.facebook.com\/belvarossecrets\/","https:\/\/x.com\/belvarossecrets","https:\/\/www.instagram.com\/belvarossecrets\/","https:\/\/www.tiktok.com\/@belvarossecrets"]}]}},"_links":{"self":[{"href":"https:\/\/www.szexshopbelvaros.com\/en\/wp-json\/wp\/v2\/product\/254","targetHints":{"allow":["GET"]}}],"collection":[{"href":"https:\/\/www.szexshopbelvaros.com\/en\/wp-json\/wp\/v2\/product"}],"about":[{"href":"https:\/\/www.szexshopbelvaros.com\/en\/wp-json\/wp\/v2\/types\/product"}],"replies":[{"embeddable":true,"href":"https:\/\/www.szexshopbelvaros.com\/en\/wp-json\/wp\/v2\/comments?post=254"}],"wp:featuredmedia":[{"embeddable":true,"href":"https:\/\/www.szexshopbelvaros.com\/en\/wp-json\/wp\/v2\/media\/2798"}],"wp:attachment":[{"href":"https:\/\/www.szexshopbelvaros.com\/en\/wp-json\/wp\/v2\/media?parent=254"}],"wp:term":[{"taxonomy":"product_brand","embeddable":true,"href":"https:\/\/www.szexshopbelvaros.com\/en\/wp-json\/wp\/v2\/product_brand?post=254"},{"taxonomy":"product_cat","embeddable":true,"href":"https:\/\/www.szexshopbelvaros.com\/en\/wp-json\/wp\/v2\/product_cat?post=254"},{"taxonomy":"product_tag","embeddable":true,"href":"https:\/\/www.szexshopbelvaros.com\/en\/wp-json\/wp\/v2\/product_tag?post=254"}],"curies":[{"name":"wp","href":"https:\/\/api.w.org\/{rel}","templated":true}]}}