{"id":2553,"date":"2026-03-02T13:50:51","date_gmt":"2026-03-02T12:50:51","guid":{"rendered":"https:\/\/www.szexshopbelvaros.com\/?post_type=product&#038;p=2553"},"modified":"2026-04-14T19:58:56","modified_gmt":"2026-04-14T17:58:56","slug":"%f0%9f%96%a4-allithato-uniszex-strap-on-ham","status":"publish","type":"product","link":"https:\/\/www.szexshopbelvaros.com\/en\/product\/%f0%9f%96%a4-allithato-uniszex-strap-on-ham\/","title":{"rendered":"\ud83d\udda4 Stay-Put Harness \u2013 when it's not just the mood that stands up."},"content":{"rendered":"<p data-start=\"215\" data-end=\"346\">The adjustable unisex strap-on harness isn&#039;t the kind of thing that &quot;maybe it&#039;ll work.&quot; This is the Stay-Put Harness that holds you like you&#039;d be personally offended if you moved.<\/p>\n<p data-start=\"348\" data-end=\"496\">Universal.<br data-start=\"360\" data-end=\"363\" \/>For women. For men. For beginners. For advanced.<br data-start=\"405\" data-end=\"408\" \/>For those who want to control.<br data-start=\"435\" data-end=\"438\" \/>And also for those who finally don&#039;t want to think - just feel.<\/p>\n<p data-start=\"498\" data-end=\"765\">Adjustable waistband up to 112 cm, because we&#039;re not one for the faint of heart.<br data-start=\"561\" data-end=\"564\" \/>Three interchangeable silicone rings (up to 5 cm), because the variation is not a luxury, but basic.<br data-start=\"645\" data-end=\"648\" \/>A solid combination of nylon, vinyl, metal and plastic, so that when the pace picks up...<br data-start=\"725\" data-end=\"728\" \/>...he should just say: &quot;That&#039;s it?&quot;\u201e<\/p>\n<p data-start=\"767\" data-end=\"849\">Stabile.<br data-start=\"774\" data-end=\"777\" \/>Comfortable.<br data-start=\"787\" data-end=\"790\" \/>And stays in place even when everything else is shaking. \ud83d\udca5<\/p>\n<p data-start=\"851\" data-end=\"882\">This is not a game.<br data-start=\"864\" data-end=\"867\" \/>This is equipment.<\/p>\n<p data-start=\"851\" data-end=\"882\">Check out the rest of our <a href=\"https:\/\/www.szexshopbelvaros.com\/en\/product-category\/paroknak-uniszex\/felcsatolhato-eszkozok\/\">of the attachable<\/a> tools we have.<\/p>\n<p data-start=\"884\" data-end=\"1001\"><span style=\"color: #333333;\">\ud83d\udc49 Get it within an hour at our\u00a0<\/span>Budapest <a href=\"https:\/\/wolt.com\/hu\/hun\/budapest\/venue\/szexshop-belvaros\/stay-put-harness-itemid-1416f9a14d0045e5f892308f\">at our Szexshop Belv\u00e1ros Wolt store<\/a>or<span style=\"color: #333333;\">store or order here at\u00a0<\/span>www.szexshopbelvaros.com<span style=\"color: #333333;\"> . We deliver to the entire territory of Hungary and the EU.<\/span> Set it up, buckle up and decide who&#039;s in charge tonight.<\/p>","protected":false},"excerpt":{"rendered":"<p>Az \u00e1ll\u00edthat\u00f3 uniszex strap-on h\u00e1m nem az a darab, ami \u201emajd tal\u00e1n m\u0171k\u00f6dik\u201d. Ez az a Stay-Put Harness, ami \u00fagy tart, mintha szem\u00e9lyesen megs\u00e9rt\u0151dne, ha elmozdulna. Univerz\u00e1lis.N\u0151knek. F\u00e9rfiaknak. Kezd\u0151knek. Halad\u00f3knak.Annak, aki ir\u00e1ny\u00edtani akar.\u00c9s annak is, aki v\u00e9gre nem akar gondolkodni \u2013 csak \u00e9rezni. 112 cm-ig \u00e1ll\u00edthat\u00f3 der\u00e9kp\u00e1nt, mert nem sablonemberek vagyunk.H\u00e1rom cser\u00e9lhet\u0151 szilikon gy\u0171r\u0171 (5 [&#8230;]\n","protected":false},"featured_media":2554,"comment_status":"closed","ping_status":"closed","template":"","meta":[],"product_brand":[176],"product_cat":[88,108],"product_tag":[2145,2144,559,2148,2370,352,2146,2150,2369,2143,2371,2142,707,2147,552,2367,2368,1238,2366,2149,354,220,1384,2141,2151],"class_list":{"0":"post-2553","1":"product","2":"type-product","3":"status-publish","4":"has-post-thumbnail","6":"product_brand-pipedream","7":"product_cat-felcsatolhato-eszkozok","8":"product_cat-paroknak-uniszex","9":"product_tag-adult-toy-for-couples","10":"product_tag-couples-pleasure","11":"product_tag-couples-toy","12":"product_tag-csereheto-fej","13":"product_tag-erotikus-szerepjatek-paroknak","14":"product_tag-felcsatolhato-dildo","15":"product_tag-harness-szett","16":"product_tag-harness-toy","17":"product_tag-interchangeable-ring-system","18":"product_tag-intim-jatek-paroknak","19":"product_tag-kezdo-strap-on-szett","20":"product_tag-kozos-elmeny","21":"product_tag-paroknak","22":"product_tag-paros-dominancia","23":"product_tag-paros-jatek","24":"product_tag-pegging-starter-gear","25":"product_tag-secure-fit-harness","26":"product_tag-shared-pleasure","27":"product_tag-strap-on-beginners","28":"product_tag-strap-on-set","29":"product_tag-strap-on","30":"product_tag-szexshop-belvaros","31":"product_tag-unisex-sex-toy","32":"product_tag-uniszex-szexjatek","33":"product_tag-wearable-toy","35":"first","36":"instock","37":"taxable","38":"shipping-taxable","39":"purchasable","40":"product-type-simple"},"yoast_head":"<!-- This site is optimized with the Yoast SEO plugin v27.5 - https:\/\/yoast.com\/product\/yoast-seo-wordpress\/ -->\n<title>\u00c1ll\u00edthat\u00f3 uniszex strap-on h\u00e1m | Szexshop Belvaros<\/title>\n<meta name=\"description\" content=\"\u00c1ll\u00edthat\u00f3 uniszex strap-on h\u00e1m stabil tart\u00e1ssal \u00e9s cser\u00e9lhet\u0151 gy\u0171r\u0171kkel. K\u00e9nyelmes, er\u0151s kialak\u00edt\u00e1s kezd\u0151knek \u00e9s halad\u00f3knak a Szexshop Belvaros k\u00edn\u00e1lat\u00e1b\u00f3l.\" \/>\n<meta name=\"robots\" content=\"index, follow, max-snippet:-1, max-image-preview:large, max-video-preview:-1\" \/>\n<link rel=\"canonical\" href=\"https:\/\/www.szexshopbelvaros.com\/en\/product\/\ud83d\udda4-allithato-uniszex-strap-on-ham\/\" \/>\n<meta property=\"og:locale\" content=\"en_US\" \/>\n<meta property=\"og:type\" content=\"article\" \/>\n<meta property=\"og:title\" content=\"\u00c1ll\u00edthat\u00f3 uniszex strap-on h\u00e1m | Szexshop Belvaros\" \/>\n<meta property=\"og:description\" content=\"\u00c1ll\u00edthat\u00f3 uniszex strap-on h\u00e1m stabil tart\u00e1ssal \u00e9s cser\u00e9lhet\u0151 gy\u0171r\u0171kkel. K\u00e9nyelmes, er\u0151s kialak\u00edt\u00e1s kezd\u0151knek \u00e9s halad\u00f3knak a Szexshop Belvaros k\u00edn\u00e1lat\u00e1b\u00f3l.\" \/>\n<meta property=\"og:url\" content=\"https:\/\/www.szexshopbelvaros.com\/en\/product\/\ud83d\udda4-allithato-uniszex-strap-on-ham\/\" \/>\n<meta property=\"og:site_name\" content=\"Szexshop Belvaros\" \/>\n<meta property=\"article:publisher\" content=\"https:\/\/www.facebook.com\/belvarossecrets\/\" \/>\n<meta property=\"article:modified_time\" content=\"2026-04-14T17:58:56+00:00\" \/>\n<meta property=\"og:image\" content=\"https:\/\/www.szexshopbelvaros.com\/wp-content\/uploads\/2026\/03\/69a571d51950601875b88867-scaled.png\" \/>\n\t<meta property=\"og:image:width\" content=\"2560\" \/>\n\t<meta property=\"og:image:height\" content=\"1440\" \/>\n\t<meta property=\"og:image:type\" content=\"image\/png\" \/>\n<meta name=\"twitter:card\" content=\"summary_large_image\" \/>\n<meta name=\"twitter:site\" content=\"@belvarossecrets\" \/>\n<meta name=\"twitter:label1\" content=\"Est. reading time\" \/>\n\t<meta name=\"twitter:data1\" content=\"2 minutes\" \/>\n<script type=\"application\/ld+json\" class=\"yoast-schema-graph\">{\"@context\":\"https:\\\/\\\/schema.org\",\"@graph\":[{\"@type\":\"WebPage\",\"@id\":\"https:\\\/\\\/www.szexshopbelvaros.com\\\/termek\\\/%f0%9f%96%a4-allithato-uniszex-strap-on-ham\\\/\",\"url\":\"https:\\\/\\\/www.szexshopbelvaros.com\\\/termek\\\/%f0%9f%96%a4-allithato-uniszex-strap-on-ham\\\/\",\"name\":\"\u00c1ll\u00edthat\u00f3 uniszex strap-on h\u00e1m | Szexshop Belvaros\",\"isPartOf\":{\"@id\":\"https:\\\/\\\/www.szexshopbelvaros.com\\\/#website\"},\"primaryImageOfPage\":{\"@id\":\"https:\\\/\\\/www.szexshopbelvaros.com\\\/termek\\\/%f0%9f%96%a4-allithato-uniszex-strap-on-ham\\\/#primaryimage\"},\"image\":{\"@id\":\"https:\\\/\\\/www.szexshopbelvaros.com\\\/termek\\\/%f0%9f%96%a4-allithato-uniszex-strap-on-ham\\\/#primaryimage\"},\"thumbnailUrl\":\"https:\\\/\\\/www.szexshopbelvaros.com\\\/wp-content\\\/uploads\\\/2026\\\/03\\\/69a571d51950601875b88867-scaled.png\",\"datePublished\":\"2026-03-02T12:50:51+00:00\",\"dateModified\":\"2026-04-14T17:58:56+00:00\",\"description\":\"\u00c1ll\u00edthat\u00f3 uniszex strap-on h\u00e1m stabil tart\u00e1ssal \u00e9s cser\u00e9lhet\u0151 gy\u0171r\u0171kkel. K\u00e9nyelmes, er\u0151s kialak\u00edt\u00e1s kezd\u0151knek \u00e9s halad\u00f3knak a Szexshop Belvaros k\u00edn\u00e1lat\u00e1b\u00f3l.\",\"breadcrumb\":{\"@id\":\"https:\\\/\\\/www.szexshopbelvaros.com\\\/termek\\\/%f0%9f%96%a4-allithato-uniszex-strap-on-ham\\\/#breadcrumb\"},\"inLanguage\":\"en-US\",\"potentialAction\":[{\"@type\":\"ReadAction\",\"target\":[\"https:\\\/\\\/www.szexshopbelvaros.com\\\/termek\\\/%f0%9f%96%a4-allithato-uniszex-strap-on-ham\\\/\"]}]},{\"@type\":\"ImageObject\",\"inLanguage\":\"en-US\",\"@id\":\"https:\\\/\\\/www.szexshopbelvaros.com\\\/termek\\\/%f0%9f%96%a4-allithato-uniszex-strap-on-ham\\\/#primaryimage\",\"url\":\"https:\\\/\\\/www.szexshopbelvaros.com\\\/wp-content\\\/uploads\\\/2026\\\/03\\\/69a571d51950601875b88867-scaled.png\",\"contentUrl\":\"https:\\\/\\\/www.szexshopbelvaros.com\\\/wp-content\\\/uploads\\\/2026\\\/03\\\/69a571d51950601875b88867-scaled.png\",\"width\":2560,\"height\":1440,\"caption\":\"Stay-Put Harness \u00e1ll\u00edthat\u00f3 uniszex strap-on h\u00e1m dobozban, fekete kivitelben Stay-Put Harness adjustable unisex strap-on harness in retail packaging, black\"},{\"@type\":\"BreadcrumbList\",\"@id\":\"https:\\\/\\\/www.szexshopbelvaros.com\\\/termek\\\/%f0%9f%96%a4-allithato-uniszex-strap-on-ham\\\/#breadcrumb\",\"itemListElement\":[{\"@type\":\"ListItem\",\"position\":1,\"name\":\"Home\",\"item\":\"https:\\\/\\\/www.szexshopbelvaros.com\\\/\"},{\"@type\":\"ListItem\",\"position\":2,\"name\":\"\u00c1ruh\u00e1z\",\"item\":\"https:\\\/\\\/www.szexshopbelvaros.com\\\/uzlet\\\/\"},{\"@type\":\"ListItem\",\"position\":3,\"name\":\"\ud83d\udda4 Stay-Put Harness &#8211; amikor nem csak a hangulat \u00e1ll fel, hanem a teljes rendszer is.\"}]},{\"@type\":\"WebSite\",\"@id\":\"https:\\\/\\\/www.szexshopbelvaros.com\\\/#website\",\"url\":\"https:\\\/\\\/www.szexshopbelvaros.com\\\/\",\"name\":\"Szexshop Belv\u00e1ros\",\"description\":\"\ud83d\udd25 A szex olyan, mint a p\u00e9nz; csak a t\u00fal sok el\u00e9g!\u2122 Titkok a belv\u00e1rosb\u00f3l \ud83d\udc8b | Secrets from Budapest \ud83d\udc8e Feln\u0151tt j\u00e1t\u00e9kok \u2022 Erotika \u2022 Szexshop Belvaros\",\"publisher\":{\"@id\":\"https:\\\/\\\/www.szexshopbelvaros.com\\\/#organization\"},\"potentialAction\":[{\"@type\":\"SearchAction\",\"target\":{\"@type\":\"EntryPoint\",\"urlTemplate\":\"https:\\\/\\\/www.szexshopbelvaros.com\\\/?s={search_term_string}\"},\"query-input\":{\"@type\":\"PropertyValueSpecification\",\"valueRequired\":true,\"valueName\":\"search_term_string\"}}],\"inLanguage\":\"en-US\"},{\"@type\":\"Organization\",\"@id\":\"https:\\\/\\\/www.szexshopbelvaros.com\\\/#organization\",\"name\":\"Szexshop Belv\u00e1ros\",\"alternateName\":\"szexshopbelvaros.com\",\"url\":\"https:\\\/\\\/www.szexshopbelvaros.com\\\/\",\"logo\":{\"@type\":\"ImageObject\",\"inLanguage\":\"en-US\",\"@id\":\"https:\\\/\\\/www.szexshopbelvaros.com\\\/#\\\/schema\\\/logo\\\/image\\\/\",\"url\":\"https:\\\/\\\/www.szexshopbelvaros.com\\\/wp-content\\\/uploads\\\/2025\\\/09\\\/1Szexshopbelvaroslogo_blurred_stronger.jpg\",\"contentUrl\":\"https:\\\/\\\/www.szexshopbelvaros.com\\\/wp-content\\\/uploads\\\/2025\\\/09\\\/1Szexshopbelvaroslogo_blurred_stronger.jpg\",\"width\":1024,\"height\":1024,\"caption\":\"Szexshop Belv\u00e1ros\"},\"image\":{\"@id\":\"https:\\\/\\\/www.szexshopbelvaros.com\\\/#\\\/schema\\\/logo\\\/image\\\/\"},\"sameAs\":[\"https:\\\/\\\/www.facebook.com\\\/belvarossecrets\\\/\",\"https:\\\/\\\/x.com\\\/belvarossecrets\",\"https:\\\/\\\/www.instagram.com\\\/belvarossecrets\\\/\",\"https:\\\/\\\/www.tiktok.com\\\/@belvarossecrets\"]}]}<\/script>\n<!-- \/ Yoast SEO plugin. -->","yoast_head_json":{"title":"Adjustable unisex strap-on harness | Sex shop Belvaros","description":"Adjustable unisex strap-on harness with stable hold and replaceable rings. Comfortable, strong design for beginners and advanced users from the Szexshop Belvaros range.","robots":{"index":"index","follow":"follow","max-snippet":"max-snippet:-1","max-image-preview":"max-image-preview:large","max-video-preview":"max-video-preview:-1"},"canonical":"https:\/\/www.szexshopbelvaros.com\/en\/product\/\ud83d\udda4-allithato-uniszex-strap-on-ham\/","og_locale":"en_US","og_type":"article","og_title":"\u00c1ll\u00edthat\u00f3 uniszex strap-on h\u00e1m | Szexshop Belvaros","og_description":"\u00c1ll\u00edthat\u00f3 uniszex strap-on h\u00e1m stabil tart\u00e1ssal \u00e9s cser\u00e9lhet\u0151 gy\u0171r\u0171kkel. K\u00e9nyelmes, er\u0151s kialak\u00edt\u00e1s kezd\u0151knek \u00e9s halad\u00f3knak a Szexshop Belvaros k\u00edn\u00e1lat\u00e1b\u00f3l.","og_url":"https:\/\/www.szexshopbelvaros.com\/en\/product\/\ud83d\udda4-allithato-uniszex-strap-on-ham\/","og_site_name":"Szexshop Belvaros","article_publisher":"https:\/\/www.facebook.com\/belvarossecrets\/","article_modified_time":"2026-04-14T17:58:56+00:00","og_image":[{"width":2560,"height":1440,"url":"https:\/\/www.szexshopbelvaros.com\/wp-content\/uploads\/2026\/03\/69a571d51950601875b88867-scaled.png","type":"image\/png"}],"twitter_card":"summary_large_image","twitter_site":"@belvarossecrets","twitter_misc":{"Est. reading time":"2 minutes"},"schema":{"@context":"https:\/\/schema.org","@graph":[{"@type":"WebPage","@id":"https:\/\/www.szexshopbelvaros.com\/termek\/%f0%9f%96%a4-allithato-uniszex-strap-on-ham\/","url":"https:\/\/www.szexshopbelvaros.com\/termek\/%f0%9f%96%a4-allithato-uniszex-strap-on-ham\/","name":"Adjustable unisex strap-on harness | Sex shop Belvaros","isPartOf":{"@id":"https:\/\/www.szexshopbelvaros.com\/#website"},"primaryImageOfPage":{"@id":"https:\/\/www.szexshopbelvaros.com\/termek\/%f0%9f%96%a4-allithato-uniszex-strap-on-ham\/#primaryimage"},"image":{"@id":"https:\/\/www.szexshopbelvaros.com\/termek\/%f0%9f%96%a4-allithato-uniszex-strap-on-ham\/#primaryimage"},"thumbnailUrl":"https:\/\/www.szexshopbelvaros.com\/wp-content\/uploads\/2026\/03\/69a571d51950601875b88867-scaled.png","datePublished":"2026-03-02T12:50:51+00:00","dateModified":"2026-04-14T17:58:56+00:00","description":"Adjustable unisex strap-on harness with stable hold and replaceable rings. Comfortable, strong design for beginners and advanced users from the Szexshop Belvaros range.","breadcrumb":{"@id":"https:\/\/www.szexshopbelvaros.com\/termek\/%f0%9f%96%a4-allithato-uniszex-strap-on-ham\/#breadcrumb"},"inLanguage":"en-US","potentialAction":[{"@type":"ReadAction","target":["https:\/\/www.szexshopbelvaros.com\/termek\/%f0%9f%96%a4-allithato-uniszex-strap-on-ham\/"]}]},{"@type":"ImageObject","inLanguage":"en-US","@id":"https:\/\/www.szexshopbelvaros.com\/termek\/%f0%9f%96%a4-allithato-uniszex-strap-on-ham\/#primaryimage","url":"https:\/\/www.szexshopbelvaros.com\/wp-content\/uploads\/2026\/03\/69a571d51950601875b88867-scaled.png","contentUrl":"https:\/\/www.szexshopbelvaros.com\/wp-content\/uploads\/2026\/03\/69a571d51950601875b88867-scaled.png","width":2560,"height":1440,"caption":"Stay-Put Harness \u00e1ll\u00edthat\u00f3 uniszex strap-on h\u00e1m dobozban, fekete kivitelben Stay-Put Harness adjustable unisex strap-on harness in retail packaging, black"},{"@type":"BreadcrumbList","@id":"https:\/\/www.szexshopbelvaros.com\/termek\/%f0%9f%96%a4-allithato-uniszex-strap-on-ham\/#breadcrumb","itemListElement":[{"@type":"ListItem","position":1,"name":"Home","item":"https:\/\/www.szexshopbelvaros.com\/"},{"@type":"ListItem","position":2,"name":"\u00c1ruh\u00e1z","item":"https:\/\/www.szexshopbelvaros.com\/uzlet\/"},{"@type":"ListItem","position":3,"name":"\ud83d\udda4 Stay-Put Harness &#8211; amikor nem csak a hangulat \u00e1ll fel, hanem a teljes rendszer is."}]},{"@type":"WebSite","@id":"https:\/\/www.szexshopbelvaros.com\/#website","url":"https:\/\/www.szexshopbelvaros.com\/","name":"at our Szexshop Belv\u00e1ros","description":"\ud83d\udd25 Sex is like money; only too much is enough!\u2122 Secrets from the city center \ud83d\udc8b | Secrets from Budapest \ud83d\udc8e Adult games \u2022 Erotica \u2022 Sex shop Belvaros","publisher":{"@id":"https:\/\/www.szexshopbelvaros.com\/#organization"},"potentialAction":[{"@type":"SearchAction","target":{"@type":"EntryPoint","urlTemplate":"https:\/\/www.szexshopbelvaros.com\/?s={search_term_string}"},"query-input":{"@type":"PropertyValueSpecification","valueRequired":true,"valueName":"search_term_string"}}],"inLanguage":"en-US"},{"@type":"Organization","@id":"https:\/\/www.szexshopbelvaros.com\/#organization","name":"at our Szexshop Belv\u00e1ros","alternateName":"szexshopbelvaros.com","url":"https:\/\/www.szexshopbelvaros.com\/","logo":{"@type":"ImageObject","inLanguage":"en-US","@id":"https:\/\/www.szexshopbelvaros.com\/#\/schema\/logo\/image\/","url":"https:\/\/www.szexshopbelvaros.com\/wp-content\/uploads\/2025\/09\/1Szexshopbelvaroslogo_blurred_stronger.jpg","contentUrl":"https:\/\/www.szexshopbelvaros.com\/wp-content\/uploads\/2025\/09\/1Szexshopbelvaroslogo_blurred_stronger.jpg","width":1024,"height":1024,"caption":"Szexshop Belv\u00e1ros"},"image":{"@id":"https:\/\/www.szexshopbelvaros.com\/#\/schema\/logo\/image\/"},"sameAs":["https:\/\/www.facebook.com\/belvarossecrets\/","https:\/\/x.com\/belvarossecrets","https:\/\/www.instagram.com\/belvarossecrets\/","https:\/\/www.tiktok.com\/@belvarossecrets"]}]}},"_links":{"self":[{"href":"https:\/\/www.szexshopbelvaros.com\/en\/wp-json\/wp\/v2\/product\/2553","targetHints":{"allow":["GET"]}}],"collection":[{"href":"https:\/\/www.szexshopbelvaros.com\/en\/wp-json\/wp\/v2\/product"}],"about":[{"href":"https:\/\/www.szexshopbelvaros.com\/en\/wp-json\/wp\/v2\/types\/product"}],"replies":[{"embeddable":true,"href":"https:\/\/www.szexshopbelvaros.com\/en\/wp-json\/wp\/v2\/comments?post=2553"}],"wp:featuredmedia":[{"embeddable":true,"href":"https:\/\/www.szexshopbelvaros.com\/en\/wp-json\/wp\/v2\/media\/2554"}],"wp:attachment":[{"href":"https:\/\/www.szexshopbelvaros.com\/en\/wp-json\/wp\/v2\/media?parent=2553"}],"wp:term":[{"taxonomy":"product_brand","embeddable":true,"href":"https:\/\/www.szexshopbelvaros.com\/en\/wp-json\/wp\/v2\/product_brand?post=2553"},{"taxonomy":"product_cat","embeddable":true,"href":"https:\/\/www.szexshopbelvaros.com\/en\/wp-json\/wp\/v2\/product_cat?post=2553"},{"taxonomy":"product_tag","embeddable":true,"href":"https:\/\/www.szexshopbelvaros.com\/en\/wp-json\/wp\/v2\/product_tag?post=2553"}],"curies":[{"name":"wp","href":"https:\/\/api.w.org\/{rel}","templated":true}]}}