{"id":258,"date":"2025-01-31T14:36:58","date_gmt":"2025-01-31T13:36:58","guid":{"rendered":"https:\/\/www.szexshopbelvaros.com\/termek\/jj-lockerroom-rush-ultra-strong-bortisztito-30-ml\/"},"modified":"2026-03-29T12:38:12","modified_gmt":"2026-03-29T10:38:12","slug":"jj-lockerroom-rush-ultra-strong-bortisztito-30-ml","status":"publish","type":"product","link":"https:\/\/www.szexshopbelvaros.com\/en\/product\/jj-lockerroom-rush-ultra-strong-bortisztito-30-ml\/","title":{"rendered":"JJ LOCKERROOM Rush ultra strong skin cleanser 30 ml"},"content":{"rendered":"<p>JJ LOCKERROOM Rush ultra strong skin cleanser 30 ml<br \/>\nThis leather cleaning product in a small bottle is used to care for, clean, and condition erotic leather clothing, leather erotic toys, and accessories.<br \/>\nWhen using the leather cleaner, use a clean, small cotton pad or cloth, first test a small area on the surface you want to clean to see if it changes the color of the area, as there are many types of leather on the market. If you do not experience any changes, feel free to continue cleaning the surface. After using the leather cleaner, be sure to let the leather dry. Always carry out the process in a well-ventilated area, taking care not to get it on your skin or eyes!<br \/>\nContents: 30 ml<br \/>\nComposition: reaction mixture of l-pentanol, 2-methyl-l-butanol, 2-methyl-butyl nitrite, pentyl nitrite<\/p>\n<p>&nbsp;<\/p>","protected":false},"excerpt":{"rendered":"<p>JJ LOCKERROOM Rush ultra strong b\u0151rtiszt\u00edt\u00f3 30 ml Ez a kis \u00fcvegcs\u00e9ben tal\u00e1lhat\u00f3 b\u0151rtiszt\u00edt\u00f3 term\u00e9k erotikus b\u0151rruh\u00e1zat, b\u0151rb\u0151l k\u00e9sz\u00fclt erotikus j\u00e1t\u00e9kszerek, kieg\u00e9sz\u00edt\u0151k \u00e1pol\u00e1s\u00e1ra, tiszt\u00edt\u00e1s\u00e1ra, kond\u00edcion\u00e1l\u00e1s\u00e1ra szolg\u00e1l. A b\u0151rtisztt\u00f3 haszn\u00e1latakor tiszta, kis pamutkorongot vagy anyagot alkalmazzon, el\u0151sz\u00f6r kis ter\u00fcleten v\u00e9gezzen egy pr\u00f3b\u00e1t a tiszt\u00edtani k\u00edv\u00e1nt fel\u00fcleten, hogy v\u00e1ltoztat- e a ter\u00fclet sz\u00edn\u00e9n, mivel sok fajta b\u0151r [&#8230;]\n","protected":false},"featured_media":2205,"comment_status":"closed","ping_status":"closed","template":"","meta":[],"product_brand":[110],"product_cat":[104],"product_tag":[1259,2194,856,2193,1261,1251,1248,2195,1247,2192,220],"class_list":{"0":"post-258","1":"product","2":"type-product","3":"status-publish","4":"has-post-thumbnail","6":"product_brand-jj-lockerroom","7":"product_cat-rush","8":"product_tag-aroma-inhalant","9":"product_tag-aroma-termek","10":"product_tag-gyors-hatas","11":"product_tag-illat-inhalalas","12":"product_tag-intense-sensation","13":"product_tag-intenziv-elmeny","14":"product_tag-poppers","15":"product_tag-quick-effect","16":"product_tag-rush","17":"product_tag-rush-poppers","18":"product_tag-szexshop-belvaros","20":"first","21":"instock","22":"taxable","23":"shipping-taxable","24":"purchasable","25":"product-type-simple"},"yoast_head":"<!-- This site is optimized with the Yoast SEO plugin v27.4 - https:\/\/yoast.com\/product\/yoast-seo-wordpress\/ -->\n<title>JJ LOCKERROOM Rush ultra strong b\u0151rtiszt\u00edt\u00f3 30 ml - Szexshop Belvaros<\/title>\n<meta name=\"robots\" content=\"index, follow, max-snippet:-1, max-image-preview:large, max-video-preview:-1\" \/>\n<link rel=\"canonical\" href=\"https:\/\/www.szexshopbelvaros.com\/en\/product\/jj-lockerroom-rush-ultra-strong-bortisztito-30-ml\/\" \/>\n<meta property=\"og:locale\" content=\"en_US\" \/>\n<meta property=\"og:type\" content=\"article\" \/>\n<meta property=\"og:title\" content=\"JJ LOCKERROOM Rush ultra strong b\u0151rtiszt\u00edt\u00f3 30 ml - Szexshop Belvaros\" \/>\n<meta property=\"og:description\" content=\"JJ LOCKERROOM Rush ultra strong b\u0151rtiszt\u00edt\u00f3 30 ml Ez a kis \u00fcvegcs\u00e9ben tal\u00e1lhat\u00f3 b\u0151rtiszt\u00edt\u00f3 term\u00e9k erotikus b\u0151rruh\u00e1zat, b\u0151rb\u0151l k\u00e9sz\u00fclt erotikus j\u00e1t\u00e9kszerek, kieg\u00e9sz\u00edt\u0151k \u00e1pol\u00e1s\u00e1ra, tiszt\u00edt\u00e1s\u00e1ra, kond\u00edcion\u00e1l\u00e1s\u00e1ra szolg\u00e1l. A b\u0151rtisztt\u00f3 haszn\u00e1latakor tiszta, kis pamutkorongot vagy anyagot alkalmazzon, el\u0151sz\u00f6r kis ter\u00fcleten v\u00e9gezzen egy pr\u00f3b\u00e1t a tiszt\u00edtani k\u00edv\u00e1nt fel\u00fcleten, hogy v\u00e1ltoztat- e a ter\u00fclet sz\u00edn\u00e9n, mivel sok fajta b\u0151r [...]\" \/>\n<meta property=\"og:url\" content=\"https:\/\/www.szexshopbelvaros.com\/en\/product\/jj-lockerroom-rush-ultra-strong-bortisztito-30-ml\/\" \/>\n<meta property=\"og:site_name\" content=\"Szexshop Belvaros\" \/>\n<meta property=\"article:publisher\" content=\"https:\/\/www.facebook.com\/belvarossecrets\/\" \/>\n<meta property=\"article:modified_time\" content=\"2026-03-29T10:38:12+00:00\" \/>\n<meta property=\"og:image\" content=\"https:\/\/www.szexshopbelvaros.com\/wp-content\/uploads\/2025\/01\/693423ade857c407a23c5a1c.png\" \/>\n\t<meta property=\"og:image:width\" content=\"1000\" \/>\n\t<meta property=\"og:image:height\" content=\"563\" \/>\n\t<meta property=\"og:image:type\" content=\"image\/png\" \/>\n<meta name=\"twitter:card\" content=\"summary_large_image\" \/>\n<meta name=\"twitter:site\" content=\"@belvarossecrets\" \/>\n<meta name=\"twitter:label1\" content=\"Est. reading time\" \/>\n\t<meta name=\"twitter:data1\" content=\"1 minute\" \/>\n<script type=\"application\/ld+json\" class=\"yoast-schema-graph\">{\"@context\":\"https:\\\/\\\/schema.org\",\"@graph\":[{\"@type\":\"WebPage\",\"@id\":\"https:\\\/\\\/www.szexshopbelvaros.com\\\/termek\\\/jj-lockerroom-rush-ultra-strong-bortisztito-30-ml\\\/\",\"url\":\"https:\\\/\\\/www.szexshopbelvaros.com\\\/termek\\\/jj-lockerroom-rush-ultra-strong-bortisztito-30-ml\\\/\",\"name\":\"JJ LOCKERROOM Rush ultra strong b\u0151rtiszt\u00edt\u00f3 30 ml - Szexshop Belvaros\",\"isPartOf\":{\"@id\":\"https:\\\/\\\/www.szexshopbelvaros.com\\\/#website\"},\"primaryImageOfPage\":{\"@id\":\"https:\\\/\\\/www.szexshopbelvaros.com\\\/termek\\\/jj-lockerroom-rush-ultra-strong-bortisztito-30-ml\\\/#primaryimage\"},\"image\":{\"@id\":\"https:\\\/\\\/www.szexshopbelvaros.com\\\/termek\\\/jj-lockerroom-rush-ultra-strong-bortisztito-30-ml\\\/#primaryimage\"},\"thumbnailUrl\":\"https:\\\/\\\/www.szexshopbelvaros.com\\\/wp-content\\\/uploads\\\/2025\\\/01\\\/693423ade857c407a23c5a1c.png\",\"datePublished\":\"2025-01-31T13:36:58+00:00\",\"dateModified\":\"2026-03-29T10:38:12+00:00\",\"breadcrumb\":{\"@id\":\"https:\\\/\\\/www.szexshopbelvaros.com\\\/termek\\\/jj-lockerroom-rush-ultra-strong-bortisztito-30-ml\\\/#breadcrumb\"},\"inLanguage\":\"en-US\",\"potentialAction\":[{\"@type\":\"ReadAction\",\"target\":[\"https:\\\/\\\/www.szexshopbelvaros.com\\\/termek\\\/jj-lockerroom-rush-ultra-strong-bortisztito-30-ml\\\/\"]}]},{\"@type\":\"ImageObject\",\"inLanguage\":\"en-US\",\"@id\":\"https:\\\/\\\/www.szexshopbelvaros.com\\\/termek\\\/jj-lockerroom-rush-ultra-strong-bortisztito-30-ml\\\/#primaryimage\",\"url\":\"https:\\\/\\\/www.szexshopbelvaros.com\\\/wp-content\\\/uploads\\\/2025\\\/01\\\/693423ade857c407a23c5a1c.png\",\"contentUrl\":\"https:\\\/\\\/www.szexshopbelvaros.com\\\/wp-content\\\/uploads\\\/2025\\\/01\\\/693423ade857c407a23c5a1c.png\",\"width\":1000,\"height\":563,\"caption\":\"Rush Ultra Strong 30 ml b\u0151rtiszt\u00edt\u00f3 \u00fcveg \u00e9s hozz\u00e1 tartoz\u00f3 s\u00e1rga-piros doboz feh\u00e9r h\u00e1tt\u00e9ren. Rush Ultra Strong 30 ml leather cleaner bottle with matching yellow-red box on a white background.\"},{\"@type\":\"BreadcrumbList\",\"@id\":\"https:\\\/\\\/www.szexshopbelvaros.com\\\/termek\\\/jj-lockerroom-rush-ultra-strong-bortisztito-30-ml\\\/#breadcrumb\",\"itemListElement\":[{\"@type\":\"ListItem\",\"position\":1,\"name\":\"Home\",\"item\":\"https:\\\/\\\/www.szexshopbelvaros.com\\\/\"},{\"@type\":\"ListItem\",\"position\":2,\"name\":\"\u00c1ruh\u00e1z\",\"item\":\"https:\\\/\\\/www.szexshopbelvaros.com\\\/uzlet\\\/\"},{\"@type\":\"ListItem\",\"position\":3,\"name\":\"JJ LOCKERROOM Rush ultra strong b\u0151rtiszt\u00edt\u00f3 30 ml\"}]},{\"@type\":\"WebSite\",\"@id\":\"https:\\\/\\\/www.szexshopbelvaros.com\\\/#website\",\"url\":\"https:\\\/\\\/www.szexshopbelvaros.com\\\/\",\"name\":\"Szexshop Belv\u00e1ros\",\"description\":\"\ud83d\udd25 A szex olyan, mint a p\u00e9nz; csak a t\u00fal sok el\u00e9g!\u2122 Titkok a belv\u00e1rosb\u00f3l \ud83d\udc8b | Secrets from Budapest \ud83d\udc8e Feln\u0151tt j\u00e1t\u00e9kok \u2022 Erotika \u2022 Szexshop Belvaros\",\"publisher\":{\"@id\":\"https:\\\/\\\/www.szexshopbelvaros.com\\\/#organization\"},\"potentialAction\":[{\"@type\":\"SearchAction\",\"target\":{\"@type\":\"EntryPoint\",\"urlTemplate\":\"https:\\\/\\\/www.szexshopbelvaros.com\\\/?s={search_term_string}\"},\"query-input\":{\"@type\":\"PropertyValueSpecification\",\"valueRequired\":true,\"valueName\":\"search_term_string\"}}],\"inLanguage\":\"en-US\"},{\"@type\":\"Organization\",\"@id\":\"https:\\\/\\\/www.szexshopbelvaros.com\\\/#organization\",\"name\":\"Szexshop Belv\u00e1ros\",\"alternateName\":\"szexshopbelvaros.com\",\"url\":\"https:\\\/\\\/www.szexshopbelvaros.com\\\/\",\"logo\":{\"@type\":\"ImageObject\",\"inLanguage\":\"en-US\",\"@id\":\"https:\\\/\\\/www.szexshopbelvaros.com\\\/#\\\/schema\\\/logo\\\/image\\\/\",\"url\":\"https:\\\/\\\/www.szexshopbelvaros.com\\\/wp-content\\\/uploads\\\/2025\\\/09\\\/1Szexshopbelvaroslogo_blurred_stronger.jpg\",\"contentUrl\":\"https:\\\/\\\/www.szexshopbelvaros.com\\\/wp-content\\\/uploads\\\/2025\\\/09\\\/1Szexshopbelvaroslogo_blurred_stronger.jpg\",\"width\":1024,\"height\":1024,\"caption\":\"Szexshop Belv\u00e1ros\"},\"image\":{\"@id\":\"https:\\\/\\\/www.szexshopbelvaros.com\\\/#\\\/schema\\\/logo\\\/image\\\/\"},\"sameAs\":[\"https:\\\/\\\/www.facebook.com\\\/belvarossecrets\\\/\",\"https:\\\/\\\/x.com\\\/belvarossecrets\",\"https:\\\/\\\/www.instagram.com\\\/belvarossecrets\\\/\",\"https:\\\/\\\/www.tiktok.com\\\/@belvarossecrets\"]}]}<\/script>\n<!-- \/ Yoast SEO plugin. -->","yoast_head_json":{"title":"JJ LOCKERROOM Rush ultra strong skin cleanser 30 ml - Szexshop Belvaros","robots":{"index":"index","follow":"follow","max-snippet":"max-snippet:-1","max-image-preview":"max-image-preview:large","max-video-preview":"max-video-preview:-1"},"canonical":"https:\/\/www.szexshopbelvaros.com\/en\/product\/jj-lockerroom-rush-ultra-strong-bortisztito-30-ml\/","og_locale":"en_US","og_type":"article","og_title":"JJ LOCKERROOM Rush ultra strong b\u0151rtiszt\u00edt\u00f3 30 ml - Szexshop Belvaros","og_description":"JJ LOCKERROOM Rush ultra strong b\u0151rtiszt\u00edt\u00f3 30 ml Ez a kis \u00fcvegcs\u00e9ben tal\u00e1lhat\u00f3 b\u0151rtiszt\u00edt\u00f3 term\u00e9k erotikus b\u0151rruh\u00e1zat, b\u0151rb\u0151l k\u00e9sz\u00fclt erotikus j\u00e1t\u00e9kszerek, kieg\u00e9sz\u00edt\u0151k \u00e1pol\u00e1s\u00e1ra, tiszt\u00edt\u00e1s\u00e1ra, kond\u00edcion\u00e1l\u00e1s\u00e1ra szolg\u00e1l. A b\u0151rtisztt\u00f3 haszn\u00e1latakor tiszta, kis pamutkorongot vagy anyagot alkalmazzon, el\u0151sz\u00f6r kis ter\u00fcleten v\u00e9gezzen egy pr\u00f3b\u00e1t a tiszt\u00edtani k\u00edv\u00e1nt fel\u00fcleten, hogy v\u00e1ltoztat- e a ter\u00fclet sz\u00edn\u00e9n, mivel sok fajta b\u0151r [...]","og_url":"https:\/\/www.szexshopbelvaros.com\/en\/product\/jj-lockerroom-rush-ultra-strong-bortisztito-30-ml\/","og_site_name":"Szexshop Belvaros","article_publisher":"https:\/\/www.facebook.com\/belvarossecrets\/","article_modified_time":"2026-03-29T10:38:12+00:00","og_image":[{"width":1000,"height":563,"url":"https:\/\/www.szexshopbelvaros.com\/wp-content\/uploads\/2025\/01\/693423ade857c407a23c5a1c.png","type":"image\/png"}],"twitter_card":"summary_large_image","twitter_site":"@belvarossecrets","twitter_misc":{"Est. reading time":"1 minute"},"schema":{"@context":"https:\/\/schema.org","@graph":[{"@type":"WebPage","@id":"https:\/\/www.szexshopbelvaros.com\/termek\/jj-lockerroom-rush-ultra-strong-bortisztito-30-ml\/","url":"https:\/\/www.szexshopbelvaros.com\/termek\/jj-lockerroom-rush-ultra-strong-bortisztito-30-ml\/","name":"JJ LOCKERROOM Rush ultra strong skin cleanser 30 ml - Szexshop Belvaros","isPartOf":{"@id":"https:\/\/www.szexshopbelvaros.com\/#website"},"primaryImageOfPage":{"@id":"https:\/\/www.szexshopbelvaros.com\/termek\/jj-lockerroom-rush-ultra-strong-bortisztito-30-ml\/#primaryimage"},"image":{"@id":"https:\/\/www.szexshopbelvaros.com\/termek\/jj-lockerroom-rush-ultra-strong-bortisztito-30-ml\/#primaryimage"},"thumbnailUrl":"https:\/\/www.szexshopbelvaros.com\/wp-content\/uploads\/2025\/01\/693423ade857c407a23c5a1c.png","datePublished":"2025-01-31T13:36:58+00:00","dateModified":"2026-03-29T10:38:12+00:00","breadcrumb":{"@id":"https:\/\/www.szexshopbelvaros.com\/termek\/jj-lockerroom-rush-ultra-strong-bortisztito-30-ml\/#breadcrumb"},"inLanguage":"en-US","potentialAction":[{"@type":"ReadAction","target":["https:\/\/www.szexshopbelvaros.com\/termek\/jj-lockerroom-rush-ultra-strong-bortisztito-30-ml\/"]}]},{"@type":"ImageObject","inLanguage":"en-US","@id":"https:\/\/www.szexshopbelvaros.com\/termek\/jj-lockerroom-rush-ultra-strong-bortisztito-30-ml\/#primaryimage","url":"https:\/\/www.szexshopbelvaros.com\/wp-content\/uploads\/2025\/01\/693423ade857c407a23c5a1c.png","contentUrl":"https:\/\/www.szexshopbelvaros.com\/wp-content\/uploads\/2025\/01\/693423ade857c407a23c5a1c.png","width":1000,"height":563,"caption":"Rush Ultra Strong 30 ml b\u0151rtiszt\u00edt\u00f3 \u00fcveg \u00e9s hozz\u00e1 tartoz\u00f3 s\u00e1rga-piros doboz feh\u00e9r h\u00e1tt\u00e9ren. Rush Ultra Strong 30 ml leather cleaner bottle with matching yellow-red box on a white background."},{"@type":"BreadcrumbList","@id":"https:\/\/www.szexshopbelvaros.com\/termek\/jj-lockerroom-rush-ultra-strong-bortisztito-30-ml\/#breadcrumb","itemListElement":[{"@type":"ListItem","position":1,"name":"Home","item":"https:\/\/www.szexshopbelvaros.com\/"},{"@type":"ListItem","position":2,"name":"\u00c1ruh\u00e1z","item":"https:\/\/www.szexshopbelvaros.com\/uzlet\/"},{"@type":"ListItem","position":3,"name":"JJ LOCKERROOM Rush ultra strong b\u0151rtiszt\u00edt\u00f3 30 ml"}]},{"@type":"WebSite","@id":"https:\/\/www.szexshopbelvaros.com\/#website","url":"https:\/\/www.szexshopbelvaros.com\/","name":"at our Szexshop Belv\u00e1ros","description":"\ud83d\udd25 Sex is like money; only too much is enough!\u2122 Secrets from the city center \ud83d\udc8b | Secrets from Budapest \ud83d\udc8e Adult games \u2022 Erotica \u2022 Sex shop Belvaros","publisher":{"@id":"https:\/\/www.szexshopbelvaros.com\/#organization"},"potentialAction":[{"@type":"SearchAction","target":{"@type":"EntryPoint","urlTemplate":"https:\/\/www.szexshopbelvaros.com\/?s={search_term_string}"},"query-input":{"@type":"PropertyValueSpecification","valueRequired":true,"valueName":"search_term_string"}}],"inLanguage":"en-US"},{"@type":"Organization","@id":"https:\/\/www.szexshopbelvaros.com\/#organization","name":"at our Szexshop Belv\u00e1ros","alternateName":"szexshopbelvaros.com","url":"https:\/\/www.szexshopbelvaros.com\/","logo":{"@type":"ImageObject","inLanguage":"en-US","@id":"https:\/\/www.szexshopbelvaros.com\/#\/schema\/logo\/image\/","url":"https:\/\/www.szexshopbelvaros.com\/wp-content\/uploads\/2025\/09\/1Szexshopbelvaroslogo_blurred_stronger.jpg","contentUrl":"https:\/\/www.szexshopbelvaros.com\/wp-content\/uploads\/2025\/09\/1Szexshopbelvaroslogo_blurred_stronger.jpg","width":1024,"height":1024,"caption":"Szexshop Belv\u00e1ros"},"image":{"@id":"https:\/\/www.szexshopbelvaros.com\/#\/schema\/logo\/image\/"},"sameAs":["https:\/\/www.facebook.com\/belvarossecrets\/","https:\/\/x.com\/belvarossecrets","https:\/\/www.instagram.com\/belvarossecrets\/","https:\/\/www.tiktok.com\/@belvarossecrets"]}]}},"_links":{"self":[{"href":"https:\/\/www.szexshopbelvaros.com\/en\/wp-json\/wp\/v2\/product\/258","targetHints":{"allow":["GET"]}}],"collection":[{"href":"https:\/\/www.szexshopbelvaros.com\/en\/wp-json\/wp\/v2\/product"}],"about":[{"href":"https:\/\/www.szexshopbelvaros.com\/en\/wp-json\/wp\/v2\/types\/product"}],"replies":[{"embeddable":true,"href":"https:\/\/www.szexshopbelvaros.com\/en\/wp-json\/wp\/v2\/comments?post=258"}],"wp:featuredmedia":[{"embeddable":true,"href":"https:\/\/www.szexshopbelvaros.com\/en\/wp-json\/wp\/v2\/media\/2205"}],"wp:attachment":[{"href":"https:\/\/www.szexshopbelvaros.com\/en\/wp-json\/wp\/v2\/media?parent=258"}],"wp:term":[{"taxonomy":"product_brand","embeddable":true,"href":"https:\/\/www.szexshopbelvaros.com\/en\/wp-json\/wp\/v2\/product_brand?post=258"},{"taxonomy":"product_cat","embeddable":true,"href":"https:\/\/www.szexshopbelvaros.com\/en\/wp-json\/wp\/v2\/product_cat?post=258"},{"taxonomy":"product_tag","embeddable":true,"href":"https:\/\/www.szexshopbelvaros.com\/en\/wp-json\/wp\/v2\/product_tag?post=258"}],"curies":[{"name":"wp","href":"https:\/\/api.w.org\/{rel}","templated":true}]}}