{"id":262,"date":"2025-01-31T14:36:58","date_gmt":"2025-01-31T13:36:58","guid":{"rendered":"https:\/\/www.szexshopbelvaros.com\/termek\/just-glide-toy-vizbazisu-sikosito-1000ml\/"},"modified":"2026-04-01T16:56:47","modified_gmt":"2026-04-01T14:56:47","slug":"just-glide-1000ml-vizbazisu-sikosito","status":"publish","type":"product","link":"https:\/\/www.szexshopbelvaros.com\/en\/product\/just-glide-1000ml-vizbazisu-sikosito\/","title":{"rendered":"\ud83d\udee2\ufe0f Just Glide \u2013 The 1 liter of \u201epure chaos\u201d"},"content":{"rendered":"<p data-start=\"2062\" data-end=\"2392\"><strong data-start=\"2065\" data-end=\"2089\">Just Glide 1000 ml,<\/strong> the bottle that says: <em data-start=\"2121\" data-end=\"2154\">\u201e\"We're not skimping on the sliding today.\"<\/em> This water-based lubricant is extra large. It really is so big that even your toy collection will bow down to it. It's water-based, alcohol-free, and completely safe. It's made specifically for sex toys. and is compatible with all materials.<\/p>\n<p data-start=\"2394\" data-end=\"2655\">It's very smooth. The texture is thick. It doesn't stick. It doesn't stain. It dissolves easily in water. One move and it's gone. This 1 liter of pure chaos is perfect for longer intercourse. No need to panic and pump the little tubes. This bottle solves everything.<\/p>\n<p data-start=\"2657\" data-end=\"2896\">Our <strong data-start=\"2659\" data-end=\"2689\">just glide 1000ml lubricant is<\/strong> dermatologically tested. Condom-friendly. Works well with the body. Contains nothing that shouldn't be there. Colorless and odorless. It just glides and glides and glides some more, because that's what it does.<\/p>\n<p data-start=\"2898\" data-end=\"3096\">Ideal for couples. Perfect for solo play too. If you use a lot of toys, you&#039;ll love it. The pump dispenser is fast and convenient. No need to struggle with the cap. One push is enough. The smoothness does the rest.<\/p>\n<p data-start=\"3098\" data-end=\"3272\">The large 1000 ml package is no joke. You don&#039;t have to buy a new one every week. It won&#039;t run out quickly. But if it does run out quickly, then something really good is probably happening at home.<\/p>\n<p>\ud83d\udc49 <strong data-start=\"1416\" data-end=\"1453\">Check out the rest of our <a href=\"https:\/\/www.szexshopbelvaros.com\/en\/product-category\/drogeria-wellness\/sikositok\/\">lubricants<\/a> while you're at it!<\/strong><\/p>\n<p><strong data-start=\"1416\" data-end=\"1453\">\ud83d\udc8b Available at the <a class=\"decorated-link\" href=\"http:\/\/www.szexshopbelvaros.com\/en\/\" target=\"_new\" rel=\"noopener\" data-start=\"3368\" data-end=\"3392\">www.szexshopbelvaros.com<\/a> page \u2014 because we make sure everything runs smoothly.<\/strong><\/p>\n<p>&nbsp;<\/p>","protected":false},"excerpt":{"rendered":"<p>A Just Glide 1000 ml az a flakon, amely azt mondja: \u201ema nem sp\u00f3rolunk a cs\u00fasz\u00e1son.\u201d Ez a v\u00edzb\u00e1zis\u00fa s\u00edkos\u00edt\u00f3 extra nagy m\u00e9ret\u0171. T\u00e9nyleg nagyon nagy. Akkora, hogy m\u00e9g a j\u00e1t\u00e9kgy\u0171jtem\u00e9nyed is meghajol el\u0151tte. V\u00edzb\u00e1zis\u00fa, alkoholmentes \u00e9s teljesen biztons\u00e1gos. Kifejezetten szexj\u00e1t\u00e9kokhoz k\u00e9sz\u00fclt. Minden anyaggal kompatibilis. A s\u00edkoss\u00e1ga er\u0151s. A text\u00far\u00e1ja s\u0171r\u0171. Nem ragad. Nem foltos\u00edt. [&#8230;]\n","protected":false},"featured_media":263,"comment_status":"closed","ping_status":"closed","template":"","meta":[],"product_brand":[79],"product_cat":[156,80],"product_tag":[2052,498,2053,1528,2050,888,2047,499,2051,493,494,489,496,490,492,2049,2060,1201,673,899,491,220,2048,2059,497,340,346,495,1529],"class_list":{"0":"post-262","1":"product","2":"type-product","3":"status-publish","4":"has-post-thumbnail","6":"product_brand-orion","7":"product_cat-drogeria-wellness","8":"product_cat-sikositok","9":"product_tag-adult-care","10":"product_tag-condom-safe-lube","11":"product_tag-couples-wellness","12":"product_tag-drogeria","13":"product_tag-felnotteknek","14":"product_tag-intim-sikosito","15":"product_tag-intim-termek","16":"product_tag-intimate-lubricant","17":"product_tag-intimate-products","18":"product_tag-intimekhez-sikosito","19":"product_tag-just-glide-lubricant","20":"product_tag-just-glide-sikosito","21":"product_tag-large-size-lube","22":"product_tag-nagy-kiszerelesu-sikosito","23":"product_tag-ovszerbarat-sikosito","24":"product_tag-paros-egeszseg","25":"product_tag-personal-lubricant","26":"product_tag-sexual-wellness","27":"product_tag-sikosito","28":"product_tag-silicone-lube","29":"product_tag-szexjatek-sikosito","30":"product_tag-szexshop-belvaros","31":"product_tag-szexualis-egeszseg","32":"product_tag-szilikonos-sikosito","33":"product_tag-toy-safe-lube","34":"product_tag-vizbazisu-sikosito","35":"product_tag-water-based-lube","36":"product_tag-water-based-lubricant","37":"product_tag-wellness","39":"first","40":"instock","41":"taxable","42":"shipping-taxable","43":"purchasable","44":"product-type-simple"},"yoast_head":"<!-- This site is optimized with the Yoast SEO plugin v27.4 - https:\/\/yoast.com\/product\/yoast-seo-wordpress\/ -->\n<title>\ud83d\udee2\ufe0f Just Glide - Az 1 liter &quot;tiszta k\u00e1osz&quot; - Szexshop Belvaros<\/title>\n<meta name=\"description\" content=\"Just Glide 1000ml s\u00edkos\u00edt\u00f3 \u2013 v\u00edzb\u00e1zis\u00fa, alkoholmentes, hossz\u00fa cs\u00fasz\u00e1st ad\u00f3 s\u00edkos\u00edt\u00f3 minden j\u00e1t\u00e9khoz \u00e9s \u00f3vszerhez. K\u00f6nnyen lemoshat\u00f3.\" \/>\n<meta name=\"robots\" content=\"index, follow, max-snippet:-1, max-image-preview:large, max-video-preview:-1\" \/>\n<link rel=\"canonical\" href=\"https:\/\/www.szexshopbelvaros.com\/en\/product\/just-glide-1000ml-vizbazisu-sikosito\/\" \/>\n<meta property=\"og:locale\" content=\"en_US\" \/>\n<meta property=\"og:type\" content=\"article\" \/>\n<meta property=\"og:title\" content=\"\ud83d\udee2\ufe0f Just Glide - Az 1 liter &quot;tiszta k\u00e1osz&quot; - Szexshop Belvaros\" \/>\n<meta property=\"og:description\" content=\"Just Glide 1000ml s\u00edkos\u00edt\u00f3 \u2013 v\u00edzb\u00e1zis\u00fa, alkoholmentes, hossz\u00fa cs\u00fasz\u00e1st ad\u00f3 s\u00edkos\u00edt\u00f3 minden j\u00e1t\u00e9khoz \u00e9s \u00f3vszerhez. K\u00f6nnyen lemoshat\u00f3.\" \/>\n<meta property=\"og:url\" content=\"https:\/\/www.szexshopbelvaros.com\/en\/product\/just-glide-1000ml-vizbazisu-sikosito\/\" \/>\n<meta property=\"og:site_name\" content=\"Szexshop Belvaros\" \/>\n<meta property=\"article:publisher\" content=\"https:\/\/www.facebook.com\/belvarossecrets\/\" \/>\n<meta property=\"article:modified_time\" content=\"2026-04-01T14:56:47+00:00\" \/>\n<meta property=\"og:image\" content=\"https:\/\/www.szexshopbelvaros.com\/wp-content\/uploads\/2025\/01\/5112a484-9b51-11ee-8689-8244ae3e434f_43267_1000x1000__1_.jpg\" \/>\n\t<meta property=\"og:image:width\" content=\"1200\" \/>\n\t<meta property=\"og:image:height\" content=\"675\" \/>\n\t<meta property=\"og:image:type\" content=\"image\/jpeg\" \/>\n<meta name=\"twitter:card\" content=\"summary_large_image\" \/>\n<meta name=\"twitter:site\" content=\"@belvarossecrets\" \/>\n<meta name=\"twitter:label1\" content=\"Est. reading time\" \/>\n\t<meta name=\"twitter:data1\" content=\"2 minutes\" \/>\n<script type=\"application\/ld+json\" class=\"yoast-schema-graph\">{\"@context\":\"https:\\\/\\\/schema.org\",\"@graph\":[{\"@type\":\"WebPage\",\"@id\":\"https:\\\/\\\/www.szexshopbelvaros.com\\\/termek\\\/just-glide-1000ml-vizbazisu-sikosito\\\/\",\"url\":\"https:\\\/\\\/www.szexshopbelvaros.com\\\/termek\\\/just-glide-1000ml-vizbazisu-sikosito\\\/\",\"name\":\"\ud83d\udee2\ufe0f Just Glide - Az 1 liter \\\"tiszta k\u00e1osz\\\" - Szexshop Belvaros\",\"isPartOf\":{\"@id\":\"https:\\\/\\\/www.szexshopbelvaros.com\\\/#website\"},\"primaryImageOfPage\":{\"@id\":\"https:\\\/\\\/www.szexshopbelvaros.com\\\/termek\\\/just-glide-1000ml-vizbazisu-sikosito\\\/#primaryimage\"},\"image\":{\"@id\":\"https:\\\/\\\/www.szexshopbelvaros.com\\\/termek\\\/just-glide-1000ml-vizbazisu-sikosito\\\/#primaryimage\"},\"thumbnailUrl\":\"https:\\\/\\\/www.szexshopbelvaros.com\\\/wp-content\\\/uploads\\\/2025\\\/01\\\/5112a484-9b51-11ee-8689-8244ae3e434f_43267_1000x1000__1_.jpg\",\"datePublished\":\"2025-01-31T13:36:58+00:00\",\"dateModified\":\"2026-04-01T14:56:47+00:00\",\"description\":\"Just Glide 1000ml s\u00edkos\u00edt\u00f3 \u2013 v\u00edzb\u00e1zis\u00fa, alkoholmentes, hossz\u00fa cs\u00fasz\u00e1st ad\u00f3 s\u00edkos\u00edt\u00f3 minden j\u00e1t\u00e9khoz \u00e9s \u00f3vszerhez. K\u00f6nnyen lemoshat\u00f3.\",\"breadcrumb\":{\"@id\":\"https:\\\/\\\/www.szexshopbelvaros.com\\\/termek\\\/just-glide-1000ml-vizbazisu-sikosito\\\/#breadcrumb\"},\"inLanguage\":\"en-US\",\"potentialAction\":[{\"@type\":\"ReadAction\",\"target\":[\"https:\\\/\\\/www.szexshopbelvaros.com\\\/termek\\\/just-glide-1000ml-vizbazisu-sikosito\\\/\"]}]},{\"@type\":\"ImageObject\",\"inLanguage\":\"en-US\",\"@id\":\"https:\\\/\\\/www.szexshopbelvaros.com\\\/termek\\\/just-glide-1000ml-vizbazisu-sikosito\\\/#primaryimage\",\"url\":\"https:\\\/\\\/www.szexshopbelvaros.com\\\/wp-content\\\/uploads\\\/2025\\\/01\\\/5112a484-9b51-11ee-8689-8244ae3e434f_43267_1000x1000__1_.jpg\",\"contentUrl\":\"https:\\\/\\\/www.szexshopbelvaros.com\\\/wp-content\\\/uploads\\\/2025\\\/01\\\/5112a484-9b51-11ee-8689-8244ae3e434f_43267_1000x1000__1_.jpg\",\"width\":1200,\"height\":675,\"caption\":\"just glide 1000ml v\u00edzb\u00e1zis\u00fa s\u00edkos\u00edt\u00f3 just glide 1000ml water-based lubricant\"},{\"@type\":\"BreadcrumbList\",\"@id\":\"https:\\\/\\\/www.szexshopbelvaros.com\\\/termek\\\/just-glide-1000ml-vizbazisu-sikosito\\\/#breadcrumb\",\"itemListElement\":[{\"@type\":\"ListItem\",\"position\":1,\"name\":\"Home\",\"item\":\"https:\\\/\\\/www.szexshopbelvaros.com\\\/\"},{\"@type\":\"ListItem\",\"position\":2,\"name\":\"\u00c1ruh\u00e1z\",\"item\":\"https:\\\/\\\/www.szexshopbelvaros.com\\\/uzlet\\\/\"},{\"@type\":\"ListItem\",\"position\":3,\"name\":\"\ud83d\udee2\ufe0f Just Glide &#8211; Az 1 liter &#8220;tiszta k\u00e1osz&#8221;\"}]},{\"@type\":\"WebSite\",\"@id\":\"https:\\\/\\\/www.szexshopbelvaros.com\\\/#website\",\"url\":\"https:\\\/\\\/www.szexshopbelvaros.com\\\/\",\"name\":\"Szexshop Belv\u00e1ros\",\"description\":\"\ud83d\udd25 A szex olyan, mint a p\u00e9nz; csak a t\u00fal sok el\u00e9g!\u2122 Titkok a belv\u00e1rosb\u00f3l \ud83d\udc8b | Secrets from Budapest \ud83d\udc8e Feln\u0151tt j\u00e1t\u00e9kok \u2022 Erotika \u2022 Szexshop Belvaros\",\"publisher\":{\"@id\":\"https:\\\/\\\/www.szexshopbelvaros.com\\\/#organization\"},\"potentialAction\":[{\"@type\":\"SearchAction\",\"target\":{\"@type\":\"EntryPoint\",\"urlTemplate\":\"https:\\\/\\\/www.szexshopbelvaros.com\\\/?s={search_term_string}\"},\"query-input\":{\"@type\":\"PropertyValueSpecification\",\"valueRequired\":true,\"valueName\":\"search_term_string\"}}],\"inLanguage\":\"en-US\"},{\"@type\":\"Organization\",\"@id\":\"https:\\\/\\\/www.szexshopbelvaros.com\\\/#organization\",\"name\":\"Szexshop Belv\u00e1ros\",\"alternateName\":\"szexshopbelvaros.com\",\"url\":\"https:\\\/\\\/www.szexshopbelvaros.com\\\/\",\"logo\":{\"@type\":\"ImageObject\",\"inLanguage\":\"en-US\",\"@id\":\"https:\\\/\\\/www.szexshopbelvaros.com\\\/#\\\/schema\\\/logo\\\/image\\\/\",\"url\":\"https:\\\/\\\/www.szexshopbelvaros.com\\\/wp-content\\\/uploads\\\/2025\\\/09\\\/1Szexshopbelvaroslogo_blurred_stronger.jpg\",\"contentUrl\":\"https:\\\/\\\/www.szexshopbelvaros.com\\\/wp-content\\\/uploads\\\/2025\\\/09\\\/1Szexshopbelvaroslogo_blurred_stronger.jpg\",\"width\":1024,\"height\":1024,\"caption\":\"Szexshop Belv\u00e1ros\"},\"image\":{\"@id\":\"https:\\\/\\\/www.szexshopbelvaros.com\\\/#\\\/schema\\\/logo\\\/image\\\/\"},\"sameAs\":[\"https:\\\/\\\/www.facebook.com\\\/belvarossecrets\\\/\",\"https:\\\/\\\/x.com\\\/belvarossecrets\",\"https:\\\/\\\/www.instagram.com\\\/belvarossecrets\\\/\",\"https:\\\/\\\/www.tiktok.com\\\/@belvarossecrets\"]}]}<\/script>\n<!-- \/ Yoast SEO plugin. -->","yoast_head_json":{"title":"\ud83d\udee2\ufe0f Just Glide - The 1 liter of &quot;pure chaos&quot; - Szexshop Belvaros","description":"Just Glide 1000ml lubricant \u2013 water-based, alcohol-free, long-lasting lubricant for all toys and condoms. Easy to wash off.","robots":{"index":"index","follow":"follow","max-snippet":"max-snippet:-1","max-image-preview":"max-image-preview:large","max-video-preview":"max-video-preview:-1"},"canonical":"https:\/\/www.szexshopbelvaros.com\/en\/product\/just-glide-1000ml-vizbazisu-sikosito\/","og_locale":"en_US","og_type":"article","og_title":"\ud83d\udee2\ufe0f Just Glide - Az 1 liter \"tiszta k\u00e1osz\" - Szexshop Belvaros","og_description":"Just Glide 1000ml s\u00edkos\u00edt\u00f3 \u2013 v\u00edzb\u00e1zis\u00fa, alkoholmentes, hossz\u00fa cs\u00fasz\u00e1st ad\u00f3 s\u00edkos\u00edt\u00f3 minden j\u00e1t\u00e9khoz \u00e9s \u00f3vszerhez. K\u00f6nnyen lemoshat\u00f3.","og_url":"https:\/\/www.szexshopbelvaros.com\/en\/product\/just-glide-1000ml-vizbazisu-sikosito\/","og_site_name":"Szexshop Belvaros","article_publisher":"https:\/\/www.facebook.com\/belvarossecrets\/","article_modified_time":"2026-04-01T14:56:47+00:00","og_image":[{"width":1200,"height":675,"url":"https:\/\/www.szexshopbelvaros.com\/wp-content\/uploads\/2025\/01\/5112a484-9b51-11ee-8689-8244ae3e434f_43267_1000x1000__1_.jpg","type":"image\/jpeg"}],"twitter_card":"summary_large_image","twitter_site":"@belvarossecrets","twitter_misc":{"Est. reading time":"2 minutes"},"schema":{"@context":"https:\/\/schema.org","@graph":[{"@type":"WebPage","@id":"https:\/\/www.szexshopbelvaros.com\/termek\/just-glide-1000ml-vizbazisu-sikosito\/","url":"https:\/\/www.szexshopbelvaros.com\/termek\/just-glide-1000ml-vizbazisu-sikosito\/","name":"\ud83d\udee2\ufe0f Just Glide - The 1 liter of &quot;pure chaos&quot; - Szexshop Belvaros","isPartOf":{"@id":"https:\/\/www.szexshopbelvaros.com\/#website"},"primaryImageOfPage":{"@id":"https:\/\/www.szexshopbelvaros.com\/termek\/just-glide-1000ml-vizbazisu-sikosito\/#primaryimage"},"image":{"@id":"https:\/\/www.szexshopbelvaros.com\/termek\/just-glide-1000ml-vizbazisu-sikosito\/#primaryimage"},"thumbnailUrl":"https:\/\/www.szexshopbelvaros.com\/wp-content\/uploads\/2025\/01\/5112a484-9b51-11ee-8689-8244ae3e434f_43267_1000x1000__1_.jpg","datePublished":"2025-01-31T13:36:58+00:00","dateModified":"2026-04-01T14:56:47+00:00","description":"Just Glide 1000ml lubricant \u2013 water-based, alcohol-free, long-lasting lubricant for all toys and condoms. Easy to wash off.","breadcrumb":{"@id":"https:\/\/www.szexshopbelvaros.com\/termek\/just-glide-1000ml-vizbazisu-sikosito\/#breadcrumb"},"inLanguage":"en-US","potentialAction":[{"@type":"ReadAction","target":["https:\/\/www.szexshopbelvaros.com\/termek\/just-glide-1000ml-vizbazisu-sikosito\/"]}]},{"@type":"ImageObject","inLanguage":"en-US","@id":"https:\/\/www.szexshopbelvaros.com\/termek\/just-glide-1000ml-vizbazisu-sikosito\/#primaryimage","url":"https:\/\/www.szexshopbelvaros.com\/wp-content\/uploads\/2025\/01\/5112a484-9b51-11ee-8689-8244ae3e434f_43267_1000x1000__1_.jpg","contentUrl":"https:\/\/www.szexshopbelvaros.com\/wp-content\/uploads\/2025\/01\/5112a484-9b51-11ee-8689-8244ae3e434f_43267_1000x1000__1_.jpg","width":1200,"height":675,"caption":"just glide 1000ml v\u00edzb\u00e1zis\u00fa s\u00edkos\u00edt\u00f3 just glide 1000ml water-based lubricant"},{"@type":"BreadcrumbList","@id":"https:\/\/www.szexshopbelvaros.com\/termek\/just-glide-1000ml-vizbazisu-sikosito\/#breadcrumb","itemListElement":[{"@type":"ListItem","position":1,"name":"Home","item":"https:\/\/www.szexshopbelvaros.com\/"},{"@type":"ListItem","position":2,"name":"\u00c1ruh\u00e1z","item":"https:\/\/www.szexshopbelvaros.com\/uzlet\/"},{"@type":"ListItem","position":3,"name":"\ud83d\udee2\ufe0f Just Glide &#8211; Az 1 liter &#8220;tiszta k\u00e1osz&#8221;"}]},{"@type":"WebSite","@id":"https:\/\/www.szexshopbelvaros.com\/#website","url":"https:\/\/www.szexshopbelvaros.com\/","name":"at our Szexshop Belv\u00e1ros","description":"\ud83d\udd25 Sex is like money; only too much is enough!\u2122 Secrets from the city center \ud83d\udc8b | Secrets from Budapest \ud83d\udc8e Adult games \u2022 Erotica \u2022 Sex shop Belvaros","publisher":{"@id":"https:\/\/www.szexshopbelvaros.com\/#organization"},"potentialAction":[{"@type":"SearchAction","target":{"@type":"EntryPoint","urlTemplate":"https:\/\/www.szexshopbelvaros.com\/?s={search_term_string}"},"query-input":{"@type":"PropertyValueSpecification","valueRequired":true,"valueName":"search_term_string"}}],"inLanguage":"en-US"},{"@type":"Organization","@id":"https:\/\/www.szexshopbelvaros.com\/#organization","name":"at our Szexshop Belv\u00e1ros","alternateName":"szexshopbelvaros.com","url":"https:\/\/www.szexshopbelvaros.com\/","logo":{"@type":"ImageObject","inLanguage":"en-US","@id":"https:\/\/www.szexshopbelvaros.com\/#\/schema\/logo\/image\/","url":"https:\/\/www.szexshopbelvaros.com\/wp-content\/uploads\/2025\/09\/1Szexshopbelvaroslogo_blurred_stronger.jpg","contentUrl":"https:\/\/www.szexshopbelvaros.com\/wp-content\/uploads\/2025\/09\/1Szexshopbelvaroslogo_blurred_stronger.jpg","width":1024,"height":1024,"caption":"Szexshop Belv\u00e1ros"},"image":{"@id":"https:\/\/www.szexshopbelvaros.com\/#\/schema\/logo\/image\/"},"sameAs":["https:\/\/www.facebook.com\/belvarossecrets\/","https:\/\/x.com\/belvarossecrets","https:\/\/www.instagram.com\/belvarossecrets\/","https:\/\/www.tiktok.com\/@belvarossecrets"]}]}},"_links":{"self":[{"href":"https:\/\/www.szexshopbelvaros.com\/en\/wp-json\/wp\/v2\/product\/262","targetHints":{"allow":["GET"]}}],"collection":[{"href":"https:\/\/www.szexshopbelvaros.com\/en\/wp-json\/wp\/v2\/product"}],"about":[{"href":"https:\/\/www.szexshopbelvaros.com\/en\/wp-json\/wp\/v2\/types\/product"}],"replies":[{"embeddable":true,"href":"https:\/\/www.szexshopbelvaros.com\/en\/wp-json\/wp\/v2\/comments?post=262"}],"wp:featuredmedia":[{"embeddable":true,"href":"https:\/\/www.szexshopbelvaros.com\/en\/wp-json\/wp\/v2\/media\/263"}],"wp:attachment":[{"href":"https:\/\/www.szexshopbelvaros.com\/en\/wp-json\/wp\/v2\/media?parent=262"}],"wp:term":[{"taxonomy":"product_brand","embeddable":true,"href":"https:\/\/www.szexshopbelvaros.com\/en\/wp-json\/wp\/v2\/product_brand?post=262"},{"taxonomy":"product_cat","embeddable":true,"href":"https:\/\/www.szexshopbelvaros.com\/en\/wp-json\/wp\/v2\/product_cat?post=262"},{"taxonomy":"product_tag","embeddable":true,"href":"https:\/\/www.szexshopbelvaros.com\/en\/wp-json\/wp\/v2\/product_tag?post=262"}],"curies":[{"name":"wp","href":"https:\/\/api.w.org\/{rel}","templated":true}]}}