{"id":2668,"date":"2026-03-06T15:15:41","date_gmt":"2026-03-06T14:15:41","guid":{"rendered":"https:\/\/www.szexshopbelvaros.com\/?post_type=product&#038;p=2668"},"modified":"2026-04-10T14:00:14","modified_gmt":"2026-04-10T12:00:14","slug":"felcsatolhato-vibracios-dildo-pumpaval","status":"publish","type":"product","link":"https:\/\/www.szexshopbelvaros.com\/en\/product\/felcsatolhato-vibracios-dildo-pumpaval\/","title":{"rendered":"\ud83d\udca6\u26a1 Oher \u2013 The Attachable Fountain That Comes Vibrating"},"content":{"rendered":"<p data-start=\"352\" data-end=\"635\">The Oher Strap-On Vibrating Dildo is a toy that walks into the room and instantly takes control. This isn&#039;t the kind of gadget you&#039;d shyly try out on a quiet Sunday afternoon. This is the kind of thing that says: <em data-start=\"589\" data-end=\"635\">\u201eOkay\u2026 let\u2019s do a little show now.\u201d<\/em><\/p>\n<p data-start=\"637\" data-end=\"930\">The soft, leathery feel, veined design, and testicle-equipped dildo make you know why it&#039;s here at first glance. The harness <strong data-start=\"778\" data-end=\"818\">Adjustable between 58\u201386 cm waist<\/strong>, so you don&#039;t have to be an acrobat to wear it comfortably \u2014 just strap it on and you&#039;re ready to go. And here&#039;s the twist.<\/p>\n<p data-start=\"547\" data-end=\"751\">The vibration, which can be controlled with a wired remote control, ensures that the pace is not solely up to you. It starts gently. Then it can ramp up nicely \u2013 depending on how much drama you need for the evening.<\/p>\n<h3 data-section-id=\"11vjhcp\" data-start=\"753\" data-end=\"787\">Vibration and pump in one toy<\/h3>\n<p data-section-id=\"11vjhcp\" data-start=\"753\" data-end=\"787\">But the Oher doesn&#039;t stop there. It can also dispense liquid using the built-in pump.<\/p>\n<p data-start=\"882\" data-end=\"1066\">If someone likes a little extra realism in their play, they can easily be filled with warm water, diluted intimate cleanser, or water-based lubricant. Yes, that&#039;s exactly what you mean.<\/p>\n<p data-start=\"1068\" data-end=\"1228\">If you don&#039;t feel like wearing a harness, the suction cup base ensures that it stands stable on a flat surface. This allows you to continue playing in a completely different way.<\/p>\n<h3 data-section-id=\"b6rg57\" data-start=\"1230\" data-end=\"1255\">Design and dimensions<\/h3>\n<p data-start=\"1257\" data-end=\"1416\">The approx. <strong data-start=\"1263\" data-end=\"1282\">4.3 cm diameter<\/strong>, <strong data-start=\"1284\" data-end=\"1305\">15.5\u201320 cm long<\/strong> vibrating dildo <strong data-start=\"1320\" data-end=\"1343\">Made of ABS and TPR material<\/strong> The harness&#039;s combination of synthetic leather and fabric ensures a stable hold.<\/p>\n<p data-start=\"637\" data-end=\"930\">The harness is designed to be universal, so it can be used with any suction cup dildo \u2014 you&#039;re not tied to a single size or type.<\/p>\n<p data-start=\"1418\" data-end=\"1532\">The system <strong data-start=\"1429\" data-end=\"1453\">Operates on 2 AA batteries<\/strong>, and thanks to its waterproof design, it won&#039;t be afraid of even a little moisture.<\/p>\n<p data-start=\"1897\" data-end=\"2083\">It is always a good idea to clean it with warm soapy water and tool cleaner before and after use, and <strong data-start=\"2006\" data-end=\"2048\">It is recommended to use a water-based lubricant.<\/strong>, to make sure everything runs smoothly.<\/p>\n<p data-start=\"2085\" data-end=\"2260\">And if you&#039;ve made it this far... take a look around... <a href=\"https:\/\/www.szexshopbelvaros.com\/en\/product-category\/paroknak-uniszex\/felcsatolhato-eszkozok\/\"><strong>at our Szexshop Belv\u00e1ros<\/strong> <\/a>among other crazy good games \u2014 because there&#039;s always something here that&#039;s just about to cause trouble. \ud83d\ude08<\/p>\n<p data-start=\"2085\" data-end=\"2260\"><strong>\ud83d\udc49 <\/strong>Get it within an hour at Budapest SzexShop Belv\u00e1ros <a href=\"https:\/\/wolt.com\/hu\/hun\/budapest\/venue\/szexshop-belvaros\/pretty-love-oher-a-felcsatolhato-szokokut-ami-rezegve-erkezik-itemid-4fa6541109048bfabc97278f\">Wolt store,<\/a> or order at <a class=\"decorated-link cursor-pointer\" target=\"_new\" rel=\"noopener\" data-start=\"415\" data-end=\"439\">www.szexshopbelvaros.com<\/a> . We deliver to the entire territory of Hungary and the EU.<\/p>","protected":false},"excerpt":{"rendered":"<p>Az Oher felcsatolhat\u00f3 vibr\u00e1ci\u00f3s dild\u00f3 egy olyan j\u00e1t\u00e9k, amely bel\u00e9p a szob\u00e1ba \u00e9s azonnal \u00e1tveszi az ir\u00e1ny\u00edt\u00e1st.\u00a0Ez nem az a fajta k\u00fcty\u00fc, amit f\u00e9l\u00e9nken kipr\u00f3b\u00e1lsz egy csendes vas\u00e1rnap d\u00e9lut\u00e1n. Ez az a darab, ami azt mondja: \u201eOk\u00e9\u2026 akkor most csin\u00e1ljunk egy kis m\u0171sort.\u201d A puha, b\u0151rszer\u0171 tapint\u00e1s\u00fa, erezett kialak\u00edt\u00e1s\u00fa, her\u00e9kkel kieg\u00e9sz\u00edtett dild\u00f3 m\u00e1r els\u0151 r\u00e1n\u00e9z\u00e9sre [&#8230;]\n","protected":false},"featured_media":2669,"comment_status":"closed","ping_status":"closed","template":"","meta":[],"product_brand":[95],"product_cat":[88,108,115],"product_tag":[2145,2144,559,2148,2387,2392,352,2207,2146,2150,2143,2210,2142,2211,2208,2209,707,2147,552,2388,2351,2386,2391,1238,2389,2390,2383,2384,2149,354,220,2206,2205,1384,2141,2385,2151],"class_list":{"0":"post-2668","1":"product","2":"type-product","3":"status-publish","4":"has-post-thumbnail","6":"product_brand-pretty-love","7":"product_cat-felcsatolhato-eszkozok","8":"product_cat-paroknak-uniszex","9":"product_cat-ujdonsagok","10":"product_tag-adult-toy-for-couples","11":"product_tag-couples-pleasure","12":"product_tag-couples-toy","13":"product_tag-csereheto-fej","14":"product_tag-ejaculating-dildo","15":"product_tag-ejakualo-dildo","16":"product_tag-felcsatolhato-dildo","17":"product_tag-friss-erkezes","18":"product_tag-harness-szett","19":"product_tag-harness-toy","20":"product_tag-intim-jatek-paroknak","21":"product_tag-just-arrived","22":"product_tag-kozos-elmeny","23":"product_tag-latest-arrival","24":"product_tag-legujabb-termek","25":"product_tag-new-product","26":"product_tag-paroknak","27":"product_tag-paros-dominancia","28":"product_tag-paros-jatek","29":"product_tag-pegging-dildo","30":"product_tag-pegging-toy","31":"product_tag-pump-dildo","32":"product_tag-pumpas-dildo","33":"product_tag-shared-pleasure","34":"product_tag-spriccelo-dildo","35":"product_tag-spriccelo-felcsatolhato-dildo","36":"product_tag-squirting-dildo","37":"product_tag-squirting-strap-on","38":"product_tag-strap-on-set","39":"product_tag-strap-on","40":"product_tag-szexshop-belvaros","41":"product_tag-uj-termek","42":"product_tag-ujdonsag","43":"product_tag-unisex-sex-toy","44":"product_tag-uniszex-szexjatek","45":"product_tag-vibrating-strap-on-dildo","46":"product_tag-wearable-toy","48":"first","49":"instock","50":"taxable","51":"shipping-taxable","52":"purchasable","53":"product-type-simple"},"yoast_head":"<!-- This site is optimized with the Yoast SEO plugin v27.5 - https:\/\/yoast.com\/product\/yoast-seo-wordpress\/ -->\n<title>Felcsatolhat\u00f3 Vibr\u00e1ci\u00f3s Dild\u00f3 Pump\u00e1val \u2013 Oher Strap-On | Szexshop Belv\u00e1ros<\/title>\n<meta name=\"description\" content=\"Felcsatolhat\u00f3 vibr\u00e1ci\u00f3s dild\u00f3 pump\u00e1val \u00e9s t\u00e1vir\u00e1ny\u00edt\u00f3val. Az Oher strap-on h\u00e1m realisztikus dild\u00f3val, tapad\u00f3koronggal \u00e9s folyad\u00e9kkil\u00f6vell\u0151 funkci\u00f3val. Rendeld meg most a Szexshop Belv\u00e1ros k\u00edn\u00e1lat\u00e1b\u00f3l.\" \/>\n<meta name=\"robots\" content=\"index, follow, max-snippet:-1, max-image-preview:large, max-video-preview:-1\" \/>\n<link rel=\"canonical\" href=\"https:\/\/www.szexshopbelvaros.com\/en\/product\/felcsatolhato-vibracios-dildo-pumpaval\/\" \/>\n<meta property=\"og:locale\" content=\"en_US\" \/>\n<meta property=\"og:type\" content=\"article\" \/>\n<meta property=\"og:title\" content=\"Felcsatolhat\u00f3 Vibr\u00e1ci\u00f3s Dild\u00f3 Pump\u00e1val \u2013 Oher Strap-On | Szexshop Belv\u00e1ros\" \/>\n<meta property=\"og:description\" content=\"Felcsatolhat\u00f3 vibr\u00e1ci\u00f3s dild\u00f3 pump\u00e1val \u00e9s t\u00e1vir\u00e1ny\u00edt\u00f3val. Az Oher strap-on h\u00e1m realisztikus dild\u00f3val, tapad\u00f3koronggal \u00e9s folyad\u00e9kkil\u00f6vell\u0151 funkci\u00f3val. Rendeld meg most a Szexshop Belv\u00e1ros k\u00edn\u00e1lat\u00e1b\u00f3l.\" \/>\n<meta property=\"og:url\" content=\"https:\/\/www.szexshopbelvaros.com\/en\/product\/felcsatolhato-vibracios-dildo-pumpaval\/\" \/>\n<meta property=\"og:site_name\" content=\"Szexshop Belvaros\" \/>\n<meta property=\"article:publisher\" content=\"https:\/\/www.facebook.com\/belvarossecrets\/\" \/>\n<meta property=\"article:modified_time\" content=\"2026-04-10T12:00:14+00:00\" \/>\n<meta property=\"og:image\" content=\"https:\/\/www.szexshopbelvaros.com\/wp-content\/uploads\/2026\/03\/69aac942c149d0659a401a7f-scaled.png\" \/>\n\t<meta property=\"og:image:width\" content=\"2560\" \/>\n\t<meta property=\"og:image:height\" content=\"1440\" \/>\n\t<meta property=\"og:image:type\" content=\"image\/png\" \/>\n<meta name=\"twitter:card\" content=\"summary_large_image\" \/>\n<meta name=\"twitter:site\" content=\"@belvarossecrets\" \/>\n<meta name=\"twitter:label1\" content=\"Est. reading time\" \/>\n\t<meta name=\"twitter:data1\" content=\"2 minutes\" \/>\n<script type=\"application\/ld+json\" class=\"yoast-schema-graph\">{\"@context\":\"https:\\\/\\\/schema.org\",\"@graph\":[{\"@type\":\"WebPage\",\"@id\":\"https:\\\/\\\/www.szexshopbelvaros.com\\\/termek\\\/felcsatolhato-vibracios-dildo-pumpaval\\\/\",\"url\":\"https:\\\/\\\/www.szexshopbelvaros.com\\\/termek\\\/felcsatolhato-vibracios-dildo-pumpaval\\\/\",\"name\":\"Felcsatolhat\u00f3 Vibr\u00e1ci\u00f3s Dild\u00f3 Pump\u00e1val \u2013 Oher Strap-On | Szexshop Belv\u00e1ros\",\"isPartOf\":{\"@id\":\"https:\\\/\\\/www.szexshopbelvaros.com\\\/#website\"},\"primaryImageOfPage\":{\"@id\":\"https:\\\/\\\/www.szexshopbelvaros.com\\\/termek\\\/felcsatolhato-vibracios-dildo-pumpaval\\\/#primaryimage\"},\"image\":{\"@id\":\"https:\\\/\\\/www.szexshopbelvaros.com\\\/termek\\\/felcsatolhato-vibracios-dildo-pumpaval\\\/#primaryimage\"},\"thumbnailUrl\":\"https:\\\/\\\/www.szexshopbelvaros.com\\\/wp-content\\\/uploads\\\/2026\\\/03\\\/69aac942c149d0659a401a7f-scaled.png\",\"datePublished\":\"2026-03-06T14:15:41+00:00\",\"dateModified\":\"2026-04-10T12:00:14+00:00\",\"description\":\"Felcsatolhat\u00f3 vibr\u00e1ci\u00f3s dild\u00f3 pump\u00e1val \u00e9s t\u00e1vir\u00e1ny\u00edt\u00f3val. Az Oher strap-on h\u00e1m realisztikus dild\u00f3val, tapad\u00f3koronggal \u00e9s folyad\u00e9kkil\u00f6vell\u0151 funkci\u00f3val. Rendeld meg most a Szexshop Belv\u00e1ros k\u00edn\u00e1lat\u00e1b\u00f3l.\",\"breadcrumb\":{\"@id\":\"https:\\\/\\\/www.szexshopbelvaros.com\\\/termek\\\/felcsatolhato-vibracios-dildo-pumpaval\\\/#breadcrumb\"},\"inLanguage\":\"en-US\",\"potentialAction\":[{\"@type\":\"ReadAction\",\"target\":[\"https:\\\/\\\/www.szexshopbelvaros.com\\\/termek\\\/felcsatolhato-vibracios-dildo-pumpaval\\\/\"]}]},{\"@type\":\"ImageObject\",\"inLanguage\":\"en-US\",\"@id\":\"https:\\\/\\\/www.szexshopbelvaros.com\\\/termek\\\/felcsatolhato-vibracios-dildo-pumpaval\\\/#primaryimage\",\"url\":\"https:\\\/\\\/www.szexshopbelvaros.com\\\/wp-content\\\/uploads\\\/2026\\\/03\\\/69aac942c149d0659a401a7f-scaled.png\",\"contentUrl\":\"https:\\\/\\\/www.szexshopbelvaros.com\\\/wp-content\\\/uploads\\\/2026\\\/03\\\/69aac942c149d0659a401a7f-scaled.png\",\"width\":2560,\"height\":1440,\"caption\":\"Pretty Love Oher felcsatolhat\u00f3 vibr\u00e1ci\u00f3s \u00e9s spriccel\u0151 dild\u00f3 h\u00e1m szett pump\u00e1val \u00e9s t\u00e1vir\u00e1ny\u00edt\u00f3val Pretty Love Oher vibrating and squirting strap-on dildo harness with pump and remote\"},{\"@type\":\"BreadcrumbList\",\"@id\":\"https:\\\/\\\/www.szexshopbelvaros.com\\\/termek\\\/felcsatolhato-vibracios-dildo-pumpaval\\\/#breadcrumb\",\"itemListElement\":[{\"@type\":\"ListItem\",\"position\":1,\"name\":\"Home\",\"item\":\"https:\\\/\\\/www.szexshopbelvaros.com\\\/\"},{\"@type\":\"ListItem\",\"position\":2,\"name\":\"\u00c1ruh\u00e1z\",\"item\":\"https:\\\/\\\/www.szexshopbelvaros.com\\\/uzlet\\\/\"},{\"@type\":\"ListItem\",\"position\":3,\"name\":\"\ud83d\udca6\u26a1 Oher \u2013 A Felcsatolhat\u00f3 Sz\u00f6k\u0151k\u00fat, Ami Rezegve \u00c9rkezik\"}]},{\"@type\":\"WebSite\",\"@id\":\"https:\\\/\\\/www.szexshopbelvaros.com\\\/#website\",\"url\":\"https:\\\/\\\/www.szexshopbelvaros.com\\\/\",\"name\":\"Szexshop Belv\u00e1ros\",\"description\":\"\ud83d\udd25 A szex olyan, mint a p\u00e9nz; csak a t\u00fal sok el\u00e9g!\u2122 Titkok a belv\u00e1rosb\u00f3l \ud83d\udc8b | Secrets from Budapest \ud83d\udc8e Feln\u0151tt j\u00e1t\u00e9kok \u2022 Erotika \u2022 Szexshop Belvaros\",\"publisher\":{\"@id\":\"https:\\\/\\\/www.szexshopbelvaros.com\\\/#organization\"},\"potentialAction\":[{\"@type\":\"SearchAction\",\"target\":{\"@type\":\"EntryPoint\",\"urlTemplate\":\"https:\\\/\\\/www.szexshopbelvaros.com\\\/?s={search_term_string}\"},\"query-input\":{\"@type\":\"PropertyValueSpecification\",\"valueRequired\":true,\"valueName\":\"search_term_string\"}}],\"inLanguage\":\"en-US\"},{\"@type\":\"Organization\",\"@id\":\"https:\\\/\\\/www.szexshopbelvaros.com\\\/#organization\",\"name\":\"Szexshop Belv\u00e1ros\",\"alternateName\":\"szexshopbelvaros.com\",\"url\":\"https:\\\/\\\/www.szexshopbelvaros.com\\\/\",\"logo\":{\"@type\":\"ImageObject\",\"inLanguage\":\"en-US\",\"@id\":\"https:\\\/\\\/www.szexshopbelvaros.com\\\/#\\\/schema\\\/logo\\\/image\\\/\",\"url\":\"https:\\\/\\\/www.szexshopbelvaros.com\\\/wp-content\\\/uploads\\\/2025\\\/09\\\/1Szexshopbelvaroslogo_blurred_stronger.jpg\",\"contentUrl\":\"https:\\\/\\\/www.szexshopbelvaros.com\\\/wp-content\\\/uploads\\\/2025\\\/09\\\/1Szexshopbelvaroslogo_blurred_stronger.jpg\",\"width\":1024,\"height\":1024,\"caption\":\"Szexshop Belv\u00e1ros\"},\"image\":{\"@id\":\"https:\\\/\\\/www.szexshopbelvaros.com\\\/#\\\/schema\\\/logo\\\/image\\\/\"},\"sameAs\":[\"https:\\\/\\\/www.facebook.com\\\/belvarossecrets\\\/\",\"https:\\\/\\\/x.com\\\/belvarossecrets\",\"https:\\\/\\\/www.instagram.com\\\/belvarossecrets\\\/\",\"https:\\\/\\\/www.tiktok.com\\\/@belvarossecrets\"]}]}<\/script>\n<!-- \/ Yoast SEO plugin. -->","yoast_head_json":{"title":"Strap-On Vibrating Dildo with Pump \u2013 Oher Strap-On | Sexshop Belv\u00e1ros","description":"Strap-on vibrating dildo with pump and remote control. The Oher strap-on harness with realistic dildo, suction cup and liquid ejection function. Order now from the Szexshop Belv\u00e1ros range.","robots":{"index":"index","follow":"follow","max-snippet":"max-snippet:-1","max-image-preview":"max-image-preview:large","max-video-preview":"max-video-preview:-1"},"canonical":"https:\/\/www.szexshopbelvaros.com\/en\/product\/felcsatolhato-vibracios-dildo-pumpaval\/","og_locale":"en_US","og_type":"article","og_title":"Felcsatolhat\u00f3 Vibr\u00e1ci\u00f3s Dild\u00f3 Pump\u00e1val \u2013 Oher Strap-On | Szexshop Belv\u00e1ros","og_description":"Felcsatolhat\u00f3 vibr\u00e1ci\u00f3s dild\u00f3 pump\u00e1val \u00e9s t\u00e1vir\u00e1ny\u00edt\u00f3val. Az Oher strap-on h\u00e1m realisztikus dild\u00f3val, tapad\u00f3koronggal \u00e9s folyad\u00e9kkil\u00f6vell\u0151 funkci\u00f3val. Rendeld meg most a Szexshop Belv\u00e1ros k\u00edn\u00e1lat\u00e1b\u00f3l.","og_url":"https:\/\/www.szexshopbelvaros.com\/en\/product\/felcsatolhato-vibracios-dildo-pumpaval\/","og_site_name":"Szexshop Belvaros","article_publisher":"https:\/\/www.facebook.com\/belvarossecrets\/","article_modified_time":"2026-04-10T12:00:14+00:00","og_image":[{"width":2560,"height":1440,"url":"https:\/\/www.szexshopbelvaros.com\/wp-content\/uploads\/2026\/03\/69aac942c149d0659a401a7f-scaled.png","type":"image\/png"}],"twitter_card":"summary_large_image","twitter_site":"@belvarossecrets","twitter_misc":{"Est. reading time":"2 minutes"},"schema":{"@context":"https:\/\/schema.org","@graph":[{"@type":"WebPage","@id":"https:\/\/www.szexshopbelvaros.com\/termek\/felcsatolhato-vibracios-dildo-pumpaval\/","url":"https:\/\/www.szexshopbelvaros.com\/termek\/felcsatolhato-vibracios-dildo-pumpaval\/","name":"Strap-On Vibrating Dildo with Pump \u2013 Oher Strap-On | Sexshop Belv\u00e1ros","isPartOf":{"@id":"https:\/\/www.szexshopbelvaros.com\/#website"},"primaryImageOfPage":{"@id":"https:\/\/www.szexshopbelvaros.com\/termek\/felcsatolhato-vibracios-dildo-pumpaval\/#primaryimage"},"image":{"@id":"https:\/\/www.szexshopbelvaros.com\/termek\/felcsatolhato-vibracios-dildo-pumpaval\/#primaryimage"},"thumbnailUrl":"https:\/\/www.szexshopbelvaros.com\/wp-content\/uploads\/2026\/03\/69aac942c149d0659a401a7f-scaled.png","datePublished":"2026-03-06T14:15:41+00:00","dateModified":"2026-04-10T12:00:14+00:00","description":"Strap-on vibrating dildo with pump and remote control. The Oher strap-on harness with realistic dildo, suction cup and liquid ejection function. Order now from the Szexshop Belv\u00e1ros range.","breadcrumb":{"@id":"https:\/\/www.szexshopbelvaros.com\/termek\/felcsatolhato-vibracios-dildo-pumpaval\/#breadcrumb"},"inLanguage":"en-US","potentialAction":[{"@type":"ReadAction","target":["https:\/\/www.szexshopbelvaros.com\/termek\/felcsatolhato-vibracios-dildo-pumpaval\/"]}]},{"@type":"ImageObject","inLanguage":"en-US","@id":"https:\/\/www.szexshopbelvaros.com\/termek\/felcsatolhato-vibracios-dildo-pumpaval\/#primaryimage","url":"https:\/\/www.szexshopbelvaros.com\/wp-content\/uploads\/2026\/03\/69aac942c149d0659a401a7f-scaled.png","contentUrl":"https:\/\/www.szexshopbelvaros.com\/wp-content\/uploads\/2026\/03\/69aac942c149d0659a401a7f-scaled.png","width":2560,"height":1440,"caption":"Pretty Love Oher felcsatolhat\u00f3 vibr\u00e1ci\u00f3s \u00e9s spriccel\u0151 dild\u00f3 h\u00e1m szett pump\u00e1val \u00e9s t\u00e1vir\u00e1ny\u00edt\u00f3val Pretty Love Oher vibrating and squirting strap-on dildo harness with pump and remote"},{"@type":"BreadcrumbList","@id":"https:\/\/www.szexshopbelvaros.com\/termek\/felcsatolhato-vibracios-dildo-pumpaval\/#breadcrumb","itemListElement":[{"@type":"ListItem","position":1,"name":"Home","item":"https:\/\/www.szexshopbelvaros.com\/"},{"@type":"ListItem","position":2,"name":"\u00c1ruh\u00e1z","item":"https:\/\/www.szexshopbelvaros.com\/uzlet\/"},{"@type":"ListItem","position":3,"name":"\ud83d\udca6\u26a1 Oher \u2013 A Felcsatolhat\u00f3 Sz\u00f6k\u0151k\u00fat, Ami Rezegve \u00c9rkezik"}]},{"@type":"WebSite","@id":"https:\/\/www.szexshopbelvaros.com\/#website","url":"https:\/\/www.szexshopbelvaros.com\/","name":"at our Szexshop Belv\u00e1ros","description":"\ud83d\udd25 Sex is like money; only too much is enough!\u2122 Secrets from the city center \ud83d\udc8b | Secrets from Budapest \ud83d\udc8e Adult games \u2022 Erotica \u2022 Sex shop Belvaros","publisher":{"@id":"https:\/\/www.szexshopbelvaros.com\/#organization"},"potentialAction":[{"@type":"SearchAction","target":{"@type":"EntryPoint","urlTemplate":"https:\/\/www.szexshopbelvaros.com\/?s={search_term_string}"},"query-input":{"@type":"PropertyValueSpecification","valueRequired":true,"valueName":"search_term_string"}}],"inLanguage":"en-US"},{"@type":"Organization","@id":"https:\/\/www.szexshopbelvaros.com\/#organization","name":"at our Szexshop Belv\u00e1ros","alternateName":"szexshopbelvaros.com","url":"https:\/\/www.szexshopbelvaros.com\/","logo":{"@type":"ImageObject","inLanguage":"en-US","@id":"https:\/\/www.szexshopbelvaros.com\/#\/schema\/logo\/image\/","url":"https:\/\/www.szexshopbelvaros.com\/wp-content\/uploads\/2025\/09\/1Szexshopbelvaroslogo_blurred_stronger.jpg","contentUrl":"https:\/\/www.szexshopbelvaros.com\/wp-content\/uploads\/2025\/09\/1Szexshopbelvaroslogo_blurred_stronger.jpg","width":1024,"height":1024,"caption":"Szexshop Belv\u00e1ros"},"image":{"@id":"https:\/\/www.szexshopbelvaros.com\/#\/schema\/logo\/image\/"},"sameAs":["https:\/\/www.facebook.com\/belvarossecrets\/","https:\/\/x.com\/belvarossecrets","https:\/\/www.instagram.com\/belvarossecrets\/","https:\/\/www.tiktok.com\/@belvarossecrets"]}]}},"_links":{"self":[{"href":"https:\/\/www.szexshopbelvaros.com\/en\/wp-json\/wp\/v2\/product\/2668","targetHints":{"allow":["GET"]}}],"collection":[{"href":"https:\/\/www.szexshopbelvaros.com\/en\/wp-json\/wp\/v2\/product"}],"about":[{"href":"https:\/\/www.szexshopbelvaros.com\/en\/wp-json\/wp\/v2\/types\/product"}],"replies":[{"embeddable":true,"href":"https:\/\/www.szexshopbelvaros.com\/en\/wp-json\/wp\/v2\/comments?post=2668"}],"wp:featuredmedia":[{"embeddable":true,"href":"https:\/\/www.szexshopbelvaros.com\/en\/wp-json\/wp\/v2\/media\/2669"}],"wp:attachment":[{"href":"https:\/\/www.szexshopbelvaros.com\/en\/wp-json\/wp\/v2\/media?parent=2668"}],"wp:term":[{"taxonomy":"product_brand","embeddable":true,"href":"https:\/\/www.szexshopbelvaros.com\/en\/wp-json\/wp\/v2\/product_brand?post=2668"},{"taxonomy":"product_cat","embeddable":true,"href":"https:\/\/www.szexshopbelvaros.com\/en\/wp-json\/wp\/v2\/product_cat?post=2668"},{"taxonomy":"product_tag","embeddable":true,"href":"https:\/\/www.szexshopbelvaros.com\/en\/wp-json\/wp\/v2\/product_tag?post=2668"}],"curies":[{"name":"wp","href":"https:\/\/api.w.org\/{rel}","templated":true}]}}