{"id":2679,"date":"2026-03-12T16:02:25","date_gmt":"2026-03-12T15:02:25","guid":{"rendered":"https:\/\/www.szexshopbelvaros.com\/?post_type=product&#038;p=2679"},"modified":"2026-04-21T15:09:43","modified_gmt":"2026-04-21T13:09:43","slug":"fokozatos-anal-dugo-beaded-love-probe","status":"publish","type":"product","link":"https:\/\/www.szexshopbelvaros.com\/en\/product\/fokozatos-anal-dugo-beaded-love-probe\/","title":{"rendered":"\u2764\ufe0f Beaded Love Probe \u2013 Gradual Pleasure From the Heart"},"content":{"rendered":"<p>The Beaded Love Probe is a beaded anal dilator made of soft, flexible silicone and comes in gradually increasing sizes to help you explore anal stimulation. The different sized beads comfortably guide you from beginner to advanced. The heart-shaped handle on the end is not only secure, but it almost says, \u201eLet me in to your heart\u2026 and a little lower!\u201d<\/p>\n<p>It&#039;s waterproof, unisex (yes, guys, for you too!), hygienically cleanable, and delivers maximum pleasure from the first use. Plus, the package includes a water-based lubricant and cleanser so all you have to do is enjoy yourself.<\/p>\n<p>Properties:<br \/>\nMaterial: Silicone<br \/>\nLength: 15.6 cm<br \/>\nDiameter: max. 3.4 cm<br \/>\nWaterproof, flexible, graduated size<br \/>\nColor: Classic black<br \/>\nExtra: Lubricant + cleaner in the package<\/p>\n<p>\ud83d\udca6 Tip: Use water-based lubricant and enjoy the thrill of gradual dilation!<\/p>\n<p>This graduated size anal plug is ideal for beginners and advanced users alike. The beaded anal dilator design helps provide comfortable and gradual dilation. The soft silicone provides a pleasant feel, while the different sized beads provide exciting stimulation.<\/p>\n<p>It's worth checking out the rest of our <a href=\"https:\/\/www.szexshopbelvaros.com\/en\/product-category\/anal\/analdugok-prosztatamaszirozok\/\">anal plugs<\/a> while you're at it!<\/p>\n<p>\ud83d\udc49 Get it within an hour at our Budapest SzexShop Belv\u00e1ros <a href=\"https:\/\/wolt.com\/hu\/hun\/budapest\/venue\/szexshop-belvaros\/items\/analdugok-prosztatamaszirozokanal-toys-18\">Wolt<\/a>store or order from www.szexshopbelvaros.com. We deliver throughout Hungary and the EU.<\/p>","protected":false},"excerpt":{"rendered":"<p>A Beaded Love Probe egy gy\u00f6ngy\u00f6s an\u00e1l t\u00e1g\u00edt\u00f3, amely puha, hajl\u00e9kony szilikonb\u00f3l k\u00e9sz\u00fclt \u00e9s fokozatosan n\u00f6vekv\u0151 m\u00e9retekkel seg\u00edti az an\u00e1l stimul\u00e1ci\u00f3 felfedez\u00e9s\u00e9t. A k\u00fcl\u00f6nb\u00f6z\u0151 m\u00e9ret\u0171 gy\u00f6ngy\u00f6k k\u00e9nyelmesen vezetik v\u00e9gig a haszn\u00e1l\u00f3t a kezd\u0151 szintt\u0151l a halad\u00f3 \u00e9lm\u00e9nyekig. A v\u00e9g\u00e9n tal\u00e1lhat\u00f3 sz\u00edv alak\u00fa foganty\u00fa nemcsak biztons\u00e1gos, de szinte azt mondja: \u201eEngedj be a sz\u00edvedbe&#8230; \u00e9s egy [&#8230;]\n","protected":false},"featured_media":2680,"comment_status":"closed","ping_status":"closed","template":"","meta":[],"product_brand":[67],"product_cat":[135,86],"product_tag":[2405,684,418,676,694,1392,2410,1393,1963,2403,424,1889,2404,2413,2408,1830,2402,2401,2407,1381,2411,2409,1318,2406,698,695,1904,2412,1875],"class_list":{"0":"post-2679","1":"product","2":"type-product","3":"status-publish","4":"has-post-thumbnail","6":"product_brand-chisa-novelties","7":"product_cat-anal","8":"product_cat-analdugok-prosztata-masszirozok","9":"product_tag-anal-beads-toy","10":"product_tag-anal-dugo","11":"product_tag-anal-jatek","12":"product_tag-anal-play","13":"product_tag-anal-plug","14":"product_tag-anal-stimulacio","15":"product_tag-anal-stimulacio-jatek","16":"product_tag-anal-stimulation","17":"product_tag-anal-tagito","18":"product_tag-anal-tagito-jatek","19":"product_tag-anal-toy","20":"product_tag-anal-trainer","21":"product_tag-anal-training-toy","22":"product_tag-biztonsagos-anal-dugo","23":"product_tag-erotikus-anal-jatek","24":"product_tag-fekete-anal-dugo","25":"product_tag-fokozatos-anal-dugo","26":"product_tag-gyongyos-anal-dugo","27":"product_tag-halado-anal-dugo","28":"product_tag-hatso-jatek","29":"product_tag-hatso-stimulacio","30":"product_tag-intim-jatek-paroknek","31":"product_tag-intimate-toy","32":"product_tag-kezdo-anal-dugo","33":"product_tag-p-spot-toy","34":"product_tag-prostate-massager","35":"product_tag-prosztata-masszirozo","36":"product_tag-puha-szilikon-jatek","37":"product_tag-szilikon-anal-dugo","39":"first","40":"instock","41":"taxable","42":"shipping-taxable","43":"purchasable","44":"product-type-simple"},"yoast_head":"<!-- This site is optimized with the Yoast SEO plugin v27.4 - https:\/\/yoast.com\/product\/yoast-seo-wordpress\/ -->\n<title>\u2764\ufe0f Gy\u00f6ngy\u00f6s An\u00e1l T\u00e1g\u00edt\u00f3 \u2013 Beaded Love Probe | Szexshop Belv\u00e1ros<\/title>\n<meta name=\"description\" content=\"A Beaded Love Probe egy gy\u00f6ngy\u00f6s an\u00e1l t\u00e1g\u00edt\u00f3 puha szilikonb\u00f3l, fokozatosan n\u00f6vekv\u0151 gy\u00f6ngy\u00f6kkel \u00e9s sz\u00edv alak\u00fa foganty\u00faval. Kezd\u0151knek \u00e9s halad\u00f3knak is izgalmas an\u00e1l j\u00e1t\u00e9k. Szexshop Belv\u00e1ros.\" \/>\n<meta name=\"robots\" content=\"index, follow, max-snippet:-1, max-image-preview:large, max-video-preview:-1\" \/>\n<link rel=\"canonical\" href=\"https:\/\/www.szexshopbelvaros.com\/en\/product\/fokozatos-anal-dugo-beaded-love-probe\/\" \/>\n<meta property=\"og:locale\" content=\"en_US\" \/>\n<meta property=\"og:type\" content=\"article\" \/>\n<meta property=\"og:title\" content=\"\u2764\ufe0f Gy\u00f6ngy\u00f6s An\u00e1l T\u00e1g\u00edt\u00f3 \u2013 Beaded Love Probe | Szexshop Belv\u00e1ros\" \/>\n<meta property=\"og:description\" content=\"A Beaded Love Probe egy gy\u00f6ngy\u00f6s an\u00e1l t\u00e1g\u00edt\u00f3 puha szilikonb\u00f3l, fokozatosan n\u00f6vekv\u0151 gy\u00f6ngy\u00f6kkel \u00e9s sz\u00edv alak\u00fa foganty\u00faval. Kezd\u0151knek \u00e9s halad\u00f3knak is izgalmas an\u00e1l j\u00e1t\u00e9k. Szexshop Belv\u00e1ros.\" \/>\n<meta property=\"og:url\" content=\"https:\/\/www.szexshopbelvaros.com\/en\/product\/fokozatos-anal-dugo-beaded-love-probe\/\" \/>\n<meta property=\"og:site_name\" content=\"Szexshop Belvaros\" \/>\n<meta property=\"article:publisher\" content=\"https:\/\/www.facebook.com\/belvarossecrets\/\" \/>\n<meta property=\"article:modified_time\" content=\"2026-04-21T13:09:43+00:00\" \/>\n<meta property=\"og:image\" content=\"https:\/\/www.szexshopbelvaros.com\/wp-content\/uploads\/2026\/03\/69b2cc115779d25bd5baaaf7-scaled.png\" \/>\n\t<meta property=\"og:image:width\" content=\"2560\" \/>\n\t<meta property=\"og:image:height\" content=\"1440\" \/>\n\t<meta property=\"og:image:type\" content=\"image\/png\" \/>\n<meta name=\"twitter:card\" content=\"summary_large_image\" \/>\n<meta name=\"twitter:site\" content=\"@belvarossecrets\" \/>\n<meta name=\"twitter:label1\" content=\"Est. reading time\" \/>\n\t<meta name=\"twitter:data1\" content=\"2 minutes\" \/>\n<script type=\"application\/ld+json\" class=\"yoast-schema-graph\">{\"@context\":\"https:\\\/\\\/schema.org\",\"@graph\":[{\"@type\":\"WebPage\",\"@id\":\"https:\\\/\\\/www.szexshopbelvaros.com\\\/termek\\\/fokozatos-anal-dugo-beaded-love-probe\\\/\",\"url\":\"https:\\\/\\\/www.szexshopbelvaros.com\\\/termek\\\/fokozatos-anal-dugo-beaded-love-probe\\\/\",\"name\":\"\u2764\ufe0f Gy\u00f6ngy\u00f6s An\u00e1l T\u00e1g\u00edt\u00f3 \u2013 Beaded Love Probe | Szexshop Belv\u00e1ros\",\"isPartOf\":{\"@id\":\"https:\\\/\\\/www.szexshopbelvaros.com\\\/#website\"},\"primaryImageOfPage\":{\"@id\":\"https:\\\/\\\/www.szexshopbelvaros.com\\\/termek\\\/fokozatos-anal-dugo-beaded-love-probe\\\/#primaryimage\"},\"image\":{\"@id\":\"https:\\\/\\\/www.szexshopbelvaros.com\\\/termek\\\/fokozatos-anal-dugo-beaded-love-probe\\\/#primaryimage\"},\"thumbnailUrl\":\"https:\\\/\\\/www.szexshopbelvaros.com\\\/wp-content\\\/uploads\\\/2026\\\/03\\\/69b2cc115779d25bd5baaaf7-scaled.png\",\"datePublished\":\"2026-03-12T15:02:25+00:00\",\"dateModified\":\"2026-04-21T13:09:43+00:00\",\"description\":\"A Beaded Love Probe egy gy\u00f6ngy\u00f6s an\u00e1l t\u00e1g\u00edt\u00f3 puha szilikonb\u00f3l, fokozatosan n\u00f6vekv\u0151 gy\u00f6ngy\u00f6kkel \u00e9s sz\u00edv alak\u00fa foganty\u00faval. Kezd\u0151knek \u00e9s halad\u00f3knak is izgalmas an\u00e1l j\u00e1t\u00e9k. Szexshop Belv\u00e1ros.\",\"breadcrumb\":{\"@id\":\"https:\\\/\\\/www.szexshopbelvaros.com\\\/termek\\\/fokozatos-anal-dugo-beaded-love-probe\\\/#breadcrumb\"},\"inLanguage\":\"en-US\",\"potentialAction\":[{\"@type\":\"ReadAction\",\"target\":[\"https:\\\/\\\/www.szexshopbelvaros.com\\\/termek\\\/fokozatos-anal-dugo-beaded-love-probe\\\/\"]}]},{\"@type\":\"ImageObject\",\"inLanguage\":\"en-US\",\"@id\":\"https:\\\/\\\/www.szexshopbelvaros.com\\\/termek\\\/fokozatos-anal-dugo-beaded-love-probe\\\/#primaryimage\",\"url\":\"https:\\\/\\\/www.szexshopbelvaros.com\\\/wp-content\\\/uploads\\\/2026\\\/03\\\/69b2cc115779d25bd5baaaf7-scaled.png\",\"contentUrl\":\"https:\\\/\\\/www.szexshopbelvaros.com\\\/wp-content\\\/uploads\\\/2026\\\/03\\\/69b2cc115779d25bd5baaaf7-scaled.png\",\"width\":2560,\"height\":1440,\"caption\":\"Beaded Love Probe gy\u00f6ngy\u00f6s an\u00e1l t\u00e1g\u00edt\u00f3 fekete szilikonb\u00f3l sz\u00edv alak\u00fa foganty\u00faval \u00e9s Black Mont csomagol\u00e1ssal | Beaded Love Probe black silicone beaded anal plug with heart shaped handle and Black Mont packaging\"},{\"@type\":\"BreadcrumbList\",\"@id\":\"https:\\\/\\\/www.szexshopbelvaros.com\\\/termek\\\/fokozatos-anal-dugo-beaded-love-probe\\\/#breadcrumb\",\"itemListElement\":[{\"@type\":\"ListItem\",\"position\":1,\"name\":\"Home\",\"item\":\"https:\\\/\\\/www.szexshopbelvaros.com\\\/\"},{\"@type\":\"ListItem\",\"position\":2,\"name\":\"\u00c1ruh\u00e1z\",\"item\":\"https:\\\/\\\/www.szexshopbelvaros.com\\\/uzlet\\\/\"},{\"@type\":\"ListItem\",\"position\":3,\"name\":\"\u2764\ufe0f Beaded Love Probe &#8211; Fokozatos \u00c9lvezet Sz\u00edvb\u0151l\"}]},{\"@type\":\"WebSite\",\"@id\":\"https:\\\/\\\/www.szexshopbelvaros.com\\\/#website\",\"url\":\"https:\\\/\\\/www.szexshopbelvaros.com\\\/\",\"name\":\"Szexshop Belv\u00e1ros\",\"description\":\"\ud83d\udd25 A szex olyan, mint a p\u00e9nz; csak a t\u00fal sok el\u00e9g!\u2122 Titkok a belv\u00e1rosb\u00f3l \ud83d\udc8b | Secrets from Budapest \ud83d\udc8e Feln\u0151tt j\u00e1t\u00e9kok \u2022 Erotika \u2022 Szexshop Belvaros\",\"publisher\":{\"@id\":\"https:\\\/\\\/www.szexshopbelvaros.com\\\/#organization\"},\"potentialAction\":[{\"@type\":\"SearchAction\",\"target\":{\"@type\":\"EntryPoint\",\"urlTemplate\":\"https:\\\/\\\/www.szexshopbelvaros.com\\\/?s={search_term_string}\"},\"query-input\":{\"@type\":\"PropertyValueSpecification\",\"valueRequired\":true,\"valueName\":\"search_term_string\"}}],\"inLanguage\":\"en-US\"},{\"@type\":\"Organization\",\"@id\":\"https:\\\/\\\/www.szexshopbelvaros.com\\\/#organization\",\"name\":\"Szexshop Belv\u00e1ros\",\"alternateName\":\"szexshopbelvaros.com\",\"url\":\"https:\\\/\\\/www.szexshopbelvaros.com\\\/\",\"logo\":{\"@type\":\"ImageObject\",\"inLanguage\":\"en-US\",\"@id\":\"https:\\\/\\\/www.szexshopbelvaros.com\\\/#\\\/schema\\\/logo\\\/image\\\/\",\"url\":\"https:\\\/\\\/www.szexshopbelvaros.com\\\/wp-content\\\/uploads\\\/2025\\\/09\\\/1Szexshopbelvaroslogo_blurred_stronger.jpg\",\"contentUrl\":\"https:\\\/\\\/www.szexshopbelvaros.com\\\/wp-content\\\/uploads\\\/2025\\\/09\\\/1Szexshopbelvaroslogo_blurred_stronger.jpg\",\"width\":1024,\"height\":1024,\"caption\":\"Szexshop Belv\u00e1ros\"},\"image\":{\"@id\":\"https:\\\/\\\/www.szexshopbelvaros.com\\\/#\\\/schema\\\/logo\\\/image\\\/\"},\"sameAs\":[\"https:\\\/\\\/www.facebook.com\\\/belvarossecrets\\\/\",\"https:\\\/\\\/x.com\\\/belvarossecrets\",\"https:\\\/\\\/www.instagram.com\\\/belvarossecrets\\\/\",\"https:\\\/\\\/www.tiktok.com\\\/@belvarossecrets\"]}]}<\/script>\n<!-- \/ Yoast SEO plugin. -->","yoast_head_json":{"title":"\u2764\ufe0f Beaded Anal Dilator \u2013 Beaded Love Probe | Sexshop Belv\u00e1ros","description":"The Beaded Love Probe is a beaded anal dilator made of soft silicone, with gradually increasing beads and a heart-shaped handle. An exciting anal toy for beginners and advanced users. Sex shop Belv\u00e1ros.","robots":{"index":"index","follow":"follow","max-snippet":"max-snippet:-1","max-image-preview":"max-image-preview:large","max-video-preview":"max-video-preview:-1"},"canonical":"https:\/\/www.szexshopbelvaros.com\/en\/product\/fokozatos-anal-dugo-beaded-love-probe\/","og_locale":"en_US","og_type":"article","og_title":"\u2764\ufe0f Gy\u00f6ngy\u00f6s An\u00e1l T\u00e1g\u00edt\u00f3 \u2013 Beaded Love Probe | Szexshop Belv\u00e1ros","og_description":"A Beaded Love Probe egy gy\u00f6ngy\u00f6s an\u00e1l t\u00e1g\u00edt\u00f3 puha szilikonb\u00f3l, fokozatosan n\u00f6vekv\u0151 gy\u00f6ngy\u00f6kkel \u00e9s sz\u00edv alak\u00fa foganty\u00faval. Kezd\u0151knek \u00e9s halad\u00f3knak is izgalmas an\u00e1l j\u00e1t\u00e9k. Szexshop Belv\u00e1ros.","og_url":"https:\/\/www.szexshopbelvaros.com\/en\/product\/fokozatos-anal-dugo-beaded-love-probe\/","og_site_name":"Szexshop Belvaros","article_publisher":"https:\/\/www.facebook.com\/belvarossecrets\/","article_modified_time":"2026-04-21T13:09:43+00:00","og_image":[{"width":2560,"height":1440,"url":"https:\/\/www.szexshopbelvaros.com\/wp-content\/uploads\/2026\/03\/69b2cc115779d25bd5baaaf7-scaled.png","type":"image\/png"}],"twitter_card":"summary_large_image","twitter_site":"@belvarossecrets","twitter_misc":{"Est. reading time":"2 minutes"},"schema":{"@context":"https:\/\/schema.org","@graph":[{"@type":"WebPage","@id":"https:\/\/www.szexshopbelvaros.com\/termek\/fokozatos-anal-dugo-beaded-love-probe\/","url":"https:\/\/www.szexshopbelvaros.com\/termek\/fokozatos-anal-dugo-beaded-love-probe\/","name":"\u2764\ufe0f Beaded Anal Dilator \u2013 Beaded Love Probe | Sexshop Belv\u00e1ros","isPartOf":{"@id":"https:\/\/www.szexshopbelvaros.com\/#website"},"primaryImageOfPage":{"@id":"https:\/\/www.szexshopbelvaros.com\/termek\/fokozatos-anal-dugo-beaded-love-probe\/#primaryimage"},"image":{"@id":"https:\/\/www.szexshopbelvaros.com\/termek\/fokozatos-anal-dugo-beaded-love-probe\/#primaryimage"},"thumbnailUrl":"https:\/\/www.szexshopbelvaros.com\/wp-content\/uploads\/2026\/03\/69b2cc115779d25bd5baaaf7-scaled.png","datePublished":"2026-03-12T15:02:25+00:00","dateModified":"2026-04-21T13:09:43+00:00","description":"The Beaded Love Probe is a beaded anal dilator made of soft silicone, with gradually increasing beads and a heart-shaped handle. An exciting anal toy for beginners and advanced users. Sex shop Belv\u00e1ros.","breadcrumb":{"@id":"https:\/\/www.szexshopbelvaros.com\/termek\/fokozatos-anal-dugo-beaded-love-probe\/#breadcrumb"},"inLanguage":"en-US","potentialAction":[{"@type":"ReadAction","target":["https:\/\/www.szexshopbelvaros.com\/termek\/fokozatos-anal-dugo-beaded-love-probe\/"]}]},{"@type":"ImageObject","inLanguage":"en-US","@id":"https:\/\/www.szexshopbelvaros.com\/termek\/fokozatos-anal-dugo-beaded-love-probe\/#primaryimage","url":"https:\/\/www.szexshopbelvaros.com\/wp-content\/uploads\/2026\/03\/69b2cc115779d25bd5baaaf7-scaled.png","contentUrl":"https:\/\/www.szexshopbelvaros.com\/wp-content\/uploads\/2026\/03\/69b2cc115779d25bd5baaaf7-scaled.png","width":2560,"height":1440,"caption":"Beaded Love Probe gy\u00f6ngy\u00f6s an\u00e1l t\u00e1g\u00edt\u00f3 fekete szilikonb\u00f3l sz\u00edv alak\u00fa foganty\u00faval \u00e9s Black Mont csomagol\u00e1ssal | Beaded Love Probe black silicone beaded anal plug with heart shaped handle and Black Mont packaging"},{"@type":"BreadcrumbList","@id":"https:\/\/www.szexshopbelvaros.com\/termek\/fokozatos-anal-dugo-beaded-love-probe\/#breadcrumb","itemListElement":[{"@type":"ListItem","position":1,"name":"Home","item":"https:\/\/www.szexshopbelvaros.com\/"},{"@type":"ListItem","position":2,"name":"\u00c1ruh\u00e1z","item":"https:\/\/www.szexshopbelvaros.com\/uzlet\/"},{"@type":"ListItem","position":3,"name":"\u2764\ufe0f Beaded Love Probe &#8211; Fokozatos \u00c9lvezet Sz\u00edvb\u0151l"}]},{"@type":"WebSite","@id":"https:\/\/www.szexshopbelvaros.com\/#website","url":"https:\/\/www.szexshopbelvaros.com\/","name":"at our Szexshop Belv\u00e1ros","description":"\ud83d\udd25 Sex is like money; only too much is enough!\u2122 Secrets from the city center \ud83d\udc8b | Secrets from Budapest \ud83d\udc8e Adult games \u2022 Erotica \u2022 Sex shop Belvaros","publisher":{"@id":"https:\/\/www.szexshopbelvaros.com\/#organization"},"potentialAction":[{"@type":"SearchAction","target":{"@type":"EntryPoint","urlTemplate":"https:\/\/www.szexshopbelvaros.com\/?s={search_term_string}"},"query-input":{"@type":"PropertyValueSpecification","valueRequired":true,"valueName":"search_term_string"}}],"inLanguage":"en-US"},{"@type":"Organization","@id":"https:\/\/www.szexshopbelvaros.com\/#organization","name":"at our Szexshop Belv\u00e1ros","alternateName":"szexshopbelvaros.com","url":"https:\/\/www.szexshopbelvaros.com\/","logo":{"@type":"ImageObject","inLanguage":"en-US","@id":"https:\/\/www.szexshopbelvaros.com\/#\/schema\/logo\/image\/","url":"https:\/\/www.szexshopbelvaros.com\/wp-content\/uploads\/2025\/09\/1Szexshopbelvaroslogo_blurred_stronger.jpg","contentUrl":"https:\/\/www.szexshopbelvaros.com\/wp-content\/uploads\/2025\/09\/1Szexshopbelvaroslogo_blurred_stronger.jpg","width":1024,"height":1024,"caption":"Szexshop Belv\u00e1ros"},"image":{"@id":"https:\/\/www.szexshopbelvaros.com\/#\/schema\/logo\/image\/"},"sameAs":["https:\/\/www.facebook.com\/belvarossecrets\/","https:\/\/x.com\/belvarossecrets","https:\/\/www.instagram.com\/belvarossecrets\/","https:\/\/www.tiktok.com\/@belvarossecrets"]}]}},"_links":{"self":[{"href":"https:\/\/www.szexshopbelvaros.com\/en\/wp-json\/wp\/v2\/product\/2679","targetHints":{"allow":["GET"]}}],"collection":[{"href":"https:\/\/www.szexshopbelvaros.com\/en\/wp-json\/wp\/v2\/product"}],"about":[{"href":"https:\/\/www.szexshopbelvaros.com\/en\/wp-json\/wp\/v2\/types\/product"}],"replies":[{"embeddable":true,"href":"https:\/\/www.szexshopbelvaros.com\/en\/wp-json\/wp\/v2\/comments?post=2679"}],"wp:featuredmedia":[{"embeddable":true,"href":"https:\/\/www.szexshopbelvaros.com\/en\/wp-json\/wp\/v2\/media\/2680"}],"wp:attachment":[{"href":"https:\/\/www.szexshopbelvaros.com\/en\/wp-json\/wp\/v2\/media?parent=2679"}],"wp:term":[{"taxonomy":"product_brand","embeddable":true,"href":"https:\/\/www.szexshopbelvaros.com\/en\/wp-json\/wp\/v2\/product_brand?post=2679"},{"taxonomy":"product_cat","embeddable":true,"href":"https:\/\/www.szexshopbelvaros.com\/en\/wp-json\/wp\/v2\/product_cat?post=2679"},{"taxonomy":"product_tag","embeddable":true,"href":"https:\/\/www.szexshopbelvaros.com\/en\/wp-json\/wp\/v2\/product_tag?post=2679"}],"curies":[{"name":"wp","href":"https:\/\/api.w.org\/{rel}","templated":true}]}}