{"id":2683,"date":"2026-03-13T16:52:46","date_gmt":"2026-03-13T15:52:46","guid":{"rendered":"https:\/\/www.szexshopbelvaros.com\/?post_type=product&#038;p=2683"},"modified":"2026-04-21T16:18:57","modified_gmt":"2026-04-21T14:18:57","slug":"rezgo-anal-plug-midnight-rumbler","status":"publish","type":"product","link":"https:\/\/www.szexshopbelvaros.com\/en\/product\/rezgo-anal-plug-midnight-rumbler\/","title":{"rendered":"\ud83e\udea9 Midnight Rumbler \u2013 When every step you take works like a secret vibrator for you. \ud83d\ude0f"},"content":{"rendered":"<p>The vibrating anal plug, also known as the Under Night Tumbler, is a premium silicone anal plug. It not only fills you up, but also plays with you from the inside. The hidden weighted ball comes to life with every movement, providing such extra stimulation that you will forget where you are going even on the tram.<\/p>\n<p>It has a diameter of 4.3 cm and a length of 7.6 cm. The tapered design gradually widens, making it friendly for beginners and an exciting challenge for advanced players.<\/p>\n<p>The suction cup ensures hands-free enjoyment, in the shower, on a wall, on a table or wherever your imagination takes you. Waterproof, skin-friendly, unisex \u2014 men, women, trans gamers, anyone who likes secret balls bouncing in their ass. This is not an anal plug. This is an \u201eI\u2019m out \u2013 I\u2019m moving in\u201d experience.<\/p>\n<p>It's worth checking out the rest of our <a href=\"https:\/\/www.szexshopbelvaros.com\/en\/product-category\/anal\/analdugok-prosztatamaszirozok\/\"><strong data-start=\"915\" data-end=\"934\">vibrating anal plug<\/strong><\/a> items!<\/p>\n<p>\ud83d\udc49 Get ready for secret vibrations and get it now for <strong data-start=\"998\" data-end=\"1063\">within an hour the Budapest Sex Shop Downtown <a href=\"https:\/\/wolt.com\/hu\/hun\/budapest\/venue\/szexshop-belvaros\/midnight-rumbler-itemid-e7680303d9c0902e12354f30\">Wolt store<\/a>store<\/strong>, or order here at <strong data-start=\"1084\" data-end=\"1112\"><a class=\"decorated-link cursor-pointer\" target=\"_new\" rel=\"noopener\" data-start=\"1086\" data-end=\"1110\">www.szexshopbelvaros.com<\/a><\/strong> . We deliver to the entire territory of Hungary and the EU.<\/p>\n<p>&nbsp;<\/p>\n<p>&nbsp;<\/p>","protected":false},"excerpt":{"rendered":"<p>A rezg\u0151 vibr\u00e1l\u00f3 an\u00e1l plug, m\u00e1s n\u00e9ven Under Night Tumbler, egy pr\u00e9mium szilikon an\u00e1l plug. Nemcsak bet\u00f6lt, hanem bel\u00fclr\u0151l j\u00e1tszik veled is. A rejtett s\u00falyozott goly\u00f3 minden mozdulatn\u00e1l \u00e9letre kel, \u00e9s olyan extra stimul\u00e1ci\u00f3t ad, hogy m\u00e9g a villamoson is elfelejted, hova m\u00e9sz. \u00c1tm\u00e9r\u0151je 4,3 cm, hossza 7,6 cm. A k\u00fapos kialak\u00edt\u00e1s fokozatosan t\u00e1g\u00edt, ez\u00e9rt [&#8230;]\n","protected":false},"featured_media":2684,"comment_status":"closed","ping_status":"closed","template":"","meta":[],"product_brand":[49],"product_cat":[135,86],"product_tag":[684,418,676,694,1392,1393,424,1882,2423,1381,1318,2416,2415,2417,2418,698,695,1904,2419,693,2422,2420,2421],"class_list":{"0":"post-2683","1":"product","2":"type-product","3":"status-publish","4":"has-post-thumbnail","6":"product_brand-nmc-product","7":"product_cat-anal","8":"product_cat-analdugok-prosztata-masszirozok","9":"product_tag-anal-dugo","10":"product_tag-anal-jatek","11":"product_tag-anal-play","12":"product_tag-anal-plug","13":"product_tag-anal-stimulacio","14":"product_tag-anal-stimulation","15":"product_tag-anal-toy","16":"product_tag-beginner-anal-plug","17":"product_tag-hands-free-anal-plug","18":"product_tag-hatso-jatek","19":"product_tag-intimate-toy","20":"product_tag-kezdoknek-anal-jatek","21":"product_tag-kezdonek-anal-dugo","22":"product_tag-kis-meretu-anal-plug","23":"product_tag-konnyu-anal-plug","24":"product_tag-p-spot-toy","25":"product_tag-prostate-massager","26":"product_tag-prosztata-masszirozo","27":"product_tag-puha-szilikon-anal-plug","28":"product_tag-silicone-anal-plug","29":"product_tag-small-anal-plug","30":"product_tag-suction-cup-anal-plug","31":"product_tag-weighted-anal-plug","33":"first","34":"instock","35":"taxable","36":"shipping-taxable","37":"purchasable","38":"product-type-simple"},"yoast_head":"<!-- This site is optimized with the Yoast SEO plugin v27.4 - https:\/\/yoast.com\/product\/yoast-seo-wordpress\/ -->\n<title>\ud83e\udea9 Rezg\u0151 vibr\u00e1l\u00f3 an\u00e1l plug s\u00falyozott goly\u00f3val \u2013 Midnight Rumbler | Szexshop Belv\u00e1ros<\/title>\n<meta name=\"description\" content=\"Rezg\u0151 vibr\u00e1l\u00f3 an\u00e1l plug s\u00falyozott bels\u0151 goly\u00f3val \u00e9s tapad\u00f3korongos talppal. Hands-free \u00e9lm\u00e9ny zuhanyban, falon vagy \u00e1gyban. Fedezd fel a Szexshop Belv\u00e1ros k\u00edn\u00e1lat\u00e1ban!\" \/>\n<meta name=\"robots\" content=\"index, follow, max-snippet:-1, max-image-preview:large, max-video-preview:-1\" \/>\n<link rel=\"canonical\" href=\"https:\/\/www.szexshopbelvaros.com\/en\/product\/rezgo-anal-plug-midnight-rumbler\/\" \/>\n<meta property=\"og:locale\" content=\"en_US\" \/>\n<meta property=\"og:type\" content=\"article\" \/>\n<meta property=\"og:title\" content=\"\ud83e\udea9 Rezg\u0151 vibr\u00e1l\u00f3 an\u00e1l plug s\u00falyozott goly\u00f3val \u2013 Midnight Rumbler | Szexshop Belv\u00e1ros\" \/>\n<meta property=\"og:description\" content=\"Rezg\u0151 vibr\u00e1l\u00f3 an\u00e1l plug s\u00falyozott bels\u0151 goly\u00f3val \u00e9s tapad\u00f3korongos talppal. Hands-free \u00e9lm\u00e9ny zuhanyban, falon vagy \u00e1gyban. Fedezd fel a Szexshop Belv\u00e1ros k\u00edn\u00e1lat\u00e1ban!\" \/>\n<meta property=\"og:url\" content=\"https:\/\/www.szexshopbelvaros.com\/en\/product\/rezgo-anal-plug-midnight-rumbler\/\" \/>\n<meta property=\"og:site_name\" content=\"Szexshop Belvaros\" \/>\n<meta property=\"article:publisher\" content=\"https:\/\/www.facebook.com\/belvarossecrets\/\" \/>\n<meta property=\"article:modified_time\" content=\"2026-04-21T14:18:57+00:00\" \/>\n<meta property=\"og:image\" content=\"https:\/\/www.szexshopbelvaros.com\/wp-content\/uploads\/2026\/03\/69b3dc825fa116cd62e5bc87-scaled.png\" \/>\n\t<meta property=\"og:image:width\" content=\"2560\" \/>\n\t<meta property=\"og:image:height\" content=\"1440\" \/>\n\t<meta property=\"og:image:type\" content=\"image\/png\" \/>\n<meta name=\"twitter:card\" content=\"summary_large_image\" \/>\n<meta name=\"twitter:site\" content=\"@belvarossecrets\" \/>\n<meta name=\"twitter:label1\" content=\"Est. reading time\" \/>\n\t<meta name=\"twitter:data1\" content=\"2 minutes\" \/>\n<script type=\"application\/ld+json\" class=\"yoast-schema-graph\">{\"@context\":\"https:\\\/\\\/schema.org\",\"@graph\":[{\"@type\":\"WebPage\",\"@id\":\"https:\\\/\\\/www.szexshopbelvaros.com\\\/termek\\\/rezgo-anal-plug-midnight-rumbler\\\/\",\"url\":\"https:\\\/\\\/www.szexshopbelvaros.com\\\/termek\\\/rezgo-anal-plug-midnight-rumbler\\\/\",\"name\":\"\ud83e\udea9 Rezg\u0151 vibr\u00e1l\u00f3 an\u00e1l plug s\u00falyozott goly\u00f3val \u2013 Midnight Rumbler | Szexshop Belv\u00e1ros\",\"isPartOf\":{\"@id\":\"https:\\\/\\\/www.szexshopbelvaros.com\\\/#website\"},\"primaryImageOfPage\":{\"@id\":\"https:\\\/\\\/www.szexshopbelvaros.com\\\/termek\\\/rezgo-anal-plug-midnight-rumbler\\\/#primaryimage\"},\"image\":{\"@id\":\"https:\\\/\\\/www.szexshopbelvaros.com\\\/termek\\\/rezgo-anal-plug-midnight-rumbler\\\/#primaryimage\"},\"thumbnailUrl\":\"https:\\\/\\\/www.szexshopbelvaros.com\\\/wp-content\\\/uploads\\\/2026\\\/03\\\/69b3dc825fa116cd62e5bc87-scaled.png\",\"datePublished\":\"2026-03-13T15:52:46+00:00\",\"dateModified\":\"2026-04-21T14:18:57+00:00\",\"description\":\"Rezg\u0151 vibr\u00e1l\u00f3 an\u00e1l plug s\u00falyozott bels\u0151 goly\u00f3val \u00e9s tapad\u00f3korongos talppal. Hands-free \u00e9lm\u00e9ny zuhanyban, falon vagy \u00e1gyban. Fedezd fel a Szexshop Belv\u00e1ros k\u00edn\u00e1lat\u00e1ban!\",\"breadcrumb\":{\"@id\":\"https:\\\/\\\/www.szexshopbelvaros.com\\\/termek\\\/rezgo-anal-plug-midnight-rumbler\\\/#breadcrumb\"},\"inLanguage\":\"en-US\",\"potentialAction\":[{\"@type\":\"ReadAction\",\"target\":[\"https:\\\/\\\/www.szexshopbelvaros.com\\\/termek\\\/rezgo-anal-plug-midnight-rumbler\\\/\"]}]},{\"@type\":\"ImageObject\",\"inLanguage\":\"en-US\",\"@id\":\"https:\\\/\\\/www.szexshopbelvaros.com\\\/termek\\\/rezgo-anal-plug-midnight-rumbler\\\/#primaryimage\",\"url\":\"https:\\\/\\\/www.szexshopbelvaros.com\\\/wp-content\\\/uploads\\\/2026\\\/03\\\/69b3dc825fa116cd62e5bc87-scaled.png\",\"contentUrl\":\"https:\\\/\\\/www.szexshopbelvaros.com\\\/wp-content\\\/uploads\\\/2026\\\/03\\\/69b3dc825fa116cd62e5bc87-scaled.png\",\"width\":2560,\"height\":1440,\"caption\":\"Under Night Tumbler s\u00falyozott an\u00e1l plug szilikonb\u00f3l, tapad\u00f3korongos talppal \u2013 Under Night Tumbler silicone anal plug with weighted metal ball and suction cup base\"},{\"@type\":\"BreadcrumbList\",\"@id\":\"https:\\\/\\\/www.szexshopbelvaros.com\\\/termek\\\/rezgo-anal-plug-midnight-rumbler\\\/#breadcrumb\",\"itemListElement\":[{\"@type\":\"ListItem\",\"position\":1,\"name\":\"Home\",\"item\":\"https:\\\/\\\/www.szexshopbelvaros.com\\\/\"},{\"@type\":\"ListItem\",\"position\":2,\"name\":\"\u00c1ruh\u00e1z\",\"item\":\"https:\\\/\\\/www.szexshopbelvaros.com\\\/uzlet\\\/\"},{\"@type\":\"ListItem\",\"position\":3,\"name\":\"\ud83e\udea9 Midnight Rumbler &#8211; Amikor minden l\u00e9p\u00e9sed titkos vibr\u00e1tork\u00e9nt dolgozik \u00e9rted. \ud83d\ude0f\"}]},{\"@type\":\"WebSite\",\"@id\":\"https:\\\/\\\/www.szexshopbelvaros.com\\\/#website\",\"url\":\"https:\\\/\\\/www.szexshopbelvaros.com\\\/\",\"name\":\"Szexshop Belv\u00e1ros\",\"description\":\"\ud83d\udd25 A szex olyan, mint a p\u00e9nz; csak a t\u00fal sok el\u00e9g!\u2122 Titkok a belv\u00e1rosb\u00f3l \ud83d\udc8b | Secrets from Budapest \ud83d\udc8e Feln\u0151tt j\u00e1t\u00e9kok \u2022 Erotika \u2022 Szexshop Belvaros\",\"publisher\":{\"@id\":\"https:\\\/\\\/www.szexshopbelvaros.com\\\/#organization\"},\"potentialAction\":[{\"@type\":\"SearchAction\",\"target\":{\"@type\":\"EntryPoint\",\"urlTemplate\":\"https:\\\/\\\/www.szexshopbelvaros.com\\\/?s={search_term_string}\"},\"query-input\":{\"@type\":\"PropertyValueSpecification\",\"valueRequired\":true,\"valueName\":\"search_term_string\"}}],\"inLanguage\":\"en-US\"},{\"@type\":\"Organization\",\"@id\":\"https:\\\/\\\/www.szexshopbelvaros.com\\\/#organization\",\"name\":\"Szexshop Belv\u00e1ros\",\"alternateName\":\"szexshopbelvaros.com\",\"url\":\"https:\\\/\\\/www.szexshopbelvaros.com\\\/\",\"logo\":{\"@type\":\"ImageObject\",\"inLanguage\":\"en-US\",\"@id\":\"https:\\\/\\\/www.szexshopbelvaros.com\\\/#\\\/schema\\\/logo\\\/image\\\/\",\"url\":\"https:\\\/\\\/www.szexshopbelvaros.com\\\/wp-content\\\/uploads\\\/2025\\\/09\\\/1Szexshopbelvaroslogo_blurred_stronger.jpg\",\"contentUrl\":\"https:\\\/\\\/www.szexshopbelvaros.com\\\/wp-content\\\/uploads\\\/2025\\\/09\\\/1Szexshopbelvaroslogo_blurred_stronger.jpg\",\"width\":1024,\"height\":1024,\"caption\":\"Szexshop Belv\u00e1ros\"},\"image\":{\"@id\":\"https:\\\/\\\/www.szexshopbelvaros.com\\\/#\\\/schema\\\/logo\\\/image\\\/\"},\"sameAs\":[\"https:\\\/\\\/www.facebook.com\\\/belvarossecrets\\\/\",\"https:\\\/\\\/x.com\\\/belvarossecrets\",\"https:\\\/\\\/www.instagram.com\\\/belvarossecrets\\\/\",\"https:\\\/\\\/www.tiktok.com\\\/@belvarossecrets\"]}]}<\/script>\n<!-- \/ Yoast SEO plugin. -->","yoast_head_json":{"title":"\ud83e\udea9 Vibrating anal plug with weighted ball \u2013 Midnight Rumbler | Sex shop Belv\u00e1ros","description":"Vibrating anal plug with weighted inner ball and suction cup base. Hands-free experience in the shower, on the wall or in bed. Discover the offer of Szexshop Belv\u00e1ros!","robots":{"index":"index","follow":"follow","max-snippet":"max-snippet:-1","max-image-preview":"max-image-preview:large","max-video-preview":"max-video-preview:-1"},"canonical":"https:\/\/www.szexshopbelvaros.com\/en\/product\/rezgo-anal-plug-midnight-rumbler\/","og_locale":"en_US","og_type":"article","og_title":"\ud83e\udea9 Rezg\u0151 vibr\u00e1l\u00f3 an\u00e1l plug s\u00falyozott goly\u00f3val \u2013 Midnight Rumbler | Szexshop Belv\u00e1ros","og_description":"Rezg\u0151 vibr\u00e1l\u00f3 an\u00e1l plug s\u00falyozott bels\u0151 goly\u00f3val \u00e9s tapad\u00f3korongos talppal. Hands-free \u00e9lm\u00e9ny zuhanyban, falon vagy \u00e1gyban. Fedezd fel a Szexshop Belv\u00e1ros k\u00edn\u00e1lat\u00e1ban!","og_url":"https:\/\/www.szexshopbelvaros.com\/en\/product\/rezgo-anal-plug-midnight-rumbler\/","og_site_name":"Szexshop Belvaros","article_publisher":"https:\/\/www.facebook.com\/belvarossecrets\/","article_modified_time":"2026-04-21T14:18:57+00:00","og_image":[{"width":2560,"height":1440,"url":"https:\/\/www.szexshopbelvaros.com\/wp-content\/uploads\/2026\/03\/69b3dc825fa116cd62e5bc87-scaled.png","type":"image\/png"}],"twitter_card":"summary_large_image","twitter_site":"@belvarossecrets","twitter_misc":{"Est. reading time":"2 minutes"},"schema":{"@context":"https:\/\/schema.org","@graph":[{"@type":"WebPage","@id":"https:\/\/www.szexshopbelvaros.com\/termek\/rezgo-anal-plug-midnight-rumbler\/","url":"https:\/\/www.szexshopbelvaros.com\/termek\/rezgo-anal-plug-midnight-rumbler\/","name":"\ud83e\udea9 Vibrating anal plug with weighted ball \u2013 Midnight Rumbler | Sex shop Belv\u00e1ros","isPartOf":{"@id":"https:\/\/www.szexshopbelvaros.com\/#website"},"primaryImageOfPage":{"@id":"https:\/\/www.szexshopbelvaros.com\/termek\/rezgo-anal-plug-midnight-rumbler\/#primaryimage"},"image":{"@id":"https:\/\/www.szexshopbelvaros.com\/termek\/rezgo-anal-plug-midnight-rumbler\/#primaryimage"},"thumbnailUrl":"https:\/\/www.szexshopbelvaros.com\/wp-content\/uploads\/2026\/03\/69b3dc825fa116cd62e5bc87-scaled.png","datePublished":"2026-03-13T15:52:46+00:00","dateModified":"2026-04-21T14:18:57+00:00","description":"Vibrating anal plug with weighted inner ball and suction cup base. Hands-free experience in the shower, on the wall or in bed. Discover the offer of Szexshop Belv\u00e1ros!","breadcrumb":{"@id":"https:\/\/www.szexshopbelvaros.com\/termek\/rezgo-anal-plug-midnight-rumbler\/#breadcrumb"},"inLanguage":"en-US","potentialAction":[{"@type":"ReadAction","target":["https:\/\/www.szexshopbelvaros.com\/termek\/rezgo-anal-plug-midnight-rumbler\/"]}]},{"@type":"ImageObject","inLanguage":"en-US","@id":"https:\/\/www.szexshopbelvaros.com\/termek\/rezgo-anal-plug-midnight-rumbler\/#primaryimage","url":"https:\/\/www.szexshopbelvaros.com\/wp-content\/uploads\/2026\/03\/69b3dc825fa116cd62e5bc87-scaled.png","contentUrl":"https:\/\/www.szexshopbelvaros.com\/wp-content\/uploads\/2026\/03\/69b3dc825fa116cd62e5bc87-scaled.png","width":2560,"height":1440,"caption":"Under Night Tumbler s\u00falyozott an\u00e1l plug szilikonb\u00f3l, tapad\u00f3korongos talppal \u2013 Under Night Tumbler silicone anal plug with weighted metal ball and suction cup base"},{"@type":"BreadcrumbList","@id":"https:\/\/www.szexshopbelvaros.com\/termek\/rezgo-anal-plug-midnight-rumbler\/#breadcrumb","itemListElement":[{"@type":"ListItem","position":1,"name":"Home","item":"https:\/\/www.szexshopbelvaros.com\/"},{"@type":"ListItem","position":2,"name":"\u00c1ruh\u00e1z","item":"https:\/\/www.szexshopbelvaros.com\/uzlet\/"},{"@type":"ListItem","position":3,"name":"\ud83e\udea9 Midnight Rumbler &#8211; Amikor minden l\u00e9p\u00e9sed titkos vibr\u00e1tork\u00e9nt dolgozik \u00e9rted. \ud83d\ude0f"}]},{"@type":"WebSite","@id":"https:\/\/www.szexshopbelvaros.com\/#website","url":"https:\/\/www.szexshopbelvaros.com\/","name":"at our Szexshop Belv\u00e1ros","description":"\ud83d\udd25 Sex is like money; only too much is enough!\u2122 Secrets from the city center \ud83d\udc8b | Secrets from Budapest \ud83d\udc8e Adult games \u2022 Erotica \u2022 Sex shop Belvaros","publisher":{"@id":"https:\/\/www.szexshopbelvaros.com\/#organization"},"potentialAction":[{"@type":"SearchAction","target":{"@type":"EntryPoint","urlTemplate":"https:\/\/www.szexshopbelvaros.com\/?s={search_term_string}"},"query-input":{"@type":"PropertyValueSpecification","valueRequired":true,"valueName":"search_term_string"}}],"inLanguage":"en-US"},{"@type":"Organization","@id":"https:\/\/www.szexshopbelvaros.com\/#organization","name":"at our Szexshop Belv\u00e1ros","alternateName":"szexshopbelvaros.com","url":"https:\/\/www.szexshopbelvaros.com\/","logo":{"@type":"ImageObject","inLanguage":"en-US","@id":"https:\/\/www.szexshopbelvaros.com\/#\/schema\/logo\/image\/","url":"https:\/\/www.szexshopbelvaros.com\/wp-content\/uploads\/2025\/09\/1Szexshopbelvaroslogo_blurred_stronger.jpg","contentUrl":"https:\/\/www.szexshopbelvaros.com\/wp-content\/uploads\/2025\/09\/1Szexshopbelvaroslogo_blurred_stronger.jpg","width":1024,"height":1024,"caption":"Szexshop Belv\u00e1ros"},"image":{"@id":"https:\/\/www.szexshopbelvaros.com\/#\/schema\/logo\/image\/"},"sameAs":["https:\/\/www.facebook.com\/belvarossecrets\/","https:\/\/x.com\/belvarossecrets","https:\/\/www.instagram.com\/belvarossecrets\/","https:\/\/www.tiktok.com\/@belvarossecrets"]}]}},"_links":{"self":[{"href":"https:\/\/www.szexshopbelvaros.com\/en\/wp-json\/wp\/v2\/product\/2683","targetHints":{"allow":["GET"]}}],"collection":[{"href":"https:\/\/www.szexshopbelvaros.com\/en\/wp-json\/wp\/v2\/product"}],"about":[{"href":"https:\/\/www.szexshopbelvaros.com\/en\/wp-json\/wp\/v2\/types\/product"}],"replies":[{"embeddable":true,"href":"https:\/\/www.szexshopbelvaros.com\/en\/wp-json\/wp\/v2\/comments?post=2683"}],"wp:featuredmedia":[{"embeddable":true,"href":"https:\/\/www.szexshopbelvaros.com\/en\/wp-json\/wp\/v2\/media\/2684"}],"wp:attachment":[{"href":"https:\/\/www.szexshopbelvaros.com\/en\/wp-json\/wp\/v2\/media?parent=2683"}],"wp:term":[{"taxonomy":"product_brand","embeddable":true,"href":"https:\/\/www.szexshopbelvaros.com\/en\/wp-json\/wp\/v2\/product_brand?post=2683"},{"taxonomy":"product_cat","embeddable":true,"href":"https:\/\/www.szexshopbelvaros.com\/en\/wp-json\/wp\/v2\/product_cat?post=2683"},{"taxonomy":"product_tag","embeddable":true,"href":"https:\/\/www.szexshopbelvaros.com\/en\/wp-json\/wp\/v2\/product_tag?post=2683"}],"curies":[{"name":"wp","href":"https:\/\/api.w.org\/{rel}","templated":true}]}}