{"id":2688,"date":"2026-03-14T11:15:22","date_gmt":"2026-03-14T10:15:22","guid":{"rendered":"https:\/\/www.szexshopbelvaros.com\/?post_type=product&#038;p=2688"},"modified":"2026-04-10T15:46:31","modified_gmt":"2026-04-10T13:46:31","slug":"aquakristaly-anal-dugo","status":"publish","type":"product","link":"https:\/\/www.szexshopbelvaros.com\/en\/product\/aquakristaly-anal-dugo\/","title":{"rendered":"\ud83d\udc8eAqua Jewel L \u2013 If you want to bring light to the darkness, start with your bottom"},"content":{"rendered":"<p>\ud83d\udc8e Aquacrystal anal plug made of stainless steel, with an elegant weight and a spectacular jewelry crystal - because your butt deserves a little luxury.<\/p>\n<p>A heavy and elegant anal plug made of stainless steel, which with its aqua blue crystal brings sparkle not only inside but also outside. With a length of 9.5 cm and a diameter of 4 cm, it is made for lovers of greater pleasures. It is ideal for women, men and trans players alike - for anal pleasure, couple games or just to have something to admire in the mirror. Its cold metallic touch gives an extra tingle, but when preheated in warm water it opens up completely new dimensions.<\/p>\n<p>Use only with water-based lubricant and clean with simple soapy water and toy cleaner.<\/p>\n<p><span style=\"box-sizing: border-box; margin: 0px; padding: 0px;\">\ud83d\udc49 Discover the rest of our <a href=\"https:\/\/www.szexshopbelvaros.com\/en\/product-category\/anal\/analdugok-prosztatamaszirozok\/\"><strong>butt plugs<\/strong><\/a>\u2013 and\u00a0<strong>prostate massager<\/strong> games that are also available at Szexshop Belv\u00e1ros!<\/span><\/p>\n<p>\ud83d\udc49 Get it within an hour at our Budapest SzexShop Belv\u00e1ros <a href=\"https:\/\/wolt.com\/hu\/hun\/budapest\/venue\/szexshop-belvaros\/aqua-jewel-l-itemid-68d7ba2fad3bb400a22e7c4c\">Wolt store<\/a>, or order here at <a class=\"decorated-link cursor-pointer\" target=\"_new\" rel=\"noopener\" data-start=\"557\" data-end=\"581\">www.szexshopbelvaros.com<\/a> We deliver to the entire territory of Hungary and the EU - because everyone's bottom deserves luxury too. \ud83d\udc8e<\/p>","protected":false},"excerpt":{"rendered":"<p>\ud83d\udc8e Aquakrist\u00e1ly an\u00e1l dug\u00f3 rozsdamentes ac\u00e9lb\u00f3l, eleg\u00e1ns s\u00fallyal \u00e9s l\u00e1tv\u00e1nyos \u00e9kszerkrist\u00e1llyal \u2013 ha a fenekednek is j\u00e1r egy kis luxus. Rozsdamentes ac\u00e9lb\u00f3l k\u00e9sz\u00fclt, s\u00falyos \u00e9s eleg\u00e1ns an\u00e1l plug, amely aqua k\u00e9k krist\u00e1ly\u00e1val nemcsak bel\u00fcl, hanem k\u00edv\u00fcl is csillog\u00e1st hoz. \u00a09,5 cm hossz\u00e1val \u00e9s 4 cm \u00e1tm\u00e9r\u0151j\u00e9vel a nagyobb \u00e9lvezetek kedvel\u0151inek k\u00e9sz\u00fclt. N\u0151knek, f\u00e9rfiaknak \u00e9s transz [&#8230;]\n","protected":false},"featured_media":2693,"comment_status":"closed","ping_status":"closed","template":"","meta":[],"product_brand":[],"product_cat":[135,86],"product_tag":[684,418,676,694,2431,1392,1393,424,1882,1799,1794,2428,1829,1381,1318,2432,2399,2429,2433,698,695,1904,2430,1976],"class_list":{"0":"post-2688","1":"product","2":"type-product","3":"status-publish","4":"has-post-thumbnail","6":"product_cat-anal","7":"product_cat-analdugok-prosztata-masszirozok","8":"product_tag-anal-dugo","9":"product_tag-anal-jatek","10":"product_tag-anal-play","11":"product_tag-anal-plug","12":"product_tag-anal-plug-jewel","13":"product_tag-anal-stimulacio","14":"product_tag-anal-stimulation","15":"product_tag-anal-toy","16":"product_tag-beginner-anal-plug","17":"product_tag-decorative-anal-plug","18":"product_tag-diszes-anal-dugo","19":"product_tag-ekszer-anal-dugo","20":"product_tag-fem-anal-dugo","21":"product_tag-hatso-jatek","22":"product_tag-intimate-toy","23":"product_tag-jewel-anal-plug","24":"product_tag-kezdoknek-anal-dugo","25":"product_tag-kristaly-anal-dugo","26":"product_tag-metal-anal-plug","27":"product_tag-p-spot-toy","28":"product_tag-prostate-massager","29":"product_tag-prosztata-masszirozo","30":"product_tag-rozsdamentes-anal-dugo","31":"product_tag-stainless-steel-anal-plug","33":"first","34":"instock","35":"taxable","36":"shipping-taxable","37":"purchasable","38":"product-type-simple"},"yoast_head":"<!-- This site is optimized with the Yoast SEO plugin v27.4 - https:\/\/yoast.com\/product\/yoast-seo-wordpress\/ -->\n<title>\ud83d\udc8e Aquakrist\u00e1ly an\u00e1l dug\u00f3 L \u2013 rozsdamentes ac\u00e9l | Szexshop Belv\u00e1ros<\/title>\n<meta name=\"description\" content=\"\ud83d\udc8e Aquakrist\u00e1ly an\u00e1l dug\u00f3 rozsdamentes ac\u00e9lb\u00f3l, eleg\u00e1ns s\u00fallyal \u00e9s csillog\u00f3 krist\u00e1llyal. L\u00e1tv\u00e1nyos \u00e9s intenz\u00edv \u00e9lm\u00e9ny p\u00e1roknak vagy egyed\u00fcl.\" \/>\n<meta name=\"robots\" content=\"index, follow, max-snippet:-1, max-image-preview:large, max-video-preview:-1\" \/>\n<link rel=\"canonical\" href=\"https:\/\/www.szexshopbelvaros.com\/en\/product\/aquakristaly-anal-dugo\/\" \/>\n<meta property=\"og:locale\" content=\"en_US\" \/>\n<meta property=\"og:type\" content=\"article\" \/>\n<meta property=\"og:title\" content=\"\ud83d\udc8e Aquakrist\u00e1ly an\u00e1l dug\u00f3 L \u2013 rozsdamentes ac\u00e9l | Szexshop Belv\u00e1ros\" \/>\n<meta property=\"og:description\" content=\"\ud83d\udc8e Aquakrist\u00e1ly an\u00e1l dug\u00f3 rozsdamentes ac\u00e9lb\u00f3l, eleg\u00e1ns s\u00fallyal \u00e9s csillog\u00f3 krist\u00e1llyal. L\u00e1tv\u00e1nyos \u00e9s intenz\u00edv \u00e9lm\u00e9ny p\u00e1roknak vagy egyed\u00fcl.\" \/>\n<meta property=\"og:url\" content=\"https:\/\/www.szexshopbelvaros.com\/en\/product\/aquakristaly-anal-dugo\/\" \/>\n<meta property=\"og:site_name\" content=\"Szexshop Belvaros\" \/>\n<meta property=\"article:publisher\" content=\"https:\/\/www.facebook.com\/belvarossecrets\/\" \/>\n<meta property=\"article:modified_time\" content=\"2026-04-10T13:46:31+00:00\" \/>\n<meta property=\"og:image\" content=\"https:\/\/www.szexshopbelvaros.com\/wp-content\/uploads\/2026\/03\/Untitled-design-copy-3-2.png\" \/>\n\t<meta property=\"og:image:width\" content=\"2048\" \/>\n\t<meta property=\"og:image:height\" content=\"1152\" \/>\n\t<meta property=\"og:image:type\" content=\"image\/png\" \/>\n<meta name=\"twitter:card\" content=\"summary_large_image\" \/>\n<meta name=\"twitter:site\" content=\"@belvarossecrets\" \/>\n<meta name=\"twitter:label1\" content=\"Est. reading time\" \/>\n\t<meta name=\"twitter:data1\" content=\"1 minute\" \/>\n<script type=\"application\/ld+json\" class=\"yoast-schema-graph\">{\"@context\":\"https:\\\/\\\/schema.org\",\"@graph\":[{\"@type\":\"WebPage\",\"@id\":\"https:\\\/\\\/www.szexshopbelvaros.com\\\/termek\\\/aquakristaly-anal-dugo\\\/\",\"url\":\"https:\\\/\\\/www.szexshopbelvaros.com\\\/termek\\\/aquakristaly-anal-dugo\\\/\",\"name\":\"\ud83d\udc8e Aquakrist\u00e1ly an\u00e1l dug\u00f3 L \u2013 rozsdamentes ac\u00e9l | Szexshop Belv\u00e1ros\",\"isPartOf\":{\"@id\":\"https:\\\/\\\/www.szexshopbelvaros.com\\\/#website\"},\"primaryImageOfPage\":{\"@id\":\"https:\\\/\\\/www.szexshopbelvaros.com\\\/termek\\\/aquakristaly-anal-dugo\\\/#primaryimage\"},\"image\":{\"@id\":\"https:\\\/\\\/www.szexshopbelvaros.com\\\/termek\\\/aquakristaly-anal-dugo\\\/#primaryimage\"},\"thumbnailUrl\":\"https:\\\/\\\/www.szexshopbelvaros.com\\\/wp-content\\\/uploads\\\/2026\\\/03\\\/Untitled-design-copy-3-2.png\",\"datePublished\":\"2026-03-14T10:15:22+00:00\",\"dateModified\":\"2026-04-10T13:46:31+00:00\",\"description\":\"\ud83d\udc8e Aquakrist\u00e1ly an\u00e1l dug\u00f3 rozsdamentes ac\u00e9lb\u00f3l, eleg\u00e1ns s\u00fallyal \u00e9s csillog\u00f3 krist\u00e1llyal. L\u00e1tv\u00e1nyos \u00e9s intenz\u00edv \u00e9lm\u00e9ny p\u00e1roknak vagy egyed\u00fcl.\",\"breadcrumb\":{\"@id\":\"https:\\\/\\\/www.szexshopbelvaros.com\\\/termek\\\/aquakristaly-anal-dugo\\\/#breadcrumb\"},\"inLanguage\":\"en-US\",\"potentialAction\":[{\"@type\":\"ReadAction\",\"target\":[\"https:\\\/\\\/www.szexshopbelvaros.com\\\/termek\\\/aquakristaly-anal-dugo\\\/\"]}]},{\"@type\":\"ImageObject\",\"inLanguage\":\"en-US\",\"@id\":\"https:\\\/\\\/www.szexshopbelvaros.com\\\/termek\\\/aquakristaly-anal-dugo\\\/#primaryimage\",\"url\":\"https:\\\/\\\/www.szexshopbelvaros.com\\\/wp-content\\\/uploads\\\/2026\\\/03\\\/Untitled-design-copy-3-2.png\",\"contentUrl\":\"https:\\\/\\\/www.szexshopbelvaros.com\\\/wp-content\\\/uploads\\\/2026\\\/03\\\/Untitled-design-copy-3-2.png\",\"width\":2048,\"height\":1152,\"caption\":\"Aqua krist\u00e1lyos rozsdamentes ac\u00e9l an\u00e1l dug\u00f3 \u00e9kszer v\u00e9gz\u0151d\u00e9ssel stainless steel anal plug with aqua crystal jewel base\"},{\"@type\":\"BreadcrumbList\",\"@id\":\"https:\\\/\\\/www.szexshopbelvaros.com\\\/termek\\\/aquakristaly-anal-dugo\\\/#breadcrumb\",\"itemListElement\":[{\"@type\":\"ListItem\",\"position\":1,\"name\":\"Home\",\"item\":\"https:\\\/\\\/www.szexshopbelvaros.com\\\/\"},{\"@type\":\"ListItem\",\"position\":2,\"name\":\"\u00c1ruh\u00e1z\",\"item\":\"https:\\\/\\\/www.szexshopbelvaros.com\\\/uzlet\\\/\"},{\"@type\":\"ListItem\",\"position\":3,\"name\":\"\ud83d\udc8eAqua Jewel L &#8211; Ha f\u00e9nyt akarsz vinni a s\u00f6t\u00e9tbe, kezd a fenekedn\u00e9l\"}]},{\"@type\":\"WebSite\",\"@id\":\"https:\\\/\\\/www.szexshopbelvaros.com\\\/#website\",\"url\":\"https:\\\/\\\/www.szexshopbelvaros.com\\\/\",\"name\":\"Szexshop Belv\u00e1ros\",\"description\":\"\ud83d\udd25 A szex olyan, mint a p\u00e9nz; csak a t\u00fal sok el\u00e9g!\u2122 Titkok a belv\u00e1rosb\u00f3l \ud83d\udc8b | Secrets from Budapest \ud83d\udc8e Feln\u0151tt j\u00e1t\u00e9kok \u2022 Erotika \u2022 Szexshop Belvaros\",\"publisher\":{\"@id\":\"https:\\\/\\\/www.szexshopbelvaros.com\\\/#organization\"},\"potentialAction\":[{\"@type\":\"SearchAction\",\"target\":{\"@type\":\"EntryPoint\",\"urlTemplate\":\"https:\\\/\\\/www.szexshopbelvaros.com\\\/?s={search_term_string}\"},\"query-input\":{\"@type\":\"PropertyValueSpecification\",\"valueRequired\":true,\"valueName\":\"search_term_string\"}}],\"inLanguage\":\"en-US\"},{\"@type\":\"Organization\",\"@id\":\"https:\\\/\\\/www.szexshopbelvaros.com\\\/#organization\",\"name\":\"Szexshop Belv\u00e1ros\",\"alternateName\":\"szexshopbelvaros.com\",\"url\":\"https:\\\/\\\/www.szexshopbelvaros.com\\\/\",\"logo\":{\"@type\":\"ImageObject\",\"inLanguage\":\"en-US\",\"@id\":\"https:\\\/\\\/www.szexshopbelvaros.com\\\/#\\\/schema\\\/logo\\\/image\\\/\",\"url\":\"https:\\\/\\\/www.szexshopbelvaros.com\\\/wp-content\\\/uploads\\\/2025\\\/09\\\/1Szexshopbelvaroslogo_blurred_stronger.jpg\",\"contentUrl\":\"https:\\\/\\\/www.szexshopbelvaros.com\\\/wp-content\\\/uploads\\\/2025\\\/09\\\/1Szexshopbelvaroslogo_blurred_stronger.jpg\",\"width\":1024,\"height\":1024,\"caption\":\"Szexshop Belv\u00e1ros\"},\"image\":{\"@id\":\"https:\\\/\\\/www.szexshopbelvaros.com\\\/#\\\/schema\\\/logo\\\/image\\\/\"},\"sameAs\":[\"https:\\\/\\\/www.facebook.com\\\/belvarossecrets\\\/\",\"https:\\\/\\\/x.com\\\/belvarossecrets\",\"https:\\\/\\\/www.instagram.com\\\/belvarossecrets\\\/\",\"https:\\\/\\\/www.tiktok.com\\\/@belvarossecrets\"]}]}<\/script>\n<!-- \/ Yoast SEO plugin. -->","yoast_head_json":{"title":"\ud83d\udc8e Aquacrystal anal plug L \u2013 stainless steel | Sex shop Belv\u00e1ros","description":"\ud83d\udc8e Aquacrystal anal plug made of stainless steel, with an elegant weight and sparkling crystal. A spectacular and intense experience for couples or alone.","robots":{"index":"index","follow":"follow","max-snippet":"max-snippet:-1","max-image-preview":"max-image-preview:large","max-video-preview":"max-video-preview:-1"},"canonical":"https:\/\/www.szexshopbelvaros.com\/en\/product\/aquakristaly-anal-dugo\/","og_locale":"en_US","og_type":"article","og_title":"\ud83d\udc8e Aquakrist\u00e1ly an\u00e1l dug\u00f3 L \u2013 rozsdamentes ac\u00e9l | Szexshop Belv\u00e1ros","og_description":"\ud83d\udc8e Aquakrist\u00e1ly an\u00e1l dug\u00f3 rozsdamentes ac\u00e9lb\u00f3l, eleg\u00e1ns s\u00fallyal \u00e9s csillog\u00f3 krist\u00e1llyal. L\u00e1tv\u00e1nyos \u00e9s intenz\u00edv \u00e9lm\u00e9ny p\u00e1roknak vagy egyed\u00fcl.","og_url":"https:\/\/www.szexshopbelvaros.com\/en\/product\/aquakristaly-anal-dugo\/","og_site_name":"Szexshop Belvaros","article_publisher":"https:\/\/www.facebook.com\/belvarossecrets\/","article_modified_time":"2026-04-10T13:46:31+00:00","og_image":[{"width":2048,"height":1152,"url":"https:\/\/www.szexshopbelvaros.com\/wp-content\/uploads\/2026\/03\/Untitled-design-copy-3-2.png","type":"image\/png"}],"twitter_card":"summary_large_image","twitter_site":"@belvarossecrets","twitter_misc":{"Est. reading time":"1 minute"},"schema":{"@context":"https:\/\/schema.org","@graph":[{"@type":"WebPage","@id":"https:\/\/www.szexshopbelvaros.com\/termek\/aquakristaly-anal-dugo\/","url":"https:\/\/www.szexshopbelvaros.com\/termek\/aquakristaly-anal-dugo\/","name":"\ud83d\udc8e Aquacrystal anal plug L \u2013 stainless steel | Sex shop Belv\u00e1ros","isPartOf":{"@id":"https:\/\/www.szexshopbelvaros.com\/#website"},"primaryImageOfPage":{"@id":"https:\/\/www.szexshopbelvaros.com\/termek\/aquakristaly-anal-dugo\/#primaryimage"},"image":{"@id":"https:\/\/www.szexshopbelvaros.com\/termek\/aquakristaly-anal-dugo\/#primaryimage"},"thumbnailUrl":"https:\/\/www.szexshopbelvaros.com\/wp-content\/uploads\/2026\/03\/Untitled-design-copy-3-2.png","datePublished":"2026-03-14T10:15:22+00:00","dateModified":"2026-04-10T13:46:31+00:00","description":"\ud83d\udc8e Aquacrystal anal plug made of stainless steel, with an elegant weight and sparkling crystal. A spectacular and intense experience for couples or alone.","breadcrumb":{"@id":"https:\/\/www.szexshopbelvaros.com\/termek\/aquakristaly-anal-dugo\/#breadcrumb"},"inLanguage":"en-US","potentialAction":[{"@type":"ReadAction","target":["https:\/\/www.szexshopbelvaros.com\/termek\/aquakristaly-anal-dugo\/"]}]},{"@type":"ImageObject","inLanguage":"en-US","@id":"https:\/\/www.szexshopbelvaros.com\/termek\/aquakristaly-anal-dugo\/#primaryimage","url":"https:\/\/www.szexshopbelvaros.com\/wp-content\/uploads\/2026\/03\/Untitled-design-copy-3-2.png","contentUrl":"https:\/\/www.szexshopbelvaros.com\/wp-content\/uploads\/2026\/03\/Untitled-design-copy-3-2.png","width":2048,"height":1152,"caption":"Aqua krist\u00e1lyos rozsdamentes ac\u00e9l an\u00e1l dug\u00f3 \u00e9kszer v\u00e9gz\u0151d\u00e9ssel stainless steel anal plug with aqua crystal jewel base"},{"@type":"BreadcrumbList","@id":"https:\/\/www.szexshopbelvaros.com\/termek\/aquakristaly-anal-dugo\/#breadcrumb","itemListElement":[{"@type":"ListItem","position":1,"name":"Home","item":"https:\/\/www.szexshopbelvaros.com\/"},{"@type":"ListItem","position":2,"name":"\u00c1ruh\u00e1z","item":"https:\/\/www.szexshopbelvaros.com\/uzlet\/"},{"@type":"ListItem","position":3,"name":"\ud83d\udc8eAqua Jewel L &#8211; Ha f\u00e9nyt akarsz vinni a s\u00f6t\u00e9tbe, kezd a fenekedn\u00e9l"}]},{"@type":"WebSite","@id":"https:\/\/www.szexshopbelvaros.com\/#website","url":"https:\/\/www.szexshopbelvaros.com\/","name":"at our Szexshop Belv\u00e1ros","description":"\ud83d\udd25 Sex is like money; only too much is enough!\u2122 Secrets from the city center \ud83d\udc8b | Secrets from Budapest \ud83d\udc8e Adult games \u2022 Erotica \u2022 Sex shop Belvaros","publisher":{"@id":"https:\/\/www.szexshopbelvaros.com\/#organization"},"potentialAction":[{"@type":"SearchAction","target":{"@type":"EntryPoint","urlTemplate":"https:\/\/www.szexshopbelvaros.com\/?s={search_term_string}"},"query-input":{"@type":"PropertyValueSpecification","valueRequired":true,"valueName":"search_term_string"}}],"inLanguage":"en-US"},{"@type":"Organization","@id":"https:\/\/www.szexshopbelvaros.com\/#organization","name":"at our Szexshop Belv\u00e1ros","alternateName":"szexshopbelvaros.com","url":"https:\/\/www.szexshopbelvaros.com\/","logo":{"@type":"ImageObject","inLanguage":"en-US","@id":"https:\/\/www.szexshopbelvaros.com\/#\/schema\/logo\/image\/","url":"https:\/\/www.szexshopbelvaros.com\/wp-content\/uploads\/2025\/09\/1Szexshopbelvaroslogo_blurred_stronger.jpg","contentUrl":"https:\/\/www.szexshopbelvaros.com\/wp-content\/uploads\/2025\/09\/1Szexshopbelvaroslogo_blurred_stronger.jpg","width":1024,"height":1024,"caption":"Szexshop Belv\u00e1ros"},"image":{"@id":"https:\/\/www.szexshopbelvaros.com\/#\/schema\/logo\/image\/"},"sameAs":["https:\/\/www.facebook.com\/belvarossecrets\/","https:\/\/x.com\/belvarossecrets","https:\/\/www.instagram.com\/belvarossecrets\/","https:\/\/www.tiktok.com\/@belvarossecrets"]}]}},"_links":{"self":[{"href":"https:\/\/www.szexshopbelvaros.com\/en\/wp-json\/wp\/v2\/product\/2688","targetHints":{"allow":["GET"]}}],"collection":[{"href":"https:\/\/www.szexshopbelvaros.com\/en\/wp-json\/wp\/v2\/product"}],"about":[{"href":"https:\/\/www.szexshopbelvaros.com\/en\/wp-json\/wp\/v2\/types\/product"}],"replies":[{"embeddable":true,"href":"https:\/\/www.szexshopbelvaros.com\/en\/wp-json\/wp\/v2\/comments?post=2688"}],"wp:featuredmedia":[{"embeddable":true,"href":"https:\/\/www.szexshopbelvaros.com\/en\/wp-json\/wp\/v2\/media\/2693"}],"wp:attachment":[{"href":"https:\/\/www.szexshopbelvaros.com\/en\/wp-json\/wp\/v2\/media?parent=2688"}],"wp:term":[{"taxonomy":"product_brand","embeddable":true,"href":"https:\/\/www.szexshopbelvaros.com\/en\/wp-json\/wp\/v2\/product_brand?post=2688"},{"taxonomy":"product_cat","embeddable":true,"href":"https:\/\/www.szexshopbelvaros.com\/en\/wp-json\/wp\/v2\/product_cat?post=2688"},{"taxonomy":"product_tag","embeddable":true,"href":"https:\/\/www.szexshopbelvaros.com\/en\/wp-json\/wp\/v2\/product_tag?post=2688"}],"curies":[{"name":"wp","href":"https:\/\/api.w.org\/{rel}","templated":true}]}}