{"id":280,"date":"2025-01-31T14:36:58","date_gmt":"2025-01-31T13:36:58","guid":{"rendered":"https:\/\/www.szexshopbelvaros.com\/termek\/10-squirt-extreme-dildo-flesh\/"},"modified":"2026-02-14T17:05:57","modified_gmt":"2026-02-14T16:05:57","slug":"10-squirt-extreme-dildo-flesh","status":"publish","type":"product","link":"https:\/\/www.szexshopbelvaros.com\/en\/product\/10-squirt-extreme-dildo-flesh\/","title":{"rendered":"10\u201d Squirt Extreme Dildo Flesh"},"content":{"rendered":"<p>Soft, flexible, penis-shaped dildo made of skin-like material, similar to body tissue, without a motor, with testicles, and a veined surface. It can be attached to a flat surface using its suction cup. It can also be used to release liquid using a pump. (warm water, diluted intimate cleanser, or diluted water-based lubricant)<br \/>\nCleaning: Wash with warm soapy water and tool cleaner before and after each use. Water-based lubricant recommended.<br \/>\nDiameter (cm): 4.8<br \/>\nLength (cm): 25.4<br \/>\nColor: Flesh color<br \/>\nMaterial: PVC<br \/>\nSpecial feature: testicular, waterproof, adhesive-backed<\/p>\n<p>&nbsp;<\/p>","protected":false},"excerpt":{"rendered":"<p>Puha, rugalmas, p\u00e9nisz form\u00e1j\u00fa, testsz\u00f6vethez hasonl\u00f3, b\u0151rszer\u0171 tapint\u00e1s\u00fa anyagb\u00f3l k\u00e9sz\u00fclt, motor n\u00e9lk\u00fcli, her\u00e9kkel kieg\u00e9sz\u00edtett, erezett fel\u00fclet\u0171 dild\u00f3. Tapad\u00f3korongja seg\u00edts\u00e9g\u00e9vel s\u00edk fel\u0171letre r\u00f6gz\u00edthet\u0151. Pumpa seg\u00edts\u00e9g\u00e9vel folyad\u00e9k kibocs\u00e1t\u00e1s\u00e1ra is alkalmas. ( meleg v\u00edz, h\u00edg\u00edtott intim tiszt\u00edt\u00f3szer, vagy h\u00edg\u00edtott v\u00edzb\u00e1zis\u00fa sikos\u00edt\u00f3) Tiszt\u00edt\u00e1sa : minden haszn\u00e1lat el\u0151tt \u00e9s minden haszn\u00e1lat ut\u00e1n langyos szappanos v\u00edzzel \u00e9s seg\u00e9deszk\u00f6z tiszt\u00edt\u00f3val kell lemosni. [&#8230;]\n","protected":false},"featured_media":1931,"comment_status":"closed","ping_status":"closed","template":"","meta":[],"product_brand":[82],"product_cat":[174,137],"product_tag":[398,1109,391,389,2091,1192,1318,1108,385,2088,1116,2087,2086,644,2092,322,220,2089,2094],"class_list":{"0":"post-280","1":"product","2":"type-product","3":"status-publish","4":"has-post-thumbnail","6":"product_brand-lovetoy","7":"product_cat-klasszikus-dildok","8":"product_cat-mupeniszek","9":"product_tag-adult-toy","10":"product_tag-classic-dildo","11":"product_tag-dildo","12":"product_tag-felnott-jatek","13":"product_tag-hagyomanyos-dildo","14":"product_tag-intim-jatek","15":"product_tag-intimate-toy","16":"product_tag-klasszikus-dildo","17":"product_tag-mupenisz","18":"product_tag-nem-vibralos-dildo","19":"product_tag-non-vibrating-dildo","20":"product_tag-pleasure-toy","21":"product_tag-realista-dildo","22":"product_tag-realistic-dildo","23":"product_tag-silicone-dildo","24":"product_tag-szexjatek","25":"product_tag-szexshop-belvaros","26":"product_tag-szilikon-dildo","27":"product_tag-traditional-dildo","29":"first","30":"instock","31":"taxable","32":"shipping-taxable","33":"purchasable","34":"product-type-simple"},"yoast_head":"<!-- This site is optimized with the Yoast SEO plugin v27.4 - https:\/\/yoast.com\/product\/yoast-seo-wordpress\/ -->\n<title>10&#039;&#039; Squirt Extreme Dildo Flesh - Szexshop Belvaros<\/title>\n<meta name=\"robots\" content=\"index, follow, max-snippet:-1, max-image-preview:large, max-video-preview:-1\" \/>\n<link rel=\"canonical\" href=\"https:\/\/www.szexshopbelvaros.com\/en\/product\/10-squirt-extreme-dildo-flesh\/\" \/>\n<meta property=\"og:locale\" content=\"en_US\" \/>\n<meta property=\"og:type\" content=\"article\" \/>\n<meta property=\"og:title\" content=\"10&#039;&#039; Squirt Extreme Dildo Flesh - Szexshop Belvaros\" \/>\n<meta property=\"og:description\" content=\"Puha, rugalmas, p\u00e9nisz form\u00e1j\u00fa, testsz\u00f6vethez hasonl\u00f3, b\u0151rszer\u0171 tapint\u00e1s\u00fa anyagb\u00f3l k\u00e9sz\u00fclt, motor n\u00e9lk\u00fcli, her\u00e9kkel kieg\u00e9sz\u00edtett, erezett fel\u00fclet\u0171 dild\u00f3. Tapad\u00f3korongja seg\u00edts\u00e9g\u00e9vel s\u00edk fel\u0171letre r\u00f6gz\u00edthet\u0151. Pumpa seg\u00edts\u00e9g\u00e9vel folyad\u00e9k kibocs\u00e1t\u00e1s\u00e1ra is alkalmas. ( meleg v\u00edz, h\u00edg\u00edtott intim tiszt\u00edt\u00f3szer, vagy h\u00edg\u00edtott v\u00edzb\u00e1zis\u00fa sikos\u00edt\u00f3) Tiszt\u00edt\u00e1sa : minden haszn\u00e1lat el\u0151tt \u00e9s minden haszn\u00e1lat ut\u00e1n langyos szappanos v\u00edzzel \u00e9s seg\u00e9deszk\u00f6z tiszt\u00edt\u00f3val kell lemosni. [...]\" \/>\n<meta property=\"og:url\" content=\"https:\/\/www.szexshopbelvaros.com\/en\/product\/10-squirt-extreme-dildo-flesh\/\" \/>\n<meta property=\"og:site_name\" content=\"Szexshop Belvaros\" \/>\n<meta property=\"article:publisher\" content=\"https:\/\/www.facebook.com\/belvarossecrets\/\" \/>\n<meta property=\"article:modified_time\" content=\"2026-02-14T16:05:57+00:00\" \/>\n<meta property=\"og:image\" content=\"https:\/\/www.szexshopbelvaros.com\/wp-content\/uploads\/2025\/01\/Screenshot-2025-09-05-at-16.28.36.png\" \/>\n\t<meta property=\"og:image:width\" content=\"1000\" \/>\n\t<meta property=\"og:image:height\" content=\"972\" \/>\n\t<meta property=\"og:image:type\" content=\"image\/png\" \/>\n<meta name=\"twitter:card\" content=\"summary_large_image\" \/>\n<meta name=\"twitter:site\" content=\"@belvarossecrets\" \/>\n<meta name=\"twitter:label1\" content=\"Est. reading time\" \/>\n\t<meta name=\"twitter:data1\" content=\"1 minute\" \/>\n<script type=\"application\/ld+json\" class=\"yoast-schema-graph\">{\"@context\":\"https:\\\/\\\/schema.org\",\"@graph\":[{\"@type\":\"WebPage\",\"@id\":\"https:\\\/\\\/www.szexshopbelvaros.com\\\/termek\\\/10-squirt-extreme-dildo-flesh\\\/\",\"url\":\"https:\\\/\\\/www.szexshopbelvaros.com\\\/termek\\\/10-squirt-extreme-dildo-flesh\\\/\",\"name\":\"10'' Squirt Extreme Dildo Flesh - Szexshop Belvaros\",\"isPartOf\":{\"@id\":\"https:\\\/\\\/www.szexshopbelvaros.com\\\/#website\"},\"primaryImageOfPage\":{\"@id\":\"https:\\\/\\\/www.szexshopbelvaros.com\\\/termek\\\/10-squirt-extreme-dildo-flesh\\\/#primaryimage\"},\"image\":{\"@id\":\"https:\\\/\\\/www.szexshopbelvaros.com\\\/termek\\\/10-squirt-extreme-dildo-flesh\\\/#primaryimage\"},\"thumbnailUrl\":\"https:\\\/\\\/www.szexshopbelvaros.com\\\/wp-content\\\/uploads\\\/2025\\\/01\\\/Screenshot-2025-09-05-at-16.28.36.png\",\"datePublished\":\"2025-01-31T13:36:58+00:00\",\"dateModified\":\"2026-02-14T16:05:57+00:00\",\"breadcrumb\":{\"@id\":\"https:\\\/\\\/www.szexshopbelvaros.com\\\/termek\\\/10-squirt-extreme-dildo-flesh\\\/#breadcrumb\"},\"inLanguage\":\"en-US\",\"potentialAction\":[{\"@type\":\"ReadAction\",\"target\":[\"https:\\\/\\\/www.szexshopbelvaros.com\\\/termek\\\/10-squirt-extreme-dildo-flesh\\\/\"]}]},{\"@type\":\"ImageObject\",\"inLanguage\":\"en-US\",\"@id\":\"https:\\\/\\\/www.szexshopbelvaros.com\\\/termek\\\/10-squirt-extreme-dildo-flesh\\\/#primaryimage\",\"url\":\"https:\\\/\\\/www.szexshopbelvaros.com\\\/wp-content\\\/uploads\\\/2025\\\/01\\\/Screenshot-2025-09-05-at-16.28.36.png\",\"contentUrl\":\"https:\\\/\\\/www.szexshopbelvaros.com\\\/wp-content\\\/uploads\\\/2025\\\/01\\\/Screenshot-2025-09-05-at-16.28.36.png\",\"width\":1000,\"height\":972},{\"@type\":\"BreadcrumbList\",\"@id\":\"https:\\\/\\\/www.szexshopbelvaros.com\\\/termek\\\/10-squirt-extreme-dildo-flesh\\\/#breadcrumb\",\"itemListElement\":[{\"@type\":\"ListItem\",\"position\":1,\"name\":\"Home\",\"item\":\"https:\\\/\\\/www.szexshopbelvaros.com\\\/\"},{\"@type\":\"ListItem\",\"position\":2,\"name\":\"\u00c1ruh\u00e1z\",\"item\":\"https:\\\/\\\/www.szexshopbelvaros.com\\\/uzlet\\\/\"},{\"@type\":\"ListItem\",\"position\":3,\"name\":\"10&#8221; Squirt Extreme Dildo Flesh\"}]},{\"@type\":\"WebSite\",\"@id\":\"https:\\\/\\\/www.szexshopbelvaros.com\\\/#website\",\"url\":\"https:\\\/\\\/www.szexshopbelvaros.com\\\/\",\"name\":\"Szexshop Belv\u00e1ros\",\"description\":\"\ud83d\udd25 A szex olyan, mint a p\u00e9nz; csak a t\u00fal sok el\u00e9g!\u2122 Titkok a belv\u00e1rosb\u00f3l \ud83d\udc8b | Secrets from Budapest \ud83d\udc8e Feln\u0151tt j\u00e1t\u00e9kok \u2022 Erotika \u2022 Szexshop Belvaros\",\"publisher\":{\"@id\":\"https:\\\/\\\/www.szexshopbelvaros.com\\\/#organization\"},\"potentialAction\":[{\"@type\":\"SearchAction\",\"target\":{\"@type\":\"EntryPoint\",\"urlTemplate\":\"https:\\\/\\\/www.szexshopbelvaros.com\\\/?s={search_term_string}\"},\"query-input\":{\"@type\":\"PropertyValueSpecification\",\"valueRequired\":true,\"valueName\":\"search_term_string\"}}],\"inLanguage\":\"en-US\"},{\"@type\":\"Organization\",\"@id\":\"https:\\\/\\\/www.szexshopbelvaros.com\\\/#organization\",\"name\":\"Szexshop Belv\u00e1ros\",\"alternateName\":\"szexshopbelvaros.com\",\"url\":\"https:\\\/\\\/www.szexshopbelvaros.com\\\/\",\"logo\":{\"@type\":\"ImageObject\",\"inLanguage\":\"en-US\",\"@id\":\"https:\\\/\\\/www.szexshopbelvaros.com\\\/#\\\/schema\\\/logo\\\/image\\\/\",\"url\":\"https:\\\/\\\/www.szexshopbelvaros.com\\\/wp-content\\\/uploads\\\/2025\\\/09\\\/1Szexshopbelvaroslogo_blurred_stronger.jpg\",\"contentUrl\":\"https:\\\/\\\/www.szexshopbelvaros.com\\\/wp-content\\\/uploads\\\/2025\\\/09\\\/1Szexshopbelvaroslogo_blurred_stronger.jpg\",\"width\":1024,\"height\":1024,\"caption\":\"Szexshop Belv\u00e1ros\"},\"image\":{\"@id\":\"https:\\\/\\\/www.szexshopbelvaros.com\\\/#\\\/schema\\\/logo\\\/image\\\/\"},\"sameAs\":[\"https:\\\/\\\/www.facebook.com\\\/belvarossecrets\\\/\",\"https:\\\/\\\/x.com\\\/belvarossecrets\",\"https:\\\/\\\/www.instagram.com\\\/belvarossecrets\\\/\",\"https:\\\/\\\/www.tiktok.com\\\/@belvarossecrets\"]}]}<\/script>\n<!-- \/ Yoast SEO plugin. -->","yoast_head_json":{"title":"10&#039;&#039; Squirt Extreme Dildo Flesh - Sexshop Belvaros","robots":{"index":"index","follow":"follow","max-snippet":"max-snippet:-1","max-image-preview":"max-image-preview:large","max-video-preview":"max-video-preview:-1"},"canonical":"https:\/\/www.szexshopbelvaros.com\/en\/product\/10-squirt-extreme-dildo-flesh\/","og_locale":"en_US","og_type":"article","og_title":"10'' Squirt Extreme Dildo Flesh - Szexshop Belvaros","og_description":"Puha, rugalmas, p\u00e9nisz form\u00e1j\u00fa, testsz\u00f6vethez hasonl\u00f3, b\u0151rszer\u0171 tapint\u00e1s\u00fa anyagb\u00f3l k\u00e9sz\u00fclt, motor n\u00e9lk\u00fcli, her\u00e9kkel kieg\u00e9sz\u00edtett, erezett fel\u00fclet\u0171 dild\u00f3. Tapad\u00f3korongja seg\u00edts\u00e9g\u00e9vel s\u00edk fel\u0171letre r\u00f6gz\u00edthet\u0151. Pumpa seg\u00edts\u00e9g\u00e9vel folyad\u00e9k kibocs\u00e1t\u00e1s\u00e1ra is alkalmas. ( meleg v\u00edz, h\u00edg\u00edtott intim tiszt\u00edt\u00f3szer, vagy h\u00edg\u00edtott v\u00edzb\u00e1zis\u00fa sikos\u00edt\u00f3) Tiszt\u00edt\u00e1sa : minden haszn\u00e1lat el\u0151tt \u00e9s minden haszn\u00e1lat ut\u00e1n langyos szappanos v\u00edzzel \u00e9s seg\u00e9deszk\u00f6z tiszt\u00edt\u00f3val kell lemosni. [...]","og_url":"https:\/\/www.szexshopbelvaros.com\/en\/product\/10-squirt-extreme-dildo-flesh\/","og_site_name":"Szexshop Belvaros","article_publisher":"https:\/\/www.facebook.com\/belvarossecrets\/","article_modified_time":"2026-02-14T16:05:57+00:00","og_image":[{"width":1000,"height":972,"url":"https:\/\/www.szexshopbelvaros.com\/wp-content\/uploads\/2025\/01\/Screenshot-2025-09-05-at-16.28.36.png","type":"image\/png"}],"twitter_card":"summary_large_image","twitter_site":"@belvarossecrets","twitter_misc":{"Est. reading time":"1 minute"},"schema":{"@context":"https:\/\/schema.org","@graph":[{"@type":"WebPage","@id":"https:\/\/www.szexshopbelvaros.com\/termek\/10-squirt-extreme-dildo-flesh\/","url":"https:\/\/www.szexshopbelvaros.com\/termek\/10-squirt-extreme-dildo-flesh\/","name":"10&#039;&#039; Squirt Extreme Dildo Flesh - Sexshop Belvaros","isPartOf":{"@id":"https:\/\/www.szexshopbelvaros.com\/#website"},"primaryImageOfPage":{"@id":"https:\/\/www.szexshopbelvaros.com\/termek\/10-squirt-extreme-dildo-flesh\/#primaryimage"},"image":{"@id":"https:\/\/www.szexshopbelvaros.com\/termek\/10-squirt-extreme-dildo-flesh\/#primaryimage"},"thumbnailUrl":"https:\/\/www.szexshopbelvaros.com\/wp-content\/uploads\/2025\/01\/Screenshot-2025-09-05-at-16.28.36.png","datePublished":"2025-01-31T13:36:58+00:00","dateModified":"2026-02-14T16:05:57+00:00","breadcrumb":{"@id":"https:\/\/www.szexshopbelvaros.com\/termek\/10-squirt-extreme-dildo-flesh\/#breadcrumb"},"inLanguage":"en-US","potentialAction":[{"@type":"ReadAction","target":["https:\/\/www.szexshopbelvaros.com\/termek\/10-squirt-extreme-dildo-flesh\/"]}]},{"@type":"ImageObject","inLanguage":"en-US","@id":"https:\/\/www.szexshopbelvaros.com\/termek\/10-squirt-extreme-dildo-flesh\/#primaryimage","url":"https:\/\/www.szexshopbelvaros.com\/wp-content\/uploads\/2025\/01\/Screenshot-2025-09-05-at-16.28.36.png","contentUrl":"https:\/\/www.szexshopbelvaros.com\/wp-content\/uploads\/2025\/01\/Screenshot-2025-09-05-at-16.28.36.png","width":1000,"height":972},{"@type":"BreadcrumbList","@id":"https:\/\/www.szexshopbelvaros.com\/termek\/10-squirt-extreme-dildo-flesh\/#breadcrumb","itemListElement":[{"@type":"ListItem","position":1,"name":"Home","item":"https:\/\/www.szexshopbelvaros.com\/"},{"@type":"ListItem","position":2,"name":"\u00c1ruh\u00e1z","item":"https:\/\/www.szexshopbelvaros.com\/uzlet\/"},{"@type":"ListItem","position":3,"name":"10&#8221; Squirt Extreme Dildo Flesh"}]},{"@type":"WebSite","@id":"https:\/\/www.szexshopbelvaros.com\/#website","url":"https:\/\/www.szexshopbelvaros.com\/","name":"at our Szexshop Belv\u00e1ros","description":"\ud83d\udd25 Sex is like money; only too much is enough!\u2122 Secrets from the city center \ud83d\udc8b | Secrets from Budapest \ud83d\udc8e Adult games \u2022 Erotica \u2022 Sex shop Belvaros","publisher":{"@id":"https:\/\/www.szexshopbelvaros.com\/#organization"},"potentialAction":[{"@type":"SearchAction","target":{"@type":"EntryPoint","urlTemplate":"https:\/\/www.szexshopbelvaros.com\/?s={search_term_string}"},"query-input":{"@type":"PropertyValueSpecification","valueRequired":true,"valueName":"search_term_string"}}],"inLanguage":"en-US"},{"@type":"Organization","@id":"https:\/\/www.szexshopbelvaros.com\/#organization","name":"at our Szexshop Belv\u00e1ros","alternateName":"szexshopbelvaros.com","url":"https:\/\/www.szexshopbelvaros.com\/","logo":{"@type":"ImageObject","inLanguage":"en-US","@id":"https:\/\/www.szexshopbelvaros.com\/#\/schema\/logo\/image\/","url":"https:\/\/www.szexshopbelvaros.com\/wp-content\/uploads\/2025\/09\/1Szexshopbelvaroslogo_blurred_stronger.jpg","contentUrl":"https:\/\/www.szexshopbelvaros.com\/wp-content\/uploads\/2025\/09\/1Szexshopbelvaroslogo_blurred_stronger.jpg","width":1024,"height":1024,"caption":"Szexshop Belv\u00e1ros"},"image":{"@id":"https:\/\/www.szexshopbelvaros.com\/#\/schema\/logo\/image\/"},"sameAs":["https:\/\/www.facebook.com\/belvarossecrets\/","https:\/\/x.com\/belvarossecrets","https:\/\/www.instagram.com\/belvarossecrets\/","https:\/\/www.tiktok.com\/@belvarossecrets"]}]}},"_links":{"self":[{"href":"https:\/\/www.szexshopbelvaros.com\/en\/wp-json\/wp\/v2\/product\/280","targetHints":{"allow":["GET"]}}],"collection":[{"href":"https:\/\/www.szexshopbelvaros.com\/en\/wp-json\/wp\/v2\/product"}],"about":[{"href":"https:\/\/www.szexshopbelvaros.com\/en\/wp-json\/wp\/v2\/types\/product"}],"replies":[{"embeddable":true,"href":"https:\/\/www.szexshopbelvaros.com\/en\/wp-json\/wp\/v2\/comments?post=280"}],"wp:featuredmedia":[{"embeddable":true,"href":"https:\/\/www.szexshopbelvaros.com\/en\/wp-json\/wp\/v2\/media\/1931"}],"wp:attachment":[{"href":"https:\/\/www.szexshopbelvaros.com\/en\/wp-json\/wp\/v2\/media?parent=280"}],"wp:term":[{"taxonomy":"product_brand","embeddable":true,"href":"https:\/\/www.szexshopbelvaros.com\/en\/wp-json\/wp\/v2\/product_brand?post=280"},{"taxonomy":"product_cat","embeddable":true,"href":"https:\/\/www.szexshopbelvaros.com\/en\/wp-json\/wp\/v2\/product_cat?post=280"},{"taxonomy":"product_tag","embeddable":true,"href":"https:\/\/www.szexshopbelvaros.com\/en\/wp-json\/wp\/v2\/product_tag?post=280"}],"curies":[{"name":"wp","href":"https:\/\/api.w.org\/{rel}","templated":true}]}}