{"id":282,"date":"2025-01-31T14:36:58","date_gmt":"2025-01-31T13:36:58","guid":{"rendered":"https:\/\/www.szexshopbelvaros.com\/termek\/satisfyer-double-plus-remote\/"},"modified":"2026-04-14T20:03:11","modified_gmt":"2026-04-14T18:03:11","slug":"satisfyer-double-plus-remote","status":"publish","type":"product","link":"https:\/\/www.szexshopbelvaros.com\/en\/product\/satisfyer-double-plus-remote\/","title":{"rendered":"Satisfyer Double Plus Remote"},"content":{"rendered":"<p>Made of high-quality, skin-friendly material, recommended for couples, can also be used during lovemaking, silky touch, stimulator with 10 vibration functions. Equipped with a motor in both arms, it can also be controlled with a wireless remote control, stimulates the clitoris, vagina and penis at the same time. The remote control is NOT waterproof!<br \/>\nCleaning: Wash with lukewarm soapy water and a cleaning agent before and after each use. Water-based lubricant recommended. Diameter (cm) 2.8<br \/>\nBattery Rechargeable<br \/>\nLength (cm) 9<br \/>\nColor Purple<br \/>\nMaterial Silicone<br \/>\nSpecial features: g-spot, waterproof, remote control<\/p>\n<p>&nbsp;<\/p>","protected":false},"excerpt":{"rendered":"<p>Kiv\u00e1l\u00f3 min\u0151s\u00e9g\u0171, b\u0151rbar\u00e1t anyagb\u00f3l k\u00e9sz\u00edtett, p\u00e1roknak aj\u00e1nlott, szeretkez\u00e9s k\u00f6zben is haszn\u00e1lhat\u00f3, selymes tapint\u00e1s\u00fa, 10 rezg\u00e9si funkci\u00f3val rendelkez\u0151 izgat\u00f3. Mind a k\u00e9t sz\u00e1rban motorral ell\u00e1tott, vezet\u00e9k n\u00e9lk\u00fcli t\u00e1vir\u00e1ny\u00edt\u00f3val is szab\u00e1lyozhat\u00f3, egyszerre stimul\u00e1lja a csikl\u00f3t, a h\u00fcvelyt \u00e9s a p\u00e9niszt. A t\u00e1v\u00edr\u00e1ny\u00edt\u00f3 NEM v\u00edz\u00e1ll\u00f3 ! Tiszt\u00edt\u00e1sa : minden haszn\u00e1lat el\u0151tt \u00e9s minden haszn\u00e1lat ut\u00e1n langyos szappanos v\u00edzzel [&#8230;]\n","protected":false},"featured_media":283,"comment_status":"closed","ping_status":"closed","template":"","meta":[],"product_brand":[51],"product_cat":[172,108],"product_tag":[2145,2165,2144,559,2163,2161,2164,2143,2160,2142,707,2162,552,1226,1236,1238,220,1384,2141],"class_list":{"0":"post-282","1":"product","2":"type-product","3":"status-publish","4":"has-post-thumbnail","6":"product_brand-satisfyer","7":"product_cat-paroknak-vibrator","8":"product_cat-paroknak-uniszex","9":"product_tag-adult-toy-for-couples","10":"product_tag-clitoral-and-g-spot","11":"product_tag-couples-pleasure","12":"product_tag-couples-toy","13":"product_tag-couples-vibrator","14":"product_tag-csiklo-es-g-pont-izgatasa","15":"product_tag-dual-stimulation","16":"product_tag-intim-jatek-paroknak","17":"product_tag-kettes-vibrator","18":"product_tag-kozos-elmeny","19":"product_tag-paroknak","20":"product_tag-paros-elvezet","21":"product_tag-paros-jatek","22":"product_tag-paros-vibrator","23":"product_tag-partner-vibrator","24":"product_tag-shared-pleasure","25":"product_tag-szexshop-belvaros","26":"product_tag-unisex-sex-toy","27":"product_tag-uniszex-szexjatek","29":"first","30":"instock","31":"taxable","32":"shipping-taxable","33":"purchasable","34":"product-type-simple"},"yoast_head":"<!-- This site is optimized with the Yoast SEO plugin v27.4 - https:\/\/yoast.com\/product\/yoast-seo-wordpress\/ -->\n<title>Satisfyer Double Plus Remote - Szexshop Belvaros<\/title>\n<meta name=\"robots\" content=\"index, follow, max-snippet:-1, max-image-preview:large, max-video-preview:-1\" \/>\n<link rel=\"canonical\" href=\"https:\/\/www.szexshopbelvaros.com\/en\/product\/satisfyer-double-plus-remote\/\" \/>\n<meta property=\"og:locale\" content=\"en_US\" \/>\n<meta property=\"og:type\" content=\"article\" \/>\n<meta property=\"og:title\" content=\"Satisfyer Double Plus Remote - Szexshop Belvaros\" \/>\n<meta property=\"og:description\" content=\"Kiv\u00e1l\u00f3 min\u0151s\u00e9g\u0171, b\u0151rbar\u00e1t anyagb\u00f3l k\u00e9sz\u00edtett, p\u00e1roknak aj\u00e1nlott, szeretkez\u00e9s k\u00f6zben is haszn\u00e1lhat\u00f3, selymes tapint\u00e1s\u00fa, 10 rezg\u00e9si funkci\u00f3val rendelkez\u0151 izgat\u00f3. Mind a k\u00e9t sz\u00e1rban motorral ell\u00e1tott, vezet\u00e9k n\u00e9lk\u00fcli t\u00e1vir\u00e1ny\u00edt\u00f3val is szab\u00e1lyozhat\u00f3, egyszerre stimul\u00e1lja a csikl\u00f3t, a h\u00fcvelyt \u00e9s a p\u00e9niszt. A t\u00e1v\u00edr\u00e1ny\u00edt\u00f3 NEM v\u00edz\u00e1ll\u00f3 ! Tiszt\u00edt\u00e1sa : minden haszn\u00e1lat el\u0151tt \u00e9s minden haszn\u00e1lat ut\u00e1n langyos szappanos v\u00edzzel [...]\" \/>\n<meta property=\"og:url\" content=\"https:\/\/www.szexshopbelvaros.com\/en\/product\/satisfyer-double-plus-remote\/\" \/>\n<meta property=\"og:site_name\" content=\"Szexshop Belvaros\" \/>\n<meta property=\"article:publisher\" content=\"https:\/\/www.facebook.com\/belvarossecrets\/\" \/>\n<meta property=\"article:modified_time\" content=\"2026-04-14T18:03:11+00:00\" \/>\n<meta property=\"og:image\" content=\"https:\/\/www.szexshopbelvaros.com\/wp-content\/uploads\/2025\/01\/b5ae6310-931a-11ec-89ab-8200d4f1f410_satisfy033.jpeg\" \/>\n\t<meta property=\"og:image:width\" content=\"1000\" \/>\n\t<meta property=\"og:image:height\" content=\"562\" \/>\n\t<meta property=\"og:image:type\" content=\"image\/jpeg\" \/>\n<meta name=\"twitter:card\" content=\"summary_large_image\" \/>\n<meta name=\"twitter:site\" content=\"@belvarossecrets\" \/>\n<meta name=\"twitter:label1\" content=\"Est. reading time\" \/>\n\t<meta name=\"twitter:data1\" content=\"1 minute\" \/>\n<script type=\"application\/ld+json\" class=\"yoast-schema-graph\">{\"@context\":\"https:\\\/\\\/schema.org\",\"@graph\":[{\"@type\":\"WebPage\",\"@id\":\"https:\\\/\\\/www.szexshopbelvaros.com\\\/termek\\\/satisfyer-double-plus-remote\\\/\",\"url\":\"https:\\\/\\\/www.szexshopbelvaros.com\\\/termek\\\/satisfyer-double-plus-remote\\\/\",\"name\":\"Satisfyer Double Plus Remote - Szexshop Belvaros\",\"isPartOf\":{\"@id\":\"https:\\\/\\\/www.szexshopbelvaros.com\\\/#website\"},\"primaryImageOfPage\":{\"@id\":\"https:\\\/\\\/www.szexshopbelvaros.com\\\/termek\\\/satisfyer-double-plus-remote\\\/#primaryimage\"},\"image\":{\"@id\":\"https:\\\/\\\/www.szexshopbelvaros.com\\\/termek\\\/satisfyer-double-plus-remote\\\/#primaryimage\"},\"thumbnailUrl\":\"https:\\\/\\\/www.szexshopbelvaros.com\\\/wp-content\\\/uploads\\\/2025\\\/01\\\/b5ae6310-931a-11ec-89ab-8200d4f1f410_satisfy033.jpeg\",\"datePublished\":\"2025-01-31T13:36:58+00:00\",\"dateModified\":\"2026-04-14T18:03:11+00:00\",\"breadcrumb\":{\"@id\":\"https:\\\/\\\/www.szexshopbelvaros.com\\\/termek\\\/satisfyer-double-plus-remote\\\/#breadcrumb\"},\"inLanguage\":\"en-US\",\"potentialAction\":[{\"@type\":\"ReadAction\",\"target\":[\"https:\\\/\\\/www.szexshopbelvaros.com\\\/termek\\\/satisfyer-double-plus-remote\\\/\"]}]},{\"@type\":\"ImageObject\",\"inLanguage\":\"en-US\",\"@id\":\"https:\\\/\\\/www.szexshopbelvaros.com\\\/termek\\\/satisfyer-double-plus-remote\\\/#primaryimage\",\"url\":\"https:\\\/\\\/www.szexshopbelvaros.com\\\/wp-content\\\/uploads\\\/2025\\\/01\\\/b5ae6310-931a-11ec-89ab-8200d4f1f410_satisfy033.jpeg\",\"contentUrl\":\"https:\\\/\\\/www.szexshopbelvaros.com\\\/wp-content\\\/uploads\\\/2025\\\/01\\\/b5ae6310-931a-11ec-89ab-8200d4f1f410_satisfy033.jpeg\",\"width\":1000,\"height\":562},{\"@type\":\"BreadcrumbList\",\"@id\":\"https:\\\/\\\/www.szexshopbelvaros.com\\\/termek\\\/satisfyer-double-plus-remote\\\/#breadcrumb\",\"itemListElement\":[{\"@type\":\"ListItem\",\"position\":1,\"name\":\"Home\",\"item\":\"https:\\\/\\\/www.szexshopbelvaros.com\\\/\"},{\"@type\":\"ListItem\",\"position\":2,\"name\":\"\u00c1ruh\u00e1z\",\"item\":\"https:\\\/\\\/www.szexshopbelvaros.com\\\/uzlet\\\/\"},{\"@type\":\"ListItem\",\"position\":3,\"name\":\"Satisfyer Double Plus Remote\"}]},{\"@type\":\"WebSite\",\"@id\":\"https:\\\/\\\/www.szexshopbelvaros.com\\\/#website\",\"url\":\"https:\\\/\\\/www.szexshopbelvaros.com\\\/\",\"name\":\"Szexshop Belv\u00e1ros\",\"description\":\"\ud83d\udd25 A szex olyan, mint a p\u00e9nz; csak a t\u00fal sok el\u00e9g!\u2122 Titkok a belv\u00e1rosb\u00f3l \ud83d\udc8b | Secrets from Budapest \ud83d\udc8e Feln\u0151tt j\u00e1t\u00e9kok \u2022 Erotika \u2022 Szexshop Belvaros\",\"publisher\":{\"@id\":\"https:\\\/\\\/www.szexshopbelvaros.com\\\/#organization\"},\"potentialAction\":[{\"@type\":\"SearchAction\",\"target\":{\"@type\":\"EntryPoint\",\"urlTemplate\":\"https:\\\/\\\/www.szexshopbelvaros.com\\\/?s={search_term_string}\"},\"query-input\":{\"@type\":\"PropertyValueSpecification\",\"valueRequired\":true,\"valueName\":\"search_term_string\"}}],\"inLanguage\":\"en-US\"},{\"@type\":\"Organization\",\"@id\":\"https:\\\/\\\/www.szexshopbelvaros.com\\\/#organization\",\"name\":\"Szexshop Belv\u00e1ros\",\"alternateName\":\"szexshopbelvaros.com\",\"url\":\"https:\\\/\\\/www.szexshopbelvaros.com\\\/\",\"logo\":{\"@type\":\"ImageObject\",\"inLanguage\":\"en-US\",\"@id\":\"https:\\\/\\\/www.szexshopbelvaros.com\\\/#\\\/schema\\\/logo\\\/image\\\/\",\"url\":\"https:\\\/\\\/www.szexshopbelvaros.com\\\/wp-content\\\/uploads\\\/2025\\\/09\\\/1Szexshopbelvaroslogo_blurred_stronger.jpg\",\"contentUrl\":\"https:\\\/\\\/www.szexshopbelvaros.com\\\/wp-content\\\/uploads\\\/2025\\\/09\\\/1Szexshopbelvaroslogo_blurred_stronger.jpg\",\"width\":1024,\"height\":1024,\"caption\":\"Szexshop Belv\u00e1ros\"},\"image\":{\"@id\":\"https:\\\/\\\/www.szexshopbelvaros.com\\\/#\\\/schema\\\/logo\\\/image\\\/\"},\"sameAs\":[\"https:\\\/\\\/www.facebook.com\\\/belvarossecrets\\\/\",\"https:\\\/\\\/x.com\\\/belvarossecrets\",\"https:\\\/\\\/www.instagram.com\\\/belvarossecrets\\\/\",\"https:\\\/\\\/www.tiktok.com\\\/@belvarossecrets\"]}]}<\/script>\n<!-- \/ Yoast SEO plugin. -->","yoast_head_json":{"title":"Satisfyer Double Plus Remote - Sex shop Belvaros","robots":{"index":"index","follow":"follow","max-snippet":"max-snippet:-1","max-image-preview":"max-image-preview:large","max-video-preview":"max-video-preview:-1"},"canonical":"https:\/\/www.szexshopbelvaros.com\/en\/product\/satisfyer-double-plus-remote\/","og_locale":"en_US","og_type":"article","og_title":"Satisfyer Double Plus Remote - Szexshop Belvaros","og_description":"Kiv\u00e1l\u00f3 min\u0151s\u00e9g\u0171, b\u0151rbar\u00e1t anyagb\u00f3l k\u00e9sz\u00edtett, p\u00e1roknak aj\u00e1nlott, szeretkez\u00e9s k\u00f6zben is haszn\u00e1lhat\u00f3, selymes tapint\u00e1s\u00fa, 10 rezg\u00e9si funkci\u00f3val rendelkez\u0151 izgat\u00f3. Mind a k\u00e9t sz\u00e1rban motorral ell\u00e1tott, vezet\u00e9k n\u00e9lk\u00fcli t\u00e1vir\u00e1ny\u00edt\u00f3val is szab\u00e1lyozhat\u00f3, egyszerre stimul\u00e1lja a csikl\u00f3t, a h\u00fcvelyt \u00e9s a p\u00e9niszt. A t\u00e1v\u00edr\u00e1ny\u00edt\u00f3 NEM v\u00edz\u00e1ll\u00f3 ! Tiszt\u00edt\u00e1sa : minden haszn\u00e1lat el\u0151tt \u00e9s minden haszn\u00e1lat ut\u00e1n langyos szappanos v\u00edzzel [...]","og_url":"https:\/\/www.szexshopbelvaros.com\/en\/product\/satisfyer-double-plus-remote\/","og_site_name":"Szexshop Belvaros","article_publisher":"https:\/\/www.facebook.com\/belvarossecrets\/","article_modified_time":"2026-04-14T18:03:11+00:00","og_image":[{"width":1000,"height":562,"url":"https:\/\/www.szexshopbelvaros.com\/wp-content\/uploads\/2025\/01\/b5ae6310-931a-11ec-89ab-8200d4f1f410_satisfy033.jpeg","type":"image\/jpeg"}],"twitter_card":"summary_large_image","twitter_site":"@belvarossecrets","twitter_misc":{"Est. reading time":"1 minute"},"schema":{"@context":"https:\/\/schema.org","@graph":[{"@type":"WebPage","@id":"https:\/\/www.szexshopbelvaros.com\/termek\/satisfyer-double-plus-remote\/","url":"https:\/\/www.szexshopbelvaros.com\/termek\/satisfyer-double-plus-remote\/","name":"Satisfyer Double Plus Remote - Sex shop Belvaros","isPartOf":{"@id":"https:\/\/www.szexshopbelvaros.com\/#website"},"primaryImageOfPage":{"@id":"https:\/\/www.szexshopbelvaros.com\/termek\/satisfyer-double-plus-remote\/#primaryimage"},"image":{"@id":"https:\/\/www.szexshopbelvaros.com\/termek\/satisfyer-double-plus-remote\/#primaryimage"},"thumbnailUrl":"https:\/\/www.szexshopbelvaros.com\/wp-content\/uploads\/2025\/01\/b5ae6310-931a-11ec-89ab-8200d4f1f410_satisfy033.jpeg","datePublished":"2025-01-31T13:36:58+00:00","dateModified":"2026-04-14T18:03:11+00:00","breadcrumb":{"@id":"https:\/\/www.szexshopbelvaros.com\/termek\/satisfyer-double-plus-remote\/#breadcrumb"},"inLanguage":"en-US","potentialAction":[{"@type":"ReadAction","target":["https:\/\/www.szexshopbelvaros.com\/termek\/satisfyer-double-plus-remote\/"]}]},{"@type":"ImageObject","inLanguage":"en-US","@id":"https:\/\/www.szexshopbelvaros.com\/termek\/satisfyer-double-plus-remote\/#primaryimage","url":"https:\/\/www.szexshopbelvaros.com\/wp-content\/uploads\/2025\/01\/b5ae6310-931a-11ec-89ab-8200d4f1f410_satisfy033.jpeg","contentUrl":"https:\/\/www.szexshopbelvaros.com\/wp-content\/uploads\/2025\/01\/b5ae6310-931a-11ec-89ab-8200d4f1f410_satisfy033.jpeg","width":1000,"height":562},{"@type":"BreadcrumbList","@id":"https:\/\/www.szexshopbelvaros.com\/termek\/satisfyer-double-plus-remote\/#breadcrumb","itemListElement":[{"@type":"ListItem","position":1,"name":"Home","item":"https:\/\/www.szexshopbelvaros.com\/"},{"@type":"ListItem","position":2,"name":"\u00c1ruh\u00e1z","item":"https:\/\/www.szexshopbelvaros.com\/uzlet\/"},{"@type":"ListItem","position":3,"name":"Satisfyer Double Plus Remote"}]},{"@type":"WebSite","@id":"https:\/\/www.szexshopbelvaros.com\/#website","url":"https:\/\/www.szexshopbelvaros.com\/","name":"at our Szexshop Belv\u00e1ros","description":"\ud83d\udd25 Sex is like money; only too much is enough!\u2122 Secrets from the city center \ud83d\udc8b | Secrets from Budapest \ud83d\udc8e Adult games \u2022 Erotica \u2022 Sex shop Belvaros","publisher":{"@id":"https:\/\/www.szexshopbelvaros.com\/#organization"},"potentialAction":[{"@type":"SearchAction","target":{"@type":"EntryPoint","urlTemplate":"https:\/\/www.szexshopbelvaros.com\/?s={search_term_string}"},"query-input":{"@type":"PropertyValueSpecification","valueRequired":true,"valueName":"search_term_string"}}],"inLanguage":"en-US"},{"@type":"Organization","@id":"https:\/\/www.szexshopbelvaros.com\/#organization","name":"at our Szexshop Belv\u00e1ros","alternateName":"szexshopbelvaros.com","url":"https:\/\/www.szexshopbelvaros.com\/","logo":{"@type":"ImageObject","inLanguage":"en-US","@id":"https:\/\/www.szexshopbelvaros.com\/#\/schema\/logo\/image\/","url":"https:\/\/www.szexshopbelvaros.com\/wp-content\/uploads\/2025\/09\/1Szexshopbelvaroslogo_blurred_stronger.jpg","contentUrl":"https:\/\/www.szexshopbelvaros.com\/wp-content\/uploads\/2025\/09\/1Szexshopbelvaroslogo_blurred_stronger.jpg","width":1024,"height":1024,"caption":"Szexshop Belv\u00e1ros"},"image":{"@id":"https:\/\/www.szexshopbelvaros.com\/#\/schema\/logo\/image\/"},"sameAs":["https:\/\/www.facebook.com\/belvarossecrets\/","https:\/\/x.com\/belvarossecrets","https:\/\/www.instagram.com\/belvarossecrets\/","https:\/\/www.tiktok.com\/@belvarossecrets"]}]}},"_links":{"self":[{"href":"https:\/\/www.szexshopbelvaros.com\/en\/wp-json\/wp\/v2\/product\/282","targetHints":{"allow":["GET"]}}],"collection":[{"href":"https:\/\/www.szexshopbelvaros.com\/en\/wp-json\/wp\/v2\/product"}],"about":[{"href":"https:\/\/www.szexshopbelvaros.com\/en\/wp-json\/wp\/v2\/types\/product"}],"replies":[{"embeddable":true,"href":"https:\/\/www.szexshopbelvaros.com\/en\/wp-json\/wp\/v2\/comments?post=282"}],"wp:featuredmedia":[{"embeddable":true,"href":"https:\/\/www.szexshopbelvaros.com\/en\/wp-json\/wp\/v2\/media\/283"}],"wp:attachment":[{"href":"https:\/\/www.szexshopbelvaros.com\/en\/wp-json\/wp\/v2\/media?parent=282"}],"wp:term":[{"taxonomy":"product_brand","embeddable":true,"href":"https:\/\/www.szexshopbelvaros.com\/en\/wp-json\/wp\/v2\/product_brand?post=282"},{"taxonomy":"product_cat","embeddable":true,"href":"https:\/\/www.szexshopbelvaros.com\/en\/wp-json\/wp\/v2\/product_cat?post=282"},{"taxonomy":"product_tag","embeddable":true,"href":"https:\/\/www.szexshopbelvaros.com\/en\/wp-json\/wp\/v2\/product_tag?post=282"}],"curies":[{"name":"wp","href":"https:\/\/api.w.org\/{rel}","templated":true}]}}