{"id":284,"date":"2025-01-31T14:36:58","date_gmt":"2025-01-31T13:36:58","guid":{"rendered":"https:\/\/www.szexshopbelvaros.com\/termek\/8-5-lumino-play-masturbator-pink-glow\/"},"modified":"2026-04-07T12:45:34","modified_gmt":"2026-04-07T10:45:34","slug":"8-5-lumino-play-masturbator-pink-glow","status":"publish","type":"product","link":"https:\/\/www.szexshopbelvaros.com\/en\/product\/8-5-lumino-play-masturbator-pink-glow\/","title":{"rendered":"8.5&quot; Lumino Play Masturbator - Pink Glow"},"content":{"rendered":"<p>8.5\u201d Lumino Play Masturbator \u2013 Pink Glow \u2013 a leather-like, pink glow-in-the-dark masturbator<\/p>\n<p>Recommended for men, made of a material similar to body tissue, with a leather-like feel, and glowing pink in the dark, a personal erotic toy. With its use, self-control during intercourse can be greatly improved, thus significantly increasing its duration. It is recommended to expose it to light during the day for the best effect. Its elasticity will increase after a few uses.<br \/>\nCleaning: Before and after each use, wash with an appliance cleaner, then rinse with warm water. Water-based lubricant is recommended.<\/p>\n<p>&nbsp;<\/p>","protected":false},"excerpt":{"rendered":"<p>8.5&#8221; Lumino Play Masturbator &#8211; Pink Glow &#8211; b\u0151rszer\u0171 tapint\u00e1s\u00fa, s\u00f6t\u00e9tben r\u00f3zsasz\u00ednben vil\u00e1g\u00edt\u00f3 maszturb\u00e1tor F\u00e9rfiaknak aj\u00e1nlott, testsz\u00f6vethez hasonl\u00f3 anyagb\u00f3l k\u00e9sz\u00fclt, b\u0151rszer\u0171 tapint\u00e1s\u00fa, s\u00f6t\u00e9tben r\u00f3zsasz\u00ednben vil\u00e1g\u00edt\u00f3, egy\u00e9ni erotikus j\u00e1t\u00e9k. Haszn\u00e1lat\u00e1val az aktus k\u00f6zbeni \u00f6nkontroll nagym\u00e9rt\u00e9kben fejleszthet\u0151, \u00edgy annak ideje jelent\u0151sen n\u00f6velhet\u0151. Aj\u00e1nlott napk\u00f6zben f\u00e9nynek kitenni a legjobb hat\u00e1s \u00e9rdek\u00e9ben. A rugalmass\u00e1ga n\u00e9h\u00e1ny haszn\u00e1lat ut\u00e1n n\u0151ni fog. [&#8230;]\n","protected":false},"featured_media":285,"comment_status":"closed","ping_status":"closed","template":"","meta":[],"product_brand":[],"product_cat":[68,150],"product_tag":[1857,2166,2069,2068,1104,1023,2071,2172,1855,2076,2168,2167,2073,573,2174,2072,1858,2074,1856,2173,2171,2075,220],"class_list":{"0":"post-284","1":"product","2":"type-product","3":"status-publish","4":"has-post-thumbnail","6":"product_cat-ferfiaknak","7":"product_cat-maszturbatorok","8":"product_tag-adult-toy-for-men","9":"product_tag-ferfi-elvezet","10":"product_tag-ferfi-felnott-jatek","11":"product_tag-ferfi-intim-jatek","12":"product_tag-ferfi-kiegeszito","13":"product_tag-ferfi-maszturbator","14":"product_tag-ferfi-onkielegito","15":"product_tag-ferfi-solo-jatek","16":"product_tag-ferfi-szexjatek","17":"product_tag-handheld-masturbator","18":"product_tag-intimate-toy-for-men","19":"product_tag-male-adult-toy","20":"product_tag-male-masturbator","21":"product_tag-male-sex-toy","22":"product_tag-masturbation-toy","23":"product_tag-maszturbator-jatek","24":"product_tag-mens-accessory","25":"product_tag-mens-masturbator","26":"product_tag-mens-pleasure","27":"product_tag-solo-pleasure","28":"product_tag-stimulacios-eszkoz","29":"product_tag-stroker","30":"product_tag-szexshop-belvaros","32":"first","33":"instock","34":"taxable","35":"shipping-taxable","36":"purchasable","37":"product-type-simple"},"yoast_head":"<!-- This site is optimized with the Yoast SEO plugin v27.5 - https:\/\/yoast.com\/product\/yoast-seo-wordpress\/ -->\n<title>8.5&#039;&#039; Lumino Play Masturbator - Pink Glow - Szexshop Belvaros<\/title>\n<meta name=\"robots\" content=\"index, follow, max-snippet:-1, max-image-preview:large, max-video-preview:-1\" \/>\n<link rel=\"canonical\" href=\"https:\/\/www.szexshopbelvaros.com\/en\/product\/8-5-lumino-play-masturbator-pink-glow\/\" \/>\n<meta property=\"og:locale\" content=\"en_US\" \/>\n<meta property=\"og:type\" content=\"article\" \/>\n<meta property=\"og:title\" content=\"8.5&#039;&#039; Lumino Play Masturbator - Pink Glow - Szexshop Belvaros\" \/>\n<meta property=\"og:description\" content=\"8.5&#8221; Lumino Play Masturbator &#8211; Pink Glow &#8211; b\u0151rszer\u0171 tapint\u00e1s\u00fa, s\u00f6t\u00e9tben r\u00f3zsasz\u00ednben vil\u00e1g\u00edt\u00f3 maszturb\u00e1tor F\u00e9rfiaknak aj\u00e1nlott, testsz\u00f6vethez hasonl\u00f3 anyagb\u00f3l k\u00e9sz\u00fclt, b\u0151rszer\u0171 tapint\u00e1s\u00fa, s\u00f6t\u00e9tben r\u00f3zsasz\u00ednben vil\u00e1g\u00edt\u00f3, egy\u00e9ni erotikus j\u00e1t\u00e9k. Haszn\u00e1lat\u00e1val az aktus k\u00f6zbeni \u00f6nkontroll nagym\u00e9rt\u00e9kben fejleszthet\u0151, \u00edgy annak ideje jelent\u0151sen n\u00f6velhet\u0151. Aj\u00e1nlott napk\u00f6zben f\u00e9nynek kitenni a legjobb hat\u00e1s \u00e9rdek\u00e9ben. A rugalmass\u00e1ga n\u00e9h\u00e1ny haszn\u00e1lat ut\u00e1n n\u0151ni fog. [...]\" \/>\n<meta property=\"og:url\" content=\"https:\/\/www.szexshopbelvaros.com\/en\/product\/8-5-lumino-play-masturbator-pink-glow\/\" \/>\n<meta property=\"og:site_name\" content=\"Szexshop Belvaros\" \/>\n<meta property=\"article:publisher\" content=\"https:\/\/www.facebook.com\/belvarossecrets\/\" \/>\n<meta property=\"article:modified_time\" content=\"2026-04-07T10:45:34+00:00\" \/>\n<meta property=\"og:image\" content=\"https:\/\/www.szexshopbelvaros.com\/wp-content\/uploads\/2025\/01\/4c4d620c-dd43-11ee-b27e-ba7c6745f3af_51325_1000x1000__1_.jpg\" \/>\n\t<meta property=\"og:image:width\" content=\"1200\" \/>\n\t<meta property=\"og:image:height\" content=\"675\" \/>\n\t<meta property=\"og:image:type\" content=\"image\/jpeg\" \/>\n<meta name=\"twitter:card\" content=\"summary_large_image\" \/>\n<meta name=\"twitter:site\" content=\"@belvarossecrets\" \/>\n<meta name=\"twitter:label1\" content=\"Est. reading time\" \/>\n\t<meta name=\"twitter:data1\" content=\"1 minute\" \/>\n<script type=\"application\/ld+json\" class=\"yoast-schema-graph\">{\"@context\":\"https:\\\/\\\/schema.org\",\"@graph\":[{\"@type\":\"WebPage\",\"@id\":\"https:\\\/\\\/www.szexshopbelvaros.com\\\/termek\\\/8-5-lumino-play-masturbator-pink-glow\\\/\",\"url\":\"https:\\\/\\\/www.szexshopbelvaros.com\\\/termek\\\/8-5-lumino-play-masturbator-pink-glow\\\/\",\"name\":\"8.5'' Lumino Play Masturbator - Pink Glow - Szexshop Belvaros\",\"isPartOf\":{\"@id\":\"https:\\\/\\\/www.szexshopbelvaros.com\\\/#website\"},\"primaryImageOfPage\":{\"@id\":\"https:\\\/\\\/www.szexshopbelvaros.com\\\/termek\\\/8-5-lumino-play-masturbator-pink-glow\\\/#primaryimage\"},\"image\":{\"@id\":\"https:\\\/\\\/www.szexshopbelvaros.com\\\/termek\\\/8-5-lumino-play-masturbator-pink-glow\\\/#primaryimage\"},\"thumbnailUrl\":\"https:\\\/\\\/www.szexshopbelvaros.com\\\/wp-content\\\/uploads\\\/2025\\\/01\\\/4c4d620c-dd43-11ee-b27e-ba7c6745f3af_51325_1000x1000__1_.jpg\",\"datePublished\":\"2025-01-31T13:36:58+00:00\",\"dateModified\":\"2026-04-07T10:45:34+00:00\",\"breadcrumb\":{\"@id\":\"https:\\\/\\\/www.szexshopbelvaros.com\\\/termek\\\/8-5-lumino-play-masturbator-pink-glow\\\/#breadcrumb\"},\"inLanguage\":\"en-US\",\"potentialAction\":[{\"@type\":\"ReadAction\",\"target\":[\"https:\\\/\\\/www.szexshopbelvaros.com\\\/termek\\\/8-5-lumino-play-masturbator-pink-glow\\\/\"]}]},{\"@type\":\"ImageObject\",\"inLanguage\":\"en-US\",\"@id\":\"https:\\\/\\\/www.szexshopbelvaros.com\\\/termek\\\/8-5-lumino-play-masturbator-pink-glow\\\/#primaryimage\",\"url\":\"https:\\\/\\\/www.szexshopbelvaros.com\\\/wp-content\\\/uploads\\\/2025\\\/01\\\/4c4d620c-dd43-11ee-b27e-ba7c6745f3af_51325_1000x1000__1_.jpg\",\"contentUrl\":\"https:\\\/\\\/www.szexshopbelvaros.com\\\/wp-content\\\/uploads\\\/2025\\\/01\\\/4c4d620c-dd43-11ee-b27e-ba7c6745f3af_51325_1000x1000__1_.jpg\",\"width\":1200,\"height\":675},{\"@type\":\"BreadcrumbList\",\"@id\":\"https:\\\/\\\/www.szexshopbelvaros.com\\\/termek\\\/8-5-lumino-play-masturbator-pink-glow\\\/#breadcrumb\",\"itemListElement\":[{\"@type\":\"ListItem\",\"position\":1,\"name\":\"Home\",\"item\":\"https:\\\/\\\/www.szexshopbelvaros.com\\\/\"},{\"@type\":\"ListItem\",\"position\":2,\"name\":\"\u00c1ruh\u00e1z\",\"item\":\"https:\\\/\\\/www.szexshopbelvaros.com\\\/uzlet\\\/\"},{\"@type\":\"ListItem\",\"position\":3,\"name\":\"8.5&#8221; Lumino Play Masturbator &#8211; Pink Glow\"}]},{\"@type\":\"WebSite\",\"@id\":\"https:\\\/\\\/www.szexshopbelvaros.com\\\/#website\",\"url\":\"https:\\\/\\\/www.szexshopbelvaros.com\\\/\",\"name\":\"Szexshop Belv\u00e1ros\",\"description\":\"\ud83d\udd25 A szex olyan, mint a p\u00e9nz; csak a t\u00fal sok el\u00e9g!\u2122 Titkok a belv\u00e1rosb\u00f3l \ud83d\udc8b | Secrets from Budapest \ud83d\udc8e Feln\u0151tt j\u00e1t\u00e9kok \u2022 Erotika \u2022 Szexshop Belvaros\",\"publisher\":{\"@id\":\"https:\\\/\\\/www.szexshopbelvaros.com\\\/#organization\"},\"potentialAction\":[{\"@type\":\"SearchAction\",\"target\":{\"@type\":\"EntryPoint\",\"urlTemplate\":\"https:\\\/\\\/www.szexshopbelvaros.com\\\/?s={search_term_string}\"},\"query-input\":{\"@type\":\"PropertyValueSpecification\",\"valueRequired\":true,\"valueName\":\"search_term_string\"}}],\"inLanguage\":\"en-US\"},{\"@type\":\"Organization\",\"@id\":\"https:\\\/\\\/www.szexshopbelvaros.com\\\/#organization\",\"name\":\"Szexshop Belv\u00e1ros\",\"alternateName\":\"szexshopbelvaros.com\",\"url\":\"https:\\\/\\\/www.szexshopbelvaros.com\\\/\",\"logo\":{\"@type\":\"ImageObject\",\"inLanguage\":\"en-US\",\"@id\":\"https:\\\/\\\/www.szexshopbelvaros.com\\\/#\\\/schema\\\/logo\\\/image\\\/\",\"url\":\"https:\\\/\\\/www.szexshopbelvaros.com\\\/wp-content\\\/uploads\\\/2025\\\/09\\\/1Szexshopbelvaroslogo_blurred_stronger.jpg\",\"contentUrl\":\"https:\\\/\\\/www.szexshopbelvaros.com\\\/wp-content\\\/uploads\\\/2025\\\/09\\\/1Szexshopbelvaroslogo_blurred_stronger.jpg\",\"width\":1024,\"height\":1024,\"caption\":\"Szexshop Belv\u00e1ros\"},\"image\":{\"@id\":\"https:\\\/\\\/www.szexshopbelvaros.com\\\/#\\\/schema\\\/logo\\\/image\\\/\"},\"sameAs\":[\"https:\\\/\\\/www.facebook.com\\\/belvarossecrets\\\/\",\"https:\\\/\\\/x.com\\\/belvarossecrets\",\"https:\\\/\\\/www.instagram.com\\\/belvarossecrets\\\/\",\"https:\\\/\\\/www.tiktok.com\\\/@belvarossecrets\"]}]}<\/script>\n<!-- \/ Yoast SEO plugin. -->","yoast_head_json":{"title":"8.5&#039;&#039; Lumino Play Masturbator - Pink Glow - Sexshop Belvaros","robots":{"index":"index","follow":"follow","max-snippet":"max-snippet:-1","max-image-preview":"max-image-preview:large","max-video-preview":"max-video-preview:-1"},"canonical":"https:\/\/www.szexshopbelvaros.com\/en\/product\/8-5-lumino-play-masturbator-pink-glow\/","og_locale":"en_US","og_type":"article","og_title":"8.5'' Lumino Play Masturbator - Pink Glow - Szexshop Belvaros","og_description":"8.5&#8221; Lumino Play Masturbator &#8211; Pink Glow &#8211; b\u0151rszer\u0171 tapint\u00e1s\u00fa, s\u00f6t\u00e9tben r\u00f3zsasz\u00ednben vil\u00e1g\u00edt\u00f3 maszturb\u00e1tor F\u00e9rfiaknak aj\u00e1nlott, testsz\u00f6vethez hasonl\u00f3 anyagb\u00f3l k\u00e9sz\u00fclt, b\u0151rszer\u0171 tapint\u00e1s\u00fa, s\u00f6t\u00e9tben r\u00f3zsasz\u00ednben vil\u00e1g\u00edt\u00f3, egy\u00e9ni erotikus j\u00e1t\u00e9k. Haszn\u00e1lat\u00e1val az aktus k\u00f6zbeni \u00f6nkontroll nagym\u00e9rt\u00e9kben fejleszthet\u0151, \u00edgy annak ideje jelent\u0151sen n\u00f6velhet\u0151. Aj\u00e1nlott napk\u00f6zben f\u00e9nynek kitenni a legjobb hat\u00e1s \u00e9rdek\u00e9ben. A rugalmass\u00e1ga n\u00e9h\u00e1ny haszn\u00e1lat ut\u00e1n n\u0151ni fog. [...]","og_url":"https:\/\/www.szexshopbelvaros.com\/en\/product\/8-5-lumino-play-masturbator-pink-glow\/","og_site_name":"Szexshop Belvaros","article_publisher":"https:\/\/www.facebook.com\/belvarossecrets\/","article_modified_time":"2026-04-07T10:45:34+00:00","og_image":[{"width":1200,"height":675,"url":"https:\/\/www.szexshopbelvaros.com\/wp-content\/uploads\/2025\/01\/4c4d620c-dd43-11ee-b27e-ba7c6745f3af_51325_1000x1000__1_.jpg","type":"image\/jpeg"}],"twitter_card":"summary_large_image","twitter_site":"@belvarossecrets","twitter_misc":{"Est. reading time":"1 minute"},"schema":{"@context":"https:\/\/schema.org","@graph":[{"@type":"WebPage","@id":"https:\/\/www.szexshopbelvaros.com\/termek\/8-5-lumino-play-masturbator-pink-glow\/","url":"https:\/\/www.szexshopbelvaros.com\/termek\/8-5-lumino-play-masturbator-pink-glow\/","name":"8.5&#039;&#039; Lumino Play Masturbator - Pink Glow - Sexshop Belvaros","isPartOf":{"@id":"https:\/\/www.szexshopbelvaros.com\/#website"},"primaryImageOfPage":{"@id":"https:\/\/www.szexshopbelvaros.com\/termek\/8-5-lumino-play-masturbator-pink-glow\/#primaryimage"},"image":{"@id":"https:\/\/www.szexshopbelvaros.com\/termek\/8-5-lumino-play-masturbator-pink-glow\/#primaryimage"},"thumbnailUrl":"https:\/\/www.szexshopbelvaros.com\/wp-content\/uploads\/2025\/01\/4c4d620c-dd43-11ee-b27e-ba7c6745f3af_51325_1000x1000__1_.jpg","datePublished":"2025-01-31T13:36:58+00:00","dateModified":"2026-04-07T10:45:34+00:00","breadcrumb":{"@id":"https:\/\/www.szexshopbelvaros.com\/termek\/8-5-lumino-play-masturbator-pink-glow\/#breadcrumb"},"inLanguage":"en-US","potentialAction":[{"@type":"ReadAction","target":["https:\/\/www.szexshopbelvaros.com\/termek\/8-5-lumino-play-masturbator-pink-glow\/"]}]},{"@type":"ImageObject","inLanguage":"en-US","@id":"https:\/\/www.szexshopbelvaros.com\/termek\/8-5-lumino-play-masturbator-pink-glow\/#primaryimage","url":"https:\/\/www.szexshopbelvaros.com\/wp-content\/uploads\/2025\/01\/4c4d620c-dd43-11ee-b27e-ba7c6745f3af_51325_1000x1000__1_.jpg","contentUrl":"https:\/\/www.szexshopbelvaros.com\/wp-content\/uploads\/2025\/01\/4c4d620c-dd43-11ee-b27e-ba7c6745f3af_51325_1000x1000__1_.jpg","width":1200,"height":675},{"@type":"BreadcrumbList","@id":"https:\/\/www.szexshopbelvaros.com\/termek\/8-5-lumino-play-masturbator-pink-glow\/#breadcrumb","itemListElement":[{"@type":"ListItem","position":1,"name":"Home","item":"https:\/\/www.szexshopbelvaros.com\/"},{"@type":"ListItem","position":2,"name":"\u00c1ruh\u00e1z","item":"https:\/\/www.szexshopbelvaros.com\/uzlet\/"},{"@type":"ListItem","position":3,"name":"8.5&#8221; Lumino Play Masturbator &#8211; Pink Glow"}]},{"@type":"WebSite","@id":"https:\/\/www.szexshopbelvaros.com\/#website","url":"https:\/\/www.szexshopbelvaros.com\/","name":"at our Szexshop Belv\u00e1ros","description":"\ud83d\udd25 Sex is like money; only too much is enough!\u2122 Secrets from the city center \ud83d\udc8b | Secrets from Budapest \ud83d\udc8e Adult games \u2022 Erotica \u2022 Sex shop Belvaros","publisher":{"@id":"https:\/\/www.szexshopbelvaros.com\/#organization"},"potentialAction":[{"@type":"SearchAction","target":{"@type":"EntryPoint","urlTemplate":"https:\/\/www.szexshopbelvaros.com\/?s={search_term_string}"},"query-input":{"@type":"PropertyValueSpecification","valueRequired":true,"valueName":"search_term_string"}}],"inLanguage":"en-US"},{"@type":"Organization","@id":"https:\/\/www.szexshopbelvaros.com\/#organization","name":"at our Szexshop Belv\u00e1ros","alternateName":"szexshopbelvaros.com","url":"https:\/\/www.szexshopbelvaros.com\/","logo":{"@type":"ImageObject","inLanguage":"en-US","@id":"https:\/\/www.szexshopbelvaros.com\/#\/schema\/logo\/image\/","url":"https:\/\/www.szexshopbelvaros.com\/wp-content\/uploads\/2025\/09\/1Szexshopbelvaroslogo_blurred_stronger.jpg","contentUrl":"https:\/\/www.szexshopbelvaros.com\/wp-content\/uploads\/2025\/09\/1Szexshopbelvaroslogo_blurred_stronger.jpg","width":1024,"height":1024,"caption":"Szexshop Belv\u00e1ros"},"image":{"@id":"https:\/\/www.szexshopbelvaros.com\/#\/schema\/logo\/image\/"},"sameAs":["https:\/\/www.facebook.com\/belvarossecrets\/","https:\/\/x.com\/belvarossecrets","https:\/\/www.instagram.com\/belvarossecrets\/","https:\/\/www.tiktok.com\/@belvarossecrets"]}]}},"_links":{"self":[{"href":"https:\/\/www.szexshopbelvaros.com\/en\/wp-json\/wp\/v2\/product\/284","targetHints":{"allow":["GET"]}}],"collection":[{"href":"https:\/\/www.szexshopbelvaros.com\/en\/wp-json\/wp\/v2\/product"}],"about":[{"href":"https:\/\/www.szexshopbelvaros.com\/en\/wp-json\/wp\/v2\/types\/product"}],"replies":[{"embeddable":true,"href":"https:\/\/www.szexshopbelvaros.com\/en\/wp-json\/wp\/v2\/comments?post=284"}],"wp:featuredmedia":[{"embeddable":true,"href":"https:\/\/www.szexshopbelvaros.com\/en\/wp-json\/wp\/v2\/media\/285"}],"wp:attachment":[{"href":"https:\/\/www.szexshopbelvaros.com\/en\/wp-json\/wp\/v2\/media?parent=284"}],"wp:term":[{"taxonomy":"product_brand","embeddable":true,"href":"https:\/\/www.szexshopbelvaros.com\/en\/wp-json\/wp\/v2\/product_brand?post=284"},{"taxonomy":"product_cat","embeddable":true,"href":"https:\/\/www.szexshopbelvaros.com\/en\/wp-json\/wp\/v2\/product_cat?post=284"},{"taxonomy":"product_tag","embeddable":true,"href":"https:\/\/www.szexshopbelvaros.com\/en\/wp-json\/wp\/v2\/product_tag?post=284"}],"curies":[{"name":"wp","href":"https:\/\/api.w.org\/{rel}","templated":true}]}}