{"id":288,"date":"2025-01-31T14:36:58","date_gmt":"2025-01-31T13:36:58","guid":{"rendered":"https:\/\/www.szexshopbelvaros.com\/termek\/maszturbacios-tojasok-ferfiaknak-1-db\/"},"modified":"2026-04-07T12:45:19","modified_gmt":"2026-04-07T10:45:19","slug":"maszturbacios-tojasok-ferfiaknak-1-db","status":"publish","type":"product","link":"https:\/\/www.szexshopbelvaros.com\/en\/product\/maszturbacios-tojasok-ferfiaknak-1-db\/","title":{"rendered":"Masturbation eggs for men \u2013 1 pc."},"content":{"rendered":"<p>Discover revolutionary new masturbators. These egg-shaped masturbators are extremely flexible, fully adapting to the desired size. Each masturbator has a stimulating interior, each with a different design.<br \/>\nHow to use: After removing the protective film, take the masturbator out of the opened egg and pour the lubricant into it and apply it to the penis.<br \/>\nEven though the masturbator is intended for single use, with careful handling, thorough cleaning, and the use of lubricants and condoms, it can be used multiple times!<\/p>\n<p>&nbsp;<\/p>","protected":false},"excerpt":{"rendered":"<p>Fedezze fel a forradalmian \u00fajszer\u0171 maszturb\u00e1torokat. Ezek a toj\u00e1sform\u00e1ban elhelyezett maszturb\u00e1torok roppant rugalmasak, teljesen felveszik a k\u00edv\u00e1nt m\u00e9retet. Minden maszturb\u00e1tor stimul\u00e1l\u00f3 bels\u0151vel rendelkezik, mindegyik m\u00e1s-m\u00e1s kialak\u00edt\u00e1s\u00fa. Haszn\u00e1lata : a v\u00e9d\u0151f\u00f3lia elt\u00e1vol\u00edt\u00e1sa ut\u00e1n a sz\u00e9tnyitott toj\u00e1sb\u00f3l vegye ki a maszturb\u00e1tort \u00e9s a s\u00edkos\u00edt\u00f3t annak beljes\u00e9be kell csorgatni \u00e9s r\u00e1h\u00fazni a p\u00e9niszre. Annak ellen\u00e9re, hogy a maszturb\u00e1tort [&#8230;]\n","protected":false},"featured_media":289,"comment_status":"closed","ping_status":"closed","template":"","meta":[],"product_brand":[],"product_cat":[68,150],"product_tag":[1857,2166,2069,2068,1104,1023,2071,2172,1855,2076,2168,2167,2073,573,2174,2072,1858,2074,1856,2173,2171,2075,220],"class_list":{"0":"post-288","1":"product","2":"type-product","3":"status-publish","4":"has-post-thumbnail","6":"product_cat-ferfiaknak","7":"product_cat-maszturbatorok","8":"product_tag-adult-toy-for-men","9":"product_tag-ferfi-elvezet","10":"product_tag-ferfi-felnott-jatek","11":"product_tag-ferfi-intim-jatek","12":"product_tag-ferfi-kiegeszito","13":"product_tag-ferfi-maszturbator","14":"product_tag-ferfi-onkielegito","15":"product_tag-ferfi-solo-jatek","16":"product_tag-ferfi-szexjatek","17":"product_tag-handheld-masturbator","18":"product_tag-intimate-toy-for-men","19":"product_tag-male-adult-toy","20":"product_tag-male-masturbator","21":"product_tag-male-sex-toy","22":"product_tag-masturbation-toy","23":"product_tag-maszturbator-jatek","24":"product_tag-mens-accessory","25":"product_tag-mens-masturbator","26":"product_tag-mens-pleasure","27":"product_tag-solo-pleasure","28":"product_tag-stimulacios-eszkoz","29":"product_tag-stroker","30":"product_tag-szexshop-belvaros","32":"first","33":"instock","34":"taxable","35":"shipping-taxable","36":"purchasable","37":"product-type-simple"},"yoast_head":"<!-- This site is optimized with the Yoast SEO plugin v27.4 - https:\/\/yoast.com\/product\/yoast-seo-wordpress\/ -->\n<title>Maszturb\u00e1ci\u00f3s toj\u00e1sok f\u00e9rfiaknak - 1 db. - Szexshop Belvaros<\/title>\n<meta name=\"robots\" content=\"index, follow, max-snippet:-1, max-image-preview:large, max-video-preview:-1\" \/>\n<link rel=\"canonical\" href=\"https:\/\/www.szexshopbelvaros.com\/en\/product\/maszturbacios-tojasok-ferfiaknak-1-db\/\" \/>\n<meta property=\"og:locale\" content=\"en_US\" \/>\n<meta property=\"og:type\" content=\"article\" \/>\n<meta property=\"og:title\" content=\"Maszturb\u00e1ci\u00f3s toj\u00e1sok f\u00e9rfiaknak - 1 db. - Szexshop Belvaros\" \/>\n<meta property=\"og:description\" content=\"Fedezze fel a forradalmian \u00fajszer\u0171 maszturb\u00e1torokat. Ezek a toj\u00e1sform\u00e1ban elhelyezett maszturb\u00e1torok roppant rugalmasak, teljesen felveszik a k\u00edv\u00e1nt m\u00e9retet. Minden maszturb\u00e1tor stimul\u00e1l\u00f3 bels\u0151vel rendelkezik, mindegyik m\u00e1s-m\u00e1s kialak\u00edt\u00e1s\u00fa. Haszn\u00e1lata : a v\u00e9d\u0151f\u00f3lia elt\u00e1vol\u00edt\u00e1sa ut\u00e1n a sz\u00e9tnyitott toj\u00e1sb\u00f3l vegye ki a maszturb\u00e1tort \u00e9s a s\u00edkos\u00edt\u00f3t annak beljes\u00e9be kell csorgatni \u00e9s r\u00e1h\u00fazni a p\u00e9niszre. Annak ellen\u00e9re, hogy a maszturb\u00e1tort [...]\" \/>\n<meta property=\"og:url\" content=\"https:\/\/www.szexshopbelvaros.com\/en\/product\/maszturbacios-tojasok-ferfiaknak-1-db\/\" \/>\n<meta property=\"og:site_name\" content=\"Szexshop Belvaros\" \/>\n<meta property=\"article:publisher\" content=\"https:\/\/www.facebook.com\/belvarossecrets\/\" \/>\n<meta property=\"article:modified_time\" content=\"2026-04-07T10:45:19+00:00\" \/>\n<meta property=\"og:image\" content=\"https:\/\/www.szexshopbelvaros.com\/wp-content\/uploads\/2025\/01\/c0bfd578-dd4a-11ee-b3cb-0e47dd02f518_k_perny_k_p_2024_03_08_134946.jpg\" \/>\n\t<meta property=\"og:image:width\" content=\"1200\" \/>\n\t<meta property=\"og:image:height\" content=\"675\" \/>\n\t<meta property=\"og:image:type\" content=\"image\/jpeg\" \/>\n<meta name=\"twitter:card\" content=\"summary_large_image\" \/>\n<meta name=\"twitter:site\" content=\"@belvarossecrets\" \/>\n<meta name=\"twitter:label1\" content=\"Est. reading time\" \/>\n\t<meta name=\"twitter:data1\" content=\"1 minute\" \/>\n<script type=\"application\/ld+json\" class=\"yoast-schema-graph\">{\"@context\":\"https:\\\/\\\/schema.org\",\"@graph\":[{\"@type\":\"WebPage\",\"@id\":\"https:\\\/\\\/www.szexshopbelvaros.com\\\/termek\\\/maszturbacios-tojasok-ferfiaknak-1-db\\\/\",\"url\":\"https:\\\/\\\/www.szexshopbelvaros.com\\\/termek\\\/maszturbacios-tojasok-ferfiaknak-1-db\\\/\",\"name\":\"Maszturb\u00e1ci\u00f3s toj\u00e1sok f\u00e9rfiaknak - 1 db. - Szexshop Belvaros\",\"isPartOf\":{\"@id\":\"https:\\\/\\\/www.szexshopbelvaros.com\\\/#website\"},\"primaryImageOfPage\":{\"@id\":\"https:\\\/\\\/www.szexshopbelvaros.com\\\/termek\\\/maszturbacios-tojasok-ferfiaknak-1-db\\\/#primaryimage\"},\"image\":{\"@id\":\"https:\\\/\\\/www.szexshopbelvaros.com\\\/termek\\\/maszturbacios-tojasok-ferfiaknak-1-db\\\/#primaryimage\"},\"thumbnailUrl\":\"https:\\\/\\\/www.szexshopbelvaros.com\\\/wp-content\\\/uploads\\\/2025\\\/01\\\/c0bfd578-dd4a-11ee-b3cb-0e47dd02f518_k_perny_k_p_2024_03_08_134946.jpg\",\"datePublished\":\"2025-01-31T13:36:58+00:00\",\"dateModified\":\"2026-04-07T10:45:19+00:00\",\"breadcrumb\":{\"@id\":\"https:\\\/\\\/www.szexshopbelvaros.com\\\/termek\\\/maszturbacios-tojasok-ferfiaknak-1-db\\\/#breadcrumb\"},\"inLanguage\":\"en-US\",\"potentialAction\":[{\"@type\":\"ReadAction\",\"target\":[\"https:\\\/\\\/www.szexshopbelvaros.com\\\/termek\\\/maszturbacios-tojasok-ferfiaknak-1-db\\\/\"]}]},{\"@type\":\"ImageObject\",\"inLanguage\":\"en-US\",\"@id\":\"https:\\\/\\\/www.szexshopbelvaros.com\\\/termek\\\/maszturbacios-tojasok-ferfiaknak-1-db\\\/#primaryimage\",\"url\":\"https:\\\/\\\/www.szexshopbelvaros.com\\\/wp-content\\\/uploads\\\/2025\\\/01\\\/c0bfd578-dd4a-11ee-b3cb-0e47dd02f518_k_perny_k_p_2024_03_08_134946.jpg\",\"contentUrl\":\"https:\\\/\\\/www.szexshopbelvaros.com\\\/wp-content\\\/uploads\\\/2025\\\/01\\\/c0bfd578-dd4a-11ee-b3cb-0e47dd02f518_k_perny_k_p_2024_03_08_134946.jpg\",\"width\":1200,\"height\":675},{\"@type\":\"BreadcrumbList\",\"@id\":\"https:\\\/\\\/www.szexshopbelvaros.com\\\/termek\\\/maszturbacios-tojasok-ferfiaknak-1-db\\\/#breadcrumb\",\"itemListElement\":[{\"@type\":\"ListItem\",\"position\":1,\"name\":\"Home\",\"item\":\"https:\\\/\\\/www.szexshopbelvaros.com\\\/\"},{\"@type\":\"ListItem\",\"position\":2,\"name\":\"\u00c1ruh\u00e1z\",\"item\":\"https:\\\/\\\/www.szexshopbelvaros.com\\\/uzlet\\\/\"},{\"@type\":\"ListItem\",\"position\":3,\"name\":\"Maszturb\u00e1ci\u00f3s toj\u00e1sok f\u00e9rfiaknak &#8211; 1 db.\"}]},{\"@type\":\"WebSite\",\"@id\":\"https:\\\/\\\/www.szexshopbelvaros.com\\\/#website\",\"url\":\"https:\\\/\\\/www.szexshopbelvaros.com\\\/\",\"name\":\"Szexshop Belv\u00e1ros\",\"description\":\"\ud83d\udd25 A szex olyan, mint a p\u00e9nz; csak a t\u00fal sok el\u00e9g!\u2122 Titkok a belv\u00e1rosb\u00f3l \ud83d\udc8b | Secrets from Budapest \ud83d\udc8e Feln\u0151tt j\u00e1t\u00e9kok \u2022 Erotika \u2022 Szexshop Belvaros\",\"publisher\":{\"@id\":\"https:\\\/\\\/www.szexshopbelvaros.com\\\/#organization\"},\"potentialAction\":[{\"@type\":\"SearchAction\",\"target\":{\"@type\":\"EntryPoint\",\"urlTemplate\":\"https:\\\/\\\/www.szexshopbelvaros.com\\\/?s={search_term_string}\"},\"query-input\":{\"@type\":\"PropertyValueSpecification\",\"valueRequired\":true,\"valueName\":\"search_term_string\"}}],\"inLanguage\":\"en-US\"},{\"@type\":\"Organization\",\"@id\":\"https:\\\/\\\/www.szexshopbelvaros.com\\\/#organization\",\"name\":\"Szexshop Belv\u00e1ros\",\"alternateName\":\"szexshopbelvaros.com\",\"url\":\"https:\\\/\\\/www.szexshopbelvaros.com\\\/\",\"logo\":{\"@type\":\"ImageObject\",\"inLanguage\":\"en-US\",\"@id\":\"https:\\\/\\\/www.szexshopbelvaros.com\\\/#\\\/schema\\\/logo\\\/image\\\/\",\"url\":\"https:\\\/\\\/www.szexshopbelvaros.com\\\/wp-content\\\/uploads\\\/2025\\\/09\\\/1Szexshopbelvaroslogo_blurred_stronger.jpg\",\"contentUrl\":\"https:\\\/\\\/www.szexshopbelvaros.com\\\/wp-content\\\/uploads\\\/2025\\\/09\\\/1Szexshopbelvaroslogo_blurred_stronger.jpg\",\"width\":1024,\"height\":1024,\"caption\":\"Szexshop Belv\u00e1ros\"},\"image\":{\"@id\":\"https:\\\/\\\/www.szexshopbelvaros.com\\\/#\\\/schema\\\/logo\\\/image\\\/\"},\"sameAs\":[\"https:\\\/\\\/www.facebook.com\\\/belvarossecrets\\\/\",\"https:\\\/\\\/x.com\\\/belvarossecrets\",\"https:\\\/\\\/www.instagram.com\\\/belvarossecrets\\\/\",\"https:\\\/\\\/www.tiktok.com\\\/@belvarossecrets\"]}]}<\/script>\n<!-- \/ Yoast SEO plugin. -->","yoast_head_json":{"title":"Masturbation eggs for men - 1 pc. - Szexshop Belvaros","robots":{"index":"index","follow":"follow","max-snippet":"max-snippet:-1","max-image-preview":"max-image-preview:large","max-video-preview":"max-video-preview:-1"},"canonical":"https:\/\/www.szexshopbelvaros.com\/en\/product\/maszturbacios-tojasok-ferfiaknak-1-db\/","og_locale":"en_US","og_type":"article","og_title":"Maszturb\u00e1ci\u00f3s toj\u00e1sok f\u00e9rfiaknak - 1 db. - Szexshop Belvaros","og_description":"Fedezze fel a forradalmian \u00fajszer\u0171 maszturb\u00e1torokat. Ezek a toj\u00e1sform\u00e1ban elhelyezett maszturb\u00e1torok roppant rugalmasak, teljesen felveszik a k\u00edv\u00e1nt m\u00e9retet. Minden maszturb\u00e1tor stimul\u00e1l\u00f3 bels\u0151vel rendelkezik, mindegyik m\u00e1s-m\u00e1s kialak\u00edt\u00e1s\u00fa. Haszn\u00e1lata : a v\u00e9d\u0151f\u00f3lia elt\u00e1vol\u00edt\u00e1sa ut\u00e1n a sz\u00e9tnyitott toj\u00e1sb\u00f3l vegye ki a maszturb\u00e1tort \u00e9s a s\u00edkos\u00edt\u00f3t annak beljes\u00e9be kell csorgatni \u00e9s r\u00e1h\u00fazni a p\u00e9niszre. Annak ellen\u00e9re, hogy a maszturb\u00e1tort [...]","og_url":"https:\/\/www.szexshopbelvaros.com\/en\/product\/maszturbacios-tojasok-ferfiaknak-1-db\/","og_site_name":"Szexshop Belvaros","article_publisher":"https:\/\/www.facebook.com\/belvarossecrets\/","article_modified_time":"2026-04-07T10:45:19+00:00","og_image":[{"width":1200,"height":675,"url":"https:\/\/www.szexshopbelvaros.com\/wp-content\/uploads\/2025\/01\/c0bfd578-dd4a-11ee-b3cb-0e47dd02f518_k_perny_k_p_2024_03_08_134946.jpg","type":"image\/jpeg"}],"twitter_card":"summary_large_image","twitter_site":"@belvarossecrets","twitter_misc":{"Est. reading time":"1 minute"},"schema":{"@context":"https:\/\/schema.org","@graph":[{"@type":"WebPage","@id":"https:\/\/www.szexshopbelvaros.com\/termek\/maszturbacios-tojasok-ferfiaknak-1-db\/","url":"https:\/\/www.szexshopbelvaros.com\/termek\/maszturbacios-tojasok-ferfiaknak-1-db\/","name":"Masturbation eggs for men - 1 pc. - Szexshop Belvaros","isPartOf":{"@id":"https:\/\/www.szexshopbelvaros.com\/#website"},"primaryImageOfPage":{"@id":"https:\/\/www.szexshopbelvaros.com\/termek\/maszturbacios-tojasok-ferfiaknak-1-db\/#primaryimage"},"image":{"@id":"https:\/\/www.szexshopbelvaros.com\/termek\/maszturbacios-tojasok-ferfiaknak-1-db\/#primaryimage"},"thumbnailUrl":"https:\/\/www.szexshopbelvaros.com\/wp-content\/uploads\/2025\/01\/c0bfd578-dd4a-11ee-b3cb-0e47dd02f518_k_perny_k_p_2024_03_08_134946.jpg","datePublished":"2025-01-31T13:36:58+00:00","dateModified":"2026-04-07T10:45:19+00:00","breadcrumb":{"@id":"https:\/\/www.szexshopbelvaros.com\/termek\/maszturbacios-tojasok-ferfiaknak-1-db\/#breadcrumb"},"inLanguage":"en-US","potentialAction":[{"@type":"ReadAction","target":["https:\/\/www.szexshopbelvaros.com\/termek\/maszturbacios-tojasok-ferfiaknak-1-db\/"]}]},{"@type":"ImageObject","inLanguage":"en-US","@id":"https:\/\/www.szexshopbelvaros.com\/termek\/maszturbacios-tojasok-ferfiaknak-1-db\/#primaryimage","url":"https:\/\/www.szexshopbelvaros.com\/wp-content\/uploads\/2025\/01\/c0bfd578-dd4a-11ee-b3cb-0e47dd02f518_k_perny_k_p_2024_03_08_134946.jpg","contentUrl":"https:\/\/www.szexshopbelvaros.com\/wp-content\/uploads\/2025\/01\/c0bfd578-dd4a-11ee-b3cb-0e47dd02f518_k_perny_k_p_2024_03_08_134946.jpg","width":1200,"height":675},{"@type":"BreadcrumbList","@id":"https:\/\/www.szexshopbelvaros.com\/termek\/maszturbacios-tojasok-ferfiaknak-1-db\/#breadcrumb","itemListElement":[{"@type":"ListItem","position":1,"name":"Home","item":"https:\/\/www.szexshopbelvaros.com\/"},{"@type":"ListItem","position":2,"name":"\u00c1ruh\u00e1z","item":"https:\/\/www.szexshopbelvaros.com\/uzlet\/"},{"@type":"ListItem","position":3,"name":"Maszturb\u00e1ci\u00f3s toj\u00e1sok f\u00e9rfiaknak &#8211; 1 db."}]},{"@type":"WebSite","@id":"https:\/\/www.szexshopbelvaros.com\/#website","url":"https:\/\/www.szexshopbelvaros.com\/","name":"at our Szexshop Belv\u00e1ros","description":"\ud83d\udd25 Sex is like money; only too much is enough!\u2122 Secrets from the city center \ud83d\udc8b | Secrets from Budapest \ud83d\udc8e Adult games \u2022 Erotica \u2022 Sex shop Belvaros","publisher":{"@id":"https:\/\/www.szexshopbelvaros.com\/#organization"},"potentialAction":[{"@type":"SearchAction","target":{"@type":"EntryPoint","urlTemplate":"https:\/\/www.szexshopbelvaros.com\/?s={search_term_string}"},"query-input":{"@type":"PropertyValueSpecification","valueRequired":true,"valueName":"search_term_string"}}],"inLanguage":"en-US"},{"@type":"Organization","@id":"https:\/\/www.szexshopbelvaros.com\/#organization","name":"at our Szexshop Belv\u00e1ros","alternateName":"szexshopbelvaros.com","url":"https:\/\/www.szexshopbelvaros.com\/","logo":{"@type":"ImageObject","inLanguage":"en-US","@id":"https:\/\/www.szexshopbelvaros.com\/#\/schema\/logo\/image\/","url":"https:\/\/www.szexshopbelvaros.com\/wp-content\/uploads\/2025\/09\/1Szexshopbelvaroslogo_blurred_stronger.jpg","contentUrl":"https:\/\/www.szexshopbelvaros.com\/wp-content\/uploads\/2025\/09\/1Szexshopbelvaroslogo_blurred_stronger.jpg","width":1024,"height":1024,"caption":"Szexshop Belv\u00e1ros"},"image":{"@id":"https:\/\/www.szexshopbelvaros.com\/#\/schema\/logo\/image\/"},"sameAs":["https:\/\/www.facebook.com\/belvarossecrets\/","https:\/\/x.com\/belvarossecrets","https:\/\/www.instagram.com\/belvarossecrets\/","https:\/\/www.tiktok.com\/@belvarossecrets"]}]}},"_links":{"self":[{"href":"https:\/\/www.szexshopbelvaros.com\/en\/wp-json\/wp\/v2\/product\/288","targetHints":{"allow":["GET"]}}],"collection":[{"href":"https:\/\/www.szexshopbelvaros.com\/en\/wp-json\/wp\/v2\/product"}],"about":[{"href":"https:\/\/www.szexshopbelvaros.com\/en\/wp-json\/wp\/v2\/types\/product"}],"replies":[{"embeddable":true,"href":"https:\/\/www.szexshopbelvaros.com\/en\/wp-json\/wp\/v2\/comments?post=288"}],"wp:featuredmedia":[{"embeddable":true,"href":"https:\/\/www.szexshopbelvaros.com\/en\/wp-json\/wp\/v2\/media\/289"}],"wp:attachment":[{"href":"https:\/\/www.szexshopbelvaros.com\/en\/wp-json\/wp\/v2\/media?parent=288"}],"wp:term":[{"taxonomy":"product_brand","embeddable":true,"href":"https:\/\/www.szexshopbelvaros.com\/en\/wp-json\/wp\/v2\/product_brand?post=288"},{"taxonomy":"product_cat","embeddable":true,"href":"https:\/\/www.szexshopbelvaros.com\/en\/wp-json\/wp\/v2\/product_cat?post=288"},{"taxonomy":"product_tag","embeddable":true,"href":"https:\/\/www.szexshopbelvaros.com\/en\/wp-json\/wp\/v2\/product_tag?post=288"}],"curies":[{"name":"wp","href":"https:\/\/api.w.org\/{rel}","templated":true}]}}