{"id":290,"date":"2025-01-31T14:36:58","date_gmt":"2025-01-31T13:36:58","guid":{"rendered":"https:\/\/www.szexshopbelvaros.com\/termek\/pleasure-x-tender-penis-sleeve-brown-4\/"},"modified":"2026-02-19T16:12:43","modified_gmt":"2026-02-19T15:12:43","slug":"pleasure-x-tender-penis-sleeve-brown-4","status":"publish","type":"product","link":"https:\/\/www.szexshopbelvaros.com\/en\/product\/pleasure-x-tender-penis-sleeve-brown-4\/","title":{"rendered":"Pleasure X-Tender Penis Sleeve"},"content":{"rendered":"<p>An erotic accessory that covers the entire penis or vibrator and can be put on in a similar way to a condom. Its external design has an arousing effect on the partner. The thickness of its material reduces the perception of stimuli, thus allowing the duration of the act to be extended. The end can be cut to achieve the perfect fit.<br \/>\nCleaning: Wash with warm soapy water and tool cleaner before and after each use. Water-based lubricant recommended.<br \/>\nMaterial: TPE<br \/>\nDiameter (cm) 4<br \/>\nLength (cm) 19<br \/>\nSpecial feature waterproof<br \/>\nColor Brown<\/p>\n<p>&nbsp;<\/p>","protected":false},"excerpt":{"rendered":"<p>A p\u00e9nisz vagy vibr\u00e1tor eg\u00e9sz\u00e9t befed\u0151, \u00f3vszerhez hasonl\u00f3 m\u00f3don felhelyezhet\u0151 erotikus kieg\u00e9sz\u00edt\u0151. K\u00fcls\u0151 kialak\u00edt\u00e1sa a partner sz\u00e1m\u00e1ra izgat\u00f3 hat\u00e1s\u00fa. Anyaga vastags\u00e1ga az ingerek \u00e9rz\u00e9kel\u00e9s\u00e9t cs\u00f6kkenti, \u00edgy teszi lehet\u0151v\u00e9 az aktus idej\u00e9nek meghosszabb\u00edt\u00e1s\u00e1t. A v\u00e9ge lev\u00e1ghat\u00f3 a t\u00f6k\u00e9letes illeszked\u00e9s el\u00e9r\u00e9s\u00e9hez. Tiszt\u00edt\u00e1sa : minden haszn\u00e1lat el\u0151tt \u00e9s minden haszn\u00e1lat ut\u00e1n langyos szappanos v\u00edzzel \u00e9s seg\u00e9deszk\u00f6z tiszt\u00edt\u00f3val kell [&#8230;]\n","protected":false},"featured_media":291,"comment_status":"closed","ping_status":"closed","template":"","meta":[],"product_brand":[],"product_cat":[68,149],"product_tag":[1857,2166,2069,2068,1104,2169,1855,2168,2167,573,2170,1858,1856,2084,1075,568,2083,2081,2085,220,1081,2082],"class_list":{"0":"post-290","1":"product","2":"type-product","3":"status-publish","4":"has-post-thumbnail","6":"product_cat-ferfiaknak","7":"product_cat-peniszkoppenyek-pumpak","8":"product_tag-adult-toy-for-men","9":"product_tag-ferfi-elvezet","10":"product_tag-ferfi-felnott-jatek","11":"product_tag-ferfi-intim-jatek","12":"product_tag-ferfi-kiegeszito","13":"product_tag-ferfi-stimulacio","14":"product_tag-ferfi-szexjatek","15":"product_tag-intimate-toy-for-men","16":"product_tag-male-adult-toy","17":"product_tag-male-sex-toy","18":"product_tag-male-stimulation-device","19":"product_tag-mens-accessory","20":"product_tag-mens-pleasure","21":"product_tag-merevedes-pumpa","22":"product_tag-penis-pump","23":"product_tag-penis-sleeve","24":"product_tag-penisz-kopeny","25":"product_tag-penisz-pumpa","26":"product_tag-stimulation-sleeve","27":"product_tag-szexshop-belvaros","28":"product_tag-vacuum-pump","29":"product_tag-vakum-pumpa","31":"first","32":"instock","33":"taxable","34":"shipping-taxable","35":"purchasable","36":"product-type-simple"},"yoast_head":"<!-- This site is optimized with the Yoast SEO plugin v27.4 - https:\/\/yoast.com\/product\/yoast-seo-wordpress\/ -->\n<title>Pleasure X-Tender P\u00e9niszh\u00fcvely - Szexshop Belvaros<\/title>\n<meta name=\"robots\" content=\"index, follow, max-snippet:-1, max-image-preview:large, max-video-preview:-1\" \/>\n<link rel=\"canonical\" href=\"https:\/\/www.szexshopbelvaros.com\/en\/product\/pleasure-x-tender-penis-sleeve-brown-4\/\" \/>\n<meta property=\"og:locale\" content=\"en_US\" \/>\n<meta property=\"og:type\" content=\"article\" \/>\n<meta property=\"og:title\" content=\"Pleasure X-Tender P\u00e9niszh\u00fcvely - Szexshop Belvaros\" \/>\n<meta property=\"og:description\" content=\"A p\u00e9nisz vagy vibr\u00e1tor eg\u00e9sz\u00e9t befed\u0151, \u00f3vszerhez hasonl\u00f3 m\u00f3don felhelyezhet\u0151 erotikus kieg\u00e9sz\u00edt\u0151. K\u00fcls\u0151 kialak\u00edt\u00e1sa a partner sz\u00e1m\u00e1ra izgat\u00f3 hat\u00e1s\u00fa. Anyaga vastags\u00e1ga az ingerek \u00e9rz\u00e9kel\u00e9s\u00e9t cs\u00f6kkenti, \u00edgy teszi lehet\u0151v\u00e9 az aktus idej\u00e9nek meghosszabb\u00edt\u00e1s\u00e1t. A v\u00e9ge lev\u00e1ghat\u00f3 a t\u00f6k\u00e9letes illeszked\u00e9s el\u00e9r\u00e9s\u00e9hez. Tiszt\u00edt\u00e1sa : minden haszn\u00e1lat el\u0151tt \u00e9s minden haszn\u00e1lat ut\u00e1n langyos szappanos v\u00edzzel \u00e9s seg\u00e9deszk\u00f6z tiszt\u00edt\u00f3val kell [...]\" \/>\n<meta property=\"og:url\" content=\"https:\/\/www.szexshopbelvaros.com\/en\/product\/pleasure-x-tender-penis-sleeve-brown-4\/\" \/>\n<meta property=\"og:site_name\" content=\"Szexshop Belvaros\" \/>\n<meta property=\"article:publisher\" content=\"https:\/\/www.facebook.com\/belvarossecrets\/\" \/>\n<meta property=\"article:modified_time\" content=\"2026-02-19T15:12:43+00:00\" \/>\n<meta property=\"og:image\" content=\"https:\/\/www.szexshopbelvaros.com\/wp-content\/uploads\/2025\/01\/b5177888-dd5a-11ee-a6e9-ce5d40b55482_41388_1000x1000.jpg\" \/>\n\t<meta property=\"og:image:width\" content=\"1200\" \/>\n\t<meta property=\"og:image:height\" content=\"675\" \/>\n\t<meta property=\"og:image:type\" content=\"image\/jpeg\" \/>\n<meta name=\"twitter:card\" content=\"summary_large_image\" \/>\n<meta name=\"twitter:site\" content=\"@belvarossecrets\" \/>\n<meta name=\"twitter:label1\" content=\"Est. reading time\" \/>\n\t<meta name=\"twitter:data1\" content=\"1 minute\" \/>\n<script type=\"application\/ld+json\" class=\"yoast-schema-graph\">{\"@context\":\"https:\\\/\\\/schema.org\",\"@graph\":[{\"@type\":\"WebPage\",\"@id\":\"https:\\\/\\\/www.szexshopbelvaros.com\\\/termek\\\/pleasure-x-tender-penis-sleeve-brown-4\\\/\",\"url\":\"https:\\\/\\\/www.szexshopbelvaros.com\\\/termek\\\/pleasure-x-tender-penis-sleeve-brown-4\\\/\",\"name\":\"Pleasure X-Tender P\u00e9niszh\u00fcvely - Szexshop Belvaros\",\"isPartOf\":{\"@id\":\"https:\\\/\\\/www.szexshopbelvaros.com\\\/#website\"},\"primaryImageOfPage\":{\"@id\":\"https:\\\/\\\/www.szexshopbelvaros.com\\\/termek\\\/pleasure-x-tender-penis-sleeve-brown-4\\\/#primaryimage\"},\"image\":{\"@id\":\"https:\\\/\\\/www.szexshopbelvaros.com\\\/termek\\\/pleasure-x-tender-penis-sleeve-brown-4\\\/#primaryimage\"},\"thumbnailUrl\":\"https:\\\/\\\/www.szexshopbelvaros.com\\\/wp-content\\\/uploads\\\/2025\\\/01\\\/b5177888-dd5a-11ee-a6e9-ce5d40b55482_41388_1000x1000.jpg\",\"datePublished\":\"2025-01-31T13:36:58+00:00\",\"dateModified\":\"2026-02-19T15:12:43+00:00\",\"breadcrumb\":{\"@id\":\"https:\\\/\\\/www.szexshopbelvaros.com\\\/termek\\\/pleasure-x-tender-penis-sleeve-brown-4\\\/#breadcrumb\"},\"inLanguage\":\"en-US\",\"potentialAction\":[{\"@type\":\"ReadAction\",\"target\":[\"https:\\\/\\\/www.szexshopbelvaros.com\\\/termek\\\/pleasure-x-tender-penis-sleeve-brown-4\\\/\"]}]},{\"@type\":\"ImageObject\",\"inLanguage\":\"en-US\",\"@id\":\"https:\\\/\\\/www.szexshopbelvaros.com\\\/termek\\\/pleasure-x-tender-penis-sleeve-brown-4\\\/#primaryimage\",\"url\":\"https:\\\/\\\/www.szexshopbelvaros.com\\\/wp-content\\\/uploads\\\/2025\\\/01\\\/b5177888-dd5a-11ee-a6e9-ce5d40b55482_41388_1000x1000.jpg\",\"contentUrl\":\"https:\\\/\\\/www.szexshopbelvaros.com\\\/wp-content\\\/uploads\\\/2025\\\/01\\\/b5177888-dd5a-11ee-a6e9-ce5d40b55482_41388_1000x1000.jpg\",\"width\":1200,\"height\":675},{\"@type\":\"BreadcrumbList\",\"@id\":\"https:\\\/\\\/www.szexshopbelvaros.com\\\/termek\\\/pleasure-x-tender-penis-sleeve-brown-4\\\/#breadcrumb\",\"itemListElement\":[{\"@type\":\"ListItem\",\"position\":1,\"name\":\"Home\",\"item\":\"https:\\\/\\\/www.szexshopbelvaros.com\\\/\"},{\"@type\":\"ListItem\",\"position\":2,\"name\":\"\u00c1ruh\u00e1z\",\"item\":\"https:\\\/\\\/www.szexshopbelvaros.com\\\/uzlet\\\/\"},{\"@type\":\"ListItem\",\"position\":3,\"name\":\"Pleasure X-Tender P\u00e9niszh\u00fcvely\"}]},{\"@type\":\"WebSite\",\"@id\":\"https:\\\/\\\/www.szexshopbelvaros.com\\\/#website\",\"url\":\"https:\\\/\\\/www.szexshopbelvaros.com\\\/\",\"name\":\"Szexshop Belv\u00e1ros\",\"description\":\"\ud83d\udd25 A szex olyan, mint a p\u00e9nz; csak a t\u00fal sok el\u00e9g!\u2122 Titkok a belv\u00e1rosb\u00f3l \ud83d\udc8b | Secrets from Budapest \ud83d\udc8e Feln\u0151tt j\u00e1t\u00e9kok \u2022 Erotika \u2022 Szexshop Belvaros\",\"publisher\":{\"@id\":\"https:\\\/\\\/www.szexshopbelvaros.com\\\/#organization\"},\"potentialAction\":[{\"@type\":\"SearchAction\",\"target\":{\"@type\":\"EntryPoint\",\"urlTemplate\":\"https:\\\/\\\/www.szexshopbelvaros.com\\\/?s={search_term_string}\"},\"query-input\":{\"@type\":\"PropertyValueSpecification\",\"valueRequired\":true,\"valueName\":\"search_term_string\"}}],\"inLanguage\":\"en-US\"},{\"@type\":\"Organization\",\"@id\":\"https:\\\/\\\/www.szexshopbelvaros.com\\\/#organization\",\"name\":\"Szexshop Belv\u00e1ros\",\"alternateName\":\"szexshopbelvaros.com\",\"url\":\"https:\\\/\\\/www.szexshopbelvaros.com\\\/\",\"logo\":{\"@type\":\"ImageObject\",\"inLanguage\":\"en-US\",\"@id\":\"https:\\\/\\\/www.szexshopbelvaros.com\\\/#\\\/schema\\\/logo\\\/image\\\/\",\"url\":\"https:\\\/\\\/www.szexshopbelvaros.com\\\/wp-content\\\/uploads\\\/2025\\\/09\\\/1Szexshopbelvaroslogo_blurred_stronger.jpg\",\"contentUrl\":\"https:\\\/\\\/www.szexshopbelvaros.com\\\/wp-content\\\/uploads\\\/2025\\\/09\\\/1Szexshopbelvaroslogo_blurred_stronger.jpg\",\"width\":1024,\"height\":1024,\"caption\":\"Szexshop Belv\u00e1ros\"},\"image\":{\"@id\":\"https:\\\/\\\/www.szexshopbelvaros.com\\\/#\\\/schema\\\/logo\\\/image\\\/\"},\"sameAs\":[\"https:\\\/\\\/www.facebook.com\\\/belvarossecrets\\\/\",\"https:\\\/\\\/x.com\\\/belvarossecrets\",\"https:\\\/\\\/www.instagram.com\\\/belvarossecrets\\\/\",\"https:\\\/\\\/www.tiktok.com\\\/@belvarossecrets\"]}]}<\/script>\n<!-- \/ Yoast SEO plugin. -->","yoast_head_json":{"title":"Pleasure X-Tender Penis Sleeve - Sexshop Belvaros","robots":{"index":"index","follow":"follow","max-snippet":"max-snippet:-1","max-image-preview":"max-image-preview:large","max-video-preview":"max-video-preview:-1"},"canonical":"https:\/\/www.szexshopbelvaros.com\/en\/product\/pleasure-x-tender-penis-sleeve-brown-4\/","og_locale":"en_US","og_type":"article","og_title":"Pleasure X-Tender P\u00e9niszh\u00fcvely - Szexshop Belvaros","og_description":"A p\u00e9nisz vagy vibr\u00e1tor eg\u00e9sz\u00e9t befed\u0151, \u00f3vszerhez hasonl\u00f3 m\u00f3don felhelyezhet\u0151 erotikus kieg\u00e9sz\u00edt\u0151. K\u00fcls\u0151 kialak\u00edt\u00e1sa a partner sz\u00e1m\u00e1ra izgat\u00f3 hat\u00e1s\u00fa. Anyaga vastags\u00e1ga az ingerek \u00e9rz\u00e9kel\u00e9s\u00e9t cs\u00f6kkenti, \u00edgy teszi lehet\u0151v\u00e9 az aktus idej\u00e9nek meghosszabb\u00edt\u00e1s\u00e1t. A v\u00e9ge lev\u00e1ghat\u00f3 a t\u00f6k\u00e9letes illeszked\u00e9s el\u00e9r\u00e9s\u00e9hez. Tiszt\u00edt\u00e1sa : minden haszn\u00e1lat el\u0151tt \u00e9s minden haszn\u00e1lat ut\u00e1n langyos szappanos v\u00edzzel \u00e9s seg\u00e9deszk\u00f6z tiszt\u00edt\u00f3val kell [...]","og_url":"https:\/\/www.szexshopbelvaros.com\/en\/product\/pleasure-x-tender-penis-sleeve-brown-4\/","og_site_name":"Szexshop Belvaros","article_publisher":"https:\/\/www.facebook.com\/belvarossecrets\/","article_modified_time":"2026-02-19T15:12:43+00:00","og_image":[{"width":1200,"height":675,"url":"https:\/\/www.szexshopbelvaros.com\/wp-content\/uploads\/2025\/01\/b5177888-dd5a-11ee-a6e9-ce5d40b55482_41388_1000x1000.jpg","type":"image\/jpeg"}],"twitter_card":"summary_large_image","twitter_site":"@belvarossecrets","twitter_misc":{"Est. reading time":"1 minute"},"schema":{"@context":"https:\/\/schema.org","@graph":[{"@type":"WebPage","@id":"https:\/\/www.szexshopbelvaros.com\/termek\/pleasure-x-tender-penis-sleeve-brown-4\/","url":"https:\/\/www.szexshopbelvaros.com\/termek\/pleasure-x-tender-penis-sleeve-brown-4\/","name":"Pleasure X-Tender Penis Sleeve - Sexshop Belvaros","isPartOf":{"@id":"https:\/\/www.szexshopbelvaros.com\/#website"},"primaryImageOfPage":{"@id":"https:\/\/www.szexshopbelvaros.com\/termek\/pleasure-x-tender-penis-sleeve-brown-4\/#primaryimage"},"image":{"@id":"https:\/\/www.szexshopbelvaros.com\/termek\/pleasure-x-tender-penis-sleeve-brown-4\/#primaryimage"},"thumbnailUrl":"https:\/\/www.szexshopbelvaros.com\/wp-content\/uploads\/2025\/01\/b5177888-dd5a-11ee-a6e9-ce5d40b55482_41388_1000x1000.jpg","datePublished":"2025-01-31T13:36:58+00:00","dateModified":"2026-02-19T15:12:43+00:00","breadcrumb":{"@id":"https:\/\/www.szexshopbelvaros.com\/termek\/pleasure-x-tender-penis-sleeve-brown-4\/#breadcrumb"},"inLanguage":"en-US","potentialAction":[{"@type":"ReadAction","target":["https:\/\/www.szexshopbelvaros.com\/termek\/pleasure-x-tender-penis-sleeve-brown-4\/"]}]},{"@type":"ImageObject","inLanguage":"en-US","@id":"https:\/\/www.szexshopbelvaros.com\/termek\/pleasure-x-tender-penis-sleeve-brown-4\/#primaryimage","url":"https:\/\/www.szexshopbelvaros.com\/wp-content\/uploads\/2025\/01\/b5177888-dd5a-11ee-a6e9-ce5d40b55482_41388_1000x1000.jpg","contentUrl":"https:\/\/www.szexshopbelvaros.com\/wp-content\/uploads\/2025\/01\/b5177888-dd5a-11ee-a6e9-ce5d40b55482_41388_1000x1000.jpg","width":1200,"height":675},{"@type":"BreadcrumbList","@id":"https:\/\/www.szexshopbelvaros.com\/termek\/pleasure-x-tender-penis-sleeve-brown-4\/#breadcrumb","itemListElement":[{"@type":"ListItem","position":1,"name":"Home","item":"https:\/\/www.szexshopbelvaros.com\/"},{"@type":"ListItem","position":2,"name":"\u00c1ruh\u00e1z","item":"https:\/\/www.szexshopbelvaros.com\/uzlet\/"},{"@type":"ListItem","position":3,"name":"Pleasure X-Tender P\u00e9niszh\u00fcvely"}]},{"@type":"WebSite","@id":"https:\/\/www.szexshopbelvaros.com\/#website","url":"https:\/\/www.szexshopbelvaros.com\/","name":"at our Szexshop Belv\u00e1ros","description":"\ud83d\udd25 Sex is like money; only too much is enough!\u2122 Secrets from the city center \ud83d\udc8b | Secrets from Budapest \ud83d\udc8e Adult games \u2022 Erotica \u2022 Sex shop Belvaros","publisher":{"@id":"https:\/\/www.szexshopbelvaros.com\/#organization"},"potentialAction":[{"@type":"SearchAction","target":{"@type":"EntryPoint","urlTemplate":"https:\/\/www.szexshopbelvaros.com\/?s={search_term_string}"},"query-input":{"@type":"PropertyValueSpecification","valueRequired":true,"valueName":"search_term_string"}}],"inLanguage":"en-US"},{"@type":"Organization","@id":"https:\/\/www.szexshopbelvaros.com\/#organization","name":"at our Szexshop Belv\u00e1ros","alternateName":"szexshopbelvaros.com","url":"https:\/\/www.szexshopbelvaros.com\/","logo":{"@type":"ImageObject","inLanguage":"en-US","@id":"https:\/\/www.szexshopbelvaros.com\/#\/schema\/logo\/image\/","url":"https:\/\/www.szexshopbelvaros.com\/wp-content\/uploads\/2025\/09\/1Szexshopbelvaroslogo_blurred_stronger.jpg","contentUrl":"https:\/\/www.szexshopbelvaros.com\/wp-content\/uploads\/2025\/09\/1Szexshopbelvaroslogo_blurred_stronger.jpg","width":1024,"height":1024,"caption":"Szexshop Belv\u00e1ros"},"image":{"@id":"https:\/\/www.szexshopbelvaros.com\/#\/schema\/logo\/image\/"},"sameAs":["https:\/\/www.facebook.com\/belvarossecrets\/","https:\/\/x.com\/belvarossecrets","https:\/\/www.instagram.com\/belvarossecrets\/","https:\/\/www.tiktok.com\/@belvarossecrets"]}]}},"_links":{"self":[{"href":"https:\/\/www.szexshopbelvaros.com\/en\/wp-json\/wp\/v2\/product\/290","targetHints":{"allow":["GET"]}}],"collection":[{"href":"https:\/\/www.szexshopbelvaros.com\/en\/wp-json\/wp\/v2\/product"}],"about":[{"href":"https:\/\/www.szexshopbelvaros.com\/en\/wp-json\/wp\/v2\/types\/product"}],"replies":[{"embeddable":true,"href":"https:\/\/www.szexshopbelvaros.com\/en\/wp-json\/wp\/v2\/comments?post=290"}],"wp:featuredmedia":[{"embeddable":true,"href":"https:\/\/www.szexshopbelvaros.com\/en\/wp-json\/wp\/v2\/media\/291"}],"wp:attachment":[{"href":"https:\/\/www.szexshopbelvaros.com\/en\/wp-json\/wp\/v2\/media?parent=290"}],"wp:term":[{"taxonomy":"product_brand","embeddable":true,"href":"https:\/\/www.szexshopbelvaros.com\/en\/wp-json\/wp\/v2\/product_brand?post=290"},{"taxonomy":"product_cat","embeddable":true,"href":"https:\/\/www.szexshopbelvaros.com\/en\/wp-json\/wp\/v2\/product_cat?post=290"},{"taxonomy":"product_tag","embeddable":true,"href":"https:\/\/www.szexshopbelvaros.com\/en\/wp-json\/wp\/v2\/product_tag?post=290"}],"curies":[{"name":"wp","href":"https:\/\/api.w.org\/{rel}","templated":true}]}}