{"id":294,"date":"2025-01-31T14:37:43","date_gmt":"2025-01-31T13:37:43","guid":{"rendered":"https:\/\/www.szexshopbelvaros.com\/termek\/pretty-love-special-vibrating-anal-stimulation-1\/"},"modified":"2026-04-10T15:58:09","modified_gmt":"2026-04-10T13:58:09","slug":"pretty-love-special-vibrating-anal-stimulation-1","status":"publish","type":"product","link":"https:\/\/www.szexshopbelvaros.com\/en\/product\/pretty-love-special-vibrating-anal-stimulation-1\/","title":{"rendered":"Special Vibrating Anal Stimulation \u2013 The black butt weapon that rocks your world in 12 different ways."},"content":{"rendered":"<p data-start=\"338\" data-end=\"779\">This 11.7 cm long, 2.8 cm diameter silicone anal dilator doesn&#039;t ask questions, it just vibrates - in 12 different ways. With the wired remote control, you do exactly what you would with a good sub: sit it down, turn it on, and watch it vibrate. Its unique, gradually thickening shape fits like a well-timed guilty pleasure, and the waterproof design guarantees that you can enjoy a complete nervous shutdown even in the shower.<\/p>\n<p data-start=\"781\" data-end=\"1078\">It runs on two AAA batteries, which we don&#039;t include, of course, because we love watching you desperately search the drawer for your remote-controlled gadgets. The skin-friendly material means there&#039;s no friction, just glide - especially when you use it with a water-based lubricant, as a responsible butt-lover would do.<\/p>\n<p data-start=\"1080\" data-end=\"1401\">Unisex sex toy for men and women, beginners and advanced users, who like to have a sphincter not just &quot;stretched&quot;, but <em data-start=\"1209\" data-end=\"1222\">calling for pleasure.<\/em>Wash it with warm soapy water and an aid cleaner before and after use, then decide whether to put it back in the drawer\u2026 or just toss it under your pillow until the next attack.<\/p>","protected":false},"excerpt":{"rendered":"<p>Ez a 11,7 centis hossz\u00fas\u00e1g\u00fa, 2,8 cm \u00e1tm\u00e9r\u0151j\u0171 szilikon an\u00e1l t\u00e1g\u00edt\u00f3 nem k\u00e9rdez, csak rezeg \u2013 m\u00e9ghozz\u00e1 12 k\u00fcl\u00f6nb\u00f6z\u0151 m\u00f3don. A vezet\u00e9kes t\u00e1vir\u00e1ny\u00edt\u00f3val pontosan azt csin\u00e1lod vele, amit egy j\u00f3 subbal: le\u00fclteted, elind\u00edtod, \u00e9s n\u00e9zed, ahogy remeg. Egyedi, fokozatosan vastagod\u00f3 form\u00e1ja pont \u00fagy simul be, mint egy j\u00f3l id\u0151z\u00edtett b\u0171ntudat, a v\u00edz\u00e1ll\u00f3 kialak\u00edt\u00e1s pedig garant\u00e1lja, [&#8230;]\n","protected":false},"featured_media":295,"comment_status":"closed","ping_status":"closed","template":"","meta":[],"product_brand":[95],"product_cat":[135,86],"product_tag":[684,418,676,694,1392,1393,424,1381,1318,698,695,1904],"class_list":{"0":"post-294","1":"product","2":"type-product","3":"status-publish","4":"has-post-thumbnail","6":"product_brand-pretty-love","7":"product_cat-anal","8":"product_cat-analdugok-prosztata-masszirozok","9":"product_tag-anal-dugo","10":"product_tag-anal-jatek","11":"product_tag-anal-play","12":"product_tag-anal-plug","13":"product_tag-anal-stimulacio","14":"product_tag-anal-stimulation","15":"product_tag-anal-toy","16":"product_tag-hatso-jatek","17":"product_tag-intimate-toy","18":"product_tag-p-spot-toy","19":"product_tag-prostate-massager","20":"product_tag-prosztata-masszirozo","22":"first","23":"outofstock","24":"taxable","25":"shipping-taxable","26":"purchasable","27":"product-type-simple"},"yoast_head":"<!-- This site is optimized with the Yoast SEO plugin v27.4 - https:\/\/yoast.com\/product\/yoast-seo-wordpress\/ -->\n<title>Special Vibrating Anal Stimulation \u2013 A fekete fen\u00e9kfegyver, ami 12 k\u00fcl\u00f6nb\u00f6z\u0151 m\u00f3don r\u00e1zza meg a vil\u00e1godat. - Szexshop Belvaros<\/title>\n<meta name=\"robots\" content=\"index, follow, max-snippet:-1, max-image-preview:large, max-video-preview:-1\" \/>\n<link rel=\"canonical\" href=\"https:\/\/www.szexshopbelvaros.com\/en\/product\/pretty-love-special-vibrating-anal-stimulation-1\/\" \/>\n<meta property=\"og:locale\" content=\"en_US\" \/>\n<meta property=\"og:type\" content=\"article\" \/>\n<meta property=\"og:title\" content=\"Special Vibrating Anal Stimulation \u2013 A fekete fen\u00e9kfegyver, ami 12 k\u00fcl\u00f6nb\u00f6z\u0151 m\u00f3don r\u00e1zza meg a vil\u00e1godat. - Szexshop Belvaros\" \/>\n<meta property=\"og:description\" content=\"Ez a 11,7 centis hossz\u00fas\u00e1g\u00fa, 2,8 cm \u00e1tm\u00e9r\u0151j\u0171 szilikon an\u00e1l t\u00e1g\u00edt\u00f3 nem k\u00e9rdez, csak rezeg \u2013 m\u00e9ghozz\u00e1 12 k\u00fcl\u00f6nb\u00f6z\u0151 m\u00f3don. A vezet\u00e9kes t\u00e1vir\u00e1ny\u00edt\u00f3val pontosan azt csin\u00e1lod vele, amit egy j\u00f3 subbal: le\u00fclteted, elind\u00edtod, \u00e9s n\u00e9zed, ahogy remeg. Egyedi, fokozatosan vastagod\u00f3 form\u00e1ja pont \u00fagy simul be, mint egy j\u00f3l id\u0151z\u00edtett b\u0171ntudat, a v\u00edz\u00e1ll\u00f3 kialak\u00edt\u00e1s pedig garant\u00e1lja, [...]\" \/>\n<meta property=\"og:url\" content=\"https:\/\/www.szexshopbelvaros.com\/en\/product\/pretty-love-special-vibrating-anal-stimulation-1\/\" \/>\n<meta property=\"og:site_name\" content=\"Szexshop Belvaros\" \/>\n<meta property=\"article:publisher\" content=\"https:\/\/www.facebook.com\/belvarossecrets\/\" \/>\n<meta property=\"article:modified_time\" content=\"2026-04-10T13:58:09+00:00\" \/>\n<meta property=\"og:image\" content=\"https:\/\/www.szexshopbelvaros.com\/wp-content\/uploads\/2025\/01\/5495aa78-dd5c-11ee-8938-1a581ceb2bf1_26533_1000x1000.jpg\" \/>\n\t<meta property=\"og:image:width\" content=\"1200\" \/>\n\t<meta property=\"og:image:height\" content=\"675\" \/>\n\t<meta property=\"og:image:type\" content=\"image\/jpeg\" \/>\n<meta name=\"twitter:card\" content=\"summary_large_image\" \/>\n<meta name=\"twitter:site\" content=\"@belvarossecrets\" \/>\n<meta name=\"twitter:label1\" content=\"Est. reading time\" \/>\n\t<meta name=\"twitter:data1\" content=\"2 minutes\" \/>\n<script type=\"application\/ld+json\" class=\"yoast-schema-graph\">{\"@context\":\"https:\\\/\\\/schema.org\",\"@graph\":[{\"@type\":\"WebPage\",\"@id\":\"https:\\\/\\\/www.szexshopbelvaros.com\\\/termek\\\/pretty-love-special-vibrating-anal-stimulation-1\\\/\",\"url\":\"https:\\\/\\\/www.szexshopbelvaros.com\\\/termek\\\/pretty-love-special-vibrating-anal-stimulation-1\\\/\",\"name\":\"Special Vibrating Anal Stimulation \u2013 A fekete fen\u00e9kfegyver, ami 12 k\u00fcl\u00f6nb\u00f6z\u0151 m\u00f3don r\u00e1zza meg a vil\u00e1godat. - Szexshop Belvaros\",\"isPartOf\":{\"@id\":\"https:\\\/\\\/www.szexshopbelvaros.com\\\/#website\"},\"primaryImageOfPage\":{\"@id\":\"https:\\\/\\\/www.szexshopbelvaros.com\\\/termek\\\/pretty-love-special-vibrating-anal-stimulation-1\\\/#primaryimage\"},\"image\":{\"@id\":\"https:\\\/\\\/www.szexshopbelvaros.com\\\/termek\\\/pretty-love-special-vibrating-anal-stimulation-1\\\/#primaryimage\"},\"thumbnailUrl\":\"https:\\\/\\\/www.szexshopbelvaros.com\\\/wp-content\\\/uploads\\\/2025\\\/01\\\/5495aa78-dd5c-11ee-8938-1a581ceb2bf1_26533_1000x1000.jpg\",\"datePublished\":\"2025-01-31T13:37:43+00:00\",\"dateModified\":\"2026-04-10T13:58:09+00:00\",\"breadcrumb\":{\"@id\":\"https:\\\/\\\/www.szexshopbelvaros.com\\\/termek\\\/pretty-love-special-vibrating-anal-stimulation-1\\\/#breadcrumb\"},\"inLanguage\":\"en-US\",\"potentialAction\":[{\"@type\":\"ReadAction\",\"target\":[\"https:\\\/\\\/www.szexshopbelvaros.com\\\/termek\\\/pretty-love-special-vibrating-anal-stimulation-1\\\/\"]}]},{\"@type\":\"ImageObject\",\"inLanguage\":\"en-US\",\"@id\":\"https:\\\/\\\/www.szexshopbelvaros.com\\\/termek\\\/pretty-love-special-vibrating-anal-stimulation-1\\\/#primaryimage\",\"url\":\"https:\\\/\\\/www.szexshopbelvaros.com\\\/wp-content\\\/uploads\\\/2025\\\/01\\\/5495aa78-dd5c-11ee-8938-1a581ceb2bf1_26533_1000x1000.jpg\",\"contentUrl\":\"https:\\\/\\\/www.szexshopbelvaros.com\\\/wp-content\\\/uploads\\\/2025\\\/01\\\/5495aa78-dd5c-11ee-8938-1a581ceb2bf1_26533_1000x1000.jpg\",\"width\":1200,\"height\":675},{\"@type\":\"BreadcrumbList\",\"@id\":\"https:\\\/\\\/www.szexshopbelvaros.com\\\/termek\\\/pretty-love-special-vibrating-anal-stimulation-1\\\/#breadcrumb\",\"itemListElement\":[{\"@type\":\"ListItem\",\"position\":1,\"name\":\"Home\",\"item\":\"https:\\\/\\\/www.szexshopbelvaros.com\\\/\"},{\"@type\":\"ListItem\",\"position\":2,\"name\":\"\u00c1ruh\u00e1z\",\"item\":\"https:\\\/\\\/www.szexshopbelvaros.com\\\/uzlet\\\/\"},{\"@type\":\"ListItem\",\"position\":3,\"name\":\"Special Vibrating Anal Stimulation \u2013 A fekete fen\u00e9kfegyver, ami 12 k\u00fcl\u00f6nb\u00f6z\u0151 m\u00f3don r\u00e1zza meg a vil\u00e1godat.\"}]},{\"@type\":\"WebSite\",\"@id\":\"https:\\\/\\\/www.szexshopbelvaros.com\\\/#website\",\"url\":\"https:\\\/\\\/www.szexshopbelvaros.com\\\/\",\"name\":\"Szexshop Belv\u00e1ros\",\"description\":\"\ud83d\udd25 A szex olyan, mint a p\u00e9nz; csak a t\u00fal sok el\u00e9g!\u2122 Titkok a belv\u00e1rosb\u00f3l \ud83d\udc8b | Secrets from Budapest \ud83d\udc8e Feln\u0151tt j\u00e1t\u00e9kok \u2022 Erotika \u2022 Szexshop Belvaros\",\"publisher\":{\"@id\":\"https:\\\/\\\/www.szexshopbelvaros.com\\\/#organization\"},\"potentialAction\":[{\"@type\":\"SearchAction\",\"target\":{\"@type\":\"EntryPoint\",\"urlTemplate\":\"https:\\\/\\\/www.szexshopbelvaros.com\\\/?s={search_term_string}\"},\"query-input\":{\"@type\":\"PropertyValueSpecification\",\"valueRequired\":true,\"valueName\":\"search_term_string\"}}],\"inLanguage\":\"en-US\"},{\"@type\":\"Organization\",\"@id\":\"https:\\\/\\\/www.szexshopbelvaros.com\\\/#organization\",\"name\":\"Szexshop Belv\u00e1ros\",\"alternateName\":\"szexshopbelvaros.com\",\"url\":\"https:\\\/\\\/www.szexshopbelvaros.com\\\/\",\"logo\":{\"@type\":\"ImageObject\",\"inLanguage\":\"en-US\",\"@id\":\"https:\\\/\\\/www.szexshopbelvaros.com\\\/#\\\/schema\\\/logo\\\/image\\\/\",\"url\":\"https:\\\/\\\/www.szexshopbelvaros.com\\\/wp-content\\\/uploads\\\/2025\\\/09\\\/1Szexshopbelvaroslogo_blurred_stronger.jpg\",\"contentUrl\":\"https:\\\/\\\/www.szexshopbelvaros.com\\\/wp-content\\\/uploads\\\/2025\\\/09\\\/1Szexshopbelvaroslogo_blurred_stronger.jpg\",\"width\":1024,\"height\":1024,\"caption\":\"Szexshop Belv\u00e1ros\"},\"image\":{\"@id\":\"https:\\\/\\\/www.szexshopbelvaros.com\\\/#\\\/schema\\\/logo\\\/image\\\/\"},\"sameAs\":[\"https:\\\/\\\/www.facebook.com\\\/belvarossecrets\\\/\",\"https:\\\/\\\/x.com\\\/belvarossecrets\",\"https:\\\/\\\/www.instagram.com\\\/belvarossecrets\\\/\",\"https:\\\/\\\/www.tiktok.com\\\/@belvarossecrets\"]}]}<\/script>\n<!-- \/ Yoast SEO plugin. -->","yoast_head_json":{"title":"Special Vibrating Anal Stimulation \u2013 The black butt weapon that will rock your world in 12 different ways. - Szexshop Belvaros","robots":{"index":"index","follow":"follow","max-snippet":"max-snippet:-1","max-image-preview":"max-image-preview:large","max-video-preview":"max-video-preview:-1"},"canonical":"https:\/\/www.szexshopbelvaros.com\/en\/product\/pretty-love-special-vibrating-anal-stimulation-1\/","og_locale":"en_US","og_type":"article","og_title":"Special Vibrating Anal Stimulation \u2013 A fekete fen\u00e9kfegyver, ami 12 k\u00fcl\u00f6nb\u00f6z\u0151 m\u00f3don r\u00e1zza meg a vil\u00e1godat. - Szexshop Belvaros","og_description":"Ez a 11,7 centis hossz\u00fas\u00e1g\u00fa, 2,8 cm \u00e1tm\u00e9r\u0151j\u0171 szilikon an\u00e1l t\u00e1g\u00edt\u00f3 nem k\u00e9rdez, csak rezeg \u2013 m\u00e9ghozz\u00e1 12 k\u00fcl\u00f6nb\u00f6z\u0151 m\u00f3don. A vezet\u00e9kes t\u00e1vir\u00e1ny\u00edt\u00f3val pontosan azt csin\u00e1lod vele, amit egy j\u00f3 subbal: le\u00fclteted, elind\u00edtod, \u00e9s n\u00e9zed, ahogy remeg. Egyedi, fokozatosan vastagod\u00f3 form\u00e1ja pont \u00fagy simul be, mint egy j\u00f3l id\u0151z\u00edtett b\u0171ntudat, a v\u00edz\u00e1ll\u00f3 kialak\u00edt\u00e1s pedig garant\u00e1lja, [...]","og_url":"https:\/\/www.szexshopbelvaros.com\/en\/product\/pretty-love-special-vibrating-anal-stimulation-1\/","og_site_name":"Szexshop Belvaros","article_publisher":"https:\/\/www.facebook.com\/belvarossecrets\/","article_modified_time":"2026-04-10T13:58:09+00:00","og_image":[{"width":1200,"height":675,"url":"https:\/\/www.szexshopbelvaros.com\/wp-content\/uploads\/2025\/01\/5495aa78-dd5c-11ee-8938-1a581ceb2bf1_26533_1000x1000.jpg","type":"image\/jpeg"}],"twitter_card":"summary_large_image","twitter_site":"@belvarossecrets","twitter_misc":{"Est. reading time":"2 minutes"},"schema":{"@context":"https:\/\/schema.org","@graph":[{"@type":"WebPage","@id":"https:\/\/www.szexshopbelvaros.com\/termek\/pretty-love-special-vibrating-anal-stimulation-1\/","url":"https:\/\/www.szexshopbelvaros.com\/termek\/pretty-love-special-vibrating-anal-stimulation-1\/","name":"Special Vibrating Anal Stimulation \u2013 The black butt weapon that will rock your world in 12 different ways. - Szexshop Belvaros","isPartOf":{"@id":"https:\/\/www.szexshopbelvaros.com\/#website"},"primaryImageOfPage":{"@id":"https:\/\/www.szexshopbelvaros.com\/termek\/pretty-love-special-vibrating-anal-stimulation-1\/#primaryimage"},"image":{"@id":"https:\/\/www.szexshopbelvaros.com\/termek\/pretty-love-special-vibrating-anal-stimulation-1\/#primaryimage"},"thumbnailUrl":"https:\/\/www.szexshopbelvaros.com\/wp-content\/uploads\/2025\/01\/5495aa78-dd5c-11ee-8938-1a581ceb2bf1_26533_1000x1000.jpg","datePublished":"2025-01-31T13:37:43+00:00","dateModified":"2026-04-10T13:58:09+00:00","breadcrumb":{"@id":"https:\/\/www.szexshopbelvaros.com\/termek\/pretty-love-special-vibrating-anal-stimulation-1\/#breadcrumb"},"inLanguage":"en-US","potentialAction":[{"@type":"ReadAction","target":["https:\/\/www.szexshopbelvaros.com\/termek\/pretty-love-special-vibrating-anal-stimulation-1\/"]}]},{"@type":"ImageObject","inLanguage":"en-US","@id":"https:\/\/www.szexshopbelvaros.com\/termek\/pretty-love-special-vibrating-anal-stimulation-1\/#primaryimage","url":"https:\/\/www.szexshopbelvaros.com\/wp-content\/uploads\/2025\/01\/5495aa78-dd5c-11ee-8938-1a581ceb2bf1_26533_1000x1000.jpg","contentUrl":"https:\/\/www.szexshopbelvaros.com\/wp-content\/uploads\/2025\/01\/5495aa78-dd5c-11ee-8938-1a581ceb2bf1_26533_1000x1000.jpg","width":1200,"height":675},{"@type":"BreadcrumbList","@id":"https:\/\/www.szexshopbelvaros.com\/termek\/pretty-love-special-vibrating-anal-stimulation-1\/#breadcrumb","itemListElement":[{"@type":"ListItem","position":1,"name":"Home","item":"https:\/\/www.szexshopbelvaros.com\/"},{"@type":"ListItem","position":2,"name":"\u00c1ruh\u00e1z","item":"https:\/\/www.szexshopbelvaros.com\/uzlet\/"},{"@type":"ListItem","position":3,"name":"Special Vibrating Anal Stimulation \u2013 A fekete fen\u00e9kfegyver, ami 12 k\u00fcl\u00f6nb\u00f6z\u0151 m\u00f3don r\u00e1zza meg a vil\u00e1godat."}]},{"@type":"WebSite","@id":"https:\/\/www.szexshopbelvaros.com\/#website","url":"https:\/\/www.szexshopbelvaros.com\/","name":"at our Szexshop Belv\u00e1ros","description":"\ud83d\udd25 Sex is like money; only too much is enough!\u2122 Secrets from the city center \ud83d\udc8b | Secrets from Budapest \ud83d\udc8e Adult games \u2022 Erotica \u2022 Sex shop Belvaros","publisher":{"@id":"https:\/\/www.szexshopbelvaros.com\/#organization"},"potentialAction":[{"@type":"SearchAction","target":{"@type":"EntryPoint","urlTemplate":"https:\/\/www.szexshopbelvaros.com\/?s={search_term_string}"},"query-input":{"@type":"PropertyValueSpecification","valueRequired":true,"valueName":"search_term_string"}}],"inLanguage":"en-US"},{"@type":"Organization","@id":"https:\/\/www.szexshopbelvaros.com\/#organization","name":"at our Szexshop Belv\u00e1ros","alternateName":"szexshopbelvaros.com","url":"https:\/\/www.szexshopbelvaros.com\/","logo":{"@type":"ImageObject","inLanguage":"en-US","@id":"https:\/\/www.szexshopbelvaros.com\/#\/schema\/logo\/image\/","url":"https:\/\/www.szexshopbelvaros.com\/wp-content\/uploads\/2025\/09\/1Szexshopbelvaroslogo_blurred_stronger.jpg","contentUrl":"https:\/\/www.szexshopbelvaros.com\/wp-content\/uploads\/2025\/09\/1Szexshopbelvaroslogo_blurred_stronger.jpg","width":1024,"height":1024,"caption":"Szexshop Belv\u00e1ros"},"image":{"@id":"https:\/\/www.szexshopbelvaros.com\/#\/schema\/logo\/image\/"},"sameAs":["https:\/\/www.facebook.com\/belvarossecrets\/","https:\/\/x.com\/belvarossecrets","https:\/\/www.instagram.com\/belvarossecrets\/","https:\/\/www.tiktok.com\/@belvarossecrets"]}]}},"_links":{"self":[{"href":"https:\/\/www.szexshopbelvaros.com\/en\/wp-json\/wp\/v2\/product\/294","targetHints":{"allow":["GET"]}}],"collection":[{"href":"https:\/\/www.szexshopbelvaros.com\/en\/wp-json\/wp\/v2\/product"}],"about":[{"href":"https:\/\/www.szexshopbelvaros.com\/en\/wp-json\/wp\/v2\/types\/product"}],"replies":[{"embeddable":true,"href":"https:\/\/www.szexshopbelvaros.com\/en\/wp-json\/wp\/v2\/comments?post=294"}],"wp:featuredmedia":[{"embeddable":true,"href":"https:\/\/www.szexshopbelvaros.com\/en\/wp-json\/wp\/v2\/media\/295"}],"wp:attachment":[{"href":"https:\/\/www.szexshopbelvaros.com\/en\/wp-json\/wp\/v2\/media?parent=294"}],"wp:term":[{"taxonomy":"product_brand","embeddable":true,"href":"https:\/\/www.szexshopbelvaros.com\/en\/wp-json\/wp\/v2\/product_brand?post=294"},{"taxonomy":"product_cat","embeddable":true,"href":"https:\/\/www.szexshopbelvaros.com\/en\/wp-json\/wp\/v2\/product_cat?post=294"},{"taxonomy":"product_tag","embeddable":true,"href":"https:\/\/www.szexshopbelvaros.com\/en\/wp-json\/wp\/v2\/product_tag?post=294"}],"curies":[{"name":"wp","href":"https:\/\/api.w.org\/{rel}","templated":true}]}}