{"id":2967,"date":"2026-04-02T12:51:59","date_gmt":"2026-04-02T10:51:59","guid":{"rendered":"https:\/\/www.szexshopbelvaros.com\/?post_type=product&#038;p=2967"},"modified":"2026-04-21T16:18:47","modified_gmt":"2026-04-21T14:18:47","slug":"%f0%9f%8e%a4-the-moaning-meatloaf-3000","status":"publish","type":"product","link":"https:\/\/www.szexshopbelvaros.com\/en\/product\/%f0%9f%8e%a4-the-moaning-meatloaf-3000\/","title":{"rendered":"\ud83c\udfa4 The Moaning Meatloaf 3000"},"content":{"rendered":"<p>The Moaning Meatloaf 3000 is a brutally realistic male masturbator that takes pleasure to a new level with a heating and vibration function.<\/p>\n<p>What does this male masturbator do? The Moaning Meatloaf 3000 \u2013 It warms, vibrates and sometimes comments on the evening.<\/p>\n<p>Look at it. Now look away. Now look back.<br \/>\nYes\u2026 it looks exactly like you think.<\/p>\n<p>The Moaning Meatloaf 3000\u2122 is a flesh-colored pleasure device with a look that celebrates itself, and comes in both a vagina AND anus shape \u2014 because why choose when you can have both at the same time.<\/p>\n<p>But wait\u2026 This is heating. This is vibrating. This is remote controlled.<br \/>\nAND IT MAKES A SOUND!<\/p>\n<p>Yes. This meat talks back. \ud83c\udfa4<\/p>\n<p>The soft, leather-like TPR exterior is so lifelike that it will make you think twice about your life decisions, and inside, solid ABS technology is at work, because THIS product is no joke \u2014 it just looks that way.<\/p>\n<p data-start=\"109\" data-end=\"412\"><em data-start=\"109\" data-end=\"223\">The insertable vibrating egg is remote-controlled, so you&#039;re in control... until you&#039;re not.<\/em><br data-start=\"223\" data-end=\"226\" \/><em data-start=\"226\" data-end=\"307\">Requires 4 AA batteries for operation (not included).<\/em><br data-start=\"307\" data-end=\"310\" \/><em data-start=\"310\" data-end=\"412\">And the heating function ensures that it is not only strange, but also surprisingly comfortable.<\/em><\/p>\n<p>And yes, using it can help develop self-control, so you can officially say that \u201eit\u2019s a development tool.\u201d.<br \/>\nA lie. But it sounds good.<\/p>\n<p>\u26a0\ufe0f It weighs about 3 kg. This is not a quick flirt.<br data-start=\"343\" data-end=\"346\" \/>This is a piece of furniture with emotions.<br data-start=\"376\" data-end=\"379\" \/>Its diameter is about 21 cm, its length is 22.5 cm \u2014 and you will feel it.<\/p>\n<p>Wash with warm, soapy water and tool cleaner before and after use.<br \/>\nWater-based lubricant is recommended, because we shouldn&#039;t skimp on this point.<\/p>\n<p>\ud83d\udc49It's worth checking out the rest of our <a href=\"https:\/\/www.szexshopbelvaros.com\/en\/product-category\/ferfiaknak\/maszturbatorok\/\">male masturbators<\/a> as well!<\/p>\n<p>\ud83d\udc49 Available at Szexshop Belv\u00e1ros - with discreet packaging and lightning-fast delivery.<br data-start=\"1631\" data-end=\"1634\" \/>In Budapest you can order within 1 hour <a href=\"https:\/\/wolt.com\/hu\/hun\/budapest\/venue\/szexshop-belvaros\/the-moaning-meatloaf-3000-itemid-8f3424c12d13dea4e8a79648\">on Wolt<\/a> via (Szexshop Belv\u00e1ros) or with national and EU delivery to <a class=\"decorated-link cursor-pointer\" target=\"_new\" rel=\"noopener\" data-start=\"1756\" data-end=\"1780\">www.szexshopbelvaros.com<\/a> website.<\/p>","protected":false},"excerpt":{"rendered":"<p>A Moaning Meatloaf 3000 egy brut\u00e1lisan realisztikus f\u00e9rfi maszturb\u00e1tor, amely meleg\u00edt\u0151 \u00e9s vibr\u00e1ci\u00f3s funkci\u00f3val emeli \u00faj szintre az \u00e9lvezetet. Mit tud ez a f\u00e9rfi maszturb\u00e1tor? The Moaning Meatloaf 3000 &#8211; Meleg\u00edt, rezeg \u00e9s n\u00e9ha komment\u00e1lja az est\u00e9t. N\u00e9zz r\u00e1. Most n\u00e9zz el. Most n\u00e9zz vissza. Igen\u2026 pont \u00fagy n\u00e9z ki, mint amire gondolsz. A Moaning [&#8230;]\n","protected":false},"featured_media":2975,"comment_status":"closed","ping_status":"closed","template":"","meta":[],"product_brand":[59],"product_cat":[68,150,115],"product_tag":[1857,2445,2166,2069,2068,1104,1023,2071,2172,1855,2207,2076,2168,2210,2211,2208,2167,2073,573,2174,2072,2442,1858,2074,1856,2209,2446,2173,2171,2075,220,2206,2205,2441,2443,2444],"class_list":{"0":"post-2967","1":"product","2":"type-product","3":"status-publish","4":"has-post-thumbnail","6":"product_brand-debra","7":"product_cat-ferfiaknak","8":"product_cat-maszturbatorok","9":"product_cat-ujdonsagok","10":"product_tag-adult-toy-for-men","11":"product_tag-elethu-maszturbator","12":"product_tag-ferfi-elvezet","13":"product_tag-ferfi-felnott-jatek","14":"product_tag-ferfi-intim-jatek","15":"product_tag-ferfi-kiegeszito","16":"product_tag-ferfi-maszturbator","17":"product_tag-ferfi-onkielegito","18":"product_tag-ferfi-solo-jatek","19":"product_tag-ferfi-szexjatek","20":"product_tag-friss-erkezes","21":"product_tag-handheld-masturbator","22":"product_tag-intimate-toy-for-men","23":"product_tag-just-arrived","24":"product_tag-latest-arrival","25":"product_tag-legujabb-termek","26":"product_tag-male-adult-toy","27":"product_tag-male-masturbator","28":"product_tag-male-sex-toy","29":"product_tag-masturbation-toy","30":"product_tag-maszturbator-jatek","31":"product_tag-melegitos-maszturbator","32":"product_tag-mens-accessory","33":"product_tag-mens-masturbator","34":"product_tag-mens-pleasure","35":"product_tag-new-product","36":"product_tag-realistic-vibrating-masturbator","37":"product_tag-solo-pleasure","38":"product_tag-stimulacios-eszkoz","39":"product_tag-stroker","40":"product_tag-szexshop-belvaros","41":"product_tag-uj-termek","42":"product_tag-ujdonsag","43":"product_tag-vibracios-maszturbator","44":"product_tag-vibrating-masturbator","45":"product_tag-warming-masturbator","47":"first","48":"instock","49":"taxable","50":"shipping-taxable","51":"purchasable","52":"product-type-simple"},"yoast_head":"<!-- This site is optimized with the Yoast SEO plugin v27.4 - https:\/\/yoast.com\/product\/yoast-seo-wordpress\/ -->\n<title>Realisztikus f\u00e9rfi maszturb\u00e1tor \u2013 The Moaning Meatloaf 3000 | Szexshop Belvaros<\/title>\n<meta name=\"description\" content=\"Realisztikus f\u00e9rfi maszturb\u00e1tor meleg\u00edt\u0151 \u00e9s vibr\u00e1ci\u00f3s funkci\u00f3val a Szexshop Belvaros k\u00edn\u00e1lat\u00e1ban. Diszkr\u00e9t rendel\u00e9s, gyors sz\u00e1ll\u00edt\u00e1s Budapesten \u00e9s az EU-szerte.\" \/>\n<meta name=\"robots\" content=\"index, follow, max-snippet:-1, max-image-preview:large, max-video-preview:-1\" \/>\n<link rel=\"canonical\" href=\"https:\/\/www.szexshopbelvaros.com\/en\/product\/\ud83c\udfa4-the-moaning-meatloaf-3000\/\" \/>\n<meta property=\"og:locale\" content=\"en_US\" \/>\n<meta property=\"og:type\" content=\"article\" \/>\n<meta property=\"og:title\" content=\"Realisztikus f\u00e9rfi maszturb\u00e1tor \u2013 The Moaning Meatloaf 3000 | Szexshop Belvaros\" \/>\n<meta property=\"og:description\" content=\"Realisztikus f\u00e9rfi maszturb\u00e1tor meleg\u00edt\u0151 \u00e9s vibr\u00e1ci\u00f3s funkci\u00f3val a Szexshop Belvaros k\u00edn\u00e1lat\u00e1ban. Diszkr\u00e9t rendel\u00e9s, gyors sz\u00e1ll\u00edt\u00e1s Budapesten \u00e9s az EU-szerte.\" \/>\n<meta property=\"og:url\" content=\"https:\/\/www.szexshopbelvaros.com\/en\/product\/\ud83c\udfa4-the-moaning-meatloaf-3000\/\" \/>\n<meta property=\"og:site_name\" content=\"Szexshop Belvaros\" \/>\n<meta property=\"article:publisher\" content=\"https:\/\/www.facebook.com\/belvarossecrets\/\" \/>\n<meta property=\"article:modified_time\" content=\"2026-04-21T14:18:47+00:00\" \/>\n<meta property=\"og:image\" content=\"https:\/\/www.szexshopbelvaros.com\/wp-content\/uploads\/2026\/04\/Untitled-design-2.png\" \/>\n\t<meta property=\"og:image:width\" content=\"300\" \/>\n\t<meta property=\"og:image:height\" content=\"169\" \/>\n\t<meta property=\"og:image:type\" content=\"image\/png\" \/>\n<meta name=\"twitter:card\" content=\"summary_large_image\" \/>\n<meta name=\"twitter:site\" content=\"@belvarossecrets\" \/>\n<meta name=\"twitter:label1\" content=\"Est. reading time\" \/>\n\t<meta name=\"twitter:data1\" content=\"2 minutes\" \/>\n<script type=\"application\/ld+json\" class=\"yoast-schema-graph\">{\"@context\":\"https:\\\/\\\/schema.org\",\"@graph\":[{\"@type\":\"WebPage\",\"@id\":\"https:\\\/\\\/www.szexshopbelvaros.com\\\/termek\\\/%f0%9f%8e%a4-the-moaning-meatloaf-3000\\\/\",\"url\":\"https:\\\/\\\/www.szexshopbelvaros.com\\\/termek\\\/%f0%9f%8e%a4-the-moaning-meatloaf-3000\\\/\",\"name\":\"Realisztikus f\u00e9rfi maszturb\u00e1tor \u2013 The Moaning Meatloaf 3000 | Szexshop Belvaros\",\"isPartOf\":{\"@id\":\"https:\\\/\\\/www.szexshopbelvaros.com\\\/#website\"},\"primaryImageOfPage\":{\"@id\":\"https:\\\/\\\/www.szexshopbelvaros.com\\\/termek\\\/%f0%9f%8e%a4-the-moaning-meatloaf-3000\\\/#primaryimage\"},\"image\":{\"@id\":\"https:\\\/\\\/www.szexshopbelvaros.com\\\/termek\\\/%f0%9f%8e%a4-the-moaning-meatloaf-3000\\\/#primaryimage\"},\"thumbnailUrl\":\"https:\\\/\\\/www.szexshopbelvaros.com\\\/wp-content\\\/uploads\\\/2026\\\/04\\\/Untitled-design-2.png\",\"datePublished\":\"2026-04-02T10:51:59+00:00\",\"dateModified\":\"2026-04-21T14:18:47+00:00\",\"description\":\"Realisztikus f\u00e9rfi maszturb\u00e1tor meleg\u00edt\u0151 \u00e9s vibr\u00e1ci\u00f3s funkci\u00f3val a Szexshop Belvaros k\u00edn\u00e1lat\u00e1ban. Diszkr\u00e9t rendel\u00e9s, gyors sz\u00e1ll\u00edt\u00e1s Budapesten \u00e9s az EU-szerte.\",\"breadcrumb\":{\"@id\":\"https:\\\/\\\/www.szexshopbelvaros.com\\\/termek\\\/%f0%9f%8e%a4-the-moaning-meatloaf-3000\\\/#breadcrumb\"},\"inLanguage\":\"en-US\",\"potentialAction\":[{\"@type\":\"ReadAction\",\"target\":[\"https:\\\/\\\/www.szexshopbelvaros.com\\\/termek\\\/%f0%9f%8e%a4-the-moaning-meatloaf-3000\\\/\"]}]},{\"@type\":\"ImageObject\",\"inLanguage\":\"en-US\",\"@id\":\"https:\\\/\\\/www.szexshopbelvaros.com\\\/termek\\\/%f0%9f%8e%a4-the-moaning-meatloaf-3000\\\/#primaryimage\",\"url\":\"https:\\\/\\\/www.szexshopbelvaros.com\\\/wp-content\\\/uploads\\\/2026\\\/04\\\/Untitled-design-2.png\",\"contentUrl\":\"https:\\\/\\\/www.szexshopbelvaros.com\\\/wp-content\\\/uploads\\\/2026\\\/04\\\/Untitled-design-2.png\",\"width\":300,\"height\":169,\"caption\":\"HU: Realisztikus f\u00e9rfi maszturb\u00e1tor k\u00e9t ny\u00edl\u00e1sos kialak\u00edt\u00e1ssal el\u00f6l n\u00e9zve EN: Realistic male masturbator with dual entry design front view\"},{\"@type\":\"BreadcrumbList\",\"@id\":\"https:\\\/\\\/www.szexshopbelvaros.com\\\/termek\\\/%f0%9f%8e%a4-the-moaning-meatloaf-3000\\\/#breadcrumb\",\"itemListElement\":[{\"@type\":\"ListItem\",\"position\":1,\"name\":\"Home\",\"item\":\"https:\\\/\\\/www.szexshopbelvaros.com\\\/\"},{\"@type\":\"ListItem\",\"position\":2,\"name\":\"\u00c1ruh\u00e1z\",\"item\":\"https:\\\/\\\/www.szexshopbelvaros.com\\\/uzlet\\\/\"},{\"@type\":\"ListItem\",\"position\":3,\"name\":\"\ud83c\udfa4 The Moaning Meatloaf 3000\"}]},{\"@type\":\"WebSite\",\"@id\":\"https:\\\/\\\/www.szexshopbelvaros.com\\\/#website\",\"url\":\"https:\\\/\\\/www.szexshopbelvaros.com\\\/\",\"name\":\"Szexshop Belv\u00e1ros\",\"description\":\"\ud83d\udd25 A szex olyan, mint a p\u00e9nz; csak a t\u00fal sok el\u00e9g!\u2122 Titkok a belv\u00e1rosb\u00f3l \ud83d\udc8b | Secrets from Budapest \ud83d\udc8e Feln\u0151tt j\u00e1t\u00e9kok \u2022 Erotika \u2022 Szexshop Belvaros\",\"publisher\":{\"@id\":\"https:\\\/\\\/www.szexshopbelvaros.com\\\/#organization\"},\"potentialAction\":[{\"@type\":\"SearchAction\",\"target\":{\"@type\":\"EntryPoint\",\"urlTemplate\":\"https:\\\/\\\/www.szexshopbelvaros.com\\\/?s={search_term_string}\"},\"query-input\":{\"@type\":\"PropertyValueSpecification\",\"valueRequired\":true,\"valueName\":\"search_term_string\"}}],\"inLanguage\":\"en-US\"},{\"@type\":\"Organization\",\"@id\":\"https:\\\/\\\/www.szexshopbelvaros.com\\\/#organization\",\"name\":\"Szexshop Belv\u00e1ros\",\"alternateName\":\"szexshopbelvaros.com\",\"url\":\"https:\\\/\\\/www.szexshopbelvaros.com\\\/\",\"logo\":{\"@type\":\"ImageObject\",\"inLanguage\":\"en-US\",\"@id\":\"https:\\\/\\\/www.szexshopbelvaros.com\\\/#\\\/schema\\\/logo\\\/image\\\/\",\"url\":\"https:\\\/\\\/www.szexshopbelvaros.com\\\/wp-content\\\/uploads\\\/2025\\\/09\\\/1Szexshopbelvaroslogo_blurred_stronger.jpg\",\"contentUrl\":\"https:\\\/\\\/www.szexshopbelvaros.com\\\/wp-content\\\/uploads\\\/2025\\\/09\\\/1Szexshopbelvaroslogo_blurred_stronger.jpg\",\"width\":1024,\"height\":1024,\"caption\":\"Szexshop Belv\u00e1ros\"},\"image\":{\"@id\":\"https:\\\/\\\/www.szexshopbelvaros.com\\\/#\\\/schema\\\/logo\\\/image\\\/\"},\"sameAs\":[\"https:\\\/\\\/www.facebook.com\\\/belvarossecrets\\\/\",\"https:\\\/\\\/x.com\\\/belvarossecrets\",\"https:\\\/\\\/www.instagram.com\\\/belvarossecrets\\\/\",\"https:\\\/\\\/www.tiktok.com\\\/@belvarossecrets\"]}]}<\/script>\n<!-- \/ Yoast SEO plugin. -->","yoast_head_json":{"title":"Realistic male masturbator \u2013 The Moaning Meatloaf 3000 | Sex shop Belvaros","description":"Realistic male masturbator with heating and vibration function available at Szexshop Belvaros. Discreet ordering, fast delivery in Budapest and throughout the EU.","robots":{"index":"index","follow":"follow","max-snippet":"max-snippet:-1","max-image-preview":"max-image-preview:large","max-video-preview":"max-video-preview:-1"},"canonical":"https:\/\/www.szexshopbelvaros.com\/en\/product\/\ud83c\udfa4-the-moaning-meatloaf-3000\/","og_locale":"en_US","og_type":"article","og_title":"Realisztikus f\u00e9rfi maszturb\u00e1tor \u2013 The Moaning Meatloaf 3000 | Szexshop Belvaros","og_description":"Realisztikus f\u00e9rfi maszturb\u00e1tor meleg\u00edt\u0151 \u00e9s vibr\u00e1ci\u00f3s funkci\u00f3val a Szexshop Belvaros k\u00edn\u00e1lat\u00e1ban. Diszkr\u00e9t rendel\u00e9s, gyors sz\u00e1ll\u00edt\u00e1s Budapesten \u00e9s az EU-szerte.","og_url":"https:\/\/www.szexshopbelvaros.com\/en\/product\/\ud83c\udfa4-the-moaning-meatloaf-3000\/","og_site_name":"Szexshop Belvaros","article_publisher":"https:\/\/www.facebook.com\/belvarossecrets\/","article_modified_time":"2026-04-21T14:18:47+00:00","og_image":[{"width":300,"height":169,"url":"https:\/\/www.szexshopbelvaros.com\/wp-content\/uploads\/2026\/04\/Untitled-design-2.png","type":"image\/png"}],"twitter_card":"summary_large_image","twitter_site":"@belvarossecrets","twitter_misc":{"Est. reading time":"2 minutes"},"schema":{"@context":"https:\/\/schema.org","@graph":[{"@type":"WebPage","@id":"https:\/\/www.szexshopbelvaros.com\/termek\/%f0%9f%8e%a4-the-moaning-meatloaf-3000\/","url":"https:\/\/www.szexshopbelvaros.com\/termek\/%f0%9f%8e%a4-the-moaning-meatloaf-3000\/","name":"Realistic male masturbator \u2013 The Moaning Meatloaf 3000 | Sex shop Belvaros","isPartOf":{"@id":"https:\/\/www.szexshopbelvaros.com\/#website"},"primaryImageOfPage":{"@id":"https:\/\/www.szexshopbelvaros.com\/termek\/%f0%9f%8e%a4-the-moaning-meatloaf-3000\/#primaryimage"},"image":{"@id":"https:\/\/www.szexshopbelvaros.com\/termek\/%f0%9f%8e%a4-the-moaning-meatloaf-3000\/#primaryimage"},"thumbnailUrl":"https:\/\/www.szexshopbelvaros.com\/wp-content\/uploads\/2026\/04\/Untitled-design-2.png","datePublished":"2026-04-02T10:51:59+00:00","dateModified":"2026-04-21T14:18:47+00:00","description":"Realistic male masturbator with heating and vibration function available at Szexshop Belvaros. Discreet ordering, fast delivery in Budapest and throughout the EU.","breadcrumb":{"@id":"https:\/\/www.szexshopbelvaros.com\/termek\/%f0%9f%8e%a4-the-moaning-meatloaf-3000\/#breadcrumb"},"inLanguage":"en-US","potentialAction":[{"@type":"ReadAction","target":["https:\/\/www.szexshopbelvaros.com\/termek\/%f0%9f%8e%a4-the-moaning-meatloaf-3000\/"]}]},{"@type":"ImageObject","inLanguage":"en-US","@id":"https:\/\/www.szexshopbelvaros.com\/termek\/%f0%9f%8e%a4-the-moaning-meatloaf-3000\/#primaryimage","url":"https:\/\/www.szexshopbelvaros.com\/wp-content\/uploads\/2026\/04\/Untitled-design-2.png","contentUrl":"https:\/\/www.szexshopbelvaros.com\/wp-content\/uploads\/2026\/04\/Untitled-design-2.png","width":300,"height":169,"caption":"HU: Realisztikus f\u00e9rfi maszturb\u00e1tor k\u00e9t ny\u00edl\u00e1sos kialak\u00edt\u00e1ssal el\u00f6l n\u00e9zve EN: Realistic male masturbator with dual entry design front view"},{"@type":"BreadcrumbList","@id":"https:\/\/www.szexshopbelvaros.com\/termek\/%f0%9f%8e%a4-the-moaning-meatloaf-3000\/#breadcrumb","itemListElement":[{"@type":"ListItem","position":1,"name":"Home","item":"https:\/\/www.szexshopbelvaros.com\/"},{"@type":"ListItem","position":2,"name":"\u00c1ruh\u00e1z","item":"https:\/\/www.szexshopbelvaros.com\/uzlet\/"},{"@type":"ListItem","position":3,"name":"\ud83c\udfa4 The Moaning Meatloaf 3000"}]},{"@type":"WebSite","@id":"https:\/\/www.szexshopbelvaros.com\/#website","url":"https:\/\/www.szexshopbelvaros.com\/","name":"at our Szexshop Belv\u00e1ros","description":"\ud83d\udd25 Sex is like money; only too much is enough!\u2122 Secrets from the city center \ud83d\udc8b | Secrets from Budapest \ud83d\udc8e Adult games \u2022 Erotica \u2022 Sex shop Belvaros","publisher":{"@id":"https:\/\/www.szexshopbelvaros.com\/#organization"},"potentialAction":[{"@type":"SearchAction","target":{"@type":"EntryPoint","urlTemplate":"https:\/\/www.szexshopbelvaros.com\/?s={search_term_string}"},"query-input":{"@type":"PropertyValueSpecification","valueRequired":true,"valueName":"search_term_string"}}],"inLanguage":"en-US"},{"@type":"Organization","@id":"https:\/\/www.szexshopbelvaros.com\/#organization","name":"at our Szexshop Belv\u00e1ros","alternateName":"szexshopbelvaros.com","url":"https:\/\/www.szexshopbelvaros.com\/","logo":{"@type":"ImageObject","inLanguage":"en-US","@id":"https:\/\/www.szexshopbelvaros.com\/#\/schema\/logo\/image\/","url":"https:\/\/www.szexshopbelvaros.com\/wp-content\/uploads\/2025\/09\/1Szexshopbelvaroslogo_blurred_stronger.jpg","contentUrl":"https:\/\/www.szexshopbelvaros.com\/wp-content\/uploads\/2025\/09\/1Szexshopbelvaroslogo_blurred_stronger.jpg","width":1024,"height":1024,"caption":"Szexshop Belv\u00e1ros"},"image":{"@id":"https:\/\/www.szexshopbelvaros.com\/#\/schema\/logo\/image\/"},"sameAs":["https:\/\/www.facebook.com\/belvarossecrets\/","https:\/\/x.com\/belvarossecrets","https:\/\/www.instagram.com\/belvarossecrets\/","https:\/\/www.tiktok.com\/@belvarossecrets"]}]}},"_links":{"self":[{"href":"https:\/\/www.szexshopbelvaros.com\/en\/wp-json\/wp\/v2\/product\/2967","targetHints":{"allow":["GET"]}}],"collection":[{"href":"https:\/\/www.szexshopbelvaros.com\/en\/wp-json\/wp\/v2\/product"}],"about":[{"href":"https:\/\/www.szexshopbelvaros.com\/en\/wp-json\/wp\/v2\/types\/product"}],"replies":[{"embeddable":true,"href":"https:\/\/www.szexshopbelvaros.com\/en\/wp-json\/wp\/v2\/comments?post=2967"}],"wp:featuredmedia":[{"embeddable":true,"href":"https:\/\/www.szexshopbelvaros.com\/en\/wp-json\/wp\/v2\/media\/2975"}],"wp:attachment":[{"href":"https:\/\/www.szexshopbelvaros.com\/en\/wp-json\/wp\/v2\/media?parent=2967"}],"wp:term":[{"taxonomy":"product_brand","embeddable":true,"href":"https:\/\/www.szexshopbelvaros.com\/en\/wp-json\/wp\/v2\/product_brand?post=2967"},{"taxonomy":"product_cat","embeddable":true,"href":"https:\/\/www.szexshopbelvaros.com\/en\/wp-json\/wp\/v2\/product_cat?post=2967"},{"taxonomy":"product_tag","embeddable":true,"href":"https:\/\/www.szexshopbelvaros.com\/en\/wp-json\/wp\/v2\/product_tag?post=2967"}],"curies":[{"name":"wp","href":"https:\/\/api.w.org\/{rel}","templated":true}]}}