{"id":2976,"date":"2026-04-02T14:58:24","date_gmt":"2026-04-02T12:58:24","guid":{"rendered":"https:\/\/www.szexshopbelvaros.com\/?post_type=product&#038;p=2976"},"modified":"2026-04-10T14:00:13","modified_gmt":"2026-04-10T12:00:13","slug":"%f0%9f%90%84-dusk-grazer","status":"publish","type":"product","link":"https:\/\/www.szexshopbelvaros.com\/en\/product\/%f0%9f%90%84-dusk-grazer\/","title":{"rendered":"\ud83d\udc04 Dusk Grazer \u2013 Your fantasy begins after sunset"},"content":{"rendered":"<p>Dusk Grazer Fantasy Male Masturbator \u2013 Your Fantasy Begins After Sunset<\/p>\n<p>The Dusk Grazer is a new kind of masturbator that doesn&#039;t roar, it beckons. This unique, dual-channel dream creature is crafted with a caramel-brown body and dark, contrasting openings - it&#039;s like an erotic sunset you can grab. Molded from medical-grade liquid silicone, it&#039;s waterproof, flexible and pleasantly soft - it feels like snuggling into a well-kept secret.<\/p>\n<p>One side is gently hugging, the other is tighter and more playful \u2013 you decide where your imagination takes you. The 15 cm long, 10.5 x 7 cm body, weighing 670 grams, fits perfectly in your hand, but is discreet enough not to have to hide it in a barn behind the house.<\/p>\n<p>Cleaning it is child&#039;s play: lukewarm water, neutral detergent, fingertips (no nails!), then drying and a little dusting powder to prevent sticking.<\/p>\n<p>If you&#039;re ready for a new, but not scary, erotic adventure, Dusk Grazer offers just what you didn&#039;t know you were missing.<\/p>\n<p>Check out the rest of our <a href=\"https:\/\/www.szexshopbelvaros.com\/en\/product-category\/ferfiaknak\/maszturbatorok\/\">male masturbators<\/a> that we offer on our szexshopbelvaros.com website.<\/p>\n<p>\ud83d\udc49 Available at Szexshop Belv\u00e1ros \u2013 discreetly packaged, no nasty surprises. In Budapest, it can be delivered to you within 1 hour <a href=\"https:\/\/wolt.com\/hu\/hun\/budapest\/venue\/szexshop-belvaros\/dusk-grazer-itemid-83455bdf943c9c777cda40ca\">on Wolt<\/a>, or order nationwide and with EU delivery at www.szexshopbelvaros.com. You won't find a sunset like this anywhere else!<\/p>","protected":false},"excerpt":{"rendered":"<p>Dusk Grazer fant\u00e1zia f\u00e9rfi maszturb\u00e1tor \u2013 A fant\u00e1zi\u00e1d naplemente ut\u00e1n kezd\u0151dik A Dusk Grazer egy \u00fajfajta maszturb\u00e1tor, ami nem harsog, hanem h\u00edvogat. Ez a k\u00fcl\u00f6nleges, k\u00e9tcsatorn\u00e1s \u00e1loml\u00e9ny karamell\u00e1s-barna testtel \u00e9s s\u00f6t\u00e9t, kontrasztos ny\u00edl\u00e1sokkal k\u00e9sz\u00fclt \u2013 olyan, mint egy erotikus naplemente, amit meg is markolhatsz. Orvosi min\u0151s\u00e9g\u0171 foly\u00e9kony szilikonb\u00f3l form\u00e1zva, v\u00edz\u00e1ll\u00f3, rugalmas \u00e9s kellemesen puha \u2013 [&#8230;]\n","protected":false},"featured_media":2977,"comment_status":"closed","ping_status":"closed","template":"","meta":[],"product_brand":[2447],"product_cat":[68,150,115],"product_tag":[1857,2456,2458,2454,2455,2166,2069,2068,1104,1023,2071,2172,1855,2207,2076,2168,2210,2459,2211,2208,2167,2073,573,2174,2072,1858,2074,1856,2209,2173,2171,2075,220,2457,2206,2205],"class_list":{"0":"post-2976","1":"product","2":"type-product","3":"status-publish","4":"has-post-thumbnail","6":"product_brand-yogy","7":"product_cat-ferfiaknak","8":"product_cat-maszturbatorok","9":"product_cat-ujdonsagok","10":"product_tag-adult-toy-for-men","11":"product_tag-cow-masturbator","12":"product_tag-dual-channel-masturbator","13":"product_tag-fantasy-masturbator","14":"product_tag-fantazia-maszturbator","15":"product_tag-ferfi-elvezet","16":"product_tag-ferfi-felnott-jatek","17":"product_tag-ferfi-intim-jatek","18":"product_tag-ferfi-kiegeszito","19":"product_tag-ferfi-maszturbator","20":"product_tag-ferfi-onkielegito","21":"product_tag-ferfi-solo-jatek","22":"product_tag-ferfi-szexjatek","23":"product_tag-friss-erkezes","24":"product_tag-handheld-masturbator","25":"product_tag-intimate-toy-for-men","26":"product_tag-just-arrived","27":"product_tag-ketcsatornas-maszturbator","28":"product_tag-latest-arrival","29":"product_tag-legujabb-termek","30":"product_tag-male-adult-toy","31":"product_tag-male-masturbator","32":"product_tag-male-sex-toy","33":"product_tag-masturbation-toy","34":"product_tag-maszturbator-jatek","35":"product_tag-mens-accessory","36":"product_tag-mens-masturbator","37":"product_tag-mens-pleasure","38":"product_tag-new-product","39":"product_tag-solo-pleasure","40":"product_tag-stimulacios-eszkoz","41":"product_tag-stroker","42":"product_tag-szexshop-belvaros","43":"product_tag-tehen-inspiralta-jatek","44":"product_tag-uj-termek","45":"product_tag-ujdonsag","47":"first","48":"instock","49":"taxable","50":"shipping-taxable","51":"purchasable","52":"product-type-simple"},"yoast_head":"<!-- This site is optimized with the Yoast SEO plugin v27.5 - https:\/\/yoast.com\/product\/yoast-seo-wordpress\/ -->\n<title>Dusk Grazer fant\u00e1zia f\u00e9rfi maszturb\u00e1tor | Szexshop Belv\u00e1ros<\/title>\n<meta name=\"description\" content=\"Dusk Grazer fant\u00e1zia f\u00e9rfi maszturb\u00e1tor puha szilikon testtel, j\u00e1t\u00e9kos teh\u00e9n ihlette diz\u00e1jnnal \u00e9s k\u00fcl\u00f6nleges, k\u00e9tcsatorn\u00e1s kialak\u00edt\u00e1ssal. Diszkr\u00e9t rendel\u00e9s a Szexshop Belv\u00e1ros k\u00edn\u00e1lat\u00e1b\u00f3l.\" \/>\n<meta name=\"robots\" content=\"index, follow, max-snippet:-1, max-image-preview:large, max-video-preview:-1\" \/>\n<link rel=\"canonical\" href=\"https:\/\/www.szexshopbelvaros.com\/en\/product\/\ud83d\udc04-dusk-grazer\/\" \/>\n<meta property=\"og:locale\" content=\"en_US\" \/>\n<meta property=\"og:type\" content=\"article\" \/>\n<meta property=\"og:title\" content=\"Dusk Grazer fant\u00e1zia f\u00e9rfi maszturb\u00e1tor | Szexshop Belv\u00e1ros\" \/>\n<meta property=\"og:description\" content=\"Dusk Grazer fant\u00e1zia f\u00e9rfi maszturb\u00e1tor puha szilikon testtel, j\u00e1t\u00e9kos teh\u00e9n ihlette diz\u00e1jnnal \u00e9s k\u00fcl\u00f6nleges, k\u00e9tcsatorn\u00e1s kialak\u00edt\u00e1ssal. Diszkr\u00e9t rendel\u00e9s a Szexshop Belv\u00e1ros k\u00edn\u00e1lat\u00e1b\u00f3l.\" \/>\n<meta property=\"og:url\" content=\"https:\/\/www.szexshopbelvaros.com\/en\/product\/\ud83d\udc04-dusk-grazer\/\" \/>\n<meta property=\"og:site_name\" content=\"Szexshop Belvaros\" \/>\n<meta property=\"article:publisher\" content=\"https:\/\/www.facebook.com\/belvarossecrets\/\" \/>\n<meta property=\"article:modified_time\" content=\"2026-04-10T12:00:13+00:00\" \/>\n<meta property=\"og:image\" content=\"https:\/\/www.szexshopbelvaros.com\/wp-content\/uploads\/2026\/04\/2-copy.jpg\" \/>\n\t<meta property=\"og:image:width\" content=\"1000\" \/>\n\t<meta property=\"og:image:height\" content=\"1000\" \/>\n\t<meta property=\"og:image:type\" content=\"image\/jpeg\" \/>\n<meta name=\"twitter:card\" content=\"summary_large_image\" \/>\n<meta name=\"twitter:site\" content=\"@belvarossecrets\" \/>\n<meta name=\"twitter:label1\" content=\"Est. reading time\" \/>\n\t<meta name=\"twitter:data1\" content=\"2 minutes\" \/>\n<script type=\"application\/ld+json\" class=\"yoast-schema-graph\">{\"@context\":\"https:\\\/\\\/schema.org\",\"@graph\":[{\"@type\":\"WebPage\",\"@id\":\"https:\\\/\\\/www.szexshopbelvaros.com\\\/termek\\\/%f0%9f%90%84-dusk-grazer\\\/\",\"url\":\"https:\\\/\\\/www.szexshopbelvaros.com\\\/termek\\\/%f0%9f%90%84-dusk-grazer\\\/\",\"name\":\"Dusk Grazer fant\u00e1zia f\u00e9rfi maszturb\u00e1tor | Szexshop Belv\u00e1ros\",\"isPartOf\":{\"@id\":\"https:\\\/\\\/www.szexshopbelvaros.com\\\/#website\"},\"primaryImageOfPage\":{\"@id\":\"https:\\\/\\\/www.szexshopbelvaros.com\\\/termek\\\/%f0%9f%90%84-dusk-grazer\\\/#primaryimage\"},\"image\":{\"@id\":\"https:\\\/\\\/www.szexshopbelvaros.com\\\/termek\\\/%f0%9f%90%84-dusk-grazer\\\/#primaryimage\"},\"thumbnailUrl\":\"https:\\\/\\\/www.szexshopbelvaros.com\\\/wp-content\\\/uploads\\\/2026\\\/04\\\/2-copy.jpg\",\"datePublished\":\"2026-04-02T12:58:24+00:00\",\"dateModified\":\"2026-04-10T12:00:13+00:00\",\"description\":\"Dusk Grazer fant\u00e1zia f\u00e9rfi maszturb\u00e1tor puha szilikon testtel, j\u00e1t\u00e9kos teh\u00e9n ihlette diz\u00e1jnnal \u00e9s k\u00fcl\u00f6nleges, k\u00e9tcsatorn\u00e1s kialak\u00edt\u00e1ssal. Diszkr\u00e9t rendel\u00e9s a Szexshop Belv\u00e1ros k\u00edn\u00e1lat\u00e1b\u00f3l.\",\"breadcrumb\":{\"@id\":\"https:\\\/\\\/www.szexshopbelvaros.com\\\/termek\\\/%f0%9f%90%84-dusk-grazer\\\/#breadcrumb\"},\"inLanguage\":\"en-US\",\"potentialAction\":[{\"@type\":\"ReadAction\",\"target\":[\"https:\\\/\\\/www.szexshopbelvaros.com\\\/termek\\\/%f0%9f%90%84-dusk-grazer\\\/\"]}]},{\"@type\":\"ImageObject\",\"inLanguage\":\"en-US\",\"@id\":\"https:\\\/\\\/www.szexshopbelvaros.com\\\/termek\\\/%f0%9f%90%84-dusk-grazer\\\/#primaryimage\",\"url\":\"https:\\\/\\\/www.szexshopbelvaros.com\\\/wp-content\\\/uploads\\\/2026\\\/04\\\/2-copy.jpg\",\"contentUrl\":\"https:\\\/\\\/www.szexshopbelvaros.com\\\/wp-content\\\/uploads\\\/2026\\\/04\\\/2-copy.jpg\",\"width\":1000,\"height\":1000,\"caption\":\"HU: Fant\u00e1zia f\u00e9rfi maszturb\u00e1tor teh\u00e9n ihlette k\u00fcls\u0151 form\u00e1val \u00e9s r\u00e9szletes kialak\u00edt\u00e1ssal k\u00e9zben tartva EN: Fantasy male masturbator with cow-inspired exterior design and detailed structure held in hand\"},{\"@type\":\"BreadcrumbList\",\"@id\":\"https:\\\/\\\/www.szexshopbelvaros.com\\\/termek\\\/%f0%9f%90%84-dusk-grazer\\\/#breadcrumb\",\"itemListElement\":[{\"@type\":\"ListItem\",\"position\":1,\"name\":\"Home\",\"item\":\"https:\\\/\\\/www.szexshopbelvaros.com\\\/\"},{\"@type\":\"ListItem\",\"position\":2,\"name\":\"\u00c1ruh\u00e1z\",\"item\":\"https:\\\/\\\/www.szexshopbelvaros.com\\\/uzlet\\\/\"},{\"@type\":\"ListItem\",\"position\":3,\"name\":\"\ud83d\udc04 Dusk Grazer \u2013 A fant\u00e1zi\u00e1d naplemente ut\u00e1n kezd\u0151dik\"}]},{\"@type\":\"WebSite\",\"@id\":\"https:\\\/\\\/www.szexshopbelvaros.com\\\/#website\",\"url\":\"https:\\\/\\\/www.szexshopbelvaros.com\\\/\",\"name\":\"Szexshop Belv\u00e1ros\",\"description\":\"\ud83d\udd25 A szex olyan, mint a p\u00e9nz; csak a t\u00fal sok el\u00e9g!\u2122 Titkok a belv\u00e1rosb\u00f3l \ud83d\udc8b | Secrets from Budapest \ud83d\udc8e Feln\u0151tt j\u00e1t\u00e9kok \u2022 Erotika \u2022 Szexshop Belvaros\",\"publisher\":{\"@id\":\"https:\\\/\\\/www.szexshopbelvaros.com\\\/#organization\"},\"potentialAction\":[{\"@type\":\"SearchAction\",\"target\":{\"@type\":\"EntryPoint\",\"urlTemplate\":\"https:\\\/\\\/www.szexshopbelvaros.com\\\/?s={search_term_string}\"},\"query-input\":{\"@type\":\"PropertyValueSpecification\",\"valueRequired\":true,\"valueName\":\"search_term_string\"}}],\"inLanguage\":\"en-US\"},{\"@type\":\"Organization\",\"@id\":\"https:\\\/\\\/www.szexshopbelvaros.com\\\/#organization\",\"name\":\"Szexshop Belv\u00e1ros\",\"alternateName\":\"szexshopbelvaros.com\",\"url\":\"https:\\\/\\\/www.szexshopbelvaros.com\\\/\",\"logo\":{\"@type\":\"ImageObject\",\"inLanguage\":\"en-US\",\"@id\":\"https:\\\/\\\/www.szexshopbelvaros.com\\\/#\\\/schema\\\/logo\\\/image\\\/\",\"url\":\"https:\\\/\\\/www.szexshopbelvaros.com\\\/wp-content\\\/uploads\\\/2025\\\/09\\\/1Szexshopbelvaroslogo_blurred_stronger.jpg\",\"contentUrl\":\"https:\\\/\\\/www.szexshopbelvaros.com\\\/wp-content\\\/uploads\\\/2025\\\/09\\\/1Szexshopbelvaroslogo_blurred_stronger.jpg\",\"width\":1024,\"height\":1024,\"caption\":\"Szexshop Belv\u00e1ros\"},\"image\":{\"@id\":\"https:\\\/\\\/www.szexshopbelvaros.com\\\/#\\\/schema\\\/logo\\\/image\\\/\"},\"sameAs\":[\"https:\\\/\\\/www.facebook.com\\\/belvarossecrets\\\/\",\"https:\\\/\\\/x.com\\\/belvarossecrets\",\"https:\\\/\\\/www.instagram.com\\\/belvarossecrets\\\/\",\"https:\\\/\\\/www.tiktok.com\\\/@belvarossecrets\"]}]}<\/script>\n<!-- \/ Yoast SEO plugin. -->","yoast_head_json":{"title":"Dusk Grazer fantasy male masturbator | Sex shop Belv\u00e1ros","description":"Dusk Grazer fantasy male masturbator with soft silicone body, playful cow-inspired design and special dual-channel design. Discreet order from Szexshop Belv\u00e1ros.","robots":{"index":"index","follow":"follow","max-snippet":"max-snippet:-1","max-image-preview":"max-image-preview:large","max-video-preview":"max-video-preview:-1"},"canonical":"https:\/\/www.szexshopbelvaros.com\/en\/product\/\ud83d\udc04-dusk-grazer\/","og_locale":"en_US","og_type":"article","og_title":"Dusk Grazer fant\u00e1zia f\u00e9rfi maszturb\u00e1tor | Szexshop Belv\u00e1ros","og_description":"Dusk Grazer fant\u00e1zia f\u00e9rfi maszturb\u00e1tor puha szilikon testtel, j\u00e1t\u00e9kos teh\u00e9n ihlette diz\u00e1jnnal \u00e9s k\u00fcl\u00f6nleges, k\u00e9tcsatorn\u00e1s kialak\u00edt\u00e1ssal. Diszkr\u00e9t rendel\u00e9s a Szexshop Belv\u00e1ros k\u00edn\u00e1lat\u00e1b\u00f3l.","og_url":"https:\/\/www.szexshopbelvaros.com\/en\/product\/\ud83d\udc04-dusk-grazer\/","og_site_name":"Szexshop Belvaros","article_publisher":"https:\/\/www.facebook.com\/belvarossecrets\/","article_modified_time":"2026-04-10T12:00:13+00:00","og_image":[{"width":1000,"height":1000,"url":"https:\/\/www.szexshopbelvaros.com\/wp-content\/uploads\/2026\/04\/2-copy.jpg","type":"image\/jpeg"}],"twitter_card":"summary_large_image","twitter_site":"@belvarossecrets","twitter_misc":{"Est. reading time":"2 minutes"},"schema":{"@context":"https:\/\/schema.org","@graph":[{"@type":"WebPage","@id":"https:\/\/www.szexshopbelvaros.com\/termek\/%f0%9f%90%84-dusk-grazer\/","url":"https:\/\/www.szexshopbelvaros.com\/termek\/%f0%9f%90%84-dusk-grazer\/","name":"Dusk Grazer fantasy male masturbator | Sex shop Belv\u00e1ros","isPartOf":{"@id":"https:\/\/www.szexshopbelvaros.com\/#website"},"primaryImageOfPage":{"@id":"https:\/\/www.szexshopbelvaros.com\/termek\/%f0%9f%90%84-dusk-grazer\/#primaryimage"},"image":{"@id":"https:\/\/www.szexshopbelvaros.com\/termek\/%f0%9f%90%84-dusk-grazer\/#primaryimage"},"thumbnailUrl":"https:\/\/www.szexshopbelvaros.com\/wp-content\/uploads\/2026\/04\/2-copy.jpg","datePublished":"2026-04-02T12:58:24+00:00","dateModified":"2026-04-10T12:00:13+00:00","description":"Dusk Grazer fantasy male masturbator with soft silicone body, playful cow-inspired design and special dual-channel design. Discreet order from Szexshop Belv\u00e1ros.","breadcrumb":{"@id":"https:\/\/www.szexshopbelvaros.com\/termek\/%f0%9f%90%84-dusk-grazer\/#breadcrumb"},"inLanguage":"en-US","potentialAction":[{"@type":"ReadAction","target":["https:\/\/www.szexshopbelvaros.com\/termek\/%f0%9f%90%84-dusk-grazer\/"]}]},{"@type":"ImageObject","inLanguage":"en-US","@id":"https:\/\/www.szexshopbelvaros.com\/termek\/%f0%9f%90%84-dusk-grazer\/#primaryimage","url":"https:\/\/www.szexshopbelvaros.com\/wp-content\/uploads\/2026\/04\/2-copy.jpg","contentUrl":"https:\/\/www.szexshopbelvaros.com\/wp-content\/uploads\/2026\/04\/2-copy.jpg","width":1000,"height":1000,"caption":"HU: Fant\u00e1zia f\u00e9rfi maszturb\u00e1tor teh\u00e9n ihlette k\u00fcls\u0151 form\u00e1val \u00e9s r\u00e9szletes kialak\u00edt\u00e1ssal k\u00e9zben tartva EN: Fantasy male masturbator with cow-inspired exterior design and detailed structure held in hand"},{"@type":"BreadcrumbList","@id":"https:\/\/www.szexshopbelvaros.com\/termek\/%f0%9f%90%84-dusk-grazer\/#breadcrumb","itemListElement":[{"@type":"ListItem","position":1,"name":"Home","item":"https:\/\/www.szexshopbelvaros.com\/"},{"@type":"ListItem","position":2,"name":"\u00c1ruh\u00e1z","item":"https:\/\/www.szexshopbelvaros.com\/uzlet\/"},{"@type":"ListItem","position":3,"name":"\ud83d\udc04 Dusk Grazer \u2013 A fant\u00e1zi\u00e1d naplemente ut\u00e1n kezd\u0151dik"}]},{"@type":"WebSite","@id":"https:\/\/www.szexshopbelvaros.com\/#website","url":"https:\/\/www.szexshopbelvaros.com\/","name":"at our Szexshop Belv\u00e1ros","description":"\ud83d\udd25 Sex is like money; only too much is enough!\u2122 Secrets from the city center \ud83d\udc8b | Secrets from Budapest \ud83d\udc8e Adult games \u2022 Erotica \u2022 Sex shop Belvaros","publisher":{"@id":"https:\/\/www.szexshopbelvaros.com\/#organization"},"potentialAction":[{"@type":"SearchAction","target":{"@type":"EntryPoint","urlTemplate":"https:\/\/www.szexshopbelvaros.com\/?s={search_term_string}"},"query-input":{"@type":"PropertyValueSpecification","valueRequired":true,"valueName":"search_term_string"}}],"inLanguage":"en-US"},{"@type":"Organization","@id":"https:\/\/www.szexshopbelvaros.com\/#organization","name":"at our Szexshop Belv\u00e1ros","alternateName":"szexshopbelvaros.com","url":"https:\/\/www.szexshopbelvaros.com\/","logo":{"@type":"ImageObject","inLanguage":"en-US","@id":"https:\/\/www.szexshopbelvaros.com\/#\/schema\/logo\/image\/","url":"https:\/\/www.szexshopbelvaros.com\/wp-content\/uploads\/2025\/09\/1Szexshopbelvaroslogo_blurred_stronger.jpg","contentUrl":"https:\/\/www.szexshopbelvaros.com\/wp-content\/uploads\/2025\/09\/1Szexshopbelvaroslogo_blurred_stronger.jpg","width":1024,"height":1024,"caption":"Szexshop Belv\u00e1ros"},"image":{"@id":"https:\/\/www.szexshopbelvaros.com\/#\/schema\/logo\/image\/"},"sameAs":["https:\/\/www.facebook.com\/belvarossecrets\/","https:\/\/x.com\/belvarossecrets","https:\/\/www.instagram.com\/belvarossecrets\/","https:\/\/www.tiktok.com\/@belvarossecrets"]}]}},"_links":{"self":[{"href":"https:\/\/www.szexshopbelvaros.com\/en\/wp-json\/wp\/v2\/product\/2976","targetHints":{"allow":["GET"]}}],"collection":[{"href":"https:\/\/www.szexshopbelvaros.com\/en\/wp-json\/wp\/v2\/product"}],"about":[{"href":"https:\/\/www.szexshopbelvaros.com\/en\/wp-json\/wp\/v2\/types\/product"}],"replies":[{"embeddable":true,"href":"https:\/\/www.szexshopbelvaros.com\/en\/wp-json\/wp\/v2\/comments?post=2976"}],"wp:featuredmedia":[{"embeddable":true,"href":"https:\/\/www.szexshopbelvaros.com\/en\/wp-json\/wp\/v2\/media\/2977"}],"wp:attachment":[{"href":"https:\/\/www.szexshopbelvaros.com\/en\/wp-json\/wp\/v2\/media?parent=2976"}],"wp:term":[{"taxonomy":"product_brand","embeddable":true,"href":"https:\/\/www.szexshopbelvaros.com\/en\/wp-json\/wp\/v2\/product_brand?post=2976"},{"taxonomy":"product_cat","embeddable":true,"href":"https:\/\/www.szexshopbelvaros.com\/en\/wp-json\/wp\/v2\/product_cat?post=2976"},{"taxonomy":"product_tag","embeddable":true,"href":"https:\/\/www.szexshopbelvaros.com\/en\/wp-json\/wp\/v2\/product_tag?post=2976"}],"curies":[{"name":"wp","href":"https:\/\/api.w.org\/{rel}","templated":true}]}}