{"id":298,"date":"2025-01-31T14:37:43","date_gmt":"2025-01-31T13:37:43","guid":{"rendered":"https:\/\/www.szexshopbelvaros.com\/termek\/mtoys-halos-csipkes-combfix-s-mmesh-lacy-thigh-highs-s-m\/"},"modified":"2026-02-19T16:49:45","modified_gmt":"2026-02-19T15:49:45","slug":"feher-halos-csipkes-combfix-xs-s","status":"publish","type":"product","link":"https:\/\/www.szexshopbelvaros.com\/en\/product\/feher-halos-csipkes-combfix-xs-s\/","title":{"rendered":"White Fishnet Lace Combfix XS-S"},"content":{"rendered":"<p>Special fishnet thigh highs. Suitable for everyday wear and intimate occasions.<br \/>\nComposition: 90.2% Polyamide,9.8% Elastane<br \/>\nMaterial: Polyamide<br \/>\nCare instructions: Hand wash, do not dry clean<br \/>\nPattern: White<br \/>\nDetails: Contrasting lace, lace pattern may differ from the image<br \/>\nNumber of products: 1 pair<br \/>\nWeaving method: Knitted fabric<br \/>\nSize: one size<\/p>\n<p>Special fishnet thigh highs. Suitable for everyday wear and intimate intercourse.<br \/>\nComposition: 90.2% Polyamide, 9.8% Elastane<br \/>\nMaterial: Polyamide<br \/>\nCare instructions: Hand wash, do not dry clean<br \/>\nPattern: White<br \/>\nDetails: Contrasting lace, lace pattern may differ from the picture<br \/>\nNumber of products: 1 pair<br \/>\nWeaving method: Knitted fabric<br \/>\nSize: one size<\/p>","protected":false},"excerpt":{"rendered":"<p>K\u00fcl\u00f6nlegesen necc h\u00e1l\u00f3s combfix. Mindennapi visel\u00e9sre \u00e9s intim egy\u00fcttl\u00e9tre egyar\u00e1nt alkalmas. \u00d6sszetev\u0151: 90.2% Poliamid,9.8% Elaszt\u00e1n Anyag: Poliamid Kezel\u00e9si \u00fatmutat\u00f3: K\u00e9zi mos\u00e1s, vegytiszt\u00edt\u00e1s tilos Mint\u00e1s: Feh\u00e9r R\u00e9szletek: Kontrasztos csipke, csipke mint\u00e1ja elt\u00e9rhet a k\u00e9pt\u0151l Term\u00e9kek sz\u00e1ma: 1 p\u00e1r Sz\u00f6v\u00e9si m\u00f3dszer: K\u00f6t\u00f6tt sz\u00f6vet M\u00e9ret: egy m\u00e9ret Special fishnet thigh highs. Suitable for everyday wear and intimate intercourse. [&#8230;]\n","protected":false},"featured_media":299,"comment_status":"closed","ping_status":"closed","template":"","meta":[],"product_brand":[],"product_cat":[113,141],"product_tag":[936,1481,951,503,937,2023,2029,1486,933,597,2028,944,945,932,220,2030],"class_list":{"0":"post-298","1":"product","2":"type-product","3":"status-publish","4":"has-post-thumbnail","6":"product_cat-erotikus-ruhazat","7":"product_cat-noi-ruhak","8":"product_tag-body-stocking","9":"product_tag-csipkes-fehernemu","10":"product_tag-erotic-clothing","11":"product_tag-erotikus-ruha","12":"product_tag-fehernemu","13":"product_tag-haloszoba-divat","14":"product_tag-harisnya","15":"product_tag-lace-lingerie","16":"product_tag-lingerie","17":"product_tag-noi-fehernemu","18":"product_tag-noi-szexi-ruha","19":"product_tag-sexy-dress","20":"product_tag-sexy-outfit","21":"product_tag-szexi-ruha","22":"product_tag-szexshop-belvaros","23":"product_tag-womens-lingerie","25":"first","26":"instock","27":"taxable","28":"shipping-taxable","29":"purchasable","30":"product-type-simple"},"yoast_head":"<!-- This site is optimized with the Yoast SEO plugin v27.4 - https:\/\/yoast.com\/product\/yoast-seo-wordpress\/ -->\n<title>Feh\u00e9r H\u00e1l\u00f3s Csipke Combfix XS-S - Szexshop Belvaros<\/title>\n<meta name=\"robots\" content=\"index, follow, max-snippet:-1, max-image-preview:large, max-video-preview:-1\" \/>\n<link rel=\"canonical\" href=\"https:\/\/www.szexshopbelvaros.com\/en\/product\/feher-halos-csipkes-combfix-xs-s\/\" \/>\n<meta property=\"og:locale\" content=\"en_US\" \/>\n<meta property=\"og:type\" content=\"article\" \/>\n<meta property=\"og:title\" content=\"Feh\u00e9r H\u00e1l\u00f3s Csipke Combfix XS-S - Szexshop Belvaros\" \/>\n<meta property=\"og:description\" content=\"K\u00fcl\u00f6nlegesen necc h\u00e1l\u00f3s combfix. Mindennapi visel\u00e9sre \u00e9s intim egy\u00fcttl\u00e9tre egyar\u00e1nt alkalmas. \u00d6sszetev\u0151: 90.2% Poliamid,9.8% Elaszt\u00e1n Anyag: Poliamid Kezel\u00e9si \u00fatmutat\u00f3: K\u00e9zi mos\u00e1s, vegytiszt\u00edt\u00e1s tilos Mint\u00e1s: Feh\u00e9r R\u00e9szletek: Kontrasztos csipke, csipke mint\u00e1ja elt\u00e9rhet a k\u00e9pt\u0151l Term\u00e9kek sz\u00e1ma: 1 p\u00e1r Sz\u00f6v\u00e9si m\u00f3dszer: K\u00f6t\u00f6tt sz\u00f6vet M\u00e9ret: egy m\u00e9ret Special fishnet thigh highs. Suitable for everyday wear and intimate intercourse. [...]\" \/>\n<meta property=\"og:url\" content=\"https:\/\/www.szexshopbelvaros.com\/en\/product\/feher-halos-csipkes-combfix-xs-s\/\" \/>\n<meta property=\"og:site_name\" content=\"Szexshop Belvaros\" \/>\n<meta property=\"article:publisher\" content=\"https:\/\/www.facebook.com\/belvarossecrets\/\" \/>\n<meta property=\"article:modified_time\" content=\"2026-02-19T15:49:45+00:00\" \/>\n<meta property=\"og:image\" content=\"https:\/\/www.szexshopbelvaros.com\/wp-content\/uploads\/2025\/01\/1fa8172a-de1e-11ee-b2fe-66c06013c8c0_46625_458x458.jpg\" \/>\n\t<meta property=\"og:image:width\" content=\"1200\" \/>\n\t<meta property=\"og:image:height\" content=\"675\" \/>\n\t<meta property=\"og:image:type\" content=\"image\/jpeg\" \/>\n<meta name=\"twitter:card\" content=\"summary_large_image\" \/>\n<meta name=\"twitter:site\" content=\"@belvarossecrets\" \/>\n<meta name=\"twitter:label1\" content=\"Est. reading time\" \/>\n\t<meta name=\"twitter:data1\" content=\"1 minute\" \/>\n<script type=\"application\/ld+json\" class=\"yoast-schema-graph\">{\"@context\":\"https:\\\/\\\/schema.org\",\"@graph\":[{\"@type\":\"WebPage\",\"@id\":\"https:\\\/\\\/www.szexshopbelvaros.com\\\/termek\\\/feher-halos-csipkes-combfix-xs-s\\\/\",\"url\":\"https:\\\/\\\/www.szexshopbelvaros.com\\\/termek\\\/feher-halos-csipkes-combfix-xs-s\\\/\",\"name\":\"Feh\u00e9r H\u00e1l\u00f3s Csipke Combfix XS-S - Szexshop Belvaros\",\"isPartOf\":{\"@id\":\"https:\\\/\\\/www.szexshopbelvaros.com\\\/#website\"},\"primaryImageOfPage\":{\"@id\":\"https:\\\/\\\/www.szexshopbelvaros.com\\\/termek\\\/feher-halos-csipkes-combfix-xs-s\\\/#primaryimage\"},\"image\":{\"@id\":\"https:\\\/\\\/www.szexshopbelvaros.com\\\/termek\\\/feher-halos-csipkes-combfix-xs-s\\\/#primaryimage\"},\"thumbnailUrl\":\"https:\\\/\\\/www.szexshopbelvaros.com\\\/wp-content\\\/uploads\\\/2025\\\/01\\\/1fa8172a-de1e-11ee-b2fe-66c06013c8c0_46625_458x458.jpg\",\"datePublished\":\"2025-01-31T13:37:43+00:00\",\"dateModified\":\"2026-02-19T15:49:45+00:00\",\"breadcrumb\":{\"@id\":\"https:\\\/\\\/www.szexshopbelvaros.com\\\/termek\\\/feher-halos-csipkes-combfix-xs-s\\\/#breadcrumb\"},\"inLanguage\":\"en-US\",\"potentialAction\":[{\"@type\":\"ReadAction\",\"target\":[\"https:\\\/\\\/www.szexshopbelvaros.com\\\/termek\\\/feher-halos-csipkes-combfix-xs-s\\\/\"]}]},{\"@type\":\"ImageObject\",\"inLanguage\":\"en-US\",\"@id\":\"https:\\\/\\\/www.szexshopbelvaros.com\\\/termek\\\/feher-halos-csipkes-combfix-xs-s\\\/#primaryimage\",\"url\":\"https:\\\/\\\/www.szexshopbelvaros.com\\\/wp-content\\\/uploads\\\/2025\\\/01\\\/1fa8172a-de1e-11ee-b2fe-66c06013c8c0_46625_458x458.jpg\",\"contentUrl\":\"https:\\\/\\\/www.szexshopbelvaros.com\\\/wp-content\\\/uploads\\\/2025\\\/01\\\/1fa8172a-de1e-11ee-b2fe-66c06013c8c0_46625_458x458.jpg\",\"width\":1200,\"height\":675},{\"@type\":\"BreadcrumbList\",\"@id\":\"https:\\\/\\\/www.szexshopbelvaros.com\\\/termek\\\/feher-halos-csipkes-combfix-xs-s\\\/#breadcrumb\",\"itemListElement\":[{\"@type\":\"ListItem\",\"position\":1,\"name\":\"Home\",\"item\":\"https:\\\/\\\/www.szexshopbelvaros.com\\\/\"},{\"@type\":\"ListItem\",\"position\":2,\"name\":\"\u00c1ruh\u00e1z\",\"item\":\"https:\\\/\\\/www.szexshopbelvaros.com\\\/uzlet\\\/\"},{\"@type\":\"ListItem\",\"position\":3,\"name\":\"Feh\u00e9r H\u00e1l\u00f3s Csipke Combfix XS-S\"}]},{\"@type\":\"WebSite\",\"@id\":\"https:\\\/\\\/www.szexshopbelvaros.com\\\/#website\",\"url\":\"https:\\\/\\\/www.szexshopbelvaros.com\\\/\",\"name\":\"Szexshop Belv\u00e1ros\",\"description\":\"\ud83d\udd25 A szex olyan, mint a p\u00e9nz; csak a t\u00fal sok el\u00e9g!\u2122 Titkok a belv\u00e1rosb\u00f3l \ud83d\udc8b | Secrets from Budapest \ud83d\udc8e Feln\u0151tt j\u00e1t\u00e9kok \u2022 Erotika \u2022 Szexshop Belvaros\",\"publisher\":{\"@id\":\"https:\\\/\\\/www.szexshopbelvaros.com\\\/#organization\"},\"potentialAction\":[{\"@type\":\"SearchAction\",\"target\":{\"@type\":\"EntryPoint\",\"urlTemplate\":\"https:\\\/\\\/www.szexshopbelvaros.com\\\/?s={search_term_string}\"},\"query-input\":{\"@type\":\"PropertyValueSpecification\",\"valueRequired\":true,\"valueName\":\"search_term_string\"}}],\"inLanguage\":\"en-US\"},{\"@type\":\"Organization\",\"@id\":\"https:\\\/\\\/www.szexshopbelvaros.com\\\/#organization\",\"name\":\"Szexshop Belv\u00e1ros\",\"alternateName\":\"szexshopbelvaros.com\",\"url\":\"https:\\\/\\\/www.szexshopbelvaros.com\\\/\",\"logo\":{\"@type\":\"ImageObject\",\"inLanguage\":\"en-US\",\"@id\":\"https:\\\/\\\/www.szexshopbelvaros.com\\\/#\\\/schema\\\/logo\\\/image\\\/\",\"url\":\"https:\\\/\\\/www.szexshopbelvaros.com\\\/wp-content\\\/uploads\\\/2025\\\/09\\\/1Szexshopbelvaroslogo_blurred_stronger.jpg\",\"contentUrl\":\"https:\\\/\\\/www.szexshopbelvaros.com\\\/wp-content\\\/uploads\\\/2025\\\/09\\\/1Szexshopbelvaroslogo_blurred_stronger.jpg\",\"width\":1024,\"height\":1024,\"caption\":\"Szexshop Belv\u00e1ros\"},\"image\":{\"@id\":\"https:\\\/\\\/www.szexshopbelvaros.com\\\/#\\\/schema\\\/logo\\\/image\\\/\"},\"sameAs\":[\"https:\\\/\\\/www.facebook.com\\\/belvarossecrets\\\/\",\"https:\\\/\\\/x.com\\\/belvarossecrets\",\"https:\\\/\\\/www.instagram.com\\\/belvarossecrets\\\/\",\"https:\\\/\\\/www.tiktok.com\\\/@belvarossecrets\"]}]}<\/script>\n<!-- \/ Yoast SEO plugin. -->","yoast_head_json":{"title":"White Fishnet Lace Combfix XS-S - Szexshop Belvaros","robots":{"index":"index","follow":"follow","max-snippet":"max-snippet:-1","max-image-preview":"max-image-preview:large","max-video-preview":"max-video-preview:-1"},"canonical":"https:\/\/www.szexshopbelvaros.com\/en\/product\/feher-halos-csipkes-combfix-xs-s\/","og_locale":"en_US","og_type":"article","og_title":"Feh\u00e9r H\u00e1l\u00f3s Csipke Combfix XS-S - Szexshop Belvaros","og_description":"K\u00fcl\u00f6nlegesen necc h\u00e1l\u00f3s combfix. Mindennapi visel\u00e9sre \u00e9s intim egy\u00fcttl\u00e9tre egyar\u00e1nt alkalmas. \u00d6sszetev\u0151: 90.2% Poliamid,9.8% Elaszt\u00e1n Anyag: Poliamid Kezel\u00e9si \u00fatmutat\u00f3: K\u00e9zi mos\u00e1s, vegytiszt\u00edt\u00e1s tilos Mint\u00e1s: Feh\u00e9r R\u00e9szletek: Kontrasztos csipke, csipke mint\u00e1ja elt\u00e9rhet a k\u00e9pt\u0151l Term\u00e9kek sz\u00e1ma: 1 p\u00e1r Sz\u00f6v\u00e9si m\u00f3dszer: K\u00f6t\u00f6tt sz\u00f6vet M\u00e9ret: egy m\u00e9ret Special fishnet thigh highs. Suitable for everyday wear and intimate intercourse. [...]","og_url":"https:\/\/www.szexshopbelvaros.com\/en\/product\/feher-halos-csipkes-combfix-xs-s\/","og_site_name":"Szexshop Belvaros","article_publisher":"https:\/\/www.facebook.com\/belvarossecrets\/","article_modified_time":"2026-02-19T15:49:45+00:00","og_image":[{"width":1200,"height":675,"url":"https:\/\/www.szexshopbelvaros.com\/wp-content\/uploads\/2025\/01\/1fa8172a-de1e-11ee-b2fe-66c06013c8c0_46625_458x458.jpg","type":"image\/jpeg"}],"twitter_card":"summary_large_image","twitter_site":"@belvarossecrets","twitter_misc":{"Est. reading time":"1 minute"},"schema":{"@context":"https:\/\/schema.org","@graph":[{"@type":"WebPage","@id":"https:\/\/www.szexshopbelvaros.com\/termek\/feher-halos-csipkes-combfix-xs-s\/","url":"https:\/\/www.szexshopbelvaros.com\/termek\/feher-halos-csipkes-combfix-xs-s\/","name":"White Fishnet Lace Combfix XS-S - Szexshop Belvaros","isPartOf":{"@id":"https:\/\/www.szexshopbelvaros.com\/#website"},"primaryImageOfPage":{"@id":"https:\/\/www.szexshopbelvaros.com\/termek\/feher-halos-csipkes-combfix-xs-s\/#primaryimage"},"image":{"@id":"https:\/\/www.szexshopbelvaros.com\/termek\/feher-halos-csipkes-combfix-xs-s\/#primaryimage"},"thumbnailUrl":"https:\/\/www.szexshopbelvaros.com\/wp-content\/uploads\/2025\/01\/1fa8172a-de1e-11ee-b2fe-66c06013c8c0_46625_458x458.jpg","datePublished":"2025-01-31T13:37:43+00:00","dateModified":"2026-02-19T15:49:45+00:00","breadcrumb":{"@id":"https:\/\/www.szexshopbelvaros.com\/termek\/feher-halos-csipkes-combfix-xs-s\/#breadcrumb"},"inLanguage":"en-US","potentialAction":[{"@type":"ReadAction","target":["https:\/\/www.szexshopbelvaros.com\/termek\/feher-halos-csipkes-combfix-xs-s\/"]}]},{"@type":"ImageObject","inLanguage":"en-US","@id":"https:\/\/www.szexshopbelvaros.com\/termek\/feher-halos-csipkes-combfix-xs-s\/#primaryimage","url":"https:\/\/www.szexshopbelvaros.com\/wp-content\/uploads\/2025\/01\/1fa8172a-de1e-11ee-b2fe-66c06013c8c0_46625_458x458.jpg","contentUrl":"https:\/\/www.szexshopbelvaros.com\/wp-content\/uploads\/2025\/01\/1fa8172a-de1e-11ee-b2fe-66c06013c8c0_46625_458x458.jpg","width":1200,"height":675},{"@type":"BreadcrumbList","@id":"https:\/\/www.szexshopbelvaros.com\/termek\/feher-halos-csipkes-combfix-xs-s\/#breadcrumb","itemListElement":[{"@type":"ListItem","position":1,"name":"Home","item":"https:\/\/www.szexshopbelvaros.com\/"},{"@type":"ListItem","position":2,"name":"\u00c1ruh\u00e1z","item":"https:\/\/www.szexshopbelvaros.com\/uzlet\/"},{"@type":"ListItem","position":3,"name":"Feh\u00e9r H\u00e1l\u00f3s Csipke Combfix XS-S"}]},{"@type":"WebSite","@id":"https:\/\/www.szexshopbelvaros.com\/#website","url":"https:\/\/www.szexshopbelvaros.com\/","name":"at our Szexshop Belv\u00e1ros","description":"\ud83d\udd25 Sex is like money; only too much is enough!\u2122 Secrets from the city center \ud83d\udc8b | Secrets from Budapest \ud83d\udc8e Adult games \u2022 Erotica \u2022 Sex shop Belvaros","publisher":{"@id":"https:\/\/www.szexshopbelvaros.com\/#organization"},"potentialAction":[{"@type":"SearchAction","target":{"@type":"EntryPoint","urlTemplate":"https:\/\/www.szexshopbelvaros.com\/?s={search_term_string}"},"query-input":{"@type":"PropertyValueSpecification","valueRequired":true,"valueName":"search_term_string"}}],"inLanguage":"en-US"},{"@type":"Organization","@id":"https:\/\/www.szexshopbelvaros.com\/#organization","name":"at our Szexshop Belv\u00e1ros","alternateName":"szexshopbelvaros.com","url":"https:\/\/www.szexshopbelvaros.com\/","logo":{"@type":"ImageObject","inLanguage":"en-US","@id":"https:\/\/www.szexshopbelvaros.com\/#\/schema\/logo\/image\/","url":"https:\/\/www.szexshopbelvaros.com\/wp-content\/uploads\/2025\/09\/1Szexshopbelvaroslogo_blurred_stronger.jpg","contentUrl":"https:\/\/www.szexshopbelvaros.com\/wp-content\/uploads\/2025\/09\/1Szexshopbelvaroslogo_blurred_stronger.jpg","width":1024,"height":1024,"caption":"Szexshop Belv\u00e1ros"},"image":{"@id":"https:\/\/www.szexshopbelvaros.com\/#\/schema\/logo\/image\/"},"sameAs":["https:\/\/www.facebook.com\/belvarossecrets\/","https:\/\/x.com\/belvarossecrets","https:\/\/www.instagram.com\/belvarossecrets\/","https:\/\/www.tiktok.com\/@belvarossecrets"]}]}},"_links":{"self":[{"href":"https:\/\/www.szexshopbelvaros.com\/en\/wp-json\/wp\/v2\/product\/298","targetHints":{"allow":["GET"]}}],"collection":[{"href":"https:\/\/www.szexshopbelvaros.com\/en\/wp-json\/wp\/v2\/product"}],"about":[{"href":"https:\/\/www.szexshopbelvaros.com\/en\/wp-json\/wp\/v2\/types\/product"}],"replies":[{"embeddable":true,"href":"https:\/\/www.szexshopbelvaros.com\/en\/wp-json\/wp\/v2\/comments?post=298"}],"wp:featuredmedia":[{"embeddable":true,"href":"https:\/\/www.szexshopbelvaros.com\/en\/wp-json\/wp\/v2\/media\/299"}],"wp:attachment":[{"href":"https:\/\/www.szexshopbelvaros.com\/en\/wp-json\/wp\/v2\/media?parent=298"}],"wp:term":[{"taxonomy":"product_brand","embeddable":true,"href":"https:\/\/www.szexshopbelvaros.com\/en\/wp-json\/wp\/v2\/product_brand?post=298"},{"taxonomy":"product_cat","embeddable":true,"href":"https:\/\/www.szexshopbelvaros.com\/en\/wp-json\/wp\/v2\/product_cat?post=298"},{"taxonomy":"product_tag","embeddable":true,"href":"https:\/\/www.szexshopbelvaros.com\/en\/wp-json\/wp\/v2\/product_tag?post=298"}],"curies":[{"name":"wp","href":"https:\/\/api.w.org\/{rel}","templated":true}]}}