{"id":2984,"date":"2026-04-04T14:55:38","date_gmt":"2026-04-04T12:55:38","guid":{"rendered":"https:\/\/www.szexshopbelvaros.com\/?post_type=product&#038;p=2984"},"modified":"2026-04-10T14:00:12","modified_gmt":"2026-04-10T12:00:12","slug":"fekete-bdsm-fejmaszk","status":"publish","type":"product","link":"https:\/\/www.szexshopbelvaros.com\/en\/product\/fekete-bdsm-fejmaszk\/","title":{"rendered":"\ud83d\udd73\ufe0f Faceless Freak \u2013 Mask of Anonymous Desires"},"content":{"rendered":"<p data-start=\"506\" data-end=\"561\"><strong data-start=\"506\" data-end=\"561\">Faceless Freak \u2013 Disappear so you can truly emerge \ud83d\udda4<\/strong><\/p>\n<p data-start=\"563\" data-end=\"695\">There comes a point when you don&#039;t want a face anymore. You don&#039;t want a name. You don&#039;t want rules.<br data-start=\"648\" data-end=\"651\" \/>Just pure instinct, control and dark play.<\/p>\n<p data-start=\"697\" data-end=\"987\">The Faceless Freak is an all-black, spandex head mask that fits you like it was molded to you. It&#039;s breathable, yet closed enough to keep out the outside world - and let in the game.<br data-start=\"907\" data-end=\"910\" \/>When you put it on, your personality disappears\u2026 and something completely different is born.<\/p>\n<p data-start=\"989\" data-end=\"1139\">Perfect for BDSM games, dominance roles, sensory deprivation, or just the feeling of not being in control... or too much.<\/p>\n<p data-start=\"1141\" data-end=\"1182\">This is not just a mask.<br data-start=\"1163\" data-end=\"1166\" \/>This is a switch.<\/p>\n<p data-start=\"1184\" data-end=\"1303\">\ud83d\udc49 Discover the rest of our <a href=\"https:\/\/www.szexshopbelvaros.com\/en\/product-category\/bdsm\/\">BDSM accessories<\/a> at <a class=\"decorated-link cursor-pointer\" target=\"_new\" rel=\"noopener\" data-start=\"1228\" data-end=\"1252\">www.szexshopbelvaros.com<\/a> and build your own dark game world.<\/p>\n<p>\ud83d\udc49 Get it in Budapest within an hour <a href=\"https:\/\/wolt.com\/hu\/hun\/budapest\/venue\/szexshop-belvaros\/itemid-b63b10b5f55f59341085414e\">at our Szexshop Belv\u00e1ros<\/a> and <a href=\"https:\/\/wolt.com\/hu\/hun\/budapest\/venue\/szexshop-belvaros-x\/itemid-49b9b0d153fc6d6b7f57f5d6\">Szexshop Belv\u00e1rosX Wolt store<\/a> store or order here at <a class=\"decorated-link cursor-pointer\" target=\"_new\" rel=\"noopener\" data-start=\"684\" data-end=\"708\">www.szexshopbelvaros.com<\/a> . We deliver to the entire territory of Hungary and the EU. Pick it up and you will immediately understand why they call you the master of the house \u2013 the master of confinement.<\/p>\n<p>&nbsp;<\/p>","protected":false},"excerpt":{"rendered":"<p>Faceless Freak \u2013 T\u0171nj el, hogy igaz\u00e1n el\u0151b\u00fajhass \ud83d\udda4 Van az a pont, amikor m\u00e1r nem akarsz arcot. Nem akarsz nevet. Nem akarsz szab\u00e1lyokat.Csak tiszta \u00f6szt\u00f6n, kontroll \u00e9s s\u00f6t\u00e9t j\u00e1t\u00e9k. A Faceless Freak egy teljes fekete, spandexb\u0151l k\u00e9sz\u00fclt fejmaszk, ami rugalmasan simul r\u00e1d, mintha r\u00e1d lett volna \u00f6ntve. L\u00e9g\u00e1tereszt\u0151, m\u00e9gis el\u00e9g z\u00e1rt ahhoz, hogy kiz\u00e1rja [&#8230;]\n","protected":false},"featured_media":2985,"comment_status":"closed","ping_status":"closed","template":"","meta":[],"product_brand":[],"product_cat":[52,2007],"product_tag":[321,2484,1410,2486,2490,2018,372,2488,2015,2016,2014,2483,2494,389,2492,2487,2485,2008,2489,2017,715,2491,2019,2493],"class_list":{"0":"post-2984","1":"product","2":"type-product","3":"status-publish","4":"has-post-thumbnail","6":"product_cat-bdsm","7":"product_cat-erzeki-jatekok","8":"product_tag-bdsm","9":"product_tag-bdsm-csuklya","10":"product_tag-bdsm-toy","11":"product_tag-black-bdsm-hood","12":"product_tag-black-fetish-mask","13":"product_tag-blindfold-play","14":"product_tag-bondage","15":"product_tag-closed-face-mask","16":"product_tag-csiklandozas","17":"product_tag-erzekfokozas","18":"product_tag-erzeki-jatek","19":"product_tag-fekete-bdsm-fejmaszk","20":"product_tag-fekete-fetish-maszk","21":"product_tag-felnott-jatek","22":"product_tag-fetish-fejmaszk","23":"product_tag-fetish-hood","24":"product_tag-full-head-mask","25":"product_tag-kink","26":"product_tag-sensory-deprivation-hood","27":"product_tag-sensory-play","28":"product_tag-szadomazo-kellek","29":"product_tag-teljes-fejfedo-maszk","30":"product_tag-temperature-play","31":"product_tag-zart-fejmaszk","33":"first","34":"instock","35":"taxable","36":"shipping-taxable","37":"purchasable","38":"product-type-simple"},"yoast_head":"<!-- This site is optimized with the Yoast SEO plugin v27.4 - https:\/\/yoast.com\/product\/yoast-seo-wordpress\/ -->\n<title>\ud83d\udd73\ufe0f Faceless Freak fekete BDSM fejmaszk \u2013 Szexshop Belv\u00e1ros<\/title>\n<meta name=\"description\" content=\"Faceless Freak fekete BDSM fejmaszk a Szexshop Belv\u00e1ros k\u00edn\u00e1lat\u00e1ban \u2013 \u00e9rz\u00e9kszervi j\u00e1t\u00e9khoz, domin\u00e1ns szerepekhez, diszkr\u00e9t csomagol\u00e1ssal \u00e9s gyors sz\u00e1ll\u00edt\u00e1ssal.\" \/>\n<meta name=\"robots\" content=\"index, follow, max-snippet:-1, max-image-preview:large, max-video-preview:-1\" \/>\n<link rel=\"canonical\" href=\"https:\/\/www.szexshopbelvaros.com\/en\/product\/fekete-bdsm-fejmaszk\/\" \/>\n<meta property=\"og:locale\" content=\"en_US\" \/>\n<meta property=\"og:type\" content=\"article\" \/>\n<meta property=\"og:title\" content=\"\ud83d\udd73\ufe0f Faceless Freak fekete BDSM fejmaszk \u2013 Szexshop Belv\u00e1ros\" \/>\n<meta property=\"og:description\" content=\"Faceless Freak fekete BDSM fejmaszk a Szexshop Belv\u00e1ros k\u00edn\u00e1lat\u00e1ban \u2013 \u00e9rz\u00e9kszervi j\u00e1t\u00e9khoz, domin\u00e1ns szerepekhez, diszkr\u00e9t csomagol\u00e1ssal \u00e9s gyors sz\u00e1ll\u00edt\u00e1ssal.\" \/>\n<meta property=\"og:url\" content=\"https:\/\/www.szexshopbelvaros.com\/en\/product\/fekete-bdsm-fejmaszk\/\" \/>\n<meta property=\"og:site_name\" content=\"Szexshop Belvaros\" \/>\n<meta property=\"article:publisher\" content=\"https:\/\/www.facebook.com\/belvarossecrets\/\" \/>\n<meta property=\"article:modified_time\" content=\"2026-04-10T12:00:12+00:00\" \/>\n<meta property=\"og:image\" content=\"https:\/\/www.szexshopbelvaros.com\/wp-content\/uploads\/2026\/04\/69d0fbb2359e3f221a4a0835-scaled.png\" \/>\n\t<meta property=\"og:image:width\" content=\"2560\" \/>\n\t<meta property=\"og:image:height\" content=\"1440\" \/>\n\t<meta property=\"og:image:type\" content=\"image\/png\" \/>\n<meta name=\"twitter:card\" content=\"summary_large_image\" \/>\n<meta name=\"twitter:site\" content=\"@belvarossecrets\" \/>\n<meta name=\"twitter:label1\" content=\"Est. reading time\" \/>\n\t<meta name=\"twitter:data1\" content=\"2 minutes\" \/>\n<script type=\"application\/ld+json\" class=\"yoast-schema-graph\">{\"@context\":\"https:\\\/\\\/schema.org\",\"@graph\":[{\"@type\":\"WebPage\",\"@id\":\"https:\\\/\\\/www.szexshopbelvaros.com\\\/termek\\\/fekete-bdsm-fejmaszk\\\/\",\"url\":\"https:\\\/\\\/www.szexshopbelvaros.com\\\/termek\\\/fekete-bdsm-fejmaszk\\\/\",\"name\":\"\ud83d\udd73\ufe0f Faceless Freak fekete BDSM fejmaszk \u2013 Szexshop Belv\u00e1ros\",\"isPartOf\":{\"@id\":\"https:\\\/\\\/www.szexshopbelvaros.com\\\/#website\"},\"primaryImageOfPage\":{\"@id\":\"https:\\\/\\\/www.szexshopbelvaros.com\\\/termek\\\/fekete-bdsm-fejmaszk\\\/#primaryimage\"},\"image\":{\"@id\":\"https:\\\/\\\/www.szexshopbelvaros.com\\\/termek\\\/fekete-bdsm-fejmaszk\\\/#primaryimage\"},\"thumbnailUrl\":\"https:\\\/\\\/www.szexshopbelvaros.com\\\/wp-content\\\/uploads\\\/2026\\\/04\\\/69d0fbb2359e3f221a4a0835-scaled.png\",\"datePublished\":\"2026-04-04T12:55:38+00:00\",\"dateModified\":\"2026-04-10T12:00:12+00:00\",\"description\":\"Faceless Freak fekete BDSM fejmaszk a Szexshop Belv\u00e1ros k\u00edn\u00e1lat\u00e1ban \u2013 \u00e9rz\u00e9kszervi j\u00e1t\u00e9khoz, domin\u00e1ns szerepekhez, diszkr\u00e9t csomagol\u00e1ssal \u00e9s gyors sz\u00e1ll\u00edt\u00e1ssal.\",\"breadcrumb\":{\"@id\":\"https:\\\/\\\/www.szexshopbelvaros.com\\\/termek\\\/fekete-bdsm-fejmaszk\\\/#breadcrumb\"},\"inLanguage\":\"en-US\",\"potentialAction\":[{\"@type\":\"ReadAction\",\"target\":[\"https:\\\/\\\/www.szexshopbelvaros.com\\\/termek\\\/fekete-bdsm-fejmaszk\\\/\"]}]},{\"@type\":\"ImageObject\",\"inLanguage\":\"en-US\",\"@id\":\"https:\\\/\\\/www.szexshopbelvaros.com\\\/termek\\\/fekete-bdsm-fejmaszk\\\/#primaryimage\",\"url\":\"https:\\\/\\\/www.szexshopbelvaros.com\\\/wp-content\\\/uploads\\\/2026\\\/04\\\/69d0fbb2359e3f221a4a0835-scaled.png\",\"contentUrl\":\"https:\\\/\\\/www.szexshopbelvaros.com\\\/wp-content\\\/uploads\\\/2026\\\/04\\\/69d0fbb2359e3f221a4a0835-scaled.png\",\"width\":2560,\"height\":1440,\"caption\":\"Faceless Freak fekete spandex fetish maszk, teljes fejfed\u0151 BDSM j\u00e1t\u00e9khoz Faceless Freak black spandex fetish hood full head mask for BDSM play\"},{\"@type\":\"BreadcrumbList\",\"@id\":\"https:\\\/\\\/www.szexshopbelvaros.com\\\/termek\\\/fekete-bdsm-fejmaszk\\\/#breadcrumb\",\"itemListElement\":[{\"@type\":\"ListItem\",\"position\":1,\"name\":\"Home\",\"item\":\"https:\\\/\\\/www.szexshopbelvaros.com\\\/\"},{\"@type\":\"ListItem\",\"position\":2,\"name\":\"\u00c1ruh\u00e1z\",\"item\":\"https:\\\/\\\/www.szexshopbelvaros.com\\\/uzlet\\\/\"},{\"@type\":\"ListItem\",\"position\":3,\"name\":\"\ud83d\udd73\ufe0f Faceless Freak \u2013 N\u00e9vtelen V\u00e1gyak Maszkja\"}]},{\"@type\":\"WebSite\",\"@id\":\"https:\\\/\\\/www.szexshopbelvaros.com\\\/#website\",\"url\":\"https:\\\/\\\/www.szexshopbelvaros.com\\\/\",\"name\":\"Szexshop Belv\u00e1ros\",\"description\":\"\ud83d\udd25 A szex olyan, mint a p\u00e9nz; csak a t\u00fal sok el\u00e9g!\u2122 Titkok a belv\u00e1rosb\u00f3l \ud83d\udc8b | Secrets from Budapest \ud83d\udc8e Feln\u0151tt j\u00e1t\u00e9kok \u2022 Erotika \u2022 Szexshop Belvaros\",\"publisher\":{\"@id\":\"https:\\\/\\\/www.szexshopbelvaros.com\\\/#organization\"},\"potentialAction\":[{\"@type\":\"SearchAction\",\"target\":{\"@type\":\"EntryPoint\",\"urlTemplate\":\"https:\\\/\\\/www.szexshopbelvaros.com\\\/?s={search_term_string}\"},\"query-input\":{\"@type\":\"PropertyValueSpecification\",\"valueRequired\":true,\"valueName\":\"search_term_string\"}}],\"inLanguage\":\"en-US\"},{\"@type\":\"Organization\",\"@id\":\"https:\\\/\\\/www.szexshopbelvaros.com\\\/#organization\",\"name\":\"Szexshop Belv\u00e1ros\",\"alternateName\":\"szexshopbelvaros.com\",\"url\":\"https:\\\/\\\/www.szexshopbelvaros.com\\\/\",\"logo\":{\"@type\":\"ImageObject\",\"inLanguage\":\"en-US\",\"@id\":\"https:\\\/\\\/www.szexshopbelvaros.com\\\/#\\\/schema\\\/logo\\\/image\\\/\",\"url\":\"https:\\\/\\\/www.szexshopbelvaros.com\\\/wp-content\\\/uploads\\\/2025\\\/09\\\/1Szexshopbelvaroslogo_blurred_stronger.jpg\",\"contentUrl\":\"https:\\\/\\\/www.szexshopbelvaros.com\\\/wp-content\\\/uploads\\\/2025\\\/09\\\/1Szexshopbelvaroslogo_blurred_stronger.jpg\",\"width\":1024,\"height\":1024,\"caption\":\"Szexshop Belv\u00e1ros\"},\"image\":{\"@id\":\"https:\\\/\\\/www.szexshopbelvaros.com\\\/#\\\/schema\\\/logo\\\/image\\\/\"},\"sameAs\":[\"https:\\\/\\\/www.facebook.com\\\/belvarossecrets\\\/\",\"https:\\\/\\\/x.com\\\/belvarossecrets\",\"https:\\\/\\\/www.instagram.com\\\/belvarossecrets\\\/\",\"https:\\\/\\\/www.tiktok.com\\\/@belvarossecrets\"]}]}<\/script>\n<!-- \/ Yoast SEO plugin. -->","yoast_head_json":{"title":"\ud83d\udd73\ufe0f Faceless Freak black BDSM head mask \u2013 Sexshop Belv\u00e1ros","description":"Faceless Freak black BDSM head mask available at Szexshop Belv\u00e1ros - for sensory play, dominant roles, with discreet packaging and fast delivery.","robots":{"index":"index","follow":"follow","max-snippet":"max-snippet:-1","max-image-preview":"max-image-preview:large","max-video-preview":"max-video-preview:-1"},"canonical":"https:\/\/www.szexshopbelvaros.com\/en\/product\/fekete-bdsm-fejmaszk\/","og_locale":"en_US","og_type":"article","og_title":"\ud83d\udd73\ufe0f Faceless Freak fekete BDSM fejmaszk \u2013 Szexshop Belv\u00e1ros","og_description":"Faceless Freak fekete BDSM fejmaszk a Szexshop Belv\u00e1ros k\u00edn\u00e1lat\u00e1ban \u2013 \u00e9rz\u00e9kszervi j\u00e1t\u00e9khoz, domin\u00e1ns szerepekhez, diszkr\u00e9t csomagol\u00e1ssal \u00e9s gyors sz\u00e1ll\u00edt\u00e1ssal.","og_url":"https:\/\/www.szexshopbelvaros.com\/en\/product\/fekete-bdsm-fejmaszk\/","og_site_name":"Szexshop Belvaros","article_publisher":"https:\/\/www.facebook.com\/belvarossecrets\/","article_modified_time":"2026-04-10T12:00:12+00:00","og_image":[{"width":2560,"height":1440,"url":"https:\/\/www.szexshopbelvaros.com\/wp-content\/uploads\/2026\/04\/69d0fbb2359e3f221a4a0835-scaled.png","type":"image\/png"}],"twitter_card":"summary_large_image","twitter_site":"@belvarossecrets","twitter_misc":{"Est. reading time":"2 minutes"},"schema":{"@context":"https:\/\/schema.org","@graph":[{"@type":"WebPage","@id":"https:\/\/www.szexshopbelvaros.com\/termek\/fekete-bdsm-fejmaszk\/","url":"https:\/\/www.szexshopbelvaros.com\/termek\/fekete-bdsm-fejmaszk\/","name":"\ud83d\udd73\ufe0f Faceless Freak black BDSM head mask \u2013 Sexshop Belv\u00e1ros","isPartOf":{"@id":"https:\/\/www.szexshopbelvaros.com\/#website"},"primaryImageOfPage":{"@id":"https:\/\/www.szexshopbelvaros.com\/termek\/fekete-bdsm-fejmaszk\/#primaryimage"},"image":{"@id":"https:\/\/www.szexshopbelvaros.com\/termek\/fekete-bdsm-fejmaszk\/#primaryimage"},"thumbnailUrl":"https:\/\/www.szexshopbelvaros.com\/wp-content\/uploads\/2026\/04\/69d0fbb2359e3f221a4a0835-scaled.png","datePublished":"2026-04-04T12:55:38+00:00","dateModified":"2026-04-10T12:00:12+00:00","description":"Faceless Freak black BDSM head mask available at Szexshop Belv\u00e1ros - for sensory play, dominant roles, with discreet packaging and fast delivery.","breadcrumb":{"@id":"https:\/\/www.szexshopbelvaros.com\/termek\/fekete-bdsm-fejmaszk\/#breadcrumb"},"inLanguage":"en-US","potentialAction":[{"@type":"ReadAction","target":["https:\/\/www.szexshopbelvaros.com\/termek\/fekete-bdsm-fejmaszk\/"]}]},{"@type":"ImageObject","inLanguage":"en-US","@id":"https:\/\/www.szexshopbelvaros.com\/termek\/fekete-bdsm-fejmaszk\/#primaryimage","url":"https:\/\/www.szexshopbelvaros.com\/wp-content\/uploads\/2026\/04\/69d0fbb2359e3f221a4a0835-scaled.png","contentUrl":"https:\/\/www.szexshopbelvaros.com\/wp-content\/uploads\/2026\/04\/69d0fbb2359e3f221a4a0835-scaled.png","width":2560,"height":1440,"caption":"Faceless Freak fekete spandex fetish maszk, teljes fejfed\u0151 BDSM j\u00e1t\u00e9khoz Faceless Freak black spandex fetish hood full head mask for BDSM play"},{"@type":"BreadcrumbList","@id":"https:\/\/www.szexshopbelvaros.com\/termek\/fekete-bdsm-fejmaszk\/#breadcrumb","itemListElement":[{"@type":"ListItem","position":1,"name":"Home","item":"https:\/\/www.szexshopbelvaros.com\/"},{"@type":"ListItem","position":2,"name":"\u00c1ruh\u00e1z","item":"https:\/\/www.szexshopbelvaros.com\/uzlet\/"},{"@type":"ListItem","position":3,"name":"\ud83d\udd73\ufe0f Faceless Freak \u2013 N\u00e9vtelen V\u00e1gyak Maszkja"}]},{"@type":"WebSite","@id":"https:\/\/www.szexshopbelvaros.com\/#website","url":"https:\/\/www.szexshopbelvaros.com\/","name":"at our Szexshop Belv\u00e1ros","description":"\ud83d\udd25 Sex is like money; only too much is enough!\u2122 Secrets from the city center \ud83d\udc8b | Secrets from Budapest \ud83d\udc8e Adult games \u2022 Erotica \u2022 Sex shop Belvaros","publisher":{"@id":"https:\/\/www.szexshopbelvaros.com\/#organization"},"potentialAction":[{"@type":"SearchAction","target":{"@type":"EntryPoint","urlTemplate":"https:\/\/www.szexshopbelvaros.com\/?s={search_term_string}"},"query-input":{"@type":"PropertyValueSpecification","valueRequired":true,"valueName":"search_term_string"}}],"inLanguage":"en-US"},{"@type":"Organization","@id":"https:\/\/www.szexshopbelvaros.com\/#organization","name":"at our Szexshop Belv\u00e1ros","alternateName":"szexshopbelvaros.com","url":"https:\/\/www.szexshopbelvaros.com\/","logo":{"@type":"ImageObject","inLanguage":"en-US","@id":"https:\/\/www.szexshopbelvaros.com\/#\/schema\/logo\/image\/","url":"https:\/\/www.szexshopbelvaros.com\/wp-content\/uploads\/2025\/09\/1Szexshopbelvaroslogo_blurred_stronger.jpg","contentUrl":"https:\/\/www.szexshopbelvaros.com\/wp-content\/uploads\/2025\/09\/1Szexshopbelvaroslogo_blurred_stronger.jpg","width":1024,"height":1024,"caption":"Szexshop Belv\u00e1ros"},"image":{"@id":"https:\/\/www.szexshopbelvaros.com\/#\/schema\/logo\/image\/"},"sameAs":["https:\/\/www.facebook.com\/belvarossecrets\/","https:\/\/x.com\/belvarossecrets","https:\/\/www.instagram.com\/belvarossecrets\/","https:\/\/www.tiktok.com\/@belvarossecrets"]}]}},"_links":{"self":[{"href":"https:\/\/www.szexshopbelvaros.com\/en\/wp-json\/wp\/v2\/product\/2984","targetHints":{"allow":["GET"]}}],"collection":[{"href":"https:\/\/www.szexshopbelvaros.com\/en\/wp-json\/wp\/v2\/product"}],"about":[{"href":"https:\/\/www.szexshopbelvaros.com\/en\/wp-json\/wp\/v2\/types\/product"}],"replies":[{"embeddable":true,"href":"https:\/\/www.szexshopbelvaros.com\/en\/wp-json\/wp\/v2\/comments?post=2984"}],"wp:featuredmedia":[{"embeddable":true,"href":"https:\/\/www.szexshopbelvaros.com\/en\/wp-json\/wp\/v2\/media\/2985"}],"wp:attachment":[{"href":"https:\/\/www.szexshopbelvaros.com\/en\/wp-json\/wp\/v2\/media?parent=2984"}],"wp:term":[{"taxonomy":"product_brand","embeddable":true,"href":"https:\/\/www.szexshopbelvaros.com\/en\/wp-json\/wp\/v2\/product_brand?post=2984"},{"taxonomy":"product_cat","embeddable":true,"href":"https:\/\/www.szexshopbelvaros.com\/en\/wp-json\/wp\/v2\/product_cat?post=2984"},{"taxonomy":"product_tag","embeddable":true,"href":"https:\/\/www.szexshopbelvaros.com\/en\/wp-json\/wp\/v2\/product_tag?post=2984"}],"curies":[{"name":"wp","href":"https:\/\/api.w.org\/{rel}","templated":true}]}}