{"id":2990,"date":"2026-04-06T13:37:29","date_gmt":"2026-04-06T11:37:29","guid":{"rendered":"https:\/\/www.szexshopbelvaros.com\/?post_type=product&#038;p=2990"},"modified":"2026-04-10T14:00:12","modified_gmt":"2026-04-10T12:00:12","slug":"fustos-felfujhato-vakuumos-peniszpumpa","status":"publish","type":"product","link":"https:\/\/www.szexshopbelvaros.com\/en\/product\/fustos-felfujhato-vakuumos-peniszpumpa\/","title":{"rendered":"\ud83c\udf2a\ufe0f Smoky Inflatable \u2013 The Darth Vader of Penis Pumps"},"content":{"rendered":"<p data-start=\"144\" data-end=\"339\">The smoky inflatable vacuum penis pump not only looks good, it works hard too. It starts the blood flow from the first pump. The result is more impressive fullness and increased sensitivity.<\/p>\n<p data-start=\"341\" data-end=\"534\">The cylinder is 19 cm long and 5.7 cm in diameter. The smoke-colored design is not only hot, but also practical. You can see exactly what's going on inside. No mishmash, just increasingly spectacular play.<\/p>\n<p data-start=\"536\" data-end=\"782\">The device is made of ABS and TPE. This gives it a more stable hold and more comfortable use. The cuff fits better, so the vacuum does its job well. With the hand pump, you control the strength, so you really are the boss here.<\/p>\n<p data-start=\"784\" data-end=\"1031\">This vacuum penis pump is not a &quot;something will happen&quot; type. A little pressure, a little play and you&#039;ll feel the difference. If in addition to penis enlargement, stronger erections and a more intense experience are also part of your plans, this piece will help you achieve that.<\/p>\n<p data-start=\"1033\" data-end=\"1165\">If you need a smokey inflatable vacuum penis pump that not only promises but actually delivers, it&#039;s hard to go wrong with this one.<\/p>\n<p data-start=\"1017\" data-end=\"1093\">\ud83d\udd17 You should check out the rest of our <a href=\"https:\/\/www.szexshopbelvaros.com\/en\/product-category\/ferfiaknak\/peniszkoppenyek-pumpak\/\">penis pump<\/a> items!<\/p>\n<p data-start=\"1017\" data-end=\"1093\">\ud83d\udc49 Get it within an hour at our Budapest SzexShop Belv\u00e1ros <a href=\"https:\/\/wolt.com\/hu\/hun\/budapest\/venue\/szexshop-belvaros\/fustos-felfujhato-smoky-sucker-itemid-41f3037ebfc5c8cde0dcbc2c\">Wolt store,<\/a> or order at <a class=\"decorated-link cursor-pointer\" target=\"_new\" rel=\"noopener\" data-start=\"1237\" data-end=\"1261\">www.szexshopbelvaros.com<\/a> . We deliver to the entire territory of Hungary and the EU. Let the vacuum do its job, you will feel the rest anyway.<\/p>","protected":false},"excerpt":{"rendered":"<p>A f\u00fcst\u00f6s felf\u00fajhat\u00f3 v\u00e1kuumos p\u00e9niszpumpa nemcsak j\u00f3l n\u00e9z ki, hanem kem\u00e9nyen dolgozik is. M\u00e1r az els\u0151 pump\u00e1l\u00e1sn\u00e1l beind\u00edtja a v\u00e9rb\u0151s\u00e9get. Az eredm\u00e9ny l\u00e1tv\u00e1nyosabb telts\u00e9g \u00e9s fokozott \u00e9rz\u00e9kenys\u00e9g. A henger 19 cm hossz\u00fa, az \u00e1tm\u00e9r\u0151je pedig 5,7 cm. A f\u00fcstsz\u00edn\u0171 kialak\u00edt\u00e1s nemcsak d\u00f6g\u00f6s, hanem praktikus is. Pontosan l\u00e1tod, mi t\u00f6rt\u00e9nik odabent. Nincs mism\u00e1sol\u00e1s, csak egyre l\u00e1tv\u00e1nyosabb [&#8230;]\n","protected":false},"featured_media":2991,"comment_status":"closed","ping_status":"closed","template":"","meta":[],"product_brand":[58],"product_cat":[68,149],"product_tag":[1857,2166,2069,2068,1104,2169,1855,2536,2537,2538,2168,2539,2167,573,2170,2542,1858,1856,2084,1075,568,2083,2081,2541,2540,2085,220,1081,2082],"class_list":{"0":"post-2990","1":"product","2":"type-product","3":"status-publish","4":"has-post-thumbnail","6":"product_brand-seven-creation","7":"product_cat-ferfiaknak","8":"product_cat-peniszkoppenyek-pumpak","9":"product_tag-adult-toy-for-men","10":"product_tag-ferfi-elvezet","11":"product_tag-ferfi-felnott-jatek","12":"product_tag-ferfi-intim-jatek","13":"product_tag-ferfi-kiegeszito","14":"product_tag-ferfi-stimulacio","15":"product_tag-ferfi-szexjatek","16":"product_tag-fustos-felfujhato-peniszpumpa","17":"product_tag-fustszinu-peniszpumpa","18":"product_tag-fustszinu-vakumos-peniszpumpa","19":"product_tag-intimate-toy-for-men","20":"product_tag-kezi-peniszpumpa","21":"product_tag-male-adult-toy","22":"product_tag-male-sex-toy","23":"product_tag-male-stimulation-device","24":"product_tag-manual-penis-pump","25":"product_tag-mens-accessory","26":"product_tag-mens-pleasure","27":"product_tag-merevedes-pumpa","28":"product_tag-penis-pump","29":"product_tag-penis-sleeve","30":"product_tag-penisz-kopeny","31":"product_tag-penisz-pumpa","32":"product_tag-smoky-inflatable-penis-pump","33":"product_tag-smoky-vacuum-penis-pump","34":"product_tag-stimulation-sleeve","35":"product_tag-szexshop-belvaros","36":"product_tag-vacuum-pump","37":"product_tag-vakum-pumpa","39":"first","40":"instock","41":"taxable","42":"shipping-taxable","43":"purchasable","44":"product-type-simple"},"yoast_head":"<!-- This site is optimized with the Yoast SEO plugin v27.4 - https:\/\/yoast.com\/product\/yoast-seo-wordpress\/ -->\n<title>F\u00fcst\u00f6s Felf\u00fajhat\u00f3 v\u00e1kuumos p\u00e9niszpumpa \ud83c\udf2a\ufe0f | Szexshop Belv\u00e1ros<\/title>\n<meta name=\"description\" content=\"F\u00fcst\u00f6s Felf\u00fajhat\u00f3 p\u00e9niszpumpa a Szexshop Belv\u00e1ros k\u00edn\u00e1lat\u00e1ban \u2013 v\u00e1kuumos \u00e9lm\u00e9ny, er\u0151sebb v\u00e9rb\u0151s\u00e9g \u00e9s izgalmas k\u00eds\u00e9rletez\u00e9s diszkr\u00e9t sz\u00e1ll\u00edt\u00e1ssal.\" \/>\n<meta name=\"robots\" content=\"index, follow, max-snippet:-1, max-image-preview:large, max-video-preview:-1\" \/>\n<link rel=\"canonical\" href=\"https:\/\/www.szexshopbelvaros.com\/en\/product\/fustos-felfujhato-vakuumos-peniszpumpa\/\" \/>\n<meta property=\"og:locale\" content=\"en_US\" \/>\n<meta property=\"og:type\" content=\"article\" \/>\n<meta property=\"og:title\" content=\"F\u00fcst\u00f6s Felf\u00fajhat\u00f3 v\u00e1kuumos p\u00e9niszpumpa \ud83c\udf2a\ufe0f | Szexshop Belv\u00e1ros\" \/>\n<meta property=\"og:description\" content=\"F\u00fcst\u00f6s Felf\u00fajhat\u00f3 p\u00e9niszpumpa a Szexshop Belv\u00e1ros k\u00edn\u00e1lat\u00e1ban \u2013 v\u00e1kuumos \u00e9lm\u00e9ny, er\u0151sebb v\u00e9rb\u0151s\u00e9g \u00e9s izgalmas k\u00eds\u00e9rletez\u00e9s diszkr\u00e9t sz\u00e1ll\u00edt\u00e1ssal.\" \/>\n<meta property=\"og:url\" content=\"https:\/\/www.szexshopbelvaros.com\/en\/product\/fustos-felfujhato-vakuumos-peniszpumpa\/\" \/>\n<meta property=\"og:site_name\" content=\"Szexshop Belvaros\" \/>\n<meta property=\"article:publisher\" content=\"https:\/\/www.facebook.com\/belvarossecrets\/\" \/>\n<meta property=\"article:modified_time\" content=\"2026-04-10T12:00:12+00:00\" \/>\n<meta property=\"og:image\" content=\"https:\/\/www.szexshopbelvaros.com\/wp-content\/uploads\/2026\/04\/69d38af0359e3f221a4a0ca7-scaled.png\" \/>\n\t<meta property=\"og:image:width\" content=\"2560\" \/>\n\t<meta property=\"og:image:height\" content=\"1440\" \/>\n\t<meta property=\"og:image:type\" content=\"image\/png\" \/>\n<meta name=\"twitter:card\" content=\"summary_large_image\" \/>\n<meta name=\"twitter:site\" content=\"@belvarossecrets\" \/>\n<meta name=\"twitter:label1\" content=\"Est. reading time\" \/>\n\t<meta name=\"twitter:data1\" content=\"2 minutes\" \/>\n<script type=\"application\/ld+json\" class=\"yoast-schema-graph\">{\"@context\":\"https:\\\/\\\/schema.org\",\"@graph\":[{\"@type\":\"WebPage\",\"@id\":\"https:\\\/\\\/www.szexshopbelvaros.com\\\/termek\\\/fustos-felfujhato-vakuumos-peniszpumpa\\\/\",\"url\":\"https:\\\/\\\/www.szexshopbelvaros.com\\\/termek\\\/fustos-felfujhato-vakuumos-peniszpumpa\\\/\",\"name\":\"F\u00fcst\u00f6s Felf\u00fajhat\u00f3 v\u00e1kuumos p\u00e9niszpumpa \ud83c\udf2a\ufe0f | Szexshop Belv\u00e1ros\",\"isPartOf\":{\"@id\":\"https:\\\/\\\/www.szexshopbelvaros.com\\\/#website\"},\"primaryImageOfPage\":{\"@id\":\"https:\\\/\\\/www.szexshopbelvaros.com\\\/termek\\\/fustos-felfujhato-vakuumos-peniszpumpa\\\/#primaryimage\"},\"image\":{\"@id\":\"https:\\\/\\\/www.szexshopbelvaros.com\\\/termek\\\/fustos-felfujhato-vakuumos-peniszpumpa\\\/#primaryimage\"},\"thumbnailUrl\":\"https:\\\/\\\/www.szexshopbelvaros.com\\\/wp-content\\\/uploads\\\/2026\\\/04\\\/69d38af0359e3f221a4a0ca7-scaled.png\",\"datePublished\":\"2026-04-06T11:37:29+00:00\",\"dateModified\":\"2026-04-10T12:00:12+00:00\",\"description\":\"F\u00fcst\u00f6s Felf\u00fajhat\u00f3 p\u00e9niszpumpa a Szexshop Belv\u00e1ros k\u00edn\u00e1lat\u00e1ban \u2013 v\u00e1kuumos \u00e9lm\u00e9ny, er\u0151sebb v\u00e9rb\u0151s\u00e9g \u00e9s izgalmas k\u00eds\u00e9rletez\u00e9s diszkr\u00e9t sz\u00e1ll\u00edt\u00e1ssal.\",\"breadcrumb\":{\"@id\":\"https:\\\/\\\/www.szexshopbelvaros.com\\\/termek\\\/fustos-felfujhato-vakuumos-peniszpumpa\\\/#breadcrumb\"},\"inLanguage\":\"en-US\",\"potentialAction\":[{\"@type\":\"ReadAction\",\"target\":[\"https:\\\/\\\/www.szexshopbelvaros.com\\\/termek\\\/fustos-felfujhato-vakuumos-peniszpumpa\\\/\"]}]},{\"@type\":\"ImageObject\",\"inLanguage\":\"en-US\",\"@id\":\"https:\\\/\\\/www.szexshopbelvaros.com\\\/termek\\\/fustos-felfujhato-vakuumos-peniszpumpa\\\/#primaryimage\",\"url\":\"https:\\\/\\\/www.szexshopbelvaros.com\\\/wp-content\\\/uploads\\\/2026\\\/04\\\/69d38af0359e3f221a4a0ca7-scaled.png\",\"contentUrl\":\"https:\\\/\\\/www.szexshopbelvaros.com\\\/wp-content\\\/uploads\\\/2026\\\/04\\\/69d38af0359e3f221a4a0ca7-scaled.png\",\"width\":2560,\"height\":1440,\"caption\":\"HU: F\u00fcst\u00f6s Felf\u00fajhat\u00f3 f\u00fcstsz\u00edn\u0171 p\u00e9niszpumpa EN: Smoky inflatable penis pump\"},{\"@type\":\"BreadcrumbList\",\"@id\":\"https:\\\/\\\/www.szexshopbelvaros.com\\\/termek\\\/fustos-felfujhato-vakuumos-peniszpumpa\\\/#breadcrumb\",\"itemListElement\":[{\"@type\":\"ListItem\",\"position\":1,\"name\":\"Home\",\"item\":\"https:\\\/\\\/www.szexshopbelvaros.com\\\/\"},{\"@type\":\"ListItem\",\"position\":2,\"name\":\"\u00c1ruh\u00e1z\",\"item\":\"https:\\\/\\\/www.szexshopbelvaros.com\\\/uzlet\\\/\"},{\"@type\":\"ListItem\",\"position\":3,\"name\":\"\ud83c\udf2a\ufe0f F\u00fcst\u00f6s Felf\u00fajhat\u00f3 &#8211; A P\u00e9niszpump\u00e1k Darth Vadere\"}]},{\"@type\":\"WebSite\",\"@id\":\"https:\\\/\\\/www.szexshopbelvaros.com\\\/#website\",\"url\":\"https:\\\/\\\/www.szexshopbelvaros.com\\\/\",\"name\":\"Szexshop Belv\u00e1ros\",\"description\":\"\ud83d\udd25 A szex olyan, mint a p\u00e9nz; csak a t\u00fal sok el\u00e9g!\u2122 Titkok a belv\u00e1rosb\u00f3l \ud83d\udc8b | Secrets from Budapest \ud83d\udc8e Feln\u0151tt j\u00e1t\u00e9kok \u2022 Erotika \u2022 Szexshop Belvaros\",\"publisher\":{\"@id\":\"https:\\\/\\\/www.szexshopbelvaros.com\\\/#organization\"},\"potentialAction\":[{\"@type\":\"SearchAction\",\"target\":{\"@type\":\"EntryPoint\",\"urlTemplate\":\"https:\\\/\\\/www.szexshopbelvaros.com\\\/?s={search_term_string}\"},\"query-input\":{\"@type\":\"PropertyValueSpecification\",\"valueRequired\":true,\"valueName\":\"search_term_string\"}}],\"inLanguage\":\"en-US\"},{\"@type\":\"Organization\",\"@id\":\"https:\\\/\\\/www.szexshopbelvaros.com\\\/#organization\",\"name\":\"Szexshop Belv\u00e1ros\",\"alternateName\":\"szexshopbelvaros.com\",\"url\":\"https:\\\/\\\/www.szexshopbelvaros.com\\\/\",\"logo\":{\"@type\":\"ImageObject\",\"inLanguage\":\"en-US\",\"@id\":\"https:\\\/\\\/www.szexshopbelvaros.com\\\/#\\\/schema\\\/logo\\\/image\\\/\",\"url\":\"https:\\\/\\\/www.szexshopbelvaros.com\\\/wp-content\\\/uploads\\\/2025\\\/09\\\/1Szexshopbelvaroslogo_blurred_stronger.jpg\",\"contentUrl\":\"https:\\\/\\\/www.szexshopbelvaros.com\\\/wp-content\\\/uploads\\\/2025\\\/09\\\/1Szexshopbelvaroslogo_blurred_stronger.jpg\",\"width\":1024,\"height\":1024,\"caption\":\"Szexshop Belv\u00e1ros\"},\"image\":{\"@id\":\"https:\\\/\\\/www.szexshopbelvaros.com\\\/#\\\/schema\\\/logo\\\/image\\\/\"},\"sameAs\":[\"https:\\\/\\\/www.facebook.com\\\/belvarossecrets\\\/\",\"https:\\\/\\\/x.com\\\/belvarossecrets\",\"https:\\\/\\\/www.instagram.com\\\/belvarossecrets\\\/\",\"https:\\\/\\\/www.tiktok.com\\\/@belvarossecrets\"]}]}<\/script>\n<!-- \/ Yoast SEO plugin. -->","yoast_head_json":{"title":"Smoky Inflatable Vacuum Penis Pump \ud83c\udf2a\ufe0f | Sexshop Belv\u00e1ros","description":"Smoky Inflatable penis pump available at Szexshop Belv\u00e1ros - vacuum experience, stronger blood flow and exciting experimentation with discreet delivery.","robots":{"index":"index","follow":"follow","max-snippet":"max-snippet:-1","max-image-preview":"max-image-preview:large","max-video-preview":"max-video-preview:-1"},"canonical":"https:\/\/www.szexshopbelvaros.com\/en\/product\/fustos-felfujhato-vakuumos-peniszpumpa\/","og_locale":"en_US","og_type":"article","og_title":"F\u00fcst\u00f6s Felf\u00fajhat\u00f3 v\u00e1kuumos p\u00e9niszpumpa \ud83c\udf2a\ufe0f | Szexshop Belv\u00e1ros","og_description":"F\u00fcst\u00f6s Felf\u00fajhat\u00f3 p\u00e9niszpumpa a Szexshop Belv\u00e1ros k\u00edn\u00e1lat\u00e1ban \u2013 v\u00e1kuumos \u00e9lm\u00e9ny, er\u0151sebb v\u00e9rb\u0151s\u00e9g \u00e9s izgalmas k\u00eds\u00e9rletez\u00e9s diszkr\u00e9t sz\u00e1ll\u00edt\u00e1ssal.","og_url":"https:\/\/www.szexshopbelvaros.com\/en\/product\/fustos-felfujhato-vakuumos-peniszpumpa\/","og_site_name":"Szexshop Belvaros","article_publisher":"https:\/\/www.facebook.com\/belvarossecrets\/","article_modified_time":"2026-04-10T12:00:12+00:00","og_image":[{"width":2560,"height":1440,"url":"https:\/\/www.szexshopbelvaros.com\/wp-content\/uploads\/2026\/04\/69d38af0359e3f221a4a0ca7-scaled.png","type":"image\/png"}],"twitter_card":"summary_large_image","twitter_site":"@belvarossecrets","twitter_misc":{"Est. reading time":"2 minutes"},"schema":{"@context":"https:\/\/schema.org","@graph":[{"@type":"WebPage","@id":"https:\/\/www.szexshopbelvaros.com\/termek\/fustos-felfujhato-vakuumos-peniszpumpa\/","url":"https:\/\/www.szexshopbelvaros.com\/termek\/fustos-felfujhato-vakuumos-peniszpumpa\/","name":"Smoky Inflatable Vacuum Penis Pump \ud83c\udf2a\ufe0f | Sexshop Belv\u00e1ros","isPartOf":{"@id":"https:\/\/www.szexshopbelvaros.com\/#website"},"primaryImageOfPage":{"@id":"https:\/\/www.szexshopbelvaros.com\/termek\/fustos-felfujhato-vakuumos-peniszpumpa\/#primaryimage"},"image":{"@id":"https:\/\/www.szexshopbelvaros.com\/termek\/fustos-felfujhato-vakuumos-peniszpumpa\/#primaryimage"},"thumbnailUrl":"https:\/\/www.szexshopbelvaros.com\/wp-content\/uploads\/2026\/04\/69d38af0359e3f221a4a0ca7-scaled.png","datePublished":"2026-04-06T11:37:29+00:00","dateModified":"2026-04-10T12:00:12+00:00","description":"Smoky Inflatable penis pump available at Szexshop Belv\u00e1ros - vacuum experience, stronger blood flow and exciting experimentation with discreet delivery.","breadcrumb":{"@id":"https:\/\/www.szexshopbelvaros.com\/termek\/fustos-felfujhato-vakuumos-peniszpumpa\/#breadcrumb"},"inLanguage":"en-US","potentialAction":[{"@type":"ReadAction","target":["https:\/\/www.szexshopbelvaros.com\/termek\/fustos-felfujhato-vakuumos-peniszpumpa\/"]}]},{"@type":"ImageObject","inLanguage":"en-US","@id":"https:\/\/www.szexshopbelvaros.com\/termek\/fustos-felfujhato-vakuumos-peniszpumpa\/#primaryimage","url":"https:\/\/www.szexshopbelvaros.com\/wp-content\/uploads\/2026\/04\/69d38af0359e3f221a4a0ca7-scaled.png","contentUrl":"https:\/\/www.szexshopbelvaros.com\/wp-content\/uploads\/2026\/04\/69d38af0359e3f221a4a0ca7-scaled.png","width":2560,"height":1440,"caption":"HU: F\u00fcst\u00f6s Felf\u00fajhat\u00f3 f\u00fcstsz\u00edn\u0171 p\u00e9niszpumpa EN: Smoky inflatable penis pump"},{"@type":"BreadcrumbList","@id":"https:\/\/www.szexshopbelvaros.com\/termek\/fustos-felfujhato-vakuumos-peniszpumpa\/#breadcrumb","itemListElement":[{"@type":"ListItem","position":1,"name":"Home","item":"https:\/\/www.szexshopbelvaros.com\/"},{"@type":"ListItem","position":2,"name":"\u00c1ruh\u00e1z","item":"https:\/\/www.szexshopbelvaros.com\/uzlet\/"},{"@type":"ListItem","position":3,"name":"\ud83c\udf2a\ufe0f F\u00fcst\u00f6s Felf\u00fajhat\u00f3 &#8211; A P\u00e9niszpump\u00e1k Darth Vadere"}]},{"@type":"WebSite","@id":"https:\/\/www.szexshopbelvaros.com\/#website","url":"https:\/\/www.szexshopbelvaros.com\/","name":"at our Szexshop Belv\u00e1ros","description":"\ud83d\udd25 Sex is like money; only too much is enough!\u2122 Secrets from the city center \ud83d\udc8b | Secrets from Budapest \ud83d\udc8e Adult games \u2022 Erotica \u2022 Sex shop Belvaros","publisher":{"@id":"https:\/\/www.szexshopbelvaros.com\/#organization"},"potentialAction":[{"@type":"SearchAction","target":{"@type":"EntryPoint","urlTemplate":"https:\/\/www.szexshopbelvaros.com\/?s={search_term_string}"},"query-input":{"@type":"PropertyValueSpecification","valueRequired":true,"valueName":"search_term_string"}}],"inLanguage":"en-US"},{"@type":"Organization","@id":"https:\/\/www.szexshopbelvaros.com\/#organization","name":"at our Szexshop Belv\u00e1ros","alternateName":"szexshopbelvaros.com","url":"https:\/\/www.szexshopbelvaros.com\/","logo":{"@type":"ImageObject","inLanguage":"en-US","@id":"https:\/\/www.szexshopbelvaros.com\/#\/schema\/logo\/image\/","url":"https:\/\/www.szexshopbelvaros.com\/wp-content\/uploads\/2025\/09\/1Szexshopbelvaroslogo_blurred_stronger.jpg","contentUrl":"https:\/\/www.szexshopbelvaros.com\/wp-content\/uploads\/2025\/09\/1Szexshopbelvaroslogo_blurred_stronger.jpg","width":1024,"height":1024,"caption":"Szexshop Belv\u00e1ros"},"image":{"@id":"https:\/\/www.szexshopbelvaros.com\/#\/schema\/logo\/image\/"},"sameAs":["https:\/\/www.facebook.com\/belvarossecrets\/","https:\/\/x.com\/belvarossecrets","https:\/\/www.instagram.com\/belvarossecrets\/","https:\/\/www.tiktok.com\/@belvarossecrets"]}]}},"_links":{"self":[{"href":"https:\/\/www.szexshopbelvaros.com\/en\/wp-json\/wp\/v2\/product\/2990","targetHints":{"allow":["GET"]}}],"collection":[{"href":"https:\/\/www.szexshopbelvaros.com\/en\/wp-json\/wp\/v2\/product"}],"about":[{"href":"https:\/\/www.szexshopbelvaros.com\/en\/wp-json\/wp\/v2\/types\/product"}],"replies":[{"embeddable":true,"href":"https:\/\/www.szexshopbelvaros.com\/en\/wp-json\/wp\/v2\/comments?post=2990"}],"wp:featuredmedia":[{"embeddable":true,"href":"https:\/\/www.szexshopbelvaros.com\/en\/wp-json\/wp\/v2\/media\/2991"}],"wp:attachment":[{"href":"https:\/\/www.szexshopbelvaros.com\/en\/wp-json\/wp\/v2\/media?parent=2990"}],"wp:term":[{"taxonomy":"product_brand","embeddable":true,"href":"https:\/\/www.szexshopbelvaros.com\/en\/wp-json\/wp\/v2\/product_brand?post=2990"},{"taxonomy":"product_cat","embeddable":true,"href":"https:\/\/www.szexshopbelvaros.com\/en\/wp-json\/wp\/v2\/product_cat?post=2990"},{"taxonomy":"product_tag","embeddable":true,"href":"https:\/\/www.szexshopbelvaros.com\/en\/wp-json\/wp\/v2\/product_tag?post=2990"}],"curies":[{"name":"wp","href":"https:\/\/api.w.org\/{rel}","templated":true}]}}