{"id":3003,"date":"2026-04-08T11:32:14","date_gmt":"2026-04-08T09:32:14","guid":{"rendered":"https:\/\/www.szexshopbelvaros.com\/?post_type=product&#038;p=3003"},"modified":"2026-04-10T14:00:11","modified_gmt":"2026-04-10T12:00:11","slug":"slave-strong-a-bor-tisztito-ami-nem-viccel","status":"publish","type":"product","link":"https:\/\/www.szexshopbelvaros.com\/en\/product\/slave-strong-a-bor-tisztito-ami-nem-viccel\/","title":{"rendered":"\ud83d\udda4 Slave Strong \u2013 The skin cleanser that&#039;s no joke"},"content":{"rendered":"<p data-start=\"166\" data-end=\"367\">There comes a time when your favorite leather item is no longer just \u201eused\u201d\u2026 but <strong data-start=\"244\" data-end=\"254\">experienced<\/strong>.<br data-start=\"255\" data-end=\"258\" \/>Well, this is where the game comes in. <strong data-start=\"285\" data-end=\"306\">Slave Strong 10 ml<\/strong>\u00a0\u2013 the little black bottle that doesn&#039;t ask, just <strong data-start=\"351\" data-end=\"366\">to fix<\/strong>.<\/p>\n<p data-start=\"369\" data-end=\"499\">This is not your average cleaner. This is the stuff you reach for when your leather gear says:<br data-start=\"473\" data-end=\"476\" \/>\ud83d\udc49 <em data-start=\"479\" data-end=\"499\">\u201eBrother\u2026 help me.\u201d<\/em><\/p>\n<p data-start=\"501\" data-end=\"762\">A strong formula, serious character, and a presence you can feel as soon as you unscrew the cap (don&#039;t worry... it&#039;s just for cleaning \ud83d\ude09).<br data-start=\"628\" data-end=\"631\" \/>Perfect leather for clothes, accessories, toys \u2013 anything that deserves to be reused. <strong data-start=\"721\" data-end=\"754\">tight, clean and ready to fight<\/strong> be.<\/p>\n<p data-start=\"764\" data-end=\"856\">\ud83d\udca5 Small size, brutal effect<br data-start=\"790\" data-end=\"793\" \/>\ud83d\udca5 10ml concentrated \u201etidying up\u201d<br data-start=\"824\" data-end=\"827\" \/>\ud83d\udca5 Not playing \u2013 just cleaning<\/p>\n<p data-start=\"858\" data-end=\"991\">And yes\u2026 <strong data-start=\"867\" data-end=\"907\">You can only find this stuff here.<\/strong>. Not in the store next door. Not anywhere else.<br data-start=\"944\" data-end=\"947\" \/>\ud83d\udc49 Only from <strong data-start=\"957\" data-end=\"978\">szexshop belv\u00e1ros<\/strong> in its offer.<\/p>\n<p data-start=\"993\" data-end=\"1151\">\u26a0\ufe0f Important:<br data-start=\"1003\" data-end=\"1006\" \/>This product <strong data-start=\"1018\" data-end=\"1075\">designed exclusively for cleaning and maintaining leather<\/strong>. Not for consumption, nothing else. Only and exclusively for saving your leather goods.<\/p>\n<p data-start=\"993\" data-end=\"1151\">\ud83d\udca1 You should check out the rest <a href=\"https:\/\/www.szexshopbelvaros.com\/en\/product-category\/rush\/\">skin care<\/a> and additional pieces too!<\/p>\n<p data-start=\"993\" data-end=\"1151\"><br data-start=\"2146\" data-end=\"2149\" \/>\ud83d\udc49 Get it within an hour at our Budapest SzexShop Belv\u00e1ros <a href=\"https:\/\/wolt.com\/hu\/hun\/budapest\/venue\/szexshop-belvaros\/slave-strong-10-ml-itemid-1a8c703475c83258cdcb9295\">Wolt<\/a>from our offer or order the <strong data-start=\"2302\" data-end=\"2330\"><a class=\"decorated-link cursor-pointer\" target=\"_new\" rel=\"noopener\" data-start=\"2304\" data-end=\"2328\">www.szexshopbelvaros.com<\/a><\/strong> . We deliver to the entire territory of Hungary and the EU.<\/p>","protected":false},"excerpt":{"rendered":"<p>Van az a pillanat, amikor a kedvenc b\u0151r cuccod m\u00e1r nemcsak \u201ehaszn\u00e1lt\u201d\u2026 hanem meg\u00e9lt.Na, itt l\u00e9p be a j\u00e1t\u00e9kba a Slave Strong 10 ml\u00a0\u2013 a kis fekete palack, ami nem k\u00e9rdez, csak rendbe tesz. Ez nem egy \u00e1tlagos tiszt\u00edt\u00f3. Ez az a cucc, amit akkor veszel el\u0151, amikor a b\u0151r felszerel\u00e9sed azt mondja:\ud83d\udc49 \u201eTestv\u00e9r\u2026 seg\u00edts.\u201d [&#8230;]\n","protected":false},"featured_media":3005,"comment_status":"closed","ping_status":"closed","template":"","meta":[],"product_brand":[2544],"product_cat":[104,115],"product_tag":[1259,2194,2554,2556,2552,2207,856,2193,1261,1251,2550,2210,2211,2557,2553,2555,2558,2208,2209,1248,2195,1247,2192,2549,2551,220,2206,2205],"class_list":{"0":"post-3003","1":"product","2":"type-product","3":"status-publish","4":"has-post-thumbnail","6":"product_brand-jolt","7":"product_cat-rush","8":"product_cat-ujdonsagok","9":"product_tag-aroma-inhalant","10":"product_tag-aroma-termek","11":"product_tag-bor-tisztito","12":"product_tag-borapolo","13":"product_tag-bortisztito","14":"product_tag-friss-erkezes","15":"product_tag-gyors-hatas","16":"product_tag-illat-inhalalas","17":"product_tag-intense-sensation","18":"product_tag-intenziv-elmeny","19":"product_tag-jolt","20":"product_tag-just-arrived","21":"product_tag-latest-arrival","22":"product_tag-leather-apparel-cleaner","23":"product_tag-leather-cleaner","24":"product_tag-leather-gear-cleaner","25":"product_tag-leather-toy-cleaner","26":"product_tag-legujabb-termek","27":"product_tag-new-product","28":"product_tag-poppers","29":"product_tag-quick-effect","30":"product_tag-rush","31":"product_tag-rush-poppers","32":"product_tag-slave-strong","33":"product_tag-slave-strong-10ml","34":"product_tag-szexshop-belvaros","35":"product_tag-uj-termek","36":"product_tag-ujdonsag","38":"first","39":"instock","40":"taxable","41":"shipping-taxable","42":"purchasable","43":"product-type-simple"},"yoast_head":"<!-- This site is optimized with the Yoast SEO plugin v27.5 - https:\/\/yoast.com\/product\/yoast-seo-wordpress\/ -->\n<title>Slave Strong b\u0151rtiszt\u00edt\u00f3 10ml \u2013 ami nem viccel | Szexshop Belv\u00e1ros<\/title>\n<meta name=\"description\" content=\"Slave Strong b\u0151rtiszt\u00edt\u00f3 10ml er\u0151s formul\u00e1val b\u0151r ruh\u00e1khoz \u00e9s kieg\u00e9sz\u00edt\u0151kh\u00f6z. Csak n\u00e1lunk: szexshopbelvaros.com\" \/>\n<meta name=\"robots\" content=\"index, follow, max-snippet:-1, max-image-preview:large, max-video-preview:-1\" \/>\n<link rel=\"canonical\" href=\"https:\/\/www.szexshopbelvaros.com\/en\/product\/slave-strong-a-bor-tisztito-ami-nem-viccel\/\" \/>\n<meta property=\"og:locale\" content=\"en_US\" \/>\n<meta property=\"og:type\" content=\"article\" \/>\n<meta property=\"og:title\" content=\"Slave Strong b\u0151rtiszt\u00edt\u00f3 10ml \u2013 ami nem viccel | Szexshop Belv\u00e1ros\" \/>\n<meta property=\"og:description\" content=\"Slave Strong b\u0151rtiszt\u00edt\u00f3 10ml er\u0151s formul\u00e1val b\u0151r ruh\u00e1khoz \u00e9s kieg\u00e9sz\u00edt\u0151kh\u00f6z. Csak n\u00e1lunk: szexshopbelvaros.com\" \/>\n<meta property=\"og:url\" content=\"https:\/\/www.szexshopbelvaros.com\/en\/product\/slave-strong-a-bor-tisztito-ami-nem-viccel\/\" \/>\n<meta property=\"og:site_name\" content=\"Szexshop Belvaros\" \/>\n<meta property=\"article:publisher\" content=\"https:\/\/www.facebook.com\/belvarossecrets\/\" \/>\n<meta property=\"article:modified_time\" content=\"2026-04-10T12:00:11+00:00\" \/>\n<meta property=\"og:image\" content=\"https:\/\/www.szexshopbelvaros.com\/wp-content\/uploads\/2026\/04\/69d61ed7535b0413ebc10657-scaled.png\" \/>\n\t<meta property=\"og:image:width\" content=\"2560\" \/>\n\t<meta property=\"og:image:height\" content=\"1440\" \/>\n\t<meta property=\"og:image:type\" content=\"image\/png\" \/>\n<meta name=\"twitter:card\" content=\"summary_large_image\" \/>\n<meta name=\"twitter:site\" content=\"@belvarossecrets\" \/>\n<meta name=\"twitter:label1\" content=\"Est. reading time\" \/>\n\t<meta name=\"twitter:data1\" content=\"2 minutes\" \/>\n<script type=\"application\/ld+json\" class=\"yoast-schema-graph\">{\"@context\":\"https:\\\/\\\/schema.org\",\"@graph\":[{\"@type\":\"WebPage\",\"@id\":\"https:\\\/\\\/www.szexshopbelvaros.com\\\/termek\\\/slave-strong-a-bor-tisztito-ami-nem-viccel\\\/\",\"url\":\"https:\\\/\\\/www.szexshopbelvaros.com\\\/termek\\\/slave-strong-a-bor-tisztito-ami-nem-viccel\\\/\",\"name\":\"Slave Strong b\u0151rtiszt\u00edt\u00f3 10ml \u2013 ami nem viccel | Szexshop Belv\u00e1ros\",\"isPartOf\":{\"@id\":\"https:\\\/\\\/www.szexshopbelvaros.com\\\/#website\"},\"primaryImageOfPage\":{\"@id\":\"https:\\\/\\\/www.szexshopbelvaros.com\\\/termek\\\/slave-strong-a-bor-tisztito-ami-nem-viccel\\\/#primaryimage\"},\"image\":{\"@id\":\"https:\\\/\\\/www.szexshopbelvaros.com\\\/termek\\\/slave-strong-a-bor-tisztito-ami-nem-viccel\\\/#primaryimage\"},\"thumbnailUrl\":\"https:\\\/\\\/www.szexshopbelvaros.com\\\/wp-content\\\/uploads\\\/2026\\\/04\\\/69d61ed7535b0413ebc10657-scaled.png\",\"datePublished\":\"2026-04-08T09:32:14+00:00\",\"dateModified\":\"2026-04-10T12:00:11+00:00\",\"description\":\"Slave Strong b\u0151rtiszt\u00edt\u00f3 10ml er\u0151s formul\u00e1val b\u0151r ruh\u00e1khoz \u00e9s kieg\u00e9sz\u00edt\u0151kh\u00f6z. Csak n\u00e1lunk: szexshopbelvaros.com\",\"breadcrumb\":{\"@id\":\"https:\\\/\\\/www.szexshopbelvaros.com\\\/termek\\\/slave-strong-a-bor-tisztito-ami-nem-viccel\\\/#breadcrumb\"},\"inLanguage\":\"en-US\",\"potentialAction\":[{\"@type\":\"ReadAction\",\"target\":[\"https:\\\/\\\/www.szexshopbelvaros.com\\\/termek\\\/slave-strong-a-bor-tisztito-ami-nem-viccel\\\/\"]}]},{\"@type\":\"ImageObject\",\"inLanguage\":\"en-US\",\"@id\":\"https:\\\/\\\/www.szexshopbelvaros.com\\\/termek\\\/slave-strong-a-bor-tisztito-ami-nem-viccel\\\/#primaryimage\",\"url\":\"https:\\\/\\\/www.szexshopbelvaros.com\\\/wp-content\\\/uploads\\\/2026\\\/04\\\/69d61ed7535b0413ebc10657-scaled.png\",\"contentUrl\":\"https:\\\/\\\/www.szexshopbelvaros.com\\\/wp-content\\\/uploads\\\/2026\\\/04\\\/69d61ed7535b0413ebc10657-scaled.png\",\"width\":2560,\"height\":1440,\"caption\":\"HU: Slave Strong b\u0151rtiszt\u00edt\u00f3 10ml fekete \u00fcveg \u00faj term\u00e9k matric\u00e1val EN: Slave Strong leather cleaner 10ml black bottle with new product sticker\"},{\"@type\":\"BreadcrumbList\",\"@id\":\"https:\\\/\\\/www.szexshopbelvaros.com\\\/termek\\\/slave-strong-a-bor-tisztito-ami-nem-viccel\\\/#breadcrumb\",\"itemListElement\":[{\"@type\":\"ListItem\",\"position\":1,\"name\":\"Home\",\"item\":\"https:\\\/\\\/www.szexshopbelvaros.com\\\/\"},{\"@type\":\"ListItem\",\"position\":2,\"name\":\"\u00c1ruh\u00e1z\",\"item\":\"https:\\\/\\\/www.szexshopbelvaros.com\\\/uzlet\\\/\"},{\"@type\":\"ListItem\",\"position\":3,\"name\":\"\ud83d\udda4 Slave Strong \u2013 A b\u0151rtiszt\u00edt\u00f3, ami nem viccel\"}]},{\"@type\":\"WebSite\",\"@id\":\"https:\\\/\\\/www.szexshopbelvaros.com\\\/#website\",\"url\":\"https:\\\/\\\/www.szexshopbelvaros.com\\\/\",\"name\":\"Szexshop Belv\u00e1ros\",\"description\":\"\ud83d\udd25 A szex olyan, mint a p\u00e9nz; csak a t\u00fal sok el\u00e9g!\u2122 Titkok a belv\u00e1rosb\u00f3l \ud83d\udc8b | Secrets from Budapest \ud83d\udc8e Feln\u0151tt j\u00e1t\u00e9kok \u2022 Erotika \u2022 Szexshop Belvaros\",\"publisher\":{\"@id\":\"https:\\\/\\\/www.szexshopbelvaros.com\\\/#organization\"},\"potentialAction\":[{\"@type\":\"SearchAction\",\"target\":{\"@type\":\"EntryPoint\",\"urlTemplate\":\"https:\\\/\\\/www.szexshopbelvaros.com\\\/?s={search_term_string}\"},\"query-input\":{\"@type\":\"PropertyValueSpecification\",\"valueRequired\":true,\"valueName\":\"search_term_string\"}}],\"inLanguage\":\"en-US\"},{\"@type\":\"Organization\",\"@id\":\"https:\\\/\\\/www.szexshopbelvaros.com\\\/#organization\",\"name\":\"Szexshop Belv\u00e1ros\",\"alternateName\":\"szexshopbelvaros.com\",\"url\":\"https:\\\/\\\/www.szexshopbelvaros.com\\\/\",\"logo\":{\"@type\":\"ImageObject\",\"inLanguage\":\"en-US\",\"@id\":\"https:\\\/\\\/www.szexshopbelvaros.com\\\/#\\\/schema\\\/logo\\\/image\\\/\",\"url\":\"https:\\\/\\\/www.szexshopbelvaros.com\\\/wp-content\\\/uploads\\\/2025\\\/09\\\/1Szexshopbelvaroslogo_blurred_stronger.jpg\",\"contentUrl\":\"https:\\\/\\\/www.szexshopbelvaros.com\\\/wp-content\\\/uploads\\\/2025\\\/09\\\/1Szexshopbelvaroslogo_blurred_stronger.jpg\",\"width\":1024,\"height\":1024,\"caption\":\"Szexshop Belv\u00e1ros\"},\"image\":{\"@id\":\"https:\\\/\\\/www.szexshopbelvaros.com\\\/#\\\/schema\\\/logo\\\/image\\\/\"},\"sameAs\":[\"https:\\\/\\\/www.facebook.com\\\/belvarossecrets\\\/\",\"https:\\\/\\\/x.com\\\/belvarossecrets\",\"https:\\\/\\\/www.instagram.com\\\/belvarossecrets\\\/\",\"https:\\\/\\\/www.tiktok.com\\\/@belvarossecrets\"]}]}<\/script>\n<!-- \/ Yoast SEO plugin. -->","yoast_head_json":{"title":"Slave Strong skin cleanser 10ml \u2013 no joke | Sexshop Belv\u00e1ros","description":"Slave Strong leather cleaner 10ml with a strong formula for leather clothes and accessories. Only at our place: szexshopbelvaros.com","robots":{"index":"index","follow":"follow","max-snippet":"max-snippet:-1","max-image-preview":"max-image-preview:large","max-video-preview":"max-video-preview:-1"},"canonical":"https:\/\/www.szexshopbelvaros.com\/en\/product\/slave-strong-a-bor-tisztito-ami-nem-viccel\/","og_locale":"en_US","og_type":"article","og_title":"Slave Strong b\u0151rtiszt\u00edt\u00f3 10ml \u2013 ami nem viccel | Szexshop Belv\u00e1ros","og_description":"Slave Strong b\u0151rtiszt\u00edt\u00f3 10ml er\u0151s formul\u00e1val b\u0151r ruh\u00e1khoz \u00e9s kieg\u00e9sz\u00edt\u0151kh\u00f6z. Csak n\u00e1lunk: szexshopbelvaros.com","og_url":"https:\/\/www.szexshopbelvaros.com\/en\/product\/slave-strong-a-bor-tisztito-ami-nem-viccel\/","og_site_name":"Szexshop Belvaros","article_publisher":"https:\/\/www.facebook.com\/belvarossecrets\/","article_modified_time":"2026-04-10T12:00:11+00:00","og_image":[{"width":2560,"height":1440,"url":"https:\/\/www.szexshopbelvaros.com\/wp-content\/uploads\/2026\/04\/69d61ed7535b0413ebc10657-scaled.png","type":"image\/png"}],"twitter_card":"summary_large_image","twitter_site":"@belvarossecrets","twitter_misc":{"Est. reading time":"2 minutes"},"schema":{"@context":"https:\/\/schema.org","@graph":[{"@type":"WebPage","@id":"https:\/\/www.szexshopbelvaros.com\/termek\/slave-strong-a-bor-tisztito-ami-nem-viccel\/","url":"https:\/\/www.szexshopbelvaros.com\/termek\/slave-strong-a-bor-tisztito-ami-nem-viccel\/","name":"Slave Strong skin cleanser 10ml \u2013 no joke | Sexshop Belv\u00e1ros","isPartOf":{"@id":"https:\/\/www.szexshopbelvaros.com\/#website"},"primaryImageOfPage":{"@id":"https:\/\/www.szexshopbelvaros.com\/termek\/slave-strong-a-bor-tisztito-ami-nem-viccel\/#primaryimage"},"image":{"@id":"https:\/\/www.szexshopbelvaros.com\/termek\/slave-strong-a-bor-tisztito-ami-nem-viccel\/#primaryimage"},"thumbnailUrl":"https:\/\/www.szexshopbelvaros.com\/wp-content\/uploads\/2026\/04\/69d61ed7535b0413ebc10657-scaled.png","datePublished":"2026-04-08T09:32:14+00:00","dateModified":"2026-04-10T12:00:11+00:00","description":"Slave Strong leather cleaner 10ml with a strong formula for leather clothes and accessories. Only at our place: szexshopbelvaros.com","breadcrumb":{"@id":"https:\/\/www.szexshopbelvaros.com\/termek\/slave-strong-a-bor-tisztito-ami-nem-viccel\/#breadcrumb"},"inLanguage":"en-US","potentialAction":[{"@type":"ReadAction","target":["https:\/\/www.szexshopbelvaros.com\/termek\/slave-strong-a-bor-tisztito-ami-nem-viccel\/"]}]},{"@type":"ImageObject","inLanguage":"en-US","@id":"https:\/\/www.szexshopbelvaros.com\/termek\/slave-strong-a-bor-tisztito-ami-nem-viccel\/#primaryimage","url":"https:\/\/www.szexshopbelvaros.com\/wp-content\/uploads\/2026\/04\/69d61ed7535b0413ebc10657-scaled.png","contentUrl":"https:\/\/www.szexshopbelvaros.com\/wp-content\/uploads\/2026\/04\/69d61ed7535b0413ebc10657-scaled.png","width":2560,"height":1440,"caption":"HU: Slave Strong b\u0151rtiszt\u00edt\u00f3 10ml fekete \u00fcveg \u00faj term\u00e9k matric\u00e1val EN: Slave Strong leather cleaner 10ml black bottle with new product sticker"},{"@type":"BreadcrumbList","@id":"https:\/\/www.szexshopbelvaros.com\/termek\/slave-strong-a-bor-tisztito-ami-nem-viccel\/#breadcrumb","itemListElement":[{"@type":"ListItem","position":1,"name":"Home","item":"https:\/\/www.szexshopbelvaros.com\/"},{"@type":"ListItem","position":2,"name":"\u00c1ruh\u00e1z","item":"https:\/\/www.szexshopbelvaros.com\/uzlet\/"},{"@type":"ListItem","position":3,"name":"\ud83d\udda4 Slave Strong \u2013 A b\u0151rtiszt\u00edt\u00f3, ami nem viccel"}]},{"@type":"WebSite","@id":"https:\/\/www.szexshopbelvaros.com\/#website","url":"https:\/\/www.szexshopbelvaros.com\/","name":"at our Szexshop Belv\u00e1ros","description":"\ud83d\udd25 Sex is like money; only too much is enough!\u2122 Secrets from the city center \ud83d\udc8b | Secrets from Budapest \ud83d\udc8e Adult games \u2022 Erotica \u2022 Sex shop Belvaros","publisher":{"@id":"https:\/\/www.szexshopbelvaros.com\/#organization"},"potentialAction":[{"@type":"SearchAction","target":{"@type":"EntryPoint","urlTemplate":"https:\/\/www.szexshopbelvaros.com\/?s={search_term_string}"},"query-input":{"@type":"PropertyValueSpecification","valueRequired":true,"valueName":"search_term_string"}}],"inLanguage":"en-US"},{"@type":"Organization","@id":"https:\/\/www.szexshopbelvaros.com\/#organization","name":"at our Szexshop Belv\u00e1ros","alternateName":"szexshopbelvaros.com","url":"https:\/\/www.szexshopbelvaros.com\/","logo":{"@type":"ImageObject","inLanguage":"en-US","@id":"https:\/\/www.szexshopbelvaros.com\/#\/schema\/logo\/image\/","url":"https:\/\/www.szexshopbelvaros.com\/wp-content\/uploads\/2025\/09\/1Szexshopbelvaroslogo_blurred_stronger.jpg","contentUrl":"https:\/\/www.szexshopbelvaros.com\/wp-content\/uploads\/2025\/09\/1Szexshopbelvaroslogo_blurred_stronger.jpg","width":1024,"height":1024,"caption":"Szexshop Belv\u00e1ros"},"image":{"@id":"https:\/\/www.szexshopbelvaros.com\/#\/schema\/logo\/image\/"},"sameAs":["https:\/\/www.facebook.com\/belvarossecrets\/","https:\/\/x.com\/belvarossecrets","https:\/\/www.instagram.com\/belvarossecrets\/","https:\/\/www.tiktok.com\/@belvarossecrets"]}]}},"_links":{"self":[{"href":"https:\/\/www.szexshopbelvaros.com\/en\/wp-json\/wp\/v2\/product\/3003","targetHints":{"allow":["GET"]}}],"collection":[{"href":"https:\/\/www.szexshopbelvaros.com\/en\/wp-json\/wp\/v2\/product"}],"about":[{"href":"https:\/\/www.szexshopbelvaros.com\/en\/wp-json\/wp\/v2\/types\/product"}],"replies":[{"embeddable":true,"href":"https:\/\/www.szexshopbelvaros.com\/en\/wp-json\/wp\/v2\/comments?post=3003"}],"wp:featuredmedia":[{"embeddable":true,"href":"https:\/\/www.szexshopbelvaros.com\/en\/wp-json\/wp\/v2\/media\/3005"}],"wp:attachment":[{"href":"https:\/\/www.szexshopbelvaros.com\/en\/wp-json\/wp\/v2\/media?parent=3003"}],"wp:term":[{"taxonomy":"product_brand","embeddable":true,"href":"https:\/\/www.szexshopbelvaros.com\/en\/wp-json\/wp\/v2\/product_brand?post=3003"},{"taxonomy":"product_cat","embeddable":true,"href":"https:\/\/www.szexshopbelvaros.com\/en\/wp-json\/wp\/v2\/product_cat?post=3003"},{"taxonomy":"product_tag","embeddable":true,"href":"https:\/\/www.szexshopbelvaros.com\/en\/wp-json\/wp\/v2\/product_tag?post=3003"}],"curies":[{"name":"wp","href":"https:\/\/api.w.org\/{rel}","templated":true}]}}