{"id":3007,"date":"2026-04-09T12:41:04","date_gmt":"2026-04-09T10:41:04","guid":{"rendered":"https:\/\/www.szexshopbelvaros.com\/?post_type=product&#038;p=3007"},"modified":"2026-04-10T14:00:11","modified_gmt":"2026-04-10T12:00:11","slug":"nicoles-kitty-hot-chocolate","status":"publish","type":"product","link":"https:\/\/www.szexshopbelvaros.com\/en\/product\/nicoles-kitty-hot-chocolate\/","title":{"rendered":"\ud83c\udf6b Nicole&#039;s Kitty - Hot Chocolate"},"content":{"rendered":"<p>Nicole&#039;s Kitty Hot Chocolate Masturbator - two entrances, one body and suddenly you have no more excuses.<\/p>\n<p>Your old masturbator? Boring.<br \/>\nNicole&#039;s Kitty \u2013 Hot Chocolate? Double-sided indecisiveness.<\/p>\n<p>This brown seduction is open at both ends \u2014 a detailed, shapely vagina design on one side, a tighter alternative experience on the other. You don&#039;t have to choose. You twist. You enjoy. You repeat.<\/p>\n<p>It&#039;s 14 cm long, 4.3 cm in diameter, made of waterproof TPE material, with a ribbed channel all the way inside. The kind of ribbed design that makes you not only ask &quot;what&#039;s going on?&quot; but also &quot;why didn&#039;t I buy this sooner?&quot;\u201e<\/p>\n<p>Double-ended design =<br \/>\n\u2714\ufe0f Multiple variations<br \/>\n\u2714\ufe0f Easier cleaning<br \/>\n\u2714\ufe0f Extra airflow<br \/>\n\u2714\ufe0f More \u201eokay, one more time\u201d<\/p>\n<p>Recommended for men, especially if the goal is to develop self-control. Yes, this is the game that helps you last longer. It&#039;s not magic. It&#039;s practice.<\/p>\n<p>Soft, flexible TPE on the outside. Ribbed intensity on the inside.<br \/>\nLike hot chocolate \u2014 sweet on the outside, melts on the inside.<\/p>\n<p>Wash with warm soapy water and toy cleaner before and after use.<br \/>\nWater-based lubricant. Don&#039;t be a hero.<\/p>\n<p>\ud83c\udf6b Dark. Double. Dangerously good.<\/p>\n<p>\ud83d\udc49Check out the rest of our <a href=\"https:\/\/www.szexshopbelvaros.com\/en\/product-category\/ferfiaknak\/maszturbatorok\/\">masturbators<\/a> as well!<\/p>\n<p>\ud83d\udda4 Get it in as little as an hour at Budapest SzexShop Belv\u00e1ros <a href=\"https:\/\/wolt.com\/hu\/hun\/budapest\/venue\/szexshop-belvaros\/nicole-s-kitty-hot-chocolate-itemid-d23406ca3845a777d6728756\">Wolt store<\/a>or order here at <a class=\"decorated-link cursor-pointer\" target=\"_new\" rel=\"noopener\" data-start=\"2287\" data-end=\"2311\">www.szexshopbelvaros.com<\/a> . We deliver to the entire territory of Hungary and the EU. With fast and discreet delivery. The package is discreet. Your reaction may not be.<\/p>\n<p>&nbsp;<\/p>","protected":false},"excerpt":{"rendered":"<p>Nicole\u2019s Kitty Hot Chocolate maszturb\u00e1tor \u2013 k\u00e9t bej\u00e1rat, egy test \u00e9s hirtelen nincs t\u00f6bb kifog\u00e1sod. A r\u00e9gi maszturb\u00e1torod? Unalmas. A Nicole\u2019s Kitty \u2013 Hot Chocolate? K\u00e9toldalas d\u00f6nt\u00e9sk\u00e9ptelens\u00e9g. Ez a barna cs\u00e1b\u00edt\u00e1s mindk\u00e9t v\u00e9g\u00e9n nyitott \u2014 az egyik oldalon r\u00e9szletes, form\u00e1s vagina kialak\u00edt\u00e1s, a m\u00e1sikon egy sz\u0171kebb alternat\u00edv \u00e9lm\u00e9ny. Nem kell v\u00e1lasztani. Forgatod. \u00c9lvezed. Ism\u00e9tled. 14 [&#8230;]\n","protected":false},"featured_media":3008,"comment_status":"closed","ping_status":"closed","template":"","meta":[],"product_brand":[2559],"product_cat":[68,150,115],"product_tag":[1857,2567,2565,2571,2166,2069,2068,1104,1023,2071,2172,1855,2207,2076,2568,2168,2210,2569,2211,2208,2167,2073,573,2174,2072,1858,2074,1856,2209,2566,2570,2173,2171,2075,220,2206,2205],"class_list":{"0":"post-3007","1":"product","2":"type-product","3":"status-publish","4":"has-post-thumbnail","6":"product_brand-blush","7":"product_cat-ferfiaknak","8":"product_cat-maszturbatorok","9":"product_cat-ujdonsagok","10":"product_tag-adult-toy-for-men","11":"product_tag-blush-hot-chocolate","12":"product_tag-blush-nicoles-kitty","13":"product_tag-bordazott-maszturbator","14":"product_tag-ferfi-elvezet","15":"product_tag-ferfi-felnott-jatek","16":"product_tag-ferfi-intim-jatek","17":"product_tag-ferfi-kiegeszito","18":"product_tag-ferfi-maszturbator","19":"product_tag-ferfi-onkielegito","20":"product_tag-ferfi-solo-jatek","21":"product_tag-ferfi-szexjatek","22":"product_tag-friss-erkezes","23":"product_tag-handheld-masturbator","24":"product_tag-hot-chocolate-masturbator","25":"product_tag-intimate-toy-for-men","26":"product_tag-just-arrived","27":"product_tag-ketoldalas-maszturbator","28":"product_tag-latest-arrival","29":"product_tag-legujabb-termek","30":"product_tag-male-adult-toy","31":"product_tag-male-masturbator","32":"product_tag-male-sex-toy","33":"product_tag-masturbation-toy","34":"product_tag-maszturbator-jatek","35":"product_tag-mens-accessory","36":"product_tag-mens-masturbator","37":"product_tag-mens-pleasure","38":"product_tag-new-product","39":"product_tag-nicoles-kitty-masturbator","40":"product_tag-nyitott-vegu-maszturbator","41":"product_tag-solo-pleasure","42":"product_tag-stimulacios-eszkoz","43":"product_tag-stroker","44":"product_tag-szexshop-belvaros","45":"product_tag-uj-termek","46":"product_tag-ujdonsag","48":"first","49":"instock","50":"taxable","51":"shipping-taxable","52":"purchasable","53":"product-type-simple"},"yoast_head":"<!-- This site is optimized with the Yoast SEO plugin v27.4 - https:\/\/yoast.com\/product\/yoast-seo-wordpress\/ -->\n<title>Nicole\u2019s Kitty Hot Chocolate maszturb\u00e1tor \u2013 Szexshop Belv\u00e1ros<\/title>\n<meta name=\"description\" content=\"Nicole\u2019s Kitty Hot Chocolate maszturb\u00e1tor \u2013 k\u00e9toldalas, bord\u00e1zott \u00e9lm\u00e9ny, ami t\u00e9nyleg nem hagy d\u00f6nteni. Gyors \u00e9s diszkr\u00e9t kisz\u00e1ll\u00edt\u00e1s a Szexshop Belv\u00e1ros k\u00edn\u00e1lat\u00e1b\u00f3l.\" \/>\n<meta name=\"robots\" content=\"index, follow, max-snippet:-1, max-image-preview:large, max-video-preview:-1\" \/>\n<link rel=\"canonical\" href=\"https:\/\/www.szexshopbelvaros.com\/en\/product\/nicoles-kitty-hot-chocolate\/\" \/>\n<meta property=\"og:locale\" content=\"en_US\" \/>\n<meta property=\"og:type\" content=\"article\" \/>\n<meta property=\"og:title\" content=\"Nicole\u2019s Kitty Hot Chocolate maszturb\u00e1tor \u2013 Szexshop Belv\u00e1ros\" \/>\n<meta property=\"og:description\" content=\"Nicole\u2019s Kitty Hot Chocolate maszturb\u00e1tor \u2013 k\u00e9toldalas, bord\u00e1zott \u00e9lm\u00e9ny, ami t\u00e9nyleg nem hagy d\u00f6nteni. Gyors \u00e9s diszkr\u00e9t kisz\u00e1ll\u00edt\u00e1s a Szexshop Belv\u00e1ros k\u00edn\u00e1lat\u00e1b\u00f3l.\" \/>\n<meta property=\"og:url\" content=\"https:\/\/www.szexshopbelvaros.com\/en\/product\/nicoles-kitty-hot-chocolate\/\" \/>\n<meta property=\"og:site_name\" content=\"Szexshop Belvaros\" \/>\n<meta property=\"article:publisher\" content=\"https:\/\/www.facebook.com\/belvarossecrets\/\" \/>\n<meta property=\"article:modified_time\" content=\"2026-04-10T12:00:11+00:00\" \/>\n<meta property=\"og:image\" content=\"https:\/\/www.szexshopbelvaros.com\/wp-content\/uploads\/2026\/04\/69d76c84453eb98b39770daa-scaled.png\" \/>\n\t<meta property=\"og:image:width\" content=\"2560\" \/>\n\t<meta property=\"og:image:height\" content=\"1440\" \/>\n\t<meta property=\"og:image:type\" content=\"image\/png\" \/>\n<meta name=\"twitter:card\" content=\"summary_large_image\" \/>\n<meta name=\"twitter:site\" content=\"@belvarossecrets\" \/>\n<meta name=\"twitter:label1\" content=\"Est. reading time\" \/>\n\t<meta name=\"twitter:data1\" content=\"2 minutes\" \/>\n<script type=\"application\/ld+json\" class=\"yoast-schema-graph\">{\"@context\":\"https:\\\/\\\/schema.org\",\"@graph\":[{\"@type\":\"WebPage\",\"@id\":\"https:\\\/\\\/www.szexshopbelvaros.com\\\/termek\\\/nicoles-kitty-hot-chocolate\\\/\",\"url\":\"https:\\\/\\\/www.szexshopbelvaros.com\\\/termek\\\/nicoles-kitty-hot-chocolate\\\/\",\"name\":\"Nicole\u2019s Kitty Hot Chocolate maszturb\u00e1tor \u2013 Szexshop Belv\u00e1ros\",\"isPartOf\":{\"@id\":\"https:\\\/\\\/www.szexshopbelvaros.com\\\/#website\"},\"primaryImageOfPage\":{\"@id\":\"https:\\\/\\\/www.szexshopbelvaros.com\\\/termek\\\/nicoles-kitty-hot-chocolate\\\/#primaryimage\"},\"image\":{\"@id\":\"https:\\\/\\\/www.szexshopbelvaros.com\\\/termek\\\/nicoles-kitty-hot-chocolate\\\/#primaryimage\"},\"thumbnailUrl\":\"https:\\\/\\\/www.szexshopbelvaros.com\\\/wp-content\\\/uploads\\\/2026\\\/04\\\/69d76c84453eb98b39770daa-scaled.png\",\"datePublished\":\"2026-04-09T10:41:04+00:00\",\"dateModified\":\"2026-04-10T12:00:11+00:00\",\"description\":\"Nicole\u2019s Kitty Hot Chocolate maszturb\u00e1tor \u2013 k\u00e9toldalas, bord\u00e1zott \u00e9lm\u00e9ny, ami t\u00e9nyleg nem hagy d\u00f6nteni. Gyors \u00e9s diszkr\u00e9t kisz\u00e1ll\u00edt\u00e1s a Szexshop Belv\u00e1ros k\u00edn\u00e1lat\u00e1b\u00f3l.\",\"breadcrumb\":{\"@id\":\"https:\\\/\\\/www.szexshopbelvaros.com\\\/termek\\\/nicoles-kitty-hot-chocolate\\\/#breadcrumb\"},\"inLanguage\":\"en-US\",\"potentialAction\":[{\"@type\":\"ReadAction\",\"target\":[\"https:\\\/\\\/www.szexshopbelvaros.com\\\/termek\\\/nicoles-kitty-hot-chocolate\\\/\"]}]},{\"@type\":\"ImageObject\",\"inLanguage\":\"en-US\",\"@id\":\"https:\\\/\\\/www.szexshopbelvaros.com\\\/termek\\\/nicoles-kitty-hot-chocolate\\\/#primaryimage\",\"url\":\"https:\\\/\\\/www.szexshopbelvaros.com\\\/wp-content\\\/uploads\\\/2026\\\/04\\\/69d76c84453eb98b39770daa-scaled.png\",\"contentUrl\":\"https:\\\/\\\/www.szexshopbelvaros.com\\\/wp-content\\\/uploads\\\/2026\\\/04\\\/69d76c84453eb98b39770daa-scaled.png\",\"width\":2560,\"height\":1440,\"caption\":\"HU: Blush Nicole\u2019s Kitty Hot Chocolate maszturb\u00e1tor bord\u00e1zott csatorn\u00e1val EN: Blush Nicole\u2019s Kitty Hot Chocolate masturbator ribbed canal\"},{\"@type\":\"BreadcrumbList\",\"@id\":\"https:\\\/\\\/www.szexshopbelvaros.com\\\/termek\\\/nicoles-kitty-hot-chocolate\\\/#breadcrumb\",\"itemListElement\":[{\"@type\":\"ListItem\",\"position\":1,\"name\":\"Home\",\"item\":\"https:\\\/\\\/www.szexshopbelvaros.com\\\/\"},{\"@type\":\"ListItem\",\"position\":2,\"name\":\"\u00c1ruh\u00e1z\",\"item\":\"https:\\\/\\\/www.szexshopbelvaros.com\\\/uzlet\\\/\"},{\"@type\":\"ListItem\",\"position\":3,\"name\":\"\ud83c\udf6b Nicole\u2019s Kitty \u2013 Hot Chocolate\"}]},{\"@type\":\"WebSite\",\"@id\":\"https:\\\/\\\/www.szexshopbelvaros.com\\\/#website\",\"url\":\"https:\\\/\\\/www.szexshopbelvaros.com\\\/\",\"name\":\"Szexshop Belv\u00e1ros\",\"description\":\"\ud83d\udd25 A szex olyan, mint a p\u00e9nz; csak a t\u00fal sok el\u00e9g!\u2122 Titkok a belv\u00e1rosb\u00f3l \ud83d\udc8b | Secrets from Budapest \ud83d\udc8e Feln\u0151tt j\u00e1t\u00e9kok \u2022 Erotika \u2022 Szexshop Belvaros\",\"publisher\":{\"@id\":\"https:\\\/\\\/www.szexshopbelvaros.com\\\/#organization\"},\"potentialAction\":[{\"@type\":\"SearchAction\",\"target\":{\"@type\":\"EntryPoint\",\"urlTemplate\":\"https:\\\/\\\/www.szexshopbelvaros.com\\\/?s={search_term_string}\"},\"query-input\":{\"@type\":\"PropertyValueSpecification\",\"valueRequired\":true,\"valueName\":\"search_term_string\"}}],\"inLanguage\":\"en-US\"},{\"@type\":\"Organization\",\"@id\":\"https:\\\/\\\/www.szexshopbelvaros.com\\\/#organization\",\"name\":\"Szexshop Belv\u00e1ros\",\"alternateName\":\"szexshopbelvaros.com\",\"url\":\"https:\\\/\\\/www.szexshopbelvaros.com\\\/\",\"logo\":{\"@type\":\"ImageObject\",\"inLanguage\":\"en-US\",\"@id\":\"https:\\\/\\\/www.szexshopbelvaros.com\\\/#\\\/schema\\\/logo\\\/image\\\/\",\"url\":\"https:\\\/\\\/www.szexshopbelvaros.com\\\/wp-content\\\/uploads\\\/2025\\\/09\\\/1Szexshopbelvaroslogo_blurred_stronger.jpg\",\"contentUrl\":\"https:\\\/\\\/www.szexshopbelvaros.com\\\/wp-content\\\/uploads\\\/2025\\\/09\\\/1Szexshopbelvaroslogo_blurred_stronger.jpg\",\"width\":1024,\"height\":1024,\"caption\":\"Szexshop Belv\u00e1ros\"},\"image\":{\"@id\":\"https:\\\/\\\/www.szexshopbelvaros.com\\\/#\\\/schema\\\/logo\\\/image\\\/\"},\"sameAs\":[\"https:\\\/\\\/www.facebook.com\\\/belvarossecrets\\\/\",\"https:\\\/\\\/x.com\\\/belvarossecrets\",\"https:\\\/\\\/www.instagram.com\\\/belvarossecrets\\\/\",\"https:\\\/\\\/www.tiktok.com\\\/@belvarossecrets\"]}]}<\/script>\n<!-- \/ Yoast SEO plugin. -->","yoast_head_json":{"title":"Nicole&#039;s Kitty Hot Chocolate Masturbator \u2013 Sexshop Belv\u00e1ros","description":"Nicole&#039;s Kitty Hot Chocolate masturbator - a double-sided, ribbed experience that really won&#039;t let you decide. Fast and discreet delivery from Szexshop Belv\u00e1ros.","robots":{"index":"index","follow":"follow","max-snippet":"max-snippet:-1","max-image-preview":"max-image-preview:large","max-video-preview":"max-video-preview:-1"},"canonical":"https:\/\/www.szexshopbelvaros.com\/en\/product\/nicoles-kitty-hot-chocolate\/","og_locale":"en_US","og_type":"article","og_title":"Nicole\u2019s Kitty Hot Chocolate maszturb\u00e1tor \u2013 Szexshop Belv\u00e1ros","og_description":"Nicole\u2019s Kitty Hot Chocolate maszturb\u00e1tor \u2013 k\u00e9toldalas, bord\u00e1zott \u00e9lm\u00e9ny, ami t\u00e9nyleg nem hagy d\u00f6nteni. Gyors \u00e9s diszkr\u00e9t kisz\u00e1ll\u00edt\u00e1s a Szexshop Belv\u00e1ros k\u00edn\u00e1lat\u00e1b\u00f3l.","og_url":"https:\/\/www.szexshopbelvaros.com\/en\/product\/nicoles-kitty-hot-chocolate\/","og_site_name":"Szexshop Belvaros","article_publisher":"https:\/\/www.facebook.com\/belvarossecrets\/","article_modified_time":"2026-04-10T12:00:11+00:00","og_image":[{"width":2560,"height":1440,"url":"https:\/\/www.szexshopbelvaros.com\/wp-content\/uploads\/2026\/04\/69d76c84453eb98b39770daa-scaled.png","type":"image\/png"}],"twitter_card":"summary_large_image","twitter_site":"@belvarossecrets","twitter_misc":{"Est. reading time":"2 minutes"},"schema":{"@context":"https:\/\/schema.org","@graph":[{"@type":"WebPage","@id":"https:\/\/www.szexshopbelvaros.com\/termek\/nicoles-kitty-hot-chocolate\/","url":"https:\/\/www.szexshopbelvaros.com\/termek\/nicoles-kitty-hot-chocolate\/","name":"Nicole&#039;s Kitty Hot Chocolate Masturbator \u2013 Sexshop Belv\u00e1ros","isPartOf":{"@id":"https:\/\/www.szexshopbelvaros.com\/#website"},"primaryImageOfPage":{"@id":"https:\/\/www.szexshopbelvaros.com\/termek\/nicoles-kitty-hot-chocolate\/#primaryimage"},"image":{"@id":"https:\/\/www.szexshopbelvaros.com\/termek\/nicoles-kitty-hot-chocolate\/#primaryimage"},"thumbnailUrl":"https:\/\/www.szexshopbelvaros.com\/wp-content\/uploads\/2026\/04\/69d76c84453eb98b39770daa-scaled.png","datePublished":"2026-04-09T10:41:04+00:00","dateModified":"2026-04-10T12:00:11+00:00","description":"Nicole&#039;s Kitty Hot Chocolate masturbator - a double-sided, ribbed experience that really won&#039;t let you decide. Fast and discreet delivery from Szexshop Belv\u00e1ros.","breadcrumb":{"@id":"https:\/\/www.szexshopbelvaros.com\/termek\/nicoles-kitty-hot-chocolate\/#breadcrumb"},"inLanguage":"en-US","potentialAction":[{"@type":"ReadAction","target":["https:\/\/www.szexshopbelvaros.com\/termek\/nicoles-kitty-hot-chocolate\/"]}]},{"@type":"ImageObject","inLanguage":"en-US","@id":"https:\/\/www.szexshopbelvaros.com\/termek\/nicoles-kitty-hot-chocolate\/#primaryimage","url":"https:\/\/www.szexshopbelvaros.com\/wp-content\/uploads\/2026\/04\/69d76c84453eb98b39770daa-scaled.png","contentUrl":"https:\/\/www.szexshopbelvaros.com\/wp-content\/uploads\/2026\/04\/69d76c84453eb98b39770daa-scaled.png","width":2560,"height":1440,"caption":"HU: Blush Nicole\u2019s Kitty Hot Chocolate maszturb\u00e1tor bord\u00e1zott csatorn\u00e1val EN: Blush Nicole\u2019s Kitty Hot Chocolate masturbator ribbed canal"},{"@type":"BreadcrumbList","@id":"https:\/\/www.szexshopbelvaros.com\/termek\/nicoles-kitty-hot-chocolate\/#breadcrumb","itemListElement":[{"@type":"ListItem","position":1,"name":"Home","item":"https:\/\/www.szexshopbelvaros.com\/"},{"@type":"ListItem","position":2,"name":"\u00c1ruh\u00e1z","item":"https:\/\/www.szexshopbelvaros.com\/uzlet\/"},{"@type":"ListItem","position":3,"name":"\ud83c\udf6b Nicole\u2019s Kitty \u2013 Hot Chocolate"}]},{"@type":"WebSite","@id":"https:\/\/www.szexshopbelvaros.com\/#website","url":"https:\/\/www.szexshopbelvaros.com\/","name":"at our Szexshop Belv\u00e1ros","description":"\ud83d\udd25 Sex is like money; only too much is enough!\u2122 Secrets from the city center \ud83d\udc8b | Secrets from Budapest \ud83d\udc8e Adult games \u2022 Erotica \u2022 Sex shop Belvaros","publisher":{"@id":"https:\/\/www.szexshopbelvaros.com\/#organization"},"potentialAction":[{"@type":"SearchAction","target":{"@type":"EntryPoint","urlTemplate":"https:\/\/www.szexshopbelvaros.com\/?s={search_term_string}"},"query-input":{"@type":"PropertyValueSpecification","valueRequired":true,"valueName":"search_term_string"}}],"inLanguage":"en-US"},{"@type":"Organization","@id":"https:\/\/www.szexshopbelvaros.com\/#organization","name":"at our Szexshop Belv\u00e1ros","alternateName":"szexshopbelvaros.com","url":"https:\/\/www.szexshopbelvaros.com\/","logo":{"@type":"ImageObject","inLanguage":"en-US","@id":"https:\/\/www.szexshopbelvaros.com\/#\/schema\/logo\/image\/","url":"https:\/\/www.szexshopbelvaros.com\/wp-content\/uploads\/2025\/09\/1Szexshopbelvaroslogo_blurred_stronger.jpg","contentUrl":"https:\/\/www.szexshopbelvaros.com\/wp-content\/uploads\/2025\/09\/1Szexshopbelvaroslogo_blurred_stronger.jpg","width":1024,"height":1024,"caption":"Szexshop Belv\u00e1ros"},"image":{"@id":"https:\/\/www.szexshopbelvaros.com\/#\/schema\/logo\/image\/"},"sameAs":["https:\/\/www.facebook.com\/belvarossecrets\/","https:\/\/x.com\/belvarossecrets","https:\/\/www.instagram.com\/belvarossecrets\/","https:\/\/www.tiktok.com\/@belvarossecrets"]}]}},"_links":{"self":[{"href":"https:\/\/www.szexshopbelvaros.com\/en\/wp-json\/wp\/v2\/product\/3007","targetHints":{"allow":["GET"]}}],"collection":[{"href":"https:\/\/www.szexshopbelvaros.com\/en\/wp-json\/wp\/v2\/product"}],"about":[{"href":"https:\/\/www.szexshopbelvaros.com\/en\/wp-json\/wp\/v2\/types\/product"}],"replies":[{"embeddable":true,"href":"https:\/\/www.szexshopbelvaros.com\/en\/wp-json\/wp\/v2\/comments?post=3007"}],"wp:featuredmedia":[{"embeddable":true,"href":"https:\/\/www.szexshopbelvaros.com\/en\/wp-json\/wp\/v2\/media\/3008"}],"wp:attachment":[{"href":"https:\/\/www.szexshopbelvaros.com\/en\/wp-json\/wp\/v2\/media?parent=3007"}],"wp:term":[{"taxonomy":"product_brand","embeddable":true,"href":"https:\/\/www.szexshopbelvaros.com\/en\/wp-json\/wp\/v2\/product_brand?post=3007"},{"taxonomy":"product_cat","embeddable":true,"href":"https:\/\/www.szexshopbelvaros.com\/en\/wp-json\/wp\/v2\/product_cat?post=3007"},{"taxonomy":"product_tag","embeddable":true,"href":"https:\/\/www.szexshopbelvaros.com\/en\/wp-json\/wp\/v2\/product_tag?post=3007"}],"curies":[{"name":"wp","href":"https:\/\/api.w.org\/{rel}","templated":true}]}}