{"id":3016,"date":"2026-04-12T14:37:39","date_gmt":"2026-04-12T12:37:39","guid":{"rendered":"https:\/\/www.szexshopbelvaros.com\/?post_type=product&#038;p=3016"},"modified":"2026-04-15T11:03:42","modified_gmt":"2026-04-15T09:03:42","slug":"fekete-gaffszivacsbetet-shadow-bloom","status":"publish","type":"product","link":"https:\/\/www.szexshopbelvaros.com\/en\/product\/fekete-gaffszivacsbetet-shadow-bloom\/","title":{"rendered":"\ud83d\udda4\ud83c\udf38 Shadow Bloom \u2013 The package disappears, but the confidence remains"},"content":{"rendered":"<p>Shadow Bloom is a touch of dark elegance that makes any panty look perfectly flattering \u2013 and leaves no one guessing what&#039;s hidden behind it. This black gaff pad is the secret weapon for every transgender woman, crossdresser, shemale, AMAB person and man who wants a more feminine look without the stickiness, awkwardness or fuss.<\/p>\n<p>The 14 cm long, 10 cm wide, and 4.5 cm high shape is made of soft and breathable foam. It has a polyester-coated exterior, so it is not only comfortable but also stays in place during the day. It also flattens invisibly under G-strings, gaff panties, or sexy thongs.<\/p>\n<p>No straps, no snaps, just the illusion of smoothness \u2013 which works exactly where the mirror is most critical. If you want a more feminine look while still wanting comfort, Shadow Bloom is your hidden ally.<\/p>\n<p>\ud83d\udc49It's worth checking out the rest of our <a href=\"https:\/\/www.szexshopbelvaros.com\/en\/product-category\/erotikus-ruhazat\/ferfi-ruhak\/\">erotic clothing and discreet shapewear<\/a> pieces too!<\/p>\n<p><img decoding=\"async\" class=\"emoji lazyload\" role=\"img\" draggable=\"false\" data-src=\"https:\/\/s.w.org\/images\/core\/emoji\/17.0.2\/svg\/1f449.svg\" alt=\"\ud83d\udc49\" src=\"data:image\/svg+xml;base64,PHN2ZyB3aWR0aD0iMSIgaGVpZ2h0PSIxIiB4bWxucz0iaHR0cDovL3d3dy53My5vcmcvMjAwMC9zdmciPjwvc3ZnPg==\" \/>\u00a0Get it in Budapest within an hour\u00a0<a href=\"https:\/\/wolt.com\/hu\/hun\/budapest\/venue\/szexshop-belvaros\/shadow-bloom-itemid-498b2cf35fb7087183d16cfa\">at our Szexshop Belv\u00e1ros<\/a> Wolt store, or order here at\u00a0<a class=\"decorated-link cursor-pointer\" target=\"_new\" rel=\"noopener\" data-start=\"283\" data-end=\"307\">www.szexshopbelvaros.com<\/a>\u00a0. We deliver to the entire territory of Hungary and the EU.<\/p>\n<p>&nbsp;<\/p>","protected":false},"excerpt":{"rendered":"<p>A Shadow Bloom a csipetnyi s\u00f6t\u00e9t elegancia, amit\u0151l minden bugyi t\u00f6k\u00e9letesen simul \u2013 \u00e9s amit\u0151l senki nem sejti, mi rejt\u0151zik m\u00f6g\u00f6tte. Ez a fekete sz\u00edn\u0171 gaffszivacsbet\u00e9t minden transznem\u0171 n\u0151, crossdresser, shemale, AMAB szem\u00e9ly \u00e9s f\u00e9rfi titkos fegyvere, aki n\u0151iesebb megjelen\u00e9sre v\u00e1gyik an\u00e9lk\u00fcl, hogy ragasztana, feszengene vagy tr\u00fckk\u00f6zne. A 14 cm hossz\u00fa, 10 cm sz\u00e9les \u00e9s [&#8230;]\n","protected":false},"featured_media":3017,"comment_status":"closed","ping_status":"closed","template":"","meta":[],"product_brand":[],"product_cat":[113,142,115],"product_tag":[2591,2594,951,503,937,2587,1577,1483,2027,1489,2593,2207,2590,2586,2023,2210,2589,2211,2208,933,1465,1487,1508,2209,945,932,220,2592,2588,2206,2205],"class_list":{"0":"post-3016","1":"product","2":"type-product","3":"status-publish","4":"has-post-thumbnail","6":"product_cat-erotikus-ruhazat","7":"product_cat-ferfi-ruhak","8":"product_cat-ujdonsagok","9":"product_tag-black-gaff-insert","10":"product_tag-discreet-shaping-insert","11":"product_tag-erotic-clothing","12":"product_tag-erotikus-ruha","13":"product_tag-fehernemu","14":"product_tag-fekete-gaffszivacsbetet","15":"product_tag-ferfi-body","16":"product_tag-ferfi-fehernemu","17":"product_tag-ferfi-szexi-ruha","18":"product_tag-ferfi-tanga","19":"product_tag-flattening-insert","20":"product_tag-friss-erkezes","21":"product_tag-gaff-foam-insert","22":"product_tag-gaffszivacsbetet","23":"product_tag-haloszoba-divat","24":"product_tag-just-arrived","25":"product_tag-laposito-betet","26":"product_tag-latest-arrival","27":"product_tag-legujabb-termek","28":"product_tag-lingerie","29":"product_tag-mens-harness","30":"product_tag-mens-lingerie","31":"product_tag-mens-thong","32":"product_tag-new-product","33":"product_tag-sexy-outfit","34":"product_tag-szexi-ruha","35":"product_tag-szexshop-belvaros","36":"product_tag-tucking-pad","37":"product_tag-tuckolo-betet","38":"product_tag-uj-termek","39":"product_tag-ujdonsag","41":"first","42":"instock","43":"taxable","44":"shipping-taxable","45":"purchasable","46":"product-type-simple"},"yoast_head":"<!-- This site is optimized with the Yoast SEO plugin v27.5 - https:\/\/yoast.com\/product\/yoast-seo-wordpress\/ -->\n<title>Fekete Gaffszivacsbet\u00e9t \u2013 Shadow Bloom | Szexshop Belv\u00e1ros<\/title>\n<meta name=\"description\" content=\"Fekete gaffszivacsbet\u00e9t puha, l\u00e9g\u00e1tereszt\u0151 habszivacsb\u00f3l. K\u00e9nyelmes, diszkr\u00e9t forma a sim\u00e1bb, n\u0151iesebb megjelen\u00e9shez. Szerezd be a Szexshop Belv\u00e1rosb\u00f3l!\" \/>\n<meta name=\"robots\" content=\"index, follow, max-snippet:-1, max-image-preview:large, max-video-preview:-1\" \/>\n<link rel=\"canonical\" href=\"https:\/\/www.szexshopbelvaros.com\/en\/product\/fekete-gaffszivacsbetet-shadow-bloom\/\" \/>\n<meta property=\"og:locale\" content=\"en_US\" \/>\n<meta property=\"og:type\" content=\"article\" \/>\n<meta property=\"og:title\" content=\"Fekete Gaffszivacsbet\u00e9t \u2013 Shadow Bloom | Szexshop Belv\u00e1ros\" \/>\n<meta property=\"og:description\" content=\"Fekete gaffszivacsbet\u00e9t puha, l\u00e9g\u00e1tereszt\u0151 habszivacsb\u00f3l. K\u00e9nyelmes, diszkr\u00e9t forma a sim\u00e1bb, n\u0151iesebb megjelen\u00e9shez. Szerezd be a Szexshop Belv\u00e1rosb\u00f3l!\" \/>\n<meta property=\"og:url\" content=\"https:\/\/www.szexshopbelvaros.com\/en\/product\/fekete-gaffszivacsbetet-shadow-bloom\/\" \/>\n<meta property=\"og:site_name\" content=\"Szexshop Belvaros\" \/>\n<meta property=\"article:publisher\" content=\"https:\/\/www.facebook.com\/belvarossecrets\/\" \/>\n<meta property=\"article:modified_time\" content=\"2026-04-15T09:03:42+00:00\" \/>\n<meta property=\"og:image\" content=\"https:\/\/www.szexshopbelvaros.com\/wp-content\/uploads\/2026\/04\/69da1bb93a2e2b34a4865f27-scaled.png\" \/>\n\t<meta property=\"og:image:width\" content=\"2560\" \/>\n\t<meta property=\"og:image:height\" content=\"1440\" \/>\n\t<meta property=\"og:image:type\" content=\"image\/png\" \/>\n<meta name=\"twitter:card\" content=\"summary_large_image\" \/>\n<meta name=\"twitter:site\" content=\"@belvarossecrets\" \/>\n<meta name=\"twitter:label1\" content=\"Est. reading time\" \/>\n\t<meta name=\"twitter:data1\" content=\"2 minutes\" \/>\n<script type=\"application\/ld+json\" class=\"yoast-schema-graph\">{\"@context\":\"https:\\\/\\\/schema.org\",\"@graph\":[{\"@type\":\"WebPage\",\"@id\":\"https:\\\/\\\/www.szexshopbelvaros.com\\\/termek\\\/fekete-gaffszivacsbetet-shadow-bloom\\\/\",\"url\":\"https:\\\/\\\/www.szexshopbelvaros.com\\\/termek\\\/fekete-gaffszivacsbetet-shadow-bloom\\\/\",\"name\":\"Fekete Gaffszivacsbet\u00e9t \u2013 Shadow Bloom | Szexshop Belv\u00e1ros\",\"isPartOf\":{\"@id\":\"https:\\\/\\\/www.szexshopbelvaros.com\\\/#website\"},\"primaryImageOfPage\":{\"@id\":\"https:\\\/\\\/www.szexshopbelvaros.com\\\/termek\\\/fekete-gaffszivacsbetet-shadow-bloom\\\/#primaryimage\"},\"image\":{\"@id\":\"https:\\\/\\\/www.szexshopbelvaros.com\\\/termek\\\/fekete-gaffszivacsbetet-shadow-bloom\\\/#primaryimage\"},\"thumbnailUrl\":\"https:\\\/\\\/www.szexshopbelvaros.com\\\/wp-content\\\/uploads\\\/2026\\\/04\\\/69da1bb93a2e2b34a4865f27-scaled.png\",\"datePublished\":\"2026-04-12T12:37:39+00:00\",\"dateModified\":\"2026-04-15T09:03:42+00:00\",\"description\":\"Fekete gaffszivacsbet\u00e9t puha, l\u00e9g\u00e1tereszt\u0151 habszivacsb\u00f3l. K\u00e9nyelmes, diszkr\u00e9t forma a sim\u00e1bb, n\u0151iesebb megjelen\u00e9shez. Szerezd be a Szexshop Belv\u00e1rosb\u00f3l!\",\"breadcrumb\":{\"@id\":\"https:\\\/\\\/www.szexshopbelvaros.com\\\/termek\\\/fekete-gaffszivacsbetet-shadow-bloom\\\/#breadcrumb\"},\"inLanguage\":\"en-US\",\"potentialAction\":[{\"@type\":\"ReadAction\",\"target\":[\"https:\\\/\\\/www.szexshopbelvaros.com\\\/termek\\\/fekete-gaffszivacsbetet-shadow-bloom\\\/\"]}]},{\"@type\":\"ImageObject\",\"inLanguage\":\"en-US\",\"@id\":\"https:\\\/\\\/www.szexshopbelvaros.com\\\/termek\\\/fekete-gaffszivacsbetet-shadow-bloom\\\/#primaryimage\",\"url\":\"https:\\\/\\\/www.szexshopbelvaros.com\\\/wp-content\\\/uploads\\\/2026\\\/04\\\/69da1bb93a2e2b34a4865f27-scaled.png\",\"contentUrl\":\"https:\\\/\\\/www.szexshopbelvaros.com\\\/wp-content\\\/uploads\\\/2026\\\/04\\\/69da1bb93a2e2b34a4865f27-scaled.png\",\"width\":2560,\"height\":1440,\"caption\":\"Hungarian: Fekete gaffszivacsbet\u00e9t diszkr\u00e9t lapos\u00edt\u00e1shoz, tuckinghoz \u00e9s sima sziluetthez feh\u00e9r h\u00e1tt\u00e9ren \u2013 Shadow Bloom a Szexshop Belv\u00e1ros k\u00edn\u00e1lat\u00e1b\u00f3l. English: Black gaff foam insert for discreet flattening, tucking and smooth silhouette on white background \u2013 Shadow Bloom from Szexshop Belv\u00e1ros.\"},{\"@type\":\"BreadcrumbList\",\"@id\":\"https:\\\/\\\/www.szexshopbelvaros.com\\\/termek\\\/fekete-gaffszivacsbetet-shadow-bloom\\\/#breadcrumb\",\"itemListElement\":[{\"@type\":\"ListItem\",\"position\":1,\"name\":\"Home\",\"item\":\"https:\\\/\\\/www.szexshopbelvaros.com\\\/\"},{\"@type\":\"ListItem\",\"position\":2,\"name\":\"\u00c1ruh\u00e1z\",\"item\":\"https:\\\/\\\/www.szexshopbelvaros.com\\\/uzlet\\\/\"},{\"@type\":\"ListItem\",\"position\":3,\"name\":\"\ud83d\udda4\ud83c\udf38 Shadow Bloom \u2013 A csomag elt\u0171nik, de a magabiztoss\u00e1g marad\"}]},{\"@type\":\"WebSite\",\"@id\":\"https:\\\/\\\/www.szexshopbelvaros.com\\\/#website\",\"url\":\"https:\\\/\\\/www.szexshopbelvaros.com\\\/\",\"name\":\"Szexshop Belv\u00e1ros\",\"description\":\"\ud83d\udd25 A szex olyan, mint a p\u00e9nz; csak a t\u00fal sok el\u00e9g!\u2122 Titkok a belv\u00e1rosb\u00f3l \ud83d\udc8b | Secrets from Budapest \ud83d\udc8e Feln\u0151tt j\u00e1t\u00e9kok \u2022 Erotika \u2022 Szexshop Belvaros\",\"publisher\":{\"@id\":\"https:\\\/\\\/www.szexshopbelvaros.com\\\/#organization\"},\"potentialAction\":[{\"@type\":\"SearchAction\",\"target\":{\"@type\":\"EntryPoint\",\"urlTemplate\":\"https:\\\/\\\/www.szexshopbelvaros.com\\\/?s={search_term_string}\"},\"query-input\":{\"@type\":\"PropertyValueSpecification\",\"valueRequired\":true,\"valueName\":\"search_term_string\"}}],\"inLanguage\":\"en-US\"},{\"@type\":\"Organization\",\"@id\":\"https:\\\/\\\/www.szexshopbelvaros.com\\\/#organization\",\"name\":\"Szexshop Belv\u00e1ros\",\"alternateName\":\"szexshopbelvaros.com\",\"url\":\"https:\\\/\\\/www.szexshopbelvaros.com\\\/\",\"logo\":{\"@type\":\"ImageObject\",\"inLanguage\":\"en-US\",\"@id\":\"https:\\\/\\\/www.szexshopbelvaros.com\\\/#\\\/schema\\\/logo\\\/image\\\/\",\"url\":\"https:\\\/\\\/www.szexshopbelvaros.com\\\/wp-content\\\/uploads\\\/2025\\\/09\\\/1Szexshopbelvaroslogo_blurred_stronger.jpg\",\"contentUrl\":\"https:\\\/\\\/www.szexshopbelvaros.com\\\/wp-content\\\/uploads\\\/2025\\\/09\\\/1Szexshopbelvaroslogo_blurred_stronger.jpg\",\"width\":1024,\"height\":1024,\"caption\":\"Szexshop Belv\u00e1ros\"},\"image\":{\"@id\":\"https:\\\/\\\/www.szexshopbelvaros.com\\\/#\\\/schema\\\/logo\\\/image\\\/\"},\"sameAs\":[\"https:\\\/\\\/www.facebook.com\\\/belvarossecrets\\\/\",\"https:\\\/\\\/x.com\\\/belvarossecrets\",\"https:\\\/\\\/www.instagram.com\\\/belvarossecrets\\\/\",\"https:\\\/\\\/www.tiktok.com\\\/@belvarossecrets\"]}]}<\/script>\n<!-- \/ Yoast SEO plugin. -->","yoast_head_json":{"title":"Black Gaff Sponge Insert \u2013 Shadow Bloom | Sex Shop Belv\u00e1ros","description":"Black gaff pad made of soft, breathable foam. Comfortable, discreet shape for a smoother, more feminine look. Get it from Szexshop Belv\u00e1ros!","robots":{"index":"index","follow":"follow","max-snippet":"max-snippet:-1","max-image-preview":"max-image-preview:large","max-video-preview":"max-video-preview:-1"},"canonical":"https:\/\/www.szexshopbelvaros.com\/en\/product\/fekete-gaffszivacsbetet-shadow-bloom\/","og_locale":"en_US","og_type":"article","og_title":"Fekete Gaffszivacsbet\u00e9t \u2013 Shadow Bloom | Szexshop Belv\u00e1ros","og_description":"Fekete gaffszivacsbet\u00e9t puha, l\u00e9g\u00e1tereszt\u0151 habszivacsb\u00f3l. K\u00e9nyelmes, diszkr\u00e9t forma a sim\u00e1bb, n\u0151iesebb megjelen\u00e9shez. Szerezd be a Szexshop Belv\u00e1rosb\u00f3l!","og_url":"https:\/\/www.szexshopbelvaros.com\/en\/product\/fekete-gaffszivacsbetet-shadow-bloom\/","og_site_name":"Szexshop Belvaros","article_publisher":"https:\/\/www.facebook.com\/belvarossecrets\/","article_modified_time":"2026-04-15T09:03:42+00:00","og_image":[{"width":2560,"height":1440,"url":"https:\/\/www.szexshopbelvaros.com\/wp-content\/uploads\/2026\/04\/69da1bb93a2e2b34a4865f27-scaled.png","type":"image\/png"}],"twitter_card":"summary_large_image","twitter_site":"@belvarossecrets","twitter_misc":{"Est. reading time":"2 minutes"},"schema":{"@context":"https:\/\/schema.org","@graph":[{"@type":"WebPage","@id":"https:\/\/www.szexshopbelvaros.com\/termek\/fekete-gaffszivacsbetet-shadow-bloom\/","url":"https:\/\/www.szexshopbelvaros.com\/termek\/fekete-gaffszivacsbetet-shadow-bloom\/","name":"Black Gaff Sponge Insert \u2013 Shadow Bloom | Sex Shop Belv\u00e1ros","isPartOf":{"@id":"https:\/\/www.szexshopbelvaros.com\/#website"},"primaryImageOfPage":{"@id":"https:\/\/www.szexshopbelvaros.com\/termek\/fekete-gaffszivacsbetet-shadow-bloom\/#primaryimage"},"image":{"@id":"https:\/\/www.szexshopbelvaros.com\/termek\/fekete-gaffszivacsbetet-shadow-bloom\/#primaryimage"},"thumbnailUrl":"https:\/\/www.szexshopbelvaros.com\/wp-content\/uploads\/2026\/04\/69da1bb93a2e2b34a4865f27-scaled.png","datePublished":"2026-04-12T12:37:39+00:00","dateModified":"2026-04-15T09:03:42+00:00","description":"Black gaff pad made of soft, breathable foam. Comfortable, discreet shape for a smoother, more feminine look. Get it from Szexshop Belv\u00e1ros!","breadcrumb":{"@id":"https:\/\/www.szexshopbelvaros.com\/termek\/fekete-gaffszivacsbetet-shadow-bloom\/#breadcrumb"},"inLanguage":"en-US","potentialAction":[{"@type":"ReadAction","target":["https:\/\/www.szexshopbelvaros.com\/termek\/fekete-gaffszivacsbetet-shadow-bloom\/"]}]},{"@type":"ImageObject","inLanguage":"en-US","@id":"https:\/\/www.szexshopbelvaros.com\/termek\/fekete-gaffszivacsbetet-shadow-bloom\/#primaryimage","url":"https:\/\/www.szexshopbelvaros.com\/wp-content\/uploads\/2026\/04\/69da1bb93a2e2b34a4865f27-scaled.png","contentUrl":"https:\/\/www.szexshopbelvaros.com\/wp-content\/uploads\/2026\/04\/69da1bb93a2e2b34a4865f27-scaled.png","width":2560,"height":1440,"caption":"Hungarian: Fekete gaffszivacsbet\u00e9t diszkr\u00e9t lapos\u00edt\u00e1shoz, tuckinghoz \u00e9s sima sziluetthez feh\u00e9r h\u00e1tt\u00e9ren \u2013 Shadow Bloom a Szexshop Belv\u00e1ros k\u00edn\u00e1lat\u00e1b\u00f3l. English: Black gaff foam insert for discreet flattening, tucking and smooth silhouette on white background \u2013 Shadow Bloom from Szexshop Belv\u00e1ros."},{"@type":"BreadcrumbList","@id":"https:\/\/www.szexshopbelvaros.com\/termek\/fekete-gaffszivacsbetet-shadow-bloom\/#breadcrumb","itemListElement":[{"@type":"ListItem","position":1,"name":"Home","item":"https:\/\/www.szexshopbelvaros.com\/"},{"@type":"ListItem","position":2,"name":"\u00c1ruh\u00e1z","item":"https:\/\/www.szexshopbelvaros.com\/uzlet\/"},{"@type":"ListItem","position":3,"name":"\ud83d\udda4\ud83c\udf38 Shadow Bloom \u2013 A csomag elt\u0171nik, de a magabiztoss\u00e1g marad"}]},{"@type":"WebSite","@id":"https:\/\/www.szexshopbelvaros.com\/#website","url":"https:\/\/www.szexshopbelvaros.com\/","name":"at our Szexshop Belv\u00e1ros","description":"\ud83d\udd25 Sex is like money; only too much is enough!\u2122 Secrets from the city center \ud83d\udc8b | Secrets from Budapest \ud83d\udc8e Adult games \u2022 Erotica \u2022 Sex shop Belvaros","publisher":{"@id":"https:\/\/www.szexshopbelvaros.com\/#organization"},"potentialAction":[{"@type":"SearchAction","target":{"@type":"EntryPoint","urlTemplate":"https:\/\/www.szexshopbelvaros.com\/?s={search_term_string}"},"query-input":{"@type":"PropertyValueSpecification","valueRequired":true,"valueName":"search_term_string"}}],"inLanguage":"en-US"},{"@type":"Organization","@id":"https:\/\/www.szexshopbelvaros.com\/#organization","name":"at our Szexshop Belv\u00e1ros","alternateName":"szexshopbelvaros.com","url":"https:\/\/www.szexshopbelvaros.com\/","logo":{"@type":"ImageObject","inLanguage":"en-US","@id":"https:\/\/www.szexshopbelvaros.com\/#\/schema\/logo\/image\/","url":"https:\/\/www.szexshopbelvaros.com\/wp-content\/uploads\/2025\/09\/1Szexshopbelvaroslogo_blurred_stronger.jpg","contentUrl":"https:\/\/www.szexshopbelvaros.com\/wp-content\/uploads\/2025\/09\/1Szexshopbelvaroslogo_blurred_stronger.jpg","width":1024,"height":1024,"caption":"Szexshop Belv\u00e1ros"},"image":{"@id":"https:\/\/www.szexshopbelvaros.com\/#\/schema\/logo\/image\/"},"sameAs":["https:\/\/www.facebook.com\/belvarossecrets\/","https:\/\/x.com\/belvarossecrets","https:\/\/www.instagram.com\/belvarossecrets\/","https:\/\/www.tiktok.com\/@belvarossecrets"]}]}},"_links":{"self":[{"href":"https:\/\/www.szexshopbelvaros.com\/en\/wp-json\/wp\/v2\/product\/3016","targetHints":{"allow":["GET"]}}],"collection":[{"href":"https:\/\/www.szexshopbelvaros.com\/en\/wp-json\/wp\/v2\/product"}],"about":[{"href":"https:\/\/www.szexshopbelvaros.com\/en\/wp-json\/wp\/v2\/types\/product"}],"replies":[{"embeddable":true,"href":"https:\/\/www.szexshopbelvaros.com\/en\/wp-json\/wp\/v2\/comments?post=3016"}],"wp:featuredmedia":[{"embeddable":true,"href":"https:\/\/www.szexshopbelvaros.com\/en\/wp-json\/wp\/v2\/media\/3017"}],"wp:attachment":[{"href":"https:\/\/www.szexshopbelvaros.com\/en\/wp-json\/wp\/v2\/media?parent=3016"}],"wp:term":[{"taxonomy":"product_brand","embeddable":true,"href":"https:\/\/www.szexshopbelvaros.com\/en\/wp-json\/wp\/v2\/product_brand?post=3016"},{"taxonomy":"product_cat","embeddable":true,"href":"https:\/\/www.szexshopbelvaros.com\/en\/wp-json\/wp\/v2\/product_cat?post=3016"},{"taxonomy":"product_tag","embeddable":true,"href":"https:\/\/www.szexshopbelvaros.com\/en\/wp-json\/wp\/v2\/product_tag?post=3016"}],"curies":[{"name":"wp","href":"https:\/\/api.w.org\/{rel}","templated":true}]}}