{"id":312,"date":"2025-01-31T14:37:43","date_gmt":"2025-01-31T13:37:43","guid":{"rendered":"https:\/\/www.szexshopbelvaros.com\/termek\/glitter-masquerade-rabbit-mask-black-csillogo-nyuszis-maszk\/"},"modified":"2026-02-20T09:50:58","modified_gmt":"2026-02-20T08:50:58","slug":"glitter-masquerade-rabbit-mask-black-csillogo-nyuszis-maszk","status":"publish","type":"product","link":"https:\/\/www.szexshopbelvaros.com\/en\/product\/glitter-masquerade-rabbit-mask-black-csillogo-nyuszis-maszk\/","title":{"rendered":"glitter bunny mask"},"content":{"rendered":"<p>Masquerade Rabbit Mask - Glittery, sexy, bunny mask<\/p>\n<p>An erotic accessory for decorating the face, which can be used as an accessory for fetish games.<\/p>\n<p>Why is it good?<\/p>\n<p>Slightly elastic, rigid, plastic material \u2013 for a 3D effect<br \/>\nFlexible, rubber headband \u2013 fits almost all head sizes<br \/>\nUnisex product \u2013 can be worn by both women and men<br \/>\nHalf mask design \u2013 does not restrict breathing<br \/>\nTo clean, simply wipe with a damp cloth<\/p>\n<p>Pay attention to this:<br \/>\nStable, moderately stiff ears, cannot be bent, stand firmly<br \/>\nHand wash only with mild detergent and water<\/p>\n<p>Product specifications, features:<\/p>\n<p>slightly flexible, made of plastic<br \/>\nwith rubber headband<br \/>\nunisex product<br \/>\ntotal length: 38cm<br \/>\nLength of ears: 21cm<br \/>\nmask width at the face: 20.5cm<br \/>\neyelet size: 5.2 x 3.1cm<br \/>\nmask depth: approx. 5cm<br \/>\nweight: 60g<br \/>\ncolor: pink<br \/>\nmaterial: environmentally friendly PVC<\/p>\n<p>ATTENTION: color and data may differ slightly due to lighting conditions and manual measurement!<\/p>\n<p>&nbsp;<\/p>","protected":false},"excerpt":{"rendered":"<p>Masquerade Rabbit Mask -Csillog\u00f3, szexi, nyuszis maszk Az arc d\u00edsz\u00edt\u00e9s\u00e9t szolg\u00e1l\u00f3 erotikus kieg\u00e9sz\u00edt\u0151, mely a fetish j\u00e1t\u00e9kok kell\u00e9ke lehet. Mi\u00e9rt j\u00f3? Enyh\u00e9n ruganyos, merev, m\u0171anyag anyag &#8211; 3D hat\u00e1s\u00e9rt Rugalmas, gumis fejp\u00e1nt &#8211; szinte minden fejm\u00e9rethez passzol Uniszex term\u00e9k &#8211; n\u0151k \u00e9s f\u00e9rfiak egyar\u00e1nt viselhetik F\u00e9l maszk forma &#8211; nem korl\u00e1tozza a l\u00e9gz\u00e9st Tiszt\u00edt\u00e1skor elegend\u0151 [&#8230;]\n","protected":false},"featured_media":313,"comment_status":"closed","ping_status":"closed","template":"","meta":[],"product_brand":[],"product_cat":[117],"product_tag":[1629,907,951,2025,503,937,2023,933,2026,917,945,2024,272,932,220],"class_list":{"0":"post-312","1":"product","2":"type-product","3":"status-publish","4":"has-post-thumbnail","6":"product_cat-cosplay-jelmez-erotikus-jatekok","7":"product_tag-cosplay-costume","8":"product_tag-cosplay-jelmez","9":"product_tag-erotic-clothing","10":"product_tag-erotikus-kosztum","11":"product_tag-erotikus-ruha","12":"product_tag-fehernemu","13":"product_tag-haloszoba-divat","14":"product_tag-lingerie","15":"product_tag-roleplay-outfit","16":"product_tag-sexy-costume","17":"product_tag-sexy-outfit","18":"product_tag-szerepjatek-ruha","19":"product_tag-szexi-jelmez","20":"product_tag-szexi-ruha","21":"product_tag-szexshop-belvaros","23":"first","24":"instock","25":"taxable","26":"shipping-taxable","27":"purchasable","28":"product-type-simple"},"yoast_head":"<!-- This site is optimized with the Yoast SEO plugin v27.4 - https:\/\/yoast.com\/product\/yoast-seo-wordpress\/ -->\n<title>csillog\u00f3 nyuszis maszk - Szexshop Belvaros<\/title>\n<meta name=\"robots\" content=\"index, follow, max-snippet:-1, max-image-preview:large, max-video-preview:-1\" \/>\n<link rel=\"canonical\" href=\"https:\/\/www.szexshopbelvaros.com\/en\/product\/glitter-masquerade-rabbit-mask-black-csillogo-nyuszis-maszk\/\" \/>\n<meta property=\"og:locale\" content=\"en_US\" \/>\n<meta property=\"og:type\" content=\"article\" \/>\n<meta property=\"og:title\" content=\"csillog\u00f3 nyuszis maszk - Szexshop Belvaros\" \/>\n<meta property=\"og:description\" content=\"Masquerade Rabbit Mask -Csillog\u00f3, szexi, nyuszis maszk Az arc d\u00edsz\u00edt\u00e9s\u00e9t szolg\u00e1l\u00f3 erotikus kieg\u00e9sz\u00edt\u0151, mely a fetish j\u00e1t\u00e9kok kell\u00e9ke lehet. Mi\u00e9rt j\u00f3? Enyh\u00e9n ruganyos, merev, m\u0171anyag anyag &#8211; 3D hat\u00e1s\u00e9rt Rugalmas, gumis fejp\u00e1nt &#8211; szinte minden fejm\u00e9rethez passzol Uniszex term\u00e9k &#8211; n\u0151k \u00e9s f\u00e9rfiak egyar\u00e1nt viselhetik F\u00e9l maszk forma &#8211; nem korl\u00e1tozza a l\u00e9gz\u00e9st Tiszt\u00edt\u00e1skor elegend\u0151 [...]\" \/>\n<meta property=\"og:url\" content=\"https:\/\/www.szexshopbelvaros.com\/en\/product\/glitter-masquerade-rabbit-mask-black-csillogo-nyuszis-maszk\/\" \/>\n<meta property=\"og:site_name\" content=\"Szexshop Belvaros\" \/>\n<meta property=\"article:publisher\" content=\"https:\/\/www.facebook.com\/belvarossecrets\/\" \/>\n<meta property=\"article:modified_time\" content=\"2026-02-20T08:50:58+00:00\" \/>\n<meta property=\"og:image\" content=\"https:\/\/www.szexshopbelvaros.com\/wp-content\/uploads\/2025\/01\/6751d579d972bb336cbe03f3.jpeg\" \/>\n\t<meta property=\"og:image:width\" content=\"1200\" \/>\n\t<meta property=\"og:image:height\" content=\"676\" \/>\n\t<meta property=\"og:image:type\" content=\"image\/jpeg\" \/>\n<meta name=\"twitter:card\" content=\"summary_large_image\" \/>\n<meta name=\"twitter:site\" content=\"@belvarossecrets\" \/>\n<meta name=\"twitter:label1\" content=\"Est. reading time\" \/>\n\t<meta name=\"twitter:data1\" content=\"1 minute\" \/>\n<script type=\"application\/ld+json\" class=\"yoast-schema-graph\">{\"@context\":\"https:\\\/\\\/schema.org\",\"@graph\":[{\"@type\":\"WebPage\",\"@id\":\"https:\\\/\\\/www.szexshopbelvaros.com\\\/termek\\\/glitter-masquerade-rabbit-mask-black-csillogo-nyuszis-maszk\\\/\",\"url\":\"https:\\\/\\\/www.szexshopbelvaros.com\\\/termek\\\/glitter-masquerade-rabbit-mask-black-csillogo-nyuszis-maszk\\\/\",\"name\":\"csillog\u00f3 nyuszis maszk - Szexshop Belvaros\",\"isPartOf\":{\"@id\":\"https:\\\/\\\/www.szexshopbelvaros.com\\\/#website\"},\"primaryImageOfPage\":{\"@id\":\"https:\\\/\\\/www.szexshopbelvaros.com\\\/termek\\\/glitter-masquerade-rabbit-mask-black-csillogo-nyuszis-maszk\\\/#primaryimage\"},\"image\":{\"@id\":\"https:\\\/\\\/www.szexshopbelvaros.com\\\/termek\\\/glitter-masquerade-rabbit-mask-black-csillogo-nyuszis-maszk\\\/#primaryimage\"},\"thumbnailUrl\":\"https:\\\/\\\/www.szexshopbelvaros.com\\\/wp-content\\\/uploads\\\/2025\\\/01\\\/6751d579d972bb336cbe03f3.jpeg\",\"datePublished\":\"2025-01-31T13:37:43+00:00\",\"dateModified\":\"2026-02-20T08:50:58+00:00\",\"breadcrumb\":{\"@id\":\"https:\\\/\\\/www.szexshopbelvaros.com\\\/termek\\\/glitter-masquerade-rabbit-mask-black-csillogo-nyuszis-maszk\\\/#breadcrumb\"},\"inLanguage\":\"en-US\",\"potentialAction\":[{\"@type\":\"ReadAction\",\"target\":[\"https:\\\/\\\/www.szexshopbelvaros.com\\\/termek\\\/glitter-masquerade-rabbit-mask-black-csillogo-nyuszis-maszk\\\/\"]}]},{\"@type\":\"ImageObject\",\"inLanguage\":\"en-US\",\"@id\":\"https:\\\/\\\/www.szexshopbelvaros.com\\\/termek\\\/glitter-masquerade-rabbit-mask-black-csillogo-nyuszis-maszk\\\/#primaryimage\",\"url\":\"https:\\\/\\\/www.szexshopbelvaros.com\\\/wp-content\\\/uploads\\\/2025\\\/01\\\/6751d579d972bb336cbe03f3.jpeg\",\"contentUrl\":\"https:\\\/\\\/www.szexshopbelvaros.com\\\/wp-content\\\/uploads\\\/2025\\\/01\\\/6751d579d972bb336cbe03f3.jpeg\",\"width\":1200,\"height\":676},{\"@type\":\"BreadcrumbList\",\"@id\":\"https:\\\/\\\/www.szexshopbelvaros.com\\\/termek\\\/glitter-masquerade-rabbit-mask-black-csillogo-nyuszis-maszk\\\/#breadcrumb\",\"itemListElement\":[{\"@type\":\"ListItem\",\"position\":1,\"name\":\"Home\",\"item\":\"https:\\\/\\\/www.szexshopbelvaros.com\\\/\"},{\"@type\":\"ListItem\",\"position\":2,\"name\":\"\u00c1ruh\u00e1z\",\"item\":\"https:\\\/\\\/www.szexshopbelvaros.com\\\/uzlet\\\/\"},{\"@type\":\"ListItem\",\"position\":3,\"name\":\"csillog\u00f3 nyuszis maszk\"}]},{\"@type\":\"WebSite\",\"@id\":\"https:\\\/\\\/www.szexshopbelvaros.com\\\/#website\",\"url\":\"https:\\\/\\\/www.szexshopbelvaros.com\\\/\",\"name\":\"Szexshop Belv\u00e1ros\",\"description\":\"\ud83d\udd25 A szex olyan, mint a p\u00e9nz; csak a t\u00fal sok el\u00e9g!\u2122 Titkok a belv\u00e1rosb\u00f3l \ud83d\udc8b | Secrets from Budapest \ud83d\udc8e Feln\u0151tt j\u00e1t\u00e9kok \u2022 Erotika \u2022 Szexshop Belvaros\",\"publisher\":{\"@id\":\"https:\\\/\\\/www.szexshopbelvaros.com\\\/#organization\"},\"potentialAction\":[{\"@type\":\"SearchAction\",\"target\":{\"@type\":\"EntryPoint\",\"urlTemplate\":\"https:\\\/\\\/www.szexshopbelvaros.com\\\/?s={search_term_string}\"},\"query-input\":{\"@type\":\"PropertyValueSpecification\",\"valueRequired\":true,\"valueName\":\"search_term_string\"}}],\"inLanguage\":\"en-US\"},{\"@type\":\"Organization\",\"@id\":\"https:\\\/\\\/www.szexshopbelvaros.com\\\/#organization\",\"name\":\"Szexshop Belv\u00e1ros\",\"alternateName\":\"szexshopbelvaros.com\",\"url\":\"https:\\\/\\\/www.szexshopbelvaros.com\\\/\",\"logo\":{\"@type\":\"ImageObject\",\"inLanguage\":\"en-US\",\"@id\":\"https:\\\/\\\/www.szexshopbelvaros.com\\\/#\\\/schema\\\/logo\\\/image\\\/\",\"url\":\"https:\\\/\\\/www.szexshopbelvaros.com\\\/wp-content\\\/uploads\\\/2025\\\/09\\\/1Szexshopbelvaroslogo_blurred_stronger.jpg\",\"contentUrl\":\"https:\\\/\\\/www.szexshopbelvaros.com\\\/wp-content\\\/uploads\\\/2025\\\/09\\\/1Szexshopbelvaroslogo_blurred_stronger.jpg\",\"width\":1024,\"height\":1024,\"caption\":\"Szexshop Belv\u00e1ros\"},\"image\":{\"@id\":\"https:\\\/\\\/www.szexshopbelvaros.com\\\/#\\\/schema\\\/logo\\\/image\\\/\"},\"sameAs\":[\"https:\\\/\\\/www.facebook.com\\\/belvarossecrets\\\/\",\"https:\\\/\\\/x.com\\\/belvarossecrets\",\"https:\\\/\\\/www.instagram.com\\\/belvarossecrets\\\/\",\"https:\\\/\\\/www.tiktok.com\\\/@belvarossecrets\"]}]}<\/script>\n<!-- \/ Yoast SEO plugin. -->","yoast_head_json":{"title":"glitter bunny mask - Szexshop Belvaros","robots":{"index":"index","follow":"follow","max-snippet":"max-snippet:-1","max-image-preview":"max-image-preview:large","max-video-preview":"max-video-preview:-1"},"canonical":"https:\/\/www.szexshopbelvaros.com\/en\/product\/glitter-masquerade-rabbit-mask-black-csillogo-nyuszis-maszk\/","og_locale":"en_US","og_type":"article","og_title":"csillog\u00f3 nyuszis maszk - Szexshop Belvaros","og_description":"Masquerade Rabbit Mask -Csillog\u00f3, szexi, nyuszis maszk Az arc d\u00edsz\u00edt\u00e9s\u00e9t szolg\u00e1l\u00f3 erotikus kieg\u00e9sz\u00edt\u0151, mely a fetish j\u00e1t\u00e9kok kell\u00e9ke lehet. Mi\u00e9rt j\u00f3? Enyh\u00e9n ruganyos, merev, m\u0171anyag anyag &#8211; 3D hat\u00e1s\u00e9rt Rugalmas, gumis fejp\u00e1nt &#8211; szinte minden fejm\u00e9rethez passzol Uniszex term\u00e9k &#8211; n\u0151k \u00e9s f\u00e9rfiak egyar\u00e1nt viselhetik F\u00e9l maszk forma &#8211; nem korl\u00e1tozza a l\u00e9gz\u00e9st Tiszt\u00edt\u00e1skor elegend\u0151 [...]","og_url":"https:\/\/www.szexshopbelvaros.com\/en\/product\/glitter-masquerade-rabbit-mask-black-csillogo-nyuszis-maszk\/","og_site_name":"Szexshop Belvaros","article_publisher":"https:\/\/www.facebook.com\/belvarossecrets\/","article_modified_time":"2026-02-20T08:50:58+00:00","og_image":[{"width":1200,"height":676,"url":"https:\/\/www.szexshopbelvaros.com\/wp-content\/uploads\/2025\/01\/6751d579d972bb336cbe03f3.jpeg","type":"image\/jpeg"}],"twitter_card":"summary_large_image","twitter_site":"@belvarossecrets","twitter_misc":{"Est. reading time":"1 minute"},"schema":{"@context":"https:\/\/schema.org","@graph":[{"@type":"WebPage","@id":"https:\/\/www.szexshopbelvaros.com\/termek\/glitter-masquerade-rabbit-mask-black-csillogo-nyuszis-maszk\/","url":"https:\/\/www.szexshopbelvaros.com\/termek\/glitter-masquerade-rabbit-mask-black-csillogo-nyuszis-maszk\/","name":"glitter bunny mask - Szexshop Belvaros","isPartOf":{"@id":"https:\/\/www.szexshopbelvaros.com\/#website"},"primaryImageOfPage":{"@id":"https:\/\/www.szexshopbelvaros.com\/termek\/glitter-masquerade-rabbit-mask-black-csillogo-nyuszis-maszk\/#primaryimage"},"image":{"@id":"https:\/\/www.szexshopbelvaros.com\/termek\/glitter-masquerade-rabbit-mask-black-csillogo-nyuszis-maszk\/#primaryimage"},"thumbnailUrl":"https:\/\/www.szexshopbelvaros.com\/wp-content\/uploads\/2025\/01\/6751d579d972bb336cbe03f3.jpeg","datePublished":"2025-01-31T13:37:43+00:00","dateModified":"2026-02-20T08:50:58+00:00","breadcrumb":{"@id":"https:\/\/www.szexshopbelvaros.com\/termek\/glitter-masquerade-rabbit-mask-black-csillogo-nyuszis-maszk\/#breadcrumb"},"inLanguage":"en-US","potentialAction":[{"@type":"ReadAction","target":["https:\/\/www.szexshopbelvaros.com\/termek\/glitter-masquerade-rabbit-mask-black-csillogo-nyuszis-maszk\/"]}]},{"@type":"ImageObject","inLanguage":"en-US","@id":"https:\/\/www.szexshopbelvaros.com\/termek\/glitter-masquerade-rabbit-mask-black-csillogo-nyuszis-maszk\/#primaryimage","url":"https:\/\/www.szexshopbelvaros.com\/wp-content\/uploads\/2025\/01\/6751d579d972bb336cbe03f3.jpeg","contentUrl":"https:\/\/www.szexshopbelvaros.com\/wp-content\/uploads\/2025\/01\/6751d579d972bb336cbe03f3.jpeg","width":1200,"height":676},{"@type":"BreadcrumbList","@id":"https:\/\/www.szexshopbelvaros.com\/termek\/glitter-masquerade-rabbit-mask-black-csillogo-nyuszis-maszk\/#breadcrumb","itemListElement":[{"@type":"ListItem","position":1,"name":"Home","item":"https:\/\/www.szexshopbelvaros.com\/"},{"@type":"ListItem","position":2,"name":"\u00c1ruh\u00e1z","item":"https:\/\/www.szexshopbelvaros.com\/uzlet\/"},{"@type":"ListItem","position":3,"name":"csillog\u00f3 nyuszis maszk"}]},{"@type":"WebSite","@id":"https:\/\/www.szexshopbelvaros.com\/#website","url":"https:\/\/www.szexshopbelvaros.com\/","name":"at our Szexshop Belv\u00e1ros","description":"\ud83d\udd25 Sex is like money; only too much is enough!\u2122 Secrets from the city center \ud83d\udc8b | Secrets from Budapest \ud83d\udc8e Adult games \u2022 Erotica \u2022 Sex shop Belvaros","publisher":{"@id":"https:\/\/www.szexshopbelvaros.com\/#organization"},"potentialAction":[{"@type":"SearchAction","target":{"@type":"EntryPoint","urlTemplate":"https:\/\/www.szexshopbelvaros.com\/?s={search_term_string}"},"query-input":{"@type":"PropertyValueSpecification","valueRequired":true,"valueName":"search_term_string"}}],"inLanguage":"en-US"},{"@type":"Organization","@id":"https:\/\/www.szexshopbelvaros.com\/#organization","name":"at our Szexshop Belv\u00e1ros","alternateName":"szexshopbelvaros.com","url":"https:\/\/www.szexshopbelvaros.com\/","logo":{"@type":"ImageObject","inLanguage":"en-US","@id":"https:\/\/www.szexshopbelvaros.com\/#\/schema\/logo\/image\/","url":"https:\/\/www.szexshopbelvaros.com\/wp-content\/uploads\/2025\/09\/1Szexshopbelvaroslogo_blurred_stronger.jpg","contentUrl":"https:\/\/www.szexshopbelvaros.com\/wp-content\/uploads\/2025\/09\/1Szexshopbelvaroslogo_blurred_stronger.jpg","width":1024,"height":1024,"caption":"Szexshop Belv\u00e1ros"},"image":{"@id":"https:\/\/www.szexshopbelvaros.com\/#\/schema\/logo\/image\/"},"sameAs":["https:\/\/www.facebook.com\/belvarossecrets\/","https:\/\/x.com\/belvarossecrets","https:\/\/www.instagram.com\/belvarossecrets\/","https:\/\/www.tiktok.com\/@belvarossecrets"]}]}},"_links":{"self":[{"href":"https:\/\/www.szexshopbelvaros.com\/en\/wp-json\/wp\/v2\/product\/312","targetHints":{"allow":["GET"]}}],"collection":[{"href":"https:\/\/www.szexshopbelvaros.com\/en\/wp-json\/wp\/v2\/product"}],"about":[{"href":"https:\/\/www.szexshopbelvaros.com\/en\/wp-json\/wp\/v2\/types\/product"}],"replies":[{"embeddable":true,"href":"https:\/\/www.szexshopbelvaros.com\/en\/wp-json\/wp\/v2\/comments?post=312"}],"wp:featuredmedia":[{"embeddable":true,"href":"https:\/\/www.szexshopbelvaros.com\/en\/wp-json\/wp\/v2\/media\/313"}],"wp:attachment":[{"href":"https:\/\/www.szexshopbelvaros.com\/en\/wp-json\/wp\/v2\/media?parent=312"}],"wp:term":[{"taxonomy":"product_brand","embeddable":true,"href":"https:\/\/www.szexshopbelvaros.com\/en\/wp-json\/wp\/v2\/product_brand?post=312"},{"taxonomy":"product_cat","embeddable":true,"href":"https:\/\/www.szexshopbelvaros.com\/en\/wp-json\/wp\/v2\/product_cat?post=312"},{"taxonomy":"product_tag","embeddable":true,"href":"https:\/\/www.szexshopbelvaros.com\/en\/wp-json\/wp\/v2\/product_tag?post=312"}],"curies":[{"name":"wp","href":"https:\/\/api.w.org\/{rel}","templated":true}]}}