{"id":3122,"date":"2026-04-22T16:47:54","date_gmt":"2026-04-22T14:47:54","guid":{"rendered":"https:\/\/www.szexshopbelvaros.com\/?post_type=product&#038;p=3122"},"modified":"2026-04-22T17:14:08","modified_gmt":"2026-04-22T15:14:08","slug":"glo-bondage-flogger-green","status":"publish","type":"product","link":"https:\/\/www.szexshopbelvaros.com\/en\/product\/glo-bondage-flogger-green\/","title":{"rendered":"\ud83d\udc9a Neon strike \u2013 when the lights go out, but you're still misbehaving."},"content":{"rendered":"<p data-start=\"107\" data-end=\"416\">Known as the GLO Bondage Flogger <strong data-start=\"146\" data-end=\"163\">\ud83d\udc9a <\/strong>Neon Strike isn't meant to be tucked away in a drawer. This faux leather whip with a glow-in-the-dark handle is designed to find you when the lights go out. And the mood is about to change to something much more exciting.<\/p>\n<p data-start=\"418\" data-end=\"640\">The approx. 60 cm long is spectacular, and easy to use while gaining control. Its mere presence alone sends the message that no one here tonight is safe from its wrath. It's a great choice for BDSM, fetish, S\/M, and role-playing evenings.<\/p>\n<p data-start=\"642\" data-end=\"873\">The faux leather threads move with a glide. And the glow handle is a special little devil that ensures that the show doesn't fall apart in the dark. This is not a delicate accessory. This is the piece that sets the tone for the evening just by looking at it.<\/p>\n<p data-start=\"875\" data-end=\"1162\">The black, white, and green color combo initially looks like a bad decision and a very good idea combined.\u00a0<span style=\"color: #333333;\">If you&#039;re looking for BDSM accessories that will make even your neighbor suspect that you don&#039;t just make tea in the evening, then the\u00a0<\/span><strong style=\"color: #333333;\">\ud83d\udc9a <\/strong>Neon strike<span style=\"color: #333333;\"> solves the problem nicely.<\/span><\/p>\n<p data-start=\"1406\" data-end=\"1646\" data-is-last-node=\"\" data-is-only-node=\"\">It's worth checking out the rest of our\u00a0<a href=\"https:\/\/www.szexshopbelvaros.com\/en\/product-category\/bdsm\/\"><span style=\"box-sizing: border-box; margin: 0px; padding: 0px;\"><strong>BDSM accessories<\/strong>while<\/span><\/a>\u00a0while you're at it!<\/p>\n<p data-start=\"1406\" data-end=\"1646\" data-is-last-node=\"\" data-is-only-node=\"\">\ud83d\udc49 Order, we always ship discreetly,  at <a class=\"decorated-link\" href=\"http:\/\/www.szexshopbelvaros.com\/en\/\" target=\"_new\" rel=\"noopener\" data-start=\"917\" data-end=\"941\">www.szexshopbelvaros.com<\/a> .  We deliver to the entire territory of Hungary and the EU \u2014 then turn off the lights, the program will take care of its business from there.<\/p>","protected":false},"excerpt":{"rendered":"<p>A GLO Bondage Flogger n\u00e9ven ismert \ud83d\udc9a Neoncsap\u00e1s nem az\u00e9rt k\u00e9sz\u00fclt, hogy sz\u00e9pen megb\u00fajjon a fi\u00f3k m\u00e9ly\u00e9n. Ez a s\u00f6t\u00e9tben vil\u00e1g\u00edt\u00f3 nyel\u0171, m\u0171b\u0151rb\u0151l k\u00e9sz\u00fclt korb\u00e1cs pontosan arra val\u00f3, hogy akkor is odatal\u00e1ljon, amikor a villany m\u00e1r lement. A hangulat pedig \u00e9pp kezd \u00e1tbillenni valami sokkal izgalmasabbba. A kb. 60 cm-es hossz\u00fa l\u00e1tv\u00e1nyos, m\u00e9gis k\u00e9zben j\u00f3l [&#8230;]\n","protected":false},"featured_media":3123,"comment_status":"closed","ping_status":"closed","template":"","meta":[],"product_brand":[177],"product_cat":[52,1999,2623],"product_tag":[2626,321,1410,372,2629,389,718,2719,2720,2721,2723,2001,732,2628,2008,716,2630,2631,2722,2625,717,730,731,2627,2724,715,2624,1412,2725],"class_list":{"0":"post-3122","1":"product","2":"type-product","3":"status-publish","4":"has-post-thumbnail","6":"product_brand-ns-novelties","7":"product_cat-bdsm","8":"product_cat-ostorok-paskolok","9":"product_cat-uj-hullam","10":"product_tag-akcio","11":"product_tag-bdsm","12":"product_tag-bdsm-toy","13":"product_tag-bondage","14":"product_tag-clearance","15":"product_tag-felnott-jatek","16":"product_tag-flogger","17":"product_tag-glo","18":"product_tag-glo-bondage-flogger","19":"product_tag-glo-bondage-flogger-green","20":"product_tag-glow-in-the-dark-flogger","21":"product_tag-impact-jatek","22":"product_tag-impact-play","23":"product_tag-kiarusitas","24":"product_tag-kink","25":"product_tag-korbacs","26":"product_tag-limitalt-keszlet","27":"product_tag-limited-stock","28":"product_tag-neoncsapas","29":"product_tag-new-wave","30":"product_tag-ostor","31":"product_tag-paddle","32":"product_tag-paskolo","33":"product_tag-sale","34":"product_tag-sotetben-vilagito-korbacs","35":"product_tag-szadomazo-kellek","36":"product_tag-uj-hullam","37":"product_tag-whip","38":"product_tag-zold-korbacs","40":"first","41":"instock","42":"sale","43":"taxable","44":"shipping-taxable","45":"purchasable","46":"product-type-simple"},"yoast_head":"<!-- This site is optimized with the Yoast SEO plugin v27.4 - https:\/\/yoast.com\/product\/yoast-seo-wordpress\/ -->\n<title>\ud83d\udc9a GLO Bondage Flogger Green - Neoncsapas - Szexshop Belv\u00e1ros<\/title>\n<meta name=\"description\" content=\"GLO Bondage Flogger Green s\u00f6t\u00e9tben vil\u00e1g\u00edt\u00f3 nyel\u0171, m\u0171b\u0151r BDSM korb\u00e1cs szerepj\u00e1t\u00e9khoz \u00e9s fetish est\u00e9khez. Szexshop Belv\u00e1ros.\" \/>\n<meta name=\"robots\" content=\"index, follow, max-snippet:-1, max-image-preview:large, max-video-preview:-1\" \/>\n<link rel=\"canonical\" href=\"https:\/\/www.szexshopbelvaros.com\/en\/product\/glo-bondage-flogger-green\/\" \/>\n<meta property=\"og:locale\" content=\"en_US\" \/>\n<meta property=\"og:type\" content=\"article\" \/>\n<meta property=\"og:title\" content=\"\ud83d\udc9a GLO Bondage Flogger Green - Neoncsapas - Szexshop Belv\u00e1ros\" \/>\n<meta property=\"og:description\" content=\"GLO Bondage Flogger Green s\u00f6t\u00e9tben vil\u00e1g\u00edt\u00f3 nyel\u0171, m\u0171b\u0151r BDSM korb\u00e1cs szerepj\u00e1t\u00e9khoz \u00e9s fetish est\u00e9khez. Szexshop Belv\u00e1ros.\" \/>\n<meta property=\"og:url\" content=\"https:\/\/www.szexshopbelvaros.com\/en\/product\/glo-bondage-flogger-green\/\" \/>\n<meta property=\"og:site_name\" content=\"Szexshop Belvaros\" \/>\n<meta property=\"article:publisher\" content=\"https:\/\/www.facebook.com\/belvarossecrets\/\" \/>\n<meta property=\"article:modified_time\" content=\"2026-04-22T15:14:08+00:00\" \/>\n<meta property=\"og:image\" content=\"https:\/\/www.szexshopbelvaros.com\/wp-content\/uploads\/2026\/04\/69e8d4b61f01626fcf94296e-scaled.png\" \/>\n\t<meta property=\"og:image:width\" content=\"2560\" \/>\n\t<meta property=\"og:image:height\" content=\"1440\" \/>\n\t<meta property=\"og:image:type\" content=\"image\/png\" \/>\n<meta name=\"twitter:card\" content=\"summary_large_image\" \/>\n<meta name=\"twitter:site\" content=\"@belvarossecrets\" \/>\n<meta name=\"twitter:label1\" content=\"Est. reading time\" \/>\n\t<meta name=\"twitter:data1\" content=\"2 minutes\" \/>\n<script type=\"application\/ld+json\" class=\"yoast-schema-graph\">{\"@context\":\"https:\\\/\\\/schema.org\",\"@graph\":[{\"@type\":\"WebPage\",\"@id\":\"https:\\\/\\\/www.szexshopbelvaros.com\\\/termek\\\/glo-bondage-flogger-green\\\/\",\"url\":\"https:\\\/\\\/www.szexshopbelvaros.com\\\/termek\\\/glo-bondage-flogger-green\\\/\",\"name\":\"\ud83d\udc9a GLO Bondage Flogger Green - Neoncsapas - Szexshop Belv\u00e1ros\",\"isPartOf\":{\"@id\":\"https:\\\/\\\/www.szexshopbelvaros.com\\\/#website\"},\"primaryImageOfPage\":{\"@id\":\"https:\\\/\\\/www.szexshopbelvaros.com\\\/termek\\\/glo-bondage-flogger-green\\\/#primaryimage\"},\"image\":{\"@id\":\"https:\\\/\\\/www.szexshopbelvaros.com\\\/termek\\\/glo-bondage-flogger-green\\\/#primaryimage\"},\"thumbnailUrl\":\"https:\\\/\\\/www.szexshopbelvaros.com\\\/wp-content\\\/uploads\\\/2026\\\/04\\\/69e8d4b61f01626fcf94296e-scaled.png\",\"datePublished\":\"2026-04-22T14:47:54+00:00\",\"dateModified\":\"2026-04-22T15:14:08+00:00\",\"description\":\"GLO Bondage Flogger Green s\u00f6t\u00e9tben vil\u00e1g\u00edt\u00f3 nyel\u0171, m\u0171b\u0151r BDSM korb\u00e1cs szerepj\u00e1t\u00e9khoz \u00e9s fetish est\u00e9khez. Szexshop Belv\u00e1ros.\",\"breadcrumb\":{\"@id\":\"https:\\\/\\\/www.szexshopbelvaros.com\\\/termek\\\/glo-bondage-flogger-green\\\/#breadcrumb\"},\"inLanguage\":\"en-US\",\"potentialAction\":[{\"@type\":\"ReadAction\",\"target\":[\"https:\\\/\\\/www.szexshopbelvaros.com\\\/termek\\\/glo-bondage-flogger-green\\\/\"]}]},{\"@type\":\"ImageObject\",\"inLanguage\":\"en-US\",\"@id\":\"https:\\\/\\\/www.szexshopbelvaros.com\\\/termek\\\/glo-bondage-flogger-green\\\/#primaryimage\",\"url\":\"https:\\\/\\\/www.szexshopbelvaros.com\\\/wp-content\\\/uploads\\\/2026\\\/04\\\/69e8d4b61f01626fcf94296e-scaled.png\",\"contentUrl\":\"https:\\\/\\\/www.szexshopbelvaros.com\\\/wp-content\\\/uploads\\\/2026\\\/04\\\/69e8d4b61f01626fcf94296e-scaled.png\",\"width\":2560,\"height\":1440,\"caption\":\"HU: GLO Bondage Flogger Green s\u00f6t\u00e9tben vil\u00e1g\u00edt\u00f3 nyel\u0171 BDSM korb\u00e1cs term\u00e9kdobozban EN: GLO Bondage Flogger Green BDSM flogger in product box with glow-in-the-dark handle\"},{\"@type\":\"BreadcrumbList\",\"@id\":\"https:\\\/\\\/www.szexshopbelvaros.com\\\/termek\\\/glo-bondage-flogger-green\\\/#breadcrumb\",\"itemListElement\":[{\"@type\":\"ListItem\",\"position\":1,\"name\":\"Home\",\"item\":\"https:\\\/\\\/www.szexshopbelvaros.com\\\/\"},{\"@type\":\"ListItem\",\"position\":2,\"name\":\"\u00c1ruh\u00e1z\",\"item\":\"https:\\\/\\\/www.szexshopbelvaros.com\\\/uzlet\\\/\"},{\"@type\":\"ListItem\",\"position\":3,\"name\":\"\ud83d\udc9a Neoncsap\u00e1s \u2013 amikor a villany lemegy, de a pof\u00e1d m\u00e9g mindig t\u00fal nagy.\"}]},{\"@type\":\"WebSite\",\"@id\":\"https:\\\/\\\/www.szexshopbelvaros.com\\\/#website\",\"url\":\"https:\\\/\\\/www.szexshopbelvaros.com\\\/\",\"name\":\"Szexshop Belv\u00e1ros\",\"description\":\"\ud83d\udd25 A szex olyan, mint a p\u00e9nz; csak a t\u00fal sok el\u00e9g!\u2122 Titkok a belv\u00e1rosb\u00f3l \ud83d\udc8b | Secrets from Budapest \ud83d\udc8e Feln\u0151tt j\u00e1t\u00e9kok \u2022 Erotika \u2022 Szexshop Belvaros\",\"publisher\":{\"@id\":\"https:\\\/\\\/www.szexshopbelvaros.com\\\/#organization\"},\"potentialAction\":[{\"@type\":\"SearchAction\",\"target\":{\"@type\":\"EntryPoint\",\"urlTemplate\":\"https:\\\/\\\/www.szexshopbelvaros.com\\\/?s={search_term_string}\"},\"query-input\":{\"@type\":\"PropertyValueSpecification\",\"valueRequired\":true,\"valueName\":\"search_term_string\"}}],\"inLanguage\":\"en-US\"},{\"@type\":\"Organization\",\"@id\":\"https:\\\/\\\/www.szexshopbelvaros.com\\\/#organization\",\"name\":\"Szexshop Belv\u00e1ros\",\"alternateName\":\"szexshopbelvaros.com\",\"url\":\"https:\\\/\\\/www.szexshopbelvaros.com\\\/\",\"logo\":{\"@type\":\"ImageObject\",\"inLanguage\":\"en-US\",\"@id\":\"https:\\\/\\\/www.szexshopbelvaros.com\\\/#\\\/schema\\\/logo\\\/image\\\/\",\"url\":\"https:\\\/\\\/www.szexshopbelvaros.com\\\/wp-content\\\/uploads\\\/2025\\\/09\\\/1Szexshopbelvaroslogo_blurred_stronger.jpg\",\"contentUrl\":\"https:\\\/\\\/www.szexshopbelvaros.com\\\/wp-content\\\/uploads\\\/2025\\\/09\\\/1Szexshopbelvaroslogo_blurred_stronger.jpg\",\"width\":1024,\"height\":1024,\"caption\":\"Szexshop Belv\u00e1ros\"},\"image\":{\"@id\":\"https:\\\/\\\/www.szexshopbelvaros.com\\\/#\\\/schema\\\/logo\\\/image\\\/\"},\"sameAs\":[\"https:\\\/\\\/www.facebook.com\\\/belvarossecrets\\\/\",\"https:\\\/\\\/x.com\\\/belvarossecrets\",\"https:\\\/\\\/www.instagram.com\\\/belvarossecrets\\\/\",\"https:\\\/\\\/www.tiktok.com\\\/@belvarossecrets\"]}]}<\/script>\n<!-- \/ Yoast SEO plugin. -->","yoast_head_json":{"title":"\ud83d\udc9a GLO Bondage Flogger Green - Neon Flogger - Sexshop Belv\u00e1ros","description":"GLO Bondage Flogger Green glow-in-the-dark handle, faux leather BDSM whip for role play and fetish nights. Sex shop Belv\u00e1ros.","robots":{"index":"index","follow":"follow","max-snippet":"max-snippet:-1","max-image-preview":"max-image-preview:large","max-video-preview":"max-video-preview:-1"},"canonical":"https:\/\/www.szexshopbelvaros.com\/en\/product\/glo-bondage-flogger-green\/","og_locale":"en_US","og_type":"article","og_title":"\ud83d\udc9a GLO Bondage Flogger Green - Neoncsapas - Szexshop Belv\u00e1ros","og_description":"GLO Bondage Flogger Green s\u00f6t\u00e9tben vil\u00e1g\u00edt\u00f3 nyel\u0171, m\u0171b\u0151r BDSM korb\u00e1cs szerepj\u00e1t\u00e9khoz \u00e9s fetish est\u00e9khez. Szexshop Belv\u00e1ros.","og_url":"https:\/\/www.szexshopbelvaros.com\/en\/product\/glo-bondage-flogger-green\/","og_site_name":"Szexshop Belvaros","article_publisher":"https:\/\/www.facebook.com\/belvarossecrets\/","article_modified_time":"2026-04-22T15:14:08+00:00","og_image":[{"width":2560,"height":1440,"url":"https:\/\/www.szexshopbelvaros.com\/wp-content\/uploads\/2026\/04\/69e8d4b61f01626fcf94296e-scaled.png","type":"image\/png"}],"twitter_card":"summary_large_image","twitter_site":"@belvarossecrets","twitter_misc":{"Est. reading time":"2 minutes"},"schema":{"@context":"https:\/\/schema.org","@graph":[{"@type":"WebPage","@id":"https:\/\/www.szexshopbelvaros.com\/termek\/glo-bondage-flogger-green\/","url":"https:\/\/www.szexshopbelvaros.com\/termek\/glo-bondage-flogger-green\/","name":"\ud83d\udc9a GLO Bondage Flogger Green - Neon Flogger - Sexshop Belv\u00e1ros","isPartOf":{"@id":"https:\/\/www.szexshopbelvaros.com\/#website"},"primaryImageOfPage":{"@id":"https:\/\/www.szexshopbelvaros.com\/termek\/glo-bondage-flogger-green\/#primaryimage"},"image":{"@id":"https:\/\/www.szexshopbelvaros.com\/termek\/glo-bondage-flogger-green\/#primaryimage"},"thumbnailUrl":"https:\/\/www.szexshopbelvaros.com\/wp-content\/uploads\/2026\/04\/69e8d4b61f01626fcf94296e-scaled.png","datePublished":"2026-04-22T14:47:54+00:00","dateModified":"2026-04-22T15:14:08+00:00","description":"GLO Bondage Flogger Green glow-in-the-dark handle, faux leather BDSM whip for role play and fetish nights. Sex shop Belv\u00e1ros.","breadcrumb":{"@id":"https:\/\/www.szexshopbelvaros.com\/termek\/glo-bondage-flogger-green\/#breadcrumb"},"inLanguage":"en-US","potentialAction":[{"@type":"ReadAction","target":["https:\/\/www.szexshopbelvaros.com\/termek\/glo-bondage-flogger-green\/"]}]},{"@type":"ImageObject","inLanguage":"en-US","@id":"https:\/\/www.szexshopbelvaros.com\/termek\/glo-bondage-flogger-green\/#primaryimage","url":"https:\/\/www.szexshopbelvaros.com\/wp-content\/uploads\/2026\/04\/69e8d4b61f01626fcf94296e-scaled.png","contentUrl":"https:\/\/www.szexshopbelvaros.com\/wp-content\/uploads\/2026\/04\/69e8d4b61f01626fcf94296e-scaled.png","width":2560,"height":1440,"caption":"HU: GLO Bondage Flogger Green s\u00f6t\u00e9tben vil\u00e1g\u00edt\u00f3 nyel\u0171 BDSM korb\u00e1cs term\u00e9kdobozban EN: GLO Bondage Flogger Green BDSM flogger in product box with glow-in-the-dark handle"},{"@type":"BreadcrumbList","@id":"https:\/\/www.szexshopbelvaros.com\/termek\/glo-bondage-flogger-green\/#breadcrumb","itemListElement":[{"@type":"ListItem","position":1,"name":"Home","item":"https:\/\/www.szexshopbelvaros.com\/"},{"@type":"ListItem","position":2,"name":"\u00c1ruh\u00e1z","item":"https:\/\/www.szexshopbelvaros.com\/uzlet\/"},{"@type":"ListItem","position":3,"name":"\ud83d\udc9a Neoncsap\u00e1s \u2013 amikor a villany lemegy, de a pof\u00e1d m\u00e9g mindig t\u00fal nagy."}]},{"@type":"WebSite","@id":"https:\/\/www.szexshopbelvaros.com\/#website","url":"https:\/\/www.szexshopbelvaros.com\/","name":"at our Szexshop Belv\u00e1ros","description":"\ud83d\udd25 Sex is like money; only too much is enough!\u2122 Secrets from the city center \ud83d\udc8b | Secrets from Budapest \ud83d\udc8e Adult games \u2022 Erotica \u2022 Sex shop Belvaros","publisher":{"@id":"https:\/\/www.szexshopbelvaros.com\/#organization"},"potentialAction":[{"@type":"SearchAction","target":{"@type":"EntryPoint","urlTemplate":"https:\/\/www.szexshopbelvaros.com\/?s={search_term_string}"},"query-input":{"@type":"PropertyValueSpecification","valueRequired":true,"valueName":"search_term_string"}}],"inLanguage":"en-US"},{"@type":"Organization","@id":"https:\/\/www.szexshopbelvaros.com\/#organization","name":"at our Szexshop Belv\u00e1ros","alternateName":"szexshopbelvaros.com","url":"https:\/\/www.szexshopbelvaros.com\/","logo":{"@type":"ImageObject","inLanguage":"en-US","@id":"https:\/\/www.szexshopbelvaros.com\/#\/schema\/logo\/image\/","url":"https:\/\/www.szexshopbelvaros.com\/wp-content\/uploads\/2025\/09\/1Szexshopbelvaroslogo_blurred_stronger.jpg","contentUrl":"https:\/\/www.szexshopbelvaros.com\/wp-content\/uploads\/2025\/09\/1Szexshopbelvaroslogo_blurred_stronger.jpg","width":1024,"height":1024,"caption":"Szexshop Belv\u00e1ros"},"image":{"@id":"https:\/\/www.szexshopbelvaros.com\/#\/schema\/logo\/image\/"},"sameAs":["https:\/\/www.facebook.com\/belvarossecrets\/","https:\/\/x.com\/belvarossecrets","https:\/\/www.instagram.com\/belvarossecrets\/","https:\/\/www.tiktok.com\/@belvarossecrets"]}]}},"_links":{"self":[{"href":"https:\/\/www.szexshopbelvaros.com\/en\/wp-json\/wp\/v2\/product\/3122","targetHints":{"allow":["GET"]}}],"collection":[{"href":"https:\/\/www.szexshopbelvaros.com\/en\/wp-json\/wp\/v2\/product"}],"about":[{"href":"https:\/\/www.szexshopbelvaros.com\/en\/wp-json\/wp\/v2\/types\/product"}],"replies":[{"embeddable":true,"href":"https:\/\/www.szexshopbelvaros.com\/en\/wp-json\/wp\/v2\/comments?post=3122"}],"wp:featuredmedia":[{"embeddable":true,"href":"https:\/\/www.szexshopbelvaros.com\/en\/wp-json\/wp\/v2\/media\/3123"}],"wp:attachment":[{"href":"https:\/\/www.szexshopbelvaros.com\/en\/wp-json\/wp\/v2\/media?parent=3122"}],"wp:term":[{"taxonomy":"product_brand","embeddable":true,"href":"https:\/\/www.szexshopbelvaros.com\/en\/wp-json\/wp\/v2\/product_brand?post=3122"},{"taxonomy":"product_cat","embeddable":true,"href":"https:\/\/www.szexshopbelvaros.com\/en\/wp-json\/wp\/v2\/product_cat?post=3122"},{"taxonomy":"product_tag","embeddable":true,"href":"https:\/\/www.szexshopbelvaros.com\/en\/wp-json\/wp\/v2\/product_tag?post=3122"}],"curies":[{"name":"wp","href":"https:\/\/api.w.org\/{rel}","templated":true}]}}