{"id":3203,"date":"2026-05-02T15:18:54","date_gmt":"2026-05-02T13:18:54","guid":{"rendered":"https:\/\/www.szexshopbelvaros.com\/?post_type=product&#038;p=3203"},"modified":"2026-05-02T15:20:57","modified_gmt":"2026-05-02T13:20:57","slug":"kezi-vaginapumpa-pump-fiction","status":"publish","type":"product","link":"https:\/\/www.szexshopbelvaros.com\/en\/product\/kezi-vaginapumpa-pump-fiction\/","title":{"rendered":"\u2764\ufe0f Pump Fiction \u2013 a pussy pump with the pressure finally in the right place"},"content":{"rendered":"<p>The Pump Fiction manual vaginal pump isn&#039;t here to gently knock on the door of foreplay. This little red-and-white pressure pump comes in, checks your blood circulation, and tells you: you&#039;re working today too.<\/p>\n<p>The bell-shaped head attaches to the labia area and creates a vacuum. The goal is increased blood flow, increased sensitivity, and that \u201eoh, this got serious real quick\u201d moment.<\/p>\n<p>Made from a combination of medical-grade polycarbonate and silicone, it&#039;s stable, smooth, and easy to clean. At 10cm in diameter and 26cm long, it&#039;s not trying to be a pocket-friendly little secret. It&#039;s more of a piece that knows what it&#039;s doing.<\/p>\n<p>The manual, balloon-type pump head lets you gradually adjust the vacuum. A valve on top helps maintain suction even when you pull out the hose. And if your enthusiasm gets too much, a quick-release valve on the pump helps you release the pressure immediately.<\/p>\n<p>It is recommended to use a water-based lubricant. Start carefully, gradually increase the vacuum, and don&#039;t try to win the pussy pump Olympics in one go.<\/p>\n<p>Because sometimes you don&#039;t need more stimulus. Just a little push that finally gets you in the right place.<\/p>\n<p>Check out the rest of our <a href=\"https:\/\/www.szexshopbelvaros.com\/en\/product-category\/noknek\/egyeb-noi-szexkellekek\/\">women&#039;s sex toys<\/a> if you like pieces that are not just for decoration in a drawer.<\/p>\n<p>\ud83d\udc49 You can now order this piece on our website www.szexshopbelvaros.com, with discreet packaging and delivery throughout Hungary and the EU.<\/p>\n<p>&nbsp;<\/p>","protected":false},"excerpt":{"rendered":"<p>A Pump Fiction k\u00e9zi vaginapumpa nem az\u00e9rt j\u00f6tt, hogy finoman bekopogjon az el\u0151j\u00e1t\u00e9k ajtaj\u00e1n. Ez a piros-sz\u00edntelen kis nyom\u00e1sfelel\u0151s ink\u00e1bb bel\u00e9p, r\u00e1n\u00e9z a v\u00e9rkering\u00e9sre, \u00e9s k\u00f6zli vele: ma te is dolgozol. A harang form\u00e1j\u00fa fej a szem\u00e9remajkak k\u00f6rny\u00e9k\u00e9re tapad, majd v\u00e1kuumot hoz l\u00e9tre. A c\u00e9l a fokozott v\u00e9rb\u0151s\u00e9g, az \u00e9rz\u00e9kenyebb \u00e9rzet \u00e9s az a bizonyos [&#8230;]\n","protected":false},"featured_media":3204,"comment_status":"closed","ping_status":"closed","template":"","meta":[],"product_brand":[2824],"product_cat":[15,99,115],"product_tag":[2184,2808,2815,2813,2182,2207,2816,2185,2210,2829,2812,2211,2208,2833,2836,2209,2180,2179,2811,2181,2810,2178,2809,2831,2835,2817,220,2206,2205,2834,2830,2832,2183,2814],"class_list":{"0":"post-3203","1":"product","2":"type-product","3":"status-publish","4":"has-post-thumbnail","6":"product_brand-realov","7":"product_cat-egyeb-noi-szexkellekek","8":"product_cat-noknek","9":"product_cat-ujdonsagok","10":"product_tag-adult-toy-for-women","11":"product_tag-egyeb-noi-szexkellekek","12":"product_tag-female-intimate-accessory","13":"product_tag-female-sex-accessory","14":"product_tag-female-sex-toy","15":"product_tag-friss-erkezes","16":"product_tag-intimate-accessory-for-women","17":"product_tag-intimate-toy-for-women","18":"product_tag-just-arrived","19":"product_tag-kezi-vaginapumpa","20":"product_tag-kulonleges-noi-szexkellek","21":"product_tag-latest-arrival","22":"product_tag-legujabb-termek","23":"product_tag-luvpump","24":"product_tag-manual-vagina-pump","25":"product_tag-new-product","26":"product_tag-noi-elvezet","27":"product_tag-noi-intim-jatek","28":"product_tag-noi-intim-segedeszkoz","29":"product_tag-noi-kiegeszito","30":"product_tag-noi-segedeszkoz","31":"product_tag-noi-szexjatek","32":"product_tag-noi-szexkellek","33":"product_tag-puncipumpa","34":"product_tag-pussy-pump","35":"product_tag-specialty-sex-toy-for-women","36":"product_tag-szexshop-belvaros","37":"product_tag-uj-termek","38":"product_tag-ujdonsag","39":"product_tag-vagina-pump","40":"product_tag-vaginapumpa","41":"product_tag-vakuumos-pumpa","42":"product_tag-womens-pleasure","43":"product_tag-womens-sex-accessory","45":"first","46":"instock","47":"taxable","48":"shipping-taxable","49":"purchasable","50":"product-type-simple"},"yoast_head":"<!-- This site is optimized with the Yoast SEO plugin v27.5 - https:\/\/yoast.com\/product\/yoast-seo-wordpress\/ -->\n<title>\u2764\ufe0f K\u00e9zi vaginapumpa \u2013 Pump Fiction | Szexshop Belv\u00e1ros<\/title>\n<meta name=\"description\" content=\"K\u00e9zi vaginapumpa piros-sz\u00edntelen kivitelben, harang form\u00e1j\u00fa fejjel, szeleppel \u00e9s gyorskiold\u00f3val. Rendel\u00e9s a Szexshop Belv\u00e1ros weboldal\u00e1n.\" \/>\n<meta name=\"robots\" content=\"index, follow, max-snippet:-1, max-image-preview:large, max-video-preview:-1\" \/>\n<link rel=\"canonical\" href=\"https:\/\/www.szexshopbelvaros.com\/en\/product\/kezi-vaginapumpa-pump-fiction\/\" \/>\n<meta property=\"og:locale\" content=\"en_US\" \/>\n<meta property=\"og:type\" content=\"article\" \/>\n<meta property=\"og:title\" content=\"\u2764\ufe0f K\u00e9zi vaginapumpa \u2013 Pump Fiction | Szexshop Belv\u00e1ros\" \/>\n<meta property=\"og:description\" content=\"K\u00e9zi vaginapumpa piros-sz\u00edntelen kivitelben, harang form\u00e1j\u00fa fejjel, szeleppel \u00e9s gyorskiold\u00f3val. Rendel\u00e9s a Szexshop Belv\u00e1ros weboldal\u00e1n.\" \/>\n<meta property=\"og:url\" content=\"https:\/\/www.szexshopbelvaros.com\/en\/product\/kezi-vaginapumpa-pump-fiction\/\" \/>\n<meta property=\"og:site_name\" content=\"Szexshop Belvaros\" \/>\n<meta property=\"article:publisher\" content=\"https:\/\/www.facebook.com\/belvarossecrets\/\" \/>\n<meta property=\"article:modified_time\" content=\"2026-05-02T13:20:57+00:00\" \/>\n<meta property=\"og:image\" content=\"https:\/\/www.szexshopbelvaros.com\/wp-content\/uploads\/2026\/05\/69f5efd557b0e932a46a1870-scaled.png\" \/>\n\t<meta property=\"og:image:width\" content=\"2560\" \/>\n\t<meta property=\"og:image:height\" content=\"1440\" \/>\n\t<meta property=\"og:image:type\" content=\"image\/png\" \/>\n<meta name=\"twitter:card\" content=\"summary_large_image\" \/>\n<meta name=\"twitter:site\" content=\"@belvarossecrets\" \/>\n<meta name=\"twitter:label1\" content=\"Est. reading time\" \/>\n\t<meta name=\"twitter:data1\" content=\"2 minutes\" \/>\n<script type=\"application\/ld+json\" class=\"yoast-schema-graph\">{\"@context\":\"https:\\\/\\\/schema.org\",\"@graph\":[{\"@type\":\"WebPage\",\"@id\":\"https:\\\/\\\/www.szexshopbelvaros.com\\\/termek\\\/kezi-vaginapumpa-pump-fiction\\\/\",\"url\":\"https:\\\/\\\/www.szexshopbelvaros.com\\\/termek\\\/kezi-vaginapumpa-pump-fiction\\\/\",\"name\":\"\u2764\ufe0f K\u00e9zi vaginapumpa \u2013 Pump Fiction | Szexshop Belv\u00e1ros\",\"isPartOf\":{\"@id\":\"https:\\\/\\\/www.szexshopbelvaros.com\\\/#website\"},\"primaryImageOfPage\":{\"@id\":\"https:\\\/\\\/www.szexshopbelvaros.com\\\/termek\\\/kezi-vaginapumpa-pump-fiction\\\/#primaryimage\"},\"image\":{\"@id\":\"https:\\\/\\\/www.szexshopbelvaros.com\\\/termek\\\/kezi-vaginapumpa-pump-fiction\\\/#primaryimage\"},\"thumbnailUrl\":\"https:\\\/\\\/www.szexshopbelvaros.com\\\/wp-content\\\/uploads\\\/2026\\\/05\\\/69f5efd557b0e932a46a1870-scaled.png\",\"datePublished\":\"2026-05-02T13:18:54+00:00\",\"dateModified\":\"2026-05-02T13:20:57+00:00\",\"description\":\"K\u00e9zi vaginapumpa piros-sz\u00edntelen kivitelben, harang form\u00e1j\u00fa fejjel, szeleppel \u00e9s gyorskiold\u00f3val. Rendel\u00e9s a Szexshop Belv\u00e1ros weboldal\u00e1n.\",\"breadcrumb\":{\"@id\":\"https:\\\/\\\/www.szexshopbelvaros.com\\\/termek\\\/kezi-vaginapumpa-pump-fiction\\\/#breadcrumb\"},\"inLanguage\":\"en-US\",\"potentialAction\":[{\"@type\":\"ReadAction\",\"target\":[\"https:\\\/\\\/www.szexshopbelvaros.com\\\/termek\\\/kezi-vaginapumpa-pump-fiction\\\/\"]}]},{\"@type\":\"ImageObject\",\"inLanguage\":\"en-US\",\"@id\":\"https:\\\/\\\/www.szexshopbelvaros.com\\\/termek\\\/kezi-vaginapumpa-pump-fiction\\\/#primaryimage\",\"url\":\"https:\\\/\\\/www.szexshopbelvaros.com\\\/wp-content\\\/uploads\\\/2026\\\/05\\\/69f5efd557b0e932a46a1870-scaled.png\",\"contentUrl\":\"https:\\\/\\\/www.szexshopbelvaros.com\\\/wp-content\\\/uploads\\\/2026\\\/05\\\/69f5efd557b0e932a46a1870-scaled.png\",\"width\":2560,\"height\":1440,\"caption\":\"HU: Pump Fiction k\u00e9zi vaginapumpa eredeti LuvPump csomagol\u00e1sban, piros t\u00f6ml\u0151vel, fekete pump\u00e1val \u00e9s \u00e1tl\u00e1tsz\u00f3 harang fejjel EN: Pump Fiction manual vagina pump in original LuvPump packaging, with red hose, black pump and clear bell-shaped cup\"},{\"@type\":\"BreadcrumbList\",\"@id\":\"https:\\\/\\\/www.szexshopbelvaros.com\\\/termek\\\/kezi-vaginapumpa-pump-fiction\\\/#breadcrumb\",\"itemListElement\":[{\"@type\":\"ListItem\",\"position\":1,\"name\":\"Home\",\"item\":\"https:\\\/\\\/www.szexshopbelvaros.com\\\/\"},{\"@type\":\"ListItem\",\"position\":2,\"name\":\"\u00c1ruh\u00e1z\",\"item\":\"https:\\\/\\\/www.szexshopbelvaros.com\\\/uzlet\\\/\"},{\"@type\":\"ListItem\",\"position\":3,\"name\":\"\u2764\ufe0f Pump Fiction \u2013 puncipumpa, amikor a nyom\u00e1s v\u00e9gre j\u00f3 helyre ker\u00fcl\"}]},{\"@type\":\"WebSite\",\"@id\":\"https:\\\/\\\/www.szexshopbelvaros.com\\\/#website\",\"url\":\"https:\\\/\\\/www.szexshopbelvaros.com\\\/\",\"name\":\"Szexshop Belv\u00e1ros\",\"description\":\"\ud83d\udd25 A szex olyan, mint a p\u00e9nz; csak a t\u00fal sok el\u00e9g!\u2122 Titkok a belv\u00e1rosb\u00f3l \ud83d\udc8b | Secrets from Budapest \ud83d\udc8e Feln\u0151tt j\u00e1t\u00e9kok \u2022 Erotika \u2022 Szexshop Belvaros\",\"publisher\":{\"@id\":\"https:\\\/\\\/www.szexshopbelvaros.com\\\/#organization\"},\"potentialAction\":[{\"@type\":\"SearchAction\",\"target\":{\"@type\":\"EntryPoint\",\"urlTemplate\":\"https:\\\/\\\/www.szexshopbelvaros.com\\\/?s={search_term_string}\"},\"query-input\":{\"@type\":\"PropertyValueSpecification\",\"valueRequired\":true,\"valueName\":\"search_term_string\"}}],\"inLanguage\":\"en-US\"},{\"@type\":\"Organization\",\"@id\":\"https:\\\/\\\/www.szexshopbelvaros.com\\\/#organization\",\"name\":\"Szexshop Belv\u00e1ros\",\"alternateName\":\"szexshopbelvaros.com\",\"url\":\"https:\\\/\\\/www.szexshopbelvaros.com\\\/\",\"logo\":{\"@type\":\"ImageObject\",\"inLanguage\":\"en-US\",\"@id\":\"https:\\\/\\\/www.szexshopbelvaros.com\\\/#\\\/schema\\\/logo\\\/image\\\/\",\"url\":\"https:\\\/\\\/www.szexshopbelvaros.com\\\/wp-content\\\/uploads\\\/2025\\\/09\\\/1Szexshopbelvaroslogo_blurred_stronger.jpg\",\"contentUrl\":\"https:\\\/\\\/www.szexshopbelvaros.com\\\/wp-content\\\/uploads\\\/2025\\\/09\\\/1Szexshopbelvaroslogo_blurred_stronger.jpg\",\"width\":1024,\"height\":1024,\"caption\":\"Szexshop Belv\u00e1ros\"},\"image\":{\"@id\":\"https:\\\/\\\/www.szexshopbelvaros.com\\\/#\\\/schema\\\/logo\\\/image\\\/\"},\"sameAs\":[\"https:\\\/\\\/www.facebook.com\\\/belvarossecrets\\\/\",\"https:\\\/\\\/x.com\\\/belvarossecrets\",\"https:\\\/\\\/www.instagram.com\\\/belvarossecrets\\\/\",\"https:\\\/\\\/www.tiktok.com\\\/@belvarossecrets\"]}]}<\/script>\n<!-- \/ Yoast SEO plugin. -->","yoast_head_json":{"title":"\u2764\ufe0f Manual Vaginal Pump \u2013 Pump Fiction | Sex Shop Belv\u00e1ros","description":"Manual vaginal pump in a red-clear design, with a bell-shaped head, valve and quick release. Order on the Szexshop Belv\u00e1ros website.","robots":{"index":"index","follow":"follow","max-snippet":"max-snippet:-1","max-image-preview":"max-image-preview:large","max-video-preview":"max-video-preview:-1"},"canonical":"https:\/\/www.szexshopbelvaros.com\/en\/product\/kezi-vaginapumpa-pump-fiction\/","og_locale":"en_US","og_type":"article","og_title":"\u2764\ufe0f K\u00e9zi vaginapumpa \u2013 Pump Fiction | Szexshop Belv\u00e1ros","og_description":"K\u00e9zi vaginapumpa piros-sz\u00edntelen kivitelben, harang form\u00e1j\u00fa fejjel, szeleppel \u00e9s gyorskiold\u00f3val. Rendel\u00e9s a Szexshop Belv\u00e1ros weboldal\u00e1n.","og_url":"https:\/\/www.szexshopbelvaros.com\/en\/product\/kezi-vaginapumpa-pump-fiction\/","og_site_name":"Szexshop Belvaros","article_publisher":"https:\/\/www.facebook.com\/belvarossecrets\/","article_modified_time":"2026-05-02T13:20:57+00:00","og_image":[{"width":2560,"height":1440,"url":"https:\/\/www.szexshopbelvaros.com\/wp-content\/uploads\/2026\/05\/69f5efd557b0e932a46a1870-scaled.png","type":"image\/png"}],"twitter_card":"summary_large_image","twitter_site":"@belvarossecrets","twitter_misc":{"Est. reading time":"2 minutes"},"schema":{"@context":"https:\/\/schema.org","@graph":[{"@type":"WebPage","@id":"https:\/\/www.szexshopbelvaros.com\/termek\/kezi-vaginapumpa-pump-fiction\/","url":"https:\/\/www.szexshopbelvaros.com\/termek\/kezi-vaginapumpa-pump-fiction\/","name":"\u2764\ufe0f Manual Vaginal Pump \u2013 Pump Fiction | Sex Shop Belv\u00e1ros","isPartOf":{"@id":"https:\/\/www.szexshopbelvaros.com\/#website"},"primaryImageOfPage":{"@id":"https:\/\/www.szexshopbelvaros.com\/termek\/kezi-vaginapumpa-pump-fiction\/#primaryimage"},"image":{"@id":"https:\/\/www.szexshopbelvaros.com\/termek\/kezi-vaginapumpa-pump-fiction\/#primaryimage"},"thumbnailUrl":"https:\/\/www.szexshopbelvaros.com\/wp-content\/uploads\/2026\/05\/69f5efd557b0e932a46a1870-scaled.png","datePublished":"2026-05-02T13:18:54+00:00","dateModified":"2026-05-02T13:20:57+00:00","description":"Manual vaginal pump in a red-clear design, with a bell-shaped head, valve and quick release. Order on the Szexshop Belv\u00e1ros website.","breadcrumb":{"@id":"https:\/\/www.szexshopbelvaros.com\/termek\/kezi-vaginapumpa-pump-fiction\/#breadcrumb"},"inLanguage":"en-US","potentialAction":[{"@type":"ReadAction","target":["https:\/\/www.szexshopbelvaros.com\/termek\/kezi-vaginapumpa-pump-fiction\/"]}]},{"@type":"ImageObject","inLanguage":"en-US","@id":"https:\/\/www.szexshopbelvaros.com\/termek\/kezi-vaginapumpa-pump-fiction\/#primaryimage","url":"https:\/\/www.szexshopbelvaros.com\/wp-content\/uploads\/2026\/05\/69f5efd557b0e932a46a1870-scaled.png","contentUrl":"https:\/\/www.szexshopbelvaros.com\/wp-content\/uploads\/2026\/05\/69f5efd557b0e932a46a1870-scaled.png","width":2560,"height":1440,"caption":"HU: Pump Fiction k\u00e9zi vaginapumpa eredeti LuvPump csomagol\u00e1sban, piros t\u00f6ml\u0151vel, fekete pump\u00e1val \u00e9s \u00e1tl\u00e1tsz\u00f3 harang fejjel EN: Pump Fiction manual vagina pump in original LuvPump packaging, with red hose, black pump and clear bell-shaped cup"},{"@type":"BreadcrumbList","@id":"https:\/\/www.szexshopbelvaros.com\/termek\/kezi-vaginapumpa-pump-fiction\/#breadcrumb","itemListElement":[{"@type":"ListItem","position":1,"name":"Home","item":"https:\/\/www.szexshopbelvaros.com\/"},{"@type":"ListItem","position":2,"name":"\u00c1ruh\u00e1z","item":"https:\/\/www.szexshopbelvaros.com\/uzlet\/"},{"@type":"ListItem","position":3,"name":"\u2764\ufe0f Pump Fiction \u2013 puncipumpa, amikor a nyom\u00e1s v\u00e9gre j\u00f3 helyre ker\u00fcl"}]},{"@type":"WebSite","@id":"https:\/\/www.szexshopbelvaros.com\/#website","url":"https:\/\/www.szexshopbelvaros.com\/","name":"at our Szexshop Belv\u00e1ros","description":"\ud83d\udd25 Sex is like money; only too much is enough!\u2122 Secrets from the city center \ud83d\udc8b | Secrets from Budapest \ud83d\udc8e Adult games \u2022 Erotica \u2022 Sex shop Belvaros","publisher":{"@id":"https:\/\/www.szexshopbelvaros.com\/#organization"},"potentialAction":[{"@type":"SearchAction","target":{"@type":"EntryPoint","urlTemplate":"https:\/\/www.szexshopbelvaros.com\/?s={search_term_string}"},"query-input":{"@type":"PropertyValueSpecification","valueRequired":true,"valueName":"search_term_string"}}],"inLanguage":"en-US"},{"@type":"Organization","@id":"https:\/\/www.szexshopbelvaros.com\/#organization","name":"at our Szexshop Belv\u00e1ros","alternateName":"szexshopbelvaros.com","url":"https:\/\/www.szexshopbelvaros.com\/","logo":{"@type":"ImageObject","inLanguage":"en-US","@id":"https:\/\/www.szexshopbelvaros.com\/#\/schema\/logo\/image\/","url":"https:\/\/www.szexshopbelvaros.com\/wp-content\/uploads\/2025\/09\/1Szexshopbelvaroslogo_blurred_stronger.jpg","contentUrl":"https:\/\/www.szexshopbelvaros.com\/wp-content\/uploads\/2025\/09\/1Szexshopbelvaroslogo_blurred_stronger.jpg","width":1024,"height":1024,"caption":"Szexshop Belv\u00e1ros"},"image":{"@id":"https:\/\/www.szexshopbelvaros.com\/#\/schema\/logo\/image\/"},"sameAs":["https:\/\/www.facebook.com\/belvarossecrets\/","https:\/\/x.com\/belvarossecrets","https:\/\/www.instagram.com\/belvarossecrets\/","https:\/\/www.tiktok.com\/@belvarossecrets"]}]}},"_links":{"self":[{"href":"https:\/\/www.szexshopbelvaros.com\/en\/wp-json\/wp\/v2\/product\/3203","targetHints":{"allow":["GET"]}}],"collection":[{"href":"https:\/\/www.szexshopbelvaros.com\/en\/wp-json\/wp\/v2\/product"}],"about":[{"href":"https:\/\/www.szexshopbelvaros.com\/en\/wp-json\/wp\/v2\/types\/product"}],"replies":[{"embeddable":true,"href":"https:\/\/www.szexshopbelvaros.com\/en\/wp-json\/wp\/v2\/comments?post=3203"}],"wp:featuredmedia":[{"embeddable":true,"href":"https:\/\/www.szexshopbelvaros.com\/en\/wp-json\/wp\/v2\/media\/3204"}],"wp:attachment":[{"href":"https:\/\/www.szexshopbelvaros.com\/en\/wp-json\/wp\/v2\/media?parent=3203"}],"wp:term":[{"taxonomy":"product_brand","embeddable":true,"href":"https:\/\/www.szexshopbelvaros.com\/en\/wp-json\/wp\/v2\/product_brand?post=3203"},{"taxonomy":"product_cat","embeddable":true,"href":"https:\/\/www.szexshopbelvaros.com\/en\/wp-json\/wp\/v2\/product_cat?post=3203"},{"taxonomy":"product_tag","embeddable":true,"href":"https:\/\/www.szexshopbelvaros.com\/en\/wp-json\/wp\/v2\/product_tag?post=3203"}],"curies":[{"name":"wp","href":"https:\/\/api.w.org\/{rel}","templated":true}]}}