{"id":322,"date":"2025-01-31T14:37:43","date_gmt":"2025-01-31T13:37:43","guid":{"rendered":"https:\/\/www.szexshopbelvaros.com\/termek\/just-glide-anal-200ml-dermatologiailag-tesztelt-magas-minosegu-100-vegan\/"},"modified":"2026-04-14T17:14:23","modified_gmt":"2026-04-14T15:14:23","slug":"just-glide-anal-sikosito-200-ml","status":"publish","type":"product","link":"https:\/\/www.szexshopbelvaros.com\/en\/product\/just-glide-anal-sikosito-200-ml\/","title":{"rendered":"\ud83d\udca7Just Glide Anal \u2013 200 ml lubricant that not only glides, but also caresses your soul... from behind."},"content":{"rendered":"<p data-start=\"113\" data-end=\"426\">Just Glide Anal 200 ml is a herbal water-based lubricant that wasn't just developed for anal pleasures \u2014 it was born specifically for it. High-quality, 100% vegan formula. Dermatologically tested, so even the most sensitive butts can enjoy it safely. Plus, it doesn't leave you itching or feeling guilty.<\/p>\n<p data-start=\"428\" data-end=\"616\">It&#039;s tasteless, fragrance-free, oil-free, condom-friendly, and because it contains herbs, your skin will thank you. So you&#039;re finally not trying to solve the rear entrance issue with an industrial lubricant.<\/p>\n<p data-start=\"618\" data-end=\"866\">It was intended for couples, but who said you can&#039;t glide well through life alone? Alone, with toys, or with anyone who deserves it \u2014 Just Glide Anal Lubricant 200 ml knows exactly what to do: it just lubricates, glides, soothes, and goes about its business.<\/p>\n<p data-start=\"1715\" data-end=\"1771\">\ud83d\udd17 You should check out the rest of our <a href=\"https:\/\/www.szexshopbelvaros.com\/en\/product-category\/anal\/anal-relax-sikositok\/\">anal lubricant<\/a> too \ud83d\ude09<\/p>\n<p data-start=\"1773\" data-end=\"1953\">\ud83d\udc49 Get it within an hour at our Budapest SzexShop Belv\u00e1ros <a href=\"https:\/\/wolt.com\/hu\/hun\/budapest\/venue\/szexshop-belvaros\/just-glide-water-200ml-vizbazisu-sikosito-itemid-84717b2d5dbeb963f6e6f3c3\">Wolt<\/a>store or order here at <a class=\"decorated-link cursor-pointer\" target=\"_new\" rel=\"noopener\" data-start=\"1874\" data-end=\"1898\">www.szexshopbelvaros.com<\/a> . We deliver to the entire territory of Hungary and the EU.<\/p>","protected":false},"excerpt":{"rendered":"<p>A Just Glide An\u00e1l 200 ml-es gy\u00f3gyn\u00f6v\u00e9nyes v\u00edzb\u00e1zis\u00fa s\u00edkos\u00edt\u00f3 nemcsak an\u00e1lis \u00f6r\u00f6m\u00f6kh\u00f6z lett kifejlesztve \u2014 konkr\u00e9tan oda sz\u00fcletett. Magas min\u0151s\u00e9g\u0171, 100%-ban veg\u00e1n formula. Dermatol\u00f3giailag tesztelt, \u00edgy m\u00e9g a leg\u00e9rz\u00e9kenyebb h\u00e1ts\u00f3k is biztons\u00e1ggal \u00e9lvezhetik. R\u00e1ad\u00e1sul nem hagy maga ut\u00e1n viszket\u00e9st vagy b\u0171ntudatot. \u00cdz- \u00e9s illatmentes, olajmentes, \u00f3vszerbar\u00e1t, \u00e9s mivel gy\u00f3gyn\u00f6v\u00e9nyeket is tartalmaz, a b\u0151r\u00f6d is h\u00e1l\u00e1s [&#8230;]\n","protected":false},"featured_media":323,"comment_status":"closed","ping_status":"closed","template":"","meta":[],"product_brand":[337],"product_cat":[135,74],"product_tag":[418,677,676,1685,339,1392,1393,1726,1692,1381,499,1318,1725,1727,1729,1730,1684,1691,342,346],"class_list":{"0":"post-322","1":"product","2":"type-product","3":"status-publish","4":"has-post-thumbnail","6":"product_brand-just-glide","7":"product_cat-anal","8":"product_cat-anal-relax-sikositok","9":"product_tag-anal-jatek","10":"product_tag-anal-lubricant","11":"product_tag-anal-play","12":"product_tag-anal-preparation","13":"product_tag-anal-sikosito","14":"product_tag-anal-stimulacio","15":"product_tag-anal-stimulation","16":"product_tag-dermatologiailag-tesztelt","17":"product_tag-dermatologically-tested","18":"product_tag-hatso-jatek","19":"product_tag-intimate-lubricant","20":"product_tag-intimate-toy","21":"product_tag-kozepes-kiszereles","22":"product_tag-magas-minosegu-formula","23":"product_tag-medium-size-lubricant","24":"product_tag-premium-formula","25":"product_tag-relax-gel","26":"product_tag-vegan-lubricant","27":"product_tag-vegan-sikosito","28":"product_tag-water-based-lube","30":"first","31":"instock","32":"taxable","33":"shipping-taxable","34":"purchasable","35":"product-type-simple"},"yoast_head":"<!-- This site is optimized with the Yoast SEO plugin v27.4 - https:\/\/yoast.com\/product\/yoast-seo-wordpress\/ -->\n<title>\ud83d\udca7Just Glide An\u00e1l S\u00edkos\u00edt\u00f3 200 ml | Szexshop Belv\u00e1ros<\/title>\n<meta name=\"description\" content=\"Just Glide an\u00e1l s\u00edkos\u00edt\u00f3 200 ml a Szexshop Belv\u00e1ros k\u00edn\u00e1lat\u00e1ban \u2013 v\u00edzb\u00e1zis\u00fa formula, hosszan tart\u00f3 cs\u00fasz\u00e1s \u00e9s k\u00e9nyelmesebb el\u0151k\u00e9sz\u00edt\u00e9s diszkr\u00e9t sz\u00e1ll\u00edt\u00e1ssal.\" \/>\n<meta name=\"robots\" content=\"index, follow, max-snippet:-1, max-image-preview:large, max-video-preview:-1\" \/>\n<link rel=\"canonical\" href=\"https:\/\/www.szexshopbelvaros.com\/en\/product\/just-glide-anal-sikosito-200-ml\/\" \/>\n<meta property=\"og:locale\" content=\"en_US\" \/>\n<meta property=\"og:type\" content=\"article\" \/>\n<meta property=\"og:title\" content=\"\ud83d\udca7Just Glide An\u00e1l S\u00edkos\u00edt\u00f3 200 ml | Szexshop Belv\u00e1ros\" \/>\n<meta property=\"og:description\" content=\"Just Glide an\u00e1l s\u00edkos\u00edt\u00f3 200 ml a Szexshop Belv\u00e1ros k\u00edn\u00e1lat\u00e1ban \u2013 v\u00edzb\u00e1zis\u00fa formula, hosszan tart\u00f3 cs\u00fasz\u00e1s \u00e9s k\u00e9nyelmesebb el\u0151k\u00e9sz\u00edt\u00e9s diszkr\u00e9t sz\u00e1ll\u00edt\u00e1ssal.\" \/>\n<meta property=\"og:url\" content=\"https:\/\/www.szexshopbelvaros.com\/en\/product\/just-glide-anal-sikosito-200-ml\/\" \/>\n<meta property=\"og:site_name\" content=\"Szexshop Belvaros\" \/>\n<meta property=\"article:publisher\" content=\"https:\/\/www.facebook.com\/belvarossecrets\/\" \/>\n<meta property=\"article:modified_time\" content=\"2026-04-14T15:14:23+00:00\" \/>\n<meta property=\"og:image\" content=\"https:\/\/www.szexshopbelvaros.com\/wp-content\/uploads\/2025\/01\/e8ee7cc6-ecee-11ee-854b-c244195ca9a1_47342_1000x1000.jpg\" \/>\n\t<meta property=\"og:image:width\" content=\"1200\" \/>\n\t<meta property=\"og:image:height\" content=\"675\" \/>\n\t<meta property=\"og:image:type\" content=\"image\/jpeg\" \/>\n<meta name=\"twitter:card\" content=\"summary_large_image\" \/>\n<meta name=\"twitter:site\" content=\"@belvarossecrets\" \/>\n<meta name=\"twitter:label1\" content=\"Est. reading time\" \/>\n\t<meta name=\"twitter:data1\" content=\"1 minute\" \/>\n<script type=\"application\/ld+json\" class=\"yoast-schema-graph\">{\"@context\":\"https:\\\/\\\/schema.org\",\"@graph\":[{\"@type\":\"WebPage\",\"@id\":\"https:\\\/\\\/www.szexshopbelvaros.com\\\/termek\\\/just-glide-anal-sikosito-200-ml\\\/\",\"url\":\"https:\\\/\\\/www.szexshopbelvaros.com\\\/termek\\\/just-glide-anal-sikosito-200-ml\\\/\",\"name\":\"\ud83d\udca7Just Glide An\u00e1l S\u00edkos\u00edt\u00f3 200 ml | Szexshop Belv\u00e1ros\",\"isPartOf\":{\"@id\":\"https:\\\/\\\/www.szexshopbelvaros.com\\\/#website\"},\"primaryImageOfPage\":{\"@id\":\"https:\\\/\\\/www.szexshopbelvaros.com\\\/termek\\\/just-glide-anal-sikosito-200-ml\\\/#primaryimage\"},\"image\":{\"@id\":\"https:\\\/\\\/www.szexshopbelvaros.com\\\/termek\\\/just-glide-anal-sikosito-200-ml\\\/#primaryimage\"},\"thumbnailUrl\":\"https:\\\/\\\/www.szexshopbelvaros.com\\\/wp-content\\\/uploads\\\/2025\\\/01\\\/e8ee7cc6-ecee-11ee-854b-c244195ca9a1_47342_1000x1000.jpg\",\"datePublished\":\"2025-01-31T13:37:43+00:00\",\"dateModified\":\"2026-04-14T15:14:23+00:00\",\"description\":\"Just Glide an\u00e1l s\u00edkos\u00edt\u00f3 200 ml a Szexshop Belv\u00e1ros k\u00edn\u00e1lat\u00e1ban \u2013 v\u00edzb\u00e1zis\u00fa formula, hosszan tart\u00f3 cs\u00fasz\u00e1s \u00e9s k\u00e9nyelmesebb el\u0151k\u00e9sz\u00edt\u00e9s diszkr\u00e9t sz\u00e1ll\u00edt\u00e1ssal.\",\"breadcrumb\":{\"@id\":\"https:\\\/\\\/www.szexshopbelvaros.com\\\/termek\\\/just-glide-anal-sikosito-200-ml\\\/#breadcrumb\"},\"inLanguage\":\"en-US\",\"potentialAction\":[{\"@type\":\"ReadAction\",\"target\":[\"https:\\\/\\\/www.szexshopbelvaros.com\\\/termek\\\/just-glide-anal-sikosito-200-ml\\\/\"]}]},{\"@type\":\"ImageObject\",\"inLanguage\":\"en-US\",\"@id\":\"https:\\\/\\\/www.szexshopbelvaros.com\\\/termek\\\/just-glide-anal-sikosito-200-ml\\\/#primaryimage\",\"url\":\"https:\\\/\\\/www.szexshopbelvaros.com\\\/wp-content\\\/uploads\\\/2025\\\/01\\\/e8ee7cc6-ecee-11ee-854b-c244195ca9a1_47342_1000x1000.jpg\",\"contentUrl\":\"https:\\\/\\\/www.szexshopbelvaros.com\\\/wp-content\\\/uploads\\\/2025\\\/01\\\/e8ee7cc6-ecee-11ee-854b-c244195ca9a1_47342_1000x1000.jpg\",\"width\":1200,\"height\":675,\"caption\":\"HU: Just Glide An\u00e1l 200 ml v\u00edzb\u00e1zis\u00fa s\u00edkos\u00edt\u00f3 tubus EN: Just Glide Anal 200 ml water-based lubricant tube\"},{\"@type\":\"BreadcrumbList\",\"@id\":\"https:\\\/\\\/www.szexshopbelvaros.com\\\/termek\\\/just-glide-anal-sikosito-200-ml\\\/#breadcrumb\",\"itemListElement\":[{\"@type\":\"ListItem\",\"position\":1,\"name\":\"Home\",\"item\":\"https:\\\/\\\/www.szexshopbelvaros.com\\\/\"},{\"@type\":\"ListItem\",\"position\":2,\"name\":\"\u00c1ruh\u00e1z\",\"item\":\"https:\\\/\\\/www.szexshopbelvaros.com\\\/uzlet\\\/\"},{\"@type\":\"ListItem\",\"position\":3,\"name\":\"\ud83d\udca7Just Glide An\u00e1l \u2013 200 ml.-es s\u00edkos\u00edt\u00f3, ami nemcsak cs\u00faszik, de k\u00f6zben meg is simogatja a lelked\u2026 h\u00e1tulr\u00f3l.\"}]},{\"@type\":\"WebSite\",\"@id\":\"https:\\\/\\\/www.szexshopbelvaros.com\\\/#website\",\"url\":\"https:\\\/\\\/www.szexshopbelvaros.com\\\/\",\"name\":\"Szexshop Belv\u00e1ros\",\"description\":\"\ud83d\udd25 A szex olyan, mint a p\u00e9nz; csak a t\u00fal sok el\u00e9g!\u2122 Titkok a belv\u00e1rosb\u00f3l \ud83d\udc8b | Secrets from Budapest \ud83d\udc8e Feln\u0151tt j\u00e1t\u00e9kok \u2022 Erotika \u2022 Szexshop Belvaros\",\"publisher\":{\"@id\":\"https:\\\/\\\/www.szexshopbelvaros.com\\\/#organization\"},\"potentialAction\":[{\"@type\":\"SearchAction\",\"target\":{\"@type\":\"EntryPoint\",\"urlTemplate\":\"https:\\\/\\\/www.szexshopbelvaros.com\\\/?s={search_term_string}\"},\"query-input\":{\"@type\":\"PropertyValueSpecification\",\"valueRequired\":true,\"valueName\":\"search_term_string\"}}],\"inLanguage\":\"en-US\"},{\"@type\":\"Organization\",\"@id\":\"https:\\\/\\\/www.szexshopbelvaros.com\\\/#organization\",\"name\":\"Szexshop Belv\u00e1ros\",\"alternateName\":\"szexshopbelvaros.com\",\"url\":\"https:\\\/\\\/www.szexshopbelvaros.com\\\/\",\"logo\":{\"@type\":\"ImageObject\",\"inLanguage\":\"en-US\",\"@id\":\"https:\\\/\\\/www.szexshopbelvaros.com\\\/#\\\/schema\\\/logo\\\/image\\\/\",\"url\":\"https:\\\/\\\/www.szexshopbelvaros.com\\\/wp-content\\\/uploads\\\/2025\\\/09\\\/1Szexshopbelvaroslogo_blurred_stronger.jpg\",\"contentUrl\":\"https:\\\/\\\/www.szexshopbelvaros.com\\\/wp-content\\\/uploads\\\/2025\\\/09\\\/1Szexshopbelvaroslogo_blurred_stronger.jpg\",\"width\":1024,\"height\":1024,\"caption\":\"Szexshop Belv\u00e1ros\"},\"image\":{\"@id\":\"https:\\\/\\\/www.szexshopbelvaros.com\\\/#\\\/schema\\\/logo\\\/image\\\/\"},\"sameAs\":[\"https:\\\/\\\/www.facebook.com\\\/belvarossecrets\\\/\",\"https:\\\/\\\/x.com\\\/belvarossecrets\",\"https:\\\/\\\/www.instagram.com\\\/belvarossecrets\\\/\",\"https:\\\/\\\/www.tiktok.com\\\/@belvarossecrets\"]}]}<\/script>\n<!-- \/ Yoast SEO plugin. -->","yoast_head_json":{"title":"\ud83d\udca7Just Glide Anal Lubricant 200 ml | Sexshop Belv\u00e1ros","description":"Just Glide anal lubricant 200 ml available at Szexshop Belv\u00e1ros - water-based formula, long-lasting glide and more comfortable preparation with discreet delivery.","robots":{"index":"index","follow":"follow","max-snippet":"max-snippet:-1","max-image-preview":"max-image-preview:large","max-video-preview":"max-video-preview:-1"},"canonical":"https:\/\/www.szexshopbelvaros.com\/en\/product\/just-glide-anal-sikosito-200-ml\/","og_locale":"en_US","og_type":"article","og_title":"\ud83d\udca7Just Glide An\u00e1l S\u00edkos\u00edt\u00f3 200 ml | Szexshop Belv\u00e1ros","og_description":"Just Glide an\u00e1l s\u00edkos\u00edt\u00f3 200 ml a Szexshop Belv\u00e1ros k\u00edn\u00e1lat\u00e1ban \u2013 v\u00edzb\u00e1zis\u00fa formula, hosszan tart\u00f3 cs\u00fasz\u00e1s \u00e9s k\u00e9nyelmesebb el\u0151k\u00e9sz\u00edt\u00e9s diszkr\u00e9t sz\u00e1ll\u00edt\u00e1ssal.","og_url":"https:\/\/www.szexshopbelvaros.com\/en\/product\/just-glide-anal-sikosito-200-ml\/","og_site_name":"Szexshop Belvaros","article_publisher":"https:\/\/www.facebook.com\/belvarossecrets\/","article_modified_time":"2026-04-14T15:14:23+00:00","og_image":[{"width":1200,"height":675,"url":"https:\/\/www.szexshopbelvaros.com\/wp-content\/uploads\/2025\/01\/e8ee7cc6-ecee-11ee-854b-c244195ca9a1_47342_1000x1000.jpg","type":"image\/jpeg"}],"twitter_card":"summary_large_image","twitter_site":"@belvarossecrets","twitter_misc":{"Est. reading time":"1 minute"},"schema":{"@context":"https:\/\/schema.org","@graph":[{"@type":"WebPage","@id":"https:\/\/www.szexshopbelvaros.com\/termek\/just-glide-anal-sikosito-200-ml\/","url":"https:\/\/www.szexshopbelvaros.com\/termek\/just-glide-anal-sikosito-200-ml\/","name":"\ud83d\udca7Just Glide Anal Lubricant 200 ml | Sexshop Belv\u00e1ros","isPartOf":{"@id":"https:\/\/www.szexshopbelvaros.com\/#website"},"primaryImageOfPage":{"@id":"https:\/\/www.szexshopbelvaros.com\/termek\/just-glide-anal-sikosito-200-ml\/#primaryimage"},"image":{"@id":"https:\/\/www.szexshopbelvaros.com\/termek\/just-glide-anal-sikosito-200-ml\/#primaryimage"},"thumbnailUrl":"https:\/\/www.szexshopbelvaros.com\/wp-content\/uploads\/2025\/01\/e8ee7cc6-ecee-11ee-854b-c244195ca9a1_47342_1000x1000.jpg","datePublished":"2025-01-31T13:37:43+00:00","dateModified":"2026-04-14T15:14:23+00:00","description":"Just Glide anal lubricant 200 ml available at Szexshop Belv\u00e1ros - water-based formula, long-lasting glide and more comfortable preparation with discreet delivery.","breadcrumb":{"@id":"https:\/\/www.szexshopbelvaros.com\/termek\/just-glide-anal-sikosito-200-ml\/#breadcrumb"},"inLanguage":"en-US","potentialAction":[{"@type":"ReadAction","target":["https:\/\/www.szexshopbelvaros.com\/termek\/just-glide-anal-sikosito-200-ml\/"]}]},{"@type":"ImageObject","inLanguage":"en-US","@id":"https:\/\/www.szexshopbelvaros.com\/termek\/just-glide-anal-sikosito-200-ml\/#primaryimage","url":"https:\/\/www.szexshopbelvaros.com\/wp-content\/uploads\/2025\/01\/e8ee7cc6-ecee-11ee-854b-c244195ca9a1_47342_1000x1000.jpg","contentUrl":"https:\/\/www.szexshopbelvaros.com\/wp-content\/uploads\/2025\/01\/e8ee7cc6-ecee-11ee-854b-c244195ca9a1_47342_1000x1000.jpg","width":1200,"height":675,"caption":"HU: Just Glide An\u00e1l 200 ml v\u00edzb\u00e1zis\u00fa s\u00edkos\u00edt\u00f3 tubus EN: Just Glide Anal 200 ml water-based lubricant tube"},{"@type":"BreadcrumbList","@id":"https:\/\/www.szexshopbelvaros.com\/termek\/just-glide-anal-sikosito-200-ml\/#breadcrumb","itemListElement":[{"@type":"ListItem","position":1,"name":"Home","item":"https:\/\/www.szexshopbelvaros.com\/"},{"@type":"ListItem","position":2,"name":"\u00c1ruh\u00e1z","item":"https:\/\/www.szexshopbelvaros.com\/uzlet\/"},{"@type":"ListItem","position":3,"name":"\ud83d\udca7Just Glide An\u00e1l \u2013 200 ml.-es s\u00edkos\u00edt\u00f3, ami nemcsak cs\u00faszik, de k\u00f6zben meg is simogatja a lelked\u2026 h\u00e1tulr\u00f3l."}]},{"@type":"WebSite","@id":"https:\/\/www.szexshopbelvaros.com\/#website","url":"https:\/\/www.szexshopbelvaros.com\/","name":"at our Szexshop Belv\u00e1ros","description":"\ud83d\udd25 Sex is like money; only too much is enough!\u2122 Secrets from the city center \ud83d\udc8b | Secrets from Budapest \ud83d\udc8e Adult games \u2022 Erotica \u2022 Sex shop Belvaros","publisher":{"@id":"https:\/\/www.szexshopbelvaros.com\/#organization"},"potentialAction":[{"@type":"SearchAction","target":{"@type":"EntryPoint","urlTemplate":"https:\/\/www.szexshopbelvaros.com\/?s={search_term_string}"},"query-input":{"@type":"PropertyValueSpecification","valueRequired":true,"valueName":"search_term_string"}}],"inLanguage":"en-US"},{"@type":"Organization","@id":"https:\/\/www.szexshopbelvaros.com\/#organization","name":"at our Szexshop Belv\u00e1ros","alternateName":"szexshopbelvaros.com","url":"https:\/\/www.szexshopbelvaros.com\/","logo":{"@type":"ImageObject","inLanguage":"en-US","@id":"https:\/\/www.szexshopbelvaros.com\/#\/schema\/logo\/image\/","url":"https:\/\/www.szexshopbelvaros.com\/wp-content\/uploads\/2025\/09\/1Szexshopbelvaroslogo_blurred_stronger.jpg","contentUrl":"https:\/\/www.szexshopbelvaros.com\/wp-content\/uploads\/2025\/09\/1Szexshopbelvaroslogo_blurred_stronger.jpg","width":1024,"height":1024,"caption":"Szexshop Belv\u00e1ros"},"image":{"@id":"https:\/\/www.szexshopbelvaros.com\/#\/schema\/logo\/image\/"},"sameAs":["https:\/\/www.facebook.com\/belvarossecrets\/","https:\/\/x.com\/belvarossecrets","https:\/\/www.instagram.com\/belvarossecrets\/","https:\/\/www.tiktok.com\/@belvarossecrets"]}]}},"_links":{"self":[{"href":"https:\/\/www.szexshopbelvaros.com\/en\/wp-json\/wp\/v2\/product\/322","targetHints":{"allow":["GET"]}}],"collection":[{"href":"https:\/\/www.szexshopbelvaros.com\/en\/wp-json\/wp\/v2\/product"}],"about":[{"href":"https:\/\/www.szexshopbelvaros.com\/en\/wp-json\/wp\/v2\/types\/product"}],"replies":[{"embeddable":true,"href":"https:\/\/www.szexshopbelvaros.com\/en\/wp-json\/wp\/v2\/comments?post=322"}],"wp:featuredmedia":[{"embeddable":true,"href":"https:\/\/www.szexshopbelvaros.com\/en\/wp-json\/wp\/v2\/media\/323"}],"wp:attachment":[{"href":"https:\/\/www.szexshopbelvaros.com\/en\/wp-json\/wp\/v2\/media?parent=322"}],"wp:term":[{"taxonomy":"product_brand","embeddable":true,"href":"https:\/\/www.szexshopbelvaros.com\/en\/wp-json\/wp\/v2\/product_brand?post=322"},{"taxonomy":"product_cat","embeddable":true,"href":"https:\/\/www.szexshopbelvaros.com\/en\/wp-json\/wp\/v2\/product_cat?post=322"},{"taxonomy":"product_tag","embeddable":true,"href":"https:\/\/www.szexshopbelvaros.com\/en\/wp-json\/wp\/v2\/product_tag?post=322"}],"curies":[{"name":"wp","href":"https:\/\/api.w.org\/{rel}","templated":true}]}}