{"id":3268,"date":"2026-05-06T13:28:01","date_gmt":"2026-05-06T11:28:01","guid":{"rendered":"https:\/\/www.szexshopbelvaros.com\/?post_type=product&#038;p=3268"},"modified":"2026-05-06T20:12:15","modified_gmt":"2026-05-06T18:12:15","slug":"soft-tampon-10-db-menstruacios-szivacs","status":"publish","type":"product","link":"https:\/\/www.szexshopbelvaros.com\/en\/product\/soft-tampon-10-db-menstruacios-szivacs\/","title":{"rendered":"\ud83e\ude78 Soft Tampon Sunyi Sex Saver \u2013 10 pcs., when your period came, but you didn&#039;t cancel the show"},"content":{"rendered":"<p data-start=\"722\" data-end=\"805\">Did it come? So what? That doesn&#039;t mean you have to fly your panties at half-mast like a black flag.<\/p>\n<p data-start=\"807\" data-end=\"985\">Our <strong data-start=\"809\" data-end=\"852\">Soft Tampons normal pack of 10<\/strong> A soft, cordless menstrual secret agent that keeps you in the game even when your body rolls out the red carpet for drama.<\/p>\n<p data-start=\"987\" data-end=\"1194\">Made of soft sponge, it stays discreetly in place and is barely noticeable. It doesn&#039;t have the classic string either. So it doesn&#039;t come into the scene like a very poorly timed guest star during romantic moments.<\/p>\n<p data-start=\"1196\" data-end=\"1343\">And yes, here comes the point: <strong data-start=\"1223\" data-end=\"1265\">can even be used during lovemaking<\/strong>. If it has come, but the desire has also come, you don&#039;t necessarily have to give up on the show.<\/p>\n<p data-start=\"1345\" data-end=\"1466\">This little pink secret agent works quietly inside. And you can try not to break the furniture outside.<\/p>\n<p data-start=\"1468\" data-end=\"1602\">The 10-piece package is not the \u201eit will come in handy someday\u201d category. This is the <strong data-start=\"1544\" data-end=\"1594\">we won&#039;t run out of it at the worst moment<\/strong> version.<\/p>\n<p data-start=\"1604\" data-end=\"1682\">Like condoms. When you need them, it&#039;s not like, &quot;oops, I&#039;m out of them.&quot;.<\/p>\n<p data-start=\"1684\" data-end=\"1871\">It can also be useful for wellness, swimming, sauna, sports, travel, date weekends or hotel nights. Especially if the &quot;just cuddle&quot; program somehow doesn&#039;t end with the conversation part.<\/p>\n<p data-start=\"1873\" data-end=\"1997\">Ideal if you don&#039;t want your period to take over the director&#039;s chair. Soft Tampons help you manage the situation discreetly.<\/p>\n<p data-start=\"1999\" data-end=\"2116\">A small flange cut into the edge makes removal easy. No strings, no panic, no mood-destroying textile spaghetti.<\/p>\n<p data-start=\"2118\" data-end=\"2291\">Only <strong data-start=\"2123\" data-end=\"2195\">10 soft, dermatologically and clinically tested Soft Tampons<\/strong>. It comes in handy just when your period is knocking, but your sexual appetite has already kicked in the door.<\/p>\n<p data-start=\"2293\" data-end=\"2405\">\ud83c\udfa5 <strong data-start=\"2296\" data-end=\"2405\">Watch the video if you&#039;re curious about how this little menstrual secret agent works in practice.<\/strong><\/p>\n<p><iframe title=\"Joy Division Soft Tampons Introduction\" width=\"1020\" height=\"574\" data-src=\"https:\/\/www.youtube.com\/embed\/iWQSEqCLPEw?feature=oembed\" frameborder=\"0\" allow=\"accelerometer; autoplay; clipboard-write; encrypted-media; gyroscope; picture-in-picture; web-share\" referrerpolicy=\"strict-origin-when-cross-origin\" allowfullscreen src=\"data:image\/svg+xml;base64,PHN2ZyB3aWR0aD0iMSIgaGVpZ2h0PSIxIiB4bWxucz0iaHR0cDovL3d3dy53My5vcmcvMjAwMC9zdmciPjwvc3ZnPg==\" class=\"lazyload\" data-load-mode=\"1\"><\/iframe><\/p>\n<p data-start=\"2246\" data-end=\"2293\">Discover the rest of our <a href=\"https:\/\/www.szexshopbelvaros.com\/en\/product-category\/drogeria-wellness\/intim-higienia\/\">intimate hygiene<\/a> product too!<\/p>\n<p data-start=\"2295\" data-end=\"2584\" data-is-last-node=\"\" data-is-only-node=\"\">\ud83d\udc49 Get the <strong data-start=\"2311\" data-end=\"2346\">10-piece Soft Tampon pack<\/strong> discreetly <strong data-start=\"2360\" data-end=\"2388\"><a class=\"decorated-link cursor-pointer\" target=\"_new\" rel=\"noopener\" data-start=\"2362\" data-end=\"2386\">www.szexshopbelvaros.com<\/a><\/strong> from the page to the entire territory of Hungary and the EU, or if you need a smaller emergency package quickly, search for <strong data-start=\"2495\" data-end=\"2532\">3-piece Soft Tampon package<\/strong> the Budapest <strong data-start=\"2545\" data-end=\"2583\">Szexshop Belv\u00e1ros <a href=\"https:\/\/wolt.com\/hu\/hun\/budapest\/venue\/szexshop-belvaros\/soft-tampon-sunyi-szexmento-3db-itemid-b02ec01ff062f3e252c490d1\">Wolt store<\/a> while<\/strong>.<\/p>","protected":false},"excerpt":{"rendered":"<p>Megj\u00f6tt? Na \u00e9s? Att\u00f3l m\u00e9g nem kell a bugyit fekete z\u00e1szl\u00f3k\u00e9nt f\u00e9l\u00e1rb\u00f3cra ereszteni. A Soft Tampons normal 10 darabos csomagja egy puha, zsin\u00f3r n\u00e9lk\u00fcli menstru\u00e1ci\u00f3s kis titkos\u00fcgyn\u00f6k. Akkor is j\u00e1t\u00e9kban tart, amikor a tested v\u00f6r\u00f6s sz\u0151nyeget gur\u00edt ki a dr\u00e1m\u00e1nak. Puha szivacsb\u00f3l k\u00e9sz\u00fclt, diszkr\u00e9ten bent marad, \u00e9s alig \u00e9rezhet\u0151. Nincs rajta klasszikus madzag sem. \u00cdgy [&#8230;]\n","protected":false},"featured_media":3301,"comment_status":"closed","ping_status":"closed","template":"","meta":[],"product_brand":[178],"product_cat":[91,99,115],"product_tag":[2052,2053,1528,2050,2882,2880,2207,755,750,2047,1269,756,2042,440,2051,2746,2868,2210,2211,2208,2869,2883,2871,2209,2879,2878,2877,2049,2874,1201,2866,2867,2872,220,2048,2206,2205,1529,2881,2870],"class_list":{"0":"post-3268","1":"product","2":"type-product","3":"status-publish","4":"has-post-thumbnail","6":"product_brand-joydivision","7":"product_cat-intim-higienia","8":"product_cat-noknek","9":"product_cat-ujdonsagok","10":"product_tag-adult-care","11":"product_tag-couples-wellness","12":"product_tag-drogeria","13":"product_tag-felnotteknek","14":"product_tag-female-intimate-product","15":"product_tag-for-women","16":"product_tag-friss-erkezes","17":"product_tag-intim-apolas","18":"product_tag-intim-higienia","19":"product_tag-intim-termek","20":"product_tag-intim-tisztito","21":"product_tag-intimate-care","22":"product_tag-intimate-cleanser","23":"product_tag-intimate-hygiene","24":"product_tag-intimate-products","25":"product_tag-joydivision","26":"product_tag-joydivision-soft-tampon","27":"product_tag-just-arrived","28":"product_tag-latest-arrival","29":"product_tag-legujabb-termek","30":"product_tag-menstruacios-szivacs","31":"product_tag-menstruacios-tampon","32":"product_tag-menstrual-sponge","33":"product_tag-new-product","34":"product_tag-noi-intim-termek","35":"product_tag-noi-termek","36":"product_tag-noknek","37":"product_tag-paros-egeszseg","38":"product_tag-period-sex-tampon","39":"product_tag-sexual-wellness","40":"product_tag-soft-tampon","41":"product_tag-soft-tampons","42":"product_tag-stringless-tampon","43":"product_tag-szexshop-belvaros","44":"product_tag-szexualis-egeszseg","45":"product_tag-uj-termek","46":"product_tag-ujdonsag","47":"product_tag-wellness","48":"product_tag-womens-intimate-product","49":"product_tag-zsinor-nelkuli-tampon","51":"first","52":"instock","53":"taxable","54":"shipping-taxable","55":"purchasable","56":"product-type-simple"},"yoast_head":"<!-- This site is optimized with the Yoast SEO plugin v27.5 - https:\/\/yoast.com\/product\/yoast-seo-wordpress\/ -->\n<title>\ud83e\ude78 Soft Tampon 10 db menstru\u00e1ci\u00f3s szivacs | Szexshop Belv\u00e1ros<\/title>\n<meta name=\"description\" content=\"\ud83e\ude78 Soft Tampon 10 db zsin\u00f3r n\u00e9lk\u00fcli menstru\u00e1ci\u00f3s szivacs diszkr\u00e9t napokra, wellnesshez, utaz\u00e1shoz \u00e9s intim egy\u00fcttl\u00e9tekhez. Szexshop Belv\u00e1ros.\" \/>\n<meta name=\"robots\" content=\"index, follow, max-snippet:-1, max-image-preview:large, max-video-preview:-1\" \/>\n<link rel=\"canonical\" href=\"https:\/\/www.szexshopbelvaros.com\/en\/product\/soft-tampon-10-db-menstruacios-szivacs\/\" \/>\n<meta property=\"og:locale\" content=\"en_US\" \/>\n<meta property=\"og:type\" content=\"article\" \/>\n<meta property=\"og:title\" content=\"\ud83e\ude78 Soft Tampon 10 db menstru\u00e1ci\u00f3s szivacs | Szexshop Belv\u00e1ros\" \/>\n<meta property=\"og:description\" content=\"\ud83e\ude78 Soft Tampon 10 db zsin\u00f3r n\u00e9lk\u00fcli menstru\u00e1ci\u00f3s szivacs diszkr\u00e9t napokra, wellnesshez, utaz\u00e1shoz \u00e9s intim egy\u00fcttl\u00e9tekhez. Szexshop Belv\u00e1ros.\" \/>\n<meta property=\"og:url\" content=\"https:\/\/www.szexshopbelvaros.com\/en\/product\/soft-tampon-10-db-menstruacios-szivacs\/\" \/>\n<meta property=\"og:site_name\" content=\"Szexshop Belvaros\" \/>\n<meta property=\"article:publisher\" content=\"https:\/\/www.facebook.com\/belvarossecrets\/\" \/>\n<meta property=\"article:modified_time\" content=\"2026-05-06T18:12:15+00:00\" \/>\n<meta property=\"og:image\" content=\"https:\/\/www.szexshopbelvaros.com\/wp-content\/uploads\/2026\/05\/Untitled-design-4-copy.png\" \/>\n\t<meta property=\"og:image:width\" content=\"1080\" \/>\n\t<meta property=\"og:image:height\" content=\"1080\" \/>\n\t<meta property=\"og:image:type\" content=\"image\/png\" \/>\n<meta name=\"twitter:card\" content=\"summary_large_image\" \/>\n<meta name=\"twitter:site\" content=\"@belvarossecrets\" \/>\n<meta name=\"twitter:label1\" content=\"Est. reading time\" \/>\n\t<meta name=\"twitter:data1\" content=\"2 minutes\" \/>\n<script type=\"application\/ld+json\" class=\"yoast-schema-graph\">{\"@context\":\"https:\\\/\\\/schema.org\",\"@graph\":[{\"@type\":\"WebPage\",\"@id\":\"https:\\\/\\\/www.szexshopbelvaros.com\\\/termek\\\/soft-tampon-10-db-menstruacios-szivacs\\\/\",\"url\":\"https:\\\/\\\/www.szexshopbelvaros.com\\\/termek\\\/soft-tampon-10-db-menstruacios-szivacs\\\/\",\"name\":\"\ud83e\ude78 Soft Tampon 10 db menstru\u00e1ci\u00f3s szivacs | Szexshop Belv\u00e1ros\",\"isPartOf\":{\"@id\":\"https:\\\/\\\/www.szexshopbelvaros.com\\\/#website\"},\"primaryImageOfPage\":{\"@id\":\"https:\\\/\\\/www.szexshopbelvaros.com\\\/termek\\\/soft-tampon-10-db-menstruacios-szivacs\\\/#primaryimage\"},\"image\":{\"@id\":\"https:\\\/\\\/www.szexshopbelvaros.com\\\/termek\\\/soft-tampon-10-db-menstruacios-szivacs\\\/#primaryimage\"},\"thumbnailUrl\":\"https:\\\/\\\/www.szexshopbelvaros.com\\\/wp-content\\\/uploads\\\/2026\\\/05\\\/Untitled-design-4-copy.png\",\"datePublished\":\"2026-05-06T11:28:01+00:00\",\"dateModified\":\"2026-05-06T18:12:15+00:00\",\"description\":\"\ud83e\ude78 Soft Tampon 10 db zsin\u00f3r n\u00e9lk\u00fcli menstru\u00e1ci\u00f3s szivacs diszkr\u00e9t napokra, wellnesshez, utaz\u00e1shoz \u00e9s intim egy\u00fcttl\u00e9tekhez. Szexshop Belv\u00e1ros.\",\"breadcrumb\":{\"@id\":\"https:\\\/\\\/www.szexshopbelvaros.com\\\/termek\\\/soft-tampon-10-db-menstruacios-szivacs\\\/#breadcrumb\"},\"inLanguage\":\"en-US\",\"potentialAction\":[{\"@type\":\"ReadAction\",\"target\":[\"https:\\\/\\\/www.szexshopbelvaros.com\\\/termek\\\/soft-tampon-10-db-menstruacios-szivacs\\\/\"]}]},{\"@type\":\"ImageObject\",\"inLanguage\":\"en-US\",\"@id\":\"https:\\\/\\\/www.szexshopbelvaros.com\\\/termek\\\/soft-tampon-10-db-menstruacios-szivacs\\\/#primaryimage\",\"url\":\"https:\\\/\\\/www.szexshopbelvaros.com\\\/wp-content\\\/uploads\\\/2026\\\/05\\\/Untitled-design-4-copy.png\",\"contentUrl\":\"https:\\\/\\\/www.szexshopbelvaros.com\\\/wp-content\\\/uploads\\\/2026\\\/05\\\/Untitled-design-4-copy.png\",\"width\":1080,\"height\":1080,\"caption\":\"Joydivision Soft Tampon 10 db doboz sportos kieg\u00e9sz\u00edt\u0151kkel, r\u00f3zsasz\u00edn zsin\u00f3r n\u00e9lk\u00fcli menstru\u00e1ci\u00f3s szivacsokkal Joydivision Soft Tampon 10 pack box with sporty accessories and pink stringless menstrual sponges\"},{\"@type\":\"BreadcrumbList\",\"@id\":\"https:\\\/\\\/www.szexshopbelvaros.com\\\/termek\\\/soft-tampon-10-db-menstruacios-szivacs\\\/#breadcrumb\",\"itemListElement\":[{\"@type\":\"ListItem\",\"position\":1,\"name\":\"Home\",\"item\":\"https:\\\/\\\/www.szexshopbelvaros.com\\\/\"},{\"@type\":\"ListItem\",\"position\":2,\"name\":\"\u00c1ruh\u00e1z\",\"item\":\"https:\\\/\\\/www.szexshopbelvaros.com\\\/uzlet\\\/\"},{\"@type\":\"ListItem\",\"position\":3,\"name\":\"\ud83e\ude78 Soft Tampon Sunyi Szexment\u0151 \u2013 10 db., amikor a menstru\u00e1ci\u00f3 j\u00f6tt, de te nem mondtad le a m\u0171sort\"}]},{\"@type\":\"WebSite\",\"@id\":\"https:\\\/\\\/www.szexshopbelvaros.com\\\/#website\",\"url\":\"https:\\\/\\\/www.szexshopbelvaros.com\\\/\",\"name\":\"Szexshop Belv\u00e1ros\",\"description\":\"\ud83d\udd25 A szex olyan, mint a p\u00e9nz; csak a t\u00fal sok el\u00e9g!\u2122 Titkok a belv\u00e1rosb\u00f3l \ud83d\udc8b | Secrets from Budapest \ud83d\udc8e Feln\u0151tt j\u00e1t\u00e9kok \u2022 Erotika \u2022 Szexshop Belvaros\",\"publisher\":{\"@id\":\"https:\\\/\\\/www.szexshopbelvaros.com\\\/#organization\"},\"potentialAction\":[{\"@type\":\"SearchAction\",\"target\":{\"@type\":\"EntryPoint\",\"urlTemplate\":\"https:\\\/\\\/www.szexshopbelvaros.com\\\/?s={search_term_string}\"},\"query-input\":{\"@type\":\"PropertyValueSpecification\",\"valueRequired\":true,\"valueName\":\"search_term_string\"}}],\"inLanguage\":\"en-US\"},{\"@type\":\"Organization\",\"@id\":\"https:\\\/\\\/www.szexshopbelvaros.com\\\/#organization\",\"name\":\"Szexshop Belv\u00e1ros\",\"alternateName\":\"szexshopbelvaros.com\",\"url\":\"https:\\\/\\\/www.szexshopbelvaros.com\\\/\",\"logo\":{\"@type\":\"ImageObject\",\"inLanguage\":\"en-US\",\"@id\":\"https:\\\/\\\/www.szexshopbelvaros.com\\\/#\\\/schema\\\/logo\\\/image\\\/\",\"url\":\"https:\\\/\\\/www.szexshopbelvaros.com\\\/wp-content\\\/uploads\\\/2025\\\/09\\\/1Szexshopbelvaroslogo_blurred_stronger.jpg\",\"contentUrl\":\"https:\\\/\\\/www.szexshopbelvaros.com\\\/wp-content\\\/uploads\\\/2025\\\/09\\\/1Szexshopbelvaroslogo_blurred_stronger.jpg\",\"width\":1024,\"height\":1024,\"caption\":\"Szexshop Belv\u00e1ros\"},\"image\":{\"@id\":\"https:\\\/\\\/www.szexshopbelvaros.com\\\/#\\\/schema\\\/logo\\\/image\\\/\"},\"sameAs\":[\"https:\\\/\\\/www.facebook.com\\\/belvarossecrets\\\/\",\"https:\\\/\\\/x.com\\\/belvarossecrets\",\"https:\\\/\\\/www.instagram.com\\\/belvarossecrets\\\/\",\"https:\\\/\\\/www.tiktok.com\\\/@belvarossecrets\"]}]}<\/script>\n<!-- \/ Yoast SEO plugin. -->","yoast_head_json":{"title":"\ud83e\ude78 Soft Tampon 10 pcs menstrual sponges | Sexshop Belv\u00e1ros","description":"\ud83e\ude78 Soft Tampon 10 pcs stringless menstrual sponges for discreet days, wellness, travel and intimate encounters. Sex shop Belv\u00e1ros.","robots":{"index":"index","follow":"follow","max-snippet":"max-snippet:-1","max-image-preview":"max-image-preview:large","max-video-preview":"max-video-preview:-1"},"canonical":"https:\/\/www.szexshopbelvaros.com\/en\/product\/soft-tampon-10-db-menstruacios-szivacs\/","og_locale":"en_US","og_type":"article","og_title":"\ud83e\ude78 Soft Tampon 10 db menstru\u00e1ci\u00f3s szivacs | Szexshop Belv\u00e1ros","og_description":"\ud83e\ude78 Soft Tampon 10 db zsin\u00f3r n\u00e9lk\u00fcli menstru\u00e1ci\u00f3s szivacs diszkr\u00e9t napokra, wellnesshez, utaz\u00e1shoz \u00e9s intim egy\u00fcttl\u00e9tekhez. Szexshop Belv\u00e1ros.","og_url":"https:\/\/www.szexshopbelvaros.com\/en\/product\/soft-tampon-10-db-menstruacios-szivacs\/","og_site_name":"Szexshop Belvaros","article_publisher":"https:\/\/www.facebook.com\/belvarossecrets\/","article_modified_time":"2026-05-06T18:12:15+00:00","og_image":[{"width":1080,"height":1080,"url":"https:\/\/www.szexshopbelvaros.com\/wp-content\/uploads\/2026\/05\/Untitled-design-4-copy.png","type":"image\/png"}],"twitter_card":"summary_large_image","twitter_site":"@belvarossecrets","twitter_misc":{"Est. reading time":"2 minutes"},"schema":{"@context":"https:\/\/schema.org","@graph":[{"@type":"WebPage","@id":"https:\/\/www.szexshopbelvaros.com\/termek\/soft-tampon-10-db-menstruacios-szivacs\/","url":"https:\/\/www.szexshopbelvaros.com\/termek\/soft-tampon-10-db-menstruacios-szivacs\/","name":"\ud83e\ude78 Soft Tampon 10 pcs menstrual sponges | Sexshop Belv\u00e1ros","isPartOf":{"@id":"https:\/\/www.szexshopbelvaros.com\/#website"},"primaryImageOfPage":{"@id":"https:\/\/www.szexshopbelvaros.com\/termek\/soft-tampon-10-db-menstruacios-szivacs\/#primaryimage"},"image":{"@id":"https:\/\/www.szexshopbelvaros.com\/termek\/soft-tampon-10-db-menstruacios-szivacs\/#primaryimage"},"thumbnailUrl":"https:\/\/www.szexshopbelvaros.com\/wp-content\/uploads\/2026\/05\/Untitled-design-4-copy.png","datePublished":"2026-05-06T11:28:01+00:00","dateModified":"2026-05-06T18:12:15+00:00","description":"\ud83e\ude78 Soft Tampon 10 pcs stringless menstrual sponges for discreet days, wellness, travel and intimate encounters. Sex shop Belv\u00e1ros.","breadcrumb":{"@id":"https:\/\/www.szexshopbelvaros.com\/termek\/soft-tampon-10-db-menstruacios-szivacs\/#breadcrumb"},"inLanguage":"en-US","potentialAction":[{"@type":"ReadAction","target":["https:\/\/www.szexshopbelvaros.com\/termek\/soft-tampon-10-db-menstruacios-szivacs\/"]}]},{"@type":"ImageObject","inLanguage":"en-US","@id":"https:\/\/www.szexshopbelvaros.com\/termek\/soft-tampon-10-db-menstruacios-szivacs\/#primaryimage","url":"https:\/\/www.szexshopbelvaros.com\/wp-content\/uploads\/2026\/05\/Untitled-design-4-copy.png","contentUrl":"https:\/\/www.szexshopbelvaros.com\/wp-content\/uploads\/2026\/05\/Untitled-design-4-copy.png","width":1080,"height":1080,"caption":"Joydivision Soft Tampon 10 db doboz sportos kieg\u00e9sz\u00edt\u0151kkel, r\u00f3zsasz\u00edn zsin\u00f3r n\u00e9lk\u00fcli menstru\u00e1ci\u00f3s szivacsokkal Joydivision Soft Tampon 10 pack box with sporty accessories and pink stringless menstrual sponges"},{"@type":"BreadcrumbList","@id":"https:\/\/www.szexshopbelvaros.com\/termek\/soft-tampon-10-db-menstruacios-szivacs\/#breadcrumb","itemListElement":[{"@type":"ListItem","position":1,"name":"Home","item":"https:\/\/www.szexshopbelvaros.com\/"},{"@type":"ListItem","position":2,"name":"\u00c1ruh\u00e1z","item":"https:\/\/www.szexshopbelvaros.com\/uzlet\/"},{"@type":"ListItem","position":3,"name":"\ud83e\ude78 Soft Tampon Sunyi Szexment\u0151 \u2013 10 db., amikor a menstru\u00e1ci\u00f3 j\u00f6tt, de te nem mondtad le a m\u0171sort"}]},{"@type":"WebSite","@id":"https:\/\/www.szexshopbelvaros.com\/#website","url":"https:\/\/www.szexshopbelvaros.com\/","name":"Szexshop Belv\u00e1ros","description":"\ud83d\udd25 Sex is like money; only too much is enough!\u2122 Secrets from the city center \ud83d\udc8b | Secrets from Budapest \ud83d\udc8e Adult games \u2022 Erotica \u2022 Sex shop Belvaros","publisher":{"@id":"https:\/\/www.szexshopbelvaros.com\/#organization"},"potentialAction":[{"@type":"SearchAction","target":{"@type":"EntryPoint","urlTemplate":"https:\/\/www.szexshopbelvaros.com\/?s={search_term_string}"},"query-input":{"@type":"PropertyValueSpecification","valueRequired":true,"valueName":"search_term_string"}}],"inLanguage":"en-US"},{"@type":"Organization","@id":"https:\/\/www.szexshopbelvaros.com\/#organization","name":"Szexshop Belv\u00e1ros","alternateName":"szexshopbelvaros.com","url":"https:\/\/www.szexshopbelvaros.com\/","logo":{"@type":"ImageObject","inLanguage":"en-US","@id":"https:\/\/www.szexshopbelvaros.com\/#\/schema\/logo\/image\/","url":"https:\/\/www.szexshopbelvaros.com\/wp-content\/uploads\/2025\/09\/1Szexshopbelvaroslogo_blurred_stronger.jpg","contentUrl":"https:\/\/www.szexshopbelvaros.com\/wp-content\/uploads\/2025\/09\/1Szexshopbelvaroslogo_blurred_stronger.jpg","width":1024,"height":1024,"caption":"Szexshop Belv\u00e1ros"},"image":{"@id":"https:\/\/www.szexshopbelvaros.com\/#\/schema\/logo\/image\/"},"sameAs":["https:\/\/www.facebook.com\/belvarossecrets\/","https:\/\/x.com\/belvarossecrets","https:\/\/www.instagram.com\/belvarossecrets\/","https:\/\/www.tiktok.com\/@belvarossecrets"]}]}},"_links":{"self":[{"href":"https:\/\/www.szexshopbelvaros.com\/en\/wp-json\/wp\/v2\/product\/3268","targetHints":{"allow":["GET"]}}],"collection":[{"href":"https:\/\/www.szexshopbelvaros.com\/en\/wp-json\/wp\/v2\/product"}],"about":[{"href":"https:\/\/www.szexshopbelvaros.com\/en\/wp-json\/wp\/v2\/types\/product"}],"replies":[{"embeddable":true,"href":"https:\/\/www.szexshopbelvaros.com\/en\/wp-json\/wp\/v2\/comments?post=3268"}],"wp:featuredmedia":[{"embeddable":true,"href":"https:\/\/www.szexshopbelvaros.com\/en\/wp-json\/wp\/v2\/media\/3301"}],"wp:attachment":[{"href":"https:\/\/www.szexshopbelvaros.com\/en\/wp-json\/wp\/v2\/media?parent=3268"}],"wp:term":[{"taxonomy":"product_brand","embeddable":true,"href":"https:\/\/www.szexshopbelvaros.com\/en\/wp-json\/wp\/v2\/product_brand?post=3268"},{"taxonomy":"product_cat","embeddable":true,"href":"https:\/\/www.szexshopbelvaros.com\/en\/wp-json\/wp\/v2\/product_cat?post=3268"},{"taxonomy":"product_tag","embeddable":true,"href":"https:\/\/www.szexshopbelvaros.com\/en\/wp-json\/wp\/v2\/product_tag?post=3268"}],"curies":[{"name":"wp","href":"https:\/\/api.w.org\/{rel}","templated":true}]}}