{"id":328,"date":"2025-01-31T14:37:43","date_gmt":"2025-01-31T13:37:43","guid":{"rendered":"https:\/\/www.szexshopbelvaros.com\/termek\/durex-intense-bordazott-es-pontozott-ovszer-3-db\/"},"modified":"2026-02-14T15:23:59","modified_gmt":"2026-02-14T14:23:59","slug":"durex-intense-bordazott-es-pontozott-ovszer-3-db","status":"publish","type":"product","link":"https:\/\/www.szexshopbelvaros.com\/en\/product\/durex-intense-bordazott-es-pontozott-ovszer-3-db\/","title":{"rendered":"Durex Intense ribbed and dotted condoms \u2013 3 pcs."},"content":{"rendered":"<p>Pack of 3, high-quality, Durex Intense ribbed and dotted condoms, in youthful packaging!<\/p>\n<p>High-quality, Durex Intense ribbed and dotted condoms, in youthful packaging!<\/p>\n<p>EXTRA: Surface condoms with stimulating ribs and dots, which provide extra massage on the vaginal wall or even the clitoris as the penis slides up and down on it!<\/p>\n<p>EVEN MORE EXTRA: Treated with a stimulating gel, which increases the sensitivity of your partner&#039;s intimate body parts, thus promoting orgasm.<\/p>\n<p>Why is it good?<\/p>\n<p>Safe, normal thickness condoms<br \/>\nStimulating surface \u2013 extra massage experience during intercourse<br \/>\nEquipped with a sperm container and lubrication<br \/>\nAnatomically shaped condoms with &quot;Easy on&quot; technology, making them very easy to put on and fit perfectly<br \/>\nTreated with a stimulating gel that increases sensitivity<br \/>\nNormal size<br \/>\nPay attention to this:<\/p>\n<p>single use, not washable<br \/>\nWhen installing, make sure that no air gets underneath.<br \/>\nrequires greater caution in case of anal intercourse<br \/>\nIt contains latex, which may cause allergies in those sensitive to it.<br \/>\nProduct specifications, features:<\/p>\n<p>normal wall thickness<br \/>\nequipped with stimulating gel<br \/>\nwith a sperm container<br \/>\nwith anatomical shape<br \/>\ncolor: transparent<br \/>\nlength: 19.5cm<br \/>\nnominal width: 5.6cm<br \/>\nmaterial: natural rubber (Latex)<br \/>\nstimulating surface<br \/>\n3pcs<\/p>\n<p>&nbsp;<\/p>","protected":false},"excerpt":{"rendered":"<p>3db-os kiszerel\u00e9s\u0171, magas min\u0151s\u00e9g\u0171, Durex Intense bord\u00e1zott \u00e9s pontozott \u00f3vszerek, fiatalos csomagol\u00e1sban! Magas min\u0151s\u00e9g\u0171, Durex Intense bord\u00e1zott \u00e9s pontozott \u00f3vszerek, fiatalos csomagol\u00e1sban! EXTRA: Stimul\u00e1l\u00f3 bord\u00e1kkal \u00e9s pontokkal ell\u00e1tott felsz\u00edn\u0171 \u00f3vszerek, melyek plusz massz\u00e1zst ny\u00fajtanak a h\u00fcvelyfalon, vagy ak\u00e1r a csikl\u00f3n, ahogy a p\u00e9nisz fel-al\u00e1 sz\u00e1nk\u00e1zik rajta! M\u00c9G T\u00d6BB EXTRA: Stimul\u00e1l\u00f3 g\u00e9llel kezelve, mely n\u00f6veli a [&#8230;]\n","protected":false},"featured_media":329,"comment_status":"closed","ping_status":"closed","template":"","meta":[],"product_brand":[],"product_cat":[156,134],"product_tag":[2052,413,807,2053,1528,2050,2047,2051,824,806,2049,2058,405,1201,220,2048,2057,1529],"class_list":{"0":"post-328","1":"product","2":"type-product","3":"status-publish","4":"has-post-thumbnail","6":"product_cat-drogeria-wellness","7":"product_cat-ovszerek","8":"product_tag-adult-care","9":"product_tag-biztonsagos-szex","10":"product_tag-condom","11":"product_tag-couples-wellness","12":"product_tag-drogeria","13":"product_tag-felnotteknek","14":"product_tag-intim-termek","15":"product_tag-intimate-products","16":"product_tag-latex-ovszer","17":"product_tag-ovszer","18":"product_tag-paros-egeszseg","19":"product_tag-protection","20":"product_tag-safe-sex","21":"product_tag-sexual-wellness","22":"product_tag-szexshop-belvaros","23":"product_tag-szexualis-egeszseg","24":"product_tag-vedekezes","25":"product_tag-wellness","27":"first","28":"instock","29":"taxable","30":"shipping-taxable","31":"purchasable","32":"product-type-simple"},"yoast_head":"<!-- This site is optimized with the Yoast SEO plugin v27.4 - https:\/\/yoast.com\/product\/yoast-seo-wordpress\/ -->\n<title>Durex Intense bord\u00e1zott \u00e9s pontozott \u00f3vszer - 3 db. - Szexshop Belvaros<\/title>\n<meta name=\"robots\" content=\"index, follow, max-snippet:-1, max-image-preview:large, max-video-preview:-1\" \/>\n<link rel=\"canonical\" href=\"https:\/\/www.szexshopbelvaros.com\/en\/product\/durex-intense-bordazott-es-pontozott-ovszer-3-db\/\" \/>\n<meta property=\"og:locale\" content=\"en_US\" \/>\n<meta property=\"og:type\" content=\"article\" \/>\n<meta property=\"og:title\" content=\"Durex Intense bord\u00e1zott \u00e9s pontozott \u00f3vszer - 3 db. - Szexshop Belvaros\" \/>\n<meta property=\"og:description\" content=\"3db-os kiszerel\u00e9s\u0171, magas min\u0151s\u00e9g\u0171, Durex Intense bord\u00e1zott \u00e9s pontozott \u00f3vszerek, fiatalos csomagol\u00e1sban! Magas min\u0151s\u00e9g\u0171, Durex Intense bord\u00e1zott \u00e9s pontozott \u00f3vszerek, fiatalos csomagol\u00e1sban! EXTRA: Stimul\u00e1l\u00f3 bord\u00e1kkal \u00e9s pontokkal ell\u00e1tott felsz\u00edn\u0171 \u00f3vszerek, melyek plusz massz\u00e1zst ny\u00fajtanak a h\u00fcvelyfalon, vagy ak\u00e1r a csikl\u00f3n, ahogy a p\u00e9nisz fel-al\u00e1 sz\u00e1nk\u00e1zik rajta! M\u00c9G T\u00d6BB EXTRA: Stimul\u00e1l\u00f3 g\u00e9llel kezelve, mely n\u00f6veli a [...]\" \/>\n<meta property=\"og:url\" content=\"https:\/\/www.szexshopbelvaros.com\/en\/product\/durex-intense-bordazott-es-pontozott-ovszer-3-db\/\" \/>\n<meta property=\"og:site_name\" content=\"Szexshop Belvaros\" \/>\n<meta property=\"article:publisher\" content=\"https:\/\/www.facebook.com\/belvarossecrets\/\" \/>\n<meta property=\"article:modified_time\" content=\"2026-02-14T14:23:59+00:00\" \/>\n<meta property=\"og:image\" content=\"https:\/\/www.szexshopbelvaros.com\/wp-content\/uploads\/2025\/01\/822b0f44-ecf9-11ee-abc3-bee171b6fc22_5052197051766__7_.jpg\" \/>\n\t<meta property=\"og:image:width\" content=\"1200\" \/>\n\t<meta property=\"og:image:height\" content=\"675\" \/>\n\t<meta property=\"og:image:type\" content=\"image\/jpeg\" \/>\n<meta name=\"twitter:card\" content=\"summary_large_image\" \/>\n<meta name=\"twitter:site\" content=\"@belvarossecrets\" \/>\n<meta name=\"twitter:label1\" content=\"Est. reading time\" \/>\n\t<meta name=\"twitter:data1\" content=\"1 minute\" \/>\n<script type=\"application\/ld+json\" class=\"yoast-schema-graph\">{\"@context\":\"https:\\\/\\\/schema.org\",\"@graph\":[{\"@type\":\"WebPage\",\"@id\":\"https:\\\/\\\/www.szexshopbelvaros.com\\\/termek\\\/durex-intense-bordazott-es-pontozott-ovszer-3-db\\\/\",\"url\":\"https:\\\/\\\/www.szexshopbelvaros.com\\\/termek\\\/durex-intense-bordazott-es-pontozott-ovszer-3-db\\\/\",\"name\":\"Durex Intense bord\u00e1zott \u00e9s pontozott \u00f3vszer - 3 db. - Szexshop Belvaros\",\"isPartOf\":{\"@id\":\"https:\\\/\\\/www.szexshopbelvaros.com\\\/#website\"},\"primaryImageOfPage\":{\"@id\":\"https:\\\/\\\/www.szexshopbelvaros.com\\\/termek\\\/durex-intense-bordazott-es-pontozott-ovszer-3-db\\\/#primaryimage\"},\"image\":{\"@id\":\"https:\\\/\\\/www.szexshopbelvaros.com\\\/termek\\\/durex-intense-bordazott-es-pontozott-ovszer-3-db\\\/#primaryimage\"},\"thumbnailUrl\":\"https:\\\/\\\/www.szexshopbelvaros.com\\\/wp-content\\\/uploads\\\/2025\\\/01\\\/822b0f44-ecf9-11ee-abc3-bee171b6fc22_5052197051766__7_.jpg\",\"datePublished\":\"2025-01-31T13:37:43+00:00\",\"dateModified\":\"2026-02-14T14:23:59+00:00\",\"breadcrumb\":{\"@id\":\"https:\\\/\\\/www.szexshopbelvaros.com\\\/termek\\\/durex-intense-bordazott-es-pontozott-ovszer-3-db\\\/#breadcrumb\"},\"inLanguage\":\"en-US\",\"potentialAction\":[{\"@type\":\"ReadAction\",\"target\":[\"https:\\\/\\\/www.szexshopbelvaros.com\\\/termek\\\/durex-intense-bordazott-es-pontozott-ovszer-3-db\\\/\"]}]},{\"@type\":\"ImageObject\",\"inLanguage\":\"en-US\",\"@id\":\"https:\\\/\\\/www.szexshopbelvaros.com\\\/termek\\\/durex-intense-bordazott-es-pontozott-ovszer-3-db\\\/#primaryimage\",\"url\":\"https:\\\/\\\/www.szexshopbelvaros.com\\\/wp-content\\\/uploads\\\/2025\\\/01\\\/822b0f44-ecf9-11ee-abc3-bee171b6fc22_5052197051766__7_.jpg\",\"contentUrl\":\"https:\\\/\\\/www.szexshopbelvaros.com\\\/wp-content\\\/uploads\\\/2025\\\/01\\\/822b0f44-ecf9-11ee-abc3-bee171b6fc22_5052197051766__7_.jpg\",\"width\":1200,\"height\":675},{\"@type\":\"BreadcrumbList\",\"@id\":\"https:\\\/\\\/www.szexshopbelvaros.com\\\/termek\\\/durex-intense-bordazott-es-pontozott-ovszer-3-db\\\/#breadcrumb\",\"itemListElement\":[{\"@type\":\"ListItem\",\"position\":1,\"name\":\"Home\",\"item\":\"https:\\\/\\\/www.szexshopbelvaros.com\\\/\"},{\"@type\":\"ListItem\",\"position\":2,\"name\":\"\u00c1ruh\u00e1z\",\"item\":\"https:\\\/\\\/www.szexshopbelvaros.com\\\/uzlet\\\/\"},{\"@type\":\"ListItem\",\"position\":3,\"name\":\"Durex Intense bord\u00e1zott \u00e9s pontozott \u00f3vszer &#8211; 3 db.\"}]},{\"@type\":\"WebSite\",\"@id\":\"https:\\\/\\\/www.szexshopbelvaros.com\\\/#website\",\"url\":\"https:\\\/\\\/www.szexshopbelvaros.com\\\/\",\"name\":\"Szexshop Belv\u00e1ros\",\"description\":\"\ud83d\udd25 A szex olyan, mint a p\u00e9nz; csak a t\u00fal sok el\u00e9g!\u2122 Titkok a belv\u00e1rosb\u00f3l \ud83d\udc8b | Secrets from Budapest \ud83d\udc8e Feln\u0151tt j\u00e1t\u00e9kok \u2022 Erotika \u2022 Szexshop Belvaros\",\"publisher\":{\"@id\":\"https:\\\/\\\/www.szexshopbelvaros.com\\\/#organization\"},\"potentialAction\":[{\"@type\":\"SearchAction\",\"target\":{\"@type\":\"EntryPoint\",\"urlTemplate\":\"https:\\\/\\\/www.szexshopbelvaros.com\\\/?s={search_term_string}\"},\"query-input\":{\"@type\":\"PropertyValueSpecification\",\"valueRequired\":true,\"valueName\":\"search_term_string\"}}],\"inLanguage\":\"en-US\"},{\"@type\":\"Organization\",\"@id\":\"https:\\\/\\\/www.szexshopbelvaros.com\\\/#organization\",\"name\":\"Szexshop Belv\u00e1ros\",\"alternateName\":\"szexshopbelvaros.com\",\"url\":\"https:\\\/\\\/www.szexshopbelvaros.com\\\/\",\"logo\":{\"@type\":\"ImageObject\",\"inLanguage\":\"en-US\",\"@id\":\"https:\\\/\\\/www.szexshopbelvaros.com\\\/#\\\/schema\\\/logo\\\/image\\\/\",\"url\":\"https:\\\/\\\/www.szexshopbelvaros.com\\\/wp-content\\\/uploads\\\/2025\\\/09\\\/1Szexshopbelvaroslogo_blurred_stronger.jpg\",\"contentUrl\":\"https:\\\/\\\/www.szexshopbelvaros.com\\\/wp-content\\\/uploads\\\/2025\\\/09\\\/1Szexshopbelvaroslogo_blurred_stronger.jpg\",\"width\":1024,\"height\":1024,\"caption\":\"Szexshop Belv\u00e1ros\"},\"image\":{\"@id\":\"https:\\\/\\\/www.szexshopbelvaros.com\\\/#\\\/schema\\\/logo\\\/image\\\/\"},\"sameAs\":[\"https:\\\/\\\/www.facebook.com\\\/belvarossecrets\\\/\",\"https:\\\/\\\/x.com\\\/belvarossecrets\",\"https:\\\/\\\/www.instagram.com\\\/belvarossecrets\\\/\",\"https:\\\/\\\/www.tiktok.com\\\/@belvarossecrets\"]}]}<\/script>\n<!-- \/ Yoast SEO plugin. -->","yoast_head_json":{"title":"Durex Intense ribbed and dotted condoms - 3 pcs. - Szexshop Belvaros","robots":{"index":"index","follow":"follow","max-snippet":"max-snippet:-1","max-image-preview":"max-image-preview:large","max-video-preview":"max-video-preview:-1"},"canonical":"https:\/\/www.szexshopbelvaros.com\/en\/product\/durex-intense-bordazott-es-pontozott-ovszer-3-db\/","og_locale":"en_US","og_type":"article","og_title":"Durex Intense bord\u00e1zott \u00e9s pontozott \u00f3vszer - 3 db. - Szexshop Belvaros","og_description":"3db-os kiszerel\u00e9s\u0171, magas min\u0151s\u00e9g\u0171, Durex Intense bord\u00e1zott \u00e9s pontozott \u00f3vszerek, fiatalos csomagol\u00e1sban! Magas min\u0151s\u00e9g\u0171, Durex Intense bord\u00e1zott \u00e9s pontozott \u00f3vszerek, fiatalos csomagol\u00e1sban! EXTRA: Stimul\u00e1l\u00f3 bord\u00e1kkal \u00e9s pontokkal ell\u00e1tott felsz\u00edn\u0171 \u00f3vszerek, melyek plusz massz\u00e1zst ny\u00fajtanak a h\u00fcvelyfalon, vagy ak\u00e1r a csikl\u00f3n, ahogy a p\u00e9nisz fel-al\u00e1 sz\u00e1nk\u00e1zik rajta! M\u00c9G T\u00d6BB EXTRA: Stimul\u00e1l\u00f3 g\u00e9llel kezelve, mely n\u00f6veli a [...]","og_url":"https:\/\/www.szexshopbelvaros.com\/en\/product\/durex-intense-bordazott-es-pontozott-ovszer-3-db\/","og_site_name":"Szexshop Belvaros","article_publisher":"https:\/\/www.facebook.com\/belvarossecrets\/","article_modified_time":"2026-02-14T14:23:59+00:00","og_image":[{"width":1200,"height":675,"url":"https:\/\/www.szexshopbelvaros.com\/wp-content\/uploads\/2025\/01\/822b0f44-ecf9-11ee-abc3-bee171b6fc22_5052197051766__7_.jpg","type":"image\/jpeg"}],"twitter_card":"summary_large_image","twitter_site":"@belvarossecrets","twitter_misc":{"Est. reading time":"1 minute"},"schema":{"@context":"https:\/\/schema.org","@graph":[{"@type":"WebPage","@id":"https:\/\/www.szexshopbelvaros.com\/termek\/durex-intense-bordazott-es-pontozott-ovszer-3-db\/","url":"https:\/\/www.szexshopbelvaros.com\/termek\/durex-intense-bordazott-es-pontozott-ovszer-3-db\/","name":"Durex Intense ribbed and dotted condoms - 3 pcs. - Szexshop Belvaros","isPartOf":{"@id":"https:\/\/www.szexshopbelvaros.com\/#website"},"primaryImageOfPage":{"@id":"https:\/\/www.szexshopbelvaros.com\/termek\/durex-intense-bordazott-es-pontozott-ovszer-3-db\/#primaryimage"},"image":{"@id":"https:\/\/www.szexshopbelvaros.com\/termek\/durex-intense-bordazott-es-pontozott-ovszer-3-db\/#primaryimage"},"thumbnailUrl":"https:\/\/www.szexshopbelvaros.com\/wp-content\/uploads\/2025\/01\/822b0f44-ecf9-11ee-abc3-bee171b6fc22_5052197051766__7_.jpg","datePublished":"2025-01-31T13:37:43+00:00","dateModified":"2026-02-14T14:23:59+00:00","breadcrumb":{"@id":"https:\/\/www.szexshopbelvaros.com\/termek\/durex-intense-bordazott-es-pontozott-ovszer-3-db\/#breadcrumb"},"inLanguage":"en-US","potentialAction":[{"@type":"ReadAction","target":["https:\/\/www.szexshopbelvaros.com\/termek\/durex-intense-bordazott-es-pontozott-ovszer-3-db\/"]}]},{"@type":"ImageObject","inLanguage":"en-US","@id":"https:\/\/www.szexshopbelvaros.com\/termek\/durex-intense-bordazott-es-pontozott-ovszer-3-db\/#primaryimage","url":"https:\/\/www.szexshopbelvaros.com\/wp-content\/uploads\/2025\/01\/822b0f44-ecf9-11ee-abc3-bee171b6fc22_5052197051766__7_.jpg","contentUrl":"https:\/\/www.szexshopbelvaros.com\/wp-content\/uploads\/2025\/01\/822b0f44-ecf9-11ee-abc3-bee171b6fc22_5052197051766__7_.jpg","width":1200,"height":675},{"@type":"BreadcrumbList","@id":"https:\/\/www.szexshopbelvaros.com\/termek\/durex-intense-bordazott-es-pontozott-ovszer-3-db\/#breadcrumb","itemListElement":[{"@type":"ListItem","position":1,"name":"Home","item":"https:\/\/www.szexshopbelvaros.com\/"},{"@type":"ListItem","position":2,"name":"\u00c1ruh\u00e1z","item":"https:\/\/www.szexshopbelvaros.com\/uzlet\/"},{"@type":"ListItem","position":3,"name":"Durex Intense bord\u00e1zott \u00e9s pontozott \u00f3vszer &#8211; 3 db."}]},{"@type":"WebSite","@id":"https:\/\/www.szexshopbelvaros.com\/#website","url":"https:\/\/www.szexshopbelvaros.com\/","name":"at our Szexshop Belv\u00e1ros","description":"\ud83d\udd25 Sex is like money; only too much is enough!\u2122 Secrets from the city center \ud83d\udc8b | Secrets from Budapest \ud83d\udc8e Adult games \u2022 Erotica \u2022 Sex shop Belvaros","publisher":{"@id":"https:\/\/www.szexshopbelvaros.com\/#organization"},"potentialAction":[{"@type":"SearchAction","target":{"@type":"EntryPoint","urlTemplate":"https:\/\/www.szexshopbelvaros.com\/?s={search_term_string}"},"query-input":{"@type":"PropertyValueSpecification","valueRequired":true,"valueName":"search_term_string"}}],"inLanguage":"en-US"},{"@type":"Organization","@id":"https:\/\/www.szexshopbelvaros.com\/#organization","name":"at our Szexshop Belv\u00e1ros","alternateName":"szexshopbelvaros.com","url":"https:\/\/www.szexshopbelvaros.com\/","logo":{"@type":"ImageObject","inLanguage":"en-US","@id":"https:\/\/www.szexshopbelvaros.com\/#\/schema\/logo\/image\/","url":"https:\/\/www.szexshopbelvaros.com\/wp-content\/uploads\/2025\/09\/1Szexshopbelvaroslogo_blurred_stronger.jpg","contentUrl":"https:\/\/www.szexshopbelvaros.com\/wp-content\/uploads\/2025\/09\/1Szexshopbelvaroslogo_blurred_stronger.jpg","width":1024,"height":1024,"caption":"Szexshop Belv\u00e1ros"},"image":{"@id":"https:\/\/www.szexshopbelvaros.com\/#\/schema\/logo\/image\/"},"sameAs":["https:\/\/www.facebook.com\/belvarossecrets\/","https:\/\/x.com\/belvarossecrets","https:\/\/www.instagram.com\/belvarossecrets\/","https:\/\/www.tiktok.com\/@belvarossecrets"]}]}},"_links":{"self":[{"href":"https:\/\/www.szexshopbelvaros.com\/en\/wp-json\/wp\/v2\/product\/328","targetHints":{"allow":["GET"]}}],"collection":[{"href":"https:\/\/www.szexshopbelvaros.com\/en\/wp-json\/wp\/v2\/product"}],"about":[{"href":"https:\/\/www.szexshopbelvaros.com\/en\/wp-json\/wp\/v2\/types\/product"}],"replies":[{"embeddable":true,"href":"https:\/\/www.szexshopbelvaros.com\/en\/wp-json\/wp\/v2\/comments?post=328"}],"wp:featuredmedia":[{"embeddable":true,"href":"https:\/\/www.szexshopbelvaros.com\/en\/wp-json\/wp\/v2\/media\/329"}],"wp:attachment":[{"href":"https:\/\/www.szexshopbelvaros.com\/en\/wp-json\/wp\/v2\/media?parent=328"}],"wp:term":[{"taxonomy":"product_brand","embeddable":true,"href":"https:\/\/www.szexshopbelvaros.com\/en\/wp-json\/wp\/v2\/product_brand?post=328"},{"taxonomy":"product_cat","embeddable":true,"href":"https:\/\/www.szexshopbelvaros.com\/en\/wp-json\/wp\/v2\/product_cat?post=328"},{"taxonomy":"product_tag","embeddable":true,"href":"https:\/\/www.szexshopbelvaros.com\/en\/wp-json\/wp\/v2\/product_tag?post=328"}],"curies":[{"name":"wp","href":"https:\/\/api.w.org\/{rel}","templated":true}]}}