{"id":3316,"date":"2026-05-07T16:31:28","date_gmt":"2026-05-07T14:31:28","guid":{"rendered":"https:\/\/www.szexshopbelvaros.com\/?post_type=product&#038;p=3316"},"modified":"2026-05-07T17:18:36","modified_gmt":"2026-05-07T15:18:36","slug":"iskolaslany-jelmez-s-m-honor-roll-hoe","status":"publish","type":"product","link":"https:\/\/www.szexshopbelvaros.com\/en\/product\/iskolaslany-jelmez-s-m-honor-roll-hoe\/","title":{"rendered":"\ud83c\udf93 Honor Roll Hoe S\/M \u2013 Because sometimes school is just foreplay"},"content":{"rendered":"<p data-start=\"205\" data-end=\"286\"><strong data-start=\"205\" data-end=\"286\">This \u201cstudent kit\u201d isn\u2019t pulled out of the drawer for the highlighters and notebooks.<\/strong><\/p>\n<p data-start=\"288\" data-end=\"403\"><span style=\"color: #333333;\">The\u00a0<\/span><strong style=\"color: #333333;\">Honor Roll Hoe<\/strong><span style=\"color: #333333;\"> is a four-piece, form-fitting schoolgirl costume in size S\/M.<\/span>\u00a0Which is guaranteed to defeat sanity.<\/p>\n<p data-start=\"405\" data-end=\"613\">The set consists of a white top, a pleated miniskirt that falls below the buttocks, a matching thong, and striped knee-high socks. Together, they create the impression that you're preparing for an exam on the couch instead of the classroom.<\/p>\n<p data-start=\"615\" data-end=\"801\"><span style=\"color: #333333;\">This schoolgirl costume is\u00a0<\/span><strong style=\"color: #333333;\">made of comfortable polyester material in size S\/M. \u00a0<\/strong><span style=\"color: #333333;\">approx.<\/span>\u00a0<strong data-start=\"675\" data-end=\"687\">40\u201355 kg<\/strong> is recommended for a body type. And the collared neckline is just as innocent as this whole set is. \ud83d\udc45\ud83d\udcda<\/p>\n<p>\ud83c\udfad Ideal for role-playing, cosplay parties or just a naughty Saturday night.<\/p>\n<p>\ud83d\udc40 Check out the rest of the <a href=\"https:\/\/www.szexshopbelvaros.com\/en\/product-category\/erotikus-ruhazat\/cosplay-jelmez-erotikus-jatekok\/\">erotic costume and role-playing games<\/a> too, because sometimes all you need for a good fantasy is the right clothes.<\/p>\n<p>\ud83d\udc49 Order discreetly at <a class=\"decorated-link cursor-pointer\" target=\"_new\" rel=\"noopener\" data-start=\"449\" data-end=\"473\">www.szexshopbelvaros.com<\/a> . We deliver to the entire territory of Hungary and the EU.<\/p>\n<p>&nbsp;<\/p>","protected":false},"excerpt":{"rendered":"<p>Ez a \u201ctanul\u00f3szett\u201d nem a sz\u00f6vegkiemel\u0151k \u00e9s f\u00fczetek miatt ker\u00fcl el\u0151 a fi\u00f3kb\u00f3l. Az\u00a0Honor Roll Hoe egy n\u00e9gydarabos, testhez simul\u00f3 iskol\u00e1sl\u00e1ny-jelmez S\/M m\u00e9retben.\u00a0Ami garant\u00e1ltan megbuktatja a j\u00f3zans\u00e1got. A szett feh\u00e9r topb\u00f3l, fen\u00e9k al\u00e1 simul\u00f3 plisz\u00edrozott miniszokny\u00e1b\u00f3l, hozz\u00e1 ill\u0151 tang\u00e1b\u00f3l \u00e9s cs\u00edkozott t\u00e9rdzoknib\u00f3l \u00e1ll. Egy\u00fctt olyan hat\u00e1st keltenek, mintha a tan\u00e1ri kar helyett a kanap\u00e9ra k\u00e9sz\u00fcln\u00e9l [&#8230;]\n","protected":false},"featured_media":3317,"comment_status":"closed","ping_status":"closed","template":"","meta":[],"product_brand":[],"product_cat":[117,113,115],"product_tag":[2200,1629,907,2201,951,2204,1131,2025,503,937,2207,2023,2903,2899,2901,2210,2211,2208,933,2199,2209,552,2026,2900,2902,2202,2203,917,945,2024,2198,2197,2196,272,932,220,2206,2205],"class_list":{"0":"post-3316","1":"product","2":"type-product","3":"status-publish","4":"has-post-thumbnail","6":"product_cat-cosplay-jelmez-erotikus-jatekok","7":"product_cat-erotikus-ruhazat","8":"product_cat-ujdonsagok","9":"product_tag-adult-game","10":"product_tag-cosplay-costume","11":"product_tag-cosplay-jelmez","12":"product_tag-couples-game","13":"product_tag-erotic-clothing","14":"product_tag-erotic-mask","15":"product_tag-erotikus-jatek","16":"product_tag-erotikus-kosztum","17":"product_tag-erotikus-ruha","18":"product_tag-fehernemu","19":"product_tag-friss-erkezes","20":"product_tag-haloszoba-divat","21":"product_tag-honor-roll-hoe","22":"product_tag-iskolaslany-jelmez","23":"product_tag-iskolaslany-ruha","24":"product_tag-just-arrived","25":"product_tag-latest-arrival","26":"product_tag-legujabb-termek","27":"product_tag-lingerie","28":"product_tag-maszk","29":"product_tag-new-product","30":"product_tag-paros-jatek","31":"product_tag-roleplay-outfit","32":"product_tag-schoolgirl-costume","33":"product_tag-schoolgirl-outfit","34":"product_tag-sex-card-game","35":"product_tag-sex-dice","36":"product_tag-sexy-costume","37":"product_tag-sexy-outfit","38":"product_tag-szerepjatek-ruha","39":"product_tag-szex-dobokocka","40":"product_tag-szex-kartya","41":"product_tag-szex-tarsasjatek","42":"product_tag-szexi-jelmez","43":"product_tag-szexi-ruha","44":"product_tag-szexshop-belvaros","45":"product_tag-uj-termek","46":"product_tag-ujdonsag","48":"first","49":"instock","50":"taxable","51":"shipping-taxable","52":"purchasable","53":"product-type-simple"},"yoast_head":"<!-- This site is optimized with the Yoast SEO plugin v27.5 - https:\/\/yoast.com\/product\/yoast-seo-wordpress\/ -->\n<title>\ud83c\udf93 Iskol\u00e1sl\u00e1ny jelmez S\/M \u2013 Honor Roll Hoe | Szexshop Belv\u00e1ros<\/title>\n<meta name=\"description\" content=\"Iskol\u00e1sl\u00e1ny-jelmez S\/M m\u00e9retben, amikor a tanul\u00e1s csak fed\u0151sztori. Feh\u00e9r top, plisz\u00edrozott miniszoknya, tanga \u00e9s t\u00e9rdzokni a Szexshop Belv\u00e1ros oldal\u00e1n.\" \/>\n<meta name=\"robots\" content=\"index, follow, max-snippet:-1, max-image-preview:large, max-video-preview:-1\" \/>\n<link rel=\"canonical\" href=\"https:\/\/www.szexshopbelvaros.com\/en\/product\/iskolaslany-jelmez-s-m-honor-roll-hoe\/\" \/>\n<meta property=\"og:locale\" content=\"en_US\" \/>\n<meta property=\"og:type\" content=\"article\" \/>\n<meta property=\"og:title\" content=\"\ud83c\udf93 Iskol\u00e1sl\u00e1ny jelmez S\/M \u2013 Honor Roll Hoe | Szexshop Belv\u00e1ros\" \/>\n<meta property=\"og:description\" content=\"Iskol\u00e1sl\u00e1ny-jelmez S\/M m\u00e9retben, amikor a tanul\u00e1s csak fed\u0151sztori. Feh\u00e9r top, plisz\u00edrozott miniszoknya, tanga \u00e9s t\u00e9rdzokni a Szexshop Belv\u00e1ros oldal\u00e1n.\" \/>\n<meta property=\"og:url\" content=\"https:\/\/www.szexshopbelvaros.com\/en\/product\/iskolaslany-jelmez-s-m-honor-roll-hoe\/\" \/>\n<meta property=\"og:site_name\" content=\"Szexshop Belvaros\" \/>\n<meta property=\"article:publisher\" content=\"https:\/\/www.facebook.com\/belvarossecrets\/\" \/>\n<meta property=\"article:modified_time\" content=\"2026-05-07T15:18:36+00:00\" \/>\n<meta property=\"og:image\" content=\"https:\/\/www.szexshopbelvaros.com\/wp-content\/uploads\/2026\/05\/69fca192dfa4672239419bbe-scaled.png\" \/>\n\t<meta property=\"og:image:width\" content=\"2560\" \/>\n\t<meta property=\"og:image:height\" content=\"1440\" \/>\n\t<meta property=\"og:image:type\" content=\"image\/png\" \/>\n<meta name=\"twitter:card\" content=\"summary_large_image\" \/>\n<meta name=\"twitter:site\" content=\"@belvarossecrets\" \/>\n<meta name=\"twitter:label1\" content=\"Est. reading time\" \/>\n\t<meta name=\"twitter:data1\" content=\"1 minute\" \/>\n<script type=\"application\/ld+json\" class=\"yoast-schema-graph\">{\"@context\":\"https:\\\/\\\/schema.org\",\"@graph\":[{\"@type\":\"WebPage\",\"@id\":\"https:\\\/\\\/www.szexshopbelvaros.com\\\/termek\\\/iskolaslany-jelmez-s-m-honor-roll-hoe\\\/\",\"url\":\"https:\\\/\\\/www.szexshopbelvaros.com\\\/termek\\\/iskolaslany-jelmez-s-m-honor-roll-hoe\\\/\",\"name\":\"\ud83c\udf93 Iskol\u00e1sl\u00e1ny jelmez S\\\/M \u2013 Honor Roll Hoe | Szexshop Belv\u00e1ros\",\"isPartOf\":{\"@id\":\"https:\\\/\\\/www.szexshopbelvaros.com\\\/#website\"},\"primaryImageOfPage\":{\"@id\":\"https:\\\/\\\/www.szexshopbelvaros.com\\\/termek\\\/iskolaslany-jelmez-s-m-honor-roll-hoe\\\/#primaryimage\"},\"image\":{\"@id\":\"https:\\\/\\\/www.szexshopbelvaros.com\\\/termek\\\/iskolaslany-jelmez-s-m-honor-roll-hoe\\\/#primaryimage\"},\"thumbnailUrl\":\"https:\\\/\\\/www.szexshopbelvaros.com\\\/wp-content\\\/uploads\\\/2026\\\/05\\\/69fca192dfa4672239419bbe-scaled.png\",\"datePublished\":\"2026-05-07T14:31:28+00:00\",\"dateModified\":\"2026-05-07T15:18:36+00:00\",\"description\":\"Iskol\u00e1sl\u00e1ny-jelmez S\\\/M m\u00e9retben, amikor a tanul\u00e1s csak fed\u0151sztori. Feh\u00e9r top, plisz\u00edrozott miniszoknya, tanga \u00e9s t\u00e9rdzokni a Szexshop Belv\u00e1ros oldal\u00e1n.\",\"breadcrumb\":{\"@id\":\"https:\\\/\\\/www.szexshopbelvaros.com\\\/termek\\\/iskolaslany-jelmez-s-m-honor-roll-hoe\\\/#breadcrumb\"},\"inLanguage\":\"en-US\",\"potentialAction\":[{\"@type\":\"ReadAction\",\"target\":[\"https:\\\/\\\/www.szexshopbelvaros.com\\\/termek\\\/iskolaslany-jelmez-s-m-honor-roll-hoe\\\/\"]}]},{\"@type\":\"ImageObject\",\"inLanguage\":\"en-US\",\"@id\":\"https:\\\/\\\/www.szexshopbelvaros.com\\\/termek\\\/iskolaslany-jelmez-s-m-honor-roll-hoe\\\/#primaryimage\",\"url\":\"https:\\\/\\\/www.szexshopbelvaros.com\\\/wp-content\\\/uploads\\\/2026\\\/05\\\/69fca192dfa4672239419bbe-scaled.png\",\"contentUrl\":\"https:\\\/\\\/www.szexshopbelvaros.com\\\/wp-content\\\/uploads\\\/2026\\\/05\\\/69fca192dfa4672239419bbe-scaled.png\",\"width\":2560,\"height\":1440,\"caption\":\"HU: Honor Roll Hoe S-M iskol\u00e1sl\u00e1ny jelmez feh\u00e9r gall\u00e9ros toppal, s\u00f6t\u00e9tk\u00e9k plisz\u00edrozott miniszokny\u00e1val \u00e9s cs\u00edkos t\u00e9rdzoknival EN: Honor Roll Hoe S-M schoolgirl costume with white sailor-style crop top, navy pleated mini skirt and striped knee-high socks\"},{\"@type\":\"BreadcrumbList\",\"@id\":\"https:\\\/\\\/www.szexshopbelvaros.com\\\/termek\\\/iskolaslany-jelmez-s-m-honor-roll-hoe\\\/#breadcrumb\",\"itemListElement\":[{\"@type\":\"ListItem\",\"position\":1,\"name\":\"Home\",\"item\":\"https:\\\/\\\/www.szexshopbelvaros.com\\\/\"},{\"@type\":\"ListItem\",\"position\":2,\"name\":\"\u00c1ruh\u00e1z\",\"item\":\"https:\\\/\\\/www.szexshopbelvaros.com\\\/uzlet\\\/\"},{\"@type\":\"ListItem\",\"position\":3,\"name\":\"\ud83c\udf93 Honor Roll Hoe S\\\/M &#8211; Mert n\u00e9ha az iskola csak el\u0151j\u00e1t\u00e9k\"}]},{\"@type\":\"WebSite\",\"@id\":\"https:\\\/\\\/www.szexshopbelvaros.com\\\/#website\",\"url\":\"https:\\\/\\\/www.szexshopbelvaros.com\\\/\",\"name\":\"Szexshop Belv\u00e1ros\",\"description\":\"\ud83d\udd25 A szex olyan, mint a p\u00e9nz; csak a t\u00fal sok el\u00e9g!\u2122 Titkok a belv\u00e1rosb\u00f3l \ud83d\udc8b | Secrets from Budapest \ud83d\udc8e Feln\u0151tt j\u00e1t\u00e9kok \u2022 Erotika \u2022 Szexshop Belvaros\",\"publisher\":{\"@id\":\"https:\\\/\\\/www.szexshopbelvaros.com\\\/#organization\"},\"potentialAction\":[{\"@type\":\"SearchAction\",\"target\":{\"@type\":\"EntryPoint\",\"urlTemplate\":\"https:\\\/\\\/www.szexshopbelvaros.com\\\/?s={search_term_string}\"},\"query-input\":{\"@type\":\"PropertyValueSpecification\",\"valueRequired\":true,\"valueName\":\"search_term_string\"}}],\"inLanguage\":\"en-US\"},{\"@type\":\"Organization\",\"@id\":\"https:\\\/\\\/www.szexshopbelvaros.com\\\/#organization\",\"name\":\"Szexshop Belv\u00e1ros\",\"alternateName\":\"szexshopbelvaros.com\",\"url\":\"https:\\\/\\\/www.szexshopbelvaros.com\\\/\",\"logo\":{\"@type\":\"ImageObject\",\"inLanguage\":\"en-US\",\"@id\":\"https:\\\/\\\/www.szexshopbelvaros.com\\\/#\\\/schema\\\/logo\\\/image\\\/\",\"url\":\"https:\\\/\\\/www.szexshopbelvaros.com\\\/wp-content\\\/uploads\\\/2025\\\/09\\\/1Szexshopbelvaroslogo_blurred_stronger.jpg\",\"contentUrl\":\"https:\\\/\\\/www.szexshopbelvaros.com\\\/wp-content\\\/uploads\\\/2025\\\/09\\\/1Szexshopbelvaroslogo_blurred_stronger.jpg\",\"width\":1024,\"height\":1024,\"caption\":\"Szexshop Belv\u00e1ros\"},\"image\":{\"@id\":\"https:\\\/\\\/www.szexshopbelvaros.com\\\/#\\\/schema\\\/logo\\\/image\\\/\"},\"sameAs\":[\"https:\\\/\\\/www.facebook.com\\\/belvarossecrets\\\/\",\"https:\\\/\\\/x.com\\\/belvarossecrets\",\"https:\\\/\\\/www.instagram.com\\\/belvarossecrets\\\/\",\"https:\\\/\\\/www.tiktok.com\\\/@belvarossecrets\"]}]}<\/script>\n<!-- \/ Yoast SEO plugin. -->","yoast_head_json":{"title":"\ud83c\udf93 Schoolgirl Costume S\/M \u2013 Honor Roll Hoe | Sexshop Belv\u00e1ros","description":"Schoolgirl costume in size S\/M, when studying is just a cover story. White top, pleated miniskirt, thong and knee socks on the Szexshop Belv\u00e1ros website.","robots":{"index":"index","follow":"follow","max-snippet":"max-snippet:-1","max-image-preview":"max-image-preview:large","max-video-preview":"max-video-preview:-1"},"canonical":"https:\/\/www.szexshopbelvaros.com\/en\/product\/iskolaslany-jelmez-s-m-honor-roll-hoe\/","og_locale":"en_US","og_type":"article","og_title":"\ud83c\udf93 Iskol\u00e1sl\u00e1ny jelmez S\/M \u2013 Honor Roll Hoe | Szexshop Belv\u00e1ros","og_description":"Iskol\u00e1sl\u00e1ny-jelmez S\/M m\u00e9retben, amikor a tanul\u00e1s csak fed\u0151sztori. Feh\u00e9r top, plisz\u00edrozott miniszoknya, tanga \u00e9s t\u00e9rdzokni a Szexshop Belv\u00e1ros oldal\u00e1n.","og_url":"https:\/\/www.szexshopbelvaros.com\/en\/product\/iskolaslany-jelmez-s-m-honor-roll-hoe\/","og_site_name":"Szexshop Belvaros","article_publisher":"https:\/\/www.facebook.com\/belvarossecrets\/","article_modified_time":"2026-05-07T15:18:36+00:00","og_image":[{"width":2560,"height":1440,"url":"https:\/\/www.szexshopbelvaros.com\/wp-content\/uploads\/2026\/05\/69fca192dfa4672239419bbe-scaled.png","type":"image\/png"}],"twitter_card":"summary_large_image","twitter_site":"@belvarossecrets","twitter_misc":{"Est. reading time":"1 minute"},"schema":{"@context":"https:\/\/schema.org","@graph":[{"@type":"WebPage","@id":"https:\/\/www.szexshopbelvaros.com\/termek\/iskolaslany-jelmez-s-m-honor-roll-hoe\/","url":"https:\/\/www.szexshopbelvaros.com\/termek\/iskolaslany-jelmez-s-m-honor-roll-hoe\/","name":"\ud83c\udf93 Schoolgirl Costume S\/M \u2013 Honor Roll Hoe | Sexshop Belv\u00e1ros","isPartOf":{"@id":"https:\/\/www.szexshopbelvaros.com\/#website"},"primaryImageOfPage":{"@id":"https:\/\/www.szexshopbelvaros.com\/termek\/iskolaslany-jelmez-s-m-honor-roll-hoe\/#primaryimage"},"image":{"@id":"https:\/\/www.szexshopbelvaros.com\/termek\/iskolaslany-jelmez-s-m-honor-roll-hoe\/#primaryimage"},"thumbnailUrl":"https:\/\/www.szexshopbelvaros.com\/wp-content\/uploads\/2026\/05\/69fca192dfa4672239419bbe-scaled.png","datePublished":"2026-05-07T14:31:28+00:00","dateModified":"2026-05-07T15:18:36+00:00","description":"Schoolgirl costume in size S\/M, when studying is just a cover story. White top, pleated miniskirt, thong and knee socks on the Szexshop Belv\u00e1ros website.","breadcrumb":{"@id":"https:\/\/www.szexshopbelvaros.com\/termek\/iskolaslany-jelmez-s-m-honor-roll-hoe\/#breadcrumb"},"inLanguage":"en-US","potentialAction":[{"@type":"ReadAction","target":["https:\/\/www.szexshopbelvaros.com\/termek\/iskolaslany-jelmez-s-m-honor-roll-hoe\/"]}]},{"@type":"ImageObject","inLanguage":"en-US","@id":"https:\/\/www.szexshopbelvaros.com\/termek\/iskolaslany-jelmez-s-m-honor-roll-hoe\/#primaryimage","url":"https:\/\/www.szexshopbelvaros.com\/wp-content\/uploads\/2026\/05\/69fca192dfa4672239419bbe-scaled.png","contentUrl":"https:\/\/www.szexshopbelvaros.com\/wp-content\/uploads\/2026\/05\/69fca192dfa4672239419bbe-scaled.png","width":2560,"height":1440,"caption":"HU: Honor Roll Hoe S-M iskol\u00e1sl\u00e1ny jelmez feh\u00e9r gall\u00e9ros toppal, s\u00f6t\u00e9tk\u00e9k plisz\u00edrozott miniszokny\u00e1val \u00e9s cs\u00edkos t\u00e9rdzoknival EN: Honor Roll Hoe S-M schoolgirl costume with white sailor-style crop top, navy pleated mini skirt and striped knee-high socks"},{"@type":"BreadcrumbList","@id":"https:\/\/www.szexshopbelvaros.com\/termek\/iskolaslany-jelmez-s-m-honor-roll-hoe\/#breadcrumb","itemListElement":[{"@type":"ListItem","position":1,"name":"Home","item":"https:\/\/www.szexshopbelvaros.com\/"},{"@type":"ListItem","position":2,"name":"\u00c1ruh\u00e1z","item":"https:\/\/www.szexshopbelvaros.com\/uzlet\/"},{"@type":"ListItem","position":3,"name":"\ud83c\udf93 Honor Roll Hoe S\/M &#8211; Mert n\u00e9ha az iskola csak el\u0151j\u00e1t\u00e9k"}]},{"@type":"WebSite","@id":"https:\/\/www.szexshopbelvaros.com\/#website","url":"https:\/\/www.szexshopbelvaros.com\/","name":"Szexshop Belv\u00e1ros","description":"\ud83d\udd25 Sex is like money; only too much is enough!\u2122 Secrets from the city center \ud83d\udc8b | Secrets from Budapest \ud83d\udc8e Adult games \u2022 Erotica \u2022 Sex shop Belvaros","publisher":{"@id":"https:\/\/www.szexshopbelvaros.com\/#organization"},"potentialAction":[{"@type":"SearchAction","target":{"@type":"EntryPoint","urlTemplate":"https:\/\/www.szexshopbelvaros.com\/?s={search_term_string}"},"query-input":{"@type":"PropertyValueSpecification","valueRequired":true,"valueName":"search_term_string"}}],"inLanguage":"en-US"},{"@type":"Organization","@id":"https:\/\/www.szexshopbelvaros.com\/#organization","name":"Szexshop Belv\u00e1ros","alternateName":"szexshopbelvaros.com","url":"https:\/\/www.szexshopbelvaros.com\/","logo":{"@type":"ImageObject","inLanguage":"en-US","@id":"https:\/\/www.szexshopbelvaros.com\/#\/schema\/logo\/image\/","url":"https:\/\/www.szexshopbelvaros.com\/wp-content\/uploads\/2025\/09\/1Szexshopbelvaroslogo_blurred_stronger.jpg","contentUrl":"https:\/\/www.szexshopbelvaros.com\/wp-content\/uploads\/2025\/09\/1Szexshopbelvaroslogo_blurred_stronger.jpg","width":1024,"height":1024,"caption":"Szexshop Belv\u00e1ros"},"image":{"@id":"https:\/\/www.szexshopbelvaros.com\/#\/schema\/logo\/image\/"},"sameAs":["https:\/\/www.facebook.com\/belvarossecrets\/","https:\/\/x.com\/belvarossecrets","https:\/\/www.instagram.com\/belvarossecrets\/","https:\/\/www.tiktok.com\/@belvarossecrets"]}]}},"_links":{"self":[{"href":"https:\/\/www.szexshopbelvaros.com\/en\/wp-json\/wp\/v2\/product\/3316","targetHints":{"allow":["GET"]}}],"collection":[{"href":"https:\/\/www.szexshopbelvaros.com\/en\/wp-json\/wp\/v2\/product"}],"about":[{"href":"https:\/\/www.szexshopbelvaros.com\/en\/wp-json\/wp\/v2\/types\/product"}],"replies":[{"embeddable":true,"href":"https:\/\/www.szexshopbelvaros.com\/en\/wp-json\/wp\/v2\/comments?post=3316"}],"wp:featuredmedia":[{"embeddable":true,"href":"https:\/\/www.szexshopbelvaros.com\/en\/wp-json\/wp\/v2\/media\/3317"}],"wp:attachment":[{"href":"https:\/\/www.szexshopbelvaros.com\/en\/wp-json\/wp\/v2\/media?parent=3316"}],"wp:term":[{"taxonomy":"product_brand","embeddable":true,"href":"https:\/\/www.szexshopbelvaros.com\/en\/wp-json\/wp\/v2\/product_brand?post=3316"},{"taxonomy":"product_cat","embeddable":true,"href":"https:\/\/www.szexshopbelvaros.com\/en\/wp-json\/wp\/v2\/product_cat?post=3316"},{"taxonomy":"product_tag","embeddable":true,"href":"https:\/\/www.szexshopbelvaros.com\/en\/wp-json\/wp\/v2\/product_tag?post=3316"}],"curies":[{"name":"wp","href":"https:\/\/api.w.org\/{rel}","templated":true}]}}