{"id":3323,"date":"2026-05-08T15:59:24","date_gmt":"2026-05-08T13:59:24","guid":{"rendered":"https:\/\/www.szexshopbelvaros.com\/?post_type=product&#038;p=3323"},"modified":"2026-05-08T16:01:16","modified_gmt":"2026-05-08T14:01:16","slug":"attetszo-ferfi-harisnya-cock-sheer","status":"publish","type":"product","link":"https:\/\/www.szexshopbelvaros.com\/en\/product\/attetszo-ferfi-harisnya-cock-sheer\/","title":{"rendered":"\ud83c\udf46 CockSheer \u2013 It&#039;s not just stockings, it&#039;s a way of life, with extra penis."},"content":{"rendered":"<p>CockSheer transparent, erotic men&#039;s stockings are designed for those who not only want to wear sexy lingerie, but also want to show what they&#039;re hiding underneath.<\/p>\n<p>The body-hugging, stretchy nylon-spandex material stretches over your thighs, buttocks, and cock like a second skin, while the specially designed open penis sheath proudly pushes the point forward.<\/p>\n<p>One size fits most men. The insert is a little smaller. Ideal for crossdressers, transgenders, sissy play, shemale fantasies or anyone who likes their stockings to highlight rather than cover. The soft-touch material and boldly sheer design combine elegance with hardcore visuals.<\/p>\n<p>\ud83d\udc40 Check out the other erotic <a href=\"https:\/\/www.szexshopbelvaros.com\/en\/product-category\/erotikus-ruhazat\/ferfi-ruhak\/\">men's<\/a> clothes too!<\/p>\n<p>\ud83d\udc49 The <strong data-start=\"529\" data-end=\"550\">black version<\/strong> of this item can be found at the Budapest <strong data-start=\"574\" data-end=\"612\">Szexshop Belv\u00e1ros\u00a0<\/strong><span style=\"box-sizing: border-box; margin: 0px; padding: 0px;\"><a href=\"https:\/\/wolt.com\/hu\/hun\/budapest\/venue\/szexshop-belvaros\/cocksheer-black-itemid-d5a54426852909859268be92\" target=\"_blank\" rel=\"noopener\"><strong>Wolt<\/strong><\/a><strong>store<\/strong><\/span>\u00a0and you can order this version discreetly at <strong data-start=\"715\" data-end=\"743\"><a class=\"decorated-link cursor-pointer\" target=\"_new\" rel=\"noopener\" data-start=\"717\" data-end=\"741\">www.szexshopbelvaros.com<\/a><\/strong> . We deliver to the entire territory of Hungary and the EU.<\/p>","protected":false},"excerpt":{"rendered":"<p>A CockSheer \u00e1ttetsz\u0151, erotikus f\u00e9rfi harisnya azoknak k\u00e9sz\u00fclt, akik nemcsak hordani akarj\u00e1k a szexi feh\u00e9rnem\u0171t, hanem megmutatni, mit rejtenek alatta. A testhez simul\u00f3, rugalmas nejlon-spandex anyag \u00fagy fesz\u00fcl a combodon, fenekeden \u00e9s farkadon, mint egy m\u00e1sodik b\u0151r, mik\u00f6zben a k\u00fcl\u00f6n kialak\u00edtott nyitott p\u00e9nisztok b\u00fcszk\u00e9n el\u0151re tolja a l\u00e9nyeget. Egy m\u00e9ret a legt\u00f6bb f\u00e9rfinak j\u00f3. A [&#8230;]\n","protected":false},"featured_media":3324,"comment_status":"closed","ping_status":"closed","template":"","meta":[],"product_brand":[],"product_cat":[113,142,115],"product_tag":[2905,2908,2909,951,503,937,1577,1483,2906,2027,1489,2207,2023,2210,2211,2208,933,1465,1487,1508,2209,2913,2914,2910,945,2912,2911,932,220,2907,2206,2205],"class_list":{"0":"post-3323","1":"product","2":"type-product","3":"status-publish","4":"has-post-thumbnail","6":"product_cat-erotikus-ruhazat","7":"product_cat-ferfi-ruhak","8":"product_cat-ujdonsagok","9":"product_tag-attetszo-ferfi-harisnya","10":"product_tag-cock-sheer","11":"product_tag-cocksheer","12":"product_tag-erotic-clothing","13":"product_tag-erotikus-ruha","14":"product_tag-fehernemu","15":"product_tag-ferfi-body","16":"product_tag-ferfi-fehernemu","17":"product_tag-ferfi-harisnya","18":"product_tag-ferfi-szexi-ruha","19":"product_tag-ferfi-tanga","20":"product_tag-friss-erkezes","21":"product_tag-haloszoba-divat","22":"product_tag-just-arrived","23":"product_tag-latest-arrival","24":"product_tag-legujabb-termek","25":"product_tag-lingerie","26":"product_tag-mens-harness","27":"product_tag-mens-lingerie","28":"product_tag-mens-thong","29":"product_tag-new-product","30":"product_tag-nude-mens-pantyhose","31":"product_tag-penis-sleeve-pantyhose","32":"product_tag-penisztokos-harisnya","33":"product_tag-sexy-outfit","34":"product_tag-sheer-mens-pantyhose","35":"product_tag-sissy-harisnya","36":"product_tag-szexi-ruha","37":"product_tag-szexshop-belvaros","38":"product_tag-testszinu-harisnya","39":"product_tag-uj-termek","40":"product_tag-ujdonsag","42":"first","43":"instock","44":"taxable","45":"shipping-taxable","46":"purchasable","47":"product-type-simple"},"yoast_head":"<!-- This site is optimized with the Yoast SEO plugin v27.5 - https:\/\/yoast.com\/product\/yoast-seo-wordpress\/ -->\n<title>\ud83c\udf46 \u00c1ttetsz\u0151 f\u00e9rfi harisnya \u2013 Cock Sheer | Szexshop Belv\u00e1ros<\/title>\n<meta name=\"description\" content=\"\u00c1ttetsz\u0151 f\u00e9rfi harisnya nyitott fazonnal \u00e9s pimasz vizu\u00e1lis hat\u00e1ssal. Nem sokat takar, de ann\u00e1l t\u00f6bbet mond. Szexshop Belv\u00e1ros.\" \/>\n<meta name=\"robots\" content=\"index, follow, max-snippet:-1, max-image-preview:large, max-video-preview:-1\" \/>\n<link rel=\"canonical\" href=\"https:\/\/www.szexshopbelvaros.com\/en\/product\/attetszo-ferfi-harisnya-cock-sheer\/\" \/>\n<meta property=\"og:locale\" content=\"en_US\" \/>\n<meta property=\"og:type\" content=\"article\" \/>\n<meta property=\"og:title\" content=\"\ud83c\udf46 \u00c1ttetsz\u0151 f\u00e9rfi harisnya \u2013 Cock Sheer | Szexshop Belv\u00e1ros\" \/>\n<meta property=\"og:description\" content=\"\u00c1ttetsz\u0151 f\u00e9rfi harisnya nyitott fazonnal \u00e9s pimasz vizu\u00e1lis hat\u00e1ssal. Nem sokat takar, de ann\u00e1l t\u00f6bbet mond. Szexshop Belv\u00e1ros.\" \/>\n<meta property=\"og:url\" content=\"https:\/\/www.szexshopbelvaros.com\/en\/product\/attetszo-ferfi-harisnya-cock-sheer\/\" \/>\n<meta property=\"og:site_name\" content=\"Szexshop Belvaros\" \/>\n<meta property=\"article:publisher\" content=\"https:\/\/www.facebook.com\/belvarossecrets\/\" \/>\n<meta property=\"article:modified_time\" content=\"2026-05-08T14:01:16+00:00\" \/>\n<meta property=\"og:image\" content=\"https:\/\/www.szexshopbelvaros.com\/wp-content\/uploads\/2026\/05\/69fde2cb9f46a97743562a23-scaled.png\" \/>\n\t<meta property=\"og:image:width\" content=\"2560\" \/>\n\t<meta property=\"og:image:height\" content=\"1440\" \/>\n\t<meta property=\"og:image:type\" content=\"image\/png\" \/>\n<meta name=\"twitter:card\" content=\"summary_large_image\" \/>\n<meta name=\"twitter:site\" content=\"@belvarossecrets\" \/>\n<meta name=\"twitter:label1\" content=\"Est. reading time\" \/>\n\t<meta name=\"twitter:data1\" content=\"1 minute\" \/>\n<script type=\"application\/ld+json\" class=\"yoast-schema-graph\">{\"@context\":\"https:\\\/\\\/schema.org\",\"@graph\":[{\"@type\":\"WebPage\",\"@id\":\"https:\\\/\\\/www.szexshopbelvaros.com\\\/termek\\\/attetszo-ferfi-harisnya-cock-sheer\\\/\",\"url\":\"https:\\\/\\\/www.szexshopbelvaros.com\\\/termek\\\/attetszo-ferfi-harisnya-cock-sheer\\\/\",\"name\":\"\ud83c\udf46 \u00c1ttetsz\u0151 f\u00e9rfi harisnya \u2013 Cock Sheer | Szexshop Belv\u00e1ros\",\"isPartOf\":{\"@id\":\"https:\\\/\\\/www.szexshopbelvaros.com\\\/#website\"},\"primaryImageOfPage\":{\"@id\":\"https:\\\/\\\/www.szexshopbelvaros.com\\\/termek\\\/attetszo-ferfi-harisnya-cock-sheer\\\/#primaryimage\"},\"image\":{\"@id\":\"https:\\\/\\\/www.szexshopbelvaros.com\\\/termek\\\/attetszo-ferfi-harisnya-cock-sheer\\\/#primaryimage\"},\"thumbnailUrl\":\"https:\\\/\\\/www.szexshopbelvaros.com\\\/wp-content\\\/uploads\\\/2026\\\/05\\\/69fde2cb9f46a97743562a23-scaled.png\",\"datePublished\":\"2026-05-08T13:59:24+00:00\",\"dateModified\":\"2026-05-08T14:01:16+00:00\",\"description\":\"\u00c1ttetsz\u0151 f\u00e9rfi harisnya nyitott fazonnal \u00e9s pimasz vizu\u00e1lis hat\u00e1ssal. Nem sokat takar, de ann\u00e1l t\u00f6bbet mond. Szexshop Belv\u00e1ros.\",\"breadcrumb\":{\"@id\":\"https:\\\/\\\/www.szexshopbelvaros.com\\\/termek\\\/attetszo-ferfi-harisnya-cock-sheer\\\/#breadcrumb\"},\"inLanguage\":\"en-US\",\"potentialAction\":[{\"@type\":\"ReadAction\",\"target\":[\"https:\\\/\\\/www.szexshopbelvaros.com\\\/termek\\\/attetszo-ferfi-harisnya-cock-sheer\\\/\"]}]},{\"@type\":\"ImageObject\",\"inLanguage\":\"en-US\",\"@id\":\"https:\\\/\\\/www.szexshopbelvaros.com\\\/termek\\\/attetszo-ferfi-harisnya-cock-sheer\\\/#primaryimage\",\"url\":\"https:\\\/\\\/www.szexshopbelvaros.com\\\/wp-content\\\/uploads\\\/2026\\\/05\\\/69fde2cb9f46a97743562a23-scaled.png\",\"contentUrl\":\"https:\\\/\\\/www.szexshopbelvaros.com\\\/wp-content\\\/uploads\\\/2026\\\/05\\\/69fde2cb9f46a97743562a23-scaled.png\",\"width\":2560,\"height\":1440,\"caption\":\"HU: \u00c1ttetsz\u0151 testsz\u00edn\u0171 f\u00e9rfi harisnya anat\u00f3miai p\u00e9nisztokkal \u00e9s nyitott v\u00e9g\u0171 kialak\u00edt\u00e1ssal EN: Sheer nude men\u2019s pantyhose with anatomical penis sleeve and open-ended design\"},{\"@type\":\"BreadcrumbList\",\"@id\":\"https:\\\/\\\/www.szexshopbelvaros.com\\\/termek\\\/attetszo-ferfi-harisnya-cock-sheer\\\/#breadcrumb\",\"itemListElement\":[{\"@type\":\"ListItem\",\"position\":1,\"name\":\"Home\",\"item\":\"https:\\\/\\\/www.szexshopbelvaros.com\\\/\"},{\"@type\":\"ListItem\",\"position\":2,\"name\":\"\u00c1ruh\u00e1z\",\"item\":\"https:\\\/\\\/www.szexshopbelvaros.com\\\/uzlet\\\/\"},{\"@type\":\"ListItem\",\"position\":3,\"name\":\"\ud83c\udf46 CockSheer &#8211; Ez nemcsak harisnya, ez \u00e9let\u00e9rz\u00e9s, extra himvesz\u00f6vel.\"}]},{\"@type\":\"WebSite\",\"@id\":\"https:\\\/\\\/www.szexshopbelvaros.com\\\/#website\",\"url\":\"https:\\\/\\\/www.szexshopbelvaros.com\\\/\",\"name\":\"Szexshop Belv\u00e1ros\",\"description\":\"\ud83d\udd25 A szex olyan, mint a p\u00e9nz; csak a t\u00fal sok el\u00e9g!\u2122 Titkok a belv\u00e1rosb\u00f3l \ud83d\udc8b | Secrets from Budapest \ud83d\udc8e Feln\u0151tt j\u00e1t\u00e9kok \u2022 Erotika \u2022 Szexshop Belvaros\",\"publisher\":{\"@id\":\"https:\\\/\\\/www.szexshopbelvaros.com\\\/#organization\"},\"potentialAction\":[{\"@type\":\"SearchAction\",\"target\":{\"@type\":\"EntryPoint\",\"urlTemplate\":\"https:\\\/\\\/www.szexshopbelvaros.com\\\/?s={search_term_string}\"},\"query-input\":{\"@type\":\"PropertyValueSpecification\",\"valueRequired\":true,\"valueName\":\"search_term_string\"}}],\"inLanguage\":\"en-US\"},{\"@type\":\"Organization\",\"@id\":\"https:\\\/\\\/www.szexshopbelvaros.com\\\/#organization\",\"name\":\"Szexshop Belv\u00e1ros\",\"alternateName\":\"szexshopbelvaros.com\",\"url\":\"https:\\\/\\\/www.szexshopbelvaros.com\\\/\",\"logo\":{\"@type\":\"ImageObject\",\"inLanguage\":\"en-US\",\"@id\":\"https:\\\/\\\/www.szexshopbelvaros.com\\\/#\\\/schema\\\/logo\\\/image\\\/\",\"url\":\"https:\\\/\\\/www.szexshopbelvaros.com\\\/wp-content\\\/uploads\\\/2025\\\/09\\\/1Szexshopbelvaroslogo_blurred_stronger.jpg\",\"contentUrl\":\"https:\\\/\\\/www.szexshopbelvaros.com\\\/wp-content\\\/uploads\\\/2025\\\/09\\\/1Szexshopbelvaroslogo_blurred_stronger.jpg\",\"width\":1024,\"height\":1024,\"caption\":\"Szexshop Belv\u00e1ros\"},\"image\":{\"@id\":\"https:\\\/\\\/www.szexshopbelvaros.com\\\/#\\\/schema\\\/logo\\\/image\\\/\"},\"sameAs\":[\"https:\\\/\\\/www.facebook.com\\\/belvarossecrets\\\/\",\"https:\\\/\\\/x.com\\\/belvarossecrets\",\"https:\\\/\\\/www.instagram.com\\\/belvarossecrets\\\/\",\"https:\\\/\\\/www.tiktok.com\\\/@belvarossecrets\"]}]}<\/script>\n<!-- \/ Yoast SEO plugin. -->","yoast_head_json":{"title":"\ud83c\udf46 Transparent men&#039;s stockings \u2013 Cock Sheer | Sexshop Belv\u00e1ros","description":"Sheer men&#039;s stockings with an open cut and a cheeky visual effect. They don&#039;t cover much, but they say more. Sex shop Belv\u00e1ros.","robots":{"index":"index","follow":"follow","max-snippet":"max-snippet:-1","max-image-preview":"max-image-preview:large","max-video-preview":"max-video-preview:-1"},"canonical":"https:\/\/www.szexshopbelvaros.com\/en\/product\/attetszo-ferfi-harisnya-cock-sheer\/","og_locale":"en_US","og_type":"article","og_title":"\ud83c\udf46 \u00c1ttetsz\u0151 f\u00e9rfi harisnya \u2013 Cock Sheer | Szexshop Belv\u00e1ros","og_description":"\u00c1ttetsz\u0151 f\u00e9rfi harisnya nyitott fazonnal \u00e9s pimasz vizu\u00e1lis hat\u00e1ssal. Nem sokat takar, de ann\u00e1l t\u00f6bbet mond. Szexshop Belv\u00e1ros.","og_url":"https:\/\/www.szexshopbelvaros.com\/en\/product\/attetszo-ferfi-harisnya-cock-sheer\/","og_site_name":"Szexshop Belvaros","article_publisher":"https:\/\/www.facebook.com\/belvarossecrets\/","article_modified_time":"2026-05-08T14:01:16+00:00","og_image":[{"width":2560,"height":1440,"url":"https:\/\/www.szexshopbelvaros.com\/wp-content\/uploads\/2026\/05\/69fde2cb9f46a97743562a23-scaled.png","type":"image\/png"}],"twitter_card":"summary_large_image","twitter_site":"@belvarossecrets","twitter_misc":{"Est. reading time":"1 minute"},"schema":{"@context":"https:\/\/schema.org","@graph":[{"@type":"WebPage","@id":"https:\/\/www.szexshopbelvaros.com\/termek\/attetszo-ferfi-harisnya-cock-sheer\/","url":"https:\/\/www.szexshopbelvaros.com\/termek\/attetszo-ferfi-harisnya-cock-sheer\/","name":"\ud83c\udf46 Transparent men&#039;s stockings \u2013 Cock Sheer | Sexshop Belv\u00e1ros","isPartOf":{"@id":"https:\/\/www.szexshopbelvaros.com\/#website"},"primaryImageOfPage":{"@id":"https:\/\/www.szexshopbelvaros.com\/termek\/attetszo-ferfi-harisnya-cock-sheer\/#primaryimage"},"image":{"@id":"https:\/\/www.szexshopbelvaros.com\/termek\/attetszo-ferfi-harisnya-cock-sheer\/#primaryimage"},"thumbnailUrl":"https:\/\/www.szexshopbelvaros.com\/wp-content\/uploads\/2026\/05\/69fde2cb9f46a97743562a23-scaled.png","datePublished":"2026-05-08T13:59:24+00:00","dateModified":"2026-05-08T14:01:16+00:00","description":"Sheer men&#039;s stockings with an open cut and a cheeky visual effect. They don&#039;t cover much, but they say more. Sex shop Belv\u00e1ros.","breadcrumb":{"@id":"https:\/\/www.szexshopbelvaros.com\/termek\/attetszo-ferfi-harisnya-cock-sheer\/#breadcrumb"},"inLanguage":"en-US","potentialAction":[{"@type":"ReadAction","target":["https:\/\/www.szexshopbelvaros.com\/termek\/attetszo-ferfi-harisnya-cock-sheer\/"]}]},{"@type":"ImageObject","inLanguage":"en-US","@id":"https:\/\/www.szexshopbelvaros.com\/termek\/attetszo-ferfi-harisnya-cock-sheer\/#primaryimage","url":"https:\/\/www.szexshopbelvaros.com\/wp-content\/uploads\/2026\/05\/69fde2cb9f46a97743562a23-scaled.png","contentUrl":"https:\/\/www.szexshopbelvaros.com\/wp-content\/uploads\/2026\/05\/69fde2cb9f46a97743562a23-scaled.png","width":2560,"height":1440,"caption":"HU: \u00c1ttetsz\u0151 testsz\u00edn\u0171 f\u00e9rfi harisnya anat\u00f3miai p\u00e9nisztokkal \u00e9s nyitott v\u00e9g\u0171 kialak\u00edt\u00e1ssal EN: Sheer nude men\u2019s pantyhose with anatomical penis sleeve and open-ended design"},{"@type":"BreadcrumbList","@id":"https:\/\/www.szexshopbelvaros.com\/termek\/attetszo-ferfi-harisnya-cock-sheer\/#breadcrumb","itemListElement":[{"@type":"ListItem","position":1,"name":"Home","item":"https:\/\/www.szexshopbelvaros.com\/"},{"@type":"ListItem","position":2,"name":"\u00c1ruh\u00e1z","item":"https:\/\/www.szexshopbelvaros.com\/uzlet\/"},{"@type":"ListItem","position":3,"name":"\ud83c\udf46 CockSheer &#8211; Ez nemcsak harisnya, ez \u00e9let\u00e9rz\u00e9s, extra himvesz\u00f6vel."}]},{"@type":"WebSite","@id":"https:\/\/www.szexshopbelvaros.com\/#website","url":"https:\/\/www.szexshopbelvaros.com\/","name":"Szexshop Belv\u00e1ros","description":"\ud83d\udd25 Sex is like money; only too much is enough!\u2122 Secrets from the city center \ud83d\udc8b | Secrets from Budapest \ud83d\udc8e Adult games \u2022 Erotica \u2022 Sex shop Belvaros","publisher":{"@id":"https:\/\/www.szexshopbelvaros.com\/#organization"},"potentialAction":[{"@type":"SearchAction","target":{"@type":"EntryPoint","urlTemplate":"https:\/\/www.szexshopbelvaros.com\/?s={search_term_string}"},"query-input":{"@type":"PropertyValueSpecification","valueRequired":true,"valueName":"search_term_string"}}],"inLanguage":"en-US"},{"@type":"Organization","@id":"https:\/\/www.szexshopbelvaros.com\/#organization","name":"Szexshop Belv\u00e1ros","alternateName":"szexshopbelvaros.com","url":"https:\/\/www.szexshopbelvaros.com\/","logo":{"@type":"ImageObject","inLanguage":"en-US","@id":"https:\/\/www.szexshopbelvaros.com\/#\/schema\/logo\/image\/","url":"https:\/\/www.szexshopbelvaros.com\/wp-content\/uploads\/2025\/09\/1Szexshopbelvaroslogo_blurred_stronger.jpg","contentUrl":"https:\/\/www.szexshopbelvaros.com\/wp-content\/uploads\/2025\/09\/1Szexshopbelvaroslogo_blurred_stronger.jpg","width":1024,"height":1024,"caption":"Szexshop Belv\u00e1ros"},"image":{"@id":"https:\/\/www.szexshopbelvaros.com\/#\/schema\/logo\/image\/"},"sameAs":["https:\/\/www.facebook.com\/belvarossecrets\/","https:\/\/x.com\/belvarossecrets","https:\/\/www.instagram.com\/belvarossecrets\/","https:\/\/www.tiktok.com\/@belvarossecrets"]}]}},"_links":{"self":[{"href":"https:\/\/www.szexshopbelvaros.com\/en\/wp-json\/wp\/v2\/product\/3323","targetHints":{"allow":["GET"]}}],"collection":[{"href":"https:\/\/www.szexshopbelvaros.com\/en\/wp-json\/wp\/v2\/product"}],"about":[{"href":"https:\/\/www.szexshopbelvaros.com\/en\/wp-json\/wp\/v2\/types\/product"}],"replies":[{"embeddable":true,"href":"https:\/\/www.szexshopbelvaros.com\/en\/wp-json\/wp\/v2\/comments?post=3323"}],"wp:featuredmedia":[{"embeddable":true,"href":"https:\/\/www.szexshopbelvaros.com\/en\/wp-json\/wp\/v2\/media\/3324"}],"wp:attachment":[{"href":"https:\/\/www.szexshopbelvaros.com\/en\/wp-json\/wp\/v2\/media?parent=3323"}],"wp:term":[{"taxonomy":"product_brand","embeddable":true,"href":"https:\/\/www.szexshopbelvaros.com\/en\/wp-json\/wp\/v2\/product_brand?post=3323"},{"taxonomy":"product_cat","embeddable":true,"href":"https:\/\/www.szexshopbelvaros.com\/en\/wp-json\/wp\/v2\/product_cat?post=3323"},{"taxonomy":"product_tag","embeddable":true,"href":"https:\/\/www.szexshopbelvaros.com\/en\/wp-json\/wp\/v2\/product_tag?post=3323"}],"curies":[{"name":"wp","href":"https:\/\/api.w.org\/{rel}","templated":true}]}}