{"id":336,"date":"2025-01-31T14:38:28","date_gmt":"2025-01-31T13:38:28","guid":{"rendered":"https:\/\/www.szexshopbelvaros.com\/termek\/nagyobb-ladyagra-10-db-kapszula\/"},"modified":"2026-02-14T15:39:39","modified_gmt":"2026-02-14T14:39:39","slug":"nagyobb-ladyagra-10-db-kapszula","status":"publish","type":"product","link":"https:\/\/www.szexshopbelvaros.com\/en\/product\/nagyobb-ladyagra-10-db-kapszula\/","title":{"rendered":"Larger Ladyagra \u2013 10 capsules"},"content":{"rendered":"<p>Ladyagra \u2013 Dietary supplement capsule for women<\/p>\n<p>10 pcs<\/p>\n<p>Suggested use of Ladyagra:<br \/>\nIt is recommended to take 2 capsules daily - preferably on an empty stomach.<br \/>\nTake the capsule 30-40 minutes before intercourse, with plenty of liquid. Do not exceed the daily dose!<\/p>\n<p>Warning!<br \/>\nCaution is required in cases of high or low blood pressure. The product should not be used by pregnant women and nursing mothers. The product should not be taken by persons under the age of 18.<br \/>\nThe dietary supplement is not a substitute for a balanced, varied diet and a healthy lifestyle.<\/p>\n<p>Packaging:<br \/>\n10 capsules<\/p>\n<p>Ingredients\/ Active ingredient in the daily dose (2 capsules)<\/p>\n<p>Maca root extract (Maca root extraxt) 180 mg<br \/>\nPine bark extract 100 mg<br \/>\nDamiana leaf extract 60 mg<br \/>\nGinger extract (Ginger extract) 60 mg<br \/>\nSarsaparilla rhizome extract (Sarsaparilla rhizome extract) 45 mg<br \/>\nBlack pepper extract (Black pepper extraxt) 5 mg<\/p>\n<p>Other ingredients:<br \/>\nMagnesium stearate, gelatin capsule, rice flour<\/p>\n<p>Storage:<\/p>\n<p>Store in a cool, dry place. Keep the product out of the reach of children.<\/p>\n<p>Product group tablets, capsules<\/p>\n<p>&nbsp;<\/p>","protected":false},"excerpt":{"rendered":"<p>Ladyagra &#8211; \u00c9trend-kieg\u00e9sz\u00edt\u0151 kapszula N\u0151knek 10 db A Ladyagra alkalmaz\u00e1si javaslata: Naponta 2 kapszula bev\u00e9tele javasolt \u2013 lehet\u0151leg \u00e9hgyomorra. A kapszul\u00e1t 30-40 perccel az aktus el\u0151tt vegye be, b\u0151s\u00e9ges folyad\u00e9kkal. Ne l\u00e9pje t\u00fal a napi adagot! Figyelmeztet\u00e9s! Magas illetve alacsony v\u00e9rnyom\u00e1s eset\u00e9n \u00f3vatoss\u00e1got ig\u00e9nyel. A k\u00e9sz\u00edtm\u00e9nyt v\u00e1rand\u00f3s n\u0151k \u00e9s szoptat\u00f3s any\u00e1k nem haszn\u00e1lhatj\u00e1k. A k\u00e9sz\u00edtm\u00e9ny [&#8230;]\n","protected":false},"featured_media":337,"comment_status":"closed","ping_status":"closed","template":"","meta":[],"product_brand":[],"product_cat":[156,120],"product_tag":[2052,2053,1528,2050,884,2066,2047,2051,2067,2064,2065,863,865,2049,1201,220,2048,1529],"class_list":{"0":"post-336","1":"product","2":"type-product","3":"status-publish","4":"has-post-thumbnail","6":"product_cat-drogeria-wellness","7":"product_cat-potencianovelok-serkentok-noknek","8":"product_tag-adult-care","9":"product_tag-couples-wellness","10":"product_tag-drogeria","11":"product_tag-felnotteknek","12":"product_tag-female-enhancement","13":"product_tag-female-stimulant","14":"product_tag-intim-termek","15":"product_tag-intimate-products","16":"product_tag-libido-booster","17":"product_tag-libido-fokozasa","18":"product_tag-noi-izgalom-fokozasa","19":"product_tag-noi-potencianovelo","20":"product_tag-noi-serkento","21":"product_tag-paros-egeszseg","22":"product_tag-sexual-wellness","23":"product_tag-szexshop-belvaros","24":"product_tag-szexualis-egeszseg","25":"product_tag-wellness","27":"first","28":"instock","29":"taxable","30":"shipping-taxable","31":"purchasable","32":"product-type-simple"},"yoast_head":"<!-- This site is optimized with the Yoast SEO plugin v27.4 - https:\/\/yoast.com\/product\/yoast-seo-wordpress\/ -->\n<title>Nagyobb Ladyagra - 10 db. kapszula - Szexshop Belvaros<\/title>\n<meta name=\"robots\" content=\"index, follow, max-snippet:-1, max-image-preview:large, max-video-preview:-1\" \/>\n<link rel=\"canonical\" href=\"https:\/\/www.szexshopbelvaros.com\/en\/product\/nagyobb-ladyagra-10-db-kapszula\/\" \/>\n<meta property=\"og:locale\" content=\"en_US\" \/>\n<meta property=\"og:type\" content=\"article\" \/>\n<meta property=\"og:title\" content=\"Nagyobb Ladyagra - 10 db. kapszula - Szexshop Belvaros\" \/>\n<meta property=\"og:description\" content=\"Ladyagra &#8211; \u00c9trend-kieg\u00e9sz\u00edt\u0151 kapszula N\u0151knek 10 db A Ladyagra alkalmaz\u00e1si javaslata: Naponta 2 kapszula bev\u00e9tele javasolt \u2013 lehet\u0151leg \u00e9hgyomorra. A kapszul\u00e1t 30-40 perccel az aktus el\u0151tt vegye be, b\u0151s\u00e9ges folyad\u00e9kkal. Ne l\u00e9pje t\u00fal a napi adagot! Figyelmeztet\u00e9s! Magas illetve alacsony v\u00e9rnyom\u00e1s eset\u00e9n \u00f3vatoss\u00e1got ig\u00e9nyel. A k\u00e9sz\u00edtm\u00e9nyt v\u00e1rand\u00f3s n\u0151k \u00e9s szoptat\u00f3s any\u00e1k nem haszn\u00e1lhatj\u00e1k. A k\u00e9sz\u00edtm\u00e9ny [...]\" \/>\n<meta property=\"og:url\" content=\"https:\/\/www.szexshopbelvaros.com\/en\/product\/nagyobb-ladyagra-10-db-kapszula\/\" \/>\n<meta property=\"og:site_name\" content=\"Szexshop Belvaros\" \/>\n<meta property=\"article:publisher\" content=\"https:\/\/www.facebook.com\/belvarossecrets\/\" \/>\n<meta property=\"article:modified_time\" content=\"2026-02-14T14:39:39+00:00\" \/>\n<meta property=\"og:image\" content=\"https:\/\/www.szexshopbelvaros.com\/wp-content\/uploads\/2025\/01\/e3bde6f8-ed00-11ee-9a65-3a4a0444301a_56465_1000x1000.jpg\" \/>\n\t<meta property=\"og:image:width\" content=\"1200\" \/>\n\t<meta property=\"og:image:height\" content=\"675\" \/>\n\t<meta property=\"og:image:type\" content=\"image\/jpeg\" \/>\n<meta name=\"twitter:card\" content=\"summary_large_image\" \/>\n<meta name=\"twitter:site\" content=\"@belvarossecrets\" \/>\n<meta name=\"twitter:label1\" content=\"Est. reading time\" \/>\n\t<meta name=\"twitter:data1\" content=\"1 minute\" \/>\n<script type=\"application\/ld+json\" class=\"yoast-schema-graph\">{\"@context\":\"https:\\\/\\\/schema.org\",\"@graph\":[{\"@type\":\"WebPage\",\"@id\":\"https:\\\/\\\/www.szexshopbelvaros.com\\\/termek\\\/nagyobb-ladyagra-10-db-kapszula\\\/\",\"url\":\"https:\\\/\\\/www.szexshopbelvaros.com\\\/termek\\\/nagyobb-ladyagra-10-db-kapszula\\\/\",\"name\":\"Nagyobb Ladyagra - 10 db. kapszula - Szexshop Belvaros\",\"isPartOf\":{\"@id\":\"https:\\\/\\\/www.szexshopbelvaros.com\\\/#website\"},\"primaryImageOfPage\":{\"@id\":\"https:\\\/\\\/www.szexshopbelvaros.com\\\/termek\\\/nagyobb-ladyagra-10-db-kapszula\\\/#primaryimage\"},\"image\":{\"@id\":\"https:\\\/\\\/www.szexshopbelvaros.com\\\/termek\\\/nagyobb-ladyagra-10-db-kapszula\\\/#primaryimage\"},\"thumbnailUrl\":\"https:\\\/\\\/www.szexshopbelvaros.com\\\/wp-content\\\/uploads\\\/2025\\\/01\\\/e3bde6f8-ed00-11ee-9a65-3a4a0444301a_56465_1000x1000.jpg\",\"datePublished\":\"2025-01-31T13:38:28+00:00\",\"dateModified\":\"2026-02-14T14:39:39+00:00\",\"breadcrumb\":{\"@id\":\"https:\\\/\\\/www.szexshopbelvaros.com\\\/termek\\\/nagyobb-ladyagra-10-db-kapszula\\\/#breadcrumb\"},\"inLanguage\":\"en-US\",\"potentialAction\":[{\"@type\":\"ReadAction\",\"target\":[\"https:\\\/\\\/www.szexshopbelvaros.com\\\/termek\\\/nagyobb-ladyagra-10-db-kapszula\\\/\"]}]},{\"@type\":\"ImageObject\",\"inLanguage\":\"en-US\",\"@id\":\"https:\\\/\\\/www.szexshopbelvaros.com\\\/termek\\\/nagyobb-ladyagra-10-db-kapszula\\\/#primaryimage\",\"url\":\"https:\\\/\\\/www.szexshopbelvaros.com\\\/wp-content\\\/uploads\\\/2025\\\/01\\\/e3bde6f8-ed00-11ee-9a65-3a4a0444301a_56465_1000x1000.jpg\",\"contentUrl\":\"https:\\\/\\\/www.szexshopbelvaros.com\\\/wp-content\\\/uploads\\\/2025\\\/01\\\/e3bde6f8-ed00-11ee-9a65-3a4a0444301a_56465_1000x1000.jpg\",\"width\":1200,\"height\":675},{\"@type\":\"BreadcrumbList\",\"@id\":\"https:\\\/\\\/www.szexshopbelvaros.com\\\/termek\\\/nagyobb-ladyagra-10-db-kapszula\\\/#breadcrumb\",\"itemListElement\":[{\"@type\":\"ListItem\",\"position\":1,\"name\":\"Home\",\"item\":\"https:\\\/\\\/www.szexshopbelvaros.com\\\/\"},{\"@type\":\"ListItem\",\"position\":2,\"name\":\"\u00c1ruh\u00e1z\",\"item\":\"https:\\\/\\\/www.szexshopbelvaros.com\\\/uzlet\\\/\"},{\"@type\":\"ListItem\",\"position\":3,\"name\":\"Nagyobb Ladyagra &#8211; 10 db. kapszula\"}]},{\"@type\":\"WebSite\",\"@id\":\"https:\\\/\\\/www.szexshopbelvaros.com\\\/#website\",\"url\":\"https:\\\/\\\/www.szexshopbelvaros.com\\\/\",\"name\":\"Szexshop Belv\u00e1ros\",\"description\":\"\ud83d\udd25 A szex olyan, mint a p\u00e9nz; csak a t\u00fal sok el\u00e9g!\u2122 Titkok a belv\u00e1rosb\u00f3l \ud83d\udc8b | Secrets from Budapest \ud83d\udc8e Feln\u0151tt j\u00e1t\u00e9kok \u2022 Erotika \u2022 Szexshop Belvaros\",\"publisher\":{\"@id\":\"https:\\\/\\\/www.szexshopbelvaros.com\\\/#organization\"},\"potentialAction\":[{\"@type\":\"SearchAction\",\"target\":{\"@type\":\"EntryPoint\",\"urlTemplate\":\"https:\\\/\\\/www.szexshopbelvaros.com\\\/?s={search_term_string}\"},\"query-input\":{\"@type\":\"PropertyValueSpecification\",\"valueRequired\":true,\"valueName\":\"search_term_string\"}}],\"inLanguage\":\"en-US\"},{\"@type\":\"Organization\",\"@id\":\"https:\\\/\\\/www.szexshopbelvaros.com\\\/#organization\",\"name\":\"Szexshop Belv\u00e1ros\",\"alternateName\":\"szexshopbelvaros.com\",\"url\":\"https:\\\/\\\/www.szexshopbelvaros.com\\\/\",\"logo\":{\"@type\":\"ImageObject\",\"inLanguage\":\"en-US\",\"@id\":\"https:\\\/\\\/www.szexshopbelvaros.com\\\/#\\\/schema\\\/logo\\\/image\\\/\",\"url\":\"https:\\\/\\\/www.szexshopbelvaros.com\\\/wp-content\\\/uploads\\\/2025\\\/09\\\/1Szexshopbelvaroslogo_blurred_stronger.jpg\",\"contentUrl\":\"https:\\\/\\\/www.szexshopbelvaros.com\\\/wp-content\\\/uploads\\\/2025\\\/09\\\/1Szexshopbelvaroslogo_blurred_stronger.jpg\",\"width\":1024,\"height\":1024,\"caption\":\"Szexshop Belv\u00e1ros\"},\"image\":{\"@id\":\"https:\\\/\\\/www.szexshopbelvaros.com\\\/#\\\/schema\\\/logo\\\/image\\\/\"},\"sameAs\":[\"https:\\\/\\\/www.facebook.com\\\/belvarossecrets\\\/\",\"https:\\\/\\\/x.com\\\/belvarossecrets\",\"https:\\\/\\\/www.instagram.com\\\/belvarossecrets\\\/\",\"https:\\\/\\\/www.tiktok.com\\\/@belvarossecrets\"]}]}<\/script>\n<!-- \/ Yoast SEO plugin. -->","yoast_head_json":{"title":"Larger Ladyagra - 10 capsules - Sex shop Belvaros","robots":{"index":"index","follow":"follow","max-snippet":"max-snippet:-1","max-image-preview":"max-image-preview:large","max-video-preview":"max-video-preview:-1"},"canonical":"https:\/\/www.szexshopbelvaros.com\/en\/product\/nagyobb-ladyagra-10-db-kapszula\/","og_locale":"en_US","og_type":"article","og_title":"Nagyobb Ladyagra - 10 db. kapszula - Szexshop Belvaros","og_description":"Ladyagra &#8211; \u00c9trend-kieg\u00e9sz\u00edt\u0151 kapszula N\u0151knek 10 db A Ladyagra alkalmaz\u00e1si javaslata: Naponta 2 kapszula bev\u00e9tele javasolt \u2013 lehet\u0151leg \u00e9hgyomorra. A kapszul\u00e1t 30-40 perccel az aktus el\u0151tt vegye be, b\u0151s\u00e9ges folyad\u00e9kkal. Ne l\u00e9pje t\u00fal a napi adagot! Figyelmeztet\u00e9s! Magas illetve alacsony v\u00e9rnyom\u00e1s eset\u00e9n \u00f3vatoss\u00e1got ig\u00e9nyel. A k\u00e9sz\u00edtm\u00e9nyt v\u00e1rand\u00f3s n\u0151k \u00e9s szoptat\u00f3s any\u00e1k nem haszn\u00e1lhatj\u00e1k. A k\u00e9sz\u00edtm\u00e9ny [...]","og_url":"https:\/\/www.szexshopbelvaros.com\/en\/product\/nagyobb-ladyagra-10-db-kapszula\/","og_site_name":"Szexshop Belvaros","article_publisher":"https:\/\/www.facebook.com\/belvarossecrets\/","article_modified_time":"2026-02-14T14:39:39+00:00","og_image":[{"width":1200,"height":675,"url":"https:\/\/www.szexshopbelvaros.com\/wp-content\/uploads\/2025\/01\/e3bde6f8-ed00-11ee-9a65-3a4a0444301a_56465_1000x1000.jpg","type":"image\/jpeg"}],"twitter_card":"summary_large_image","twitter_site":"@belvarossecrets","twitter_misc":{"Est. reading time":"1 minute"},"schema":{"@context":"https:\/\/schema.org","@graph":[{"@type":"WebPage","@id":"https:\/\/www.szexshopbelvaros.com\/termek\/nagyobb-ladyagra-10-db-kapszula\/","url":"https:\/\/www.szexshopbelvaros.com\/termek\/nagyobb-ladyagra-10-db-kapszula\/","name":"Larger Ladyagra - 10 capsules - Sex shop Belvaros","isPartOf":{"@id":"https:\/\/www.szexshopbelvaros.com\/#website"},"primaryImageOfPage":{"@id":"https:\/\/www.szexshopbelvaros.com\/termek\/nagyobb-ladyagra-10-db-kapszula\/#primaryimage"},"image":{"@id":"https:\/\/www.szexshopbelvaros.com\/termek\/nagyobb-ladyagra-10-db-kapszula\/#primaryimage"},"thumbnailUrl":"https:\/\/www.szexshopbelvaros.com\/wp-content\/uploads\/2025\/01\/e3bde6f8-ed00-11ee-9a65-3a4a0444301a_56465_1000x1000.jpg","datePublished":"2025-01-31T13:38:28+00:00","dateModified":"2026-02-14T14:39:39+00:00","breadcrumb":{"@id":"https:\/\/www.szexshopbelvaros.com\/termek\/nagyobb-ladyagra-10-db-kapszula\/#breadcrumb"},"inLanguage":"en-US","potentialAction":[{"@type":"ReadAction","target":["https:\/\/www.szexshopbelvaros.com\/termek\/nagyobb-ladyagra-10-db-kapszula\/"]}]},{"@type":"ImageObject","inLanguage":"en-US","@id":"https:\/\/www.szexshopbelvaros.com\/termek\/nagyobb-ladyagra-10-db-kapszula\/#primaryimage","url":"https:\/\/www.szexshopbelvaros.com\/wp-content\/uploads\/2025\/01\/e3bde6f8-ed00-11ee-9a65-3a4a0444301a_56465_1000x1000.jpg","contentUrl":"https:\/\/www.szexshopbelvaros.com\/wp-content\/uploads\/2025\/01\/e3bde6f8-ed00-11ee-9a65-3a4a0444301a_56465_1000x1000.jpg","width":1200,"height":675},{"@type":"BreadcrumbList","@id":"https:\/\/www.szexshopbelvaros.com\/termek\/nagyobb-ladyagra-10-db-kapszula\/#breadcrumb","itemListElement":[{"@type":"ListItem","position":1,"name":"Home","item":"https:\/\/www.szexshopbelvaros.com\/"},{"@type":"ListItem","position":2,"name":"\u00c1ruh\u00e1z","item":"https:\/\/www.szexshopbelvaros.com\/uzlet\/"},{"@type":"ListItem","position":3,"name":"Nagyobb Ladyagra &#8211; 10 db. kapszula"}]},{"@type":"WebSite","@id":"https:\/\/www.szexshopbelvaros.com\/#website","url":"https:\/\/www.szexshopbelvaros.com\/","name":"at our Szexshop Belv\u00e1ros","description":"\ud83d\udd25 Sex is like money; only too much is enough!\u2122 Secrets from the city center \ud83d\udc8b | Secrets from Budapest \ud83d\udc8e Adult games \u2022 Erotica \u2022 Sex shop Belvaros","publisher":{"@id":"https:\/\/www.szexshopbelvaros.com\/#organization"},"potentialAction":[{"@type":"SearchAction","target":{"@type":"EntryPoint","urlTemplate":"https:\/\/www.szexshopbelvaros.com\/?s={search_term_string}"},"query-input":{"@type":"PropertyValueSpecification","valueRequired":true,"valueName":"search_term_string"}}],"inLanguage":"en-US"},{"@type":"Organization","@id":"https:\/\/www.szexshopbelvaros.com\/#organization","name":"at our Szexshop Belv\u00e1ros","alternateName":"szexshopbelvaros.com","url":"https:\/\/www.szexshopbelvaros.com\/","logo":{"@type":"ImageObject","inLanguage":"en-US","@id":"https:\/\/www.szexshopbelvaros.com\/#\/schema\/logo\/image\/","url":"https:\/\/www.szexshopbelvaros.com\/wp-content\/uploads\/2025\/09\/1Szexshopbelvaroslogo_blurred_stronger.jpg","contentUrl":"https:\/\/www.szexshopbelvaros.com\/wp-content\/uploads\/2025\/09\/1Szexshopbelvaroslogo_blurred_stronger.jpg","width":1024,"height":1024,"caption":"Szexshop Belv\u00e1ros"},"image":{"@id":"https:\/\/www.szexshopbelvaros.com\/#\/schema\/logo\/image\/"},"sameAs":["https:\/\/www.facebook.com\/belvarossecrets\/","https:\/\/x.com\/belvarossecrets","https:\/\/www.instagram.com\/belvarossecrets\/","https:\/\/www.tiktok.com\/@belvarossecrets"]}]}},"_links":{"self":[{"href":"https:\/\/www.szexshopbelvaros.com\/en\/wp-json\/wp\/v2\/product\/336","targetHints":{"allow":["GET"]}}],"collection":[{"href":"https:\/\/www.szexshopbelvaros.com\/en\/wp-json\/wp\/v2\/product"}],"about":[{"href":"https:\/\/www.szexshopbelvaros.com\/en\/wp-json\/wp\/v2\/types\/product"}],"replies":[{"embeddable":true,"href":"https:\/\/www.szexshopbelvaros.com\/en\/wp-json\/wp\/v2\/comments?post=336"}],"wp:featuredmedia":[{"embeddable":true,"href":"https:\/\/www.szexshopbelvaros.com\/en\/wp-json\/wp\/v2\/media\/337"}],"wp:attachment":[{"href":"https:\/\/www.szexshopbelvaros.com\/en\/wp-json\/wp\/v2\/media?parent=336"}],"wp:term":[{"taxonomy":"product_brand","embeddable":true,"href":"https:\/\/www.szexshopbelvaros.com\/en\/wp-json\/wp\/v2\/product_brand?post=336"},{"taxonomy":"product_cat","embeddable":true,"href":"https:\/\/www.szexshopbelvaros.com\/en\/wp-json\/wp\/v2\/product_cat?post=336"},{"taxonomy":"product_tag","embeddable":true,"href":"https:\/\/www.szexshopbelvaros.com\/en\/wp-json\/wp\/v2\/product_tag?post=336"}],"curies":[{"name":"wp","href":"https:\/\/api.w.org\/{rel}","templated":true}]}}