{"id":338,"date":"2025-01-31T14:38:28","date_gmt":"2025-01-31T13:38:28","guid":{"rendered":"https:\/\/www.szexshopbelvaros.com\/termek\/cobeco-pharma-venicon-for-women-vagyfokozo-kapszula-4-db\/"},"modified":"2026-04-08T10:40:13","modified_gmt":"2026-04-08T08:40:13","slug":"cobeco-pharma-venicon-for-women-vagyfokozo-kapszula-4-db","status":"publish","type":"product","link":"https:\/\/www.szexshopbelvaros.com\/en\/product\/cobeco-pharma-venicon-for-women-vagyfokozo-kapszula-4-db\/","title":{"rendered":"Cobeco Pharma \u2013 Venicon For Woman \u2013 Desire enhancing capsules 4 pcs"},"content":{"rendered":"<p>COBECO PHARMA \u2013 VENICON FOR WOMEN \u2013 Desire enhancing capsules 4 pcs<\/p>\n<p>Dietary supplement For women<\/p>\n<p>4 tablets = 3.9 grams<\/p>\n<p>Maca contributes to increasing sexual desire. Niacin helps with fatigue and is involved in normal energy-yielding metabolism.<\/p>\n<p>Use:<br \/>\n1-2 tablets with plenty of water about 30 minutes before sexual activity.<\/p>\n<p>You can take a maximum of 2 tablets in 24 hours!<\/p>\n<p>Do not exceed the recommended daily dose!<\/p>\n<p>&nbsp;<\/p>","protected":false},"excerpt":{"rendered":"<p>COBECO PHARMA &#8211; VENICON FOR WOMEN &#8211; V\u00e1gyfokoz\u00f3 kapszula 4 DB T\u00e1pl\u00e1l\u00e9k-kieg\u00e9sz\u00edt\u0151 N\u0151knek 4 tabletta = 3,9 gramm A maca miatt hozz\u00e1j\u00e1rul a szexu\u00e1lis v\u00e1gy fokoz\u00e1s\u00e1hoz. A niacin seg\u00edt a f\u00e1radts\u00e1gon \u00e9s r\u00e9szt vesz a norm\u00e1l energiatermel\u0151 anyagcsere folyamatokban. Haszn\u00e1lat: 1-2 tabletta b\u0151 v\u00edzzel kb. 30 perccel a szexu\u00e1lis tev\u00e9kenys\u00e9g el\u0151tt. 24 \u00f3ra alatt maximum [&#8230;]\n","protected":false},"featured_media":2706,"comment_status":"closed","ping_status":"closed","template":"","meta":[],"product_brand":[],"product_cat":[156,120],"product_tag":[2052,2053,1528,2050,884,2066,2047,2051,2067,2064,2065,863,865,2049,1201,220,2048,1529],"class_list":{"0":"post-338","1":"product","2":"type-product","3":"status-publish","4":"has-post-thumbnail","6":"product_cat-drogeria-wellness","7":"product_cat-potencianovelok-serkentok-noknek","8":"product_tag-adult-care","9":"product_tag-couples-wellness","10":"product_tag-drogeria","11":"product_tag-felnotteknek","12":"product_tag-female-enhancement","13":"product_tag-female-stimulant","14":"product_tag-intim-termek","15":"product_tag-intimate-products","16":"product_tag-libido-booster","17":"product_tag-libido-fokozasa","18":"product_tag-noi-izgalom-fokozasa","19":"product_tag-noi-potencianovelo","20":"product_tag-noi-serkento","21":"product_tag-paros-egeszseg","22":"product_tag-sexual-wellness","23":"product_tag-szexshop-belvaros","24":"product_tag-szexualis-egeszseg","25":"product_tag-wellness","27":"first","28":"instock","29":"taxable","30":"shipping-taxable","31":"purchasable","32":"product-type-simple"},"yoast_head":"<!-- This site is optimized with the Yoast SEO plugin v27.4 - https:\/\/yoast.com\/product\/yoast-seo-wordpress\/ -->\n<title>Cobeco Pharma - Venicon For Woman - V\u00e1gyfokoz\u00f3 kapszula 4 DB - Szexshop Belvaros<\/title>\n<meta name=\"robots\" content=\"index, follow, max-snippet:-1, max-image-preview:large, max-video-preview:-1\" \/>\n<link rel=\"canonical\" href=\"https:\/\/www.szexshopbelvaros.com\/en\/product\/cobeco-pharma-venicon-for-women-vagyfokozo-kapszula-4-db\/\" \/>\n<meta property=\"og:locale\" content=\"en_US\" \/>\n<meta property=\"og:type\" content=\"article\" \/>\n<meta property=\"og:title\" content=\"Cobeco Pharma - Venicon For Woman - V\u00e1gyfokoz\u00f3 kapszula 4 DB - Szexshop Belvaros\" \/>\n<meta property=\"og:description\" content=\"COBECO PHARMA &#8211; VENICON FOR WOMEN &#8211; V\u00e1gyfokoz\u00f3 kapszula 4 DB T\u00e1pl\u00e1l\u00e9k-kieg\u00e9sz\u00edt\u0151 N\u0151knek 4 tabletta = 3,9 gramm A maca miatt hozz\u00e1j\u00e1rul a szexu\u00e1lis v\u00e1gy fokoz\u00e1s\u00e1hoz. A niacin seg\u00edt a f\u00e1radts\u00e1gon \u00e9s r\u00e9szt vesz a norm\u00e1l energiatermel\u0151 anyagcsere folyamatokban. Haszn\u00e1lat: 1-2 tabletta b\u0151 v\u00edzzel kb. 30 perccel a szexu\u00e1lis tev\u00e9kenys\u00e9g el\u0151tt. 24 \u00f3ra alatt maximum [...]\" \/>\n<meta property=\"og:url\" content=\"https:\/\/www.szexshopbelvaros.com\/en\/product\/cobeco-pharma-venicon-for-women-vagyfokozo-kapszula-4-db\/\" \/>\n<meta property=\"og:site_name\" content=\"Szexshop Belvaros\" \/>\n<meta property=\"article:publisher\" content=\"https:\/\/www.facebook.com\/belvarossecrets\/\" \/>\n<meta property=\"article:modified_time\" content=\"2026-04-08T08:40:13+00:00\" \/>\n<meta property=\"og:image\" content=\"https:\/\/www.szexshopbelvaros.com\/wp-content\/uploads\/2025\/01\/Untitled-design-6.png\" \/>\n\t<meta property=\"og:image:width\" content=\"2048\" \/>\n\t<meta property=\"og:image:height\" content=\"1152\" \/>\n\t<meta property=\"og:image:type\" content=\"image\/png\" \/>\n<meta name=\"twitter:card\" content=\"summary_large_image\" \/>\n<meta name=\"twitter:site\" content=\"@belvarossecrets\" \/>\n<meta name=\"twitter:label1\" content=\"Est. reading time\" \/>\n\t<meta name=\"twitter:data1\" content=\"1 minute\" \/>\n<script type=\"application\/ld+json\" class=\"yoast-schema-graph\">{\"@context\":\"https:\\\/\\\/schema.org\",\"@graph\":[{\"@type\":\"WebPage\",\"@id\":\"https:\\\/\\\/www.szexshopbelvaros.com\\\/termek\\\/cobeco-pharma-venicon-for-women-vagyfokozo-kapszula-4-db\\\/\",\"url\":\"https:\\\/\\\/www.szexshopbelvaros.com\\\/termek\\\/cobeco-pharma-venicon-for-women-vagyfokozo-kapszula-4-db\\\/\",\"name\":\"Cobeco Pharma - Venicon For Woman - V\u00e1gyfokoz\u00f3 kapszula 4 DB - Szexshop Belvaros\",\"isPartOf\":{\"@id\":\"https:\\\/\\\/www.szexshopbelvaros.com\\\/#website\"},\"primaryImageOfPage\":{\"@id\":\"https:\\\/\\\/www.szexshopbelvaros.com\\\/termek\\\/cobeco-pharma-venicon-for-women-vagyfokozo-kapszula-4-db\\\/#primaryimage\"},\"image\":{\"@id\":\"https:\\\/\\\/www.szexshopbelvaros.com\\\/termek\\\/cobeco-pharma-venicon-for-women-vagyfokozo-kapszula-4-db\\\/#primaryimage\"},\"thumbnailUrl\":\"https:\\\/\\\/www.szexshopbelvaros.com\\\/wp-content\\\/uploads\\\/2025\\\/01\\\/Untitled-design-6.png\",\"datePublished\":\"2025-01-31T13:38:28+00:00\",\"dateModified\":\"2026-04-08T08:40:13+00:00\",\"breadcrumb\":{\"@id\":\"https:\\\/\\\/www.szexshopbelvaros.com\\\/termek\\\/cobeco-pharma-venicon-for-women-vagyfokozo-kapszula-4-db\\\/#breadcrumb\"},\"inLanguage\":\"en-US\",\"potentialAction\":[{\"@type\":\"ReadAction\",\"target\":[\"https:\\\/\\\/www.szexshopbelvaros.com\\\/termek\\\/cobeco-pharma-venicon-for-women-vagyfokozo-kapszula-4-db\\\/\"]}]},{\"@type\":\"ImageObject\",\"inLanguage\":\"en-US\",\"@id\":\"https:\\\/\\\/www.szexshopbelvaros.com\\\/termek\\\/cobeco-pharma-venicon-for-women-vagyfokozo-kapszula-4-db\\\/#primaryimage\",\"url\":\"https:\\\/\\\/www.szexshopbelvaros.com\\\/wp-content\\\/uploads\\\/2025\\\/01\\\/Untitled-design-6.png\",\"contentUrl\":\"https:\\\/\\\/www.szexshopbelvaros.com\\\/wp-content\\\/uploads\\\/2025\\\/01\\\/Untitled-design-6.png\",\"width\":2048,\"height\":1152},{\"@type\":\"BreadcrumbList\",\"@id\":\"https:\\\/\\\/www.szexshopbelvaros.com\\\/termek\\\/cobeco-pharma-venicon-for-women-vagyfokozo-kapszula-4-db\\\/#breadcrumb\",\"itemListElement\":[{\"@type\":\"ListItem\",\"position\":1,\"name\":\"Home\",\"item\":\"https:\\\/\\\/www.szexshopbelvaros.com\\\/\"},{\"@type\":\"ListItem\",\"position\":2,\"name\":\"\u00c1ruh\u00e1z\",\"item\":\"https:\\\/\\\/www.szexshopbelvaros.com\\\/uzlet\\\/\"},{\"@type\":\"ListItem\",\"position\":3,\"name\":\"Cobeco Pharma &#8211; Venicon For Woman &#8211; V\u00e1gyfokoz\u00f3 kapszula 4 DB\"}]},{\"@type\":\"WebSite\",\"@id\":\"https:\\\/\\\/www.szexshopbelvaros.com\\\/#website\",\"url\":\"https:\\\/\\\/www.szexshopbelvaros.com\\\/\",\"name\":\"Szexshop Belv\u00e1ros\",\"description\":\"\ud83d\udd25 A szex olyan, mint a p\u00e9nz; csak a t\u00fal sok el\u00e9g!\u2122 Titkok a belv\u00e1rosb\u00f3l \ud83d\udc8b | Secrets from Budapest \ud83d\udc8e Feln\u0151tt j\u00e1t\u00e9kok \u2022 Erotika \u2022 Szexshop Belvaros\",\"publisher\":{\"@id\":\"https:\\\/\\\/www.szexshopbelvaros.com\\\/#organization\"},\"potentialAction\":[{\"@type\":\"SearchAction\",\"target\":{\"@type\":\"EntryPoint\",\"urlTemplate\":\"https:\\\/\\\/www.szexshopbelvaros.com\\\/?s={search_term_string}\"},\"query-input\":{\"@type\":\"PropertyValueSpecification\",\"valueRequired\":true,\"valueName\":\"search_term_string\"}}],\"inLanguage\":\"en-US\"},{\"@type\":\"Organization\",\"@id\":\"https:\\\/\\\/www.szexshopbelvaros.com\\\/#organization\",\"name\":\"Szexshop Belv\u00e1ros\",\"alternateName\":\"szexshopbelvaros.com\",\"url\":\"https:\\\/\\\/www.szexshopbelvaros.com\\\/\",\"logo\":{\"@type\":\"ImageObject\",\"inLanguage\":\"en-US\",\"@id\":\"https:\\\/\\\/www.szexshopbelvaros.com\\\/#\\\/schema\\\/logo\\\/image\\\/\",\"url\":\"https:\\\/\\\/www.szexshopbelvaros.com\\\/wp-content\\\/uploads\\\/2025\\\/09\\\/1Szexshopbelvaroslogo_blurred_stronger.jpg\",\"contentUrl\":\"https:\\\/\\\/www.szexshopbelvaros.com\\\/wp-content\\\/uploads\\\/2025\\\/09\\\/1Szexshopbelvaroslogo_blurred_stronger.jpg\",\"width\":1024,\"height\":1024,\"caption\":\"Szexshop Belv\u00e1ros\"},\"image\":{\"@id\":\"https:\\\/\\\/www.szexshopbelvaros.com\\\/#\\\/schema\\\/logo\\\/image\\\/\"},\"sameAs\":[\"https:\\\/\\\/www.facebook.com\\\/belvarossecrets\\\/\",\"https:\\\/\\\/x.com\\\/belvarossecrets\",\"https:\\\/\\\/www.instagram.com\\\/belvarossecrets\\\/\",\"https:\\\/\\\/www.tiktok.com\\\/@belvarossecrets\"]}]}<\/script>\n<!-- \/ Yoast SEO plugin. -->","yoast_head_json":{"title":"Cobeco Pharma - Venicon For Woman - Desire enhancing capsules 4 pcs - Sex shop Belvaros","robots":{"index":"index","follow":"follow","max-snippet":"max-snippet:-1","max-image-preview":"max-image-preview:large","max-video-preview":"max-video-preview:-1"},"canonical":"https:\/\/www.szexshopbelvaros.com\/en\/product\/cobeco-pharma-venicon-for-women-vagyfokozo-kapszula-4-db\/","og_locale":"en_US","og_type":"article","og_title":"Cobeco Pharma - Venicon For Woman - V\u00e1gyfokoz\u00f3 kapszula 4 DB - Szexshop Belvaros","og_description":"COBECO PHARMA &#8211; VENICON FOR WOMEN &#8211; V\u00e1gyfokoz\u00f3 kapszula 4 DB T\u00e1pl\u00e1l\u00e9k-kieg\u00e9sz\u00edt\u0151 N\u0151knek 4 tabletta = 3,9 gramm A maca miatt hozz\u00e1j\u00e1rul a szexu\u00e1lis v\u00e1gy fokoz\u00e1s\u00e1hoz. A niacin seg\u00edt a f\u00e1radts\u00e1gon \u00e9s r\u00e9szt vesz a norm\u00e1l energiatermel\u0151 anyagcsere folyamatokban. Haszn\u00e1lat: 1-2 tabletta b\u0151 v\u00edzzel kb. 30 perccel a szexu\u00e1lis tev\u00e9kenys\u00e9g el\u0151tt. 24 \u00f3ra alatt maximum [...]","og_url":"https:\/\/www.szexshopbelvaros.com\/en\/product\/cobeco-pharma-venicon-for-women-vagyfokozo-kapszula-4-db\/","og_site_name":"Szexshop Belvaros","article_publisher":"https:\/\/www.facebook.com\/belvarossecrets\/","article_modified_time":"2026-04-08T08:40:13+00:00","og_image":[{"width":2048,"height":1152,"url":"https:\/\/www.szexshopbelvaros.com\/wp-content\/uploads\/2025\/01\/Untitled-design-6.png","type":"image\/png"}],"twitter_card":"summary_large_image","twitter_site":"@belvarossecrets","twitter_misc":{"Est. reading time":"1 minute"},"schema":{"@context":"https:\/\/schema.org","@graph":[{"@type":"WebPage","@id":"https:\/\/www.szexshopbelvaros.com\/termek\/cobeco-pharma-venicon-for-women-vagyfokozo-kapszula-4-db\/","url":"https:\/\/www.szexshopbelvaros.com\/termek\/cobeco-pharma-venicon-for-women-vagyfokozo-kapszula-4-db\/","name":"Cobeco Pharma - Venicon For Woman - Desire enhancing capsules 4 pcs - Sex shop Belvaros","isPartOf":{"@id":"https:\/\/www.szexshopbelvaros.com\/#website"},"primaryImageOfPage":{"@id":"https:\/\/www.szexshopbelvaros.com\/termek\/cobeco-pharma-venicon-for-women-vagyfokozo-kapszula-4-db\/#primaryimage"},"image":{"@id":"https:\/\/www.szexshopbelvaros.com\/termek\/cobeco-pharma-venicon-for-women-vagyfokozo-kapszula-4-db\/#primaryimage"},"thumbnailUrl":"https:\/\/www.szexshopbelvaros.com\/wp-content\/uploads\/2025\/01\/Untitled-design-6.png","datePublished":"2025-01-31T13:38:28+00:00","dateModified":"2026-04-08T08:40:13+00:00","breadcrumb":{"@id":"https:\/\/www.szexshopbelvaros.com\/termek\/cobeco-pharma-venicon-for-women-vagyfokozo-kapszula-4-db\/#breadcrumb"},"inLanguage":"en-US","potentialAction":[{"@type":"ReadAction","target":["https:\/\/www.szexshopbelvaros.com\/termek\/cobeco-pharma-venicon-for-women-vagyfokozo-kapszula-4-db\/"]}]},{"@type":"ImageObject","inLanguage":"en-US","@id":"https:\/\/www.szexshopbelvaros.com\/termek\/cobeco-pharma-venicon-for-women-vagyfokozo-kapszula-4-db\/#primaryimage","url":"https:\/\/www.szexshopbelvaros.com\/wp-content\/uploads\/2025\/01\/Untitled-design-6.png","contentUrl":"https:\/\/www.szexshopbelvaros.com\/wp-content\/uploads\/2025\/01\/Untitled-design-6.png","width":2048,"height":1152},{"@type":"BreadcrumbList","@id":"https:\/\/www.szexshopbelvaros.com\/termek\/cobeco-pharma-venicon-for-women-vagyfokozo-kapszula-4-db\/#breadcrumb","itemListElement":[{"@type":"ListItem","position":1,"name":"Home","item":"https:\/\/www.szexshopbelvaros.com\/"},{"@type":"ListItem","position":2,"name":"\u00c1ruh\u00e1z","item":"https:\/\/www.szexshopbelvaros.com\/uzlet\/"},{"@type":"ListItem","position":3,"name":"Cobeco Pharma &#8211; Venicon For Woman &#8211; V\u00e1gyfokoz\u00f3 kapszula 4 DB"}]},{"@type":"WebSite","@id":"https:\/\/www.szexshopbelvaros.com\/#website","url":"https:\/\/www.szexshopbelvaros.com\/","name":"at our Szexshop Belv\u00e1ros","description":"\ud83d\udd25 Sex is like money; only too much is enough!\u2122 Secrets from the city center \ud83d\udc8b | Secrets from Budapest \ud83d\udc8e Adult games \u2022 Erotica \u2022 Sex shop Belvaros","publisher":{"@id":"https:\/\/www.szexshopbelvaros.com\/#organization"},"potentialAction":[{"@type":"SearchAction","target":{"@type":"EntryPoint","urlTemplate":"https:\/\/www.szexshopbelvaros.com\/?s={search_term_string}"},"query-input":{"@type":"PropertyValueSpecification","valueRequired":true,"valueName":"search_term_string"}}],"inLanguage":"en-US"},{"@type":"Organization","@id":"https:\/\/www.szexshopbelvaros.com\/#organization","name":"at our Szexshop Belv\u00e1ros","alternateName":"szexshopbelvaros.com","url":"https:\/\/www.szexshopbelvaros.com\/","logo":{"@type":"ImageObject","inLanguage":"en-US","@id":"https:\/\/www.szexshopbelvaros.com\/#\/schema\/logo\/image\/","url":"https:\/\/www.szexshopbelvaros.com\/wp-content\/uploads\/2025\/09\/1Szexshopbelvaroslogo_blurred_stronger.jpg","contentUrl":"https:\/\/www.szexshopbelvaros.com\/wp-content\/uploads\/2025\/09\/1Szexshopbelvaroslogo_blurred_stronger.jpg","width":1024,"height":1024,"caption":"Szexshop Belv\u00e1ros"},"image":{"@id":"https:\/\/www.szexshopbelvaros.com\/#\/schema\/logo\/image\/"},"sameAs":["https:\/\/www.facebook.com\/belvarossecrets\/","https:\/\/x.com\/belvarossecrets","https:\/\/www.instagram.com\/belvarossecrets\/","https:\/\/www.tiktok.com\/@belvarossecrets"]}]}},"_links":{"self":[{"href":"https:\/\/www.szexshopbelvaros.com\/en\/wp-json\/wp\/v2\/product\/338","targetHints":{"allow":["GET"]}}],"collection":[{"href":"https:\/\/www.szexshopbelvaros.com\/en\/wp-json\/wp\/v2\/product"}],"about":[{"href":"https:\/\/www.szexshopbelvaros.com\/en\/wp-json\/wp\/v2\/types\/product"}],"replies":[{"embeddable":true,"href":"https:\/\/www.szexshopbelvaros.com\/en\/wp-json\/wp\/v2\/comments?post=338"}],"wp:featuredmedia":[{"embeddable":true,"href":"https:\/\/www.szexshopbelvaros.com\/en\/wp-json\/wp\/v2\/media\/2706"}],"wp:attachment":[{"href":"https:\/\/www.szexshopbelvaros.com\/en\/wp-json\/wp\/v2\/media?parent=338"}],"wp:term":[{"taxonomy":"product_brand","embeddable":true,"href":"https:\/\/www.szexshopbelvaros.com\/en\/wp-json\/wp\/v2\/product_brand?post=338"},{"taxonomy":"product_cat","embeddable":true,"href":"https:\/\/www.szexshopbelvaros.com\/en\/wp-json\/wp\/v2\/product_cat?post=338"},{"taxonomy":"product_tag","embeddable":true,"href":"https:\/\/www.szexshopbelvaros.com\/en\/wp-json\/wp\/v2\/product_tag?post=338"}],"curies":[{"name":"wp","href":"https:\/\/api.w.org\/{rel}","templated":true}]}}