{"id":340,"date":"2025-01-31T14:38:28","date_gmt":"2025-01-31T13:38:28","guid":{"rendered":"https:\/\/www.szexshopbelvaros.com\/termek\/spain-fly-cream-30-ml\/"},"modified":"2026-03-14T12:44:19","modified_gmt":"2026-03-14T11:44:19","slug":"spain-fly-krem-30-ml","status":"publish","type":"product","link":"https:\/\/www.szexshopbelvaros.com\/en\/product\/spain-fly-krem-30-ml\/","title":{"rendered":"\ud83e\udeb0 Spanish Fly Cream 30 ml \u2013 the cream that says: \u201cgood morning, soldier!\u201d"},"content":{"rendered":"<p data-start=\"1706\" data-end=\"2228\">Our <strong data-start=\"1708\" data-end=\"1737\">Spanish Fly cream<\/strong> is a powerful, aphrodisiac stimulating cream specially formulated for men. The cream contains natural oils, plant extracts, and blood circulation-boosting ingredients that can help men perform faster, more consistently, and longer. This <strong data-start=\"2044\" data-end=\"2064\">Spanish Fly cream is<\/strong> not just a traditional stimulant, but a warming, tingling gel that can provide extra sensitivity and enhanced pleasure in intimate areas.<\/p>\n<p data-start=\"2230\" data-end=\"2694\">The warming effect of the cream gently activates blood circulation, which can help support erections and increase confidence. The tingling sensation is not too strong, not irritating, but rather a pleasant, \u201eI woke up down there\u201d feeling, which many men find particularly enjoyable. The <strong data-start=\"2497\" data-end=\"2523\">Spanish Fly cream<\/strong> is easily absorbed, non-sticky, non-staining, and very easy to use: just massage a little cream onto the penis and let the active ingredients absorb.<\/p>\n<p data-start=\"2696\" data-end=\"2936\">This product is a great addition to romantic evenings, self-confidence boosters, or any situation where an extra boost is needed. The combination of warming and stimulating effects can provide fast and spectacular results while providing a pleasant experience.<\/p>\n<p data-start=\"2938\" data-end=\"3010\">\ud83d\udc49 <strong data-start=\"2941\" data-end=\"3008\">Check out the rest of our <a href=\"https:\/\/www.szexshopbelvaros.com\/en\/product-category\/drogeria-wellness\/potencianovelok-serkentok-ferfiaknak\/\">stimulating and erection-supporting<\/a> products while you're here!<\/strong><\/p>\n<p data-start=\"3012\" data-end=\"3114\">\ud83d\udc8b <strong data-start=\"3015\" data-end=\"3114\">Find it at <a class=\"decorated-link\" href=\"http:\/\/www.szexshopbelvaros.com\/en\/\" target=\"_new\" rel=\"noopener\" data-start=\"3030\" data-end=\"3054\">www.szexshopbelvaros.com<\/a> \u2013 where performance is not just an option, but a basic one.<\/strong><\/p>","protected":false},"excerpt":{"rendered":"<p>A Spanish Fly kr\u00e9m 30 ml \ud83e\udeb0 egy er\u0151teljes, afrodizi\u00e1kumos stimul\u00e1l\u00f3 kr\u00e9m, amelyet kifejezetten f\u00e9rfiak sz\u00e1m\u00e1ra fejlesztettek ki. A kr\u00e9m term\u00e9szetes olajokat, n\u00f6v\u00e9nyi kivonatokat \u00e9s v\u00e9rkering\u00e9st t\u00e1mogat\u00f3 \u00f6sszetev\u0151ket tartalmaz, amelyek seg\u00edthetnek abban, hogy a f\u00e9rfiak gyorsabban, stabilabban \u00e9s hosszabban tudjanak teljes\u00edteni. Ez a Spanish Fly kr\u00e9m nem csup\u00e1n egy hagyom\u00e1nyos stimul\u00e1ns, hanem egy olyan meleg\u00edt\u0151, [&#8230;]\n","protected":false},"featured_media":2705,"comment_status":"closed","ping_status":"closed","template":"","meta":[],"product_brand":[73],"product_cat":[156,93],"product_tag":[2052,2053,1528,474,2050,847,849,2047,2051,857,2063,2061,2049,2062,1201,220,2048,1529],"class_list":{"0":"post-340","1":"product","2":"type-product","3":"status-publish","4":"has-post-thumbnail","6":"product_brand-ero","7":"product_cat-drogeria-wellness","8":"product_cat-potencianovelok-serkentok-ferfiaknak","9":"product_tag-adult-care","10":"product_tag-couples-wellness","11":"product_tag-drogeria","12":"product_tag-erection-support","13":"product_tag-felnotteknek","14":"product_tag-ferfi-potencianovelo","15":"product_tag-ferfi-serkento","16":"product_tag-intim-termek","17":"product_tag-intimate-products","18":"product_tag-male-enhancement","19":"product_tag-male-stimulant","20":"product_tag-merevedes-fokozasa","21":"product_tag-paros-egeszseg","22":"product_tag-potencianovelo-kapszula","23":"product_tag-sexual-wellness","24":"product_tag-szexshop-belvaros","25":"product_tag-szexualis-egeszseg","26":"product_tag-wellness","28":"first","29":"instock","30":"taxable","31":"shipping-taxable","32":"purchasable","33":"product-type-simple"},"yoast_head":"<!-- This site is optimized with the Yoast SEO plugin v27.4 - https:\/\/yoast.com\/product\/yoast-seo-wordpress\/ -->\n<title>\ud83e\udeb0 Spanish Fly kr\u00e9m 30 ml \u2013 Erekci\u00f3t t\u00e1mogat\u00f3 kr\u00e9m<\/title>\n<meta name=\"description\" content=\"\ud83e\udeb0 Spanish Fly kr\u00e9m 30 ml \u2013 v\u00e9rkering\u00e9st fokoz\u00f3, afrodizi\u00e1kumos erekci\u00f3t t\u00e1mogat\u00f3 kr\u00e9m f\u00e9rfiaknak. Meleg\u00edt\u0151, bizserget\u0151 hat\u00e1s, term\u00e9szetes kivonatokkal.\" \/>\n<meta name=\"robots\" content=\"index, follow, max-snippet:-1, max-image-preview:large, max-video-preview:-1\" \/>\n<link rel=\"canonical\" href=\"https:\/\/www.szexshopbelvaros.com\/en\/product\/spain-fly-krem-30-ml\/\" \/>\n<meta property=\"og:locale\" content=\"en_US\" \/>\n<meta property=\"og:type\" content=\"article\" \/>\n<meta property=\"og:title\" content=\"\ud83e\udeb0 Spanish Fly kr\u00e9m 30 ml \u2013 Erekci\u00f3t t\u00e1mogat\u00f3 kr\u00e9m\" \/>\n<meta property=\"og:description\" content=\"\ud83e\udeb0 Spanish Fly kr\u00e9m 30 ml \u2013 v\u00e9rkering\u00e9st fokoz\u00f3, afrodizi\u00e1kumos erekci\u00f3t t\u00e1mogat\u00f3 kr\u00e9m f\u00e9rfiaknak. Meleg\u00edt\u0151, bizserget\u0151 hat\u00e1s, term\u00e9szetes kivonatokkal.\" \/>\n<meta property=\"og:url\" content=\"https:\/\/www.szexshopbelvaros.com\/en\/product\/spain-fly-krem-30-ml\/\" \/>\n<meta property=\"og:site_name\" content=\"Szexshop Belvaros\" \/>\n<meta property=\"article:publisher\" content=\"https:\/\/www.facebook.com\/belvarossecrets\/\" \/>\n<meta property=\"article:modified_time\" content=\"2026-03-14T11:44:19+00:00\" \/>\n<meta property=\"og:image\" content=\"https:\/\/www.szexshopbelvaros.com\/wp-content\/uploads\/2025\/01\/Untitled-design-5.png\" \/>\n\t<meta property=\"og:image:width\" content=\"2048\" \/>\n\t<meta property=\"og:image:height\" content=\"1152\" \/>\n\t<meta property=\"og:image:type\" content=\"image\/png\" \/>\n<meta name=\"twitter:card\" content=\"summary_large_image\" \/>\n<meta name=\"twitter:site\" content=\"@belvarossecrets\" \/>\n<meta name=\"twitter:label1\" content=\"Est. reading time\" \/>\n\t<meta name=\"twitter:data1\" content=\"2 minutes\" \/>\n<script type=\"application\/ld+json\" class=\"yoast-schema-graph\">{\"@context\":\"https:\\\/\\\/schema.org\",\"@graph\":[{\"@type\":\"WebPage\",\"@id\":\"https:\\\/\\\/www.szexshopbelvaros.com\\\/termek\\\/spain-fly-krem-30-ml\\\/\",\"url\":\"https:\\\/\\\/www.szexshopbelvaros.com\\\/termek\\\/spain-fly-krem-30-ml\\\/\",\"name\":\"\ud83e\udeb0 Spanish Fly kr\u00e9m 30 ml \u2013 Erekci\u00f3t t\u00e1mogat\u00f3 kr\u00e9m\",\"isPartOf\":{\"@id\":\"https:\\\/\\\/www.szexshopbelvaros.com\\\/#website\"},\"primaryImageOfPage\":{\"@id\":\"https:\\\/\\\/www.szexshopbelvaros.com\\\/termek\\\/spain-fly-krem-30-ml\\\/#primaryimage\"},\"image\":{\"@id\":\"https:\\\/\\\/www.szexshopbelvaros.com\\\/termek\\\/spain-fly-krem-30-ml\\\/#primaryimage\"},\"thumbnailUrl\":\"https:\\\/\\\/www.szexshopbelvaros.com\\\/wp-content\\\/uploads\\\/2025\\\/01\\\/Untitled-design-5.png\",\"datePublished\":\"2025-01-31T13:38:28+00:00\",\"dateModified\":\"2026-03-14T11:44:19+00:00\",\"description\":\"\ud83e\udeb0 Spanish Fly kr\u00e9m 30 ml \u2013 v\u00e9rkering\u00e9st fokoz\u00f3, afrodizi\u00e1kumos erekci\u00f3t t\u00e1mogat\u00f3 kr\u00e9m f\u00e9rfiaknak. Meleg\u00edt\u0151, bizserget\u0151 hat\u00e1s, term\u00e9szetes kivonatokkal.\",\"breadcrumb\":{\"@id\":\"https:\\\/\\\/www.szexshopbelvaros.com\\\/termek\\\/spain-fly-krem-30-ml\\\/#breadcrumb\"},\"inLanguage\":\"en-US\",\"potentialAction\":[{\"@type\":\"ReadAction\",\"target\":[\"https:\\\/\\\/www.szexshopbelvaros.com\\\/termek\\\/spain-fly-krem-30-ml\\\/\"]}]},{\"@type\":\"ImageObject\",\"inLanguage\":\"en-US\",\"@id\":\"https:\\\/\\\/www.szexshopbelvaros.com\\\/termek\\\/spain-fly-krem-30-ml\\\/#primaryimage\",\"url\":\"https:\\\/\\\/www.szexshopbelvaros.com\\\/wp-content\\\/uploads\\\/2025\\\/01\\\/Untitled-design-5.png\",\"contentUrl\":\"https:\\\/\\\/www.szexshopbelvaros.com\\\/wp-content\\\/uploads\\\/2025\\\/01\\\/Untitled-design-5.png\",\"width\":2048,\"height\":1152,\"caption\":\"spanish fly kr\u00e9m 30 ml \u2013 erekci\u00f3t t\u00e1mogat\u00f3 f\u00e9rfi stimul\u00e1l\u00f3 kr\u00e9m spanish fly cream 30 ml \u2013 erection-supporting male stimulation cream\"},{\"@type\":\"BreadcrumbList\",\"@id\":\"https:\\\/\\\/www.szexshopbelvaros.com\\\/termek\\\/spain-fly-krem-30-ml\\\/#breadcrumb\",\"itemListElement\":[{\"@type\":\"ListItem\",\"position\":1,\"name\":\"Home\",\"item\":\"https:\\\/\\\/www.szexshopbelvaros.com\\\/\"},{\"@type\":\"ListItem\",\"position\":2,\"name\":\"\u00c1ruh\u00e1z\",\"item\":\"https:\\\/\\\/www.szexshopbelvaros.com\\\/uzlet\\\/\"},{\"@type\":\"ListItem\",\"position\":3,\"name\":\"\ud83e\udeb0 Spanish Fly Kr\u00e9m 30 ml &#8211; a kr\u00e9m, ami azt mondja: \u201cj\u00f3 reggelt, katona!\u201d\"}]},{\"@type\":\"WebSite\",\"@id\":\"https:\\\/\\\/www.szexshopbelvaros.com\\\/#website\",\"url\":\"https:\\\/\\\/www.szexshopbelvaros.com\\\/\",\"name\":\"Szexshop Belv\u00e1ros\",\"description\":\"\ud83d\udd25 A szex olyan, mint a p\u00e9nz; csak a t\u00fal sok el\u00e9g!\u2122 Titkok a belv\u00e1rosb\u00f3l \ud83d\udc8b | Secrets from Budapest \ud83d\udc8e Feln\u0151tt j\u00e1t\u00e9kok \u2022 Erotika \u2022 Szexshop Belvaros\",\"publisher\":{\"@id\":\"https:\\\/\\\/www.szexshopbelvaros.com\\\/#organization\"},\"potentialAction\":[{\"@type\":\"SearchAction\",\"target\":{\"@type\":\"EntryPoint\",\"urlTemplate\":\"https:\\\/\\\/www.szexshopbelvaros.com\\\/?s={search_term_string}\"},\"query-input\":{\"@type\":\"PropertyValueSpecification\",\"valueRequired\":true,\"valueName\":\"search_term_string\"}}],\"inLanguage\":\"en-US\"},{\"@type\":\"Organization\",\"@id\":\"https:\\\/\\\/www.szexshopbelvaros.com\\\/#organization\",\"name\":\"Szexshop Belv\u00e1ros\",\"alternateName\":\"szexshopbelvaros.com\",\"url\":\"https:\\\/\\\/www.szexshopbelvaros.com\\\/\",\"logo\":{\"@type\":\"ImageObject\",\"inLanguage\":\"en-US\",\"@id\":\"https:\\\/\\\/www.szexshopbelvaros.com\\\/#\\\/schema\\\/logo\\\/image\\\/\",\"url\":\"https:\\\/\\\/www.szexshopbelvaros.com\\\/wp-content\\\/uploads\\\/2025\\\/09\\\/1Szexshopbelvaroslogo_blurred_stronger.jpg\",\"contentUrl\":\"https:\\\/\\\/www.szexshopbelvaros.com\\\/wp-content\\\/uploads\\\/2025\\\/09\\\/1Szexshopbelvaroslogo_blurred_stronger.jpg\",\"width\":1024,\"height\":1024,\"caption\":\"Szexshop Belv\u00e1ros\"},\"image\":{\"@id\":\"https:\\\/\\\/www.szexshopbelvaros.com\\\/#\\\/schema\\\/logo\\\/image\\\/\"},\"sameAs\":[\"https:\\\/\\\/www.facebook.com\\\/belvarossecrets\\\/\",\"https:\\\/\\\/x.com\\\/belvarossecrets\",\"https:\\\/\\\/www.instagram.com\\\/belvarossecrets\\\/\",\"https:\\\/\\\/www.tiktok.com\\\/@belvarossecrets\"]}]}<\/script>\n<!-- \/ Yoast SEO plugin. -->","yoast_head_json":{"title":"\ud83e\udeb0 Spanish Fly cream 30 ml \u2013 Erection support cream","description":"\ud83e\udeb0 Spanish Fly cream 30 ml \u2013 a blood circulation-enhancing, aphrodisiac erection-supporting cream for men. Warming, tingling effect, with natural extracts.","robots":{"index":"index","follow":"follow","max-snippet":"max-snippet:-1","max-image-preview":"max-image-preview:large","max-video-preview":"max-video-preview:-1"},"canonical":"https:\/\/www.szexshopbelvaros.com\/en\/product\/spain-fly-krem-30-ml\/","og_locale":"en_US","og_type":"article","og_title":"\ud83e\udeb0 Spanish Fly kr\u00e9m 30 ml \u2013 Erekci\u00f3t t\u00e1mogat\u00f3 kr\u00e9m","og_description":"\ud83e\udeb0 Spanish Fly kr\u00e9m 30 ml \u2013 v\u00e9rkering\u00e9st fokoz\u00f3, afrodizi\u00e1kumos erekci\u00f3t t\u00e1mogat\u00f3 kr\u00e9m f\u00e9rfiaknak. Meleg\u00edt\u0151, bizserget\u0151 hat\u00e1s, term\u00e9szetes kivonatokkal.","og_url":"https:\/\/www.szexshopbelvaros.com\/en\/product\/spain-fly-krem-30-ml\/","og_site_name":"Szexshop Belvaros","article_publisher":"https:\/\/www.facebook.com\/belvarossecrets\/","article_modified_time":"2026-03-14T11:44:19+00:00","og_image":[{"width":2048,"height":1152,"url":"https:\/\/www.szexshopbelvaros.com\/wp-content\/uploads\/2025\/01\/Untitled-design-5.png","type":"image\/png"}],"twitter_card":"summary_large_image","twitter_site":"@belvarossecrets","twitter_misc":{"Est. reading time":"2 minutes"},"schema":{"@context":"https:\/\/schema.org","@graph":[{"@type":"WebPage","@id":"https:\/\/www.szexshopbelvaros.com\/termek\/spain-fly-krem-30-ml\/","url":"https:\/\/www.szexshopbelvaros.com\/termek\/spain-fly-krem-30-ml\/","name":"\ud83e\udeb0 Spanish Fly cream 30 ml \u2013 Erection support cream","isPartOf":{"@id":"https:\/\/www.szexshopbelvaros.com\/#website"},"primaryImageOfPage":{"@id":"https:\/\/www.szexshopbelvaros.com\/termek\/spain-fly-krem-30-ml\/#primaryimage"},"image":{"@id":"https:\/\/www.szexshopbelvaros.com\/termek\/spain-fly-krem-30-ml\/#primaryimage"},"thumbnailUrl":"https:\/\/www.szexshopbelvaros.com\/wp-content\/uploads\/2025\/01\/Untitled-design-5.png","datePublished":"2025-01-31T13:38:28+00:00","dateModified":"2026-03-14T11:44:19+00:00","description":"\ud83e\udeb0 Spanish Fly cream 30 ml \u2013 a blood circulation-enhancing, aphrodisiac erection-supporting cream for men. Warming, tingling effect, with natural extracts.","breadcrumb":{"@id":"https:\/\/www.szexshopbelvaros.com\/termek\/spain-fly-krem-30-ml\/#breadcrumb"},"inLanguage":"en-US","potentialAction":[{"@type":"ReadAction","target":["https:\/\/www.szexshopbelvaros.com\/termek\/spain-fly-krem-30-ml\/"]}]},{"@type":"ImageObject","inLanguage":"en-US","@id":"https:\/\/www.szexshopbelvaros.com\/termek\/spain-fly-krem-30-ml\/#primaryimage","url":"https:\/\/www.szexshopbelvaros.com\/wp-content\/uploads\/2025\/01\/Untitled-design-5.png","contentUrl":"https:\/\/www.szexshopbelvaros.com\/wp-content\/uploads\/2025\/01\/Untitled-design-5.png","width":2048,"height":1152,"caption":"spanish fly kr\u00e9m 30 ml \u2013 erekci\u00f3t t\u00e1mogat\u00f3 f\u00e9rfi stimul\u00e1l\u00f3 kr\u00e9m spanish fly cream 30 ml \u2013 erection-supporting male stimulation cream"},{"@type":"BreadcrumbList","@id":"https:\/\/www.szexshopbelvaros.com\/termek\/spain-fly-krem-30-ml\/#breadcrumb","itemListElement":[{"@type":"ListItem","position":1,"name":"Home","item":"https:\/\/www.szexshopbelvaros.com\/"},{"@type":"ListItem","position":2,"name":"\u00c1ruh\u00e1z","item":"https:\/\/www.szexshopbelvaros.com\/uzlet\/"},{"@type":"ListItem","position":3,"name":"\ud83e\udeb0 Spanish Fly Kr\u00e9m 30 ml &#8211; a kr\u00e9m, ami azt mondja: \u201cj\u00f3 reggelt, katona!\u201d"}]},{"@type":"WebSite","@id":"https:\/\/www.szexshopbelvaros.com\/#website","url":"https:\/\/www.szexshopbelvaros.com\/","name":"at our Szexshop Belv\u00e1ros","description":"\ud83d\udd25 Sex is like money; only too much is enough!\u2122 Secrets from the city center \ud83d\udc8b | Secrets from Budapest \ud83d\udc8e Adult games \u2022 Erotica \u2022 Sex shop Belvaros","publisher":{"@id":"https:\/\/www.szexshopbelvaros.com\/#organization"},"potentialAction":[{"@type":"SearchAction","target":{"@type":"EntryPoint","urlTemplate":"https:\/\/www.szexshopbelvaros.com\/?s={search_term_string}"},"query-input":{"@type":"PropertyValueSpecification","valueRequired":true,"valueName":"search_term_string"}}],"inLanguage":"en-US"},{"@type":"Organization","@id":"https:\/\/www.szexshopbelvaros.com\/#organization","name":"at our Szexshop Belv\u00e1ros","alternateName":"szexshopbelvaros.com","url":"https:\/\/www.szexshopbelvaros.com\/","logo":{"@type":"ImageObject","inLanguage":"en-US","@id":"https:\/\/www.szexshopbelvaros.com\/#\/schema\/logo\/image\/","url":"https:\/\/www.szexshopbelvaros.com\/wp-content\/uploads\/2025\/09\/1Szexshopbelvaroslogo_blurred_stronger.jpg","contentUrl":"https:\/\/www.szexshopbelvaros.com\/wp-content\/uploads\/2025\/09\/1Szexshopbelvaroslogo_blurred_stronger.jpg","width":1024,"height":1024,"caption":"Szexshop Belv\u00e1ros"},"image":{"@id":"https:\/\/www.szexshopbelvaros.com\/#\/schema\/logo\/image\/"},"sameAs":["https:\/\/www.facebook.com\/belvarossecrets\/","https:\/\/x.com\/belvarossecrets","https:\/\/www.instagram.com\/belvarossecrets\/","https:\/\/www.tiktok.com\/@belvarossecrets"]}]}},"_links":{"self":[{"href":"https:\/\/www.szexshopbelvaros.com\/en\/wp-json\/wp\/v2\/product\/340","targetHints":{"allow":["GET"]}}],"collection":[{"href":"https:\/\/www.szexshopbelvaros.com\/en\/wp-json\/wp\/v2\/product"}],"about":[{"href":"https:\/\/www.szexshopbelvaros.com\/en\/wp-json\/wp\/v2\/types\/product"}],"replies":[{"embeddable":true,"href":"https:\/\/www.szexshopbelvaros.com\/en\/wp-json\/wp\/v2\/comments?post=340"}],"wp:featuredmedia":[{"embeddable":true,"href":"https:\/\/www.szexshopbelvaros.com\/en\/wp-json\/wp\/v2\/media\/2705"}],"wp:attachment":[{"href":"https:\/\/www.szexshopbelvaros.com\/en\/wp-json\/wp\/v2\/media?parent=340"}],"wp:term":[{"taxonomy":"product_brand","embeddable":true,"href":"https:\/\/www.szexshopbelvaros.com\/en\/wp-json\/wp\/v2\/product_brand?post=340"},{"taxonomy":"product_cat","embeddable":true,"href":"https:\/\/www.szexshopbelvaros.com\/en\/wp-json\/wp\/v2\/product_cat?post=340"},{"taxonomy":"product_tag","embeddable":true,"href":"https:\/\/www.szexshopbelvaros.com\/en\/wp-json\/wp\/v2\/product_tag?post=340"}],"curies":[{"name":"wp","href":"https:\/\/api.w.org\/{rel}","templated":true}]}}