{"id":344,"date":"2025-01-31T14:38:28","date_gmt":"2025-01-31T13:38:28","guid":{"rendered":"https:\/\/www.szexshopbelvaros.com\/termek\/ruf-x-vulva-krem-30-ml\/"},"modified":"2026-02-14T15:40:45","modified_gmt":"2026-02-14T14:40:45","slug":"ruf-x-vulva-krem-30-ml","status":"publish","type":"product","link":"https:\/\/www.szexshopbelvaros.com\/en\/product\/ruf-x-vulva-krem-30-ml\/","title":{"rendered":"Ruf \u2013 X Vulva Cream 30 ML"},"content":{"rendered":"<p>Stimulating cream for women. It consists of extracts of fenugreek, ginger and camphor oil, which help fight skin aging with regenerating and cleansing properties. Apply a fingertip-sized amount of the stimulating cream to the outer labia and clitoris, then massage it in gently. Wait approx. 5-10 minutes until the cream is completely absorbed. The cream immediately improves the blood supply to the pubic area, making the area more sensitive.<\/p>\n<p>Special characteristic stimulating<br \/>\nProduct group cream<\/p>\n<p>&nbsp;<\/p>","protected":false},"excerpt":{"rendered":"<p>Stimul\u00e1l\u00f3 kr\u00e9m n\u0151knek. G\u00f6r\u00f6gsz\u00e9na, gy\u00f6mb\u00e9r \u00e9s k\u00e1mforolaj kivonatokb\u00f3l \u00e1ll, amelyek regener\u00e1l\u00f3 \u00e9s tiszt\u00edt\u00f3 k\u00e9pess\u00e9gekkel seg\u00edtenek harcolni a b\u0151r \u00f6reged\u00e9se ellen. Egy ujjhegynyi ero stimul\u00e1l\u00f3 kr\u00e9met vigyen fel a k\u00fcls\u0151 szem\u00e9remajkakra \u00e9s a csikl\u00f3ra, majd finoman massz\u00edrozza bele. V\u00e1rjon kb. 5-10 percet, m\u00edg a kr\u00e9m teljesen besz\u00edv\u00f3dik. A kr\u00e9m azonnal jav\u00edtja a szem\u00e9remr\u00e9sz v\u00e9rell\u00e1t\u00e1s\u00e1t, ez\u00e1ltal az [&#8230;]\n","protected":false},"featured_media":345,"comment_status":"closed","ping_status":"closed","template":"","meta":[],"product_brand":[],"product_cat":[156,120],"product_tag":[2052,2053,1528,2050,884,2066,2047,2051,2067,2064,2065,863,865,2049,1201,220,2048,1529],"class_list":{"0":"post-344","1":"product","2":"type-product","3":"status-publish","4":"has-post-thumbnail","6":"product_cat-drogeria-wellness","7":"product_cat-potencianovelok-serkentok-noknek","8":"product_tag-adult-care","9":"product_tag-couples-wellness","10":"product_tag-drogeria","11":"product_tag-felnotteknek","12":"product_tag-female-enhancement","13":"product_tag-female-stimulant","14":"product_tag-intim-termek","15":"product_tag-intimate-products","16":"product_tag-libido-booster","17":"product_tag-libido-fokozasa","18":"product_tag-noi-izgalom-fokozasa","19":"product_tag-noi-potencianovelo","20":"product_tag-noi-serkento","21":"product_tag-paros-egeszseg","22":"product_tag-sexual-wellness","23":"product_tag-szexshop-belvaros","24":"product_tag-szexualis-egeszseg","25":"product_tag-wellness","27":"first","28":"instock","29":"taxable","30":"shipping-taxable","31":"purchasable","32":"product-type-simple"},"yoast_head":"<!-- This site is optimized with the Yoast SEO plugin v27.4 - https:\/\/yoast.com\/product\/yoast-seo-wordpress\/ -->\n<title>Ruf - X Vulva Kr\u00e9m 30 ML - Szexshop Belvaros<\/title>\n<meta name=\"robots\" content=\"index, follow, max-snippet:-1, max-image-preview:large, max-video-preview:-1\" \/>\n<link rel=\"canonical\" href=\"https:\/\/www.szexshopbelvaros.com\/en\/product\/ruf-x-vulva-krem-30-ml\/\" \/>\n<meta property=\"og:locale\" content=\"en_US\" \/>\n<meta property=\"og:type\" content=\"article\" \/>\n<meta property=\"og:title\" content=\"Ruf - X Vulva Kr\u00e9m 30 ML - Szexshop Belvaros\" \/>\n<meta property=\"og:description\" content=\"Stimul\u00e1l\u00f3 kr\u00e9m n\u0151knek. G\u00f6r\u00f6gsz\u00e9na, gy\u00f6mb\u00e9r \u00e9s k\u00e1mforolaj kivonatokb\u00f3l \u00e1ll, amelyek regener\u00e1l\u00f3 \u00e9s tiszt\u00edt\u00f3 k\u00e9pess\u00e9gekkel seg\u00edtenek harcolni a b\u0151r \u00f6reged\u00e9se ellen. Egy ujjhegynyi ero stimul\u00e1l\u00f3 kr\u00e9met vigyen fel a k\u00fcls\u0151 szem\u00e9remajkakra \u00e9s a csikl\u00f3ra, majd finoman massz\u00edrozza bele. V\u00e1rjon kb. 5-10 percet, m\u00edg a kr\u00e9m teljesen besz\u00edv\u00f3dik. A kr\u00e9m azonnal jav\u00edtja a szem\u00e9remr\u00e9sz v\u00e9rell\u00e1t\u00e1s\u00e1t, ez\u00e1ltal az [...]\" \/>\n<meta property=\"og:url\" content=\"https:\/\/www.szexshopbelvaros.com\/en\/product\/ruf-x-vulva-krem-30-ml\/\" \/>\n<meta property=\"og:site_name\" content=\"Szexshop Belvaros\" \/>\n<meta property=\"article:publisher\" content=\"https:\/\/www.facebook.com\/belvarossecrets\/\" \/>\n<meta property=\"article:modified_time\" content=\"2026-02-14T14:40:45+00:00\" \/>\n<meta property=\"og:image\" content=\"https:\/\/www.szexshopbelvaros.com\/wp-content\/uploads\/2025\/01\/47619b90-ed07-11ee-ba9f-caa1e5ec9ac7_34576_1000x1000.jpg\" \/>\n\t<meta property=\"og:image:width\" content=\"1200\" \/>\n\t<meta property=\"og:image:height\" content=\"675\" \/>\n\t<meta property=\"og:image:type\" content=\"image\/jpeg\" \/>\n<meta name=\"twitter:card\" content=\"summary_large_image\" \/>\n<meta name=\"twitter:site\" content=\"@belvarossecrets\" \/>\n<meta name=\"twitter:label1\" content=\"Est. reading time\" \/>\n\t<meta name=\"twitter:data1\" content=\"1 minute\" \/>\n<script type=\"application\/ld+json\" class=\"yoast-schema-graph\">{\"@context\":\"https:\\\/\\\/schema.org\",\"@graph\":[{\"@type\":\"WebPage\",\"@id\":\"https:\\\/\\\/www.szexshopbelvaros.com\\\/termek\\\/ruf-x-vulva-krem-30-ml\\\/\",\"url\":\"https:\\\/\\\/www.szexshopbelvaros.com\\\/termek\\\/ruf-x-vulva-krem-30-ml\\\/\",\"name\":\"Ruf - X Vulva Kr\u00e9m 30 ML - Szexshop Belvaros\",\"isPartOf\":{\"@id\":\"https:\\\/\\\/www.szexshopbelvaros.com\\\/#website\"},\"primaryImageOfPage\":{\"@id\":\"https:\\\/\\\/www.szexshopbelvaros.com\\\/termek\\\/ruf-x-vulva-krem-30-ml\\\/#primaryimage\"},\"image\":{\"@id\":\"https:\\\/\\\/www.szexshopbelvaros.com\\\/termek\\\/ruf-x-vulva-krem-30-ml\\\/#primaryimage\"},\"thumbnailUrl\":\"https:\\\/\\\/www.szexshopbelvaros.com\\\/wp-content\\\/uploads\\\/2025\\\/01\\\/47619b90-ed07-11ee-ba9f-caa1e5ec9ac7_34576_1000x1000.jpg\",\"datePublished\":\"2025-01-31T13:38:28+00:00\",\"dateModified\":\"2026-02-14T14:40:45+00:00\",\"breadcrumb\":{\"@id\":\"https:\\\/\\\/www.szexshopbelvaros.com\\\/termek\\\/ruf-x-vulva-krem-30-ml\\\/#breadcrumb\"},\"inLanguage\":\"en-US\",\"potentialAction\":[{\"@type\":\"ReadAction\",\"target\":[\"https:\\\/\\\/www.szexshopbelvaros.com\\\/termek\\\/ruf-x-vulva-krem-30-ml\\\/\"]}]},{\"@type\":\"ImageObject\",\"inLanguage\":\"en-US\",\"@id\":\"https:\\\/\\\/www.szexshopbelvaros.com\\\/termek\\\/ruf-x-vulva-krem-30-ml\\\/#primaryimage\",\"url\":\"https:\\\/\\\/www.szexshopbelvaros.com\\\/wp-content\\\/uploads\\\/2025\\\/01\\\/47619b90-ed07-11ee-ba9f-caa1e5ec9ac7_34576_1000x1000.jpg\",\"contentUrl\":\"https:\\\/\\\/www.szexshopbelvaros.com\\\/wp-content\\\/uploads\\\/2025\\\/01\\\/47619b90-ed07-11ee-ba9f-caa1e5ec9ac7_34576_1000x1000.jpg\",\"width\":1200,\"height\":675},{\"@type\":\"BreadcrumbList\",\"@id\":\"https:\\\/\\\/www.szexshopbelvaros.com\\\/termek\\\/ruf-x-vulva-krem-30-ml\\\/#breadcrumb\",\"itemListElement\":[{\"@type\":\"ListItem\",\"position\":1,\"name\":\"Home\",\"item\":\"https:\\\/\\\/www.szexshopbelvaros.com\\\/\"},{\"@type\":\"ListItem\",\"position\":2,\"name\":\"\u00c1ruh\u00e1z\",\"item\":\"https:\\\/\\\/www.szexshopbelvaros.com\\\/uzlet\\\/\"},{\"@type\":\"ListItem\",\"position\":3,\"name\":\"Ruf &#8211; X Vulva Kr\u00e9m 30 ML\"}]},{\"@type\":\"WebSite\",\"@id\":\"https:\\\/\\\/www.szexshopbelvaros.com\\\/#website\",\"url\":\"https:\\\/\\\/www.szexshopbelvaros.com\\\/\",\"name\":\"Szexshop Belv\u00e1ros\",\"description\":\"\ud83d\udd25 A szex olyan, mint a p\u00e9nz; csak a t\u00fal sok el\u00e9g!\u2122 Titkok a belv\u00e1rosb\u00f3l \ud83d\udc8b | Secrets from Budapest \ud83d\udc8e Feln\u0151tt j\u00e1t\u00e9kok \u2022 Erotika \u2022 Szexshop Belvaros\",\"publisher\":{\"@id\":\"https:\\\/\\\/www.szexshopbelvaros.com\\\/#organization\"},\"potentialAction\":[{\"@type\":\"SearchAction\",\"target\":{\"@type\":\"EntryPoint\",\"urlTemplate\":\"https:\\\/\\\/www.szexshopbelvaros.com\\\/?s={search_term_string}\"},\"query-input\":{\"@type\":\"PropertyValueSpecification\",\"valueRequired\":true,\"valueName\":\"search_term_string\"}}],\"inLanguage\":\"en-US\"},{\"@type\":\"Organization\",\"@id\":\"https:\\\/\\\/www.szexshopbelvaros.com\\\/#organization\",\"name\":\"Szexshop Belv\u00e1ros\",\"alternateName\":\"szexshopbelvaros.com\",\"url\":\"https:\\\/\\\/www.szexshopbelvaros.com\\\/\",\"logo\":{\"@type\":\"ImageObject\",\"inLanguage\":\"en-US\",\"@id\":\"https:\\\/\\\/www.szexshopbelvaros.com\\\/#\\\/schema\\\/logo\\\/image\\\/\",\"url\":\"https:\\\/\\\/www.szexshopbelvaros.com\\\/wp-content\\\/uploads\\\/2025\\\/09\\\/1Szexshopbelvaroslogo_blurred_stronger.jpg\",\"contentUrl\":\"https:\\\/\\\/www.szexshopbelvaros.com\\\/wp-content\\\/uploads\\\/2025\\\/09\\\/1Szexshopbelvaroslogo_blurred_stronger.jpg\",\"width\":1024,\"height\":1024,\"caption\":\"Szexshop Belv\u00e1ros\"},\"image\":{\"@id\":\"https:\\\/\\\/www.szexshopbelvaros.com\\\/#\\\/schema\\\/logo\\\/image\\\/\"},\"sameAs\":[\"https:\\\/\\\/www.facebook.com\\\/belvarossecrets\\\/\",\"https:\\\/\\\/x.com\\\/belvarossecrets\",\"https:\\\/\\\/www.instagram.com\\\/belvarossecrets\\\/\",\"https:\\\/\\\/www.tiktok.com\\\/@belvarossecrets\"]}]}<\/script>\n<!-- \/ Yoast SEO plugin. -->","yoast_head_json":{"title":"Ruf - X Vulva Cream 30 ML - Sexshop Belvaros","robots":{"index":"index","follow":"follow","max-snippet":"max-snippet:-1","max-image-preview":"max-image-preview:large","max-video-preview":"max-video-preview:-1"},"canonical":"https:\/\/www.szexshopbelvaros.com\/en\/product\/ruf-x-vulva-krem-30-ml\/","og_locale":"en_US","og_type":"article","og_title":"Ruf - X Vulva Kr\u00e9m 30 ML - Szexshop Belvaros","og_description":"Stimul\u00e1l\u00f3 kr\u00e9m n\u0151knek. G\u00f6r\u00f6gsz\u00e9na, gy\u00f6mb\u00e9r \u00e9s k\u00e1mforolaj kivonatokb\u00f3l \u00e1ll, amelyek regener\u00e1l\u00f3 \u00e9s tiszt\u00edt\u00f3 k\u00e9pess\u00e9gekkel seg\u00edtenek harcolni a b\u0151r \u00f6reged\u00e9se ellen. Egy ujjhegynyi ero stimul\u00e1l\u00f3 kr\u00e9met vigyen fel a k\u00fcls\u0151 szem\u00e9remajkakra \u00e9s a csikl\u00f3ra, majd finoman massz\u00edrozza bele. V\u00e1rjon kb. 5-10 percet, m\u00edg a kr\u00e9m teljesen besz\u00edv\u00f3dik. A kr\u00e9m azonnal jav\u00edtja a szem\u00e9remr\u00e9sz v\u00e9rell\u00e1t\u00e1s\u00e1t, ez\u00e1ltal az [...]","og_url":"https:\/\/www.szexshopbelvaros.com\/en\/product\/ruf-x-vulva-krem-30-ml\/","og_site_name":"Szexshop Belvaros","article_publisher":"https:\/\/www.facebook.com\/belvarossecrets\/","article_modified_time":"2026-02-14T14:40:45+00:00","og_image":[{"width":1200,"height":675,"url":"https:\/\/www.szexshopbelvaros.com\/wp-content\/uploads\/2025\/01\/47619b90-ed07-11ee-ba9f-caa1e5ec9ac7_34576_1000x1000.jpg","type":"image\/jpeg"}],"twitter_card":"summary_large_image","twitter_site":"@belvarossecrets","twitter_misc":{"Est. reading time":"1 minute"},"schema":{"@context":"https:\/\/schema.org","@graph":[{"@type":"WebPage","@id":"https:\/\/www.szexshopbelvaros.com\/termek\/ruf-x-vulva-krem-30-ml\/","url":"https:\/\/www.szexshopbelvaros.com\/termek\/ruf-x-vulva-krem-30-ml\/","name":"Ruf - X Vulva Cream 30 ML - Sexshop Belvaros","isPartOf":{"@id":"https:\/\/www.szexshopbelvaros.com\/#website"},"primaryImageOfPage":{"@id":"https:\/\/www.szexshopbelvaros.com\/termek\/ruf-x-vulva-krem-30-ml\/#primaryimage"},"image":{"@id":"https:\/\/www.szexshopbelvaros.com\/termek\/ruf-x-vulva-krem-30-ml\/#primaryimage"},"thumbnailUrl":"https:\/\/www.szexshopbelvaros.com\/wp-content\/uploads\/2025\/01\/47619b90-ed07-11ee-ba9f-caa1e5ec9ac7_34576_1000x1000.jpg","datePublished":"2025-01-31T13:38:28+00:00","dateModified":"2026-02-14T14:40:45+00:00","breadcrumb":{"@id":"https:\/\/www.szexshopbelvaros.com\/termek\/ruf-x-vulva-krem-30-ml\/#breadcrumb"},"inLanguage":"en-US","potentialAction":[{"@type":"ReadAction","target":["https:\/\/www.szexshopbelvaros.com\/termek\/ruf-x-vulva-krem-30-ml\/"]}]},{"@type":"ImageObject","inLanguage":"en-US","@id":"https:\/\/www.szexshopbelvaros.com\/termek\/ruf-x-vulva-krem-30-ml\/#primaryimage","url":"https:\/\/www.szexshopbelvaros.com\/wp-content\/uploads\/2025\/01\/47619b90-ed07-11ee-ba9f-caa1e5ec9ac7_34576_1000x1000.jpg","contentUrl":"https:\/\/www.szexshopbelvaros.com\/wp-content\/uploads\/2025\/01\/47619b90-ed07-11ee-ba9f-caa1e5ec9ac7_34576_1000x1000.jpg","width":1200,"height":675},{"@type":"BreadcrumbList","@id":"https:\/\/www.szexshopbelvaros.com\/termek\/ruf-x-vulva-krem-30-ml\/#breadcrumb","itemListElement":[{"@type":"ListItem","position":1,"name":"Home","item":"https:\/\/www.szexshopbelvaros.com\/"},{"@type":"ListItem","position":2,"name":"\u00c1ruh\u00e1z","item":"https:\/\/www.szexshopbelvaros.com\/uzlet\/"},{"@type":"ListItem","position":3,"name":"Ruf &#8211; X Vulva Kr\u00e9m 30 ML"}]},{"@type":"WebSite","@id":"https:\/\/www.szexshopbelvaros.com\/#website","url":"https:\/\/www.szexshopbelvaros.com\/","name":"at our Szexshop Belv\u00e1ros","description":"\ud83d\udd25 Sex is like money; only too much is enough!\u2122 Secrets from the city center \ud83d\udc8b | Secrets from Budapest \ud83d\udc8e Adult games \u2022 Erotica \u2022 Sex shop Belvaros","publisher":{"@id":"https:\/\/www.szexshopbelvaros.com\/#organization"},"potentialAction":[{"@type":"SearchAction","target":{"@type":"EntryPoint","urlTemplate":"https:\/\/www.szexshopbelvaros.com\/?s={search_term_string}"},"query-input":{"@type":"PropertyValueSpecification","valueRequired":true,"valueName":"search_term_string"}}],"inLanguage":"en-US"},{"@type":"Organization","@id":"https:\/\/www.szexshopbelvaros.com\/#organization","name":"at our Szexshop Belv\u00e1ros","alternateName":"szexshopbelvaros.com","url":"https:\/\/www.szexshopbelvaros.com\/","logo":{"@type":"ImageObject","inLanguage":"en-US","@id":"https:\/\/www.szexshopbelvaros.com\/#\/schema\/logo\/image\/","url":"https:\/\/www.szexshopbelvaros.com\/wp-content\/uploads\/2025\/09\/1Szexshopbelvaroslogo_blurred_stronger.jpg","contentUrl":"https:\/\/www.szexshopbelvaros.com\/wp-content\/uploads\/2025\/09\/1Szexshopbelvaroslogo_blurred_stronger.jpg","width":1024,"height":1024,"caption":"Szexshop Belv\u00e1ros"},"image":{"@id":"https:\/\/www.szexshopbelvaros.com\/#\/schema\/logo\/image\/"},"sameAs":["https:\/\/www.facebook.com\/belvarossecrets\/","https:\/\/x.com\/belvarossecrets","https:\/\/www.instagram.com\/belvarossecrets\/","https:\/\/www.tiktok.com\/@belvarossecrets"]}]}},"_links":{"self":[{"href":"https:\/\/www.szexshopbelvaros.com\/en\/wp-json\/wp\/v2\/product\/344","targetHints":{"allow":["GET"]}}],"collection":[{"href":"https:\/\/www.szexshopbelvaros.com\/en\/wp-json\/wp\/v2\/product"}],"about":[{"href":"https:\/\/www.szexshopbelvaros.com\/en\/wp-json\/wp\/v2\/types\/product"}],"replies":[{"embeddable":true,"href":"https:\/\/www.szexshopbelvaros.com\/en\/wp-json\/wp\/v2\/comments?post=344"}],"wp:featuredmedia":[{"embeddable":true,"href":"https:\/\/www.szexshopbelvaros.com\/en\/wp-json\/wp\/v2\/media\/345"}],"wp:attachment":[{"href":"https:\/\/www.szexshopbelvaros.com\/en\/wp-json\/wp\/v2\/media?parent=344"}],"wp:term":[{"taxonomy":"product_brand","embeddable":true,"href":"https:\/\/www.szexshopbelvaros.com\/en\/wp-json\/wp\/v2\/product_brand?post=344"},{"taxonomy":"product_cat","embeddable":true,"href":"https:\/\/www.szexshopbelvaros.com\/en\/wp-json\/wp\/v2\/product_cat?post=344"},{"taxonomy":"product_tag","embeddable":true,"href":"https:\/\/www.szexshopbelvaros.com\/en\/wp-json\/wp\/v2\/product_tag?post=344"}],"curies":[{"name":"wp","href":"https:\/\/api.w.org\/{rel}","templated":true}]}}