{"id":366,"date":"2025-01-31T14:38:28","date_gmt":"2025-01-31T13:38:28","guid":{"rendered":"https:\/\/www.szexshopbelvaros.com\/termek\/taboo-for-her-50-ml\/"},"modified":"2026-02-20T11:34:16","modified_gmt":"2026-02-20T10:34:16","slug":"taboo-for-her-50-ml","status":"publish","type":"product","link":"https:\/\/www.szexshopbelvaros.com\/en\/product\/taboo-for-her-50-ml\/","title":{"rendered":"Taboo For Her \u2013 50 ml."},"content":{"rendered":"<p>For women 50 ml. A unique fragrance that, when unfolded, is extremely delicate and absolutely binding. The name already raises the promise of a kiss. A beautiful, cheerful, gentle essence that encourages you to love life. Just a few drops and you will be enchanted by the magic. Can be used without restrictions. It retains its quality until the date indicated on the packaging. Keep out of reach of children! See the composition on the packaging! Store in a cool, dry place! If it gets into your eyes, wash with plenty of water! Origin: France.<\/p>","protected":false},"excerpt":{"rendered":"<p>N\u0151knek 50 ml. Egy egyed\u00fcl\u00e1ll\u00f3 illat, mely, ha kibontakozik, rendk\u00edv\u00fcl finom \u00e9s abszol\u00fat k\u00f6telez\u0151 \u00e9rv\u00e9ny\u0171. A n\u00e9v m\u00e1r felveti az \u00edg\u00e9retet egy cs\u00f3kra. Sz\u00e9p, vid\u00e1m, szel\u00edd eszencia, amely az \u00e9let szeretet\u00e9re \u00f6szt\u00f6n\u00f6z. Csak n\u00e9h\u00e1ny csepp, \u00e9s elb\u0171v\u00f6li a var\u00e1zslat. Korl\u00e1toz\u00e1s n\u00e9lk\u00fcl haszn\u00e1lhat\u00f3. Min\u0151s\u00e9g\u00e9t meg\u0151rzi a csomagol\u00e1son felt\u00fcntetett id\u0151pontig. Gyermekek el\u0151l gondosan elz\u00e1rand\u00f3! \u00d6sszet\u00e9telt l\u00e1sd a [&#8230;]\n","protected":false},"featured_media":367,"comment_status":"closed","ping_status":"closed","template":"","meta":[],"product_brand":[122],"product_cat":[123],"product_tag":[2037,2032,951,503,937,519,953,2023,933,2035,2034,945,2031,932,220],"class_list":{"0":"post-366","1":"product","2":"type-product","3":"status-publish","4":"has-post-thumbnail","6":"product_brand-ruf","7":"product_cat-parfumok-feromonok","8":"product_tag-attraction-scent","9":"product_tag-csabitasi-illat","10":"product_tag-erotic-clothing","11":"product_tag-erotikus-ruha","12":"product_tag-fehernemu","13":"product_tag-feromon","14":"product_tag-feromon-parfum","15":"product_tag-haloszoba-divat","16":"product_tag-lingerie","17":"product_tag-pheromone-cologne","18":"product_tag-pheromone-perfume","19":"product_tag-sexy-outfit","20":"product_tag-szexi-parfum","21":"product_tag-szexi-ruha","22":"product_tag-szexshop-belvaros","24":"first","25":"instock","26":"taxable","27":"shipping-taxable","28":"purchasable","29":"product-type-simple"},"yoast_head":"<!-- This site is optimized with the Yoast SEO plugin v27.4 - https:\/\/yoast.com\/product\/yoast-seo-wordpress\/ -->\n<title>Taboo For Her - 50 ml. - Szexshop Belvaros<\/title>\n<meta name=\"robots\" content=\"index, follow, max-snippet:-1, max-image-preview:large, max-video-preview:-1\" \/>\n<link rel=\"canonical\" href=\"https:\/\/www.szexshopbelvaros.com\/en\/product\/taboo-for-her-50-ml\/\" \/>\n<meta property=\"og:locale\" content=\"en_US\" \/>\n<meta property=\"og:type\" content=\"article\" \/>\n<meta property=\"og:title\" content=\"Taboo For Her - 50 ml. - Szexshop Belvaros\" \/>\n<meta property=\"og:description\" content=\"N\u0151knek 50 ml. Egy egyed\u00fcl\u00e1ll\u00f3 illat, mely, ha kibontakozik, rendk\u00edv\u00fcl finom \u00e9s abszol\u00fat k\u00f6telez\u0151 \u00e9rv\u00e9ny\u0171. A n\u00e9v m\u00e1r felveti az \u00edg\u00e9retet egy cs\u00f3kra. Sz\u00e9p, vid\u00e1m, szel\u00edd eszencia, amely az \u00e9let szeretet\u00e9re \u00f6szt\u00f6n\u00f6z. Csak n\u00e9h\u00e1ny csepp, \u00e9s elb\u0171v\u00f6li a var\u00e1zslat. Korl\u00e1toz\u00e1s n\u00e9lk\u00fcl haszn\u00e1lhat\u00f3. Min\u0151s\u00e9g\u00e9t meg\u0151rzi a csomagol\u00e1son felt\u00fcntetett id\u0151pontig. Gyermekek el\u0151l gondosan elz\u00e1rand\u00f3! \u00d6sszet\u00e9telt l\u00e1sd a [...]\" \/>\n<meta property=\"og:url\" content=\"https:\/\/www.szexshopbelvaros.com\/en\/product\/taboo-for-her-50-ml\/\" \/>\n<meta property=\"og:site_name\" content=\"Szexshop Belvaros\" \/>\n<meta property=\"article:publisher\" content=\"https:\/\/www.facebook.com\/belvarossecrets\/\" \/>\n<meta property=\"article:modified_time\" content=\"2026-02-20T10:34:16+00:00\" \/>\n<meta property=\"og:image\" content=\"https:\/\/www.szexshopbelvaros.com\/wp-content\/uploads\/2025\/01\/c7a61e40-ed0f-11ee-9d25-aa15d5f09fae_42414_1000x1000.jpg\" \/>\n\t<meta property=\"og:image:width\" content=\"1200\" \/>\n\t<meta property=\"og:image:height\" content=\"675\" \/>\n\t<meta property=\"og:image:type\" content=\"image\/jpeg\" \/>\n<meta name=\"twitter:card\" content=\"summary_large_image\" \/>\n<meta name=\"twitter:site\" content=\"@belvarossecrets\" \/>\n<meta name=\"twitter:label1\" content=\"Est. reading time\" \/>\n\t<meta name=\"twitter:data1\" content=\"1 minute\" \/>\n<script type=\"application\/ld+json\" class=\"yoast-schema-graph\">{\"@context\":\"https:\\\/\\\/schema.org\",\"@graph\":[{\"@type\":\"WebPage\",\"@id\":\"https:\\\/\\\/www.szexshopbelvaros.com\\\/termek\\\/taboo-for-her-50-ml\\\/\",\"url\":\"https:\\\/\\\/www.szexshopbelvaros.com\\\/termek\\\/taboo-for-her-50-ml\\\/\",\"name\":\"Taboo For Her - 50 ml. - Szexshop Belvaros\",\"isPartOf\":{\"@id\":\"https:\\\/\\\/www.szexshopbelvaros.com\\\/#website\"},\"primaryImageOfPage\":{\"@id\":\"https:\\\/\\\/www.szexshopbelvaros.com\\\/termek\\\/taboo-for-her-50-ml\\\/#primaryimage\"},\"image\":{\"@id\":\"https:\\\/\\\/www.szexshopbelvaros.com\\\/termek\\\/taboo-for-her-50-ml\\\/#primaryimage\"},\"thumbnailUrl\":\"https:\\\/\\\/www.szexshopbelvaros.com\\\/wp-content\\\/uploads\\\/2025\\\/01\\\/c7a61e40-ed0f-11ee-9d25-aa15d5f09fae_42414_1000x1000.jpg\",\"datePublished\":\"2025-01-31T13:38:28+00:00\",\"dateModified\":\"2026-02-20T10:34:16+00:00\",\"breadcrumb\":{\"@id\":\"https:\\\/\\\/www.szexshopbelvaros.com\\\/termek\\\/taboo-for-her-50-ml\\\/#breadcrumb\"},\"inLanguage\":\"en-US\",\"potentialAction\":[{\"@type\":\"ReadAction\",\"target\":[\"https:\\\/\\\/www.szexshopbelvaros.com\\\/termek\\\/taboo-for-her-50-ml\\\/\"]}]},{\"@type\":\"ImageObject\",\"inLanguage\":\"en-US\",\"@id\":\"https:\\\/\\\/www.szexshopbelvaros.com\\\/termek\\\/taboo-for-her-50-ml\\\/#primaryimage\",\"url\":\"https:\\\/\\\/www.szexshopbelvaros.com\\\/wp-content\\\/uploads\\\/2025\\\/01\\\/c7a61e40-ed0f-11ee-9d25-aa15d5f09fae_42414_1000x1000.jpg\",\"contentUrl\":\"https:\\\/\\\/www.szexshopbelvaros.com\\\/wp-content\\\/uploads\\\/2025\\\/01\\\/c7a61e40-ed0f-11ee-9d25-aa15d5f09fae_42414_1000x1000.jpg\",\"width\":1200,\"height\":675},{\"@type\":\"BreadcrumbList\",\"@id\":\"https:\\\/\\\/www.szexshopbelvaros.com\\\/termek\\\/taboo-for-her-50-ml\\\/#breadcrumb\",\"itemListElement\":[{\"@type\":\"ListItem\",\"position\":1,\"name\":\"Home\",\"item\":\"https:\\\/\\\/www.szexshopbelvaros.com\\\/\"},{\"@type\":\"ListItem\",\"position\":2,\"name\":\"\u00c1ruh\u00e1z\",\"item\":\"https:\\\/\\\/www.szexshopbelvaros.com\\\/uzlet\\\/\"},{\"@type\":\"ListItem\",\"position\":3,\"name\":\"Taboo For Her &#8211; 50 ml.\"}]},{\"@type\":\"WebSite\",\"@id\":\"https:\\\/\\\/www.szexshopbelvaros.com\\\/#website\",\"url\":\"https:\\\/\\\/www.szexshopbelvaros.com\\\/\",\"name\":\"Szexshop Belv\u00e1ros\",\"description\":\"\ud83d\udd25 A szex olyan, mint a p\u00e9nz; csak a t\u00fal sok el\u00e9g!\u2122 Titkok a belv\u00e1rosb\u00f3l \ud83d\udc8b | Secrets from Budapest \ud83d\udc8e Feln\u0151tt j\u00e1t\u00e9kok \u2022 Erotika \u2022 Szexshop Belvaros\",\"publisher\":{\"@id\":\"https:\\\/\\\/www.szexshopbelvaros.com\\\/#organization\"},\"potentialAction\":[{\"@type\":\"SearchAction\",\"target\":{\"@type\":\"EntryPoint\",\"urlTemplate\":\"https:\\\/\\\/www.szexshopbelvaros.com\\\/?s={search_term_string}\"},\"query-input\":{\"@type\":\"PropertyValueSpecification\",\"valueRequired\":true,\"valueName\":\"search_term_string\"}}],\"inLanguage\":\"en-US\"},{\"@type\":\"Organization\",\"@id\":\"https:\\\/\\\/www.szexshopbelvaros.com\\\/#organization\",\"name\":\"Szexshop Belv\u00e1ros\",\"alternateName\":\"szexshopbelvaros.com\",\"url\":\"https:\\\/\\\/www.szexshopbelvaros.com\\\/\",\"logo\":{\"@type\":\"ImageObject\",\"inLanguage\":\"en-US\",\"@id\":\"https:\\\/\\\/www.szexshopbelvaros.com\\\/#\\\/schema\\\/logo\\\/image\\\/\",\"url\":\"https:\\\/\\\/www.szexshopbelvaros.com\\\/wp-content\\\/uploads\\\/2025\\\/09\\\/1Szexshopbelvaroslogo_blurred_stronger.jpg\",\"contentUrl\":\"https:\\\/\\\/www.szexshopbelvaros.com\\\/wp-content\\\/uploads\\\/2025\\\/09\\\/1Szexshopbelvaroslogo_blurred_stronger.jpg\",\"width\":1024,\"height\":1024,\"caption\":\"Szexshop Belv\u00e1ros\"},\"image\":{\"@id\":\"https:\\\/\\\/www.szexshopbelvaros.com\\\/#\\\/schema\\\/logo\\\/image\\\/\"},\"sameAs\":[\"https:\\\/\\\/www.facebook.com\\\/belvarossecrets\\\/\",\"https:\\\/\\\/x.com\\\/belvarossecrets\",\"https:\\\/\\\/www.instagram.com\\\/belvarossecrets\\\/\",\"https:\\\/\\\/www.tiktok.com\\\/@belvarossecrets\"]}]}<\/script>\n<!-- \/ Yoast SEO plugin. -->","yoast_head_json":{"title":"Taboo For Her - 50 ml. - Sex shop Belvaros","robots":{"index":"index","follow":"follow","max-snippet":"max-snippet:-1","max-image-preview":"max-image-preview:large","max-video-preview":"max-video-preview:-1"},"canonical":"https:\/\/www.szexshopbelvaros.com\/en\/product\/taboo-for-her-50-ml\/","og_locale":"en_US","og_type":"article","og_title":"Taboo For Her - 50 ml. - Szexshop Belvaros","og_description":"N\u0151knek 50 ml. Egy egyed\u00fcl\u00e1ll\u00f3 illat, mely, ha kibontakozik, rendk\u00edv\u00fcl finom \u00e9s abszol\u00fat k\u00f6telez\u0151 \u00e9rv\u00e9ny\u0171. A n\u00e9v m\u00e1r felveti az \u00edg\u00e9retet egy cs\u00f3kra. Sz\u00e9p, vid\u00e1m, szel\u00edd eszencia, amely az \u00e9let szeretet\u00e9re \u00f6szt\u00f6n\u00f6z. Csak n\u00e9h\u00e1ny csepp, \u00e9s elb\u0171v\u00f6li a var\u00e1zslat. Korl\u00e1toz\u00e1s n\u00e9lk\u00fcl haszn\u00e1lhat\u00f3. Min\u0151s\u00e9g\u00e9t meg\u0151rzi a csomagol\u00e1son felt\u00fcntetett id\u0151pontig. Gyermekek el\u0151l gondosan elz\u00e1rand\u00f3! \u00d6sszet\u00e9telt l\u00e1sd a [...]","og_url":"https:\/\/www.szexshopbelvaros.com\/en\/product\/taboo-for-her-50-ml\/","og_site_name":"Szexshop Belvaros","article_publisher":"https:\/\/www.facebook.com\/belvarossecrets\/","article_modified_time":"2026-02-20T10:34:16+00:00","og_image":[{"width":1200,"height":675,"url":"https:\/\/www.szexshopbelvaros.com\/wp-content\/uploads\/2025\/01\/c7a61e40-ed0f-11ee-9d25-aa15d5f09fae_42414_1000x1000.jpg","type":"image\/jpeg"}],"twitter_card":"summary_large_image","twitter_site":"@belvarossecrets","twitter_misc":{"Est. reading time":"1 minute"},"schema":{"@context":"https:\/\/schema.org","@graph":[{"@type":"WebPage","@id":"https:\/\/www.szexshopbelvaros.com\/termek\/taboo-for-her-50-ml\/","url":"https:\/\/www.szexshopbelvaros.com\/termek\/taboo-for-her-50-ml\/","name":"Taboo For Her - 50 ml. - Sex shop Belvaros","isPartOf":{"@id":"https:\/\/www.szexshopbelvaros.com\/#website"},"primaryImageOfPage":{"@id":"https:\/\/www.szexshopbelvaros.com\/termek\/taboo-for-her-50-ml\/#primaryimage"},"image":{"@id":"https:\/\/www.szexshopbelvaros.com\/termek\/taboo-for-her-50-ml\/#primaryimage"},"thumbnailUrl":"https:\/\/www.szexshopbelvaros.com\/wp-content\/uploads\/2025\/01\/c7a61e40-ed0f-11ee-9d25-aa15d5f09fae_42414_1000x1000.jpg","datePublished":"2025-01-31T13:38:28+00:00","dateModified":"2026-02-20T10:34:16+00:00","breadcrumb":{"@id":"https:\/\/www.szexshopbelvaros.com\/termek\/taboo-for-her-50-ml\/#breadcrumb"},"inLanguage":"en-US","potentialAction":[{"@type":"ReadAction","target":["https:\/\/www.szexshopbelvaros.com\/termek\/taboo-for-her-50-ml\/"]}]},{"@type":"ImageObject","inLanguage":"en-US","@id":"https:\/\/www.szexshopbelvaros.com\/termek\/taboo-for-her-50-ml\/#primaryimage","url":"https:\/\/www.szexshopbelvaros.com\/wp-content\/uploads\/2025\/01\/c7a61e40-ed0f-11ee-9d25-aa15d5f09fae_42414_1000x1000.jpg","contentUrl":"https:\/\/www.szexshopbelvaros.com\/wp-content\/uploads\/2025\/01\/c7a61e40-ed0f-11ee-9d25-aa15d5f09fae_42414_1000x1000.jpg","width":1200,"height":675},{"@type":"BreadcrumbList","@id":"https:\/\/www.szexshopbelvaros.com\/termek\/taboo-for-her-50-ml\/#breadcrumb","itemListElement":[{"@type":"ListItem","position":1,"name":"Home","item":"https:\/\/www.szexshopbelvaros.com\/"},{"@type":"ListItem","position":2,"name":"\u00c1ruh\u00e1z","item":"https:\/\/www.szexshopbelvaros.com\/uzlet\/"},{"@type":"ListItem","position":3,"name":"Taboo For Her &#8211; 50 ml."}]},{"@type":"WebSite","@id":"https:\/\/www.szexshopbelvaros.com\/#website","url":"https:\/\/www.szexshopbelvaros.com\/","name":"at our Szexshop Belv\u00e1ros","description":"\ud83d\udd25 Sex is like money; only too much is enough!\u2122 Secrets from the city center \ud83d\udc8b | Secrets from Budapest \ud83d\udc8e Adult games \u2022 Erotica \u2022 Sex shop Belvaros","publisher":{"@id":"https:\/\/www.szexshopbelvaros.com\/#organization"},"potentialAction":[{"@type":"SearchAction","target":{"@type":"EntryPoint","urlTemplate":"https:\/\/www.szexshopbelvaros.com\/?s={search_term_string}"},"query-input":{"@type":"PropertyValueSpecification","valueRequired":true,"valueName":"search_term_string"}}],"inLanguage":"en-US"},{"@type":"Organization","@id":"https:\/\/www.szexshopbelvaros.com\/#organization","name":"at our Szexshop Belv\u00e1ros","alternateName":"szexshopbelvaros.com","url":"https:\/\/www.szexshopbelvaros.com\/","logo":{"@type":"ImageObject","inLanguage":"en-US","@id":"https:\/\/www.szexshopbelvaros.com\/#\/schema\/logo\/image\/","url":"https:\/\/www.szexshopbelvaros.com\/wp-content\/uploads\/2025\/09\/1Szexshopbelvaroslogo_blurred_stronger.jpg","contentUrl":"https:\/\/www.szexshopbelvaros.com\/wp-content\/uploads\/2025\/09\/1Szexshopbelvaroslogo_blurred_stronger.jpg","width":1024,"height":1024,"caption":"Szexshop Belv\u00e1ros"},"image":{"@id":"https:\/\/www.szexshopbelvaros.com\/#\/schema\/logo\/image\/"},"sameAs":["https:\/\/www.facebook.com\/belvarossecrets\/","https:\/\/x.com\/belvarossecrets","https:\/\/www.instagram.com\/belvarossecrets\/","https:\/\/www.tiktok.com\/@belvarossecrets"]}]}},"_links":{"self":[{"href":"https:\/\/www.szexshopbelvaros.com\/en\/wp-json\/wp\/v2\/product\/366","targetHints":{"allow":["GET"]}}],"collection":[{"href":"https:\/\/www.szexshopbelvaros.com\/en\/wp-json\/wp\/v2\/product"}],"about":[{"href":"https:\/\/www.szexshopbelvaros.com\/en\/wp-json\/wp\/v2\/types\/product"}],"replies":[{"embeddable":true,"href":"https:\/\/www.szexshopbelvaros.com\/en\/wp-json\/wp\/v2\/comments?post=366"}],"wp:featuredmedia":[{"embeddable":true,"href":"https:\/\/www.szexshopbelvaros.com\/en\/wp-json\/wp\/v2\/media\/367"}],"wp:attachment":[{"href":"https:\/\/www.szexshopbelvaros.com\/en\/wp-json\/wp\/v2\/media?parent=366"}],"wp:term":[{"taxonomy":"product_brand","embeddable":true,"href":"https:\/\/www.szexshopbelvaros.com\/en\/wp-json\/wp\/v2\/product_brand?post=366"},{"taxonomy":"product_cat","embeddable":true,"href":"https:\/\/www.szexshopbelvaros.com\/en\/wp-json\/wp\/v2\/product_cat?post=366"},{"taxonomy":"product_tag","embeddable":true,"href":"https:\/\/www.szexshopbelvaros.com\/en\/wp-json\/wp\/v2\/product_tag?post=366"}],"curies":[{"name":"wp","href":"https:\/\/api.w.org\/{rel}","templated":true}]}}