{"id":376,"date":"2025-01-31T14:39:14","date_gmt":"2025-01-31T13:39:14","guid":{"rendered":"https:\/\/www.szexshopbelvaros.com\/termek\/jelly-vibrator-lavender-1\/"},"modified":"2026-03-10T18:39:06","modified_gmt":"2026-03-10T17:39:06","slug":"jelly-vibrator-lavender-1","status":"publish","type":"product","link":"https:\/\/www.szexshopbelvaros.com\/en\/product\/jelly-vibrator-lavender-1\/","title":{"rendered":"Jelly Vibrator Lavender 1"},"content":{"rendered":"<p>Made of soft, flexible, skin-friendly material, realistic design, adjustable vibration intensity, veined surface, easy-to-use vibrator, equipped with a stimulating mound.<\/p>\n<p>Cleaning: Wash with warm soapy water and tool cleaner before and after each use. Water-based lubricant recommended.<br \/>\nDiameter (cm) 5<br \/>\nBattery 2 x AA<br \/>\nLength (cm) 21<br \/>\nColor Purple<br \/>\nMaterial PVC<\/p>\n<p>&nbsp;<\/p>","protected":false},"excerpt":{"rendered":"<p>Made of soft, flexible, skin-friendly material, realistic design, adjustable vibration intensity, veined surface, easy-to-use vibrator, equipped with a stimulating hill. Cleaning: before and after each use, wash with lukewarm soapy water and tool cleaner. Water-based lubricant is recommended. Diameter (cm) 5 Battery 2 x AA Length (cm) 21 Color Purple Material PVC &nbsp;<\/p>","protected":false},"featured_media":377,"comment_status":"closed","ping_status":"closed","template":"","meta":[],"product_brand":[58],"product_cat":[137,99,173],"product_tag":[398,2184,391,2096,389,2182,1192,1318,2185,2099,385,2180,2179,2181,2178,2087,2098,2086,644,637,322,220,1158,2095,392,2097,2183],"class_list":{"0":"post-376","1":"product","2":"type-product","3":"status-publish","4":"has-post-thumbnail","6":"product_brand-seven-creation","7":"product_cat-mupeniszek","8":"product_cat-noknek","9":"product_cat-rezgo-dildok","10":"product_tag-adult-toy","11":"product_tag-adult-toy-for-women","12":"product_tag-dildo","13":"product_tag-eros-vibrator","14":"product_tag-felnott-jatek","15":"product_tag-female-sex-toy","16":"product_tag-intim-jatek","17":"product_tag-intimate-toy","18":"product_tag-intimate-toy-for-women","19":"product_tag-motorized-dildo","20":"product_tag-mupenisz","21":"product_tag-noi-elvezet","22":"product_tag-noi-intim-jatek","23":"product_tag-noi-kiegeszito","24":"product_tag-noi-szexjatek","25":"product_tag-pleasure-toy","26":"product_tag-powerful-vibrator","27":"product_tag-realista-dildo","28":"product_tag-realistic-dildo","29":"product_tag-rezgo-dildo","30":"product_tag-szexjatek","31":"product_tag-szexshop-belvaros","32":"product_tag-vibracios-dildo","33":"product_tag-vibralos-dildo","34":"product_tag-vibrating-dildo","35":"product_tag-vibration-dildo","36":"product_tag-womens-pleasure","38":"first","39":"instock","40":"taxable","41":"shipping-taxable","42":"purchasable","43":"product-type-simple"},"yoast_head":"<!-- This site is optimized with the Yoast SEO plugin v27.4 - https:\/\/yoast.com\/product\/yoast-seo-wordpress\/ -->\n<title>Jelly Vibrator Lavender 1 - Szexshop Belvaros<\/title>\n<meta name=\"robots\" content=\"index, follow, max-snippet:-1, max-image-preview:large, max-video-preview:-1\" \/>\n<link rel=\"canonical\" href=\"https:\/\/www.szexshopbelvaros.com\/en\/product\/jelly-vibrator-lavender-1\/\" \/>\n<meta property=\"og:locale\" content=\"en_US\" \/>\n<meta property=\"og:type\" content=\"article\" \/>\n<meta property=\"og:title\" content=\"Jelly Vibrator Lavender 1 - Szexshop Belvaros\" \/>\n<meta property=\"og:description\" content=\"Puha, rugalmas, b\u0151rbar\u00e1t anyagb\u00f3l k\u00e9sz\u00edtett, realisztikus kialak\u00edt\u00e1s\u00fa, \u00e1ll\u00edthat\u00f3 rezg\u00e9ser\u0151ss\u00e9g\u0171, erezett fel\u00fclet\u0171, k\u00f6nnyen kezelhet\u0151 vibr\u00e1tor, stimul\u00e1l\u00f3 dombbal ell\u00e1tva. Tiszt\u00edt\u00e1sa : minden haszn\u00e1lat el\u0151tt \u00e9s minden haszn\u00e1lat ut\u00e1n langyos szappanos v\u00edzzel \u00e9s seg\u00e9deszk\u00f6z tiszt\u00edt\u00f3val kell lemosni. V\u00edzb\u00e1zis\u00fa s\u00edkos\u00edt\u00f3 javasolt. \u00c1tm\u00e9r\u0151 (cm) 5 Elem 2 x AA Hossz (cm) 21 Sz\u00edn Lila Anyag PVC &nbsp;\" \/>\n<meta property=\"og:url\" content=\"https:\/\/www.szexshopbelvaros.com\/en\/product\/jelly-vibrator-lavender-1\/\" \/>\n<meta property=\"og:site_name\" content=\"Szexshop Belvaros\" \/>\n<meta property=\"article:publisher\" content=\"https:\/\/www.facebook.com\/belvarossecrets\/\" \/>\n<meta property=\"article:modified_time\" content=\"2026-03-10T17:39:06+00:00\" \/>\n<meta property=\"og:image\" content=\"https:\/\/www.szexshopbelvaros.com\/wp-content\/uploads\/2025\/01\/0f70db42-9318-11ec-a1b7-ba5861bb9be7_sevcr00888.jpeg\" \/>\n\t<meta property=\"og:image:width\" content=\"1000\" \/>\n\t<meta property=\"og:image:height\" content=\"562\" \/>\n\t<meta property=\"og:image:type\" content=\"image\/jpeg\" \/>\n<meta name=\"twitter:card\" content=\"summary_large_image\" \/>\n<meta name=\"twitter:site\" content=\"@belvarossecrets\" \/>\n<script type=\"application\/ld+json\" class=\"yoast-schema-graph\">{\"@context\":\"https:\\\/\\\/schema.org\",\"@graph\":[{\"@type\":\"WebPage\",\"@id\":\"https:\\\/\\\/www.szexshopbelvaros.com\\\/termek\\\/jelly-vibrator-lavender-1\\\/\",\"url\":\"https:\\\/\\\/www.szexshopbelvaros.com\\\/termek\\\/jelly-vibrator-lavender-1\\\/\",\"name\":\"Jelly Vibrator Lavender 1 - Szexshop Belvaros\",\"isPartOf\":{\"@id\":\"https:\\\/\\\/www.szexshopbelvaros.com\\\/#website\"},\"primaryImageOfPage\":{\"@id\":\"https:\\\/\\\/www.szexshopbelvaros.com\\\/termek\\\/jelly-vibrator-lavender-1\\\/#primaryimage\"},\"image\":{\"@id\":\"https:\\\/\\\/www.szexshopbelvaros.com\\\/termek\\\/jelly-vibrator-lavender-1\\\/#primaryimage\"},\"thumbnailUrl\":\"https:\\\/\\\/www.szexshopbelvaros.com\\\/wp-content\\\/uploads\\\/2025\\\/01\\\/0f70db42-9318-11ec-a1b7-ba5861bb9be7_sevcr00888.jpeg\",\"datePublished\":\"2025-01-31T13:39:14+00:00\",\"dateModified\":\"2026-03-10T17:39:06+00:00\",\"breadcrumb\":{\"@id\":\"https:\\\/\\\/www.szexshopbelvaros.com\\\/termek\\\/jelly-vibrator-lavender-1\\\/#breadcrumb\"},\"inLanguage\":\"en-US\",\"potentialAction\":[{\"@type\":\"ReadAction\",\"target\":[\"https:\\\/\\\/www.szexshopbelvaros.com\\\/termek\\\/jelly-vibrator-lavender-1\\\/\"]}]},{\"@type\":\"ImageObject\",\"inLanguage\":\"en-US\",\"@id\":\"https:\\\/\\\/www.szexshopbelvaros.com\\\/termek\\\/jelly-vibrator-lavender-1\\\/#primaryimage\",\"url\":\"https:\\\/\\\/www.szexshopbelvaros.com\\\/wp-content\\\/uploads\\\/2025\\\/01\\\/0f70db42-9318-11ec-a1b7-ba5861bb9be7_sevcr00888.jpeg\",\"contentUrl\":\"https:\\\/\\\/www.szexshopbelvaros.com\\\/wp-content\\\/uploads\\\/2025\\\/01\\\/0f70db42-9318-11ec-a1b7-ba5861bb9be7_sevcr00888.jpeg\",\"width\":1000,\"height\":562},{\"@type\":\"BreadcrumbList\",\"@id\":\"https:\\\/\\\/www.szexshopbelvaros.com\\\/termek\\\/jelly-vibrator-lavender-1\\\/#breadcrumb\",\"itemListElement\":[{\"@type\":\"ListItem\",\"position\":1,\"name\":\"Home\",\"item\":\"https:\\\/\\\/www.szexshopbelvaros.com\\\/\"},{\"@type\":\"ListItem\",\"position\":2,\"name\":\"\u00c1ruh\u00e1z\",\"item\":\"https:\\\/\\\/www.szexshopbelvaros.com\\\/uzlet\\\/\"},{\"@type\":\"ListItem\",\"position\":3,\"name\":\"Jelly Vibrator Lavender 1\"}]},{\"@type\":\"WebSite\",\"@id\":\"https:\\\/\\\/www.szexshopbelvaros.com\\\/#website\",\"url\":\"https:\\\/\\\/www.szexshopbelvaros.com\\\/\",\"name\":\"Szexshop Belv\u00e1ros\",\"description\":\"\ud83d\udd25 A szex olyan, mint a p\u00e9nz; csak a t\u00fal sok el\u00e9g!\u2122 Titkok a belv\u00e1rosb\u00f3l \ud83d\udc8b | Secrets from Budapest \ud83d\udc8e Feln\u0151tt j\u00e1t\u00e9kok \u2022 Erotika \u2022 Szexshop Belvaros\",\"publisher\":{\"@id\":\"https:\\\/\\\/www.szexshopbelvaros.com\\\/#organization\"},\"potentialAction\":[{\"@type\":\"SearchAction\",\"target\":{\"@type\":\"EntryPoint\",\"urlTemplate\":\"https:\\\/\\\/www.szexshopbelvaros.com\\\/?s={search_term_string}\"},\"query-input\":{\"@type\":\"PropertyValueSpecification\",\"valueRequired\":true,\"valueName\":\"search_term_string\"}}],\"inLanguage\":\"en-US\"},{\"@type\":\"Organization\",\"@id\":\"https:\\\/\\\/www.szexshopbelvaros.com\\\/#organization\",\"name\":\"Szexshop Belv\u00e1ros\",\"alternateName\":\"szexshopbelvaros.com\",\"url\":\"https:\\\/\\\/www.szexshopbelvaros.com\\\/\",\"logo\":{\"@type\":\"ImageObject\",\"inLanguage\":\"en-US\",\"@id\":\"https:\\\/\\\/www.szexshopbelvaros.com\\\/#\\\/schema\\\/logo\\\/image\\\/\",\"url\":\"https:\\\/\\\/www.szexshopbelvaros.com\\\/wp-content\\\/uploads\\\/2025\\\/09\\\/1Szexshopbelvaroslogo_blurred_stronger.jpg\",\"contentUrl\":\"https:\\\/\\\/www.szexshopbelvaros.com\\\/wp-content\\\/uploads\\\/2025\\\/09\\\/1Szexshopbelvaroslogo_blurred_stronger.jpg\",\"width\":1024,\"height\":1024,\"caption\":\"Szexshop Belv\u00e1ros\"},\"image\":{\"@id\":\"https:\\\/\\\/www.szexshopbelvaros.com\\\/#\\\/schema\\\/logo\\\/image\\\/\"},\"sameAs\":[\"https:\\\/\\\/www.facebook.com\\\/belvarossecrets\\\/\",\"https:\\\/\\\/x.com\\\/belvarossecrets\",\"https:\\\/\\\/www.instagram.com\\\/belvarossecrets\\\/\",\"https:\\\/\\\/www.tiktok.com\\\/@belvarossecrets\"]}]}<\/script>\n<!-- \/ Yoast SEO plugin. -->","yoast_head_json":{"title":"Jelly Vibrator Lavender 1 - Sexshop Belvaros","robots":{"index":"index","follow":"follow","max-snippet":"max-snippet:-1","max-image-preview":"max-image-preview:large","max-video-preview":"max-video-preview:-1"},"canonical":"https:\/\/www.szexshopbelvaros.com\/en\/product\/jelly-vibrator-lavender-1\/","og_locale":"en_US","og_type":"article","og_title":"Jelly Vibrator Lavender 1 - Szexshop Belvaros","og_description":"Puha, rugalmas, b\u0151rbar\u00e1t anyagb\u00f3l k\u00e9sz\u00edtett, realisztikus kialak\u00edt\u00e1s\u00fa, \u00e1ll\u00edthat\u00f3 rezg\u00e9ser\u0151ss\u00e9g\u0171, erezett fel\u00fclet\u0171, k\u00f6nnyen kezelhet\u0151 vibr\u00e1tor, stimul\u00e1l\u00f3 dombbal ell\u00e1tva. Tiszt\u00edt\u00e1sa : minden haszn\u00e1lat el\u0151tt \u00e9s minden haszn\u00e1lat ut\u00e1n langyos szappanos v\u00edzzel \u00e9s seg\u00e9deszk\u00f6z tiszt\u00edt\u00f3val kell lemosni. V\u00edzb\u00e1zis\u00fa s\u00edkos\u00edt\u00f3 javasolt. \u00c1tm\u00e9r\u0151 (cm) 5 Elem 2 x AA Hossz (cm) 21 Sz\u00edn Lila Anyag PVC &nbsp;","og_url":"https:\/\/www.szexshopbelvaros.com\/en\/product\/jelly-vibrator-lavender-1\/","og_site_name":"Szexshop Belvaros","article_publisher":"https:\/\/www.facebook.com\/belvarossecrets\/","article_modified_time":"2026-03-10T17:39:06+00:00","og_image":[{"width":1000,"height":562,"url":"https:\/\/www.szexshopbelvaros.com\/wp-content\/uploads\/2025\/01\/0f70db42-9318-11ec-a1b7-ba5861bb9be7_sevcr00888.jpeg","type":"image\/jpeg"}],"twitter_card":"summary_large_image","twitter_site":"@belvarossecrets","schema":{"@context":"https:\/\/schema.org","@graph":[{"@type":"WebPage","@id":"https:\/\/www.szexshopbelvaros.com\/termek\/jelly-vibrator-lavender-1\/","url":"https:\/\/www.szexshopbelvaros.com\/termek\/jelly-vibrator-lavender-1\/","name":"Jelly Vibrator Lavender 1 - Sexshop Belvaros","isPartOf":{"@id":"https:\/\/www.szexshopbelvaros.com\/#website"},"primaryImageOfPage":{"@id":"https:\/\/www.szexshopbelvaros.com\/termek\/jelly-vibrator-lavender-1\/#primaryimage"},"image":{"@id":"https:\/\/www.szexshopbelvaros.com\/termek\/jelly-vibrator-lavender-1\/#primaryimage"},"thumbnailUrl":"https:\/\/www.szexshopbelvaros.com\/wp-content\/uploads\/2025\/01\/0f70db42-9318-11ec-a1b7-ba5861bb9be7_sevcr00888.jpeg","datePublished":"2025-01-31T13:39:14+00:00","dateModified":"2026-03-10T17:39:06+00:00","breadcrumb":{"@id":"https:\/\/www.szexshopbelvaros.com\/termek\/jelly-vibrator-lavender-1\/#breadcrumb"},"inLanguage":"en-US","potentialAction":[{"@type":"ReadAction","target":["https:\/\/www.szexshopbelvaros.com\/termek\/jelly-vibrator-lavender-1\/"]}]},{"@type":"ImageObject","inLanguage":"en-US","@id":"https:\/\/www.szexshopbelvaros.com\/termek\/jelly-vibrator-lavender-1\/#primaryimage","url":"https:\/\/www.szexshopbelvaros.com\/wp-content\/uploads\/2025\/01\/0f70db42-9318-11ec-a1b7-ba5861bb9be7_sevcr00888.jpeg","contentUrl":"https:\/\/www.szexshopbelvaros.com\/wp-content\/uploads\/2025\/01\/0f70db42-9318-11ec-a1b7-ba5861bb9be7_sevcr00888.jpeg","width":1000,"height":562},{"@type":"BreadcrumbList","@id":"https:\/\/www.szexshopbelvaros.com\/termek\/jelly-vibrator-lavender-1\/#breadcrumb","itemListElement":[{"@type":"ListItem","position":1,"name":"Home","item":"https:\/\/www.szexshopbelvaros.com\/"},{"@type":"ListItem","position":2,"name":"\u00c1ruh\u00e1z","item":"https:\/\/www.szexshopbelvaros.com\/uzlet\/"},{"@type":"ListItem","position":3,"name":"Jelly Vibrator Lavender 1"}]},{"@type":"WebSite","@id":"https:\/\/www.szexshopbelvaros.com\/#website","url":"https:\/\/www.szexshopbelvaros.com\/","name":"at our Szexshop Belv\u00e1ros","description":"\ud83d\udd25 Sex is like money; only too much is enough!\u2122 Secrets from the city center \ud83d\udc8b | Secrets from Budapest \ud83d\udc8e Adult games \u2022 Erotica \u2022 Sex shop Belvaros","publisher":{"@id":"https:\/\/www.szexshopbelvaros.com\/#organization"},"potentialAction":[{"@type":"SearchAction","target":{"@type":"EntryPoint","urlTemplate":"https:\/\/www.szexshopbelvaros.com\/?s={search_term_string}"},"query-input":{"@type":"PropertyValueSpecification","valueRequired":true,"valueName":"search_term_string"}}],"inLanguage":"en-US"},{"@type":"Organization","@id":"https:\/\/www.szexshopbelvaros.com\/#organization","name":"at our Szexshop Belv\u00e1ros","alternateName":"szexshopbelvaros.com","url":"https:\/\/www.szexshopbelvaros.com\/","logo":{"@type":"ImageObject","inLanguage":"en-US","@id":"https:\/\/www.szexshopbelvaros.com\/#\/schema\/logo\/image\/","url":"https:\/\/www.szexshopbelvaros.com\/wp-content\/uploads\/2025\/09\/1Szexshopbelvaroslogo_blurred_stronger.jpg","contentUrl":"https:\/\/www.szexshopbelvaros.com\/wp-content\/uploads\/2025\/09\/1Szexshopbelvaroslogo_blurred_stronger.jpg","width":1024,"height":1024,"caption":"Szexshop Belv\u00e1ros"},"image":{"@id":"https:\/\/www.szexshopbelvaros.com\/#\/schema\/logo\/image\/"},"sameAs":["https:\/\/www.facebook.com\/belvarossecrets\/","https:\/\/x.com\/belvarossecrets","https:\/\/www.instagram.com\/belvarossecrets\/","https:\/\/www.tiktok.com\/@belvarossecrets"]}]}},"_links":{"self":[{"href":"https:\/\/www.szexshopbelvaros.com\/en\/wp-json\/wp\/v2\/product\/376","targetHints":{"allow":["GET"]}}],"collection":[{"href":"https:\/\/www.szexshopbelvaros.com\/en\/wp-json\/wp\/v2\/product"}],"about":[{"href":"https:\/\/www.szexshopbelvaros.com\/en\/wp-json\/wp\/v2\/types\/product"}],"replies":[{"embeddable":true,"href":"https:\/\/www.szexshopbelvaros.com\/en\/wp-json\/wp\/v2\/comments?post=376"}],"wp:featuredmedia":[{"embeddable":true,"href":"https:\/\/www.szexshopbelvaros.com\/en\/wp-json\/wp\/v2\/media\/377"}],"wp:attachment":[{"href":"https:\/\/www.szexshopbelvaros.com\/en\/wp-json\/wp\/v2\/media?parent=376"}],"wp:term":[{"taxonomy":"product_brand","embeddable":true,"href":"https:\/\/www.szexshopbelvaros.com\/en\/wp-json\/wp\/v2\/product_brand?post=376"},{"taxonomy":"product_cat","embeddable":true,"href":"https:\/\/www.szexshopbelvaros.com\/en\/wp-json\/wp\/v2\/product_cat?post=376"},{"taxonomy":"product_tag","embeddable":true,"href":"https:\/\/www.szexshopbelvaros.com\/en\/wp-json\/wp\/v2\/product_tag?post=376"}],"curies":[{"name":"wp","href":"https:\/\/api.w.org\/{rel}","templated":true}]}}