{"id":378,"date":"2025-01-31T14:39:14","date_gmt":"2025-01-31T13:39:14","guid":{"rendered":"https:\/\/www.szexshopbelvaros.com\/termek\/dilator-1db-6-mm\/"},"modified":"2026-04-16T10:10:50","modified_gmt":"2026-04-16T08:10:50","slug":"dilator-1db-6-mm","status":"publish","type":"product","link":"https:\/\/www.szexshopbelvaros.com\/en\/product\/dilator-1db-6-mm\/","title":{"rendered":"Dilator \u2013 1pc. \u2013 6 mm"},"content":{"rendered":"<p>Dilator \u2013 A urethral dilator for lovers of unusual pleasures! A maximally hygienic urethral dilator made of stainless steel, for women and men.<br \/>\nMaterial: stainless steel-zinc alloy. Silver color. WARNING: We are not responsible for any damage caused by the product, everyone uses it at their own risk.<\/p>\n<p>&nbsp;<\/p>","protected":false},"excerpt":{"rendered":"<p>Dilator \u2013 Urethral dilator for lovers of unusual pleasures! Maximum hygienic, stainless steel urethral dilator rod for women and men. Material: stainless steel-zinc alloy. Silver color. WARNING: We are not responsible for any injuries caused by the product, everyone uses it at their own risk. &nbsp;<\/p>","protected":false},"featured_media":379,"comment_status":"closed","ping_status":"closed","template":"","meta":[],"product_brand":[125],"product_cat":[167,68],"product_tag":[1859,1857,1012,1302,2166,2069,2068,1104,1005,1855,2177,567,1310,2168,2167,573,1858,1856,2070,220],"class_list":{"0":"post-378","1":"product","2":"type-product","3":"status-publish","4":"has-post-thumbnail","6":"product_brand-seamew","7":"product_cat-egyeb-szexkellekek","8":"product_cat-ferfiaknak","9":"product_tag-adult-accessory","10":"product_tag-adult-toy-for-men","11":"product_tag-bedroom-accessory","12":"product_tag-erotic-accessory","13":"product_tag-ferfi-elvezet","14":"product_tag-ferfi-felnott-jatek","15":"product_tag-ferfi-intim-jatek","16":"product_tag-ferfi-kiegeszito","17":"product_tag-ferfi-szex-kiegeszito","18":"product_tag-ferfi-szexjatek","19":"product_tag-haloszoba-kiegeszito","20":"product_tag-intim-kiegeszito","21":"product_tag-intimate-accessory","22":"product_tag-intimate-toy-for-men","23":"product_tag-male-adult-toy","24":"product_tag-male-sex-toy","25":"product_tag-mens-accessory","26":"product_tag-mens-pleasure","27":"product_tag-szex-kiegeszito","28":"product_tag-szexshop-belvaros","30":"first","31":"outofstock","32":"taxable","33":"shipping-taxable","34":"purchasable","35":"product-type-simple"},"yoast_head":"<!-- This site is optimized with the Yoast SEO plugin v27.4 - https:\/\/yoast.com\/product\/yoast-seo-wordpress\/ -->\n<title>Dilator - 1db. - 6 mm - Szexshop Belvaros<\/title>\n<meta name=\"robots\" content=\"index, follow, max-snippet:-1, max-image-preview:large, max-video-preview:-1\" \/>\n<link rel=\"canonical\" href=\"https:\/\/www.szexshopbelvaros.com\/en\/product\/dilator-1db-6-mm\/\" \/>\n<meta property=\"og:locale\" content=\"en_US\" \/>\n<meta property=\"og:type\" content=\"article\" \/>\n<meta property=\"og:title\" content=\"Dilator - 1db. - 6 mm - Szexshop Belvaros\" \/>\n<meta property=\"og:description\" content=\"Dilator &#8211; H\u00fagycs\u0151t\u00e1g\u00edt\u00f3 a nem mindennapi \u00e9lvezetek kedvel\u0151inek! Maxim\u00e1lisan higi\u00e9nikus, rozsdamentes f\u00e9mb\u0151l k\u00e9sz\u00fclt h\u00fagycs\u0151t\u00e1g\u00edt\u00f3 r\u0171d, n\u0151knek \u00e9s f\u00e9rfiaknak. Anyaga: rozsdamentes ac\u00e9l-cink \u00f6tv\u00f6zet. Ez\u00fcst sz\u00ednben. FIGYELMEZTET\u00c9S: A term\u00e9k \u00e1ltal okozott esetleges s\u00e9r\u00fcl\u00e9sek\u00e9rt felel\u0151ss\u00e9get nem v\u00e1llalunk, mindenki saj\u00e1t felel\u0151ss\u00e9g\u00e9re haszn\u00e1lja. &nbsp;\" \/>\n<meta property=\"og:url\" content=\"https:\/\/www.szexshopbelvaros.com\/en\/product\/dilator-1db-6-mm\/\" \/>\n<meta property=\"og:site_name\" content=\"Szexshop Belvaros\" \/>\n<meta property=\"article:publisher\" content=\"https:\/\/www.facebook.com\/belvarossecrets\/\" \/>\n<meta property=\"article:modified_time\" content=\"2026-04-16T08:10:50+00:00\" \/>\n<meta property=\"og:image\" content=\"https:\/\/www.szexshopbelvaros.com\/wp-content\/uploads\/2025\/01\/5e5ecc98-d826-11ec-b4ad-1a61fa3ef716_kicsi_1db_dilator.jpeg\" \/>\n\t<meta property=\"og:image:width\" content=\"1000\" \/>\n\t<meta property=\"og:image:height\" content=\"562\" \/>\n\t<meta property=\"og:image:type\" content=\"image\/jpeg\" \/>\n<meta name=\"twitter:card\" content=\"summary_large_image\" \/>\n<meta name=\"twitter:site\" content=\"@belvarossecrets\" \/>\n<script type=\"application\/ld+json\" class=\"yoast-schema-graph\">{\"@context\":\"https:\\\/\\\/schema.org\",\"@graph\":[{\"@type\":\"WebPage\",\"@id\":\"https:\\\/\\\/www.szexshopbelvaros.com\\\/termek\\\/dilator-1db-6-mm\\\/\",\"url\":\"https:\\\/\\\/www.szexshopbelvaros.com\\\/termek\\\/dilator-1db-6-mm\\\/\",\"name\":\"Dilator - 1db. - 6 mm - Szexshop Belvaros\",\"isPartOf\":{\"@id\":\"https:\\\/\\\/www.szexshopbelvaros.com\\\/#website\"},\"primaryImageOfPage\":{\"@id\":\"https:\\\/\\\/www.szexshopbelvaros.com\\\/termek\\\/dilator-1db-6-mm\\\/#primaryimage\"},\"image\":{\"@id\":\"https:\\\/\\\/www.szexshopbelvaros.com\\\/termek\\\/dilator-1db-6-mm\\\/#primaryimage\"},\"thumbnailUrl\":\"https:\\\/\\\/www.szexshopbelvaros.com\\\/wp-content\\\/uploads\\\/2025\\\/01\\\/5e5ecc98-d826-11ec-b4ad-1a61fa3ef716_kicsi_1db_dilator.jpeg\",\"datePublished\":\"2025-01-31T13:39:14+00:00\",\"dateModified\":\"2026-04-16T08:10:50+00:00\",\"breadcrumb\":{\"@id\":\"https:\\\/\\\/www.szexshopbelvaros.com\\\/termek\\\/dilator-1db-6-mm\\\/#breadcrumb\"},\"inLanguage\":\"en-US\",\"potentialAction\":[{\"@type\":\"ReadAction\",\"target\":[\"https:\\\/\\\/www.szexshopbelvaros.com\\\/termek\\\/dilator-1db-6-mm\\\/\"]}]},{\"@type\":\"ImageObject\",\"inLanguage\":\"en-US\",\"@id\":\"https:\\\/\\\/www.szexshopbelvaros.com\\\/termek\\\/dilator-1db-6-mm\\\/#primaryimage\",\"url\":\"https:\\\/\\\/www.szexshopbelvaros.com\\\/wp-content\\\/uploads\\\/2025\\\/01\\\/5e5ecc98-d826-11ec-b4ad-1a61fa3ef716_kicsi_1db_dilator.jpeg\",\"contentUrl\":\"https:\\\/\\\/www.szexshopbelvaros.com\\\/wp-content\\\/uploads\\\/2025\\\/01\\\/5e5ecc98-d826-11ec-b4ad-1a61fa3ef716_kicsi_1db_dilator.jpeg\",\"width\":1000,\"height\":562},{\"@type\":\"BreadcrumbList\",\"@id\":\"https:\\\/\\\/www.szexshopbelvaros.com\\\/termek\\\/dilator-1db-6-mm\\\/#breadcrumb\",\"itemListElement\":[{\"@type\":\"ListItem\",\"position\":1,\"name\":\"Home\",\"item\":\"https:\\\/\\\/www.szexshopbelvaros.com\\\/\"},{\"@type\":\"ListItem\",\"position\":2,\"name\":\"\u00c1ruh\u00e1z\",\"item\":\"https:\\\/\\\/www.szexshopbelvaros.com\\\/uzlet\\\/\"},{\"@type\":\"ListItem\",\"position\":3,\"name\":\"Dilator &#8211; 1db. &#8211; 6 mm\"}]},{\"@type\":\"WebSite\",\"@id\":\"https:\\\/\\\/www.szexshopbelvaros.com\\\/#website\",\"url\":\"https:\\\/\\\/www.szexshopbelvaros.com\\\/\",\"name\":\"Szexshop Belv\u00e1ros\",\"description\":\"\ud83d\udd25 A szex olyan, mint a p\u00e9nz; csak a t\u00fal sok el\u00e9g!\u2122 Titkok a belv\u00e1rosb\u00f3l \ud83d\udc8b | Secrets from Budapest \ud83d\udc8e Feln\u0151tt j\u00e1t\u00e9kok \u2022 Erotika \u2022 Szexshop Belvaros\",\"publisher\":{\"@id\":\"https:\\\/\\\/www.szexshopbelvaros.com\\\/#organization\"},\"potentialAction\":[{\"@type\":\"SearchAction\",\"target\":{\"@type\":\"EntryPoint\",\"urlTemplate\":\"https:\\\/\\\/www.szexshopbelvaros.com\\\/?s={search_term_string}\"},\"query-input\":{\"@type\":\"PropertyValueSpecification\",\"valueRequired\":true,\"valueName\":\"search_term_string\"}}],\"inLanguage\":\"en-US\"},{\"@type\":\"Organization\",\"@id\":\"https:\\\/\\\/www.szexshopbelvaros.com\\\/#organization\",\"name\":\"Szexshop Belv\u00e1ros\",\"alternateName\":\"szexshopbelvaros.com\",\"url\":\"https:\\\/\\\/www.szexshopbelvaros.com\\\/\",\"logo\":{\"@type\":\"ImageObject\",\"inLanguage\":\"en-US\",\"@id\":\"https:\\\/\\\/www.szexshopbelvaros.com\\\/#\\\/schema\\\/logo\\\/image\\\/\",\"url\":\"https:\\\/\\\/www.szexshopbelvaros.com\\\/wp-content\\\/uploads\\\/2025\\\/09\\\/1Szexshopbelvaroslogo_blurred_stronger.jpg\",\"contentUrl\":\"https:\\\/\\\/www.szexshopbelvaros.com\\\/wp-content\\\/uploads\\\/2025\\\/09\\\/1Szexshopbelvaroslogo_blurred_stronger.jpg\",\"width\":1024,\"height\":1024,\"caption\":\"Szexshop Belv\u00e1ros\"},\"image\":{\"@id\":\"https:\\\/\\\/www.szexshopbelvaros.com\\\/#\\\/schema\\\/logo\\\/image\\\/\"},\"sameAs\":[\"https:\\\/\\\/www.facebook.com\\\/belvarossecrets\\\/\",\"https:\\\/\\\/x.com\\\/belvarossecrets\",\"https:\\\/\\\/www.instagram.com\\\/belvarossecrets\\\/\",\"https:\\\/\\\/www.tiktok.com\\\/@belvarossecrets\"]}]}<\/script>\n<!-- \/ Yoast SEO plugin. -->","yoast_head_json":{"title":"Dilator - 1pc. - 6 mm - Sex shop Belvaros","robots":{"index":"index","follow":"follow","max-snippet":"max-snippet:-1","max-image-preview":"max-image-preview:large","max-video-preview":"max-video-preview:-1"},"canonical":"https:\/\/www.szexshopbelvaros.com\/en\/product\/dilator-1db-6-mm\/","og_locale":"en_US","og_type":"article","og_title":"Dilator - 1db. - 6 mm - Szexshop Belvaros","og_description":"Dilator &#8211; H\u00fagycs\u0151t\u00e1g\u00edt\u00f3 a nem mindennapi \u00e9lvezetek kedvel\u0151inek! Maxim\u00e1lisan higi\u00e9nikus, rozsdamentes f\u00e9mb\u0151l k\u00e9sz\u00fclt h\u00fagycs\u0151t\u00e1g\u00edt\u00f3 r\u0171d, n\u0151knek \u00e9s f\u00e9rfiaknak. Anyaga: rozsdamentes ac\u00e9l-cink \u00f6tv\u00f6zet. Ez\u00fcst sz\u00ednben. FIGYELMEZTET\u00c9S: A term\u00e9k \u00e1ltal okozott esetleges s\u00e9r\u00fcl\u00e9sek\u00e9rt felel\u0151ss\u00e9get nem v\u00e1llalunk, mindenki saj\u00e1t felel\u0151ss\u00e9g\u00e9re haszn\u00e1lja. &nbsp;","og_url":"https:\/\/www.szexshopbelvaros.com\/en\/product\/dilator-1db-6-mm\/","og_site_name":"Szexshop Belvaros","article_publisher":"https:\/\/www.facebook.com\/belvarossecrets\/","article_modified_time":"2026-04-16T08:10:50+00:00","og_image":[{"width":1000,"height":562,"url":"https:\/\/www.szexshopbelvaros.com\/wp-content\/uploads\/2025\/01\/5e5ecc98-d826-11ec-b4ad-1a61fa3ef716_kicsi_1db_dilator.jpeg","type":"image\/jpeg"}],"twitter_card":"summary_large_image","twitter_site":"@belvarossecrets","schema":{"@context":"https:\/\/schema.org","@graph":[{"@type":"WebPage","@id":"https:\/\/www.szexshopbelvaros.com\/termek\/dilator-1db-6-mm\/","url":"https:\/\/www.szexshopbelvaros.com\/termek\/dilator-1db-6-mm\/","name":"Dilator - 1pc. - 6 mm - Sex shop Belvaros","isPartOf":{"@id":"https:\/\/www.szexshopbelvaros.com\/#website"},"primaryImageOfPage":{"@id":"https:\/\/www.szexshopbelvaros.com\/termek\/dilator-1db-6-mm\/#primaryimage"},"image":{"@id":"https:\/\/www.szexshopbelvaros.com\/termek\/dilator-1db-6-mm\/#primaryimage"},"thumbnailUrl":"https:\/\/www.szexshopbelvaros.com\/wp-content\/uploads\/2025\/01\/5e5ecc98-d826-11ec-b4ad-1a61fa3ef716_kicsi_1db_dilator.jpeg","datePublished":"2025-01-31T13:39:14+00:00","dateModified":"2026-04-16T08:10:50+00:00","breadcrumb":{"@id":"https:\/\/www.szexshopbelvaros.com\/termek\/dilator-1db-6-mm\/#breadcrumb"},"inLanguage":"en-US","potentialAction":[{"@type":"ReadAction","target":["https:\/\/www.szexshopbelvaros.com\/termek\/dilator-1db-6-mm\/"]}]},{"@type":"ImageObject","inLanguage":"en-US","@id":"https:\/\/www.szexshopbelvaros.com\/termek\/dilator-1db-6-mm\/#primaryimage","url":"https:\/\/www.szexshopbelvaros.com\/wp-content\/uploads\/2025\/01\/5e5ecc98-d826-11ec-b4ad-1a61fa3ef716_kicsi_1db_dilator.jpeg","contentUrl":"https:\/\/www.szexshopbelvaros.com\/wp-content\/uploads\/2025\/01\/5e5ecc98-d826-11ec-b4ad-1a61fa3ef716_kicsi_1db_dilator.jpeg","width":1000,"height":562},{"@type":"BreadcrumbList","@id":"https:\/\/www.szexshopbelvaros.com\/termek\/dilator-1db-6-mm\/#breadcrumb","itemListElement":[{"@type":"ListItem","position":1,"name":"Home","item":"https:\/\/www.szexshopbelvaros.com\/"},{"@type":"ListItem","position":2,"name":"\u00c1ruh\u00e1z","item":"https:\/\/www.szexshopbelvaros.com\/uzlet\/"},{"@type":"ListItem","position":3,"name":"Dilator &#8211; 1db. &#8211; 6 mm"}]},{"@type":"WebSite","@id":"https:\/\/www.szexshopbelvaros.com\/#website","url":"https:\/\/www.szexshopbelvaros.com\/","name":"at our Szexshop Belv\u00e1ros","description":"\ud83d\udd25 Sex is like money; only too much is enough!\u2122 Secrets from the city center \ud83d\udc8b | Secrets from Budapest \ud83d\udc8e Adult games \u2022 Erotica \u2022 Sex shop Belvaros","publisher":{"@id":"https:\/\/www.szexshopbelvaros.com\/#organization"},"potentialAction":[{"@type":"SearchAction","target":{"@type":"EntryPoint","urlTemplate":"https:\/\/www.szexshopbelvaros.com\/?s={search_term_string}"},"query-input":{"@type":"PropertyValueSpecification","valueRequired":true,"valueName":"search_term_string"}}],"inLanguage":"en-US"},{"@type":"Organization","@id":"https:\/\/www.szexshopbelvaros.com\/#organization","name":"at our Szexshop Belv\u00e1ros","alternateName":"szexshopbelvaros.com","url":"https:\/\/www.szexshopbelvaros.com\/","logo":{"@type":"ImageObject","inLanguage":"en-US","@id":"https:\/\/www.szexshopbelvaros.com\/#\/schema\/logo\/image\/","url":"https:\/\/www.szexshopbelvaros.com\/wp-content\/uploads\/2025\/09\/1Szexshopbelvaroslogo_blurred_stronger.jpg","contentUrl":"https:\/\/www.szexshopbelvaros.com\/wp-content\/uploads\/2025\/09\/1Szexshopbelvaroslogo_blurred_stronger.jpg","width":1024,"height":1024,"caption":"Szexshop Belv\u00e1ros"},"image":{"@id":"https:\/\/www.szexshopbelvaros.com\/#\/schema\/logo\/image\/"},"sameAs":["https:\/\/www.facebook.com\/belvarossecrets\/","https:\/\/x.com\/belvarossecrets","https:\/\/www.instagram.com\/belvarossecrets\/","https:\/\/www.tiktok.com\/@belvarossecrets"]}]}},"_links":{"self":[{"href":"https:\/\/www.szexshopbelvaros.com\/en\/wp-json\/wp\/v2\/product\/378","targetHints":{"allow":["GET"]}}],"collection":[{"href":"https:\/\/www.szexshopbelvaros.com\/en\/wp-json\/wp\/v2\/product"}],"about":[{"href":"https:\/\/www.szexshopbelvaros.com\/en\/wp-json\/wp\/v2\/types\/product"}],"replies":[{"embeddable":true,"href":"https:\/\/www.szexshopbelvaros.com\/en\/wp-json\/wp\/v2\/comments?post=378"}],"wp:featuredmedia":[{"embeddable":true,"href":"https:\/\/www.szexshopbelvaros.com\/en\/wp-json\/wp\/v2\/media\/379"}],"wp:attachment":[{"href":"https:\/\/www.szexshopbelvaros.com\/en\/wp-json\/wp\/v2\/media?parent=378"}],"wp:term":[{"taxonomy":"product_brand","embeddable":true,"href":"https:\/\/www.szexshopbelvaros.com\/en\/wp-json\/wp\/v2\/product_brand?post=378"},{"taxonomy":"product_cat","embeddable":true,"href":"https:\/\/www.szexshopbelvaros.com\/en\/wp-json\/wp\/v2\/product_cat?post=378"},{"taxonomy":"product_tag","embeddable":true,"href":"https:\/\/www.szexshopbelvaros.com\/en\/wp-json\/wp\/v2\/product_tag?post=378"}],"curies":[{"name":"wp","href":"https:\/\/api.w.org\/{rel}","templated":true}]}}