{"id":398,"date":"2025-01-31T14:39:14","date_gmt":"2025-01-31T13:39:14","guid":{"rendered":"https:\/\/www.szexshopbelvaros.com\/termek\/black-mont-teasing-enema-play-attachment\/"},"modified":"2026-04-21T11:48:56","modified_gmt":"2026-04-21T09:48:56","slug":"black-mont-teasing-enema-play-attachment","status":"publish","type":"product","link":"https:\/\/www.szexshopbelvaros.com\/en\/product\/black-mont-teasing-enema-play-attachment\/","title":{"rendered":"\ud83d\udd73\ufe0f Peak Tease \u2013 The shower head that turns you into a bidet"},"content":{"rendered":"<p data-start=\"157\" data-end=\"729\">Our <em data-start=\"165\" data-end=\"178\">Mount's<\/em> , the little silicon-metal devil of a family doesn't just clean <strong data-start=\"245\" data-end=\"256\">to humiliate<\/strong>, <strong data-start=\"258\" data-end=\"267\">and excite<\/strong>It washes your soul so thoroughly that you will cry and beg for another round. It can be attached to the shower hose <strong data-start=\"367\" data-end=\"383\">which<\/strong>you can use both anally and vaginally if you no longer trust gravity.<br data-start=\"457\" data-end=\"460\" \/><strong data-start=\"460\" data-end=\"477\">It's 3.4 cm in diameter and<\/strong>, <strong data-start=\"479\" data-end=\"496\">15.3 cm in length<\/strong>and  is so black that it darkens even your thoughts.<br data-start=\"555\" data-end=\"558\" \/>Cleaning? Use warm, soapy water, toy cleaner, and then dive back in. But use <strong data-start=\"654\" data-end=\"679\">with water-based lubricant<\/strong>, unless you&#039;re the &quot;just a little scratch&quot; type.<\/p>\n<p data-start=\"731\" data-end=\"807\">Available at <strong data-start=\"741\" data-end=\"765\">szexshopbelvaros.com.<\/strong>- where even the shower is foreplay.<\/p>","protected":false},"excerpt":{"rendered":"<p>A Black Mount csal\u00e1dj\u00e1nak ez a kis szilikon-f\u00e9m \u00f6rd\u00f6gfi\u00f3k\u00e1ja nem csak tiszt\u00edt \u2013 megal\u00e1z, izgat, \u00e9s k\u00f6zben \u00fagy kimossa a lelked, hogy s\u00edrva k\u00f6ny\u00f6r\u00f6gsz m\u00e9g egy menet\u00e9rt. A zuhanycs\u0151h\u00f6z r\u00f6gz\u00edthet\u0151 intim zuhany, amit an\u00e1lra \u00e9s h\u00fcvelyre is bevethetsz, ha m\u00e1r nem b\u00edzol a gravit\u00e1ci\u00f3ban.3,4 cm \u00e1tm\u00e9r\u0151, 15,3 cm hossz, \u00e9s olyan fekete, hogy a gondolataid [&#8230;]\n","protected":false},"featured_media":399,"comment_status":"closed","ping_status":"closed","template":"","meta":[],"product_brand":[67],"product_cat":[156,91],"product_tag":[2052,2053,1528,2050,755,750,2047,1269,756,2042,440,2051,2049,1201,220,2048,1529],"class_list":{"0":"post-398","1":"product","2":"type-product","3":"status-publish","4":"has-post-thumbnail","6":"product_brand-chisa-novelties","7":"product_cat-drogeria-wellness","8":"product_cat-intim-higienia","9":"product_tag-adult-care","10":"product_tag-couples-wellness","11":"product_tag-drogeria","12":"product_tag-felnotteknek","13":"product_tag-intim-apolas","14":"product_tag-intim-higienia","15":"product_tag-intim-termek","16":"product_tag-intim-tisztito","17":"product_tag-intimate-care","18":"product_tag-intimate-cleanser","19":"product_tag-intimate-hygiene","20":"product_tag-intimate-products","21":"product_tag-paros-egeszseg","22":"product_tag-sexual-wellness","23":"product_tag-szexshop-belvaros","24":"product_tag-szexualis-egeszseg","25":"product_tag-wellness","27":"first","28":"outofstock","29":"taxable","30":"shipping-taxable","31":"purchasable","32":"product-type-simple"},"yoast_head":"<!-- This site is optimized with the Yoast SEO plugin v27.4 - https:\/\/yoast.com\/product\/yoast-seo-wordpress\/ -->\n<title>\ud83d\udd73\ufe0f Peak Tease \u2013 A zuhanyfej, ami bel\u0151led is bid\u00e9 leszel - Szexshop Belvaros<\/title>\n<meta name=\"robots\" content=\"index, follow, max-snippet:-1, max-image-preview:large, max-video-preview:-1\" \/>\n<link rel=\"canonical\" href=\"https:\/\/www.szexshopbelvaros.com\/en\/product\/black-mont-teasing-enema-play-attachment\/\" \/>\n<meta property=\"og:locale\" content=\"en_US\" \/>\n<meta property=\"og:type\" content=\"article\" \/>\n<meta property=\"og:title\" content=\"\ud83d\udd73\ufe0f Peak Tease \u2013 A zuhanyfej, ami bel\u0151led is bid\u00e9 leszel - Szexshop Belvaros\" \/>\n<meta property=\"og:description\" content=\"A Black Mount csal\u00e1dj\u00e1nak ez a kis szilikon-f\u00e9m \u00f6rd\u00f6gfi\u00f3k\u00e1ja nem csak tiszt\u00edt \u2013 megal\u00e1z, izgat, \u00e9s k\u00f6zben \u00fagy kimossa a lelked, hogy s\u00edrva k\u00f6ny\u00f6r\u00f6gsz m\u00e9g egy menet\u00e9rt. A zuhanycs\u0151h\u00f6z r\u00f6gz\u00edthet\u0151 intim zuhany, amit an\u00e1lra \u00e9s h\u00fcvelyre is bevethetsz, ha m\u00e1r nem b\u00edzol a gravit\u00e1ci\u00f3ban.3,4 cm \u00e1tm\u00e9r\u0151, 15,3 cm hossz, \u00e9s olyan fekete, hogy a gondolataid [...]\" \/>\n<meta property=\"og:url\" content=\"https:\/\/www.szexshopbelvaros.com\/en\/product\/black-mont-teasing-enema-play-attachment\/\" \/>\n<meta property=\"og:site_name\" content=\"Szexshop Belvaros\" \/>\n<meta property=\"article:publisher\" content=\"https:\/\/www.facebook.com\/belvarossecrets\/\" \/>\n<meta property=\"article:modified_time\" content=\"2026-04-21T09:48:56+00:00\" \/>\n<meta property=\"og:image\" content=\"https:\/\/www.szexshopbelvaros.com\/wp-content\/uploads\/2025\/01\/eda6a58a-f334-11ee-8b30-464d31132fb3_45380_1000x1000.jpg\" \/>\n\t<meta property=\"og:image:width\" content=\"1200\" \/>\n\t<meta property=\"og:image:height\" content=\"675\" \/>\n\t<meta property=\"og:image:type\" content=\"image\/jpeg\" \/>\n<meta name=\"twitter:card\" content=\"summary_large_image\" \/>\n<meta name=\"twitter:site\" content=\"@belvarossecrets\" \/>\n<meta name=\"twitter:label1\" content=\"Est. reading time\" \/>\n\t<meta name=\"twitter:data1\" content=\"1 minute\" \/>\n<script type=\"application\/ld+json\" class=\"yoast-schema-graph\">{\"@context\":\"https:\\\/\\\/schema.org\",\"@graph\":[{\"@type\":\"WebPage\",\"@id\":\"https:\\\/\\\/www.szexshopbelvaros.com\\\/termek\\\/black-mont-teasing-enema-play-attachment\\\/\",\"url\":\"https:\\\/\\\/www.szexshopbelvaros.com\\\/termek\\\/black-mont-teasing-enema-play-attachment\\\/\",\"name\":\"\ud83d\udd73\ufe0f Peak Tease \u2013 A zuhanyfej, ami bel\u0151led is bid\u00e9 leszel - Szexshop Belvaros\",\"isPartOf\":{\"@id\":\"https:\\\/\\\/www.szexshopbelvaros.com\\\/#website\"},\"primaryImageOfPage\":{\"@id\":\"https:\\\/\\\/www.szexshopbelvaros.com\\\/termek\\\/black-mont-teasing-enema-play-attachment\\\/#primaryimage\"},\"image\":{\"@id\":\"https:\\\/\\\/www.szexshopbelvaros.com\\\/termek\\\/black-mont-teasing-enema-play-attachment\\\/#primaryimage\"},\"thumbnailUrl\":\"https:\\\/\\\/www.szexshopbelvaros.com\\\/wp-content\\\/uploads\\\/2025\\\/01\\\/eda6a58a-f334-11ee-8b30-464d31132fb3_45380_1000x1000.jpg\",\"datePublished\":\"2025-01-31T13:39:14+00:00\",\"dateModified\":\"2026-04-21T09:48:56+00:00\",\"breadcrumb\":{\"@id\":\"https:\\\/\\\/www.szexshopbelvaros.com\\\/termek\\\/black-mont-teasing-enema-play-attachment\\\/#breadcrumb\"},\"inLanguage\":\"en-US\",\"potentialAction\":[{\"@type\":\"ReadAction\",\"target\":[\"https:\\\/\\\/www.szexshopbelvaros.com\\\/termek\\\/black-mont-teasing-enema-play-attachment\\\/\"]}]},{\"@type\":\"ImageObject\",\"inLanguage\":\"en-US\",\"@id\":\"https:\\\/\\\/www.szexshopbelvaros.com\\\/termek\\\/black-mont-teasing-enema-play-attachment\\\/#primaryimage\",\"url\":\"https:\\\/\\\/www.szexshopbelvaros.com\\\/wp-content\\\/uploads\\\/2025\\\/01\\\/eda6a58a-f334-11ee-8b30-464d31132fb3_45380_1000x1000.jpg\",\"contentUrl\":\"https:\\\/\\\/www.szexshopbelvaros.com\\\/wp-content\\\/uploads\\\/2025\\\/01\\\/eda6a58a-f334-11ee-8b30-464d31132fb3_45380_1000x1000.jpg\",\"width\":1200,\"height\":675},{\"@type\":\"BreadcrumbList\",\"@id\":\"https:\\\/\\\/www.szexshopbelvaros.com\\\/termek\\\/black-mont-teasing-enema-play-attachment\\\/#breadcrumb\",\"itemListElement\":[{\"@type\":\"ListItem\",\"position\":1,\"name\":\"Home\",\"item\":\"https:\\\/\\\/www.szexshopbelvaros.com\\\/\"},{\"@type\":\"ListItem\",\"position\":2,\"name\":\"\u00c1ruh\u00e1z\",\"item\":\"https:\\\/\\\/www.szexshopbelvaros.com\\\/uzlet\\\/\"},{\"@type\":\"ListItem\",\"position\":3,\"name\":\"\ud83d\udd73\ufe0f Peak Tease \u2013 A zuhanyfej, ami bel\u0151led is bid\u00e9 leszel\"}]},{\"@type\":\"WebSite\",\"@id\":\"https:\\\/\\\/www.szexshopbelvaros.com\\\/#website\",\"url\":\"https:\\\/\\\/www.szexshopbelvaros.com\\\/\",\"name\":\"Szexshop Belv\u00e1ros\",\"description\":\"\ud83d\udd25 A szex olyan, mint a p\u00e9nz; csak a t\u00fal sok el\u00e9g!\u2122 Titkok a belv\u00e1rosb\u00f3l \ud83d\udc8b | Secrets from Budapest \ud83d\udc8e Feln\u0151tt j\u00e1t\u00e9kok \u2022 Erotika \u2022 Szexshop Belvaros\",\"publisher\":{\"@id\":\"https:\\\/\\\/www.szexshopbelvaros.com\\\/#organization\"},\"potentialAction\":[{\"@type\":\"SearchAction\",\"target\":{\"@type\":\"EntryPoint\",\"urlTemplate\":\"https:\\\/\\\/www.szexshopbelvaros.com\\\/?s={search_term_string}\"},\"query-input\":{\"@type\":\"PropertyValueSpecification\",\"valueRequired\":true,\"valueName\":\"search_term_string\"}}],\"inLanguage\":\"en-US\"},{\"@type\":\"Organization\",\"@id\":\"https:\\\/\\\/www.szexshopbelvaros.com\\\/#organization\",\"name\":\"Szexshop Belv\u00e1ros\",\"alternateName\":\"szexshopbelvaros.com\",\"url\":\"https:\\\/\\\/www.szexshopbelvaros.com\\\/\",\"logo\":{\"@type\":\"ImageObject\",\"inLanguage\":\"en-US\",\"@id\":\"https:\\\/\\\/www.szexshopbelvaros.com\\\/#\\\/schema\\\/logo\\\/image\\\/\",\"url\":\"https:\\\/\\\/www.szexshopbelvaros.com\\\/wp-content\\\/uploads\\\/2025\\\/09\\\/1Szexshopbelvaroslogo_blurred_stronger.jpg\",\"contentUrl\":\"https:\\\/\\\/www.szexshopbelvaros.com\\\/wp-content\\\/uploads\\\/2025\\\/09\\\/1Szexshopbelvaroslogo_blurred_stronger.jpg\",\"width\":1024,\"height\":1024,\"caption\":\"Szexshop Belv\u00e1ros\"},\"image\":{\"@id\":\"https:\\\/\\\/www.szexshopbelvaros.com\\\/#\\\/schema\\\/logo\\\/image\\\/\"},\"sameAs\":[\"https:\\\/\\\/www.facebook.com\\\/belvarossecrets\\\/\",\"https:\\\/\\\/x.com\\\/belvarossecrets\",\"https:\\\/\\\/www.instagram.com\\\/belvarossecrets\\\/\",\"https:\\\/\\\/www.tiktok.com\\\/@belvarossecrets\"]}]}<\/script>\n<!-- \/ Yoast SEO plugin. -->","yoast_head_json":{"title":"\ud83d\udd73\ufe0f Peak Tease \u2013 The shower head that turns you into a bidet - Szexshop Belvaros","robots":{"index":"index","follow":"follow","max-snippet":"max-snippet:-1","max-image-preview":"max-image-preview:large","max-video-preview":"max-video-preview:-1"},"canonical":"https:\/\/www.szexshopbelvaros.com\/en\/product\/black-mont-teasing-enema-play-attachment\/","og_locale":"en_US","og_type":"article","og_title":"\ud83d\udd73\ufe0f Peak Tease \u2013 A zuhanyfej, ami bel\u0151led is bid\u00e9 leszel - Szexshop Belvaros","og_description":"A Black Mount csal\u00e1dj\u00e1nak ez a kis szilikon-f\u00e9m \u00f6rd\u00f6gfi\u00f3k\u00e1ja nem csak tiszt\u00edt \u2013 megal\u00e1z, izgat, \u00e9s k\u00f6zben \u00fagy kimossa a lelked, hogy s\u00edrva k\u00f6ny\u00f6r\u00f6gsz m\u00e9g egy menet\u00e9rt. A zuhanycs\u0151h\u00f6z r\u00f6gz\u00edthet\u0151 intim zuhany, amit an\u00e1lra \u00e9s h\u00fcvelyre is bevethetsz, ha m\u00e1r nem b\u00edzol a gravit\u00e1ci\u00f3ban.3,4 cm \u00e1tm\u00e9r\u0151, 15,3 cm hossz, \u00e9s olyan fekete, hogy a gondolataid [...]","og_url":"https:\/\/www.szexshopbelvaros.com\/en\/product\/black-mont-teasing-enema-play-attachment\/","og_site_name":"Szexshop Belvaros","article_publisher":"https:\/\/www.facebook.com\/belvarossecrets\/","article_modified_time":"2026-04-21T09:48:56+00:00","og_image":[{"width":1200,"height":675,"url":"https:\/\/www.szexshopbelvaros.com\/wp-content\/uploads\/2025\/01\/eda6a58a-f334-11ee-8b30-464d31132fb3_45380_1000x1000.jpg","type":"image\/jpeg"}],"twitter_card":"summary_large_image","twitter_site":"@belvarossecrets","twitter_misc":{"Est. reading time":"1 minute"},"schema":{"@context":"https:\/\/schema.org","@graph":[{"@type":"WebPage","@id":"https:\/\/www.szexshopbelvaros.com\/termek\/black-mont-teasing-enema-play-attachment\/","url":"https:\/\/www.szexshopbelvaros.com\/termek\/black-mont-teasing-enema-play-attachment\/","name":"\ud83d\udd73\ufe0f Peak Tease \u2013 The shower head that turns you into a bidet - Szexshop Belvaros","isPartOf":{"@id":"https:\/\/www.szexshopbelvaros.com\/#website"},"primaryImageOfPage":{"@id":"https:\/\/www.szexshopbelvaros.com\/termek\/black-mont-teasing-enema-play-attachment\/#primaryimage"},"image":{"@id":"https:\/\/www.szexshopbelvaros.com\/termek\/black-mont-teasing-enema-play-attachment\/#primaryimage"},"thumbnailUrl":"https:\/\/www.szexshopbelvaros.com\/wp-content\/uploads\/2025\/01\/eda6a58a-f334-11ee-8b30-464d31132fb3_45380_1000x1000.jpg","datePublished":"2025-01-31T13:39:14+00:00","dateModified":"2026-04-21T09:48:56+00:00","breadcrumb":{"@id":"https:\/\/www.szexshopbelvaros.com\/termek\/black-mont-teasing-enema-play-attachment\/#breadcrumb"},"inLanguage":"en-US","potentialAction":[{"@type":"ReadAction","target":["https:\/\/www.szexshopbelvaros.com\/termek\/black-mont-teasing-enema-play-attachment\/"]}]},{"@type":"ImageObject","inLanguage":"en-US","@id":"https:\/\/www.szexshopbelvaros.com\/termek\/black-mont-teasing-enema-play-attachment\/#primaryimage","url":"https:\/\/www.szexshopbelvaros.com\/wp-content\/uploads\/2025\/01\/eda6a58a-f334-11ee-8b30-464d31132fb3_45380_1000x1000.jpg","contentUrl":"https:\/\/www.szexshopbelvaros.com\/wp-content\/uploads\/2025\/01\/eda6a58a-f334-11ee-8b30-464d31132fb3_45380_1000x1000.jpg","width":1200,"height":675},{"@type":"BreadcrumbList","@id":"https:\/\/www.szexshopbelvaros.com\/termek\/black-mont-teasing-enema-play-attachment\/#breadcrumb","itemListElement":[{"@type":"ListItem","position":1,"name":"Home","item":"https:\/\/www.szexshopbelvaros.com\/"},{"@type":"ListItem","position":2,"name":"\u00c1ruh\u00e1z","item":"https:\/\/www.szexshopbelvaros.com\/uzlet\/"},{"@type":"ListItem","position":3,"name":"\ud83d\udd73\ufe0f Peak Tease \u2013 A zuhanyfej, ami bel\u0151led is bid\u00e9 leszel"}]},{"@type":"WebSite","@id":"https:\/\/www.szexshopbelvaros.com\/#website","url":"https:\/\/www.szexshopbelvaros.com\/","name":"at our Szexshop Belv\u00e1ros","description":"\ud83d\udd25 Sex is like money; only too much is enough!\u2122 Secrets from the city center \ud83d\udc8b | Secrets from Budapest \ud83d\udc8e Adult games \u2022 Erotica \u2022 Sex shop Belvaros","publisher":{"@id":"https:\/\/www.szexshopbelvaros.com\/#organization"},"potentialAction":[{"@type":"SearchAction","target":{"@type":"EntryPoint","urlTemplate":"https:\/\/www.szexshopbelvaros.com\/?s={search_term_string}"},"query-input":{"@type":"PropertyValueSpecification","valueRequired":true,"valueName":"search_term_string"}}],"inLanguage":"en-US"},{"@type":"Organization","@id":"https:\/\/www.szexshopbelvaros.com\/#organization","name":"at our Szexshop Belv\u00e1ros","alternateName":"szexshopbelvaros.com","url":"https:\/\/www.szexshopbelvaros.com\/","logo":{"@type":"ImageObject","inLanguage":"en-US","@id":"https:\/\/www.szexshopbelvaros.com\/#\/schema\/logo\/image\/","url":"https:\/\/www.szexshopbelvaros.com\/wp-content\/uploads\/2025\/09\/1Szexshopbelvaroslogo_blurred_stronger.jpg","contentUrl":"https:\/\/www.szexshopbelvaros.com\/wp-content\/uploads\/2025\/09\/1Szexshopbelvaroslogo_blurred_stronger.jpg","width":1024,"height":1024,"caption":"Szexshop Belv\u00e1ros"},"image":{"@id":"https:\/\/www.szexshopbelvaros.com\/#\/schema\/logo\/image\/"},"sameAs":["https:\/\/www.facebook.com\/belvarossecrets\/","https:\/\/x.com\/belvarossecrets","https:\/\/www.instagram.com\/belvarossecrets\/","https:\/\/www.tiktok.com\/@belvarossecrets"]}]}},"_links":{"self":[{"href":"https:\/\/www.szexshopbelvaros.com\/en\/wp-json\/wp\/v2\/product\/398","targetHints":{"allow":["GET"]}}],"collection":[{"href":"https:\/\/www.szexshopbelvaros.com\/en\/wp-json\/wp\/v2\/product"}],"about":[{"href":"https:\/\/www.szexshopbelvaros.com\/en\/wp-json\/wp\/v2\/types\/product"}],"replies":[{"embeddable":true,"href":"https:\/\/www.szexshopbelvaros.com\/en\/wp-json\/wp\/v2\/comments?post=398"}],"wp:featuredmedia":[{"embeddable":true,"href":"https:\/\/www.szexshopbelvaros.com\/en\/wp-json\/wp\/v2\/media\/399"}],"wp:attachment":[{"href":"https:\/\/www.szexshopbelvaros.com\/en\/wp-json\/wp\/v2\/media?parent=398"}],"wp:term":[{"taxonomy":"product_brand","embeddable":true,"href":"https:\/\/www.szexshopbelvaros.com\/en\/wp-json\/wp\/v2\/product_brand?post=398"},{"taxonomy":"product_cat","embeddable":true,"href":"https:\/\/www.szexshopbelvaros.com\/en\/wp-json\/wp\/v2\/product_cat?post=398"},{"taxonomy":"product_tag","embeddable":true,"href":"https:\/\/www.szexshopbelvaros.com\/en\/wp-json\/wp\/v2\/product_tag?post=398"}],"curies":[{"name":"wp","href":"https:\/\/api.w.org\/{rel}","templated":true}]}}