{"id":400,"date":"2025-01-31T14:39:14","date_gmt":"2025-01-31T13:39:14","guid":{"rendered":"https:\/\/www.szexshopbelvaros.com\/termek\/black-mont-tapered-silicone-enema-attachment\/"},"modified":"2026-04-14T17:14:12","modified_gmt":"2026-04-14T15:14:12","slug":"black-mont-tapered-silicone-enema-attachment","status":"publish","type":"product","link":"https:\/\/www.szexshopbelvaros.com\/en\/product\/black-mont-tapered-silicone-enema-attachment\/","title":{"rendered":"\ud83e\udde8 Butt First \u2013 The shower that penetrates without question"},"content":{"rendered":"<p data-start=\"208\" data-end=\"766\">Our <em data-start=\"216\" data-end=\"229\">Mount's<\/em> latest conical little wonder of the series, the <strong data-start=\"272\" data-end=\"286\">Butt First<\/strong>, delivers exactly what its name promises: <strong data-start=\"321\" data-end=\"339\">first the ass<\/strong>, then the rest can come. It can be connected to a shower hose <strong data-start=\"391\" data-end=\"430\">to be used as an anal and vaginal irrigation device<\/strong>, which will make your insides grateful.<br data-start=\"462\" data-end=\"465\" \/><strong data-start=\"465\" data-end=\"482\">It's 3.4 cm in diameter and<\/strong>, <strong data-start=\"484\" data-end=\"501\">11.2 cm length<\/strong>, <strong data-start=\"503\" data-end=\"522\">made of silicone and metal<\/strong> material \u2013 compact enough to be comfortable, but deep enough to make you forget the world for a minute.<br data-start=\"639\" data-end=\"642\" \/><strong data-start=\"642\" data-end=\"667\">For cleaning use warm soapy water<\/strong>, <strong data-start=\"669\" data-end=\"693\">auxiliary cleaner<\/strong>, and only <strong data-start=\"705\" data-end=\"727\">water-based lubricant<\/strong> \u2013 don't be foolish, give them what they want.<\/p>\n<p data-start=\"768\" data-end=\"866\">Available at <strong data-start=\"783\" data-end=\"807\">szexshopbelvaros.com.<\/strong>- where showering is not hygiene, but a ritual.<\/p>\n<p>&nbsp;<\/p>","protected":false},"excerpt":{"rendered":"<p>A Black Mount sorozat\u00e1nak leg\u00fajabb k\u00fapos kis csod\u00e1ja, a Butt First, pont azt adja, amit a neve \u00edg\u00e9r: el\u0151sz\u00f6r a segg, azt\u00e1n j\u00f6het a t\u00f6bbi. Zuhanycs\u0151re csatlakoztathat\u00f3 an\u00e1lis \u00e9s h\u00fcvelyi irrig\u00e1l\u00f3 k\u00e9sz\u00fcl\u00e9k, amit\u0151l a bels\u0151d is h\u00e1l\u00e1s lesz.3,4 cm \u00e1tm\u00e9r\u0151, 11,2 cm hossz, szilikon \u00e9s f\u00e9m anyagb\u00f3l \u2013 el\u00e9g kompakt ahhoz, hogy k\u00e9nyelmes legyen, de [&#8230;]\n","protected":false},"featured_media":2709,"comment_status":"closed","ping_status":"closed","template":"","meta":[],"product_brand":[67],"product_cat":[156,91],"product_tag":[2052,2053,1528,2050,755,750,2047,1269,756,2042,440,2051,2049,1201,220,2048,1529],"class_list":{"0":"post-400","1":"product","2":"type-product","3":"status-publish","4":"has-post-thumbnail","6":"product_brand-chisa-novelties","7":"product_cat-drogeria-wellness","8":"product_cat-intim-higienia","9":"product_tag-adult-care","10":"product_tag-couples-wellness","11":"product_tag-drogeria","12":"product_tag-felnotteknek","13":"product_tag-intim-apolas","14":"product_tag-intim-higienia","15":"product_tag-intim-termek","16":"product_tag-intim-tisztito","17":"product_tag-intimate-care","18":"product_tag-intimate-cleanser","19":"product_tag-intimate-hygiene","20":"product_tag-intimate-products","21":"product_tag-paros-egeszseg","22":"product_tag-sexual-wellness","23":"product_tag-szexshop-belvaros","24":"product_tag-szexualis-egeszseg","25":"product_tag-wellness","27":"first","28":"instock","29":"taxable","30":"shipping-taxable","31":"purchasable","32":"product-type-simple"},"yoast_head":"<!-- This site is optimized with the Yoast SEO plugin v27.4 - https:\/\/yoast.com\/product\/yoast-seo-wordpress\/ -->\n<title>\ud83e\udde8 Butt First \u2013 A zuhany, ami k\u00e9rd\u00e9s n\u00e9lk\u00fcl hatol - Szexshop Belvaros<\/title>\n<meta name=\"robots\" content=\"index, follow, max-snippet:-1, max-image-preview:large, max-video-preview:-1\" \/>\n<link rel=\"canonical\" href=\"https:\/\/www.szexshopbelvaros.com\/en\/product\/black-mont-tapered-silicone-enema-attachment\/\" \/>\n<meta property=\"og:locale\" content=\"en_US\" \/>\n<meta property=\"og:type\" content=\"article\" \/>\n<meta property=\"og:title\" content=\"\ud83e\udde8 Butt First \u2013 A zuhany, ami k\u00e9rd\u00e9s n\u00e9lk\u00fcl hatol - Szexshop Belvaros\" \/>\n<meta property=\"og:description\" content=\"A Black Mount sorozat\u00e1nak leg\u00fajabb k\u00fapos kis csod\u00e1ja, a Butt First, pont azt adja, amit a neve \u00edg\u00e9r: el\u0151sz\u00f6r a segg, azt\u00e1n j\u00f6het a t\u00f6bbi. Zuhanycs\u0151re csatlakoztathat\u00f3 an\u00e1lis \u00e9s h\u00fcvelyi irrig\u00e1l\u00f3 k\u00e9sz\u00fcl\u00e9k, amit\u0151l a bels\u0151d is h\u00e1l\u00e1s lesz.3,4 cm \u00e1tm\u00e9r\u0151, 11,2 cm hossz, szilikon \u00e9s f\u00e9m anyagb\u00f3l \u2013 el\u00e9g kompakt ahhoz, hogy k\u00e9nyelmes legyen, de [...]\" \/>\n<meta property=\"og:url\" content=\"https:\/\/www.szexshopbelvaros.com\/en\/product\/black-mont-tapered-silicone-enema-attachment\/\" \/>\n<meta property=\"og:site_name\" content=\"Szexshop Belvaros\" \/>\n<meta property=\"article:publisher\" content=\"https:\/\/www.facebook.com\/belvarossecrets\/\" \/>\n<meta property=\"article:modified_time\" content=\"2026-04-14T15:14:12+00:00\" \/>\n<meta property=\"og:image\" content=\"https:\/\/www.szexshopbelvaros.com\/wp-content\/uploads\/2025\/01\/Untitled-design-7.png\" \/>\n\t<meta property=\"og:image:width\" content=\"2048\" \/>\n\t<meta property=\"og:image:height\" content=\"1151\" \/>\n\t<meta property=\"og:image:type\" content=\"image\/png\" \/>\n<meta name=\"twitter:card\" content=\"summary_large_image\" \/>\n<meta name=\"twitter:site\" content=\"@belvarossecrets\" \/>\n<meta name=\"twitter:label1\" content=\"Est. reading time\" \/>\n\t<meta name=\"twitter:data1\" content=\"1 minute\" \/>\n<script type=\"application\/ld+json\" class=\"yoast-schema-graph\">{\"@context\":\"https:\\\/\\\/schema.org\",\"@graph\":[{\"@type\":\"WebPage\",\"@id\":\"https:\\\/\\\/www.szexshopbelvaros.com\\\/termek\\\/black-mont-tapered-silicone-enema-attachment\\\/\",\"url\":\"https:\\\/\\\/www.szexshopbelvaros.com\\\/termek\\\/black-mont-tapered-silicone-enema-attachment\\\/\",\"name\":\"\ud83e\udde8 Butt First \u2013 A zuhany, ami k\u00e9rd\u00e9s n\u00e9lk\u00fcl hatol - Szexshop Belvaros\",\"isPartOf\":{\"@id\":\"https:\\\/\\\/www.szexshopbelvaros.com\\\/#website\"},\"primaryImageOfPage\":{\"@id\":\"https:\\\/\\\/www.szexshopbelvaros.com\\\/termek\\\/black-mont-tapered-silicone-enema-attachment\\\/#primaryimage\"},\"image\":{\"@id\":\"https:\\\/\\\/www.szexshopbelvaros.com\\\/termek\\\/black-mont-tapered-silicone-enema-attachment\\\/#primaryimage\"},\"thumbnailUrl\":\"https:\\\/\\\/www.szexshopbelvaros.com\\\/wp-content\\\/uploads\\\/2025\\\/01\\\/Untitled-design-7.png\",\"datePublished\":\"2025-01-31T13:39:14+00:00\",\"dateModified\":\"2026-04-14T15:14:12+00:00\",\"breadcrumb\":{\"@id\":\"https:\\\/\\\/www.szexshopbelvaros.com\\\/termek\\\/black-mont-tapered-silicone-enema-attachment\\\/#breadcrumb\"},\"inLanguage\":\"en-US\",\"potentialAction\":[{\"@type\":\"ReadAction\",\"target\":[\"https:\\\/\\\/www.szexshopbelvaros.com\\\/termek\\\/black-mont-tapered-silicone-enema-attachment\\\/\"]}]},{\"@type\":\"ImageObject\",\"inLanguage\":\"en-US\",\"@id\":\"https:\\\/\\\/www.szexshopbelvaros.com\\\/termek\\\/black-mont-tapered-silicone-enema-attachment\\\/#primaryimage\",\"url\":\"https:\\\/\\\/www.szexshopbelvaros.com\\\/wp-content\\\/uploads\\\/2025\\\/01\\\/Untitled-design-7.png\",\"contentUrl\":\"https:\\\/\\\/www.szexshopbelvaros.com\\\/wp-content\\\/uploads\\\/2025\\\/01\\\/Untitled-design-7.png\",\"width\":2048,\"height\":1151},{\"@type\":\"BreadcrumbList\",\"@id\":\"https:\\\/\\\/www.szexshopbelvaros.com\\\/termek\\\/black-mont-tapered-silicone-enema-attachment\\\/#breadcrumb\",\"itemListElement\":[{\"@type\":\"ListItem\",\"position\":1,\"name\":\"Home\",\"item\":\"https:\\\/\\\/www.szexshopbelvaros.com\\\/\"},{\"@type\":\"ListItem\",\"position\":2,\"name\":\"\u00c1ruh\u00e1z\",\"item\":\"https:\\\/\\\/www.szexshopbelvaros.com\\\/uzlet\\\/\"},{\"@type\":\"ListItem\",\"position\":3,\"name\":\"\ud83e\udde8 Butt First \u2013 A zuhany, ami k\u00e9rd\u00e9s n\u00e9lk\u00fcl hatol\"}]},{\"@type\":\"WebSite\",\"@id\":\"https:\\\/\\\/www.szexshopbelvaros.com\\\/#website\",\"url\":\"https:\\\/\\\/www.szexshopbelvaros.com\\\/\",\"name\":\"Szexshop Belv\u00e1ros\",\"description\":\"\ud83d\udd25 A szex olyan, mint a p\u00e9nz; csak a t\u00fal sok el\u00e9g!\u2122 Titkok a belv\u00e1rosb\u00f3l \ud83d\udc8b | Secrets from Budapest \ud83d\udc8e Feln\u0151tt j\u00e1t\u00e9kok \u2022 Erotika \u2022 Szexshop Belvaros\",\"publisher\":{\"@id\":\"https:\\\/\\\/www.szexshopbelvaros.com\\\/#organization\"},\"potentialAction\":[{\"@type\":\"SearchAction\",\"target\":{\"@type\":\"EntryPoint\",\"urlTemplate\":\"https:\\\/\\\/www.szexshopbelvaros.com\\\/?s={search_term_string}\"},\"query-input\":{\"@type\":\"PropertyValueSpecification\",\"valueRequired\":true,\"valueName\":\"search_term_string\"}}],\"inLanguage\":\"en-US\"},{\"@type\":\"Organization\",\"@id\":\"https:\\\/\\\/www.szexshopbelvaros.com\\\/#organization\",\"name\":\"Szexshop Belv\u00e1ros\",\"alternateName\":\"szexshopbelvaros.com\",\"url\":\"https:\\\/\\\/www.szexshopbelvaros.com\\\/\",\"logo\":{\"@type\":\"ImageObject\",\"inLanguage\":\"en-US\",\"@id\":\"https:\\\/\\\/www.szexshopbelvaros.com\\\/#\\\/schema\\\/logo\\\/image\\\/\",\"url\":\"https:\\\/\\\/www.szexshopbelvaros.com\\\/wp-content\\\/uploads\\\/2025\\\/09\\\/1Szexshopbelvaroslogo_blurred_stronger.jpg\",\"contentUrl\":\"https:\\\/\\\/www.szexshopbelvaros.com\\\/wp-content\\\/uploads\\\/2025\\\/09\\\/1Szexshopbelvaroslogo_blurred_stronger.jpg\",\"width\":1024,\"height\":1024,\"caption\":\"Szexshop Belv\u00e1ros\"},\"image\":{\"@id\":\"https:\\\/\\\/www.szexshopbelvaros.com\\\/#\\\/schema\\\/logo\\\/image\\\/\"},\"sameAs\":[\"https:\\\/\\\/www.facebook.com\\\/belvarossecrets\\\/\",\"https:\\\/\\\/x.com\\\/belvarossecrets\",\"https:\\\/\\\/www.instagram.com\\\/belvarossecrets\\\/\",\"https:\\\/\\\/www.tiktok.com\\\/@belvarossecrets\"]}]}<\/script>\n<!-- \/ Yoast SEO plugin. -->","yoast_head_json":{"title":"\ud83e\udde8 Butt First \u2013 The shower that penetrates without question - Szexshop Belvaros","robots":{"index":"index","follow":"follow","max-snippet":"max-snippet:-1","max-image-preview":"max-image-preview:large","max-video-preview":"max-video-preview:-1"},"canonical":"https:\/\/www.szexshopbelvaros.com\/en\/product\/black-mont-tapered-silicone-enema-attachment\/","og_locale":"en_US","og_type":"article","og_title":"\ud83e\udde8 Butt First \u2013 A zuhany, ami k\u00e9rd\u00e9s n\u00e9lk\u00fcl hatol - Szexshop Belvaros","og_description":"A Black Mount sorozat\u00e1nak leg\u00fajabb k\u00fapos kis csod\u00e1ja, a Butt First, pont azt adja, amit a neve \u00edg\u00e9r: el\u0151sz\u00f6r a segg, azt\u00e1n j\u00f6het a t\u00f6bbi. Zuhanycs\u0151re csatlakoztathat\u00f3 an\u00e1lis \u00e9s h\u00fcvelyi irrig\u00e1l\u00f3 k\u00e9sz\u00fcl\u00e9k, amit\u0151l a bels\u0151d is h\u00e1l\u00e1s lesz.3,4 cm \u00e1tm\u00e9r\u0151, 11,2 cm hossz, szilikon \u00e9s f\u00e9m anyagb\u00f3l \u2013 el\u00e9g kompakt ahhoz, hogy k\u00e9nyelmes legyen, de [...]","og_url":"https:\/\/www.szexshopbelvaros.com\/en\/product\/black-mont-tapered-silicone-enema-attachment\/","og_site_name":"Szexshop Belvaros","article_publisher":"https:\/\/www.facebook.com\/belvarossecrets\/","article_modified_time":"2026-04-14T15:14:12+00:00","og_image":[{"width":2048,"height":1151,"url":"https:\/\/www.szexshopbelvaros.com\/wp-content\/uploads\/2025\/01\/Untitled-design-7.png","type":"image\/png"}],"twitter_card":"summary_large_image","twitter_site":"@belvarossecrets","twitter_misc":{"Est. reading time":"1 minute"},"schema":{"@context":"https:\/\/schema.org","@graph":[{"@type":"WebPage","@id":"https:\/\/www.szexshopbelvaros.com\/termek\/black-mont-tapered-silicone-enema-attachment\/","url":"https:\/\/www.szexshopbelvaros.com\/termek\/black-mont-tapered-silicone-enema-attachment\/","name":"\ud83e\udde8 Butt First \u2013 The shower that penetrates without question - Szexshop Belvaros","isPartOf":{"@id":"https:\/\/www.szexshopbelvaros.com\/#website"},"primaryImageOfPage":{"@id":"https:\/\/www.szexshopbelvaros.com\/termek\/black-mont-tapered-silicone-enema-attachment\/#primaryimage"},"image":{"@id":"https:\/\/www.szexshopbelvaros.com\/termek\/black-mont-tapered-silicone-enema-attachment\/#primaryimage"},"thumbnailUrl":"https:\/\/www.szexshopbelvaros.com\/wp-content\/uploads\/2025\/01\/Untitled-design-7.png","datePublished":"2025-01-31T13:39:14+00:00","dateModified":"2026-04-14T15:14:12+00:00","breadcrumb":{"@id":"https:\/\/www.szexshopbelvaros.com\/termek\/black-mont-tapered-silicone-enema-attachment\/#breadcrumb"},"inLanguage":"en-US","potentialAction":[{"@type":"ReadAction","target":["https:\/\/www.szexshopbelvaros.com\/termek\/black-mont-tapered-silicone-enema-attachment\/"]}]},{"@type":"ImageObject","inLanguage":"en-US","@id":"https:\/\/www.szexshopbelvaros.com\/termek\/black-mont-tapered-silicone-enema-attachment\/#primaryimage","url":"https:\/\/www.szexshopbelvaros.com\/wp-content\/uploads\/2025\/01\/Untitled-design-7.png","contentUrl":"https:\/\/www.szexshopbelvaros.com\/wp-content\/uploads\/2025\/01\/Untitled-design-7.png","width":2048,"height":1151},{"@type":"BreadcrumbList","@id":"https:\/\/www.szexshopbelvaros.com\/termek\/black-mont-tapered-silicone-enema-attachment\/#breadcrumb","itemListElement":[{"@type":"ListItem","position":1,"name":"Home","item":"https:\/\/www.szexshopbelvaros.com\/"},{"@type":"ListItem","position":2,"name":"\u00c1ruh\u00e1z","item":"https:\/\/www.szexshopbelvaros.com\/uzlet\/"},{"@type":"ListItem","position":3,"name":"\ud83e\udde8 Butt First \u2013 A zuhany, ami k\u00e9rd\u00e9s n\u00e9lk\u00fcl hatol"}]},{"@type":"WebSite","@id":"https:\/\/www.szexshopbelvaros.com\/#website","url":"https:\/\/www.szexshopbelvaros.com\/","name":"at our Szexshop Belv\u00e1ros","description":"\ud83d\udd25 Sex is like money; only too much is enough!\u2122 Secrets from the city center \ud83d\udc8b | Secrets from Budapest \ud83d\udc8e Adult games \u2022 Erotica \u2022 Sex shop Belvaros","publisher":{"@id":"https:\/\/www.szexshopbelvaros.com\/#organization"},"potentialAction":[{"@type":"SearchAction","target":{"@type":"EntryPoint","urlTemplate":"https:\/\/www.szexshopbelvaros.com\/?s={search_term_string}"},"query-input":{"@type":"PropertyValueSpecification","valueRequired":true,"valueName":"search_term_string"}}],"inLanguage":"en-US"},{"@type":"Organization","@id":"https:\/\/www.szexshopbelvaros.com\/#organization","name":"at our Szexshop Belv\u00e1ros","alternateName":"szexshopbelvaros.com","url":"https:\/\/www.szexshopbelvaros.com\/","logo":{"@type":"ImageObject","inLanguage":"en-US","@id":"https:\/\/www.szexshopbelvaros.com\/#\/schema\/logo\/image\/","url":"https:\/\/www.szexshopbelvaros.com\/wp-content\/uploads\/2025\/09\/1Szexshopbelvaroslogo_blurred_stronger.jpg","contentUrl":"https:\/\/www.szexshopbelvaros.com\/wp-content\/uploads\/2025\/09\/1Szexshopbelvaroslogo_blurred_stronger.jpg","width":1024,"height":1024,"caption":"Szexshop Belv\u00e1ros"},"image":{"@id":"https:\/\/www.szexshopbelvaros.com\/#\/schema\/logo\/image\/"},"sameAs":["https:\/\/www.facebook.com\/belvarossecrets\/","https:\/\/x.com\/belvarossecrets","https:\/\/www.instagram.com\/belvarossecrets\/","https:\/\/www.tiktok.com\/@belvarossecrets"]}]}},"_links":{"self":[{"href":"https:\/\/www.szexshopbelvaros.com\/en\/wp-json\/wp\/v2\/product\/400","targetHints":{"allow":["GET"]}}],"collection":[{"href":"https:\/\/www.szexshopbelvaros.com\/en\/wp-json\/wp\/v2\/product"}],"about":[{"href":"https:\/\/www.szexshopbelvaros.com\/en\/wp-json\/wp\/v2\/types\/product"}],"replies":[{"embeddable":true,"href":"https:\/\/www.szexshopbelvaros.com\/en\/wp-json\/wp\/v2\/comments?post=400"}],"wp:featuredmedia":[{"embeddable":true,"href":"https:\/\/www.szexshopbelvaros.com\/en\/wp-json\/wp\/v2\/media\/2709"}],"wp:attachment":[{"href":"https:\/\/www.szexshopbelvaros.com\/en\/wp-json\/wp\/v2\/media?parent=400"}],"wp:term":[{"taxonomy":"product_brand","embeddable":true,"href":"https:\/\/www.szexshopbelvaros.com\/en\/wp-json\/wp\/v2\/product_brand?post=400"},{"taxonomy":"product_cat","embeddable":true,"href":"https:\/\/www.szexshopbelvaros.com\/en\/wp-json\/wp\/v2\/product_cat?post=400"},{"taxonomy":"product_tag","embeddable":true,"href":"https:\/\/www.szexshopbelvaros.com\/en\/wp-json\/wp\/v2\/product_tag?post=400"}],"curies":[{"name":"wp","href":"https:\/\/api.w.org\/{rel}","templated":true}]}}