{"id":412,"date":"2025-01-31T14:39:59","date_gmt":"2025-01-31T13:39:59","guid":{"rendered":"https:\/\/www.szexshopbelvaros.com\/termek\/crazy-bull-jane\/"},"modified":"2026-02-19T16:07:50","modified_gmt":"2026-02-19T15:07:50","slug":"crazy-bull-jane","status":"publish","type":"product","link":"https:\/\/www.szexshopbelvaros.com\/en\/product\/crazy-bull-jane\/","title":{"rendered":"Crazy Bull Jane"},"content":{"rendered":"<p>A realistic, individual erotic toy made of leather-like material, recommended for men, with a grooved inner wall and a vagina-shaping body opening. With its use, self-control during intercourse can be greatly improved, thus its duration can be significantly increased. Before and after each use, it must be washed with lukewarm soapy water and an accessory cleaner and allowed to dry completely. Water-based lubricant is recommended.<br \/>\nMaterial: TPR<br \/>\nDiameter (cm) 6<br \/>\nLength (cm) 13.5<br \/>\nSpecial feature waterproof<br \/>\nColor: Body color<br \/>\nProduct group vagina<\/p>\n<p>&nbsp;<\/p>","protected":false},"excerpt":{"rendered":"<p>B\u0151rszer\u0171 anyagb\u00f3l k\u00e9sz\u00edtett, f\u00e9rfiaknak aj\u00e1nlott, realisztikus kialak\u00edt\u00e1s\u00fa, bar\u00e1zd\u00e1lt bels\u0151 fal\u00fa, vagin\u00e1t form\u00e1z\u00f3 testny\u00edl\u00e1ssal ell\u00e1tott egy\u00e9ni erotikus j\u00e1t\u00e9k. Haszn\u00e1lat\u00e1val az aktus k\u00f6zbeni \u00f6nkontroll nagym\u00e9rt\u00e9kben fejleszthet\u0151, \u00edgy annak ideje jelent\u0151sen n\u00f6velhet\u0151. Minden haszn\u00e1lat el\u0151tt \u00e9s minden haszn\u00e1lat ut\u00e1n langyos szappanos v\u00edzzel \u00e9s seg\u00e9deszk\u00f6z tiszt\u00edt\u00f3val kell lemosni \u00e9s hagyni teljesen megsz\u00e1radni. V\u00edzb\u00e1zis\u00fa s\u00edkos\u00edt\u00f3 javasolt. Anyag TPR \u00c1tm\u00e9r\u0151 (cm) [&#8230;]\n","protected":false},"featured_media":413,"comment_status":"closed","ping_status":"closed","template":"","meta":[],"product_brand":[],"product_cat":[68,150],"product_tag":[1857,2166,2069,2068,1104,1023,2071,2172,1855,2076,2168,2167,2073,573,2174,2072,1858,2074,1856,2173,2171,2075,220],"class_list":{"0":"post-412","1":"product","2":"type-product","3":"status-publish","4":"has-post-thumbnail","6":"product_cat-ferfiaknak","7":"product_cat-maszturbatorok","8":"product_tag-adult-toy-for-men","9":"product_tag-ferfi-elvezet","10":"product_tag-ferfi-felnott-jatek","11":"product_tag-ferfi-intim-jatek","12":"product_tag-ferfi-kiegeszito","13":"product_tag-ferfi-maszturbator","14":"product_tag-ferfi-onkielegito","15":"product_tag-ferfi-solo-jatek","16":"product_tag-ferfi-szexjatek","17":"product_tag-handheld-masturbator","18":"product_tag-intimate-toy-for-men","19":"product_tag-male-adult-toy","20":"product_tag-male-masturbator","21":"product_tag-male-sex-toy","22":"product_tag-masturbation-toy","23":"product_tag-maszturbator-jatek","24":"product_tag-mens-accessory","25":"product_tag-mens-masturbator","26":"product_tag-mens-pleasure","27":"product_tag-solo-pleasure","28":"product_tag-stimulacios-eszkoz","29":"product_tag-stroker","30":"product_tag-szexshop-belvaros","32":"first","33":"outofstock","34":"taxable","35":"shipping-taxable","36":"purchasable","37":"product-type-simple"},"yoast_head":"<!-- This site is optimized with the Yoast SEO plugin v27.4 - https:\/\/yoast.com\/product\/yoast-seo-wordpress\/ -->\n<title>Crazy Bull Jane - Szexshop Belvaros<\/title>\n<meta name=\"robots\" content=\"index, follow, max-snippet:-1, max-image-preview:large, max-video-preview:-1\" \/>\n<link rel=\"canonical\" href=\"https:\/\/www.szexshopbelvaros.com\/en\/product\/crazy-bull-jane\/\" \/>\n<meta property=\"og:locale\" content=\"en_US\" \/>\n<meta property=\"og:type\" content=\"article\" \/>\n<meta property=\"og:title\" content=\"Crazy Bull Jane - Szexshop Belvaros\" \/>\n<meta property=\"og:description\" content=\"B\u0151rszer\u0171 anyagb\u00f3l k\u00e9sz\u00edtett, f\u00e9rfiaknak aj\u00e1nlott, realisztikus kialak\u00edt\u00e1s\u00fa, bar\u00e1zd\u00e1lt bels\u0151 fal\u00fa, vagin\u00e1t form\u00e1z\u00f3 testny\u00edl\u00e1ssal ell\u00e1tott egy\u00e9ni erotikus j\u00e1t\u00e9k. Haszn\u00e1lat\u00e1val az aktus k\u00f6zbeni \u00f6nkontroll nagym\u00e9rt\u00e9kben fejleszthet\u0151, \u00edgy annak ideje jelent\u0151sen n\u00f6velhet\u0151. Minden haszn\u00e1lat el\u0151tt \u00e9s minden haszn\u00e1lat ut\u00e1n langyos szappanos v\u00edzzel \u00e9s seg\u00e9deszk\u00f6z tiszt\u00edt\u00f3val kell lemosni \u00e9s hagyni teljesen megsz\u00e1radni. V\u00edzb\u00e1zis\u00fa s\u00edkos\u00edt\u00f3 javasolt. Anyag TPR \u00c1tm\u00e9r\u0151 (cm) [...]\" \/>\n<meta property=\"og:url\" content=\"https:\/\/www.szexshopbelvaros.com\/en\/product\/crazy-bull-jane\/\" \/>\n<meta property=\"og:site_name\" content=\"Szexshop Belvaros\" \/>\n<meta property=\"article:publisher\" content=\"https:\/\/www.facebook.com\/belvarossecrets\/\" \/>\n<meta property=\"article:modified_time\" content=\"2026-02-19T15:07:50+00:00\" \/>\n<meta property=\"og:image\" content=\"https:\/\/www.szexshopbelvaros.com\/wp-content\/uploads\/2025\/01\/e8317136-f670-11ee-99db-423387156a62_23502_1000x1000__1_.jpg\" \/>\n\t<meta property=\"og:image:width\" content=\"1200\" \/>\n\t<meta property=\"og:image:height\" content=\"675\" \/>\n\t<meta property=\"og:image:type\" content=\"image\/jpeg\" \/>\n<meta name=\"twitter:card\" content=\"summary_large_image\" \/>\n<meta name=\"twitter:site\" content=\"@belvarossecrets\" \/>\n<meta name=\"twitter:label1\" content=\"Est. reading time\" \/>\n\t<meta name=\"twitter:data1\" content=\"1 minute\" \/>\n<script type=\"application\/ld+json\" class=\"yoast-schema-graph\">{\"@context\":\"https:\\\/\\\/schema.org\",\"@graph\":[{\"@type\":\"WebPage\",\"@id\":\"https:\\\/\\\/www.szexshopbelvaros.com\\\/termek\\\/crazy-bull-jane\\\/\",\"url\":\"https:\\\/\\\/www.szexshopbelvaros.com\\\/termek\\\/crazy-bull-jane\\\/\",\"name\":\"Crazy Bull Jane - Szexshop Belvaros\",\"isPartOf\":{\"@id\":\"https:\\\/\\\/www.szexshopbelvaros.com\\\/#website\"},\"primaryImageOfPage\":{\"@id\":\"https:\\\/\\\/www.szexshopbelvaros.com\\\/termek\\\/crazy-bull-jane\\\/#primaryimage\"},\"image\":{\"@id\":\"https:\\\/\\\/www.szexshopbelvaros.com\\\/termek\\\/crazy-bull-jane\\\/#primaryimage\"},\"thumbnailUrl\":\"https:\\\/\\\/www.szexshopbelvaros.com\\\/wp-content\\\/uploads\\\/2025\\\/01\\\/e8317136-f670-11ee-99db-423387156a62_23502_1000x1000__1_.jpg\",\"datePublished\":\"2025-01-31T13:39:59+00:00\",\"dateModified\":\"2026-02-19T15:07:50+00:00\",\"breadcrumb\":{\"@id\":\"https:\\\/\\\/www.szexshopbelvaros.com\\\/termek\\\/crazy-bull-jane\\\/#breadcrumb\"},\"inLanguage\":\"en-US\",\"potentialAction\":[{\"@type\":\"ReadAction\",\"target\":[\"https:\\\/\\\/www.szexshopbelvaros.com\\\/termek\\\/crazy-bull-jane\\\/\"]}]},{\"@type\":\"ImageObject\",\"inLanguage\":\"en-US\",\"@id\":\"https:\\\/\\\/www.szexshopbelvaros.com\\\/termek\\\/crazy-bull-jane\\\/#primaryimage\",\"url\":\"https:\\\/\\\/www.szexshopbelvaros.com\\\/wp-content\\\/uploads\\\/2025\\\/01\\\/e8317136-f670-11ee-99db-423387156a62_23502_1000x1000__1_.jpg\",\"contentUrl\":\"https:\\\/\\\/www.szexshopbelvaros.com\\\/wp-content\\\/uploads\\\/2025\\\/01\\\/e8317136-f670-11ee-99db-423387156a62_23502_1000x1000__1_.jpg\",\"width\":1200,\"height\":675},{\"@type\":\"BreadcrumbList\",\"@id\":\"https:\\\/\\\/www.szexshopbelvaros.com\\\/termek\\\/crazy-bull-jane\\\/#breadcrumb\",\"itemListElement\":[{\"@type\":\"ListItem\",\"position\":1,\"name\":\"Home\",\"item\":\"https:\\\/\\\/www.szexshopbelvaros.com\\\/\"},{\"@type\":\"ListItem\",\"position\":2,\"name\":\"\u00c1ruh\u00e1z\",\"item\":\"https:\\\/\\\/www.szexshopbelvaros.com\\\/uzlet\\\/\"},{\"@type\":\"ListItem\",\"position\":3,\"name\":\"Crazy Bull Jane\"}]},{\"@type\":\"WebSite\",\"@id\":\"https:\\\/\\\/www.szexshopbelvaros.com\\\/#website\",\"url\":\"https:\\\/\\\/www.szexshopbelvaros.com\\\/\",\"name\":\"Szexshop Belv\u00e1ros\",\"description\":\"\ud83d\udd25 A szex olyan, mint a p\u00e9nz; csak a t\u00fal sok el\u00e9g!\u2122 Titkok a belv\u00e1rosb\u00f3l \ud83d\udc8b | Secrets from Budapest \ud83d\udc8e Feln\u0151tt j\u00e1t\u00e9kok \u2022 Erotika \u2022 Szexshop Belvaros\",\"publisher\":{\"@id\":\"https:\\\/\\\/www.szexshopbelvaros.com\\\/#organization\"},\"potentialAction\":[{\"@type\":\"SearchAction\",\"target\":{\"@type\":\"EntryPoint\",\"urlTemplate\":\"https:\\\/\\\/www.szexshopbelvaros.com\\\/?s={search_term_string}\"},\"query-input\":{\"@type\":\"PropertyValueSpecification\",\"valueRequired\":true,\"valueName\":\"search_term_string\"}}],\"inLanguage\":\"en-US\"},{\"@type\":\"Organization\",\"@id\":\"https:\\\/\\\/www.szexshopbelvaros.com\\\/#organization\",\"name\":\"Szexshop Belv\u00e1ros\",\"alternateName\":\"szexshopbelvaros.com\",\"url\":\"https:\\\/\\\/www.szexshopbelvaros.com\\\/\",\"logo\":{\"@type\":\"ImageObject\",\"inLanguage\":\"en-US\",\"@id\":\"https:\\\/\\\/www.szexshopbelvaros.com\\\/#\\\/schema\\\/logo\\\/image\\\/\",\"url\":\"https:\\\/\\\/www.szexshopbelvaros.com\\\/wp-content\\\/uploads\\\/2025\\\/09\\\/1Szexshopbelvaroslogo_blurred_stronger.jpg\",\"contentUrl\":\"https:\\\/\\\/www.szexshopbelvaros.com\\\/wp-content\\\/uploads\\\/2025\\\/09\\\/1Szexshopbelvaroslogo_blurred_stronger.jpg\",\"width\":1024,\"height\":1024,\"caption\":\"Szexshop Belv\u00e1ros\"},\"image\":{\"@id\":\"https:\\\/\\\/www.szexshopbelvaros.com\\\/#\\\/schema\\\/logo\\\/image\\\/\"},\"sameAs\":[\"https:\\\/\\\/www.facebook.com\\\/belvarossecrets\\\/\",\"https:\\\/\\\/x.com\\\/belvarossecrets\",\"https:\\\/\\\/www.instagram.com\\\/belvarossecrets\\\/\",\"https:\\\/\\\/www.tiktok.com\\\/@belvarossecrets\"]}]}<\/script>\n<!-- \/ Yoast SEO plugin. -->","yoast_head_json":{"title":"Crazy Bull Jane - Sex shop Belvaros","robots":{"index":"index","follow":"follow","max-snippet":"max-snippet:-1","max-image-preview":"max-image-preview:large","max-video-preview":"max-video-preview:-1"},"canonical":"https:\/\/www.szexshopbelvaros.com\/en\/product\/crazy-bull-jane\/","og_locale":"en_US","og_type":"article","og_title":"Crazy Bull Jane - Szexshop Belvaros","og_description":"B\u0151rszer\u0171 anyagb\u00f3l k\u00e9sz\u00edtett, f\u00e9rfiaknak aj\u00e1nlott, realisztikus kialak\u00edt\u00e1s\u00fa, bar\u00e1zd\u00e1lt bels\u0151 fal\u00fa, vagin\u00e1t form\u00e1z\u00f3 testny\u00edl\u00e1ssal ell\u00e1tott egy\u00e9ni erotikus j\u00e1t\u00e9k. Haszn\u00e1lat\u00e1val az aktus k\u00f6zbeni \u00f6nkontroll nagym\u00e9rt\u00e9kben fejleszthet\u0151, \u00edgy annak ideje jelent\u0151sen n\u00f6velhet\u0151. Minden haszn\u00e1lat el\u0151tt \u00e9s minden haszn\u00e1lat ut\u00e1n langyos szappanos v\u00edzzel \u00e9s seg\u00e9deszk\u00f6z tiszt\u00edt\u00f3val kell lemosni \u00e9s hagyni teljesen megsz\u00e1radni. V\u00edzb\u00e1zis\u00fa s\u00edkos\u00edt\u00f3 javasolt. Anyag TPR \u00c1tm\u00e9r\u0151 (cm) [...]","og_url":"https:\/\/www.szexshopbelvaros.com\/en\/product\/crazy-bull-jane\/","og_site_name":"Szexshop Belvaros","article_publisher":"https:\/\/www.facebook.com\/belvarossecrets\/","article_modified_time":"2026-02-19T15:07:50+00:00","og_image":[{"width":1200,"height":675,"url":"https:\/\/www.szexshopbelvaros.com\/wp-content\/uploads\/2025\/01\/e8317136-f670-11ee-99db-423387156a62_23502_1000x1000__1_.jpg","type":"image\/jpeg"}],"twitter_card":"summary_large_image","twitter_site":"@belvarossecrets","twitter_misc":{"Est. reading time":"1 minute"},"schema":{"@context":"https:\/\/schema.org","@graph":[{"@type":"WebPage","@id":"https:\/\/www.szexshopbelvaros.com\/termek\/crazy-bull-jane\/","url":"https:\/\/www.szexshopbelvaros.com\/termek\/crazy-bull-jane\/","name":"Crazy Bull Jane - Sex shop Belvaros","isPartOf":{"@id":"https:\/\/www.szexshopbelvaros.com\/#website"},"primaryImageOfPage":{"@id":"https:\/\/www.szexshopbelvaros.com\/termek\/crazy-bull-jane\/#primaryimage"},"image":{"@id":"https:\/\/www.szexshopbelvaros.com\/termek\/crazy-bull-jane\/#primaryimage"},"thumbnailUrl":"https:\/\/www.szexshopbelvaros.com\/wp-content\/uploads\/2025\/01\/e8317136-f670-11ee-99db-423387156a62_23502_1000x1000__1_.jpg","datePublished":"2025-01-31T13:39:59+00:00","dateModified":"2026-02-19T15:07:50+00:00","breadcrumb":{"@id":"https:\/\/www.szexshopbelvaros.com\/termek\/crazy-bull-jane\/#breadcrumb"},"inLanguage":"en-US","potentialAction":[{"@type":"ReadAction","target":["https:\/\/www.szexshopbelvaros.com\/termek\/crazy-bull-jane\/"]}]},{"@type":"ImageObject","inLanguage":"en-US","@id":"https:\/\/www.szexshopbelvaros.com\/termek\/crazy-bull-jane\/#primaryimage","url":"https:\/\/www.szexshopbelvaros.com\/wp-content\/uploads\/2025\/01\/e8317136-f670-11ee-99db-423387156a62_23502_1000x1000__1_.jpg","contentUrl":"https:\/\/www.szexshopbelvaros.com\/wp-content\/uploads\/2025\/01\/e8317136-f670-11ee-99db-423387156a62_23502_1000x1000__1_.jpg","width":1200,"height":675},{"@type":"BreadcrumbList","@id":"https:\/\/www.szexshopbelvaros.com\/termek\/crazy-bull-jane\/#breadcrumb","itemListElement":[{"@type":"ListItem","position":1,"name":"Home","item":"https:\/\/www.szexshopbelvaros.com\/"},{"@type":"ListItem","position":2,"name":"\u00c1ruh\u00e1z","item":"https:\/\/www.szexshopbelvaros.com\/uzlet\/"},{"@type":"ListItem","position":3,"name":"Crazy Bull Jane"}]},{"@type":"WebSite","@id":"https:\/\/www.szexshopbelvaros.com\/#website","url":"https:\/\/www.szexshopbelvaros.com\/","name":"at our Szexshop Belv\u00e1ros","description":"\ud83d\udd25 Sex is like money; only too much is enough!\u2122 Secrets from the city center \ud83d\udc8b | Secrets from Budapest \ud83d\udc8e Adult games \u2022 Erotica \u2022 Sex shop Belvaros","publisher":{"@id":"https:\/\/www.szexshopbelvaros.com\/#organization"},"potentialAction":[{"@type":"SearchAction","target":{"@type":"EntryPoint","urlTemplate":"https:\/\/www.szexshopbelvaros.com\/?s={search_term_string}"},"query-input":{"@type":"PropertyValueSpecification","valueRequired":true,"valueName":"search_term_string"}}],"inLanguage":"en-US"},{"@type":"Organization","@id":"https:\/\/www.szexshopbelvaros.com\/#organization","name":"at our Szexshop Belv\u00e1ros","alternateName":"szexshopbelvaros.com","url":"https:\/\/www.szexshopbelvaros.com\/","logo":{"@type":"ImageObject","inLanguage":"en-US","@id":"https:\/\/www.szexshopbelvaros.com\/#\/schema\/logo\/image\/","url":"https:\/\/www.szexshopbelvaros.com\/wp-content\/uploads\/2025\/09\/1Szexshopbelvaroslogo_blurred_stronger.jpg","contentUrl":"https:\/\/www.szexshopbelvaros.com\/wp-content\/uploads\/2025\/09\/1Szexshopbelvaroslogo_blurred_stronger.jpg","width":1024,"height":1024,"caption":"Szexshop Belv\u00e1ros"},"image":{"@id":"https:\/\/www.szexshopbelvaros.com\/#\/schema\/logo\/image\/"},"sameAs":["https:\/\/www.facebook.com\/belvarossecrets\/","https:\/\/x.com\/belvarossecrets","https:\/\/www.instagram.com\/belvarossecrets\/","https:\/\/www.tiktok.com\/@belvarossecrets"]}]}},"_links":{"self":[{"href":"https:\/\/www.szexshopbelvaros.com\/en\/wp-json\/wp\/v2\/product\/412","targetHints":{"allow":["GET"]}}],"collection":[{"href":"https:\/\/www.szexshopbelvaros.com\/en\/wp-json\/wp\/v2\/product"}],"about":[{"href":"https:\/\/www.szexshopbelvaros.com\/en\/wp-json\/wp\/v2\/types\/product"}],"replies":[{"embeddable":true,"href":"https:\/\/www.szexshopbelvaros.com\/en\/wp-json\/wp\/v2\/comments?post=412"}],"wp:featuredmedia":[{"embeddable":true,"href":"https:\/\/www.szexshopbelvaros.com\/en\/wp-json\/wp\/v2\/media\/413"}],"wp:attachment":[{"href":"https:\/\/www.szexshopbelvaros.com\/en\/wp-json\/wp\/v2\/media?parent=412"}],"wp:term":[{"taxonomy":"product_brand","embeddable":true,"href":"https:\/\/www.szexshopbelvaros.com\/en\/wp-json\/wp\/v2\/product_brand?post=412"},{"taxonomy":"product_cat","embeddable":true,"href":"https:\/\/www.szexshopbelvaros.com\/en\/wp-json\/wp\/v2\/product_cat?post=412"},{"taxonomy":"product_tag","embeddable":true,"href":"https:\/\/www.szexshopbelvaros.com\/en\/wp-json\/wp\/v2\/product_tag?post=412"}],"curies":[{"name":"wp","href":"https:\/\/api.w.org\/{rel}","templated":true}]}}