{"id":420,"date":"2025-01-31T14:39:59","date_gmt":"2025-01-31T13:39:59","guid":{"rendered":"https:\/\/www.szexshopbelvaros.com\/termek\/pretty-love-cobra-black\/"},"modified":"2026-04-01T16:55:50","modified_gmt":"2026-04-01T14:55:50","slug":"pretty-love-cobra-black","status":"publish","type":"product","link":"https:\/\/www.szexshopbelvaros.com\/en\/product\/pretty-love-cobra-black\/","title":{"rendered":"Pretty Love Cobra Black"},"content":{"rendered":"<p>A vibrating penis ring. It keeps the penis erect and the vibrator inside provides extra stimulation, which can significantly enhance the experience. Its design makes it perfect for stimulating the clitoris during penetration.<br \/>\nCleaning: Wash with warm soapy water and tool cleaner before and after each use. Water-based lubricant recommended.<br \/>\nMaterial Silicone<br \/>\nDiameter (cm) 2.6;3.9<br \/>\nBattery 2 x LR1130<br \/>\nLength (cm) 7.6<br \/>\nSpecial feature clitoral stimulation, vibrator<br \/>\nColor Black<\/p>\n<p>&nbsp;<\/p>","protected":false},"excerpt":{"rendered":"<p>Vibr\u00e1toros p\u00e9niszgy\u0171r\u0171. Megtartja a p\u00e9nisz kell\u0151 merevs\u00e9g\u00e9t, \u00e9s a benne l\u00e9v\u0151 vibr\u00e1tor extra stimul\u00e1l\u00f3 hat\u00e1s\u00fa, melynek seg\u00edts\u00e9g\u00e9vel az \u00e9lm\u00e9ny jelent\u0151sen fokozhat\u00f3. Kialak\u00edt\u00e1sa r\u00e9v\u00e9n behatol\u00e1s k\u00f6zben a csikl\u00f3 stimul\u00e1l\u00e1s\u00e1ra is t\u00f6k\u00e9letesen alkalmas. Tiszt\u00edt\u00e1sa : minden haszn\u00e1lat el\u0151tt \u00e9s minden haszn\u00e1lat ut\u00e1n langyos szappanos v\u00edzzel \u00e9s seg\u00e9deszk\u00f6z tiszt\u00edt\u00f3val kell lemosni. V\u00edzb\u00e1zis\u00fa s\u00edkos\u00edt\u00f3 javasolt. Anyag Szilikon \u00c1tm\u00e9r\u0151 (cm) [&#8230;]\n","protected":false},"featured_media":421,"comment_status":"closed","ping_status":"closed","template":"","meta":[],"product_brand":[],"product_cat":[68,147],"product_tag":[1857,1065,474,2166,2069,2068,1104,1855,2168,2167,573,1858,1856,2077,2175,2079,1051,548,2080,220,2176,2078,2395],"class_list":{"0":"post-420","1":"product","2":"type-product","3":"status-publish","4":"has-post-thumbnail","6":"product_cat-ferfiaknak","7":"product_cat-peniszgyuru","8":"product_tag-adult-toy-for-men","9":"product_tag-cock-ring","10":"product_tag-erection-support","11":"product_tag-ferfi-elvezet","12":"product_tag-ferfi-felnott-jatek","13":"product_tag-ferfi-intim-jatek","14":"product_tag-ferfi-kiegeszito","15":"product_tag-ferfi-szexjatek","16":"product_tag-intimate-toy-for-men","17":"product_tag-male-adult-toy","18":"product_tag-male-sex-toy","19":"product_tag-mens-accessory","20":"product_tag-mens-pleasure","21":"product_tag-merevedes-segito","22":"product_tag-merevedes-tamogatas","23":"product_tag-penis-ring","24":"product_tag-penisz-gyuru","25":"product_tag-peniszgyuru","26":"product_tag-performance-ring","27":"product_tag-szexshop-belvaros","28":"product_tag-teljesitmeny-fokozas","29":"product_tag-teljesitmeny-gyuru","30":"product_tag-vibracios-peniszgyuru","32":"first","33":"instock","34":"taxable","35":"shipping-taxable","36":"purchasable","37":"product-type-simple"},"yoast_head":"<!-- This site is optimized with the Yoast SEO plugin v27.4 - https:\/\/yoast.com\/product\/yoast-seo-wordpress\/ -->\n<title>Pretty Love Cobra Black - Szexshop Belvaros<\/title>\n<meta name=\"robots\" content=\"index, follow, max-snippet:-1, max-image-preview:large, max-video-preview:-1\" \/>\n<link rel=\"canonical\" href=\"https:\/\/www.szexshopbelvaros.com\/en\/product\/pretty-love-cobra-black\/\" \/>\n<meta property=\"og:locale\" content=\"en_US\" \/>\n<meta property=\"og:type\" content=\"article\" \/>\n<meta property=\"og:title\" content=\"Pretty Love Cobra Black - Szexshop Belvaros\" \/>\n<meta property=\"og:description\" content=\"Vibr\u00e1toros p\u00e9niszgy\u0171r\u0171. Megtartja a p\u00e9nisz kell\u0151 merevs\u00e9g\u00e9t, \u00e9s a benne l\u00e9v\u0151 vibr\u00e1tor extra stimul\u00e1l\u00f3 hat\u00e1s\u00fa, melynek seg\u00edts\u00e9g\u00e9vel az \u00e9lm\u00e9ny jelent\u0151sen fokozhat\u00f3. Kialak\u00edt\u00e1sa r\u00e9v\u00e9n behatol\u00e1s k\u00f6zben a csikl\u00f3 stimul\u00e1l\u00e1s\u00e1ra is t\u00f6k\u00e9letesen alkalmas. Tiszt\u00edt\u00e1sa : minden haszn\u00e1lat el\u0151tt \u00e9s minden haszn\u00e1lat ut\u00e1n langyos szappanos v\u00edzzel \u00e9s seg\u00e9deszk\u00f6z tiszt\u00edt\u00f3val kell lemosni. V\u00edzb\u00e1zis\u00fa s\u00edkos\u00edt\u00f3 javasolt. Anyag Szilikon \u00c1tm\u00e9r\u0151 (cm) [...]\" \/>\n<meta property=\"og:url\" content=\"https:\/\/www.szexshopbelvaros.com\/en\/product\/pretty-love-cobra-black\/\" \/>\n<meta property=\"og:site_name\" content=\"Szexshop Belvaros\" \/>\n<meta property=\"article:publisher\" content=\"https:\/\/www.facebook.com\/belvarossecrets\/\" \/>\n<meta property=\"article:modified_time\" content=\"2026-04-01T14:55:50+00:00\" \/>\n<meta property=\"og:image\" content=\"https:\/\/www.szexshopbelvaros.com\/wp-content\/uploads\/2025\/01\/74957806-f672-11ee-b974-2a9cb4b01b51_29811_1000x1000__1_.jpg\" \/>\n\t<meta property=\"og:image:width\" content=\"1200\" \/>\n\t<meta property=\"og:image:height\" content=\"675\" \/>\n\t<meta property=\"og:image:type\" content=\"image\/jpeg\" \/>\n<meta name=\"twitter:card\" content=\"summary_large_image\" \/>\n<meta name=\"twitter:site\" content=\"@belvarossecrets\" \/>\n<meta name=\"twitter:label1\" content=\"Est. reading time\" \/>\n\t<meta name=\"twitter:data1\" content=\"1 minute\" \/>\n<script type=\"application\/ld+json\" class=\"yoast-schema-graph\">{\"@context\":\"https:\\\/\\\/schema.org\",\"@graph\":[{\"@type\":\"WebPage\",\"@id\":\"https:\\\/\\\/www.szexshopbelvaros.com\\\/termek\\\/pretty-love-cobra-black\\\/\",\"url\":\"https:\\\/\\\/www.szexshopbelvaros.com\\\/termek\\\/pretty-love-cobra-black\\\/\",\"name\":\"Pretty Love Cobra Black - Szexshop Belvaros\",\"isPartOf\":{\"@id\":\"https:\\\/\\\/www.szexshopbelvaros.com\\\/#website\"},\"primaryImageOfPage\":{\"@id\":\"https:\\\/\\\/www.szexshopbelvaros.com\\\/termek\\\/pretty-love-cobra-black\\\/#primaryimage\"},\"image\":{\"@id\":\"https:\\\/\\\/www.szexshopbelvaros.com\\\/termek\\\/pretty-love-cobra-black\\\/#primaryimage\"},\"thumbnailUrl\":\"https:\\\/\\\/www.szexshopbelvaros.com\\\/wp-content\\\/uploads\\\/2025\\\/01\\\/74957806-f672-11ee-b974-2a9cb4b01b51_29811_1000x1000__1_.jpg\",\"datePublished\":\"2025-01-31T13:39:59+00:00\",\"dateModified\":\"2026-04-01T14:55:50+00:00\",\"breadcrumb\":{\"@id\":\"https:\\\/\\\/www.szexshopbelvaros.com\\\/termek\\\/pretty-love-cobra-black\\\/#breadcrumb\"},\"inLanguage\":\"en-US\",\"potentialAction\":[{\"@type\":\"ReadAction\",\"target\":[\"https:\\\/\\\/www.szexshopbelvaros.com\\\/termek\\\/pretty-love-cobra-black\\\/\"]}]},{\"@type\":\"ImageObject\",\"inLanguage\":\"en-US\",\"@id\":\"https:\\\/\\\/www.szexshopbelvaros.com\\\/termek\\\/pretty-love-cobra-black\\\/#primaryimage\",\"url\":\"https:\\\/\\\/www.szexshopbelvaros.com\\\/wp-content\\\/uploads\\\/2025\\\/01\\\/74957806-f672-11ee-b974-2a9cb4b01b51_29811_1000x1000__1_.jpg\",\"contentUrl\":\"https:\\\/\\\/www.szexshopbelvaros.com\\\/wp-content\\\/uploads\\\/2025\\\/01\\\/74957806-f672-11ee-b974-2a9cb4b01b51_29811_1000x1000__1_.jpg\",\"width\":1200,\"height\":675},{\"@type\":\"BreadcrumbList\",\"@id\":\"https:\\\/\\\/www.szexshopbelvaros.com\\\/termek\\\/pretty-love-cobra-black\\\/#breadcrumb\",\"itemListElement\":[{\"@type\":\"ListItem\",\"position\":1,\"name\":\"Home\",\"item\":\"https:\\\/\\\/www.szexshopbelvaros.com\\\/\"},{\"@type\":\"ListItem\",\"position\":2,\"name\":\"\u00c1ruh\u00e1z\",\"item\":\"https:\\\/\\\/www.szexshopbelvaros.com\\\/uzlet\\\/\"},{\"@type\":\"ListItem\",\"position\":3,\"name\":\"Pretty Love Cobra Black\"}]},{\"@type\":\"WebSite\",\"@id\":\"https:\\\/\\\/www.szexshopbelvaros.com\\\/#website\",\"url\":\"https:\\\/\\\/www.szexshopbelvaros.com\\\/\",\"name\":\"Szexshop Belv\u00e1ros\",\"description\":\"\ud83d\udd25 A szex olyan, mint a p\u00e9nz; csak a t\u00fal sok el\u00e9g!\u2122 Titkok a belv\u00e1rosb\u00f3l \ud83d\udc8b | Secrets from Budapest \ud83d\udc8e Feln\u0151tt j\u00e1t\u00e9kok \u2022 Erotika \u2022 Szexshop Belvaros\",\"publisher\":{\"@id\":\"https:\\\/\\\/www.szexshopbelvaros.com\\\/#organization\"},\"potentialAction\":[{\"@type\":\"SearchAction\",\"target\":{\"@type\":\"EntryPoint\",\"urlTemplate\":\"https:\\\/\\\/www.szexshopbelvaros.com\\\/?s={search_term_string}\"},\"query-input\":{\"@type\":\"PropertyValueSpecification\",\"valueRequired\":true,\"valueName\":\"search_term_string\"}}],\"inLanguage\":\"en-US\"},{\"@type\":\"Organization\",\"@id\":\"https:\\\/\\\/www.szexshopbelvaros.com\\\/#organization\",\"name\":\"Szexshop Belv\u00e1ros\",\"alternateName\":\"szexshopbelvaros.com\",\"url\":\"https:\\\/\\\/www.szexshopbelvaros.com\\\/\",\"logo\":{\"@type\":\"ImageObject\",\"inLanguage\":\"en-US\",\"@id\":\"https:\\\/\\\/www.szexshopbelvaros.com\\\/#\\\/schema\\\/logo\\\/image\\\/\",\"url\":\"https:\\\/\\\/www.szexshopbelvaros.com\\\/wp-content\\\/uploads\\\/2025\\\/09\\\/1Szexshopbelvaroslogo_blurred_stronger.jpg\",\"contentUrl\":\"https:\\\/\\\/www.szexshopbelvaros.com\\\/wp-content\\\/uploads\\\/2025\\\/09\\\/1Szexshopbelvaroslogo_blurred_stronger.jpg\",\"width\":1024,\"height\":1024,\"caption\":\"Szexshop Belv\u00e1ros\"},\"image\":{\"@id\":\"https:\\\/\\\/www.szexshopbelvaros.com\\\/#\\\/schema\\\/logo\\\/image\\\/\"},\"sameAs\":[\"https:\\\/\\\/www.facebook.com\\\/belvarossecrets\\\/\",\"https:\\\/\\\/x.com\\\/belvarossecrets\",\"https:\\\/\\\/www.instagram.com\\\/belvarossecrets\\\/\",\"https:\\\/\\\/www.tiktok.com\\\/@belvarossecrets\"]}]}<\/script>\n<!-- \/ Yoast SEO plugin. -->","yoast_head_json":{"title":"Pretty Love Cobra Black - Sex shop Belvaros","robots":{"index":"index","follow":"follow","max-snippet":"max-snippet:-1","max-image-preview":"max-image-preview:large","max-video-preview":"max-video-preview:-1"},"canonical":"https:\/\/www.szexshopbelvaros.com\/en\/product\/pretty-love-cobra-black\/","og_locale":"en_US","og_type":"article","og_title":"Pretty Love Cobra Black - Szexshop Belvaros","og_description":"Vibr\u00e1toros p\u00e9niszgy\u0171r\u0171. Megtartja a p\u00e9nisz kell\u0151 merevs\u00e9g\u00e9t, \u00e9s a benne l\u00e9v\u0151 vibr\u00e1tor extra stimul\u00e1l\u00f3 hat\u00e1s\u00fa, melynek seg\u00edts\u00e9g\u00e9vel az \u00e9lm\u00e9ny jelent\u0151sen fokozhat\u00f3. Kialak\u00edt\u00e1sa r\u00e9v\u00e9n behatol\u00e1s k\u00f6zben a csikl\u00f3 stimul\u00e1l\u00e1s\u00e1ra is t\u00f6k\u00e9letesen alkalmas. Tiszt\u00edt\u00e1sa : minden haszn\u00e1lat el\u0151tt \u00e9s minden haszn\u00e1lat ut\u00e1n langyos szappanos v\u00edzzel \u00e9s seg\u00e9deszk\u00f6z tiszt\u00edt\u00f3val kell lemosni. V\u00edzb\u00e1zis\u00fa s\u00edkos\u00edt\u00f3 javasolt. Anyag Szilikon \u00c1tm\u00e9r\u0151 (cm) [...]","og_url":"https:\/\/www.szexshopbelvaros.com\/en\/product\/pretty-love-cobra-black\/","og_site_name":"Szexshop Belvaros","article_publisher":"https:\/\/www.facebook.com\/belvarossecrets\/","article_modified_time":"2026-04-01T14:55:50+00:00","og_image":[{"width":1200,"height":675,"url":"https:\/\/www.szexshopbelvaros.com\/wp-content\/uploads\/2025\/01\/74957806-f672-11ee-b974-2a9cb4b01b51_29811_1000x1000__1_.jpg","type":"image\/jpeg"}],"twitter_card":"summary_large_image","twitter_site":"@belvarossecrets","twitter_misc":{"Est. reading time":"1 minute"},"schema":{"@context":"https:\/\/schema.org","@graph":[{"@type":"WebPage","@id":"https:\/\/www.szexshopbelvaros.com\/termek\/pretty-love-cobra-black\/","url":"https:\/\/www.szexshopbelvaros.com\/termek\/pretty-love-cobra-black\/","name":"Pretty Love Cobra Black - Sex shop Belvaros","isPartOf":{"@id":"https:\/\/www.szexshopbelvaros.com\/#website"},"primaryImageOfPage":{"@id":"https:\/\/www.szexshopbelvaros.com\/termek\/pretty-love-cobra-black\/#primaryimage"},"image":{"@id":"https:\/\/www.szexshopbelvaros.com\/termek\/pretty-love-cobra-black\/#primaryimage"},"thumbnailUrl":"https:\/\/www.szexshopbelvaros.com\/wp-content\/uploads\/2025\/01\/74957806-f672-11ee-b974-2a9cb4b01b51_29811_1000x1000__1_.jpg","datePublished":"2025-01-31T13:39:59+00:00","dateModified":"2026-04-01T14:55:50+00:00","breadcrumb":{"@id":"https:\/\/www.szexshopbelvaros.com\/termek\/pretty-love-cobra-black\/#breadcrumb"},"inLanguage":"en-US","potentialAction":[{"@type":"ReadAction","target":["https:\/\/www.szexshopbelvaros.com\/termek\/pretty-love-cobra-black\/"]}]},{"@type":"ImageObject","inLanguage":"en-US","@id":"https:\/\/www.szexshopbelvaros.com\/termek\/pretty-love-cobra-black\/#primaryimage","url":"https:\/\/www.szexshopbelvaros.com\/wp-content\/uploads\/2025\/01\/74957806-f672-11ee-b974-2a9cb4b01b51_29811_1000x1000__1_.jpg","contentUrl":"https:\/\/www.szexshopbelvaros.com\/wp-content\/uploads\/2025\/01\/74957806-f672-11ee-b974-2a9cb4b01b51_29811_1000x1000__1_.jpg","width":1200,"height":675},{"@type":"BreadcrumbList","@id":"https:\/\/www.szexshopbelvaros.com\/termek\/pretty-love-cobra-black\/#breadcrumb","itemListElement":[{"@type":"ListItem","position":1,"name":"Home","item":"https:\/\/www.szexshopbelvaros.com\/"},{"@type":"ListItem","position":2,"name":"\u00c1ruh\u00e1z","item":"https:\/\/www.szexshopbelvaros.com\/uzlet\/"},{"@type":"ListItem","position":3,"name":"Pretty Love Cobra Black"}]},{"@type":"WebSite","@id":"https:\/\/www.szexshopbelvaros.com\/#website","url":"https:\/\/www.szexshopbelvaros.com\/","name":"at our Szexshop Belv\u00e1ros","description":"\ud83d\udd25 Sex is like money; only too much is enough!\u2122 Secrets from the city center \ud83d\udc8b | Secrets from Budapest \ud83d\udc8e Adult games \u2022 Erotica \u2022 Sex shop Belvaros","publisher":{"@id":"https:\/\/www.szexshopbelvaros.com\/#organization"},"potentialAction":[{"@type":"SearchAction","target":{"@type":"EntryPoint","urlTemplate":"https:\/\/www.szexshopbelvaros.com\/?s={search_term_string}"},"query-input":{"@type":"PropertyValueSpecification","valueRequired":true,"valueName":"search_term_string"}}],"inLanguage":"en-US"},{"@type":"Organization","@id":"https:\/\/www.szexshopbelvaros.com\/#organization","name":"at our Szexshop Belv\u00e1ros","alternateName":"szexshopbelvaros.com","url":"https:\/\/www.szexshopbelvaros.com\/","logo":{"@type":"ImageObject","inLanguage":"en-US","@id":"https:\/\/www.szexshopbelvaros.com\/#\/schema\/logo\/image\/","url":"https:\/\/www.szexshopbelvaros.com\/wp-content\/uploads\/2025\/09\/1Szexshopbelvaroslogo_blurred_stronger.jpg","contentUrl":"https:\/\/www.szexshopbelvaros.com\/wp-content\/uploads\/2025\/09\/1Szexshopbelvaroslogo_blurred_stronger.jpg","width":1024,"height":1024,"caption":"Szexshop Belv\u00e1ros"},"image":{"@id":"https:\/\/www.szexshopbelvaros.com\/#\/schema\/logo\/image\/"},"sameAs":["https:\/\/www.facebook.com\/belvarossecrets\/","https:\/\/x.com\/belvarossecrets","https:\/\/www.instagram.com\/belvarossecrets\/","https:\/\/www.tiktok.com\/@belvarossecrets"]}]}},"_links":{"self":[{"href":"https:\/\/www.szexshopbelvaros.com\/en\/wp-json\/wp\/v2\/product\/420","targetHints":{"allow":["GET"]}}],"collection":[{"href":"https:\/\/www.szexshopbelvaros.com\/en\/wp-json\/wp\/v2\/product"}],"about":[{"href":"https:\/\/www.szexshopbelvaros.com\/en\/wp-json\/wp\/v2\/types\/product"}],"replies":[{"embeddable":true,"href":"https:\/\/www.szexshopbelvaros.com\/en\/wp-json\/wp\/v2\/comments?post=420"}],"wp:featuredmedia":[{"embeddable":true,"href":"https:\/\/www.szexshopbelvaros.com\/en\/wp-json\/wp\/v2\/media\/421"}],"wp:attachment":[{"href":"https:\/\/www.szexshopbelvaros.com\/en\/wp-json\/wp\/v2\/media?parent=420"}],"wp:term":[{"taxonomy":"product_brand","embeddable":true,"href":"https:\/\/www.szexshopbelvaros.com\/en\/wp-json\/wp\/v2\/product_brand?post=420"},{"taxonomy":"product_cat","embeddable":true,"href":"https:\/\/www.szexshopbelvaros.com\/en\/wp-json\/wp\/v2\/product_cat?post=420"},{"taxonomy":"product_tag","embeddable":true,"href":"https:\/\/www.szexshopbelvaros.com\/en\/wp-json\/wp\/v2\/product_tag?post=420"}],"curies":[{"name":"wp","href":"https:\/\/api.w.org\/{rel}","templated":true}]}}