{"id":422,"date":"2025-01-31T14:39:59","date_gmt":"2025-01-31T13:39:59","guid":{"rendered":"https:\/\/www.szexshopbelvaros.com\/termek\/plug-purple-kivalo-minosegu-anyagbol-keszitett-vizallo-vibratoros-anal-plug\/"},"modified":"2026-04-14T17:54:47","modified_gmt":"2026-04-14T15:54:47","slug":"plug-purple-kivalo-minosegu-anyagbol-keszitett-vizallo-vibratoros-anal-plug","status":"publish","type":"product","link":"https:\/\/www.szexshopbelvaros.com\/en\/product\/plug-purple-kivalo-minosegu-anyagbol-keszitett-vizallo-vibratoros-anal-plug\/","title":{"rendered":"Petite Sensations \u2013 The little purple wonder that is quiet\u2026 but speaks loudly from the back row. \ud83d\udc9c\ud83c\udf51"},"content":{"rendered":"<p data-start=\"317\" data-end=\"656\">This 10 cm long, 2.7 cm diameter, silicone vibrating anal dilator does exactly what you expect from a butt plug that is ideal for beginners: its gradually increasing cone shape gently opens your sphincter, while its 7 vibration functions send vibrations to the back and front that will make you forget how to breathe properly.<\/p>\n<p data-start=\"658\" data-end=\"1044\">A unisex toy for men and women, it&#039;s waterproof so you can use it in the shower, and since it only uses one AAA battery, it&#039;s ready to go faster than you can. Use water-based lube to make the experience really smooth, and if you wash it with warm soapy water and a device cleaner before and after sex, it&#039;s guaranteed to look at you seductively from your nightstand again and again.<\/p>\n<p>&nbsp;<\/p>","protected":false},"excerpt":{"rendered":"<p>Ez a 10 centi hossz\u00fa, 2,7 cm \u00e1tm\u00e9r\u0151j\u0171, szilikonb\u00f3l k\u00e9sz\u00fclt vibr\u00e1toros an\u00e1l t\u00e1g\u00edt\u00f3 pontosan azt tudja, amit egy kezd\u0151knek is ide\u00e1lis fen\u00e9kdug\u00f3t\u00f3l elv\u00e1rsz: fokozatosan n\u00f6vekv\u0151 k\u00fapform\u00e1ja finoman nyitja a z\u00e1r\u00f3izmodat, mik\u00f6zben a 7 vibr\u00e1ci\u00f3s funkci\u00f3val olyan rezg\u00e9seket k\u00fcld a h\u00e1ts\u00f3 frontra, amit\u0151l elfelejted, hogyan kell rendesen l\u00e9legezni. Uniszex j\u00e1t\u00e9kszer f\u00e9rfiaknak \u00e9s n\u0151knek, v\u00edz\u00e1ll\u00f3 kialak\u00edt\u00e1sa miatt [&#8230;]\n","protected":false},"featured_media":2742,"comment_status":"closed","ping_status":"closed","template":"","meta":[],"product_brand":[50],"product_cat":[135,86],"product_tag":[684,418,676,694,1392,1393,424,1882,1381,1318,2399,698,695,1904,1903,1972,1901,1902,1974,1973],"class_list":{"0":"post-422","1":"product","2":"type-product","3":"status-publish","4":"has-post-thumbnail","6":"product_brand-rocks-off","7":"product_cat-anal","8":"product_cat-analdugok-prosztata-masszirozok","9":"product_tag-anal-dugo","10":"product_tag-anal-jatek","11":"product_tag-anal-play","12":"product_tag-anal-plug","13":"product_tag-anal-stimulacio","14":"product_tag-anal-stimulation","15":"product_tag-anal-toy","16":"product_tag-beginner-anal-plug","17":"product_tag-hatso-jatek","18":"product_tag-intimate-toy","19":"product_tag-kezdoknek-anal-dugo","20":"product_tag-p-spot-toy","21":"product_tag-prostate-massager","22":"product_tag-prosztata-masszirozo","23":"product_tag-vibralo-anal-dugo","24":"product_tag-vibralo-anal-jatek","25":"product_tag-vibrating-anal-plug","26":"product_tag-vibrating-anal-toy","27":"product_tag-vizallo-anal-dugo","28":"product_tag-waterproof-anal-plug","30":"first","31":"instock","32":"taxable","33":"shipping-taxable","34":"purchasable","35":"product-type-simple"},"yoast_head":"<!-- This site is optimized with the Yoast SEO plugin v27.4 - https:\/\/yoast.com\/product\/yoast-seo-wordpress\/ -->\n<title>Petite Sensations \u2013 A kis lila csoda, ami halk\u2026 de nagyot sz\u00f3l a h\u00e1ts\u00f3 sorb\u00f3l. \ud83d\udc9c\ud83c\udf51 - Szexshop Belvaros<\/title>\n<meta name=\"robots\" content=\"index, follow, max-snippet:-1, max-image-preview:large, max-video-preview:-1\" \/>\n<link rel=\"canonical\" href=\"https:\/\/www.szexshopbelvaros.com\/en\/product\/plug-purple-kivalo-minosegu-anyagbol-keszitett-vizallo-vibratoros-anal-plug\/\" \/>\n<meta property=\"og:locale\" content=\"en_US\" \/>\n<meta property=\"og:type\" content=\"article\" \/>\n<meta property=\"og:title\" content=\"Petite Sensations \u2013 A kis lila csoda, ami halk\u2026 de nagyot sz\u00f3l a h\u00e1ts\u00f3 sorb\u00f3l. \ud83d\udc9c\ud83c\udf51 - Szexshop Belvaros\" \/>\n<meta property=\"og:description\" content=\"Ez a 10 centi hossz\u00fa, 2,7 cm \u00e1tm\u00e9r\u0151j\u0171, szilikonb\u00f3l k\u00e9sz\u00fclt vibr\u00e1toros an\u00e1l t\u00e1g\u00edt\u00f3 pontosan azt tudja, amit egy kezd\u0151knek is ide\u00e1lis fen\u00e9kdug\u00f3t\u00f3l elv\u00e1rsz: fokozatosan n\u00f6vekv\u0151 k\u00fapform\u00e1ja finoman nyitja a z\u00e1r\u00f3izmodat, mik\u00f6zben a 7 vibr\u00e1ci\u00f3s funkci\u00f3val olyan rezg\u00e9seket k\u00fcld a h\u00e1ts\u00f3 frontra, amit\u0151l elfelejted, hogyan kell rendesen l\u00e9legezni. Uniszex j\u00e1t\u00e9kszer f\u00e9rfiaknak \u00e9s n\u0151knek, v\u00edz\u00e1ll\u00f3 kialak\u00edt\u00e1sa miatt [...]\" \/>\n<meta property=\"og:url\" content=\"https:\/\/www.szexshopbelvaros.com\/en\/product\/plug-purple-kivalo-minosegu-anyagbol-keszitett-vizallo-vibratoros-anal-plug\/\" \/>\n<meta property=\"og:site_name\" content=\"Szexshop Belvaros\" \/>\n<meta property=\"article:publisher\" content=\"https:\/\/www.facebook.com\/belvarossecrets\/\" \/>\n<meta property=\"article:modified_time\" content=\"2026-04-14T15:54:47+00:00\" \/>\n<meta property=\"og:image\" content=\"https:\/\/www.szexshopbelvaros.com\/wp-content\/uploads\/2025\/01\/Untitled-design-20.png\" \/>\n\t<meta property=\"og:image:width\" content=\"1000\" \/>\n\t<meta property=\"og:image:height\" content=\"1000\" \/>\n\t<meta property=\"og:image:type\" content=\"image\/png\" \/>\n<meta name=\"twitter:card\" content=\"summary_large_image\" \/>\n<meta name=\"twitter:site\" content=\"@belvarossecrets\" \/>\n<meta name=\"twitter:label1\" content=\"Est. reading time\" \/>\n\t<meta name=\"twitter:data1\" content=\"1 minute\" \/>\n<script type=\"application\/ld+json\" class=\"yoast-schema-graph\">{\"@context\":\"https:\\\/\\\/schema.org\",\"@graph\":[{\"@type\":\"WebPage\",\"@id\":\"https:\\\/\\\/www.szexshopbelvaros.com\\\/termek\\\/plug-purple-kivalo-minosegu-anyagbol-keszitett-vizallo-vibratoros-anal-plug\\\/\",\"url\":\"https:\\\/\\\/www.szexshopbelvaros.com\\\/termek\\\/plug-purple-kivalo-minosegu-anyagbol-keszitett-vizallo-vibratoros-anal-plug\\\/\",\"name\":\"Petite Sensations \u2013 A kis lila csoda, ami halk\u2026 de nagyot sz\u00f3l a h\u00e1ts\u00f3 sorb\u00f3l. \ud83d\udc9c\ud83c\udf51 - Szexshop Belvaros\",\"isPartOf\":{\"@id\":\"https:\\\/\\\/www.szexshopbelvaros.com\\\/#website\"},\"primaryImageOfPage\":{\"@id\":\"https:\\\/\\\/www.szexshopbelvaros.com\\\/termek\\\/plug-purple-kivalo-minosegu-anyagbol-keszitett-vizallo-vibratoros-anal-plug\\\/#primaryimage\"},\"image\":{\"@id\":\"https:\\\/\\\/www.szexshopbelvaros.com\\\/termek\\\/plug-purple-kivalo-minosegu-anyagbol-keszitett-vizallo-vibratoros-anal-plug\\\/#primaryimage\"},\"thumbnailUrl\":\"https:\\\/\\\/www.szexshopbelvaros.com\\\/wp-content\\\/uploads\\\/2025\\\/01\\\/Untitled-design-20.png\",\"datePublished\":\"2025-01-31T13:39:59+00:00\",\"dateModified\":\"2026-04-14T15:54:47+00:00\",\"breadcrumb\":{\"@id\":\"https:\\\/\\\/www.szexshopbelvaros.com\\\/termek\\\/plug-purple-kivalo-minosegu-anyagbol-keszitett-vizallo-vibratoros-anal-plug\\\/#breadcrumb\"},\"inLanguage\":\"en-US\",\"potentialAction\":[{\"@type\":\"ReadAction\",\"target\":[\"https:\\\/\\\/www.szexshopbelvaros.com\\\/termek\\\/plug-purple-kivalo-minosegu-anyagbol-keszitett-vizallo-vibratoros-anal-plug\\\/\"]}]},{\"@type\":\"ImageObject\",\"inLanguage\":\"en-US\",\"@id\":\"https:\\\/\\\/www.szexshopbelvaros.com\\\/termek\\\/plug-purple-kivalo-minosegu-anyagbol-keszitett-vizallo-vibratoros-anal-plug\\\/#primaryimage\",\"url\":\"https:\\\/\\\/www.szexshopbelvaros.com\\\/wp-content\\\/uploads\\\/2025\\\/01\\\/Untitled-design-20.png\",\"contentUrl\":\"https:\\\/\\\/www.szexshopbelvaros.com\\\/wp-content\\\/uploads\\\/2025\\\/01\\\/Untitled-design-20.png\",\"width\":1000,\"height\":1000},{\"@type\":\"BreadcrumbList\",\"@id\":\"https:\\\/\\\/www.szexshopbelvaros.com\\\/termek\\\/plug-purple-kivalo-minosegu-anyagbol-keszitett-vizallo-vibratoros-anal-plug\\\/#breadcrumb\",\"itemListElement\":[{\"@type\":\"ListItem\",\"position\":1,\"name\":\"Home\",\"item\":\"https:\\\/\\\/www.szexshopbelvaros.com\\\/\"},{\"@type\":\"ListItem\",\"position\":2,\"name\":\"\u00c1ruh\u00e1z\",\"item\":\"https:\\\/\\\/www.szexshopbelvaros.com\\\/uzlet\\\/\"},{\"@type\":\"ListItem\",\"position\":3,\"name\":\"Petite Sensations \u2013 A kis lila csoda, ami halk\u2026 de nagyot sz\u00f3l a h\u00e1ts\u00f3 sorb\u00f3l. \ud83d\udc9c\ud83c\udf51\"}]},{\"@type\":\"WebSite\",\"@id\":\"https:\\\/\\\/www.szexshopbelvaros.com\\\/#website\",\"url\":\"https:\\\/\\\/www.szexshopbelvaros.com\\\/\",\"name\":\"Szexshop Belv\u00e1ros\",\"description\":\"\ud83d\udd25 A szex olyan, mint a p\u00e9nz; csak a t\u00fal sok el\u00e9g!\u2122 Titkok a belv\u00e1rosb\u00f3l \ud83d\udc8b | Secrets from Budapest \ud83d\udc8e Feln\u0151tt j\u00e1t\u00e9kok \u2022 Erotika \u2022 Szexshop Belvaros\",\"publisher\":{\"@id\":\"https:\\\/\\\/www.szexshopbelvaros.com\\\/#organization\"},\"potentialAction\":[{\"@type\":\"SearchAction\",\"target\":{\"@type\":\"EntryPoint\",\"urlTemplate\":\"https:\\\/\\\/www.szexshopbelvaros.com\\\/?s={search_term_string}\"},\"query-input\":{\"@type\":\"PropertyValueSpecification\",\"valueRequired\":true,\"valueName\":\"search_term_string\"}}],\"inLanguage\":\"en-US\"},{\"@type\":\"Organization\",\"@id\":\"https:\\\/\\\/www.szexshopbelvaros.com\\\/#organization\",\"name\":\"Szexshop Belv\u00e1ros\",\"alternateName\":\"szexshopbelvaros.com\",\"url\":\"https:\\\/\\\/www.szexshopbelvaros.com\\\/\",\"logo\":{\"@type\":\"ImageObject\",\"inLanguage\":\"en-US\",\"@id\":\"https:\\\/\\\/www.szexshopbelvaros.com\\\/#\\\/schema\\\/logo\\\/image\\\/\",\"url\":\"https:\\\/\\\/www.szexshopbelvaros.com\\\/wp-content\\\/uploads\\\/2025\\\/09\\\/1Szexshopbelvaroslogo_blurred_stronger.jpg\",\"contentUrl\":\"https:\\\/\\\/www.szexshopbelvaros.com\\\/wp-content\\\/uploads\\\/2025\\\/09\\\/1Szexshopbelvaroslogo_blurred_stronger.jpg\",\"width\":1024,\"height\":1024,\"caption\":\"Szexshop Belv\u00e1ros\"},\"image\":{\"@id\":\"https:\\\/\\\/www.szexshopbelvaros.com\\\/#\\\/schema\\\/logo\\\/image\\\/\"},\"sameAs\":[\"https:\\\/\\\/www.facebook.com\\\/belvarossecrets\\\/\",\"https:\\\/\\\/x.com\\\/belvarossecrets\",\"https:\\\/\\\/www.instagram.com\\\/belvarossecrets\\\/\",\"https:\\\/\\\/www.tiktok.com\\\/@belvarossecrets\"]}]}<\/script>\n<!-- \/ Yoast SEO plugin. -->","yoast_head_json":{"title":"Petite Sensations \u2013 The little purple wonder that is quiet\u2026 but speaks loudly from the back row. \ud83d\udc9c\ud83c\udf51 - Szexshop Belvaros","robots":{"index":"index","follow":"follow","max-snippet":"max-snippet:-1","max-image-preview":"max-image-preview:large","max-video-preview":"max-video-preview:-1"},"canonical":"https:\/\/www.szexshopbelvaros.com\/en\/product\/plug-purple-kivalo-minosegu-anyagbol-keszitett-vizallo-vibratoros-anal-plug\/","og_locale":"en_US","og_type":"article","og_title":"Petite Sensations \u2013 A kis lila csoda, ami halk\u2026 de nagyot sz\u00f3l a h\u00e1ts\u00f3 sorb\u00f3l. \ud83d\udc9c\ud83c\udf51 - Szexshop Belvaros","og_description":"Ez a 10 centi hossz\u00fa, 2,7 cm \u00e1tm\u00e9r\u0151j\u0171, szilikonb\u00f3l k\u00e9sz\u00fclt vibr\u00e1toros an\u00e1l t\u00e1g\u00edt\u00f3 pontosan azt tudja, amit egy kezd\u0151knek is ide\u00e1lis fen\u00e9kdug\u00f3t\u00f3l elv\u00e1rsz: fokozatosan n\u00f6vekv\u0151 k\u00fapform\u00e1ja finoman nyitja a z\u00e1r\u00f3izmodat, mik\u00f6zben a 7 vibr\u00e1ci\u00f3s funkci\u00f3val olyan rezg\u00e9seket k\u00fcld a h\u00e1ts\u00f3 frontra, amit\u0151l elfelejted, hogyan kell rendesen l\u00e9legezni. Uniszex j\u00e1t\u00e9kszer f\u00e9rfiaknak \u00e9s n\u0151knek, v\u00edz\u00e1ll\u00f3 kialak\u00edt\u00e1sa miatt [...]","og_url":"https:\/\/www.szexshopbelvaros.com\/en\/product\/plug-purple-kivalo-minosegu-anyagbol-keszitett-vizallo-vibratoros-anal-plug\/","og_site_name":"Szexshop Belvaros","article_publisher":"https:\/\/www.facebook.com\/belvarossecrets\/","article_modified_time":"2026-04-14T15:54:47+00:00","og_image":[{"width":1000,"height":1000,"url":"https:\/\/www.szexshopbelvaros.com\/wp-content\/uploads\/2025\/01\/Untitled-design-20.png","type":"image\/png"}],"twitter_card":"summary_large_image","twitter_site":"@belvarossecrets","twitter_misc":{"Est. reading time":"1 minute"},"schema":{"@context":"https:\/\/schema.org","@graph":[{"@type":"WebPage","@id":"https:\/\/www.szexshopbelvaros.com\/termek\/plug-purple-kivalo-minosegu-anyagbol-keszitett-vizallo-vibratoros-anal-plug\/","url":"https:\/\/www.szexshopbelvaros.com\/termek\/plug-purple-kivalo-minosegu-anyagbol-keszitett-vizallo-vibratoros-anal-plug\/","name":"Petite Sensations \u2013 The little purple wonder that is quiet\u2026 but speaks loudly from the back row. \ud83d\udc9c\ud83c\udf51 - Szexshop Belvaros","isPartOf":{"@id":"https:\/\/www.szexshopbelvaros.com\/#website"},"primaryImageOfPage":{"@id":"https:\/\/www.szexshopbelvaros.com\/termek\/plug-purple-kivalo-minosegu-anyagbol-keszitett-vizallo-vibratoros-anal-plug\/#primaryimage"},"image":{"@id":"https:\/\/www.szexshopbelvaros.com\/termek\/plug-purple-kivalo-minosegu-anyagbol-keszitett-vizallo-vibratoros-anal-plug\/#primaryimage"},"thumbnailUrl":"https:\/\/www.szexshopbelvaros.com\/wp-content\/uploads\/2025\/01\/Untitled-design-20.png","datePublished":"2025-01-31T13:39:59+00:00","dateModified":"2026-04-14T15:54:47+00:00","breadcrumb":{"@id":"https:\/\/www.szexshopbelvaros.com\/termek\/plug-purple-kivalo-minosegu-anyagbol-keszitett-vizallo-vibratoros-anal-plug\/#breadcrumb"},"inLanguage":"en-US","potentialAction":[{"@type":"ReadAction","target":["https:\/\/www.szexshopbelvaros.com\/termek\/plug-purple-kivalo-minosegu-anyagbol-keszitett-vizallo-vibratoros-anal-plug\/"]}]},{"@type":"ImageObject","inLanguage":"en-US","@id":"https:\/\/www.szexshopbelvaros.com\/termek\/plug-purple-kivalo-minosegu-anyagbol-keszitett-vizallo-vibratoros-anal-plug\/#primaryimage","url":"https:\/\/www.szexshopbelvaros.com\/wp-content\/uploads\/2025\/01\/Untitled-design-20.png","contentUrl":"https:\/\/www.szexshopbelvaros.com\/wp-content\/uploads\/2025\/01\/Untitled-design-20.png","width":1000,"height":1000},{"@type":"BreadcrumbList","@id":"https:\/\/www.szexshopbelvaros.com\/termek\/plug-purple-kivalo-minosegu-anyagbol-keszitett-vizallo-vibratoros-anal-plug\/#breadcrumb","itemListElement":[{"@type":"ListItem","position":1,"name":"Home","item":"https:\/\/www.szexshopbelvaros.com\/"},{"@type":"ListItem","position":2,"name":"\u00c1ruh\u00e1z","item":"https:\/\/www.szexshopbelvaros.com\/uzlet\/"},{"@type":"ListItem","position":3,"name":"Petite Sensations \u2013 A kis lila csoda, ami halk\u2026 de nagyot sz\u00f3l a h\u00e1ts\u00f3 sorb\u00f3l. \ud83d\udc9c\ud83c\udf51"}]},{"@type":"WebSite","@id":"https:\/\/www.szexshopbelvaros.com\/#website","url":"https:\/\/www.szexshopbelvaros.com\/","name":"at our Szexshop Belv\u00e1ros","description":"\ud83d\udd25 Sex is like money; only too much is enough!\u2122 Secrets from the city center \ud83d\udc8b | Secrets from Budapest \ud83d\udc8e Adult games \u2022 Erotica \u2022 Sex shop Belvaros","publisher":{"@id":"https:\/\/www.szexshopbelvaros.com\/#organization"},"potentialAction":[{"@type":"SearchAction","target":{"@type":"EntryPoint","urlTemplate":"https:\/\/www.szexshopbelvaros.com\/?s={search_term_string}"},"query-input":{"@type":"PropertyValueSpecification","valueRequired":true,"valueName":"search_term_string"}}],"inLanguage":"en-US"},{"@type":"Organization","@id":"https:\/\/www.szexshopbelvaros.com\/#organization","name":"at our Szexshop Belv\u00e1ros","alternateName":"szexshopbelvaros.com","url":"https:\/\/www.szexshopbelvaros.com\/","logo":{"@type":"ImageObject","inLanguage":"en-US","@id":"https:\/\/www.szexshopbelvaros.com\/#\/schema\/logo\/image\/","url":"https:\/\/www.szexshopbelvaros.com\/wp-content\/uploads\/2025\/09\/1Szexshopbelvaroslogo_blurred_stronger.jpg","contentUrl":"https:\/\/www.szexshopbelvaros.com\/wp-content\/uploads\/2025\/09\/1Szexshopbelvaroslogo_blurred_stronger.jpg","width":1024,"height":1024,"caption":"Szexshop Belv\u00e1ros"},"image":{"@id":"https:\/\/www.szexshopbelvaros.com\/#\/schema\/logo\/image\/"},"sameAs":["https:\/\/www.facebook.com\/belvarossecrets\/","https:\/\/x.com\/belvarossecrets","https:\/\/www.instagram.com\/belvarossecrets\/","https:\/\/www.tiktok.com\/@belvarossecrets"]}]}},"_links":{"self":[{"href":"https:\/\/www.szexshopbelvaros.com\/en\/wp-json\/wp\/v2\/product\/422","targetHints":{"allow":["GET"]}}],"collection":[{"href":"https:\/\/www.szexshopbelvaros.com\/en\/wp-json\/wp\/v2\/product"}],"about":[{"href":"https:\/\/www.szexshopbelvaros.com\/en\/wp-json\/wp\/v2\/types\/product"}],"replies":[{"embeddable":true,"href":"https:\/\/www.szexshopbelvaros.com\/en\/wp-json\/wp\/v2\/comments?post=422"}],"wp:featuredmedia":[{"embeddable":true,"href":"https:\/\/www.szexshopbelvaros.com\/en\/wp-json\/wp\/v2\/media\/2742"}],"wp:attachment":[{"href":"https:\/\/www.szexshopbelvaros.com\/en\/wp-json\/wp\/v2\/media?parent=422"}],"wp:term":[{"taxonomy":"product_brand","embeddable":true,"href":"https:\/\/www.szexshopbelvaros.com\/en\/wp-json\/wp\/v2\/product_brand?post=422"},{"taxonomy":"product_cat","embeddable":true,"href":"https:\/\/www.szexshopbelvaros.com\/en\/wp-json\/wp\/v2\/product_cat?post=422"},{"taxonomy":"product_tag","embeddable":true,"href":"https:\/\/www.szexshopbelvaros.com\/en\/wp-json\/wp\/v2\/product_tag?post=422"}],"curies":[{"name":"wp","href":"https:\/\/api.w.org\/{rel}","templated":true}]}}