{"id":428,"date":"2025-01-31T14:39:59","date_gmt":"2025-01-31T13:39:59","guid":{"rendered":"https:\/\/www.szexshopbelvaros.com\/termek\/sugarboo-cool-coral\/"},"modified":"2026-02-16T17:47:43","modified_gmt":"2026-02-16T16:47:43","slug":"sugarboo-cool-coral","status":"publish","type":"product","link":"https:\/\/www.szexshopbelvaros.com\/en\/product\/sugarboo-cool-coral\/","title":{"rendered":"SugarBoo \u2013 Cool Coral"},"content":{"rendered":"<p>A waterproof vibrator made of premium quality, skin-friendly material, with a compact design, beautifully crafted, 10 vibration functions, recommended for beginners.<br \/>\nCleaning: Wash with warm soapy water and tool cleaner before and after each use. Water-based lubricant recommended.<br \/>\nMaterial Silicone, ABS<br \/>\nDiameter (cm) 3.1<br \/>\nBattery Rechargeable<br \/>\nLength (cm) 16<br \/>\nSpecial feature waterproof<br \/>\nColor Coral<\/p>\n<p>&nbsp;<\/p>","protected":false},"excerpt":{"rendered":"<p>Pr\u00e9mium min\u0151s\u00e9g\u0171, b\u0151rbar\u00e1t anyagb\u00f3l k\u00e9sz\u00edtett, kompakt kialak\u00edt\u00e1s\u00fa, gy\u00f6ny\u00f6r\u0171en kidolgozott, 10 rezg\u00e9si funkci\u00f3val rendelkez\u0151, kezd\u0151k sz\u00e1m\u00e1ra is aj\u00e1nlott v\u00edz\u00e1ll\u00f3 vibr\u00e1tor. Tiszt\u00edt\u00e1sa : minden haszn\u00e1lat el\u0151tt \u00e9s minden haszn\u00e1lat ut\u00e1n langyos szappanos v\u00edzzel \u00e9s seg\u00e9deszk\u00f6z tiszt\u00edt\u00f3val kell lemosni. V\u00edzb\u00e1zis\u00fa s\u00edkos\u00edt\u00f3 javasolt. Anyag Szilikon, ABS \u00c1tm\u00e9r\u0151 (cm) 3,1 Elem \u00dajrat\u00f6lthet\u0151 Hossz (cm) 16 Speci\u00e1lis jellemz\u0151 viz\u00e1ll\u00f3 Sz\u00edn Korall [&#8230;]\n","protected":false},"featured_media":429,"comment_status":"closed","ping_status":"closed","template":"","meta":[],"product_brand":[],"product_cat":[171,99,136],"product_tag":[398,1315,2103,2100,2113,389,2112,1192,1318,2111,2102,2114,2101,322,220,1316,2115,384],"class_list":{"0":"post-428","1":"product","2":"type-product","3":"status-publish","4":"has-post-thumbnail","6":"product_cat-klasszikus-vibratorok","7":"product_cat-noknek","8":"product_cat-vibratorok","9":"product_tag-adult-toy","10":"product_tag-classic-vibrator","11":"product_tag-electric-stimulator","12":"product_tag-elektromos-jatek","13":"product_tag-erotikus-vibrator","14":"product_tag-felnott-jatek","15":"product_tag-hagyomanyos-vibrator","16":"product_tag-intim-jatek","17":"product_tag-intimate-toy","18":"product_tag-klasszikus-vibrator","19":"product_tag-pleasure-device","20":"product_tag-rezgo-jatek","21":"product_tag-stimulacio","22":"product_tag-szexjatek","23":"product_tag-szexshop-belvaros","24":"product_tag-traditional-vibrator","25":"product_tag-vibrating-toy","26":"product_tag-vibrator","28":"first","29":"outofstock","30":"taxable","31":"shipping-taxable","32":"purchasable","33":"product-type-simple"},"yoast_head":"<!-- This site is optimized with the Yoast SEO plugin v27.5 - https:\/\/yoast.com\/product\/yoast-seo-wordpress\/ -->\n<title>SugarBoo - Cool Coral - Szexshop Belvaros<\/title>\n<meta name=\"robots\" content=\"index, follow, max-snippet:-1, max-image-preview:large, max-video-preview:-1\" \/>\n<link rel=\"canonical\" href=\"https:\/\/www.szexshopbelvaros.com\/en\/product\/sugarboo-cool-coral\/\" \/>\n<meta property=\"og:locale\" content=\"en_US\" \/>\n<meta property=\"og:type\" content=\"article\" \/>\n<meta property=\"og:title\" content=\"SugarBoo - Cool Coral - Szexshop Belvaros\" \/>\n<meta property=\"og:description\" content=\"Pr\u00e9mium min\u0151s\u00e9g\u0171, b\u0151rbar\u00e1t anyagb\u00f3l k\u00e9sz\u00edtett, kompakt kialak\u00edt\u00e1s\u00fa, gy\u00f6ny\u00f6r\u0171en kidolgozott, 10 rezg\u00e9si funkci\u00f3val rendelkez\u0151, kezd\u0151k sz\u00e1m\u00e1ra is aj\u00e1nlott v\u00edz\u00e1ll\u00f3 vibr\u00e1tor. Tiszt\u00edt\u00e1sa : minden haszn\u00e1lat el\u0151tt \u00e9s minden haszn\u00e1lat ut\u00e1n langyos szappanos v\u00edzzel \u00e9s seg\u00e9deszk\u00f6z tiszt\u00edt\u00f3val kell lemosni. V\u00edzb\u00e1zis\u00fa s\u00edkos\u00edt\u00f3 javasolt. Anyag Szilikon, ABS \u00c1tm\u00e9r\u0151 (cm) 3,1 Elem \u00dajrat\u00f6lthet\u0151 Hossz (cm) 16 Speci\u00e1lis jellemz\u0151 viz\u00e1ll\u00f3 Sz\u00edn Korall [...]\" \/>\n<meta property=\"og:url\" content=\"https:\/\/www.szexshopbelvaros.com\/en\/product\/sugarboo-cool-coral\/\" \/>\n<meta property=\"og:site_name\" content=\"Szexshop Belvaros\" \/>\n<meta property=\"article:publisher\" content=\"https:\/\/www.facebook.com\/belvarossecrets\/\" \/>\n<meta property=\"article:modified_time\" content=\"2026-02-16T16:47:43+00:00\" \/>\n<meta property=\"og:image\" content=\"https:\/\/www.szexshopbelvaros.com\/wp-content\/uploads\/2025\/01\/acc68fb0-f8b8-11ee-af03-2e189fc9dea7_31488_1000x1000.jpg\" \/>\n\t<meta property=\"og:image:width\" content=\"1200\" \/>\n\t<meta property=\"og:image:height\" content=\"675\" \/>\n\t<meta property=\"og:image:type\" content=\"image\/jpeg\" \/>\n<meta name=\"twitter:card\" content=\"summary_large_image\" \/>\n<meta name=\"twitter:site\" content=\"@belvarossecrets\" \/>\n<script type=\"application\/ld+json\" class=\"yoast-schema-graph\">{\"@context\":\"https:\\\/\\\/schema.org\",\"@graph\":[{\"@type\":\"WebPage\",\"@id\":\"https:\\\/\\\/www.szexshopbelvaros.com\\\/termek\\\/sugarboo-cool-coral\\\/\",\"url\":\"https:\\\/\\\/www.szexshopbelvaros.com\\\/termek\\\/sugarboo-cool-coral\\\/\",\"name\":\"SugarBoo - Cool Coral - Szexshop Belvaros\",\"isPartOf\":{\"@id\":\"https:\\\/\\\/www.szexshopbelvaros.com\\\/#website\"},\"primaryImageOfPage\":{\"@id\":\"https:\\\/\\\/www.szexshopbelvaros.com\\\/termek\\\/sugarboo-cool-coral\\\/#primaryimage\"},\"image\":{\"@id\":\"https:\\\/\\\/www.szexshopbelvaros.com\\\/termek\\\/sugarboo-cool-coral\\\/#primaryimage\"},\"thumbnailUrl\":\"https:\\\/\\\/www.szexshopbelvaros.com\\\/wp-content\\\/uploads\\\/2025\\\/01\\\/acc68fb0-f8b8-11ee-af03-2e189fc9dea7_31488_1000x1000.jpg\",\"datePublished\":\"2025-01-31T13:39:59+00:00\",\"dateModified\":\"2026-02-16T16:47:43+00:00\",\"breadcrumb\":{\"@id\":\"https:\\\/\\\/www.szexshopbelvaros.com\\\/termek\\\/sugarboo-cool-coral\\\/#breadcrumb\"},\"inLanguage\":\"en-US\",\"potentialAction\":[{\"@type\":\"ReadAction\",\"target\":[\"https:\\\/\\\/www.szexshopbelvaros.com\\\/termek\\\/sugarboo-cool-coral\\\/\"]}]},{\"@type\":\"ImageObject\",\"inLanguage\":\"en-US\",\"@id\":\"https:\\\/\\\/www.szexshopbelvaros.com\\\/termek\\\/sugarboo-cool-coral\\\/#primaryimage\",\"url\":\"https:\\\/\\\/www.szexshopbelvaros.com\\\/wp-content\\\/uploads\\\/2025\\\/01\\\/acc68fb0-f8b8-11ee-af03-2e189fc9dea7_31488_1000x1000.jpg\",\"contentUrl\":\"https:\\\/\\\/www.szexshopbelvaros.com\\\/wp-content\\\/uploads\\\/2025\\\/01\\\/acc68fb0-f8b8-11ee-af03-2e189fc9dea7_31488_1000x1000.jpg\",\"width\":1200,\"height\":675},{\"@type\":\"BreadcrumbList\",\"@id\":\"https:\\\/\\\/www.szexshopbelvaros.com\\\/termek\\\/sugarboo-cool-coral\\\/#breadcrumb\",\"itemListElement\":[{\"@type\":\"ListItem\",\"position\":1,\"name\":\"Home\",\"item\":\"https:\\\/\\\/www.szexshopbelvaros.com\\\/\"},{\"@type\":\"ListItem\",\"position\":2,\"name\":\"\u00c1ruh\u00e1z\",\"item\":\"https:\\\/\\\/www.szexshopbelvaros.com\\\/uzlet\\\/\"},{\"@type\":\"ListItem\",\"position\":3,\"name\":\"SugarBoo &#8211; Cool Coral\"}]},{\"@type\":\"WebSite\",\"@id\":\"https:\\\/\\\/www.szexshopbelvaros.com\\\/#website\",\"url\":\"https:\\\/\\\/www.szexshopbelvaros.com\\\/\",\"name\":\"Szexshop Belv\u00e1ros\",\"description\":\"\ud83d\udd25 A szex olyan, mint a p\u00e9nz; csak a t\u00fal sok el\u00e9g!\u2122 Titkok a belv\u00e1rosb\u00f3l \ud83d\udc8b | Secrets from Budapest \ud83d\udc8e Feln\u0151tt j\u00e1t\u00e9kok \u2022 Erotika \u2022 Szexshop Belvaros\",\"publisher\":{\"@id\":\"https:\\\/\\\/www.szexshopbelvaros.com\\\/#organization\"},\"potentialAction\":[{\"@type\":\"SearchAction\",\"target\":{\"@type\":\"EntryPoint\",\"urlTemplate\":\"https:\\\/\\\/www.szexshopbelvaros.com\\\/?s={search_term_string}\"},\"query-input\":{\"@type\":\"PropertyValueSpecification\",\"valueRequired\":true,\"valueName\":\"search_term_string\"}}],\"inLanguage\":\"en-US\"},{\"@type\":\"Organization\",\"@id\":\"https:\\\/\\\/www.szexshopbelvaros.com\\\/#organization\",\"name\":\"Szexshop Belv\u00e1ros\",\"alternateName\":\"szexshopbelvaros.com\",\"url\":\"https:\\\/\\\/www.szexshopbelvaros.com\\\/\",\"logo\":{\"@type\":\"ImageObject\",\"inLanguage\":\"en-US\",\"@id\":\"https:\\\/\\\/www.szexshopbelvaros.com\\\/#\\\/schema\\\/logo\\\/image\\\/\",\"url\":\"https:\\\/\\\/www.szexshopbelvaros.com\\\/wp-content\\\/uploads\\\/2025\\\/09\\\/1Szexshopbelvaroslogo_blurred_stronger.jpg\",\"contentUrl\":\"https:\\\/\\\/www.szexshopbelvaros.com\\\/wp-content\\\/uploads\\\/2025\\\/09\\\/1Szexshopbelvaroslogo_blurred_stronger.jpg\",\"width\":1024,\"height\":1024,\"caption\":\"Szexshop Belv\u00e1ros\"},\"image\":{\"@id\":\"https:\\\/\\\/www.szexshopbelvaros.com\\\/#\\\/schema\\\/logo\\\/image\\\/\"},\"sameAs\":[\"https:\\\/\\\/www.facebook.com\\\/belvarossecrets\\\/\",\"https:\\\/\\\/x.com\\\/belvarossecrets\",\"https:\\\/\\\/www.instagram.com\\\/belvarossecrets\\\/\",\"https:\\\/\\\/www.tiktok.com\\\/@belvarossecrets\"]}]}<\/script>\n<!-- \/ Yoast SEO plugin. -->","yoast_head_json":{"title":"SugarBoo - Cool Coral - Sexshop Belvaros","robots":{"index":"index","follow":"follow","max-snippet":"max-snippet:-1","max-image-preview":"max-image-preview:large","max-video-preview":"max-video-preview:-1"},"canonical":"https:\/\/www.szexshopbelvaros.com\/en\/product\/sugarboo-cool-coral\/","og_locale":"en_US","og_type":"article","og_title":"SugarBoo - Cool Coral - Szexshop Belvaros","og_description":"Pr\u00e9mium min\u0151s\u00e9g\u0171, b\u0151rbar\u00e1t anyagb\u00f3l k\u00e9sz\u00edtett, kompakt kialak\u00edt\u00e1s\u00fa, gy\u00f6ny\u00f6r\u0171en kidolgozott, 10 rezg\u00e9si funkci\u00f3val rendelkez\u0151, kezd\u0151k sz\u00e1m\u00e1ra is aj\u00e1nlott v\u00edz\u00e1ll\u00f3 vibr\u00e1tor. Tiszt\u00edt\u00e1sa : minden haszn\u00e1lat el\u0151tt \u00e9s minden haszn\u00e1lat ut\u00e1n langyos szappanos v\u00edzzel \u00e9s seg\u00e9deszk\u00f6z tiszt\u00edt\u00f3val kell lemosni. V\u00edzb\u00e1zis\u00fa s\u00edkos\u00edt\u00f3 javasolt. Anyag Szilikon, ABS \u00c1tm\u00e9r\u0151 (cm) 3,1 Elem \u00dajrat\u00f6lthet\u0151 Hossz (cm) 16 Speci\u00e1lis jellemz\u0151 viz\u00e1ll\u00f3 Sz\u00edn Korall [...]","og_url":"https:\/\/www.szexshopbelvaros.com\/en\/product\/sugarboo-cool-coral\/","og_site_name":"Szexshop Belvaros","article_publisher":"https:\/\/www.facebook.com\/belvarossecrets\/","article_modified_time":"2026-02-16T16:47:43+00:00","og_image":[{"width":1200,"height":675,"url":"https:\/\/www.szexshopbelvaros.com\/wp-content\/uploads\/2025\/01\/acc68fb0-f8b8-11ee-af03-2e189fc9dea7_31488_1000x1000.jpg","type":"image\/jpeg"}],"twitter_card":"summary_large_image","twitter_site":"@belvarossecrets","schema":{"@context":"https:\/\/schema.org","@graph":[{"@type":"WebPage","@id":"https:\/\/www.szexshopbelvaros.com\/termek\/sugarboo-cool-coral\/","url":"https:\/\/www.szexshopbelvaros.com\/termek\/sugarboo-cool-coral\/","name":"SugarBoo - Cool Coral - Sexshop Belvaros","isPartOf":{"@id":"https:\/\/www.szexshopbelvaros.com\/#website"},"primaryImageOfPage":{"@id":"https:\/\/www.szexshopbelvaros.com\/termek\/sugarboo-cool-coral\/#primaryimage"},"image":{"@id":"https:\/\/www.szexshopbelvaros.com\/termek\/sugarboo-cool-coral\/#primaryimage"},"thumbnailUrl":"https:\/\/www.szexshopbelvaros.com\/wp-content\/uploads\/2025\/01\/acc68fb0-f8b8-11ee-af03-2e189fc9dea7_31488_1000x1000.jpg","datePublished":"2025-01-31T13:39:59+00:00","dateModified":"2026-02-16T16:47:43+00:00","breadcrumb":{"@id":"https:\/\/www.szexshopbelvaros.com\/termek\/sugarboo-cool-coral\/#breadcrumb"},"inLanguage":"en-US","potentialAction":[{"@type":"ReadAction","target":["https:\/\/www.szexshopbelvaros.com\/termek\/sugarboo-cool-coral\/"]}]},{"@type":"ImageObject","inLanguage":"en-US","@id":"https:\/\/www.szexshopbelvaros.com\/termek\/sugarboo-cool-coral\/#primaryimage","url":"https:\/\/www.szexshopbelvaros.com\/wp-content\/uploads\/2025\/01\/acc68fb0-f8b8-11ee-af03-2e189fc9dea7_31488_1000x1000.jpg","contentUrl":"https:\/\/www.szexshopbelvaros.com\/wp-content\/uploads\/2025\/01\/acc68fb0-f8b8-11ee-af03-2e189fc9dea7_31488_1000x1000.jpg","width":1200,"height":675},{"@type":"BreadcrumbList","@id":"https:\/\/www.szexshopbelvaros.com\/termek\/sugarboo-cool-coral\/#breadcrumb","itemListElement":[{"@type":"ListItem","position":1,"name":"Home","item":"https:\/\/www.szexshopbelvaros.com\/"},{"@type":"ListItem","position":2,"name":"\u00c1ruh\u00e1z","item":"https:\/\/www.szexshopbelvaros.com\/uzlet\/"},{"@type":"ListItem","position":3,"name":"SugarBoo &#8211; Cool Coral"}]},{"@type":"WebSite","@id":"https:\/\/www.szexshopbelvaros.com\/#website","url":"https:\/\/www.szexshopbelvaros.com\/","name":"at our Szexshop Belv\u00e1ros","description":"\ud83d\udd25 Sex is like money; only too much is enough!\u2122 Secrets from the city center \ud83d\udc8b | Secrets from Budapest \ud83d\udc8e Adult games \u2022 Erotica \u2022 Sex shop Belvaros","publisher":{"@id":"https:\/\/www.szexshopbelvaros.com\/#organization"},"potentialAction":[{"@type":"SearchAction","target":{"@type":"EntryPoint","urlTemplate":"https:\/\/www.szexshopbelvaros.com\/?s={search_term_string}"},"query-input":{"@type":"PropertyValueSpecification","valueRequired":true,"valueName":"search_term_string"}}],"inLanguage":"en-US"},{"@type":"Organization","@id":"https:\/\/www.szexshopbelvaros.com\/#organization","name":"at our Szexshop Belv\u00e1ros","alternateName":"szexshopbelvaros.com","url":"https:\/\/www.szexshopbelvaros.com\/","logo":{"@type":"ImageObject","inLanguage":"en-US","@id":"https:\/\/www.szexshopbelvaros.com\/#\/schema\/logo\/image\/","url":"https:\/\/www.szexshopbelvaros.com\/wp-content\/uploads\/2025\/09\/1Szexshopbelvaroslogo_blurred_stronger.jpg","contentUrl":"https:\/\/www.szexshopbelvaros.com\/wp-content\/uploads\/2025\/09\/1Szexshopbelvaroslogo_blurred_stronger.jpg","width":1024,"height":1024,"caption":"Szexshop Belv\u00e1ros"},"image":{"@id":"https:\/\/www.szexshopbelvaros.com\/#\/schema\/logo\/image\/"},"sameAs":["https:\/\/www.facebook.com\/belvarossecrets\/","https:\/\/x.com\/belvarossecrets","https:\/\/www.instagram.com\/belvarossecrets\/","https:\/\/www.tiktok.com\/@belvarossecrets"]}]}},"_links":{"self":[{"href":"https:\/\/www.szexshopbelvaros.com\/en\/wp-json\/wp\/v2\/product\/428","targetHints":{"allow":["GET"]}}],"collection":[{"href":"https:\/\/www.szexshopbelvaros.com\/en\/wp-json\/wp\/v2\/product"}],"about":[{"href":"https:\/\/www.szexshopbelvaros.com\/en\/wp-json\/wp\/v2\/types\/product"}],"replies":[{"embeddable":true,"href":"https:\/\/www.szexshopbelvaros.com\/en\/wp-json\/wp\/v2\/comments?post=428"}],"wp:featuredmedia":[{"embeddable":true,"href":"https:\/\/www.szexshopbelvaros.com\/en\/wp-json\/wp\/v2\/media\/429"}],"wp:attachment":[{"href":"https:\/\/www.szexshopbelvaros.com\/en\/wp-json\/wp\/v2\/media?parent=428"}],"wp:term":[{"taxonomy":"product_brand","embeddable":true,"href":"https:\/\/www.szexshopbelvaros.com\/en\/wp-json\/wp\/v2\/product_brand?post=428"},{"taxonomy":"product_cat","embeddable":true,"href":"https:\/\/www.szexshopbelvaros.com\/en\/wp-json\/wp\/v2\/product_cat?post=428"},{"taxonomy":"product_tag","embeddable":true,"href":"https:\/\/www.szexshopbelvaros.com\/en\/wp-json\/wp\/v2\/product_tag?post=428"}],"curies":[{"name":"wp","href":"https:\/\/api.w.org\/{rel}","templated":true}]}}