{"id":432,"date":"2025-01-31T14:39:59","date_gmt":"2025-01-31T13:39:59","guid":{"rendered":"https:\/\/www.szexshopbelvaros.com\/termek\/ro-80-mm-rainbow\/"},"modified":"2026-02-19T16:46:49","modified_gmt":"2026-02-19T15:46:49","slug":"ro-80-mm-rainbow","status":"publish","type":"product","link":"https:\/\/www.szexshopbelvaros.com\/en\/product\/ro-80-mm-rainbow\/","title":{"rendered":"RO-80 mm Rainbow Vibrator"},"content":{"rendered":"<p>Made of hypoallergenic material, slim, silky shiny, decorated with special colors, with 7 vibration functions, easy to use, recommended for beginners, waterproof mini vibrator.<br \/>\nCleaning: Wash with warm soapy water and tool cleaner before and after each use. Water-based lubricant recommended.<br \/>\nMaterial ABS<br \/>\nDiameter (cm) 1.6<br \/>\nBattery 1 x LR1<br \/>\nLength (cm) 8<br \/>\nSpecial feature waterproof<br \/>\nColor Multicolor<\/p>\n<p>&nbsp;<\/p>","protected":false},"excerpt":{"rendered":"<p>Hipoallerg\u00e9n anyagb\u00f3l k\u00e9sz\u00edtett, karcs\u00fa, selymesen f\u00e9nyl\u0151, k\u00fcl\u00f6nleges sz\u00ednekkel d\u00edsz\u00edtett, 7 rezg\u00e9si funkci\u00f3val rendelkez\u0151, k\u00f6nnyen kezelhet\u0151, kezd\u0151knek is aj\u00e1nlott, v\u00edz\u00e1ll\u00f3 minivibr\u00e1tor. Tisz\u00edt\u00e1sa : minden haszn\u00e1lat el\u0151tt \u00e9s minden haszn\u00e1lat ut\u00e1n langyos szappanos v\u00edzzel \u00e9s seg\u00e9deszk\u00f6z tiszt\u00edt\u00f3val kell lemosni. V\u00edzb\u00e1zis\u00fa s\u00edkos\u00edt\u00f3 javasolt. Anyag ABS \u00c1tm\u00e9r\u0151 (cm) 1,6 Elem 1 x LR1 Hossz (cm) 8 Speci\u00e1lis jellemz\u0151 viz\u00e1ll\u00f3 [&#8230;]\n","protected":false},"featured_media":433,"comment_status":"closed","ping_status":"closed","template":"","meta":[],"product_brand":[],"product_cat":[170,99,136],"product_tag":[398,2184,2108,2105,2103,2100,389,2182,1192,1318,2185,2107,2104,2180,2179,2181,2178,2102,2110,2101,322,220,2109,2106,384,2183],"class_list":{"0":"post-432","1":"product","2":"type-product","3":"status-publish","4":"has-post-thumbnail","6":"product_cat-mini-vibrator","7":"product_cat-noknek","8":"product_cat-vibratorok","9":"product_tag-adult-toy","10":"product_tag-adult-toy-for-women","11":"product_tag-compact-vibrator","12":"product_tag-diszkret-vibrator","13":"product_tag-electric-stimulator","14":"product_tag-elektromos-jatek","15":"product_tag-felnott-jatek","16":"product_tag-female-sex-toy","17":"product_tag-intim-jatek","18":"product_tag-intimate-toy","19":"product_tag-intimate-toy-for-women","20":"product_tag-kis-meretu-jatek","21":"product_tag-mini-vibrator","22":"product_tag-noi-elvezet","23":"product_tag-noi-intim-jatek","24":"product_tag-noi-kiegeszito","25":"product_tag-noi-szexjatek","26":"product_tag-pleasure-device","27":"product_tag-small-vibrator","28":"product_tag-stimulacio","29":"product_tag-szexjatek","30":"product_tag-szexshop-belvaros","31":"product_tag-travel-vibrator","32":"product_tag-utazo-vibrator","33":"product_tag-vibrator","34":"product_tag-womens-pleasure","36":"first","37":"instock","38":"taxable","39":"shipping-taxable","40":"purchasable","41":"product-type-simple"},"yoast_head":"<!-- This site is optimized with the Yoast SEO plugin v27.4 - https:\/\/yoast.com\/product\/yoast-seo-wordpress\/ -->\n<title>RO-80 mm Rainbow Vibrator - Szexshop Belvaros<\/title>\n<meta name=\"robots\" content=\"index, follow, max-snippet:-1, max-image-preview:large, max-video-preview:-1\" \/>\n<link rel=\"canonical\" href=\"https:\/\/www.szexshopbelvaros.com\/en\/product\/ro-80-mm-rainbow\/\" \/>\n<meta property=\"og:locale\" content=\"en_US\" \/>\n<meta property=\"og:type\" content=\"article\" \/>\n<meta property=\"og:title\" content=\"RO-80 mm Rainbow Vibrator - Szexshop Belvaros\" \/>\n<meta property=\"og:description\" content=\"Hipoallerg\u00e9n anyagb\u00f3l k\u00e9sz\u00edtett, karcs\u00fa, selymesen f\u00e9nyl\u0151, k\u00fcl\u00f6nleges sz\u00ednekkel d\u00edsz\u00edtett, 7 rezg\u00e9si funkci\u00f3val rendelkez\u0151, k\u00f6nnyen kezelhet\u0151, kezd\u0151knek is aj\u00e1nlott, v\u00edz\u00e1ll\u00f3 minivibr\u00e1tor. Tisz\u00edt\u00e1sa : minden haszn\u00e1lat el\u0151tt \u00e9s minden haszn\u00e1lat ut\u00e1n langyos szappanos v\u00edzzel \u00e9s seg\u00e9deszk\u00f6z tiszt\u00edt\u00f3val kell lemosni. V\u00edzb\u00e1zis\u00fa s\u00edkos\u00edt\u00f3 javasolt. Anyag ABS \u00c1tm\u00e9r\u0151 (cm) 1,6 Elem 1 x LR1 Hossz (cm) 8 Speci\u00e1lis jellemz\u0151 viz\u00e1ll\u00f3 [...]\" \/>\n<meta property=\"og:url\" content=\"https:\/\/www.szexshopbelvaros.com\/en\/product\/ro-80-mm-rainbow\/\" \/>\n<meta property=\"og:site_name\" content=\"Szexshop Belvaros\" \/>\n<meta property=\"article:publisher\" content=\"https:\/\/www.facebook.com\/belvarossecrets\/\" \/>\n<meta property=\"article:modified_time\" content=\"2026-02-19T15:46:49+00:00\" \/>\n<meta property=\"og:image\" content=\"https:\/\/www.szexshopbelvaros.com\/wp-content\/uploads\/2025\/01\/7731c2ea-f8c0-11ee-afe3-126f8df4afb0_24092_1000x1000.jpg\" \/>\n\t<meta property=\"og:image:width\" content=\"1200\" \/>\n\t<meta property=\"og:image:height\" content=\"675\" \/>\n\t<meta property=\"og:image:type\" content=\"image\/jpeg\" \/>\n<meta name=\"twitter:card\" content=\"summary_large_image\" \/>\n<meta name=\"twitter:site\" content=\"@belvarossecrets\" \/>\n<meta name=\"twitter:label1\" content=\"Est. reading time\" \/>\n\t<meta name=\"twitter:data1\" content=\"1 minute\" \/>\n<script type=\"application\/ld+json\" class=\"yoast-schema-graph\">{\"@context\":\"https:\\\/\\\/schema.org\",\"@graph\":[{\"@type\":\"WebPage\",\"@id\":\"https:\\\/\\\/www.szexshopbelvaros.com\\\/termek\\\/ro-80-mm-rainbow\\\/\",\"url\":\"https:\\\/\\\/www.szexshopbelvaros.com\\\/termek\\\/ro-80-mm-rainbow\\\/\",\"name\":\"RO-80 mm Rainbow Vibrator - Szexshop Belvaros\",\"isPartOf\":{\"@id\":\"https:\\\/\\\/www.szexshopbelvaros.com\\\/#website\"},\"primaryImageOfPage\":{\"@id\":\"https:\\\/\\\/www.szexshopbelvaros.com\\\/termek\\\/ro-80-mm-rainbow\\\/#primaryimage\"},\"image\":{\"@id\":\"https:\\\/\\\/www.szexshopbelvaros.com\\\/termek\\\/ro-80-mm-rainbow\\\/#primaryimage\"},\"thumbnailUrl\":\"https:\\\/\\\/www.szexshopbelvaros.com\\\/wp-content\\\/uploads\\\/2025\\\/01\\\/7731c2ea-f8c0-11ee-afe3-126f8df4afb0_24092_1000x1000.jpg\",\"datePublished\":\"2025-01-31T13:39:59+00:00\",\"dateModified\":\"2026-02-19T15:46:49+00:00\",\"breadcrumb\":{\"@id\":\"https:\\\/\\\/www.szexshopbelvaros.com\\\/termek\\\/ro-80-mm-rainbow\\\/#breadcrumb\"},\"inLanguage\":\"en-US\",\"potentialAction\":[{\"@type\":\"ReadAction\",\"target\":[\"https:\\\/\\\/www.szexshopbelvaros.com\\\/termek\\\/ro-80-mm-rainbow\\\/\"]}]},{\"@type\":\"ImageObject\",\"inLanguage\":\"en-US\",\"@id\":\"https:\\\/\\\/www.szexshopbelvaros.com\\\/termek\\\/ro-80-mm-rainbow\\\/#primaryimage\",\"url\":\"https:\\\/\\\/www.szexshopbelvaros.com\\\/wp-content\\\/uploads\\\/2025\\\/01\\\/7731c2ea-f8c0-11ee-afe3-126f8df4afb0_24092_1000x1000.jpg\",\"contentUrl\":\"https:\\\/\\\/www.szexshopbelvaros.com\\\/wp-content\\\/uploads\\\/2025\\\/01\\\/7731c2ea-f8c0-11ee-afe3-126f8df4afb0_24092_1000x1000.jpg\",\"width\":1200,\"height\":675},{\"@type\":\"BreadcrumbList\",\"@id\":\"https:\\\/\\\/www.szexshopbelvaros.com\\\/termek\\\/ro-80-mm-rainbow\\\/#breadcrumb\",\"itemListElement\":[{\"@type\":\"ListItem\",\"position\":1,\"name\":\"Home\",\"item\":\"https:\\\/\\\/www.szexshopbelvaros.com\\\/\"},{\"@type\":\"ListItem\",\"position\":2,\"name\":\"\u00c1ruh\u00e1z\",\"item\":\"https:\\\/\\\/www.szexshopbelvaros.com\\\/uzlet\\\/\"},{\"@type\":\"ListItem\",\"position\":3,\"name\":\"RO-80 mm Rainbow Vibrator\"}]},{\"@type\":\"WebSite\",\"@id\":\"https:\\\/\\\/www.szexshopbelvaros.com\\\/#website\",\"url\":\"https:\\\/\\\/www.szexshopbelvaros.com\\\/\",\"name\":\"Szexshop Belv\u00e1ros\",\"description\":\"\ud83d\udd25 A szex olyan, mint a p\u00e9nz; csak a t\u00fal sok el\u00e9g!\u2122 Titkok a belv\u00e1rosb\u00f3l \ud83d\udc8b | Secrets from Budapest \ud83d\udc8e Feln\u0151tt j\u00e1t\u00e9kok \u2022 Erotika \u2022 Szexshop Belvaros\",\"publisher\":{\"@id\":\"https:\\\/\\\/www.szexshopbelvaros.com\\\/#organization\"},\"potentialAction\":[{\"@type\":\"SearchAction\",\"target\":{\"@type\":\"EntryPoint\",\"urlTemplate\":\"https:\\\/\\\/www.szexshopbelvaros.com\\\/?s={search_term_string}\"},\"query-input\":{\"@type\":\"PropertyValueSpecification\",\"valueRequired\":true,\"valueName\":\"search_term_string\"}}],\"inLanguage\":\"en-US\"},{\"@type\":\"Organization\",\"@id\":\"https:\\\/\\\/www.szexshopbelvaros.com\\\/#organization\",\"name\":\"Szexshop Belv\u00e1ros\",\"alternateName\":\"szexshopbelvaros.com\",\"url\":\"https:\\\/\\\/www.szexshopbelvaros.com\\\/\",\"logo\":{\"@type\":\"ImageObject\",\"inLanguage\":\"en-US\",\"@id\":\"https:\\\/\\\/www.szexshopbelvaros.com\\\/#\\\/schema\\\/logo\\\/image\\\/\",\"url\":\"https:\\\/\\\/www.szexshopbelvaros.com\\\/wp-content\\\/uploads\\\/2025\\\/09\\\/1Szexshopbelvaroslogo_blurred_stronger.jpg\",\"contentUrl\":\"https:\\\/\\\/www.szexshopbelvaros.com\\\/wp-content\\\/uploads\\\/2025\\\/09\\\/1Szexshopbelvaroslogo_blurred_stronger.jpg\",\"width\":1024,\"height\":1024,\"caption\":\"Szexshop Belv\u00e1ros\"},\"image\":{\"@id\":\"https:\\\/\\\/www.szexshopbelvaros.com\\\/#\\\/schema\\\/logo\\\/image\\\/\"},\"sameAs\":[\"https:\\\/\\\/www.facebook.com\\\/belvarossecrets\\\/\",\"https:\\\/\\\/x.com\\\/belvarossecrets\",\"https:\\\/\\\/www.instagram.com\\\/belvarossecrets\\\/\",\"https:\\\/\\\/www.tiktok.com\\\/@belvarossecrets\"]}]}<\/script>\n<!-- \/ Yoast SEO plugin. -->","yoast_head_json":{"title":"RO-80 mm Rainbow Vibrator - Sexshop Belvaros","robots":{"index":"index","follow":"follow","max-snippet":"max-snippet:-1","max-image-preview":"max-image-preview:large","max-video-preview":"max-video-preview:-1"},"canonical":"https:\/\/www.szexshopbelvaros.com\/en\/product\/ro-80-mm-rainbow\/","og_locale":"en_US","og_type":"article","og_title":"RO-80 mm Rainbow Vibrator - Szexshop Belvaros","og_description":"Hipoallerg\u00e9n anyagb\u00f3l k\u00e9sz\u00edtett, karcs\u00fa, selymesen f\u00e9nyl\u0151, k\u00fcl\u00f6nleges sz\u00ednekkel d\u00edsz\u00edtett, 7 rezg\u00e9si funkci\u00f3val rendelkez\u0151, k\u00f6nnyen kezelhet\u0151, kezd\u0151knek is aj\u00e1nlott, v\u00edz\u00e1ll\u00f3 minivibr\u00e1tor. Tisz\u00edt\u00e1sa : minden haszn\u00e1lat el\u0151tt \u00e9s minden haszn\u00e1lat ut\u00e1n langyos szappanos v\u00edzzel \u00e9s seg\u00e9deszk\u00f6z tiszt\u00edt\u00f3val kell lemosni. V\u00edzb\u00e1zis\u00fa s\u00edkos\u00edt\u00f3 javasolt. Anyag ABS \u00c1tm\u00e9r\u0151 (cm) 1,6 Elem 1 x LR1 Hossz (cm) 8 Speci\u00e1lis jellemz\u0151 viz\u00e1ll\u00f3 [...]","og_url":"https:\/\/www.szexshopbelvaros.com\/en\/product\/ro-80-mm-rainbow\/","og_site_name":"Szexshop Belvaros","article_publisher":"https:\/\/www.facebook.com\/belvarossecrets\/","article_modified_time":"2026-02-19T15:46:49+00:00","og_image":[{"width":1200,"height":675,"url":"https:\/\/www.szexshopbelvaros.com\/wp-content\/uploads\/2025\/01\/7731c2ea-f8c0-11ee-afe3-126f8df4afb0_24092_1000x1000.jpg","type":"image\/jpeg"}],"twitter_card":"summary_large_image","twitter_site":"@belvarossecrets","twitter_misc":{"Est. reading time":"1 minute"},"schema":{"@context":"https:\/\/schema.org","@graph":[{"@type":"WebPage","@id":"https:\/\/www.szexshopbelvaros.com\/termek\/ro-80-mm-rainbow\/","url":"https:\/\/www.szexshopbelvaros.com\/termek\/ro-80-mm-rainbow\/","name":"RO-80 mm Rainbow Vibrator - Sexshop Belvaros","isPartOf":{"@id":"https:\/\/www.szexshopbelvaros.com\/#website"},"primaryImageOfPage":{"@id":"https:\/\/www.szexshopbelvaros.com\/termek\/ro-80-mm-rainbow\/#primaryimage"},"image":{"@id":"https:\/\/www.szexshopbelvaros.com\/termek\/ro-80-mm-rainbow\/#primaryimage"},"thumbnailUrl":"https:\/\/www.szexshopbelvaros.com\/wp-content\/uploads\/2025\/01\/7731c2ea-f8c0-11ee-afe3-126f8df4afb0_24092_1000x1000.jpg","datePublished":"2025-01-31T13:39:59+00:00","dateModified":"2026-02-19T15:46:49+00:00","breadcrumb":{"@id":"https:\/\/www.szexshopbelvaros.com\/termek\/ro-80-mm-rainbow\/#breadcrumb"},"inLanguage":"en-US","potentialAction":[{"@type":"ReadAction","target":["https:\/\/www.szexshopbelvaros.com\/termek\/ro-80-mm-rainbow\/"]}]},{"@type":"ImageObject","inLanguage":"en-US","@id":"https:\/\/www.szexshopbelvaros.com\/termek\/ro-80-mm-rainbow\/#primaryimage","url":"https:\/\/www.szexshopbelvaros.com\/wp-content\/uploads\/2025\/01\/7731c2ea-f8c0-11ee-afe3-126f8df4afb0_24092_1000x1000.jpg","contentUrl":"https:\/\/www.szexshopbelvaros.com\/wp-content\/uploads\/2025\/01\/7731c2ea-f8c0-11ee-afe3-126f8df4afb0_24092_1000x1000.jpg","width":1200,"height":675},{"@type":"BreadcrumbList","@id":"https:\/\/www.szexshopbelvaros.com\/termek\/ro-80-mm-rainbow\/#breadcrumb","itemListElement":[{"@type":"ListItem","position":1,"name":"Home","item":"https:\/\/www.szexshopbelvaros.com\/"},{"@type":"ListItem","position":2,"name":"\u00c1ruh\u00e1z","item":"https:\/\/www.szexshopbelvaros.com\/uzlet\/"},{"@type":"ListItem","position":3,"name":"RO-80 mm Rainbow Vibrator"}]},{"@type":"WebSite","@id":"https:\/\/www.szexshopbelvaros.com\/#website","url":"https:\/\/www.szexshopbelvaros.com\/","name":"at our Szexshop Belv\u00e1ros","description":"\ud83d\udd25 Sex is like money; only too much is enough!\u2122 Secrets from the city center \ud83d\udc8b | Secrets from Budapest \ud83d\udc8e Adult games \u2022 Erotica \u2022 Sex shop Belvaros","publisher":{"@id":"https:\/\/www.szexshopbelvaros.com\/#organization"},"potentialAction":[{"@type":"SearchAction","target":{"@type":"EntryPoint","urlTemplate":"https:\/\/www.szexshopbelvaros.com\/?s={search_term_string}"},"query-input":{"@type":"PropertyValueSpecification","valueRequired":true,"valueName":"search_term_string"}}],"inLanguage":"en-US"},{"@type":"Organization","@id":"https:\/\/www.szexshopbelvaros.com\/#organization","name":"at our Szexshop Belv\u00e1ros","alternateName":"szexshopbelvaros.com","url":"https:\/\/www.szexshopbelvaros.com\/","logo":{"@type":"ImageObject","inLanguage":"en-US","@id":"https:\/\/www.szexshopbelvaros.com\/#\/schema\/logo\/image\/","url":"https:\/\/www.szexshopbelvaros.com\/wp-content\/uploads\/2025\/09\/1Szexshopbelvaroslogo_blurred_stronger.jpg","contentUrl":"https:\/\/www.szexshopbelvaros.com\/wp-content\/uploads\/2025\/09\/1Szexshopbelvaroslogo_blurred_stronger.jpg","width":1024,"height":1024,"caption":"Szexshop Belv\u00e1ros"},"image":{"@id":"https:\/\/www.szexshopbelvaros.com\/#\/schema\/logo\/image\/"},"sameAs":["https:\/\/www.facebook.com\/belvarossecrets\/","https:\/\/x.com\/belvarossecrets","https:\/\/www.instagram.com\/belvarossecrets\/","https:\/\/www.tiktok.com\/@belvarossecrets"]}]}},"_links":{"self":[{"href":"https:\/\/www.szexshopbelvaros.com\/en\/wp-json\/wp\/v2\/product\/432","targetHints":{"allow":["GET"]}}],"collection":[{"href":"https:\/\/www.szexshopbelvaros.com\/en\/wp-json\/wp\/v2\/product"}],"about":[{"href":"https:\/\/www.szexshopbelvaros.com\/en\/wp-json\/wp\/v2\/types\/product"}],"replies":[{"embeddable":true,"href":"https:\/\/www.szexshopbelvaros.com\/en\/wp-json\/wp\/v2\/comments?post=432"}],"wp:featuredmedia":[{"embeddable":true,"href":"https:\/\/www.szexshopbelvaros.com\/en\/wp-json\/wp\/v2\/media\/433"}],"wp:attachment":[{"href":"https:\/\/www.szexshopbelvaros.com\/en\/wp-json\/wp\/v2\/media?parent=432"}],"wp:term":[{"taxonomy":"product_brand","embeddable":true,"href":"https:\/\/www.szexshopbelvaros.com\/en\/wp-json\/wp\/v2\/product_brand?post=432"},{"taxonomy":"product_cat","embeddable":true,"href":"https:\/\/www.szexshopbelvaros.com\/en\/wp-json\/wp\/v2\/product_cat?post=432"},{"taxonomy":"product_tag","embeddable":true,"href":"https:\/\/www.szexshopbelvaros.com\/en\/wp-json\/wp\/v2\/product_tag?post=432"}],"curies":[{"name":"wp","href":"https:\/\/api.w.org\/{rel}","templated":true}]}}