{"id":456,"date":"2025-01-31T14:40:45","date_gmt":"2025-01-31T13:40:45","guid":{"rendered":"https:\/\/www.szexshopbelvaros.com\/termek\/double-joy-violet\/"},"modified":"2026-03-20T09:03:50","modified_gmt":"2026-03-20T08:03:50","slug":"double-joy-violet","status":"publish","type":"product","link":"https:\/\/www.szexshopbelvaros.com\/en\/product\/double-joy-violet\/","title":{"rendered":"Double Joy (Violet)"},"content":{"rendered":"<p>Premium quality, smartphone-controlled, ergonomically designed so-called couples vibrator with the award-winning Satisfyer Connect app. The couples vibrator can also be used during intercourse, as the lower shaft is narrower, so the penis can be inserted freely. It has 10 vibration functions, but with the help of the app you can create unique vibration and air wave functions, either from musical rhythms (e.g. Spotify), your own or your partner&#039;s voice or environmental noises, which can also be shared with others. You can also initiate a secure video chat connection, so your partner can control the device while they can see each other. The device is equipped with two powerful motors, so the clitoris and g-spot can be stimulated simultaneously.<br \/>\nCleaning: Wash with warm soapy water and tool cleaner before and after each use. Water-based lubricant recommended.<br \/>\nDiameter (cm) 2.6;4.8<br \/>\nBattery Rechargeable<br \/>\nLength (cm) 8<br \/>\nColor Purple<br \/>\nMaterial ABS, Silicone<br \/>\nSpecial feature waterproof, app-controlled<\/p>\n<p>&nbsp;<\/p>","protected":false},"excerpt":{"rendered":"<p>Pr\u00e9mium min\u0151s\u00e9g\u0171, okostelefonr\u00f3l is ir\u00e1ny\u00edthat\u00f3, ergon\u00f3miailag kialak\u00edtott \u00fan. p\u00e1rvibr\u00e1tor a d\u00edjnyertes Satisfyer Connect alkalmaz\u00e1ssal. A p\u00e1rvibr\u00e1tor aktus k\u00f6zben is haszn\u00e1lhat\u00f3, ugyanis az als\u00f3 sz\u00e1r keskenyebb, \u00edgy a h\u00edmvessz\u0151 szabadon behelyezhet\u0151. 10 rezg\u00e9si funkci\u00f3val rendelkezik, de az applik\u00e1ci\u00f3 seg\u00edts\u00e9g\u00e9vel egyedi rezg\u00e9si \u00e9s l\u00e9ghull\u00e1mos funkci\u00f3kat lehet alkotni, ak\u00e1r zenei ritmusb\u00f3l (pl. Spotify), saj\u00e1t vagy p\u00e1runk hangj\u00e1b\u00f3l vagy [&#8230;]\n","protected":false},"featured_media":2908,"comment_status":"closed","ping_status":"closed","template":"","meta":[],"product_brand":[51],"product_cat":[56,172,108],"product_tag":[398,2145,1337,2121,1325,2165,2144,559,2163,2161,2164,2103,2100,389,1192,2143,1318,2160,2142,1323,707,2162,552,1226,1236,2102,636,1238,1346,2101,322,220,2122,1384,2141,384],"class_list":{"0":"post-456","1":"product","2":"type-product","3":"status-publish","4":"has-post-thumbnail","6":"product_brand-satisfyer","7":"product_cat-okos-vibratorok","8":"product_cat-paroknak-vibrator","9":"product_cat-paroknak-uniszex","10":"product_tag-adult-toy","11":"product_tag-adult-toy-for-couples","12":"product_tag-app-controlled-vibrator","13":"product_tag-app-vezerelt-vibrator","14":"product_tag-bluetooth-vibrator","15":"product_tag-clitoral-and-g-spot","16":"product_tag-couples-pleasure","17":"product_tag-couples-toy","18":"product_tag-couples-vibrator","19":"product_tag-csiklo-es-g-pont-izgatasa","20":"product_tag-dual-stimulation","21":"product_tag-electric-stimulator","22":"product_tag-elektromos-jatek","23":"product_tag-felnott-jatek","24":"product_tag-intim-jatek","25":"product_tag-intim-jatek-paroknak","26":"product_tag-intimate-toy","27":"product_tag-kettes-vibrator","28":"product_tag-kozos-elmeny","29":"product_tag-okos-vibrator","30":"product_tag-paroknak","31":"product_tag-paros-elvezet","32":"product_tag-paros-jatek","33":"product_tag-paros-vibrator","34":"product_tag-partner-vibrator","35":"product_tag-pleasure-device","36":"product_tag-remote-control-vibrator","37":"product_tag-shared-pleasure","38":"product_tag-smart-vibrator","39":"product_tag-stimulacio","40":"product_tag-szexjatek","41":"product_tag-szexshop-belvaros","42":"product_tag-tavvezerleses-jatek","43":"product_tag-unisex-sex-toy","44":"product_tag-uniszex-szexjatek","45":"product_tag-vibrator","47":"first","48":"instock","49":"taxable","50":"shipping-taxable","51":"purchasable","52":"product-type-simple"},"yoast_head":"<!-- This site is optimized with the Yoast SEO plugin v27.4 - https:\/\/yoast.com\/product\/yoast-seo-wordpress\/ -->\n<title>Double Joy (Violet) - Szexshop Belvaros<\/title>\n<meta name=\"robots\" content=\"index, follow, max-snippet:-1, max-image-preview:large, max-video-preview:-1\" \/>\n<link rel=\"canonical\" href=\"https:\/\/www.szexshopbelvaros.com\/en\/product\/double-joy-violet\/\" \/>\n<meta property=\"og:locale\" content=\"en_US\" \/>\n<meta property=\"og:type\" content=\"article\" \/>\n<meta property=\"og:title\" content=\"Double Joy (Violet) - Szexshop Belvaros\" \/>\n<meta property=\"og:description\" content=\"Pr\u00e9mium min\u0151s\u00e9g\u0171, okostelefonr\u00f3l is ir\u00e1ny\u00edthat\u00f3, ergon\u00f3miailag kialak\u00edtott \u00fan. p\u00e1rvibr\u00e1tor a d\u00edjnyertes Satisfyer Connect alkalmaz\u00e1ssal. A p\u00e1rvibr\u00e1tor aktus k\u00f6zben is haszn\u00e1lhat\u00f3, ugyanis az als\u00f3 sz\u00e1r keskenyebb, \u00edgy a h\u00edmvessz\u0151 szabadon behelyezhet\u0151. 10 rezg\u00e9si funkci\u00f3val rendelkezik, de az applik\u00e1ci\u00f3 seg\u00edts\u00e9g\u00e9vel egyedi rezg\u00e9si \u00e9s l\u00e9ghull\u00e1mos funkci\u00f3kat lehet alkotni, ak\u00e1r zenei ritmusb\u00f3l (pl. Spotify), saj\u00e1t vagy p\u00e1runk hangj\u00e1b\u00f3l vagy [...]\" \/>\n<meta property=\"og:url\" content=\"https:\/\/www.szexshopbelvaros.com\/en\/product\/double-joy-violet\/\" \/>\n<meta property=\"og:site_name\" content=\"Szexshop Belvaros\" \/>\n<meta property=\"article:publisher\" content=\"https:\/\/www.facebook.com\/belvarossecrets\/\" \/>\n<meta property=\"article:modified_time\" content=\"2026-03-20T08:03:50+00:00\" \/>\n<meta property=\"og:image\" content=\"https:\/\/www.szexshopbelvaros.com\/wp-content\/uploads\/2025\/01\/69bcfd79926ac82ee23d4a22-scaled.png\" \/>\n\t<meta property=\"og:image:width\" content=\"2560\" \/>\n\t<meta property=\"og:image:height\" content=\"1440\" \/>\n\t<meta property=\"og:image:type\" content=\"image\/png\" \/>\n<meta name=\"twitter:card\" content=\"summary_large_image\" \/>\n<meta name=\"twitter:site\" content=\"@belvarossecrets\" \/>\n<meta name=\"twitter:label1\" content=\"Est. reading time\" \/>\n\t<meta name=\"twitter:data1\" content=\"1 minute\" \/>\n<script type=\"application\/ld+json\" class=\"yoast-schema-graph\">{\"@context\":\"https:\\\/\\\/schema.org\",\"@graph\":[{\"@type\":\"WebPage\",\"@id\":\"https:\\\/\\\/www.szexshopbelvaros.com\\\/termek\\\/double-joy-violet\\\/\",\"url\":\"https:\\\/\\\/www.szexshopbelvaros.com\\\/termek\\\/double-joy-violet\\\/\",\"name\":\"Double Joy (Violet) - Szexshop Belvaros\",\"isPartOf\":{\"@id\":\"https:\\\/\\\/www.szexshopbelvaros.com\\\/#website\"},\"primaryImageOfPage\":{\"@id\":\"https:\\\/\\\/www.szexshopbelvaros.com\\\/termek\\\/double-joy-violet\\\/#primaryimage\"},\"image\":{\"@id\":\"https:\\\/\\\/www.szexshopbelvaros.com\\\/termek\\\/double-joy-violet\\\/#primaryimage\"},\"thumbnailUrl\":\"https:\\\/\\\/www.szexshopbelvaros.com\\\/wp-content\\\/uploads\\\/2025\\\/01\\\/69bcfd79926ac82ee23d4a22-scaled.png\",\"datePublished\":\"2025-01-31T13:40:45+00:00\",\"dateModified\":\"2026-03-20T08:03:50+00:00\",\"breadcrumb\":{\"@id\":\"https:\\\/\\\/www.szexshopbelvaros.com\\\/termek\\\/double-joy-violet\\\/#breadcrumb\"},\"inLanguage\":\"en-US\",\"potentialAction\":[{\"@type\":\"ReadAction\",\"target\":[\"https:\\\/\\\/www.szexshopbelvaros.com\\\/termek\\\/double-joy-violet\\\/\"]}]},{\"@type\":\"ImageObject\",\"inLanguage\":\"en-US\",\"@id\":\"https:\\\/\\\/www.szexshopbelvaros.com\\\/termek\\\/double-joy-violet\\\/#primaryimage\",\"url\":\"https:\\\/\\\/www.szexshopbelvaros.com\\\/wp-content\\\/uploads\\\/2025\\\/01\\\/69bcfd79926ac82ee23d4a22-scaled.png\",\"contentUrl\":\"https:\\\/\\\/www.szexshopbelvaros.com\\\/wp-content\\\/uploads\\\/2025\\\/01\\\/69bcfd79926ac82ee23d4a22-scaled.png\",\"width\":2560,\"height\":1440},{\"@type\":\"BreadcrumbList\",\"@id\":\"https:\\\/\\\/www.szexshopbelvaros.com\\\/termek\\\/double-joy-violet\\\/#breadcrumb\",\"itemListElement\":[{\"@type\":\"ListItem\",\"position\":1,\"name\":\"Home\",\"item\":\"https:\\\/\\\/www.szexshopbelvaros.com\\\/\"},{\"@type\":\"ListItem\",\"position\":2,\"name\":\"\u00c1ruh\u00e1z\",\"item\":\"https:\\\/\\\/www.szexshopbelvaros.com\\\/uzlet\\\/\"},{\"@type\":\"ListItem\",\"position\":3,\"name\":\"Double Joy (Violet)\"}]},{\"@type\":\"WebSite\",\"@id\":\"https:\\\/\\\/www.szexshopbelvaros.com\\\/#website\",\"url\":\"https:\\\/\\\/www.szexshopbelvaros.com\\\/\",\"name\":\"Szexshop Belv\u00e1ros\",\"description\":\"\ud83d\udd25 A szex olyan, mint a p\u00e9nz; csak a t\u00fal sok el\u00e9g!\u2122 Titkok a belv\u00e1rosb\u00f3l \ud83d\udc8b | Secrets from Budapest \ud83d\udc8e Feln\u0151tt j\u00e1t\u00e9kok \u2022 Erotika \u2022 Szexshop Belvaros\",\"publisher\":{\"@id\":\"https:\\\/\\\/www.szexshopbelvaros.com\\\/#organization\"},\"potentialAction\":[{\"@type\":\"SearchAction\",\"target\":{\"@type\":\"EntryPoint\",\"urlTemplate\":\"https:\\\/\\\/www.szexshopbelvaros.com\\\/?s={search_term_string}\"},\"query-input\":{\"@type\":\"PropertyValueSpecification\",\"valueRequired\":true,\"valueName\":\"search_term_string\"}}],\"inLanguage\":\"en-US\"},{\"@type\":\"Organization\",\"@id\":\"https:\\\/\\\/www.szexshopbelvaros.com\\\/#organization\",\"name\":\"Szexshop Belv\u00e1ros\",\"alternateName\":\"szexshopbelvaros.com\",\"url\":\"https:\\\/\\\/www.szexshopbelvaros.com\\\/\",\"logo\":{\"@type\":\"ImageObject\",\"inLanguage\":\"en-US\",\"@id\":\"https:\\\/\\\/www.szexshopbelvaros.com\\\/#\\\/schema\\\/logo\\\/image\\\/\",\"url\":\"https:\\\/\\\/www.szexshopbelvaros.com\\\/wp-content\\\/uploads\\\/2025\\\/09\\\/1Szexshopbelvaroslogo_blurred_stronger.jpg\",\"contentUrl\":\"https:\\\/\\\/www.szexshopbelvaros.com\\\/wp-content\\\/uploads\\\/2025\\\/09\\\/1Szexshopbelvaroslogo_blurred_stronger.jpg\",\"width\":1024,\"height\":1024,\"caption\":\"Szexshop Belv\u00e1ros\"},\"image\":{\"@id\":\"https:\\\/\\\/www.szexshopbelvaros.com\\\/#\\\/schema\\\/logo\\\/image\\\/\"},\"sameAs\":[\"https:\\\/\\\/www.facebook.com\\\/belvarossecrets\\\/\",\"https:\\\/\\\/x.com\\\/belvarossecrets\",\"https:\\\/\\\/www.instagram.com\\\/belvarossecrets\\\/\",\"https:\\\/\\\/www.tiktok.com\\\/@belvarossecrets\"]}]}<\/script>\n<!-- \/ Yoast SEO plugin. -->","yoast_head_json":{"title":"Double Joy (Violet) - Sex shop Belvaros","robots":{"index":"index","follow":"follow","max-snippet":"max-snippet:-1","max-image-preview":"max-image-preview:large","max-video-preview":"max-video-preview:-1"},"canonical":"https:\/\/www.szexshopbelvaros.com\/en\/product\/double-joy-violet\/","og_locale":"en_US","og_type":"article","og_title":"Double Joy (Violet) - Szexshop Belvaros","og_description":"Pr\u00e9mium min\u0151s\u00e9g\u0171, okostelefonr\u00f3l is ir\u00e1ny\u00edthat\u00f3, ergon\u00f3miailag kialak\u00edtott \u00fan. p\u00e1rvibr\u00e1tor a d\u00edjnyertes Satisfyer Connect alkalmaz\u00e1ssal. A p\u00e1rvibr\u00e1tor aktus k\u00f6zben is haszn\u00e1lhat\u00f3, ugyanis az als\u00f3 sz\u00e1r keskenyebb, \u00edgy a h\u00edmvessz\u0151 szabadon behelyezhet\u0151. 10 rezg\u00e9si funkci\u00f3val rendelkezik, de az applik\u00e1ci\u00f3 seg\u00edts\u00e9g\u00e9vel egyedi rezg\u00e9si \u00e9s l\u00e9ghull\u00e1mos funkci\u00f3kat lehet alkotni, ak\u00e1r zenei ritmusb\u00f3l (pl. Spotify), saj\u00e1t vagy p\u00e1runk hangj\u00e1b\u00f3l vagy [...]","og_url":"https:\/\/www.szexshopbelvaros.com\/en\/product\/double-joy-violet\/","og_site_name":"Szexshop Belvaros","article_publisher":"https:\/\/www.facebook.com\/belvarossecrets\/","article_modified_time":"2026-03-20T08:03:50+00:00","og_image":[{"width":2560,"height":1440,"url":"https:\/\/www.szexshopbelvaros.com\/wp-content\/uploads\/2025\/01\/69bcfd79926ac82ee23d4a22-scaled.png","type":"image\/png"}],"twitter_card":"summary_large_image","twitter_site":"@belvarossecrets","twitter_misc":{"Est. reading time":"1 minute"},"schema":{"@context":"https:\/\/schema.org","@graph":[{"@type":"WebPage","@id":"https:\/\/www.szexshopbelvaros.com\/termek\/double-joy-violet\/","url":"https:\/\/www.szexshopbelvaros.com\/termek\/double-joy-violet\/","name":"Double Joy (Violet) - Sex shop Belvaros","isPartOf":{"@id":"https:\/\/www.szexshopbelvaros.com\/#website"},"primaryImageOfPage":{"@id":"https:\/\/www.szexshopbelvaros.com\/termek\/double-joy-violet\/#primaryimage"},"image":{"@id":"https:\/\/www.szexshopbelvaros.com\/termek\/double-joy-violet\/#primaryimage"},"thumbnailUrl":"https:\/\/www.szexshopbelvaros.com\/wp-content\/uploads\/2025\/01\/69bcfd79926ac82ee23d4a22-scaled.png","datePublished":"2025-01-31T13:40:45+00:00","dateModified":"2026-03-20T08:03:50+00:00","breadcrumb":{"@id":"https:\/\/www.szexshopbelvaros.com\/termek\/double-joy-violet\/#breadcrumb"},"inLanguage":"en-US","potentialAction":[{"@type":"ReadAction","target":["https:\/\/www.szexshopbelvaros.com\/termek\/double-joy-violet\/"]}]},{"@type":"ImageObject","inLanguage":"en-US","@id":"https:\/\/www.szexshopbelvaros.com\/termek\/double-joy-violet\/#primaryimage","url":"https:\/\/www.szexshopbelvaros.com\/wp-content\/uploads\/2025\/01\/69bcfd79926ac82ee23d4a22-scaled.png","contentUrl":"https:\/\/www.szexshopbelvaros.com\/wp-content\/uploads\/2025\/01\/69bcfd79926ac82ee23d4a22-scaled.png","width":2560,"height":1440},{"@type":"BreadcrumbList","@id":"https:\/\/www.szexshopbelvaros.com\/termek\/double-joy-violet\/#breadcrumb","itemListElement":[{"@type":"ListItem","position":1,"name":"Home","item":"https:\/\/www.szexshopbelvaros.com\/"},{"@type":"ListItem","position":2,"name":"\u00c1ruh\u00e1z","item":"https:\/\/www.szexshopbelvaros.com\/uzlet\/"},{"@type":"ListItem","position":3,"name":"Double Joy (Violet)"}]},{"@type":"WebSite","@id":"https:\/\/www.szexshopbelvaros.com\/#website","url":"https:\/\/www.szexshopbelvaros.com\/","name":"at our Szexshop Belv\u00e1ros","description":"\ud83d\udd25 Sex is like money; only too much is enough!\u2122 Secrets from the city center \ud83d\udc8b | Secrets from Budapest \ud83d\udc8e Adult games \u2022 Erotica \u2022 Sex shop Belvaros","publisher":{"@id":"https:\/\/www.szexshopbelvaros.com\/#organization"},"potentialAction":[{"@type":"SearchAction","target":{"@type":"EntryPoint","urlTemplate":"https:\/\/www.szexshopbelvaros.com\/?s={search_term_string}"},"query-input":{"@type":"PropertyValueSpecification","valueRequired":true,"valueName":"search_term_string"}}],"inLanguage":"en-US"},{"@type":"Organization","@id":"https:\/\/www.szexshopbelvaros.com\/#organization","name":"at our Szexshop Belv\u00e1ros","alternateName":"szexshopbelvaros.com","url":"https:\/\/www.szexshopbelvaros.com\/","logo":{"@type":"ImageObject","inLanguage":"en-US","@id":"https:\/\/www.szexshopbelvaros.com\/#\/schema\/logo\/image\/","url":"https:\/\/www.szexshopbelvaros.com\/wp-content\/uploads\/2025\/09\/1Szexshopbelvaroslogo_blurred_stronger.jpg","contentUrl":"https:\/\/www.szexshopbelvaros.com\/wp-content\/uploads\/2025\/09\/1Szexshopbelvaroslogo_blurred_stronger.jpg","width":1024,"height":1024,"caption":"Szexshop Belv\u00e1ros"},"image":{"@id":"https:\/\/www.szexshopbelvaros.com\/#\/schema\/logo\/image\/"},"sameAs":["https:\/\/www.facebook.com\/belvarossecrets\/","https:\/\/x.com\/belvarossecrets","https:\/\/www.instagram.com\/belvarossecrets\/","https:\/\/www.tiktok.com\/@belvarossecrets"]}]}},"_links":{"self":[{"href":"https:\/\/www.szexshopbelvaros.com\/en\/wp-json\/wp\/v2\/product\/456","targetHints":{"allow":["GET"]}}],"collection":[{"href":"https:\/\/www.szexshopbelvaros.com\/en\/wp-json\/wp\/v2\/product"}],"about":[{"href":"https:\/\/www.szexshopbelvaros.com\/en\/wp-json\/wp\/v2\/types\/product"}],"replies":[{"embeddable":true,"href":"https:\/\/www.szexshopbelvaros.com\/en\/wp-json\/wp\/v2\/comments?post=456"}],"wp:featuredmedia":[{"embeddable":true,"href":"https:\/\/www.szexshopbelvaros.com\/en\/wp-json\/wp\/v2\/media\/2908"}],"wp:attachment":[{"href":"https:\/\/www.szexshopbelvaros.com\/en\/wp-json\/wp\/v2\/media?parent=456"}],"wp:term":[{"taxonomy":"product_brand","embeddable":true,"href":"https:\/\/www.szexshopbelvaros.com\/en\/wp-json\/wp\/v2\/product_brand?post=456"},{"taxonomy":"product_cat","embeddable":true,"href":"https:\/\/www.szexshopbelvaros.com\/en\/wp-json\/wp\/v2\/product_cat?post=456"},{"taxonomy":"product_tag","embeddable":true,"href":"https:\/\/www.szexshopbelvaros.com\/en\/wp-json\/wp\/v2\/product_tag?post=456"}],"curies":[{"name":"wp","href":"https:\/\/api.w.org\/{rel}","templated":true}]}}